{"id":47509,"date":"2022-12-02T16:07:43","date_gmt":"2022-12-02T15:07:43","guid":{"rendered":"https:\/\/kgerad.de\/?post_type=product&#038;p=47509"},"modified":"2023-08-10T20:33:01","modified_gmt":"2023-08-10T18:33:01","slug":"aeroe-spider-gepaecktraeger","status":"publish","type":"product","link":"https:\/\/kgerad.de\/en\/product\/aeroe-spider-gepaecktraeger\/","title":{"rendered":"Aeroe Spider Gep\u00e4cktr\u00e4ger"},"content":{"rendered":"<h2 class=\"product--title\"><strong>Aeroe\u00a0<\/strong>Spider Gep\u00e4cktr\u00e4ger<\/h2>\n<p>Der Aeroe Spider Gep\u00e4cktr\u00e4ger ist die Grundeinheit des Aeroe Systems und umfasst eine Cradle Halterung an der ein Drybag oder ein Zelt befestigt werden kann. Der Spider verf\u00fcgt \u00fcber integrierte Riemen zur schnellen Fixierung des Gep\u00e4cks. Mit separat erh\u00e4ltlichen Cradle Halterungen k\u00f6nnen bis zu drei Gep\u00e4ckst\u00fccke am Spider Gep\u00e4cktr\u00e4ger befestigt werden.<\/p>\n<h2>Leicht, roboust und vielseitig: Spider Hinterradgep\u00e4cktr\u00e4ger von Aeroe<\/h2>\n<p>Der Aeroe Spider Gep\u00e4cktr\u00e4ger wurde mit Blick auf Leichtigkeit, Benutzerfreundlichkeit f\u00fcr deine Bike Tour entwickelt. Egal, ob du einen Tag oder drei Wochen unterwegs bist, dieser leichte, aber robuste Gep\u00e4cktr\u00e4ger wurde entwickelt, um deine Bike Tour zu verbessern. Er ist mit jedem Bike kompatibel, einschlie\u00dflich E-Bikes.<\/p>\n<hr \/>\n<h3>Features &#8211; Aeroe Spider Rear Rack<\/h3>\n<p><strong>Ein Hinterradgep\u00e4cktr\u00e4ger f\u00fcr jede Art von Tour<br \/>\n<\/strong>Egal, ob du mit einem E-Bike, Mountainbike oder einem Tourenrad unterwegs bist, der Gep\u00e4cktr\u00e4ger l\u00e4sst sich an jedem Bike befestigen.<\/p>\n<p><strong>In Sekundenschnelle auf- oder abgebaut<\/strong><br \/>\nMit den austauschbaren Cradle Halterungen und Pods kannst du mehr oder weniger mitnehmen &#8211; einfach drehen und einrasten lassen.<\/p>\n<p><strong>Einfach zu bedienen<\/strong><br \/>\nKeine fummeligen Riemen, keine kniffligen Befestigungen, das einfachste und benutzerfreundlichste Gep\u00e4cktr\u00e4gersystem der Welt.<\/p>\n<p><strong>Sicher und doch weich<\/strong><br \/>\nSilikonbeschichtetes Nylon an allen Kontaktpunkten zum Schutz deines Bikes.<\/p>\n<p><strong>Stromlinienf\u00f6rmiges Design<\/strong><br \/>\nEingebaute Riemen sorgen daf\u00fcr, dass deine Ausr\u00fcstung genauso gut aussieht und fuktioniert wie dein Bike.<\/p>\n<p><strong>Stabil<\/strong><br \/>\nKein Schwanken oder Klappern unter den h\u00e4rtesten Bedingungen.<\/p>\n<p><strong>Hochwertige Materialien<\/strong><br \/>\nHergestellt aus den besten Materialien, f\u00fcr eine lange Lebensdauer.<\/p>\n<p><strong>Wasserdicht<\/strong><br \/>\nFahren Sie bei jedem Wetter mit Zuversicht.<\/p>\n<h3>Produkteigenschaften<\/h3>\n<ul>\n<li><strong>Max. Tragf\u00e4higkeit:<\/strong>\u00a016kg (35lbs)<\/li>\n<li><strong>Geeignet f\u00fcr:<\/strong>\u00a0MTB Fully, MTB Hardtail, Gravelbike, E-MTB, Cross<\/li>\n<li><strong>Kompatibilit\u00e4t:<\/strong>\n<ul>\n<li>Spider Cradle f\u00fcr Rear Rack<\/li>\n<li>12L Heavy Duty Dry Bag<\/li>\n<li>8L Heavy Duty Dry Bag<\/li>\n<\/ul>\n<\/li>\n<\/ul>\n<h3>Material<\/h3>\n<ul>\n<li>Rostfreier Stahl<\/li>\n<li>Eloxiertes Aluminium<\/li>\n<li>Glasfaserverst\u00e4rktes Nylon und silikonbeschichtete Gurte<\/li>\n<\/ul>\n<h3>Farbe<\/h3>\n<ul>\n<li>black<\/li>\n<\/ul>\n<h3>Gewicht (Herstellerangabe)<\/h3>\n<ul>\n<li><strong>641g:<\/strong>\u00a0Spider Hinterradgep\u00e4cktr\u00e4ger<\/li>\n<li><strong>979g:<\/strong>\u00a0Spider Hinterradgep\u00e4cktr\u00e4ger mit Halterungen und Gurten<\/li>\n<\/ul>","protected":false},"excerpt":{"rendered":"<p>Aeroe\u00a0Spider Gep\u00e4cktr\u00e4ger Der Aeroe Spider Gep\u00e4cktr\u00e4ger ist die Grundeinheit des Aeroe Systems und umfasst eine Cradle Halterung an der ein<\/p>","protected":false},"featured_media":64241,"comment_status":"open","ping_status":"closed","template":"","meta":[],"product_brand":[],"product_cat":[574,573],"product_tag":[],"class_list":{"0":"post-47509","1":"product","2":"type-product","3":"status-publish","4":"has-post-thumbnail","6":"product_cat-anbauteile","7":"product_cat-zubehor","8":"pa_marke-aeroe","10":"first","11":"instock","12":"sale","13":"taxable","14":"shipping-taxable","15":"purchasable","16":"product-type-simple"},"yoast_head":"<!-- This site is optimized with the Yoast SEO Premium plugin v20.12 (Yoast SEO v27.1.1) - https:\/\/yoast.com\/product\/yoast-seo-premium-wordpress\/ -->\n<title>Aeroe Spider Gep\u00e4cktr\u00e4ger<\/title>\n<meta name=\"description\" content=\"Entdecken Sie unseren Online-Fahrradladen: Gro\u00dfe Auswahl an Modellen f\u00fcr alle Radsportbegeisterten. Von Rennr\u00e4dern bis zu Mountainbikes - finden Sie heute Ihren perfekten Wegbegleiter!\" \/>\n<meta name=\"robots\" content=\"index, follow, max-snippet:-1, max-image-preview:large, max-video-preview:-1\" \/>\n<link rel=\"canonical\" href=\"https:\/\/kgerad.de\/en\/product\/aeroe-spider-gepaecktraeger\/\" \/>\n<meta property=\"og:locale\" content=\"en_US\" \/>\n<meta property=\"og:type\" content=\"article\" \/>\n<meta property=\"og:title\" content=\"Aeroe Spider Gep\u00e4cktr\u00e4ger\" \/>\n<meta property=\"og:description\" content=\"Entdecken Sie unseren Online-Fahrradladen: Gro\u00dfe Auswahl an Modellen f\u00fcr alle Radsportbegeisterten. Von Rennr\u00e4dern bis zu Mountainbikes - finden Sie heute Ihren perfekten Wegbegleiter!\" \/>\n<meta property=\"og:url\" content=\"https:\/\/kgerad.de\/en\/product\/aeroe-spider-gepaecktraeger\/\" \/>\n<meta property=\"og:site_name\" content=\"kgerad.de\" \/>\n<meta property=\"article:modified_time\" content=\"2023-08-10T18:33:01+00:00\" \/>\n<meta property=\"og:image\" content=\"https:\/\/kgerad.de\/wp-content\/uploads\/2023\/06\/aeroe-20114002-Spider-Hinterradgepacktrager-1_800x800-0.jpg\" \/>\n\t<meta property=\"og:image:width\" content=\"593\" \/>\n\t<meta property=\"og:image:height\" content=\"800\" \/>\n\t<meta property=\"og:image:type\" content=\"image\/jpeg\" \/>\n<meta name=\"twitter:card\" content=\"summary_large_image\" \/>\n<meta name=\"twitter:label1\" content=\"Est. reading time\" \/>\n\t<meta name=\"twitter:data1\" content=\"2 minutes\" \/>\n<script type=\"application\/ld+json\" class=\"yoast-schema-graph\">{\"@context\":\"https:\/\/schema.org\",\"@graph\":[{\"@type\":\"WebPage\",\"@id\":\"https:\/\/kgerad.de\/produkt\/aeroe-spider-gepaecktraeger\/\",\"url\":\"https:\/\/kgerad.de\/produkt\/aeroe-spider-gepaecktraeger\/\",\"name\":\"Aeroe Spider Gep\u00e4cktr\u00e4ger\",\"isPartOf\":{\"@id\":\"https:\/\/kgerad.de\/#website\"},\"primaryImageOfPage\":{\"@id\":\"https:\/\/kgerad.de\/produkt\/aeroe-spider-gepaecktraeger\/#primaryimage\"},\"image\":{\"@id\":\"https:\/\/kgerad.de\/produkt\/aeroe-spider-gepaecktraeger\/#primaryimage\"},\"thumbnailUrl\":\"https:\/\/kgerad.de\/wp-content\/uploads\/2023\/06\/aeroe-20114002-Spider-Hinterradgepacktrager-1_800x800-0.jpg\",\"datePublished\":\"2022-12-02T15:07:43+00:00\",\"dateModified\":\"2023-08-10T18:33:01+00:00\",\"description\":\"Entdecken Sie unseren Online-Fahrradladen: Gro\u00dfe Auswahl an Modellen f\u00fcr alle Radsportbegeisterten. Von Rennr\u00e4dern bis zu Mountainbikes - finden Sie heute Ihren perfekten Wegbegleiter!\",\"breadcrumb\":{\"@id\":\"https:\/\/kgerad.de\/produkt\/aeroe-spider-gepaecktraeger\/#breadcrumb\"},\"inLanguage\":\"en-US\",\"potentialAction\":[{\"@type\":\"ReadAction\",\"target\":[\"https:\/\/kgerad.de\/produkt\/aeroe-spider-gepaecktraeger\/\"]}]},{\"@type\":\"ImageObject\",\"inLanguage\":\"en-US\",\"@id\":\"https:\/\/kgerad.de\/produkt\/aeroe-spider-gepaecktraeger\/#primaryimage\",\"url\":\"https:\/\/kgerad.de\/wp-content\/uploads\/2023\/06\/aeroe-20114002-Spider-Hinterradgepacktrager-1_800x800-0.jpg\",\"contentUrl\":\"https:\/\/kgerad.de\/wp-content\/uploads\/2023\/06\/aeroe-20114002-Spider-Hinterradgepacktrager-1_800x800-0.jpg\",\"width\":593,\"height\":800,\"caption\":\"Aeroe Spider Gep\u00e4cktr\u00e4ger\"},{\"@type\":\"BreadcrumbList\",\"@id\":\"https:\/\/kgerad.de\/produkt\/aeroe-spider-gepaecktraeger\/#breadcrumb\",\"itemListElement\":[{\"@type\":\"ListItem\",\"position\":1,\"name\":\"Startseite\",\"item\":\"https:\/\/kgerad.de\/\"},{\"@type\":\"ListItem\",\"position\":2,\"name\":\"LADEN\",\"item\":\"https:\/\/kgerad.de\/laden\/\"},{\"@type\":\"ListItem\",\"position\":3,\"name\":\"Aeroe Spider Gep\u00e4cktr\u00e4ger\"}]},{\"@type\":\"WebSite\",\"@id\":\"https:\/\/kgerad.de\/#website\",\"url\":\"https:\/\/kgerad.de\/\",\"name\":\"kgerad.de\",\"description\":\"Treten Sie mit uns ins Abenteuer!\",\"publisher\":{\"@id\":\"https:\/\/kgerad.de\/#organization\"},\"alternateName\":\"MEIN RADLADEN\",\"potentialAction\":[{\"@type\":\"SearchAction\",\"target\":{\"@type\":\"EntryPoint\",\"urlTemplate\":\"https:\/\/kgerad.de\/?s={search_term_string}\"},\"query-input\":{\"@type\":\"PropertyValueSpecification\",\"valueRequired\":true,\"valueName\":\"search_term_string\"}}],\"inLanguage\":\"en-US\"},{\"@type\":\"Organization\",\"@id\":\"https:\/\/kgerad.de\/#organization\",\"name\":\"MEINRADLADEN\",\"alternateName\":\"MEIN RADLADEN\",\"url\":\"https:\/\/kgerad.de\/\",\"logo\":{\"@type\":\"ImageObject\",\"inLanguage\":\"en-US\",\"@id\":\"https:\/\/kgerad.de\/#\/schema\/logo\/image\/\",\"url\":\"https:\/\/kgerad.de\/wp-content\/uploads\/2025\/07\/logo-Whit.svg\",\"contentUrl\":\"https:\/\/kgerad.de\/wp-content\/uploads\/2025\/07\/logo-Whit.svg\",\"width\":1640,\"height\":371,\"caption\":\"MEINRADLADEN\"},\"image\":{\"@id\":\"https:\/\/kgerad.de\/#\/schema\/logo\/image\/\"}}]}<\/script>\n<!-- \/ Yoast SEO Premium plugin. -->","yoast_head_json":{"title":"Aeroe Spider Gep\u00e4cktr\u00e4ger","description":"Entdecken Sie unseren Online-Fahrradladen: Gro\u00dfe Auswahl an Modellen f\u00fcr alle Radsportbegeisterten. Von Rennr\u00e4dern bis zu Mountainbikes - finden Sie heute Ihren perfekten Wegbegleiter!","robots":{"index":"index","follow":"follow","max-snippet":"max-snippet:-1","max-image-preview":"max-image-preview:large","max-video-preview":"max-video-preview:-1"},"canonical":"https:\/\/kgerad.de\/en\/product\/aeroe-spider-gepaecktraeger\/","og_locale":"en_US","og_type":"article","og_title":"Aeroe Spider Gep\u00e4cktr\u00e4ger","og_description":"Entdecken Sie unseren Online-Fahrradladen: Gro\u00dfe Auswahl an Modellen f\u00fcr alle Radsportbegeisterten. Von Rennr\u00e4dern bis zu Mountainbikes - finden Sie heute Ihren perfekten Wegbegleiter!","og_url":"https:\/\/kgerad.de\/en\/product\/aeroe-spider-gepaecktraeger\/","og_site_name":"kgerad.de","article_modified_time":"2023-08-10T18:33:01+00:00","og_image":[{"width":593,"height":800,"url":"https:\/\/kgerad.de\/wp-content\/uploads\/2023\/06\/aeroe-20114002-Spider-Hinterradgepacktrager-1_800x800-0.jpg","type":"image\/jpeg"}],"twitter_card":"summary_large_image","twitter_misc":{"Est. reading time":"2 minutes"},"schema":{"@context":"https:\/\/schema.org","@graph":[{"@type":"WebPage","@id":"https:\/\/kgerad.de\/produkt\/aeroe-spider-gepaecktraeger\/","url":"https:\/\/kgerad.de\/produkt\/aeroe-spider-gepaecktraeger\/","name":"Aeroe Spider Gep\u00e4cktr\u00e4ger","isPartOf":{"@id":"https:\/\/kgerad.de\/#website"},"primaryImageOfPage":{"@id":"https:\/\/kgerad.de\/produkt\/aeroe-spider-gepaecktraeger\/#primaryimage"},"image":{"@id":"https:\/\/kgerad.de\/produkt\/aeroe-spider-gepaecktraeger\/#primaryimage"},"thumbnailUrl":"https:\/\/kgerad.de\/wp-content\/uploads\/2023\/06\/aeroe-20114002-Spider-Hinterradgepacktrager-1_800x800-0.jpg","datePublished":"2022-12-02T15:07:43+00:00","dateModified":"2023-08-10T18:33:01+00:00","description":"Entdecken Sie unseren Online-Fahrradladen: Gro\u00dfe Auswahl an Modellen f\u00fcr alle Radsportbegeisterten. Von Rennr\u00e4dern bis zu Mountainbikes - finden Sie heute Ihren perfekten Wegbegleiter!","breadcrumb":{"@id":"https:\/\/kgerad.de\/produkt\/aeroe-spider-gepaecktraeger\/#breadcrumb"},"inLanguage":"en-US","potentialAction":[{"@type":"ReadAction","target":["https:\/\/kgerad.de\/produkt\/aeroe-spider-gepaecktraeger\/"]}]},{"@type":"ImageObject","inLanguage":"en-US","@id":"https:\/\/kgerad.de\/produkt\/aeroe-spider-gepaecktraeger\/#primaryimage","url":"https:\/\/kgerad.de\/wp-content\/uploads\/2023\/06\/aeroe-20114002-Spider-Hinterradgepacktrager-1_800x800-0.jpg","contentUrl":"https:\/\/kgerad.de\/wp-content\/uploads\/2023\/06\/aeroe-20114002-Spider-Hinterradgepacktrager-1_800x800-0.jpg","width":593,"height":800,"caption":"Aeroe Spider Gep\u00e4cktr\u00e4ger"},{"@type":"BreadcrumbList","@id":"https:\/\/kgerad.de\/produkt\/aeroe-spider-gepaecktraeger\/#breadcrumb","itemListElement":[{"@type":"ListItem","position":1,"name":"Startseite","item":"https:\/\/kgerad.de\/"},{"@type":"ListItem","position":2,"name":"LADEN","item":"https:\/\/kgerad.de\/laden\/"},{"@type":"ListItem","position":3,"name":"Aeroe Spider Gep\u00e4cktr\u00e4ger"}]},{"@type":"WebSite","@id":"https:\/\/kgerad.de\/#website","url":"https:\/\/kgerad.de\/","name":"kgerad.de","description":"Treten Sie mit uns ins Abenteuer!","publisher":{"@id":"https:\/\/kgerad.de\/#organization"},"alternateName":"MEIN RADLADEN","potentialAction":[{"@type":"SearchAction","target":{"@type":"EntryPoint","urlTemplate":"https:\/\/kgerad.de\/?s={search_term_string}"},"query-input":{"@type":"PropertyValueSpecification","valueRequired":true,"valueName":"search_term_string"}}],"inLanguage":"en-US"},{"@type":"Organization","@id":"https:\/\/kgerad.de\/#organization","name":"MEINRADLADEN","alternateName":"MEIN RADLADEN","url":"https:\/\/kgerad.de\/","logo":{"@type":"ImageObject","inLanguage":"en-US","@id":"https:\/\/kgerad.de\/#\/schema\/logo\/image\/","url":"https:\/\/kgerad.de\/wp-content\/uploads\/2025\/07\/logo-Whit.svg","contentUrl":"https:\/\/kgerad.de\/wp-content\/uploads\/2025\/07\/logo-Whit.svg","width":1640,"height":371,"caption":"MEINRADLADEN"},"image":{"@id":"https:\/\/kgerad.de\/#\/schema\/logo\/image\/"}}]}},"_links":{"self":[{"href":"https:\/\/kgerad.de\/en\/wp-json\/wp\/v2\/product\/47509","targetHints":{"allow":["GET"]}}],"collection":[{"href":"https:\/\/kgerad.de\/en\/wp-json\/wp\/v2\/product"}],"about":[{"href":"https:\/\/kgerad.de\/en\/wp-json\/wp\/v2\/types\/product"}],"replies":[{"embeddable":true,"href":"https:\/\/kgerad.de\/en\/wp-json\/wp\/v2\/comments?post=47509"}],"version-history":[{"count":1,"href":"https:\/\/kgerad.de\/en\/wp-json\/wp\/v2\/product\/47509\/revisions"}],"predecessor-version":[{"id":78868,"href":"https:\/\/kgerad.de\/en\/wp-json\/wp\/v2\/product\/47509\/revisions\/78868"}],"wp:featuredmedia":[{"embeddable":true,"href":"https:\/\/kgerad.de\/en\/wp-json\/wp\/v2\/media\/64241"}],"wp:attachment":[{"href":"https:\/\/kgerad.de\/en\/wp-json\/wp\/v2\/media?parent=47509"}],"wp:term":[{"taxonomy":"product_brand","embeddable":true,"href":"https:\/\/kgerad.de\/en\/wp-json\/wp\/v2\/product_brand?post=47509"},{"taxonomy":"product_cat","embeddable":true,"href":"https:\/\/kgerad.de\/en\/wp-json\/wp\/v2\/product_cat?post=47509"},{"taxonomy":"product_tag","embeddable":true,"href":"https:\/\/kgerad.de\/en\/wp-json\/wp\/v2\/product_tag?post=47509"}],"curies":[{"name":"wp","href":"https:\/\/api.w.org\/{rel}","templated":true}]}}