{"id":47476,"date":"2022-12-02T15:02:51","date_gmt":"2022-12-02T14:02:51","guid":{"rendered":"https:\/\/kgerad.de\/?post_type=product&#038;p=47476"},"modified":"2023-08-10T20:33:35","modified_gmt":"2023-08-10T18:33:35","slug":"thule-tour-rack-gepaecktraeger-inkl-seitenrahmen-2","status":"publish","type":"product","link":"https:\/\/kgerad.de\/en\/product\/thule-tour-rack-gepaecktraeger-inkl-seitenrahmen-2\/","title":{"rendered":"Thule Tour Rack Gep\u00e4cktr\u00e4ger inkl. Seitenrahmen"},"content":{"rendered":"<h2 class=\"product--title\"><strong>Thule<\/strong>\u00a0Tour Rack Gep\u00e4cktr\u00e4ger inkl. Seitenrahmen<\/h2>\n<p>Patentierter Thule Tour Rack Gep\u00e4cktr\u00e4ger , der bei den meisten Fahrradtypen, vom Mountainbike mit Vollfederung bis hin zum Alltags- und Stra\u00dfenrennrad, vorne oder hinten angebracht werden kann. Das im Set enthaltene Side Frame erlaubt die sichere Befestigung auch von gro\u00dfen Packtaschen am Thule Touring Rack.<\/p>\n<p>Die Montagestreben k\u00f6nnen in zwei H\u00f6hen montiert werden, so dass die Taschen auch sehr weit unten befestigt werden k\u00f6nnen (Low Rider). Der Side Frame st\u00fctzt die Taschen seitlich ab &#8211; und verhindert dabei wirkungsvoll wackeln oder schwenken.<\/p>\n<hr \/>\n<h3>Lieferumfang<\/h3>\n<ul>\n<li>1 x Thule Tour Rack<\/li>\n<li>1 x Thule Pack &#8217;n Pedal Seitenrahmen<\/li>\n<\/ul>\n<hr \/>\n<h3>Features &#8211; Thule Tour Rack<\/h3>\n<ul>\n<li>Gummibeschichtete Klemmen sorgen f\u00fcr sicheren Halt des Tr\u00e4gers auch bei schweren Lasten, verhindern ein Abrutschen und sch\u00fctzen den Fahrradrahmen<\/li>\n<li>Einfaches Anbauen und Abnehmen mit bequemem Zugriff auf das Befestigungssystem<\/li>\n<li>Platz f\u00fcr Reifen bis zu 29&#8243; x 2,5&#8243;<\/li>\n<li>Die integrierte Licht-\/Reflektorhalterung sorgt daf\u00fcr, dass Sie von anderen gut gesehen werden<\/li>\n<li>Komfortables Radfahren mit einstellbarer Tr\u00e4gerfl\u00e4che und Schienen f\u00fcr Freiraum an den Fersen<\/li>\n<\/ul>\n<h3>Produkteigenschaften<\/h3>\n<ul>\n<li><strong>Max. Reifengr\u00f6\u00dfe:<\/strong>\u00a029&#8243; x 2,5&#8243;<\/li>\n<li><strong>L\u00e4nge<\/strong>: 32cm<\/li>\n<li><strong>Breite<\/strong>: 12,5cm<\/li>\n<li><b>Zuladung<\/b>\n<ul>\n<li><strong>vorne:<\/strong>\u00a010kg<\/li>\n<li><strong>hinten:<\/strong>\u00a011kg<\/li>\n<\/ul>\n<\/li>\n<\/ul>\n<h3>Material<\/h3>\n<ul>\n<li>Nylon<\/li>\n<li>Stahl<\/li>\n<li>Aluminium<\/li>\n<\/ul>\n<h3>Gewicht<\/h3>\n<ul>\n<li>1,1 kg (Herstellerangabe)<\/li>\n<\/ul>\n<hr \/>\n<h3>Features &#8211;\u00a0Thule Pack &#8217;n Pedal Seitenrahmen<\/h3>\n<ul>\n<li>Die untere Schiene befestigt die Last unterhalb der Achse, was f\u00fcr eine Verbesserung der Fahreigenschaften sorgt<\/li>\n<li>Mit praktisch allen Fahrradtaschen des Wettbewerbs kompatibel<\/li>\n<li>Einfach zu montieren<\/li>\n<li>Ger\u00e4usch- und vibrationslose Funktion<\/li>\n<\/ul>\n<h3>Material<\/h3>\n<ul>\n<li>Aluminium\/Kunststoff<\/li>\n<\/ul>\n<h3>Gewicht<\/h3>\n<ul>\n<li>430g (Herstellerangabe)<\/li>\n<\/ul>\n<hr \/>\n<h3>Bike Bags &amp; Racks &#8211; Thule Pack &#8217;n Pedal Tour Rack<\/h3>\n<p><iframe src=\"https:\/\/www.youtube-nocookie.com\/embed\/pvwHWfqVrdQ\" width=\"640\" height=\"360\" frameborder=\"0\" allowfullscreen=\"allowfullscreen\" data-mce-fragment=\"1\"><\/iframe><\/p>","protected":false},"excerpt":{"rendered":"<p>Thule\u00a0Tour Rack Gep\u00e4cktr\u00e4ger inkl. Seitenrahmen Patentierter Thule Tour Rack Gep\u00e4cktr\u00e4ger , der bei den meisten Fahrradtypen, vom Mountainbike mit Vollfederung<\/p>","protected":false},"featured_media":64233,"comment_status":"open","ping_status":"closed","template":"","meta":[],"product_brand":[],"product_cat":[574,573],"product_tag":[],"class_list":{"0":"post-47476","1":"product","2":"type-product","3":"status-publish","4":"has-post-thumbnail","6":"product_cat-anbauteile","7":"product_cat-zubehor","8":"pa_marke-thule","10":"first","11":"instock","12":"sale","13":"taxable","14":"shipping-taxable","15":"purchasable","16":"product-type-simple"},"yoast_head":"<!-- This site is optimized with the Yoast SEO Premium plugin v20.12 (Yoast SEO v27.1.1) - https:\/\/yoast.com\/product\/yoast-seo-premium-wordpress\/ -->\n<title>Thule Tour Rack Gep\u00e4cktr\u00e4ger inkl. Seitenrahmen<\/title>\n<meta name=\"description\" content=\"Entdecken Sie unseren Online-Fahrradladen: Gro\u00dfe Auswahl an Modellen f\u00fcr alle Radsportbegeisterten. Von Rennr\u00e4dern bis zu Mountainbikes - finden Sie heute Ihren perfekten Wegbegleiter!\" \/>\n<meta name=\"robots\" content=\"index, follow, max-snippet:-1, max-image-preview:large, max-video-preview:-1\" \/>\n<link rel=\"canonical\" href=\"https:\/\/kgerad.de\/en\/product\/thule-tour-rack-gepaecktraeger-inkl-seitenrahmen-2\/\" \/>\n<meta property=\"og:locale\" content=\"en_US\" \/>\n<meta property=\"og:type\" content=\"article\" \/>\n<meta property=\"og:title\" content=\"Thule Tour Rack Gep\u00e4cktr\u00e4ger inkl. Seitenrahmen\" \/>\n<meta property=\"og:description\" content=\"Entdecken Sie unseren Online-Fahrradladen: Gro\u00dfe Auswahl an Modellen f\u00fcr alle Radsportbegeisterten. Von Rennr\u00e4dern bis zu Mountainbikes - finden Sie heute Ihren perfekten Wegbegleiter!\" \/>\n<meta property=\"og:url\" content=\"https:\/\/kgerad.de\/en\/product\/thule-tour-rack-gepaecktraeger-inkl-seitenrahmen-2\/\" \/>\n<meta property=\"og:site_name\" content=\"kgerad.de\" \/>\n<meta property=\"article:modified_time\" content=\"2023-08-10T18:33:35+00:00\" \/>\n<meta property=\"og:image\" content=\"https:\/\/kgerad.de\/wp-content\/uploads\/2023\/06\/Thule-Tour-Rack-556834-1_800x800-0.jpg\" \/>\n\t<meta property=\"og:image:width\" content=\"800\" \/>\n\t<meta property=\"og:image:height\" content=\"709\" \/>\n\t<meta property=\"og:image:type\" content=\"image\/jpeg\" \/>\n<meta name=\"twitter:card\" content=\"summary_large_image\" \/>\n<meta name=\"twitter:label1\" content=\"Est. reading time\" \/>\n\t<meta name=\"twitter:data1\" content=\"2 minutes\" \/>\n<script type=\"application\/ld+json\" class=\"yoast-schema-graph\">{\"@context\":\"https:\/\/schema.org\",\"@graph\":[{\"@type\":\"WebPage\",\"@id\":\"https:\/\/kgerad.de\/produkt\/thule-tour-rack-gepaecktraeger-inkl-seitenrahmen-2\/\",\"url\":\"https:\/\/kgerad.de\/produkt\/thule-tour-rack-gepaecktraeger-inkl-seitenrahmen-2\/\",\"name\":\"Thule Tour Rack Gep\u00e4cktr\u00e4ger inkl. Seitenrahmen\",\"isPartOf\":{\"@id\":\"https:\/\/kgerad.de\/#website\"},\"primaryImageOfPage\":{\"@id\":\"https:\/\/kgerad.de\/produkt\/thule-tour-rack-gepaecktraeger-inkl-seitenrahmen-2\/#primaryimage\"},\"image\":{\"@id\":\"https:\/\/kgerad.de\/produkt\/thule-tour-rack-gepaecktraeger-inkl-seitenrahmen-2\/#primaryimage\"},\"thumbnailUrl\":\"https:\/\/kgerad.de\/wp-content\/uploads\/2023\/06\/Thule-Tour-Rack-556834-1_800x800-0.jpg\",\"datePublished\":\"2022-12-02T14:02:51+00:00\",\"dateModified\":\"2023-08-10T18:33:35+00:00\",\"description\":\"Entdecken Sie unseren Online-Fahrradladen: Gro\u00dfe Auswahl an Modellen f\u00fcr alle Radsportbegeisterten. Von Rennr\u00e4dern bis zu Mountainbikes - finden Sie heute Ihren perfekten Wegbegleiter!\",\"breadcrumb\":{\"@id\":\"https:\/\/kgerad.de\/produkt\/thule-tour-rack-gepaecktraeger-inkl-seitenrahmen-2\/#breadcrumb\"},\"inLanguage\":\"en-US\",\"potentialAction\":[{\"@type\":\"ReadAction\",\"target\":[\"https:\/\/kgerad.de\/produkt\/thule-tour-rack-gepaecktraeger-inkl-seitenrahmen-2\/\"]}]},{\"@type\":\"ImageObject\",\"inLanguage\":\"en-US\",\"@id\":\"https:\/\/kgerad.de\/produkt\/thule-tour-rack-gepaecktraeger-inkl-seitenrahmen-2\/#primaryimage\",\"url\":\"https:\/\/kgerad.de\/wp-content\/uploads\/2023\/06\/Thule-Tour-Rack-556834-1_800x800-0.jpg\",\"contentUrl\":\"https:\/\/kgerad.de\/wp-content\/uploads\/2023\/06\/Thule-Tour-Rack-556834-1_800x800-0.jpg\",\"width\":800,\"height\":709,\"caption\":\"Thule Tour Rack Gep\u00e4cktr\u00e4ger inkl. Seitenrahmen\"},{\"@type\":\"BreadcrumbList\",\"@id\":\"https:\/\/kgerad.de\/produkt\/thule-tour-rack-gepaecktraeger-inkl-seitenrahmen-2\/#breadcrumb\",\"itemListElement\":[{\"@type\":\"ListItem\",\"position\":1,\"name\":\"Startseite\",\"item\":\"https:\/\/kgerad.de\/\"},{\"@type\":\"ListItem\",\"position\":2,\"name\":\"LADEN\",\"item\":\"https:\/\/kgerad.de\/laden\/\"},{\"@type\":\"ListItem\",\"position\":3,\"name\":\"Thule Tour Rack Gep\u00e4cktr\u00e4ger inkl. Seitenrahmen\"}]},{\"@type\":\"WebSite\",\"@id\":\"https:\/\/kgerad.de\/#website\",\"url\":\"https:\/\/kgerad.de\/\",\"name\":\"kgerad.de\",\"description\":\"Treten Sie mit uns ins Abenteuer!\",\"publisher\":{\"@id\":\"https:\/\/kgerad.de\/#organization\"},\"alternateName\":\"MEIN RADLADEN\",\"potentialAction\":[{\"@type\":\"SearchAction\",\"target\":{\"@type\":\"EntryPoint\",\"urlTemplate\":\"https:\/\/kgerad.de\/?s={search_term_string}\"},\"query-input\":{\"@type\":\"PropertyValueSpecification\",\"valueRequired\":true,\"valueName\":\"search_term_string\"}}],\"inLanguage\":\"en-US\"},{\"@type\":\"Organization\",\"@id\":\"https:\/\/kgerad.de\/#organization\",\"name\":\"MEINRADLADEN\",\"alternateName\":\"MEIN RADLADEN\",\"url\":\"https:\/\/kgerad.de\/\",\"logo\":{\"@type\":\"ImageObject\",\"inLanguage\":\"en-US\",\"@id\":\"https:\/\/kgerad.de\/#\/schema\/logo\/image\/\",\"url\":\"https:\/\/kgerad.de\/wp-content\/uploads\/2025\/07\/logo-Whit.svg\",\"contentUrl\":\"https:\/\/kgerad.de\/wp-content\/uploads\/2025\/07\/logo-Whit.svg\",\"width\":1640,\"height\":371,\"caption\":\"MEINRADLADEN\"},\"image\":{\"@id\":\"https:\/\/kgerad.de\/#\/schema\/logo\/image\/\"}}]}<\/script>\n<!-- \/ Yoast SEO Premium plugin. -->","yoast_head_json":{"title":"Thule Tour Rack Gep\u00e4cktr\u00e4ger inkl. Seitenrahmen","description":"Entdecken Sie unseren Online-Fahrradladen: Gro\u00dfe Auswahl an Modellen f\u00fcr alle Radsportbegeisterten. Von Rennr\u00e4dern bis zu Mountainbikes - finden Sie heute Ihren perfekten Wegbegleiter!","robots":{"index":"index","follow":"follow","max-snippet":"max-snippet:-1","max-image-preview":"max-image-preview:large","max-video-preview":"max-video-preview:-1"},"canonical":"https:\/\/kgerad.de\/en\/product\/thule-tour-rack-gepaecktraeger-inkl-seitenrahmen-2\/","og_locale":"en_US","og_type":"article","og_title":"Thule Tour Rack Gep\u00e4cktr\u00e4ger inkl. Seitenrahmen","og_description":"Entdecken Sie unseren Online-Fahrradladen: Gro\u00dfe Auswahl an Modellen f\u00fcr alle Radsportbegeisterten. Von Rennr\u00e4dern bis zu Mountainbikes - finden Sie heute Ihren perfekten Wegbegleiter!","og_url":"https:\/\/kgerad.de\/en\/product\/thule-tour-rack-gepaecktraeger-inkl-seitenrahmen-2\/","og_site_name":"kgerad.de","article_modified_time":"2023-08-10T18:33:35+00:00","og_image":[{"width":800,"height":709,"url":"https:\/\/kgerad.de\/wp-content\/uploads\/2023\/06\/Thule-Tour-Rack-556834-1_800x800-0.jpg","type":"image\/jpeg"}],"twitter_card":"summary_large_image","twitter_misc":{"Est. reading time":"2 minutes"},"schema":{"@context":"https:\/\/schema.org","@graph":[{"@type":"WebPage","@id":"https:\/\/kgerad.de\/produkt\/thule-tour-rack-gepaecktraeger-inkl-seitenrahmen-2\/","url":"https:\/\/kgerad.de\/produkt\/thule-tour-rack-gepaecktraeger-inkl-seitenrahmen-2\/","name":"Thule Tour Rack Gep\u00e4cktr\u00e4ger inkl. Seitenrahmen","isPartOf":{"@id":"https:\/\/kgerad.de\/#website"},"primaryImageOfPage":{"@id":"https:\/\/kgerad.de\/produkt\/thule-tour-rack-gepaecktraeger-inkl-seitenrahmen-2\/#primaryimage"},"image":{"@id":"https:\/\/kgerad.de\/produkt\/thule-tour-rack-gepaecktraeger-inkl-seitenrahmen-2\/#primaryimage"},"thumbnailUrl":"https:\/\/kgerad.de\/wp-content\/uploads\/2023\/06\/Thule-Tour-Rack-556834-1_800x800-0.jpg","datePublished":"2022-12-02T14:02:51+00:00","dateModified":"2023-08-10T18:33:35+00:00","description":"Entdecken Sie unseren Online-Fahrradladen: Gro\u00dfe Auswahl an Modellen f\u00fcr alle Radsportbegeisterten. Von Rennr\u00e4dern bis zu Mountainbikes - finden Sie heute Ihren perfekten Wegbegleiter!","breadcrumb":{"@id":"https:\/\/kgerad.de\/produkt\/thule-tour-rack-gepaecktraeger-inkl-seitenrahmen-2\/#breadcrumb"},"inLanguage":"en-US","potentialAction":[{"@type":"ReadAction","target":["https:\/\/kgerad.de\/produkt\/thule-tour-rack-gepaecktraeger-inkl-seitenrahmen-2\/"]}]},{"@type":"ImageObject","inLanguage":"en-US","@id":"https:\/\/kgerad.de\/produkt\/thule-tour-rack-gepaecktraeger-inkl-seitenrahmen-2\/#primaryimage","url":"https:\/\/kgerad.de\/wp-content\/uploads\/2023\/06\/Thule-Tour-Rack-556834-1_800x800-0.jpg","contentUrl":"https:\/\/kgerad.de\/wp-content\/uploads\/2023\/06\/Thule-Tour-Rack-556834-1_800x800-0.jpg","width":800,"height":709,"caption":"Thule Tour Rack Gep\u00e4cktr\u00e4ger inkl. Seitenrahmen"},{"@type":"BreadcrumbList","@id":"https:\/\/kgerad.de\/produkt\/thule-tour-rack-gepaecktraeger-inkl-seitenrahmen-2\/#breadcrumb","itemListElement":[{"@type":"ListItem","position":1,"name":"Startseite","item":"https:\/\/kgerad.de\/"},{"@type":"ListItem","position":2,"name":"LADEN","item":"https:\/\/kgerad.de\/laden\/"},{"@type":"ListItem","position":3,"name":"Thule Tour Rack Gep\u00e4cktr\u00e4ger inkl. Seitenrahmen"}]},{"@type":"WebSite","@id":"https:\/\/kgerad.de\/#website","url":"https:\/\/kgerad.de\/","name":"kgerad.de","description":"Treten Sie mit uns ins Abenteuer!","publisher":{"@id":"https:\/\/kgerad.de\/#organization"},"alternateName":"MEIN RADLADEN","potentialAction":[{"@type":"SearchAction","target":{"@type":"EntryPoint","urlTemplate":"https:\/\/kgerad.de\/?s={search_term_string}"},"query-input":{"@type":"PropertyValueSpecification","valueRequired":true,"valueName":"search_term_string"}}],"inLanguage":"en-US"},{"@type":"Organization","@id":"https:\/\/kgerad.de\/#organization","name":"MEINRADLADEN","alternateName":"MEIN RADLADEN","url":"https:\/\/kgerad.de\/","logo":{"@type":"ImageObject","inLanguage":"en-US","@id":"https:\/\/kgerad.de\/#\/schema\/logo\/image\/","url":"https:\/\/kgerad.de\/wp-content\/uploads\/2025\/07\/logo-Whit.svg","contentUrl":"https:\/\/kgerad.de\/wp-content\/uploads\/2025\/07\/logo-Whit.svg","width":1640,"height":371,"caption":"MEINRADLADEN"},"image":{"@id":"https:\/\/kgerad.de\/#\/schema\/logo\/image\/"}}]}},"_links":{"self":[{"href":"https:\/\/kgerad.de\/en\/wp-json\/wp\/v2\/product\/47476","targetHints":{"allow":["GET"]}}],"collection":[{"href":"https:\/\/kgerad.de\/en\/wp-json\/wp\/v2\/product"}],"about":[{"href":"https:\/\/kgerad.de\/en\/wp-json\/wp\/v2\/types\/product"}],"replies":[{"embeddable":true,"href":"https:\/\/kgerad.de\/en\/wp-json\/wp\/v2\/comments?post=47476"}],"version-history":[{"count":1,"href":"https:\/\/kgerad.de\/en\/wp-json\/wp\/v2\/product\/47476\/revisions"}],"predecessor-version":[{"id":78870,"href":"https:\/\/kgerad.de\/en\/wp-json\/wp\/v2\/product\/47476\/revisions\/78870"}],"wp:featuredmedia":[{"embeddable":true,"href":"https:\/\/kgerad.de\/en\/wp-json\/wp\/v2\/media\/64233"}],"wp:attachment":[{"href":"https:\/\/kgerad.de\/en\/wp-json\/wp\/v2\/media?parent=47476"}],"wp:term":[{"taxonomy":"product_brand","embeddable":true,"href":"https:\/\/kgerad.de\/en\/wp-json\/wp\/v2\/product_brand?post=47476"},{"taxonomy":"product_cat","embeddable":true,"href":"https:\/\/kgerad.de\/en\/wp-json\/wp\/v2\/product_cat?post=47476"},{"taxonomy":"product_tag","embeddable":true,"href":"https:\/\/kgerad.de\/en\/wp-json\/wp\/v2\/product_tag?post=47476"}],"curies":[{"name":"wp","href":"https:\/\/api.w.org\/{rel}","templated":true}]}}