{"id":47383,"date":"2022-12-02T14:45:31","date_gmt":"2022-12-02T13:45:31","guid":{"rendered":"https:\/\/kgerad.de\/?post_type=product&#038;p=47383"},"modified":"2023-08-10T20:33:51","modified_gmt":"2023-08-10T18:33:51","slug":"thule-tour-rack-gepaecktraeger-inkl-seitenrahmen","status":"publish","type":"product","link":"https:\/\/kgerad.de\/en\/product\/thule-tour-rack-gepaecktraeger-inkl-seitenrahmen\/","title":{"rendered":"Thule Tour Rack Gep\u00e4cktr\u00e4ger inkl. Seitenrahmen"},"content":{"rendered":"<h2 class=\"product--title\"><strong>Thule<\/strong>\u00a0Tour Rack Gep\u00e4cktr\u00e4ger inkl. Seitenrahmen<\/h2>\n<p>Low- oder Thule Tour <a href=\"http:\/\/1-1\">Rack<\/a> Highrider? Nimm einfach beides! tubus pr\u00e4sentiert den ersten Kombi-Tr\u00e4ger, der die Eigenschaften beider Systeme mitbringt, seitliche Fahrstabilit\u00e4t dank niedrigem Schwerpunkt, oben drauf Platz f\u00fcr Sperriges wie Isomatte und Schlafsack. Mit dem Grand Expedition Front f\u00fcr vorne musst du beim Gep\u00e4cktransport keine Kompromisse machen.<\/p>\n<hr \/>\n<h3><strong>Produkteigenschaften &#8211; Tubus Grand Expedition Front<br \/>\n<\/strong><\/h3>\n<ul>\n<li><strong>Max. Tragf\u00e4higkeit:<\/strong>\u00a018 kg<\/li>\n<li><strong>Radgr\u00f6\u00dfe:<\/strong>\u00a026&#8243; \/ 28&#8243;<\/li>\n<li><strong>Max. Reifenbreite:<\/strong>\u00a050 mm \/ 2.00&#8243;<\/li>\n<li><strong>Max. Schutzblechbreite:<\/strong>\u00a060 mm<\/li>\n<li><strong>Durchmesser:<\/strong>\u00a012 mm<\/li>\n<\/ul>\n<p><strong><em>Hinweis:<\/em><\/strong><em>\u00a0Nicht geeignet f\u00fcr die Montage an Feder- oder Carbongabeln ohne \u00d6sen. Die Gabel muss vom Hersteller, bzw. vom Fahrradhersteller f\u00fcr die Montage eines Gep\u00e4cktr\u00e4gers freigegeben sein. Es darf keine Quetschverbindungen geben. Nicht f\u00fcr die Montage eines Kindersitzes zugelassen!<\/em><\/p>\n<h3>Material<\/h3>\n<ul>\n<li>25CrMo4<\/li>\n<\/ul>\n<h3>Farbe<\/h3>\n<ul>\n<li>schwarz<\/li>\n<\/ul>\n<h3>Gewicht<\/h3>\n<ul>\n<li>780g (Herstellerangabe)<\/li>\n<\/ul>\n<hr \/>\n<h3>Lieferumfang<\/h3>\n<ul>\n<li>Tubus Grand Expedition Front 26&#8243; &#8211; 28&#8243;<\/li>\n<\/ul>","protected":false},"excerpt":{"rendered":"<p>Thule\u00a0Tour Rack Gep\u00e4cktr\u00e4ger inkl. Seitenrahmen Low- oder Thule Tour Rack Highrider? Nimm einfach beides! tubus pr\u00e4sentiert den ersten Kombi-Tr\u00e4ger, der<\/p>","protected":false},"featured_media":64232,"comment_status":"open","ping_status":"closed","template":"","meta":[],"product_brand":[],"product_cat":[574,573],"product_tag":[],"class_list":{"0":"post-47383","1":"product","2":"type-product","3":"status-publish","4":"has-post-thumbnail","6":"product_cat-anbauteile","7":"product_cat-zubehor","8":"pa_marke-tubus","10":"first","11":"instock","12":"sale","13":"taxable","14":"shipping-taxable","15":"purchasable","16":"product-type-simple"},"yoast_head":"<!-- This site is optimized with the Yoast SEO Premium plugin v20.12 (Yoast SEO v27.1.1) - https:\/\/yoast.com\/product\/yoast-seo-premium-wordpress\/ -->\n<title>Thule Tour Rack Gep\u00e4cktr\u00e4ger inkl. Seitenrahmen<\/title>\n<meta name=\"description\" content=\"Entdecken Sie unseren Online-Fahrradladen: Gro\u00dfe Auswahl an Modellen f\u00fcr alle Radsportbegeisterten. Von Rennr\u00e4dern bis zu Mountainbikes - finden Sie heute Ihren perfekten Wegbegleiter!\" \/>\n<meta name=\"robots\" content=\"index, follow, max-snippet:-1, max-image-preview:large, max-video-preview:-1\" \/>\n<link rel=\"canonical\" href=\"https:\/\/kgerad.de\/en\/product\/thule-tour-rack-gepaecktraeger-inkl-seitenrahmen\/\" \/>\n<meta property=\"og:locale\" content=\"en_US\" \/>\n<meta property=\"og:type\" content=\"article\" \/>\n<meta property=\"og:title\" content=\"Thule Tour Rack Gep\u00e4cktr\u00e4ger inkl. Seitenrahmen\" \/>\n<meta property=\"og:description\" content=\"Entdecken Sie unseren Online-Fahrradladen: Gro\u00dfe Auswahl an Modellen f\u00fcr alle Radsportbegeisterten. Von Rennr\u00e4dern bis zu Mountainbikes - finden Sie heute Ihren perfekten Wegbegleiter!\" \/>\n<meta property=\"og:url\" content=\"https:\/\/kgerad.de\/en\/product\/thule-tour-rack-gepaecktraeger-inkl-seitenrahmen\/\" \/>\n<meta property=\"og:site_name\" content=\"kgerad.de\" \/>\n<meta property=\"article:modified_time\" content=\"2023-08-10T18:33:51+00:00\" \/>\n<meta property=\"og:image\" content=\"https:\/\/kgerad.de\/wp-content\/uploads\/2023\/06\/Tubus-Grand-Expedition-Front-204060-001_800x800.jpg\" \/>\n\t<meta property=\"og:image:width\" content=\"546\" \/>\n\t<meta property=\"og:image:height\" content=\"800\" \/>\n\t<meta property=\"og:image:type\" content=\"image\/jpeg\" \/>\n<meta name=\"twitter:card\" content=\"summary_large_image\" \/>\n<meta name=\"twitter:label1\" content=\"Est. reading time\" \/>\n\t<meta name=\"twitter:data1\" content=\"1 minute\" \/>\n<script type=\"application\/ld+json\" class=\"yoast-schema-graph\">{\"@context\":\"https:\/\/schema.org\",\"@graph\":[{\"@type\":\"WebPage\",\"@id\":\"https:\/\/kgerad.de\/produkt\/thule-tour-rack-gepaecktraeger-inkl-seitenrahmen\/\",\"url\":\"https:\/\/kgerad.de\/produkt\/thule-tour-rack-gepaecktraeger-inkl-seitenrahmen\/\",\"name\":\"Thule Tour Rack Gep\u00e4cktr\u00e4ger inkl. Seitenrahmen\",\"isPartOf\":{\"@id\":\"https:\/\/kgerad.de\/#website\"},\"primaryImageOfPage\":{\"@id\":\"https:\/\/kgerad.de\/produkt\/thule-tour-rack-gepaecktraeger-inkl-seitenrahmen\/#primaryimage\"},\"image\":{\"@id\":\"https:\/\/kgerad.de\/produkt\/thule-tour-rack-gepaecktraeger-inkl-seitenrahmen\/#primaryimage\"},\"thumbnailUrl\":\"https:\/\/kgerad.de\/wp-content\/uploads\/2023\/06\/Tubus-Grand-Expedition-Front-204060-001_800x800.jpg\",\"datePublished\":\"2022-12-02T13:45:31+00:00\",\"dateModified\":\"2023-08-10T18:33:51+00:00\",\"description\":\"Entdecken Sie unseren Online-Fahrradladen: Gro\u00dfe Auswahl an Modellen f\u00fcr alle Radsportbegeisterten. Von Rennr\u00e4dern bis zu Mountainbikes - finden Sie heute Ihren perfekten Wegbegleiter!\",\"breadcrumb\":{\"@id\":\"https:\/\/kgerad.de\/produkt\/thule-tour-rack-gepaecktraeger-inkl-seitenrahmen\/#breadcrumb\"},\"inLanguage\":\"en-US\",\"potentialAction\":[{\"@type\":\"ReadAction\",\"target\":[\"https:\/\/kgerad.de\/produkt\/thule-tour-rack-gepaecktraeger-inkl-seitenrahmen\/\"]}]},{\"@type\":\"ImageObject\",\"inLanguage\":\"en-US\",\"@id\":\"https:\/\/kgerad.de\/produkt\/thule-tour-rack-gepaecktraeger-inkl-seitenrahmen\/#primaryimage\",\"url\":\"https:\/\/kgerad.de\/wp-content\/uploads\/2023\/06\/Tubus-Grand-Expedition-Front-204060-001_800x800.jpg\",\"contentUrl\":\"https:\/\/kgerad.de\/wp-content\/uploads\/2023\/06\/Tubus-Grand-Expedition-Front-204060-001_800x800.jpg\",\"width\":546,\"height\":800,\"caption\":\"Thule Tour Rack Gep\u00e4cktr\u00e4ger inkl. Seitenrahmen\"},{\"@type\":\"BreadcrumbList\",\"@id\":\"https:\/\/kgerad.de\/produkt\/thule-tour-rack-gepaecktraeger-inkl-seitenrahmen\/#breadcrumb\",\"itemListElement\":[{\"@type\":\"ListItem\",\"position\":1,\"name\":\"Startseite\",\"item\":\"https:\/\/kgerad.de\/\"},{\"@type\":\"ListItem\",\"position\":2,\"name\":\"LADEN\",\"item\":\"https:\/\/kgerad.de\/laden\/\"},{\"@type\":\"ListItem\",\"position\":3,\"name\":\"Thule Tour Rack Gep\u00e4cktr\u00e4ger inkl. Seitenrahmen\"}]},{\"@type\":\"WebSite\",\"@id\":\"https:\/\/kgerad.de\/#website\",\"url\":\"https:\/\/kgerad.de\/\",\"name\":\"kgerad.de\",\"description\":\"Treten Sie mit uns ins Abenteuer!\",\"publisher\":{\"@id\":\"https:\/\/kgerad.de\/#organization\"},\"alternateName\":\"MEIN RADLADEN\",\"potentialAction\":[{\"@type\":\"SearchAction\",\"target\":{\"@type\":\"EntryPoint\",\"urlTemplate\":\"https:\/\/kgerad.de\/?s={search_term_string}\"},\"query-input\":{\"@type\":\"PropertyValueSpecification\",\"valueRequired\":true,\"valueName\":\"search_term_string\"}}],\"inLanguage\":\"en-US\"},{\"@type\":\"Organization\",\"@id\":\"https:\/\/kgerad.de\/#organization\",\"name\":\"MEINRADLADEN\",\"alternateName\":\"MEIN RADLADEN\",\"url\":\"https:\/\/kgerad.de\/\",\"logo\":{\"@type\":\"ImageObject\",\"inLanguage\":\"en-US\",\"@id\":\"https:\/\/kgerad.de\/#\/schema\/logo\/image\/\",\"url\":\"https:\/\/kgerad.de\/wp-content\/uploads\/2025\/07\/logo-Whit.svg\",\"contentUrl\":\"https:\/\/kgerad.de\/wp-content\/uploads\/2025\/07\/logo-Whit.svg\",\"width\":1640,\"height\":371,\"caption\":\"MEINRADLADEN\"},\"image\":{\"@id\":\"https:\/\/kgerad.de\/#\/schema\/logo\/image\/\"}}]}<\/script>\n<!-- \/ Yoast SEO Premium plugin. -->","yoast_head_json":{"title":"Thule Tour Rack Gep\u00e4cktr\u00e4ger inkl. Seitenrahmen","description":"Entdecken Sie unseren Online-Fahrradladen: Gro\u00dfe Auswahl an Modellen f\u00fcr alle Radsportbegeisterten. Von Rennr\u00e4dern bis zu Mountainbikes - finden Sie heute Ihren perfekten Wegbegleiter!","robots":{"index":"index","follow":"follow","max-snippet":"max-snippet:-1","max-image-preview":"max-image-preview:large","max-video-preview":"max-video-preview:-1"},"canonical":"https:\/\/kgerad.de\/en\/product\/thule-tour-rack-gepaecktraeger-inkl-seitenrahmen\/","og_locale":"en_US","og_type":"article","og_title":"Thule Tour Rack Gep\u00e4cktr\u00e4ger inkl. Seitenrahmen","og_description":"Entdecken Sie unseren Online-Fahrradladen: Gro\u00dfe Auswahl an Modellen f\u00fcr alle Radsportbegeisterten. Von Rennr\u00e4dern bis zu Mountainbikes - finden Sie heute Ihren perfekten Wegbegleiter!","og_url":"https:\/\/kgerad.de\/en\/product\/thule-tour-rack-gepaecktraeger-inkl-seitenrahmen\/","og_site_name":"kgerad.de","article_modified_time":"2023-08-10T18:33:51+00:00","og_image":[{"width":546,"height":800,"url":"https:\/\/kgerad.de\/wp-content\/uploads\/2023\/06\/Tubus-Grand-Expedition-Front-204060-001_800x800.jpg","type":"image\/jpeg"}],"twitter_card":"summary_large_image","twitter_misc":{"Est. reading time":"1 minute"},"schema":{"@context":"https:\/\/schema.org","@graph":[{"@type":"WebPage","@id":"https:\/\/kgerad.de\/produkt\/thule-tour-rack-gepaecktraeger-inkl-seitenrahmen\/","url":"https:\/\/kgerad.de\/produkt\/thule-tour-rack-gepaecktraeger-inkl-seitenrahmen\/","name":"Thule Tour Rack Gep\u00e4cktr\u00e4ger inkl. Seitenrahmen","isPartOf":{"@id":"https:\/\/kgerad.de\/#website"},"primaryImageOfPage":{"@id":"https:\/\/kgerad.de\/produkt\/thule-tour-rack-gepaecktraeger-inkl-seitenrahmen\/#primaryimage"},"image":{"@id":"https:\/\/kgerad.de\/produkt\/thule-tour-rack-gepaecktraeger-inkl-seitenrahmen\/#primaryimage"},"thumbnailUrl":"https:\/\/kgerad.de\/wp-content\/uploads\/2023\/06\/Tubus-Grand-Expedition-Front-204060-001_800x800.jpg","datePublished":"2022-12-02T13:45:31+00:00","dateModified":"2023-08-10T18:33:51+00:00","description":"Entdecken Sie unseren Online-Fahrradladen: Gro\u00dfe Auswahl an Modellen f\u00fcr alle Radsportbegeisterten. Von Rennr\u00e4dern bis zu Mountainbikes - finden Sie heute Ihren perfekten Wegbegleiter!","breadcrumb":{"@id":"https:\/\/kgerad.de\/produkt\/thule-tour-rack-gepaecktraeger-inkl-seitenrahmen\/#breadcrumb"},"inLanguage":"en-US","potentialAction":[{"@type":"ReadAction","target":["https:\/\/kgerad.de\/produkt\/thule-tour-rack-gepaecktraeger-inkl-seitenrahmen\/"]}]},{"@type":"ImageObject","inLanguage":"en-US","@id":"https:\/\/kgerad.de\/produkt\/thule-tour-rack-gepaecktraeger-inkl-seitenrahmen\/#primaryimage","url":"https:\/\/kgerad.de\/wp-content\/uploads\/2023\/06\/Tubus-Grand-Expedition-Front-204060-001_800x800.jpg","contentUrl":"https:\/\/kgerad.de\/wp-content\/uploads\/2023\/06\/Tubus-Grand-Expedition-Front-204060-001_800x800.jpg","width":546,"height":800,"caption":"Thule Tour Rack Gep\u00e4cktr\u00e4ger inkl. Seitenrahmen"},{"@type":"BreadcrumbList","@id":"https:\/\/kgerad.de\/produkt\/thule-tour-rack-gepaecktraeger-inkl-seitenrahmen\/#breadcrumb","itemListElement":[{"@type":"ListItem","position":1,"name":"Startseite","item":"https:\/\/kgerad.de\/"},{"@type":"ListItem","position":2,"name":"LADEN","item":"https:\/\/kgerad.de\/laden\/"},{"@type":"ListItem","position":3,"name":"Thule Tour Rack Gep\u00e4cktr\u00e4ger inkl. Seitenrahmen"}]},{"@type":"WebSite","@id":"https:\/\/kgerad.de\/#website","url":"https:\/\/kgerad.de\/","name":"kgerad.de","description":"Treten Sie mit uns ins Abenteuer!","publisher":{"@id":"https:\/\/kgerad.de\/#organization"},"alternateName":"MEIN RADLADEN","potentialAction":[{"@type":"SearchAction","target":{"@type":"EntryPoint","urlTemplate":"https:\/\/kgerad.de\/?s={search_term_string}"},"query-input":{"@type":"PropertyValueSpecification","valueRequired":true,"valueName":"search_term_string"}}],"inLanguage":"en-US"},{"@type":"Organization","@id":"https:\/\/kgerad.de\/#organization","name":"MEINRADLADEN","alternateName":"MEIN RADLADEN","url":"https:\/\/kgerad.de\/","logo":{"@type":"ImageObject","inLanguage":"en-US","@id":"https:\/\/kgerad.de\/#\/schema\/logo\/image\/","url":"https:\/\/kgerad.de\/wp-content\/uploads\/2025\/07\/logo-Whit.svg","contentUrl":"https:\/\/kgerad.de\/wp-content\/uploads\/2025\/07\/logo-Whit.svg","width":1640,"height":371,"caption":"MEINRADLADEN"},"image":{"@id":"https:\/\/kgerad.de\/#\/schema\/logo\/image\/"}}]}},"_links":{"self":[{"href":"https:\/\/kgerad.de\/en\/wp-json\/wp\/v2\/product\/47383","targetHints":{"allow":["GET"]}}],"collection":[{"href":"https:\/\/kgerad.de\/en\/wp-json\/wp\/v2\/product"}],"about":[{"href":"https:\/\/kgerad.de\/en\/wp-json\/wp\/v2\/types\/product"}],"replies":[{"embeddable":true,"href":"https:\/\/kgerad.de\/en\/wp-json\/wp\/v2\/comments?post=47383"}],"version-history":[{"count":1,"href":"https:\/\/kgerad.de\/en\/wp-json\/wp\/v2\/product\/47383\/revisions"}],"predecessor-version":[{"id":78871,"href":"https:\/\/kgerad.de\/en\/wp-json\/wp\/v2\/product\/47383\/revisions\/78871"}],"wp:featuredmedia":[{"embeddable":true,"href":"https:\/\/kgerad.de\/en\/wp-json\/wp\/v2\/media\/64232"}],"wp:attachment":[{"href":"https:\/\/kgerad.de\/en\/wp-json\/wp\/v2\/media?parent=47383"}],"wp:term":[{"taxonomy":"product_brand","embeddable":true,"href":"https:\/\/kgerad.de\/en\/wp-json\/wp\/v2\/product_brand?post=47383"},{"taxonomy":"product_cat","embeddable":true,"href":"https:\/\/kgerad.de\/en\/wp-json\/wp\/v2\/product_cat?post=47383"},{"taxonomy":"product_tag","embeddable":true,"href":"https:\/\/kgerad.de\/en\/wp-json\/wp\/v2\/product_tag?post=47383"}],"curies":[{"name":"wp","href":"https:\/\/api.w.org\/{rel}","templated":true}]}}