{"id":47379,"date":"2022-12-02T14:25:56","date_gmt":"2022-12-02T13:25:56","guid":{"rendered":"https:\/\/kgerad.de\/?post_type=product&#038;p=47379"},"modified":"2023-08-10T20:34:02","modified_gmt":"2023-08-10T18:34:02","slug":"tubus-airy-gepaecktraeger-26-28","status":"publish","type":"product","link":"https:\/\/kgerad.de\/en\/product\/tubus-airy-gepaecktraeger-26-28\/","title":{"rendered":"Tubus Airy Gep\u00e4cktr\u00e4ger 26&#8243; &#8211; 28&#8243;"},"content":{"rendered":"<h2 class=\"product--title\"><strong>Tubus<\/strong>\u00a0Airy Gep\u00e4cktr\u00e4ger 26&#8243; &#8211; 28&#8243;<\/h2>\n<p>Der Tubus Airy Gep\u00e4cktr\u00e4ger\u00a0 Titan unter den Tr\u00e4gern. Leichter geht\u00b4s nicht. Weltrekordler.Mit dem AIRY stellte Tubus den weltweit ersten Gep\u00e4cktr\u00e4ger aus dem Werkstoff TITAN vor. Mit einer Tragf\u00e4higkeit von 30 kg, bei einem Eigengewicht von 230 Gramm, tr\u00e4gt der Airy deutlich mehr als sein 100faches Eigengewicht.<\/p>\n<hr \/>\n<h3>Produkteigenschaften<\/h3>\n<ul>\n<li><strong>Material:<\/strong>\u00a0Titanium<\/li>\n<li><strong>Radgr\u00f6\u00dfe:\u00a0<\/strong>unisize 26&#8243;\/28&#8243;<\/li>\n<li><strong>Anbauteile:<\/strong>\u00a0ca. 120 g<\/li>\n<li><strong>Zuladung:<\/strong>\u00a030 Kg<\/li>\n<\/ul>\n<h3>Gewicht<\/h3>\n<ul>\n<li>ca. 233 g<\/li>\n<\/ul>\n<hr \/>\n<h3>Lieferumfang<\/h3>\n<ul>\n<li>1 x Airy Gep\u00e4cktr\u00e4ger 26&#8243; &#8211; 28&#8243;<\/li>\n<\/ul>","protected":false},"excerpt":{"rendered":"<p>Tubus\u00a0Airy Gep\u00e4cktr\u00e4ger 26&#8243; &#8211; 28&#8243; Der Tubus Airy Gep\u00e4cktr\u00e4ger\u00a0 Titan unter den Tr\u00e4gern. Leichter geht\u00b4s nicht. Weltrekordler.Mit dem AIRY stellte<\/p>","protected":false},"featured_media":64231,"comment_status":"open","ping_status":"closed","template":"","meta":[],"product_brand":[],"product_cat":[574,573],"product_tag":[],"class_list":{"0":"post-47379","1":"product","2":"type-product","3":"status-publish","4":"has-post-thumbnail","6":"product_cat-anbauteile","7":"product_cat-zubehor","8":"pa_marke-tubus","10":"first","11":"instock","12":"sale","13":"taxable","14":"shipping-taxable","15":"purchasable","16":"product-type-simple"},"yoast_head":"<!-- This site is optimized with the Yoast SEO Premium plugin v20.12 (Yoast SEO v27.1.1) - https:\/\/yoast.com\/product\/yoast-seo-premium-wordpress\/ -->\n<title>Tubus Airy Gep\u00e4cktr\u00e4ger 26&quot; - 28&quot;<\/title>\n<meta name=\"description\" content=\"kgerad.de bietet Ihnen das Tubus Airy Gep\u00e4cktr\u00e4ger 26&quot; - 28&quot; zum besten Preis mit kostenlosem Versand in ganz EuropaTubus Airy Gep\u00e4cktr\u00e4ger\" \/>\n<meta name=\"robots\" content=\"index, follow, max-snippet:-1, max-image-preview:large, max-video-preview:-1\" \/>\n<link rel=\"canonical\" href=\"https:\/\/kgerad.de\/en\/product\/tubus-airy-gepaecktraeger-26-28\/\" \/>\n<meta property=\"og:locale\" content=\"en_US\" \/>\n<meta property=\"og:type\" content=\"article\" \/>\n<meta property=\"og:title\" content=\"Tubus Airy Gep\u00e4cktr\u00e4ger 26&quot; - 28&quot;\" \/>\n<meta property=\"og:description\" content=\"Entdecken Sie unseren Online-Fahrradladen: Gro\u00dfe Auswahl an Modellen f\u00fcr alle Radsportbegeisterten. Von Rennr\u00e4dern bis zu Mountainbikes - finden Sie heute Ihren perfekten Wegbegleiter!\" \/>\n<meta property=\"og:url\" content=\"https:\/\/kgerad.de\/en\/product\/tubus-airy-gepaecktraeger-26-28\/\" \/>\n<meta property=\"og:site_name\" content=\"kgerad.de\" \/>\n<meta property=\"article:modified_time\" content=\"2023-08-10T18:34:02+00:00\" \/>\n<meta property=\"og:image\" content=\"https:\/\/kgerad.de\/wp-content\/uploads\/2023\/06\/33000_800x800-0.jpg\" \/>\n\t<meta property=\"og:image:width\" content=\"700\" \/>\n\t<meta property=\"og:image:height\" content=\"764\" \/>\n\t<meta property=\"og:image:type\" content=\"image\/jpeg\" \/>\n<meta name=\"twitter:card\" content=\"summary_large_image\" \/>\n<meta name=\"twitter:label1\" content=\"Est. reading time\" \/>\n\t<meta name=\"twitter:data1\" content=\"1 minute\" \/>\n<script type=\"application\/ld+json\" class=\"yoast-schema-graph\">{\"@context\":\"https:\/\/schema.org\",\"@graph\":[{\"@type\":\"WebPage\",\"@id\":\"https:\/\/kgerad.de\/produkt\/tubus-airy-gepaecktraeger-26-28\/\",\"url\":\"https:\/\/kgerad.de\/produkt\/tubus-airy-gepaecktraeger-26-28\/\",\"name\":\"Tubus Airy Gep\u00e4cktr\u00e4ger 26\\\" - 28\\\"\",\"isPartOf\":{\"@id\":\"https:\/\/kgerad.de\/#website\"},\"primaryImageOfPage\":{\"@id\":\"https:\/\/kgerad.de\/produkt\/tubus-airy-gepaecktraeger-26-28\/#primaryimage\"},\"image\":{\"@id\":\"https:\/\/kgerad.de\/produkt\/tubus-airy-gepaecktraeger-26-28\/#primaryimage\"},\"thumbnailUrl\":\"https:\/\/kgerad.de\/wp-content\/uploads\/2023\/06\/33000_800x800-0.jpg\",\"datePublished\":\"2022-12-02T13:25:56+00:00\",\"dateModified\":\"2023-08-10T18:34:02+00:00\",\"description\":\"kgerad.de bietet Ihnen das Tubus Airy Gep\u00e4cktr\u00e4ger 26\\\" - 28\\\" zum besten Preis mit kostenlosem Versand in ganz EuropaTubus Airy Gep\u00e4cktr\u00e4ger\",\"breadcrumb\":{\"@id\":\"https:\/\/kgerad.de\/produkt\/tubus-airy-gepaecktraeger-26-28\/#breadcrumb\"},\"inLanguage\":\"en-US\",\"potentialAction\":[{\"@type\":\"ReadAction\",\"target\":[\"https:\/\/kgerad.de\/produkt\/tubus-airy-gepaecktraeger-26-28\/\"]}]},{\"@type\":\"ImageObject\",\"inLanguage\":\"en-US\",\"@id\":\"https:\/\/kgerad.de\/produkt\/tubus-airy-gepaecktraeger-26-28\/#primaryimage\",\"url\":\"https:\/\/kgerad.de\/wp-content\/uploads\/2023\/06\/33000_800x800-0.jpg\",\"contentUrl\":\"https:\/\/kgerad.de\/wp-content\/uploads\/2023\/06\/33000_800x800-0.jpg\",\"width\":700,\"height\":764,\"caption\":\"Tubus Airy Gep\u00e4cktr\u00e4ger 26 - 28\"},{\"@type\":\"BreadcrumbList\",\"@id\":\"https:\/\/kgerad.de\/produkt\/tubus-airy-gepaecktraeger-26-28\/#breadcrumb\",\"itemListElement\":[{\"@type\":\"ListItem\",\"position\":1,\"name\":\"Startseite\",\"item\":\"https:\/\/kgerad.de\/\"},{\"@type\":\"ListItem\",\"position\":2,\"name\":\"LADEN\",\"item\":\"https:\/\/kgerad.de\/laden\/\"},{\"@type\":\"ListItem\",\"position\":3,\"name\":\"Tubus Airy Gep\u00e4cktr\u00e4ger 26&#8243; &#8211; 28&#8243;\"}]},{\"@type\":\"WebSite\",\"@id\":\"https:\/\/kgerad.de\/#website\",\"url\":\"https:\/\/kgerad.de\/\",\"name\":\"kgerad.de\",\"description\":\"Treten Sie mit uns ins Abenteuer!\",\"publisher\":{\"@id\":\"https:\/\/kgerad.de\/#organization\"},\"alternateName\":\"MEIN RADLADEN\",\"potentialAction\":[{\"@type\":\"SearchAction\",\"target\":{\"@type\":\"EntryPoint\",\"urlTemplate\":\"https:\/\/kgerad.de\/?s={search_term_string}\"},\"query-input\":{\"@type\":\"PropertyValueSpecification\",\"valueRequired\":true,\"valueName\":\"search_term_string\"}}],\"inLanguage\":\"en-US\"},{\"@type\":\"Organization\",\"@id\":\"https:\/\/kgerad.de\/#organization\",\"name\":\"MEINRADLADEN\",\"alternateName\":\"MEIN RADLADEN\",\"url\":\"https:\/\/kgerad.de\/\",\"logo\":{\"@type\":\"ImageObject\",\"inLanguage\":\"en-US\",\"@id\":\"https:\/\/kgerad.de\/#\/schema\/logo\/image\/\",\"url\":\"https:\/\/kgerad.de\/wp-content\/uploads\/2025\/07\/logo-Whit.svg\",\"contentUrl\":\"https:\/\/kgerad.de\/wp-content\/uploads\/2025\/07\/logo-Whit.svg\",\"width\":1640,\"height\":371,\"caption\":\"MEINRADLADEN\"},\"image\":{\"@id\":\"https:\/\/kgerad.de\/#\/schema\/logo\/image\/\"}}]}<\/script>\n<!-- \/ Yoast SEO Premium plugin. -->","yoast_head_json":{"title":"Tubus Airy Gep\u00e4cktr\u00e4ger 26\" - 28\"","description":"kgerad.de bietet Ihnen das Tubus Airy Gep\u00e4cktr\u00e4ger 26\" - 28\" zum besten Preis mit kostenlosem Versand in ganz EuropaTubus Airy Gep\u00e4cktr\u00e4ger","robots":{"index":"index","follow":"follow","max-snippet":"max-snippet:-1","max-image-preview":"max-image-preview:large","max-video-preview":"max-video-preview:-1"},"canonical":"https:\/\/kgerad.de\/en\/product\/tubus-airy-gepaecktraeger-26-28\/","og_locale":"en_US","og_type":"article","og_title":"Tubus Airy Gep\u00e4cktr\u00e4ger 26\" - 28\"","og_description":"Entdecken Sie unseren Online-Fahrradladen: Gro\u00dfe Auswahl an Modellen f\u00fcr alle Radsportbegeisterten. Von Rennr\u00e4dern bis zu Mountainbikes - finden Sie heute Ihren perfekten Wegbegleiter!","og_url":"https:\/\/kgerad.de\/en\/product\/tubus-airy-gepaecktraeger-26-28\/","og_site_name":"kgerad.de","article_modified_time":"2023-08-10T18:34:02+00:00","og_image":[{"width":700,"height":764,"url":"https:\/\/kgerad.de\/wp-content\/uploads\/2023\/06\/33000_800x800-0.jpg","type":"image\/jpeg"}],"twitter_card":"summary_large_image","twitter_misc":{"Est. reading time":"1 minute"},"schema":{"@context":"https:\/\/schema.org","@graph":[{"@type":"WebPage","@id":"https:\/\/kgerad.de\/produkt\/tubus-airy-gepaecktraeger-26-28\/","url":"https:\/\/kgerad.de\/produkt\/tubus-airy-gepaecktraeger-26-28\/","name":"Tubus Airy Gep\u00e4cktr\u00e4ger 26\" - 28\"","isPartOf":{"@id":"https:\/\/kgerad.de\/#website"},"primaryImageOfPage":{"@id":"https:\/\/kgerad.de\/produkt\/tubus-airy-gepaecktraeger-26-28\/#primaryimage"},"image":{"@id":"https:\/\/kgerad.de\/produkt\/tubus-airy-gepaecktraeger-26-28\/#primaryimage"},"thumbnailUrl":"https:\/\/kgerad.de\/wp-content\/uploads\/2023\/06\/33000_800x800-0.jpg","datePublished":"2022-12-02T13:25:56+00:00","dateModified":"2023-08-10T18:34:02+00:00","description":"kgerad.de bietet Ihnen das Tubus Airy Gep\u00e4cktr\u00e4ger 26\" - 28\" zum besten Preis mit kostenlosem Versand in ganz EuropaTubus Airy Gep\u00e4cktr\u00e4ger","breadcrumb":{"@id":"https:\/\/kgerad.de\/produkt\/tubus-airy-gepaecktraeger-26-28\/#breadcrumb"},"inLanguage":"en-US","potentialAction":[{"@type":"ReadAction","target":["https:\/\/kgerad.de\/produkt\/tubus-airy-gepaecktraeger-26-28\/"]}]},{"@type":"ImageObject","inLanguage":"en-US","@id":"https:\/\/kgerad.de\/produkt\/tubus-airy-gepaecktraeger-26-28\/#primaryimage","url":"https:\/\/kgerad.de\/wp-content\/uploads\/2023\/06\/33000_800x800-0.jpg","contentUrl":"https:\/\/kgerad.de\/wp-content\/uploads\/2023\/06\/33000_800x800-0.jpg","width":700,"height":764,"caption":"Tubus Airy Gep\u00e4cktr\u00e4ger 26 - 28"},{"@type":"BreadcrumbList","@id":"https:\/\/kgerad.de\/produkt\/tubus-airy-gepaecktraeger-26-28\/#breadcrumb","itemListElement":[{"@type":"ListItem","position":1,"name":"Startseite","item":"https:\/\/kgerad.de\/"},{"@type":"ListItem","position":2,"name":"LADEN","item":"https:\/\/kgerad.de\/laden\/"},{"@type":"ListItem","position":3,"name":"Tubus Airy Gep\u00e4cktr\u00e4ger 26&#8243; &#8211; 28&#8243;"}]},{"@type":"WebSite","@id":"https:\/\/kgerad.de\/#website","url":"https:\/\/kgerad.de\/","name":"kgerad.de","description":"Treten Sie mit uns ins Abenteuer!","publisher":{"@id":"https:\/\/kgerad.de\/#organization"},"alternateName":"MEIN RADLADEN","potentialAction":[{"@type":"SearchAction","target":{"@type":"EntryPoint","urlTemplate":"https:\/\/kgerad.de\/?s={search_term_string}"},"query-input":{"@type":"PropertyValueSpecification","valueRequired":true,"valueName":"search_term_string"}}],"inLanguage":"en-US"},{"@type":"Organization","@id":"https:\/\/kgerad.de\/#organization","name":"MEINRADLADEN","alternateName":"MEIN RADLADEN","url":"https:\/\/kgerad.de\/","logo":{"@type":"ImageObject","inLanguage":"en-US","@id":"https:\/\/kgerad.de\/#\/schema\/logo\/image\/","url":"https:\/\/kgerad.de\/wp-content\/uploads\/2025\/07\/logo-Whit.svg","contentUrl":"https:\/\/kgerad.de\/wp-content\/uploads\/2025\/07\/logo-Whit.svg","width":1640,"height":371,"caption":"MEINRADLADEN"},"image":{"@id":"https:\/\/kgerad.de\/#\/schema\/logo\/image\/"}}]}},"_links":{"self":[{"href":"https:\/\/kgerad.de\/en\/wp-json\/wp\/v2\/product\/47379","targetHints":{"allow":["GET"]}}],"collection":[{"href":"https:\/\/kgerad.de\/en\/wp-json\/wp\/v2\/product"}],"about":[{"href":"https:\/\/kgerad.de\/en\/wp-json\/wp\/v2\/types\/product"}],"replies":[{"embeddable":true,"href":"https:\/\/kgerad.de\/en\/wp-json\/wp\/v2\/comments?post=47379"}],"version-history":[{"count":1,"href":"https:\/\/kgerad.de\/en\/wp-json\/wp\/v2\/product\/47379\/revisions"}],"predecessor-version":[{"id":78872,"href":"https:\/\/kgerad.de\/en\/wp-json\/wp\/v2\/product\/47379\/revisions\/78872"}],"wp:featuredmedia":[{"embeddable":true,"href":"https:\/\/kgerad.de\/en\/wp-json\/wp\/v2\/media\/64231"}],"wp:attachment":[{"href":"https:\/\/kgerad.de\/en\/wp-json\/wp\/v2\/media?parent=47379"}],"wp:term":[{"taxonomy":"product_brand","embeddable":true,"href":"https:\/\/kgerad.de\/en\/wp-json\/wp\/v2\/product_brand?post=47379"},{"taxonomy":"product_cat","embeddable":true,"href":"https:\/\/kgerad.de\/en\/wp-json\/wp\/v2\/product_cat?post=47379"},{"taxonomy":"product_tag","embeddable":true,"href":"https:\/\/kgerad.de\/en\/wp-json\/wp\/v2\/product_tag?post=47379"}],"curies":[{"name":"wp","href":"https:\/\/api.w.org\/{rel}","templated":true}]}}