{"id":47363,"date":"2022-12-01T20:12:26","date_gmt":"2022-12-01T19:12:26","guid":{"rendered":"https:\/\/kgerad.de\/?post_type=product&#038;p=47363"},"modified":"2023-08-10T20:34:15","modified_gmt":"2023-08-10T18:34:15","slug":"fulcrum-racing-900-disc-shimano-laufradsatz","status":"publish","type":"product","link":"https:\/\/kgerad.de\/en\/product\/fulcrum-racing-900-disc-shimano-laufradsatz\/","title":{"rendered":"Fulcrum Racing 900 Disc Shimano Laufradsatz"},"content":{"rendered":"<div class=\"product--headername\">\n<h2 class=\"product--title\"><strong>Fulcrum<\/strong> Racing 900 Disc Shimano Laufradsatz<\/h2>\n<\/div>\n<div class=\"product--description\">\n<p>Der Fulcrum Racing 900 DB 700C ist das Einstiegsmodell der Racing DB-Familie vereint Leistung und Zuverl\u00e4ssigkeit mit einem g\u00fcnstigen Preis. Die flachen 22 mm Aluminium-Felgen mit einem Innenma\u00df von 19 mm machen die Laufr\u00e4der sehr Vielseitig, egal ob beim Training oder bei Stra\u00dfen-Fahrten mit einem Gravelbike.<\/p>\n<hr \/>\n<h3>Features &#8211; Fulcrum Racing 900 DB 700C Shimano Laufradsatz<\/h3>\n<ul>\n<li>Solider und pr\u00e4sizer Aluminiumlaufradsatz<\/li>\n<li>Dank 2-Way-Fit Ready Technologie auch zu Tubeless-System umr\u00fcstbar<\/li>\n<li>AFS-Axle System zur Befestigung der Scheibenbremse (Center Lock kompatibel)<\/li>\n<li>Anti-Rotation System sorgt f\u00fcr eine gleichbleibende Spannung der Speichen und garantiert so die bestm\u00f6gliche Aerodynamik<\/li>\n<\/ul>\n<h3>Produkteigenschaften<\/h3>\n<ul>\n<li><strong>Einsatzbereich:\u00a0<\/strong>Rennrad, Gravel<\/li>\n<li><strong>Modell:\u00a0<\/strong>Racing 900 DB<\/li>\n<li><strong>Laufradgr\u00f6\u00dfe:<\/strong>\u00a028&#8243;<\/li>\n<li><strong>Felgengr\u00f6\u00dfe:<\/strong>\u00a0622x19mm<\/li>\n<li><strong>Felgenh\u00f6he:<\/strong>\u00a022mm<\/li>\n<li><strong>Felgenbreite:<\/strong>\u00a023,8mm<\/li>\n<li><strong>Innenweite:\u00a0<\/strong>19mm<\/li>\n<li><strong>Reifentyp:<\/strong>\u00a0Falt-\/Drahtreifen<\/li>\n<li><strong>Tubeless-System:<\/strong>\u00a0Ja\u00a0<em>(nicht im Lieferumfang enthalten!)<\/em><\/li>\n<li><strong>Bremsentyp:<\/strong>\u00a0Scheibenbremse<\/li>\n<li><strong>Aufnahme:<\/strong>\u00a0AFS (Center-Lock) Disc<\/li>\n<li><strong>Einbaubreite vorne:\u00a0<\/strong>12 x 100mm Steckachse<\/li>\n<li><strong>Einbaubreite hinten:<\/strong>12 x 142mm Steckachse<\/li>\n<li><strong>Lager:<\/strong>\u00a0Industrielager<\/li>\n<li><strong>Speichen:<\/strong>\u00a0vorne 28 \/ hinten 28<\/li>\n<li><strong>Reifenbreite:<\/strong>\u00a023mm bis 40mm<\/li>\n<li><strong>Gewichtslimit:<\/strong>\u00a0120kg (System: Fahrer, Fahrrad, Ausr\u00fcstung und Gep\u00e4ck)<\/li>\n<\/ul>\n<h3>Freilaufkompatibilit\u00e4t<\/h3>\n<ul>\n<li>Shimano HG 9\/10\/11-fach<\/li>\n<\/ul>\n<h3>Material<\/h3>\n<ul>\n<li><strong>Felgen:\u00a0<\/strong>Aluminium<\/li>\n<li><strong>Nabe VR:\u00a0<\/strong>Aluminiumnabenk\u00f6rper mit Aluminiumflanken<\/li>\n<li><strong>Nabe HR:\u00a0<\/strong>Aluminiumnabenk\u00f6rper mit Aluminiumflanken<\/li>\n<li><strong>Speichen:<\/strong>\u00a0Edelstahl<\/li>\n<li><strong>Nippel:<\/strong>\u00a0Messing<\/li>\n<\/ul>\n<h3><strong>Farbe<br \/>\n<\/strong><\/h3>\n<ul>\n<li>schwarz<\/li>\n<\/ul>\n<h3><strong>Gewicht<\/strong><\/h3>\n<ul>\n<li>ca. 900g \/ Vorderrad<\/li>\n<li>ca. 1090g \/ Hinterrad<\/li>\n<li>ca. 1990g \/ Paar<\/li>\n<\/ul>\n<hr \/>\n<h3>Lieferumfang<\/h3>\n<ul>\n<li>1 x Fulcrum Racing 900 Disc Shimano Laufradsatz<\/li>\n<li>Inkl. Felgenband<\/li>\n<\/ul>\n<p><em>Steckachsen nicht im Lieferumfang enthalten!<\/em><\/p>\n<hr \/>\n<h3>Technologien<\/h3>\n<p><strong>AFS-AXLE SYSTEM\u2122<\/strong><br \/>\nDas Axial Fixing System\u2122 ist die von Fulcrum\u00ae entwickelte L\u00f6sung zur Befestigung der Scheibenbremse an der Nabe. Die durch den Sto\u00dfbereich des Ausl\u00f6semechanismus gew\u00e4hrte Spannung, die gr\u00f6\u00dfer als bei den bekannten Standardausf\u00fchrungen ist erm\u00f6glicht es, eine gr\u00f6\u00dfere strukturelle Steifigkeit und somit eine pr\u00e4zisere und leistungsf\u00e4higere Bremsung zu erzielen.<\/p>\n<p><strong>2-WAY FIT\u2122<\/strong><br \/>\nDer Laufradsatz kann auf Tubelessreifen umger\u00fcstet werden. Die Konvertierung ist nur f\u00fcr bestimmte Reifentypen zugelassen. Weitere Informationen findest du auf der Website von Fulcrum.<\/p>\n<\/div>","protected":false},"excerpt":{"rendered":"<p>Fulcrum Racing 900 Disc Shimano Laufradsatz Der Fulcrum Racing 900 DB 700C ist das Einstiegsmodell der Racing DB-Familie vereint Leistung<\/p>","protected":false},"featured_media":64224,"comment_status":"open","ping_status":"closed","template":"","meta":[],"product_brand":[],"product_cat":[567,423],"product_tag":[],"class_list":{"0":"post-47363","1":"product","2":"type-product","3":"status-publish","4":"has-post-thumbnail","6":"product_cat-gravel-bike-cyclocross-teile","7":"product_cat-teile","8":"pa_marke-fulcrum","10":"first","11":"instock","12":"sale","13":"taxable","14":"shipping-taxable","15":"purchasable","16":"product-type-simple"},"yoast_head":"<!-- This site is optimized with the Yoast SEO Premium plugin v20.12 (Yoast SEO v27.1.1) - https:\/\/yoast.com\/product\/yoast-seo-premium-wordpress\/ -->\n<title>Fulcrum Racing 900 Disc Shimano Laufradsatz<\/title>\n<meta name=\"description\" content=\"Entdecken Sie unseren Online-Fahrradladen: Gro\u00dfe Auswahl an Modellen f\u00fcr alle Radsportbegeisterten. Von Rennr\u00e4dern bis zu Mountainbikes - finden Sie heute Ihren perfekten Wegbegleiter!\" \/>\n<meta name=\"robots\" content=\"index, follow, max-snippet:-1, max-image-preview:large, max-video-preview:-1\" \/>\n<link rel=\"canonical\" href=\"https:\/\/kgerad.de\/en\/product\/fulcrum-racing-900-disc-shimano-laufradsatz\/\" \/>\n<meta property=\"og:locale\" content=\"en_US\" \/>\n<meta property=\"og:type\" content=\"article\" \/>\n<meta property=\"og:title\" content=\"Fulcrum Racing 900 Disc Shimano Laufradsatz\" \/>\n<meta property=\"og:description\" content=\"Entdecken Sie unseren Online-Fahrradladen: Gro\u00dfe Auswahl an Modellen f\u00fcr alle Radsportbegeisterten. Von Rennr\u00e4dern bis zu Mountainbikes - finden Sie heute Ihren perfekten Wegbegleiter!\" \/>\n<meta property=\"og:url\" content=\"https:\/\/kgerad.de\/en\/product\/fulcrum-racing-900-disc-shimano-laufradsatz\/\" \/>\n<meta property=\"og:site_name\" content=\"kgerad.de\" \/>\n<meta property=\"article:modified_time\" content=\"2023-08-10T18:34:15+00:00\" \/>\n<meta property=\"og:image\" content=\"https:\/\/kgerad.de\/wp-content\/uploads\/2023\/06\/Fulcrum-Racing-900-Disc-Shimano-Laufradsatz-20114560_a_800x800-0.jpg\" \/>\n\t<meta property=\"og:image:width\" content=\"800\" \/>\n\t<meta property=\"og:image:height\" content=\"413\" \/>\n\t<meta property=\"og:image:type\" content=\"image\/jpeg\" \/>\n<meta name=\"twitter:card\" content=\"summary_large_image\" \/>\n<meta name=\"twitter:label1\" content=\"Est. reading time\" \/>\n\t<meta name=\"twitter:data1\" content=\"2 minutes\" \/>\n<script type=\"application\/ld+json\" class=\"yoast-schema-graph\">{\"@context\":\"https:\/\/schema.org\",\"@graph\":[{\"@type\":\"WebPage\",\"@id\":\"https:\/\/kgerad.de\/produkt\/fulcrum-racing-900-disc-shimano-laufradsatz\/\",\"url\":\"https:\/\/kgerad.de\/produkt\/fulcrum-racing-900-disc-shimano-laufradsatz\/\",\"name\":\"Fulcrum Racing 900 Disc Shimano Laufradsatz\",\"isPartOf\":{\"@id\":\"https:\/\/kgerad.de\/#website\"},\"primaryImageOfPage\":{\"@id\":\"https:\/\/kgerad.de\/produkt\/fulcrum-racing-900-disc-shimano-laufradsatz\/#primaryimage\"},\"image\":{\"@id\":\"https:\/\/kgerad.de\/produkt\/fulcrum-racing-900-disc-shimano-laufradsatz\/#primaryimage\"},\"thumbnailUrl\":\"https:\/\/kgerad.de\/wp-content\/uploads\/2023\/06\/Fulcrum-Racing-900-Disc-Shimano-Laufradsatz-20114560_a_800x800-0.jpg\",\"datePublished\":\"2022-12-01T19:12:26+00:00\",\"dateModified\":\"2023-08-10T18:34:15+00:00\",\"description\":\"Entdecken Sie unseren Online-Fahrradladen: Gro\u00dfe Auswahl an Modellen f\u00fcr alle Radsportbegeisterten. Von Rennr\u00e4dern bis zu Mountainbikes - finden Sie heute Ihren perfekten Wegbegleiter!\",\"breadcrumb\":{\"@id\":\"https:\/\/kgerad.de\/produkt\/fulcrum-racing-900-disc-shimano-laufradsatz\/#breadcrumb\"},\"inLanguage\":\"en-US\",\"potentialAction\":[{\"@type\":\"ReadAction\",\"target\":[\"https:\/\/kgerad.de\/produkt\/fulcrum-racing-900-disc-shimano-laufradsatz\/\"]}]},{\"@type\":\"ImageObject\",\"inLanguage\":\"en-US\",\"@id\":\"https:\/\/kgerad.de\/produkt\/fulcrum-racing-900-disc-shimano-laufradsatz\/#primaryimage\",\"url\":\"https:\/\/kgerad.de\/wp-content\/uploads\/2023\/06\/Fulcrum-Racing-900-Disc-Shimano-Laufradsatz-20114560_a_800x800-0.jpg\",\"contentUrl\":\"https:\/\/kgerad.de\/wp-content\/uploads\/2023\/06\/Fulcrum-Racing-900-Disc-Shimano-Laufradsatz-20114560_a_800x800-0.jpg\",\"width\":800,\"height\":413,\"caption\":\"Fulcrum Racing 900 Disc Shimano Laufradsatz\"},{\"@type\":\"BreadcrumbList\",\"@id\":\"https:\/\/kgerad.de\/produkt\/fulcrum-racing-900-disc-shimano-laufradsatz\/#breadcrumb\",\"itemListElement\":[{\"@type\":\"ListItem\",\"position\":1,\"name\":\"Startseite\",\"item\":\"https:\/\/kgerad.de\/\"},{\"@type\":\"ListItem\",\"position\":2,\"name\":\"LADEN\",\"item\":\"https:\/\/kgerad.de\/laden\/\"},{\"@type\":\"ListItem\",\"position\":3,\"name\":\"Fulcrum Racing 900 Disc Shimano Laufradsatz\"}]},{\"@type\":\"WebSite\",\"@id\":\"https:\/\/kgerad.de\/#website\",\"url\":\"https:\/\/kgerad.de\/\",\"name\":\"kgerad.de\",\"description\":\"Treten Sie mit uns ins Abenteuer!\",\"publisher\":{\"@id\":\"https:\/\/kgerad.de\/#organization\"},\"alternateName\":\"MEIN RADLADEN\",\"potentialAction\":[{\"@type\":\"SearchAction\",\"target\":{\"@type\":\"EntryPoint\",\"urlTemplate\":\"https:\/\/kgerad.de\/?s={search_term_string}\"},\"query-input\":{\"@type\":\"PropertyValueSpecification\",\"valueRequired\":true,\"valueName\":\"search_term_string\"}}],\"inLanguage\":\"en-US\"},{\"@type\":\"Organization\",\"@id\":\"https:\/\/kgerad.de\/#organization\",\"name\":\"MEINRADLADEN\",\"alternateName\":\"MEIN RADLADEN\",\"url\":\"https:\/\/kgerad.de\/\",\"logo\":{\"@type\":\"ImageObject\",\"inLanguage\":\"en-US\",\"@id\":\"https:\/\/kgerad.de\/#\/schema\/logo\/image\/\",\"url\":\"https:\/\/kgerad.de\/wp-content\/uploads\/2025\/07\/logo-Whit.svg\",\"contentUrl\":\"https:\/\/kgerad.de\/wp-content\/uploads\/2025\/07\/logo-Whit.svg\",\"width\":1640,\"height\":371,\"caption\":\"MEINRADLADEN\"},\"image\":{\"@id\":\"https:\/\/kgerad.de\/#\/schema\/logo\/image\/\"}}]}<\/script>\n<!-- \/ Yoast SEO Premium plugin. -->","yoast_head_json":{"title":"Fulcrum Racing 900 Disc Shimano Laufradsatz","description":"Entdecken Sie unseren Online-Fahrradladen: Gro\u00dfe Auswahl an Modellen f\u00fcr alle Radsportbegeisterten. Von Rennr\u00e4dern bis zu Mountainbikes - finden Sie heute Ihren perfekten Wegbegleiter!","robots":{"index":"index","follow":"follow","max-snippet":"max-snippet:-1","max-image-preview":"max-image-preview:large","max-video-preview":"max-video-preview:-1"},"canonical":"https:\/\/kgerad.de\/en\/product\/fulcrum-racing-900-disc-shimano-laufradsatz\/","og_locale":"en_US","og_type":"article","og_title":"Fulcrum Racing 900 Disc Shimano Laufradsatz","og_description":"Entdecken Sie unseren Online-Fahrradladen: Gro\u00dfe Auswahl an Modellen f\u00fcr alle Radsportbegeisterten. Von Rennr\u00e4dern bis zu Mountainbikes - finden Sie heute Ihren perfekten Wegbegleiter!","og_url":"https:\/\/kgerad.de\/en\/product\/fulcrum-racing-900-disc-shimano-laufradsatz\/","og_site_name":"kgerad.de","article_modified_time":"2023-08-10T18:34:15+00:00","og_image":[{"width":800,"height":413,"url":"https:\/\/kgerad.de\/wp-content\/uploads\/2023\/06\/Fulcrum-Racing-900-Disc-Shimano-Laufradsatz-20114560_a_800x800-0.jpg","type":"image\/jpeg"}],"twitter_card":"summary_large_image","twitter_misc":{"Est. reading time":"2 minutes"},"schema":{"@context":"https:\/\/schema.org","@graph":[{"@type":"WebPage","@id":"https:\/\/kgerad.de\/produkt\/fulcrum-racing-900-disc-shimano-laufradsatz\/","url":"https:\/\/kgerad.de\/produkt\/fulcrum-racing-900-disc-shimano-laufradsatz\/","name":"Fulcrum Racing 900 Disc Shimano Laufradsatz","isPartOf":{"@id":"https:\/\/kgerad.de\/#website"},"primaryImageOfPage":{"@id":"https:\/\/kgerad.de\/produkt\/fulcrum-racing-900-disc-shimano-laufradsatz\/#primaryimage"},"image":{"@id":"https:\/\/kgerad.de\/produkt\/fulcrum-racing-900-disc-shimano-laufradsatz\/#primaryimage"},"thumbnailUrl":"https:\/\/kgerad.de\/wp-content\/uploads\/2023\/06\/Fulcrum-Racing-900-Disc-Shimano-Laufradsatz-20114560_a_800x800-0.jpg","datePublished":"2022-12-01T19:12:26+00:00","dateModified":"2023-08-10T18:34:15+00:00","description":"Entdecken Sie unseren Online-Fahrradladen: Gro\u00dfe Auswahl an Modellen f\u00fcr alle Radsportbegeisterten. Von Rennr\u00e4dern bis zu Mountainbikes - finden Sie heute Ihren perfekten Wegbegleiter!","breadcrumb":{"@id":"https:\/\/kgerad.de\/produkt\/fulcrum-racing-900-disc-shimano-laufradsatz\/#breadcrumb"},"inLanguage":"en-US","potentialAction":[{"@type":"ReadAction","target":["https:\/\/kgerad.de\/produkt\/fulcrum-racing-900-disc-shimano-laufradsatz\/"]}]},{"@type":"ImageObject","inLanguage":"en-US","@id":"https:\/\/kgerad.de\/produkt\/fulcrum-racing-900-disc-shimano-laufradsatz\/#primaryimage","url":"https:\/\/kgerad.de\/wp-content\/uploads\/2023\/06\/Fulcrum-Racing-900-Disc-Shimano-Laufradsatz-20114560_a_800x800-0.jpg","contentUrl":"https:\/\/kgerad.de\/wp-content\/uploads\/2023\/06\/Fulcrum-Racing-900-Disc-Shimano-Laufradsatz-20114560_a_800x800-0.jpg","width":800,"height":413,"caption":"Fulcrum Racing 900 Disc Shimano Laufradsatz"},{"@type":"BreadcrumbList","@id":"https:\/\/kgerad.de\/produkt\/fulcrum-racing-900-disc-shimano-laufradsatz\/#breadcrumb","itemListElement":[{"@type":"ListItem","position":1,"name":"Startseite","item":"https:\/\/kgerad.de\/"},{"@type":"ListItem","position":2,"name":"LADEN","item":"https:\/\/kgerad.de\/laden\/"},{"@type":"ListItem","position":3,"name":"Fulcrum Racing 900 Disc Shimano Laufradsatz"}]},{"@type":"WebSite","@id":"https:\/\/kgerad.de\/#website","url":"https:\/\/kgerad.de\/","name":"kgerad.de","description":"Treten Sie mit uns ins Abenteuer!","publisher":{"@id":"https:\/\/kgerad.de\/#organization"},"alternateName":"MEIN RADLADEN","potentialAction":[{"@type":"SearchAction","target":{"@type":"EntryPoint","urlTemplate":"https:\/\/kgerad.de\/?s={search_term_string}"},"query-input":{"@type":"PropertyValueSpecification","valueRequired":true,"valueName":"search_term_string"}}],"inLanguage":"en-US"},{"@type":"Organization","@id":"https:\/\/kgerad.de\/#organization","name":"MEINRADLADEN","alternateName":"MEIN RADLADEN","url":"https:\/\/kgerad.de\/","logo":{"@type":"ImageObject","inLanguage":"en-US","@id":"https:\/\/kgerad.de\/#\/schema\/logo\/image\/","url":"https:\/\/kgerad.de\/wp-content\/uploads\/2025\/07\/logo-Whit.svg","contentUrl":"https:\/\/kgerad.de\/wp-content\/uploads\/2025\/07\/logo-Whit.svg","width":1640,"height":371,"caption":"MEINRADLADEN"},"image":{"@id":"https:\/\/kgerad.de\/#\/schema\/logo\/image\/"}}]}},"_links":{"self":[{"href":"https:\/\/kgerad.de\/en\/wp-json\/wp\/v2\/product\/47363","targetHints":{"allow":["GET"]}}],"collection":[{"href":"https:\/\/kgerad.de\/en\/wp-json\/wp\/v2\/product"}],"about":[{"href":"https:\/\/kgerad.de\/en\/wp-json\/wp\/v2\/types\/product"}],"replies":[{"embeddable":true,"href":"https:\/\/kgerad.de\/en\/wp-json\/wp\/v2\/comments?post=47363"}],"version-history":[{"count":1,"href":"https:\/\/kgerad.de\/en\/wp-json\/wp\/v2\/product\/47363\/revisions"}],"predecessor-version":[{"id":78874,"href":"https:\/\/kgerad.de\/en\/wp-json\/wp\/v2\/product\/47363\/revisions\/78874"}],"wp:featuredmedia":[{"embeddable":true,"href":"https:\/\/kgerad.de\/en\/wp-json\/wp\/v2\/media\/64224"}],"wp:attachment":[{"href":"https:\/\/kgerad.de\/en\/wp-json\/wp\/v2\/media?parent=47363"}],"wp:term":[{"taxonomy":"product_brand","embeddable":true,"href":"https:\/\/kgerad.de\/en\/wp-json\/wp\/v2\/product_brand?post=47363"},{"taxonomy":"product_cat","embeddable":true,"href":"https:\/\/kgerad.de\/en\/wp-json\/wp\/v2\/product_cat?post=47363"},{"taxonomy":"product_tag","embeddable":true,"href":"https:\/\/kgerad.de\/en\/wp-json\/wp\/v2\/product_tag?post=47363"}],"curies":[{"name":"wp","href":"https:\/\/api.w.org\/{rel}","templated":true}]}}