{"id":47357,"date":"2022-12-01T19:49:45","date_gmt":"2022-12-01T18:49:45","guid":{"rendered":"https:\/\/kgerad.de\/?post_type=product&#038;p=47357"},"modified":"2023-08-10T20:34:27","modified_gmt":"2023-08-10T18:34:27","slug":"miche-contact-disc-hg-laufradsatz-clincher","status":"publish","type":"product","link":"https:\/\/kgerad.de\/en\/product\/miche-contact-disc-hg-laufradsatz-clincher\/","title":{"rendered":"Miche CONTACT Disc HG Laufradsatz Clincher"},"content":{"rendered":"<h2 class=\"product--title\"><strong>Miche<\/strong>\u00a0CONTACT Disc HG Laufradsatz Clincher<\/h2>\n<p>Mit den Miche CONTACT , die perfekt f\u00fcr den leichten Offroad-Einsatz geeignet sind, bietet Miche eine gravelspezifische Option an. Der f\u00fcr Gravelbikes zeichnet sich durch Leichtigkeit, Vielseitigkeit, Widerstandsf\u00e4higkeit und Komfort aus.<\/p>\n<hr \/>\n<h3>Features &#8211; Miche CONTACT Disc HG Laufradsatz Clincher<\/h3>\n<ul>\n<li>Solider Laufradsatz f\u00fcr Gravelbikes<\/li>\n<li>Komfortabel und wartungsarm<\/li>\n<li>Leichtlaufnaben<\/li>\n<\/ul>\n<h3>Produkteigenschaften<\/h3>\n<ul>\n<li><strong>Einsatzbereich:\u00a0<\/strong>Gravel<\/li>\n<li><strong>Modell:\u00a0<\/strong>CONTACT<\/li>\n<li><strong>Felgentyp:\u00a0<\/strong>Clincher (Drahtreifen\/Faltreifen)<\/li>\n<li><strong>Laufradgr\u00f6\u00dfe:<\/strong>\u00a028&#8243;<\/li>\n<li><strong>Felgengr\u00f6\u00dfe:\u00a0<\/strong>622x25C<\/li>\n<li><strong>Bremsentyp:<\/strong>\u00a0Scheibenbremse<\/li>\n<li><strong>Einbaubreite:\u00a0<\/strong>100 mm vorne \/ 142 mm hinten<\/li>\n<li><strong>Felgenh\u00f6he:\u00a0<\/strong>21 mm<\/li>\n<li><strong>Felgenbreite innen:<\/strong>\u00a025 mm<\/li>\n<li><strong>Speichen:<\/strong>\u00a0vorne 28 \/ hinten 28<\/li>\n<li><strong>Zul\u00e4ssiges Gesamtgewicht:<\/strong>\u00a0120 kg<\/li>\n<\/ul>\n<h3>Freilaufkompatibilit\u00e4t<\/h3>\n<ul>\n<li>Shimano HG 8\/9\/10\/11-fach<\/li>\n<\/ul>\n<h3>Material<\/h3>\n<ul>\n<li><strong>Felgen:\u00a0<\/strong>Aluminium<\/li>\n<li><strong>Nabenk\u00f6rper:\u00a0<\/strong>Aluminium<\/li>\n<li><strong>Speichen:<\/strong>\u00a0Edelstahl<\/li>\n<li><strong>Nippel:<\/strong>\u00a0Messing<\/li>\n<\/ul>\n<h3><strong>Farbe<br \/>\n<\/strong><\/h3>\n<ul>\n<li>Schwarz<\/li>\n<\/ul>\n<h3><strong>Gewicht<\/strong><\/h3>\n<ul>\n<li>2144 g Paar (Herstellerangabe)<\/li>\n<\/ul>","protected":false},"excerpt":{"rendered":"<p>Miche\u00a0CONTACT Disc HG Laufradsatz Clincher Mit den Miche CONTACT , die perfekt f\u00fcr den leichten Offroad-Einsatz geeignet sind, bietet Miche<\/p>","protected":false},"featured_media":64217,"comment_status":"open","ping_status":"closed","template":"","meta":[],"product_brand":[],"product_cat":[567,423],"product_tag":[],"class_list":{"0":"post-47357","1":"product","2":"type-product","3":"status-publish","4":"has-post-thumbnail","6":"product_cat-gravel-bike-cyclocross-teile","7":"product_cat-teile","8":"pa_marke-miche","10":"first","11":"instock","12":"sale","13":"taxable","14":"shipping-taxable","15":"purchasable","16":"product-type-simple"},"yoast_head":"<!-- This site is optimized with the Yoast SEO Premium plugin v20.12 (Yoast SEO v27.1.1) - https:\/\/yoast.com\/product\/yoast-seo-premium-wordpress\/ -->\n<title>Miche CONTACT Disc HG Laufradsatz Clincher<\/title>\n<meta name=\"description\" content=\"Entdecken Sie unseren Online-Fahrradladen: Gro\u00dfe Auswahl an Modellen f\u00fcr alle Radsportbegeisterten. Von Rennr\u00e4dern bis zu Mountainbikes - finden Sie heute Ihren perfekten Wegbegleiter!\" \/>\n<meta name=\"robots\" content=\"index, follow, max-snippet:-1, max-image-preview:large, max-video-preview:-1\" \/>\n<link rel=\"canonical\" href=\"https:\/\/kgerad.de\/en\/product\/miche-contact-disc-hg-laufradsatz-clincher\/\" \/>\n<meta property=\"og:locale\" content=\"en_US\" \/>\n<meta property=\"og:type\" content=\"article\" \/>\n<meta property=\"og:title\" content=\"Miche CONTACT Disc HG Laufradsatz Clincher\" \/>\n<meta property=\"og:description\" content=\"Entdecken Sie unseren Online-Fahrradladen: Gro\u00dfe Auswahl an Modellen f\u00fcr alle Radsportbegeisterten. Von Rennr\u00e4dern bis zu Mountainbikes - finden Sie heute Ihren perfekten Wegbegleiter!\" \/>\n<meta property=\"og:url\" content=\"https:\/\/kgerad.de\/en\/product\/miche-contact-disc-hg-laufradsatz-clincher\/\" \/>\n<meta property=\"og:site_name\" content=\"kgerad.de\" \/>\n<meta property=\"article:modified_time\" content=\"2023-08-10T18:34:27+00:00\" \/>\n<meta property=\"og:image\" content=\"https:\/\/kgerad.de\/wp-content\/uploads\/2023\/06\/Tune-Crosser-Alu-Disc-CL-Hinterrad-4062266241791_a_800x800-0.jpg\" \/>\n\t<meta property=\"og:image:width\" content=\"800\" \/>\n\t<meta property=\"og:image:height\" content=\"735\" \/>\n\t<meta property=\"og:image:type\" content=\"image\/jpeg\" \/>\n<meta name=\"twitter:card\" content=\"summary_large_image\" \/>\n<meta name=\"twitter:label1\" content=\"Est. reading time\" \/>\n\t<meta name=\"twitter:data1\" content=\"1 minute\" \/>\n<script type=\"application\/ld+json\" class=\"yoast-schema-graph\">{\"@context\":\"https:\/\/schema.org\",\"@graph\":[{\"@type\":\"WebPage\",\"@id\":\"https:\/\/kgerad.de\/produkt\/miche-contact-disc-hg-laufradsatz-clincher\/\",\"url\":\"https:\/\/kgerad.de\/produkt\/miche-contact-disc-hg-laufradsatz-clincher\/\",\"name\":\"Miche CONTACT Disc HG Laufradsatz Clincher\",\"isPartOf\":{\"@id\":\"https:\/\/kgerad.de\/#website\"},\"primaryImageOfPage\":{\"@id\":\"https:\/\/kgerad.de\/produkt\/miche-contact-disc-hg-laufradsatz-clincher\/#primaryimage\"},\"image\":{\"@id\":\"https:\/\/kgerad.de\/produkt\/miche-contact-disc-hg-laufradsatz-clincher\/#primaryimage\"},\"thumbnailUrl\":\"https:\/\/kgerad.de\/wp-content\/uploads\/2023\/06\/Tune-Crosser-Alu-Disc-CL-Hinterrad-4062266241791_a_800x800-0.jpg\",\"datePublished\":\"2022-12-01T18:49:45+00:00\",\"dateModified\":\"2023-08-10T18:34:27+00:00\",\"description\":\"Entdecken Sie unseren Online-Fahrradladen: Gro\u00dfe Auswahl an Modellen f\u00fcr alle Radsportbegeisterten. Von Rennr\u00e4dern bis zu Mountainbikes - finden Sie heute Ihren perfekten Wegbegleiter!\",\"breadcrumb\":{\"@id\":\"https:\/\/kgerad.de\/produkt\/miche-contact-disc-hg-laufradsatz-clincher\/#breadcrumb\"},\"inLanguage\":\"en-US\",\"potentialAction\":[{\"@type\":\"ReadAction\",\"target\":[\"https:\/\/kgerad.de\/produkt\/miche-contact-disc-hg-laufradsatz-clincher\/\"]}]},{\"@type\":\"ImageObject\",\"inLanguage\":\"en-US\",\"@id\":\"https:\/\/kgerad.de\/produkt\/miche-contact-disc-hg-laufradsatz-clincher\/#primaryimage\",\"url\":\"https:\/\/kgerad.de\/wp-content\/uploads\/2023\/06\/Tune-Crosser-Alu-Disc-CL-Hinterrad-4062266241791_a_800x800-0.jpg\",\"contentUrl\":\"https:\/\/kgerad.de\/wp-content\/uploads\/2023\/06\/Tune-Crosser-Alu-Disc-CL-Hinterrad-4062266241791_a_800x800-0.jpg\",\"width\":800,\"height\":735,\"caption\":\"Miche CONTACT Disc HG Laufradsatz Clincher\"},{\"@type\":\"BreadcrumbList\",\"@id\":\"https:\/\/kgerad.de\/produkt\/miche-contact-disc-hg-laufradsatz-clincher\/#breadcrumb\",\"itemListElement\":[{\"@type\":\"ListItem\",\"position\":1,\"name\":\"Startseite\",\"item\":\"https:\/\/kgerad.de\/\"},{\"@type\":\"ListItem\",\"position\":2,\"name\":\"LADEN\",\"item\":\"https:\/\/kgerad.de\/laden\/\"},{\"@type\":\"ListItem\",\"position\":3,\"name\":\"Miche CONTACT Disc HG Laufradsatz Clincher\"}]},{\"@type\":\"WebSite\",\"@id\":\"https:\/\/kgerad.de\/#website\",\"url\":\"https:\/\/kgerad.de\/\",\"name\":\"kgerad.de\",\"description\":\"Treten Sie mit uns ins Abenteuer!\",\"publisher\":{\"@id\":\"https:\/\/kgerad.de\/#organization\"},\"alternateName\":\"MEIN RADLADEN\",\"potentialAction\":[{\"@type\":\"SearchAction\",\"target\":{\"@type\":\"EntryPoint\",\"urlTemplate\":\"https:\/\/kgerad.de\/?s={search_term_string}\"},\"query-input\":{\"@type\":\"PropertyValueSpecification\",\"valueRequired\":true,\"valueName\":\"search_term_string\"}}],\"inLanguage\":\"en-US\"},{\"@type\":\"Organization\",\"@id\":\"https:\/\/kgerad.de\/#organization\",\"name\":\"MEINRADLADEN\",\"alternateName\":\"MEIN RADLADEN\",\"url\":\"https:\/\/kgerad.de\/\",\"logo\":{\"@type\":\"ImageObject\",\"inLanguage\":\"en-US\",\"@id\":\"https:\/\/kgerad.de\/#\/schema\/logo\/image\/\",\"url\":\"https:\/\/kgerad.de\/wp-content\/uploads\/2025\/07\/logo-Whit.svg\",\"contentUrl\":\"https:\/\/kgerad.de\/wp-content\/uploads\/2025\/07\/logo-Whit.svg\",\"width\":1640,\"height\":371,\"caption\":\"MEINRADLADEN\"},\"image\":{\"@id\":\"https:\/\/kgerad.de\/#\/schema\/logo\/image\/\"}}]}<\/script>\n<!-- \/ Yoast SEO Premium plugin. -->","yoast_head_json":{"title":"Miche CONTACT Disc HG Laufradsatz Clincher","description":"Entdecken Sie unseren Online-Fahrradladen: Gro\u00dfe Auswahl an Modellen f\u00fcr alle Radsportbegeisterten. Von Rennr\u00e4dern bis zu Mountainbikes - finden Sie heute Ihren perfekten Wegbegleiter!","robots":{"index":"index","follow":"follow","max-snippet":"max-snippet:-1","max-image-preview":"max-image-preview:large","max-video-preview":"max-video-preview:-1"},"canonical":"https:\/\/kgerad.de\/en\/product\/miche-contact-disc-hg-laufradsatz-clincher\/","og_locale":"en_US","og_type":"article","og_title":"Miche CONTACT Disc HG Laufradsatz Clincher","og_description":"Entdecken Sie unseren Online-Fahrradladen: Gro\u00dfe Auswahl an Modellen f\u00fcr alle Radsportbegeisterten. Von Rennr\u00e4dern bis zu Mountainbikes - finden Sie heute Ihren perfekten Wegbegleiter!","og_url":"https:\/\/kgerad.de\/en\/product\/miche-contact-disc-hg-laufradsatz-clincher\/","og_site_name":"kgerad.de","article_modified_time":"2023-08-10T18:34:27+00:00","og_image":[{"width":800,"height":735,"url":"https:\/\/kgerad.de\/wp-content\/uploads\/2023\/06\/Tune-Crosser-Alu-Disc-CL-Hinterrad-4062266241791_a_800x800-0.jpg","type":"image\/jpeg"}],"twitter_card":"summary_large_image","twitter_misc":{"Est. reading time":"1 minute"},"schema":{"@context":"https:\/\/schema.org","@graph":[{"@type":"WebPage","@id":"https:\/\/kgerad.de\/produkt\/miche-contact-disc-hg-laufradsatz-clincher\/","url":"https:\/\/kgerad.de\/produkt\/miche-contact-disc-hg-laufradsatz-clincher\/","name":"Miche CONTACT Disc HG Laufradsatz Clincher","isPartOf":{"@id":"https:\/\/kgerad.de\/#website"},"primaryImageOfPage":{"@id":"https:\/\/kgerad.de\/produkt\/miche-contact-disc-hg-laufradsatz-clincher\/#primaryimage"},"image":{"@id":"https:\/\/kgerad.de\/produkt\/miche-contact-disc-hg-laufradsatz-clincher\/#primaryimage"},"thumbnailUrl":"https:\/\/kgerad.de\/wp-content\/uploads\/2023\/06\/Tune-Crosser-Alu-Disc-CL-Hinterrad-4062266241791_a_800x800-0.jpg","datePublished":"2022-12-01T18:49:45+00:00","dateModified":"2023-08-10T18:34:27+00:00","description":"Entdecken Sie unseren Online-Fahrradladen: Gro\u00dfe Auswahl an Modellen f\u00fcr alle Radsportbegeisterten. Von Rennr\u00e4dern bis zu Mountainbikes - finden Sie heute Ihren perfekten Wegbegleiter!","breadcrumb":{"@id":"https:\/\/kgerad.de\/produkt\/miche-contact-disc-hg-laufradsatz-clincher\/#breadcrumb"},"inLanguage":"en-US","potentialAction":[{"@type":"ReadAction","target":["https:\/\/kgerad.de\/produkt\/miche-contact-disc-hg-laufradsatz-clincher\/"]}]},{"@type":"ImageObject","inLanguage":"en-US","@id":"https:\/\/kgerad.de\/produkt\/miche-contact-disc-hg-laufradsatz-clincher\/#primaryimage","url":"https:\/\/kgerad.de\/wp-content\/uploads\/2023\/06\/Tune-Crosser-Alu-Disc-CL-Hinterrad-4062266241791_a_800x800-0.jpg","contentUrl":"https:\/\/kgerad.de\/wp-content\/uploads\/2023\/06\/Tune-Crosser-Alu-Disc-CL-Hinterrad-4062266241791_a_800x800-0.jpg","width":800,"height":735,"caption":"Miche CONTACT Disc HG Laufradsatz Clincher"},{"@type":"BreadcrumbList","@id":"https:\/\/kgerad.de\/produkt\/miche-contact-disc-hg-laufradsatz-clincher\/#breadcrumb","itemListElement":[{"@type":"ListItem","position":1,"name":"Startseite","item":"https:\/\/kgerad.de\/"},{"@type":"ListItem","position":2,"name":"LADEN","item":"https:\/\/kgerad.de\/laden\/"},{"@type":"ListItem","position":3,"name":"Miche CONTACT Disc HG Laufradsatz Clincher"}]},{"@type":"WebSite","@id":"https:\/\/kgerad.de\/#website","url":"https:\/\/kgerad.de\/","name":"kgerad.de","description":"Treten Sie mit uns ins Abenteuer!","publisher":{"@id":"https:\/\/kgerad.de\/#organization"},"alternateName":"MEIN RADLADEN","potentialAction":[{"@type":"SearchAction","target":{"@type":"EntryPoint","urlTemplate":"https:\/\/kgerad.de\/?s={search_term_string}"},"query-input":{"@type":"PropertyValueSpecification","valueRequired":true,"valueName":"search_term_string"}}],"inLanguage":"en-US"},{"@type":"Organization","@id":"https:\/\/kgerad.de\/#organization","name":"MEINRADLADEN","alternateName":"MEIN RADLADEN","url":"https:\/\/kgerad.de\/","logo":{"@type":"ImageObject","inLanguage":"en-US","@id":"https:\/\/kgerad.de\/#\/schema\/logo\/image\/","url":"https:\/\/kgerad.de\/wp-content\/uploads\/2025\/07\/logo-Whit.svg","contentUrl":"https:\/\/kgerad.de\/wp-content\/uploads\/2025\/07\/logo-Whit.svg","width":1640,"height":371,"caption":"MEINRADLADEN"},"image":{"@id":"https:\/\/kgerad.de\/#\/schema\/logo\/image\/"}}]}},"_links":{"self":[{"href":"https:\/\/kgerad.de\/en\/wp-json\/wp\/v2\/product\/47357","targetHints":{"allow":["GET"]}}],"collection":[{"href":"https:\/\/kgerad.de\/en\/wp-json\/wp\/v2\/product"}],"about":[{"href":"https:\/\/kgerad.de\/en\/wp-json\/wp\/v2\/types\/product"}],"replies":[{"embeddable":true,"href":"https:\/\/kgerad.de\/en\/wp-json\/wp\/v2\/comments?post=47357"}],"version-history":[{"count":1,"href":"https:\/\/kgerad.de\/en\/wp-json\/wp\/v2\/product\/47357\/revisions"}],"predecessor-version":[{"id":78877,"href":"https:\/\/kgerad.de\/en\/wp-json\/wp\/v2\/product\/47357\/revisions\/78877"}],"wp:featuredmedia":[{"embeddable":true,"href":"https:\/\/kgerad.de\/en\/wp-json\/wp\/v2\/media\/64217"}],"wp:attachment":[{"href":"https:\/\/kgerad.de\/en\/wp-json\/wp\/v2\/media?parent=47357"}],"wp:term":[{"taxonomy":"product_brand","embeddable":true,"href":"https:\/\/kgerad.de\/en\/wp-json\/wp\/v2\/product_brand?post=47357"},{"taxonomy":"product_cat","embeddable":true,"href":"https:\/\/kgerad.de\/en\/wp-json\/wp\/v2\/product_cat?post=47357"},{"taxonomy":"product_tag","embeddable":true,"href":"https:\/\/kgerad.de\/en\/wp-json\/wp\/v2\/product_tag?post=47357"}],"curies":[{"name":"wp","href":"https:\/\/api.w.org\/{rel}","templated":true}]}}