{"id":47351,"date":"2022-12-01T19:23:32","date_gmt":"2022-12-01T18:23:32","guid":{"rendered":"https:\/\/kgerad.de\/?post_type=product&#038;p=47351"},"modified":"2023-08-10T20:34:40","modified_gmt":"2023-08-10T18:34:40","slug":"tune-crosser-alu-disc-cl-vorderrad","status":"publish","type":"product","link":"https:\/\/kgerad.de\/en\/product\/tune-crosser-alu-disc-cl-vorderrad\/","title":{"rendered":"Tune Crosser Alu Disc CL Vorderrad"},"content":{"rendered":"<h2 class=\"product--title\"><strong>Tune<\/strong>\u00a0Crosser Alu Disc CL Vorderrad<\/h2>\n<p>Das Tune Crosser Alu Disc Aluminium 700C von Tune ist ein Laufrad, das f\u00fcr Cyclocross-, Gravel- oder hochwertige Stadt- und Pendlerr\u00e4der entwickelt wurde. Es wird von allen gesucht, die ein superstabiles, widerstandsf\u00e4higes und leichtes Laufrad wollen, das auch bei Schlamm, Regen und Schnee leicht zu pflegen ist.<\/p>\n<h2>Leicht und robust: der Crosser Alu Disc Endurance von Tune<\/h2>\n<p>Die KillHill Nabe wird im eigenem Tune Werk aus Aluminium der Luft- und Raumfahrttechnik gefr\u00e4st und zeichnet sich durch ihre hohe Dauerfestigkeit und ihr geringes Gewicht aus. Die Eloxierung sorgt f\u00fcr tolle Optik und verhindert Korrosion, auch unter h\u00e4rtesten Bedingungen. In Buggingen im Schwarzwald von Hand montiert, garantiert der Crosser Alu Disc 700C die h\u00f6chsten Qualit\u00e4tsstandards.<\/p>\n<p>Die Geometrie wurde f\u00fcr ein symmetrisches und steifes Laufrad optimiert. Die Endurance-Lagerung der Nabe ist doppelt gedichtete und wartungsarm, sodass auch Dreck und N\u00e4sse dich nicht aufhalten k\u00f6nnen. Die Felge besteht aus einer Hochleistungs-Aluminiumlegierung, die ein konkurrenzf\u00e4higes Gewicht, hohe Fahrstabilit\u00e4t und die beste Haltbarkeit auf dem Markt bietet.<\/p>\n<hr \/>\n<h3>Produkteigenschaften &#8211; Tune Crosser Alu Disc Endurance 700C Vorderrad | Centerlock | 12x100mm<\/h3>\n<ul>\n<li><strong>Einsatzbereich:\u00a0<\/strong>Gravel, Cyclocross<\/li>\n<li><strong>Modell:<\/strong>\u00a0Crosser Alu Disc Endurance<\/li>\n<li><strong>Laufradgr\u00f6\u00dfe:<\/strong>\u00a028&#8243;<\/li>\n<li><strong>ETRTO:\u00a0<\/strong>622 x 20,3<\/li>\n<li><strong>Reifentyp:<\/strong>\u00a0Clincher (Falt-\/Drahtreifen)<\/li>\n<li><strong>Tubless Ready:<\/strong>\u00a0ja<\/li>\n<li><strong>Bremssystem:<\/strong>\u00a0Disc Centerlock<\/li>\n<li><strong>Felgenh\u00f6he:\u00a0<\/strong>24,5mm<\/li>\n<li><strong>Felgenbreite innen:<\/strong>\u00a020,3mm<\/li>\n<li><strong>Felgenbreite au\u00dfen:\u00a0<\/strong>24,1mm<\/li>\n<li><strong>Nabentyp:\u00a0<\/strong>KillHill CL 28 Loch mit Aluminium Endkappen und Endurance Lagern<\/li>\n<li><strong>Achssystem:\u00a0<\/strong>12 x 100mm<\/li>\n<li><strong>Speichenanzahl:\u00a0<\/strong>28<\/li>\n<li><strong>Speichen:\u00a0<\/strong>SAPIM D-Light schwarz Inox<\/li>\n<li><strong>Max. Speichenspannung:<\/strong>\u00a01100N<\/li>\n<li><strong>Nippel:<\/strong>\u00a0SAPIM Anodized, Polyax, Secure Lock<\/li>\n<li><strong>Empfohlenes Tubeless-Felgenband:<\/strong>\u00a022mm<\/li>\n<li><strong>Ventilloch:\u00a0<\/strong>Presta \/ SV \u00d8 6,5mm<\/li>\n<li><strong>Empfohlene Ventilh\u00f6he:<\/strong>\u00a035mm<\/li>\n<li><strong>Reifen und max. Druck:<\/strong>\u00a025mm\/7,5bar | 32\/4,8bar | 50\/3,8bar<\/li>\n<li><strong>Max. Systemgewicht:<\/strong>\u00a0110kg (100kg K\u00f6rpergewicht + Fahrrad + Ausr\u00fcstung)<\/li>\n<\/ul>\n<h3>Material<\/h3>\n<ul>\n<li><strong>Felge:\u00a0<\/strong>Aluminium<\/li>\n<li><strong>Speichen:<\/strong>\u00a0Edelstahl<\/li>\n<li><strong>Nippel:<\/strong>\u00a0Aluminium<\/li>\n<li><strong>Nabe:\u00a0<\/strong>Aluminium<\/li>\n<\/ul>\n<h3>Farbe<\/h3>\n<ul>\n<li>schwarz<\/li>\n<\/ul>\n<h3>Gewicht<\/h3>\n<ul>\n<li>ca. 699g (Herstellerangabe)<\/li>\n<\/ul>","protected":false},"excerpt":{"rendered":"<p>Tune\u00a0Crosser Alu Disc CL Vorderrad Das Tune Crosser Alu Disc Aluminium 700C von Tune ist ein Laufrad, das f\u00fcr Cyclocross-,<\/p>","protected":false},"featured_media":64220,"comment_status":"open","ping_status":"closed","template":"","meta":[],"product_brand":[],"product_cat":[567,423],"product_tag":[],"class_list":{"0":"post-47351","1":"product","2":"type-product","3":"status-publish","4":"has-post-thumbnail","6":"product_cat-gravel-bike-cyclocross-teile","7":"product_cat-teile","8":"pa_marke-tune","10":"first","11":"instock","12":"sale","13":"taxable","14":"shipping-taxable","15":"purchasable","16":"product-type-simple"},"yoast_head":"<!-- This site is optimized with the Yoast SEO Premium plugin v20.12 (Yoast SEO v27.1.1) - https:\/\/yoast.com\/product\/yoast-seo-premium-wordpress\/ -->\n<title>Tune Crosser Alu Disc CL Vorderrad<\/title>\n<meta name=\"description\" content=\"kgerad.de bietet Ihnen das Tune Crosser Alu Disc CL Vorderrad zum besten Preis mit kostenlosem Versand in ganz EuropaTune Crosser Alu Disc\" \/>\n<meta name=\"robots\" content=\"index, follow, max-snippet:-1, max-image-preview:large, max-video-preview:-1\" \/>\n<link rel=\"canonical\" href=\"https:\/\/kgerad.de\/en\/product\/tune-crosser-alu-disc-cl-vorderrad\/\" \/>\n<meta property=\"og:locale\" content=\"en_US\" \/>\n<meta property=\"og:type\" content=\"article\" \/>\n<meta property=\"og:title\" content=\"Tune Crosser Alu Disc CL Vorderrad\" \/>\n<meta property=\"og:description\" content=\"Entdecken Sie unseren Online-Fahrradladen: Gro\u00dfe Auswahl an Modellen f\u00fcr alle Radsportbegeisterten. Von Rennr\u00e4dern bis zu Mountainbikes - finden Sie heute Ihren perfekten Wegbegleiter!\" \/>\n<meta property=\"og:url\" content=\"https:\/\/kgerad.de\/en\/product\/tune-crosser-alu-disc-cl-vorderrad\/\" \/>\n<meta property=\"og:site_name\" content=\"kgerad.de\" \/>\n<meta property=\"article:modified_time\" content=\"2023-08-10T18:34:40+00:00\" \/>\n<meta property=\"og:image\" content=\"https:\/\/kgerad.de\/wp-content\/uploads\/2023\/06\/Tune-Crosser-Alu-Disc-CL-Hinterrad-4062266241791_a_800x800-0-1.jpg\" \/>\n\t<meta property=\"og:image:width\" content=\"800\" \/>\n\t<meta property=\"og:image:height\" content=\"735\" \/>\n\t<meta property=\"og:image:type\" content=\"image\/jpeg\" \/>\n<meta name=\"twitter:card\" content=\"summary_large_image\" \/>\n<meta name=\"twitter:label1\" content=\"Est. reading time\" \/>\n\t<meta name=\"twitter:data1\" content=\"2 minutes\" \/>\n<script type=\"application\/ld+json\" class=\"yoast-schema-graph\">{\"@context\":\"https:\/\/schema.org\",\"@graph\":[{\"@type\":\"WebPage\",\"@id\":\"https:\/\/kgerad.de\/produkt\/tune-crosser-alu-disc-cl-vorderrad\/\",\"url\":\"https:\/\/kgerad.de\/produkt\/tune-crosser-alu-disc-cl-vorderrad\/\",\"name\":\"Tune Crosser Alu Disc CL Vorderrad\",\"isPartOf\":{\"@id\":\"https:\/\/kgerad.de\/#website\"},\"primaryImageOfPage\":{\"@id\":\"https:\/\/kgerad.de\/produkt\/tune-crosser-alu-disc-cl-vorderrad\/#primaryimage\"},\"image\":{\"@id\":\"https:\/\/kgerad.de\/produkt\/tune-crosser-alu-disc-cl-vorderrad\/#primaryimage\"},\"thumbnailUrl\":\"https:\/\/kgerad.de\/wp-content\/uploads\/2023\/06\/Tune-Crosser-Alu-Disc-CL-Hinterrad-4062266241791_a_800x800-0-1.jpg\",\"datePublished\":\"2022-12-01T18:23:32+00:00\",\"dateModified\":\"2023-08-10T18:34:40+00:00\",\"description\":\"kgerad.de bietet Ihnen das Tune Crosser Alu Disc CL Vorderrad zum besten Preis mit kostenlosem Versand in ganz EuropaTune Crosser Alu Disc\",\"breadcrumb\":{\"@id\":\"https:\/\/kgerad.de\/produkt\/tune-crosser-alu-disc-cl-vorderrad\/#breadcrumb\"},\"inLanguage\":\"en-US\",\"potentialAction\":[{\"@type\":\"ReadAction\",\"target\":[\"https:\/\/kgerad.de\/produkt\/tune-crosser-alu-disc-cl-vorderrad\/\"]}]},{\"@type\":\"ImageObject\",\"inLanguage\":\"en-US\",\"@id\":\"https:\/\/kgerad.de\/produkt\/tune-crosser-alu-disc-cl-vorderrad\/#primaryimage\",\"url\":\"https:\/\/kgerad.de\/wp-content\/uploads\/2023\/06\/Tune-Crosser-Alu-Disc-CL-Hinterrad-4062266241791_a_800x800-0-1.jpg\",\"contentUrl\":\"https:\/\/kgerad.de\/wp-content\/uploads\/2023\/06\/Tune-Crosser-Alu-Disc-CL-Hinterrad-4062266241791_a_800x800-0-1.jpg\",\"width\":800,\"height\":735,\"caption\":\"Tune Crosser Alu Disc CL Vorderrad\"},{\"@type\":\"BreadcrumbList\",\"@id\":\"https:\/\/kgerad.de\/produkt\/tune-crosser-alu-disc-cl-vorderrad\/#breadcrumb\",\"itemListElement\":[{\"@type\":\"ListItem\",\"position\":1,\"name\":\"Startseite\",\"item\":\"https:\/\/kgerad.de\/\"},{\"@type\":\"ListItem\",\"position\":2,\"name\":\"LADEN\",\"item\":\"https:\/\/kgerad.de\/laden\/\"},{\"@type\":\"ListItem\",\"position\":3,\"name\":\"Tune Crosser Alu Disc CL Vorderrad\"}]},{\"@type\":\"WebSite\",\"@id\":\"https:\/\/kgerad.de\/#website\",\"url\":\"https:\/\/kgerad.de\/\",\"name\":\"kgerad.de\",\"description\":\"Treten Sie mit uns ins Abenteuer!\",\"publisher\":{\"@id\":\"https:\/\/kgerad.de\/#organization\"},\"alternateName\":\"MEIN RADLADEN\",\"potentialAction\":[{\"@type\":\"SearchAction\",\"target\":{\"@type\":\"EntryPoint\",\"urlTemplate\":\"https:\/\/kgerad.de\/?s={search_term_string}\"},\"query-input\":{\"@type\":\"PropertyValueSpecification\",\"valueRequired\":true,\"valueName\":\"search_term_string\"}}],\"inLanguage\":\"en-US\"},{\"@type\":\"Organization\",\"@id\":\"https:\/\/kgerad.de\/#organization\",\"name\":\"MEINRADLADEN\",\"alternateName\":\"MEIN RADLADEN\",\"url\":\"https:\/\/kgerad.de\/\",\"logo\":{\"@type\":\"ImageObject\",\"inLanguage\":\"en-US\",\"@id\":\"https:\/\/kgerad.de\/#\/schema\/logo\/image\/\",\"url\":\"https:\/\/kgerad.de\/wp-content\/uploads\/2025\/07\/logo-Whit.svg\",\"contentUrl\":\"https:\/\/kgerad.de\/wp-content\/uploads\/2025\/07\/logo-Whit.svg\",\"width\":1640,\"height\":371,\"caption\":\"MEINRADLADEN\"},\"image\":{\"@id\":\"https:\/\/kgerad.de\/#\/schema\/logo\/image\/\"}}]}<\/script>\n<!-- \/ Yoast SEO Premium plugin. -->","yoast_head_json":{"title":"Tune Crosser Alu Disc CL Vorderrad","description":"kgerad.de bietet Ihnen das Tune Crosser Alu Disc CL Vorderrad zum besten Preis mit kostenlosem Versand in ganz EuropaTune Crosser Alu Disc","robots":{"index":"index","follow":"follow","max-snippet":"max-snippet:-1","max-image-preview":"max-image-preview:large","max-video-preview":"max-video-preview:-1"},"canonical":"https:\/\/kgerad.de\/en\/product\/tune-crosser-alu-disc-cl-vorderrad\/","og_locale":"en_US","og_type":"article","og_title":"Tune Crosser Alu Disc CL Vorderrad","og_description":"Entdecken Sie unseren Online-Fahrradladen: Gro\u00dfe Auswahl an Modellen f\u00fcr alle Radsportbegeisterten. Von Rennr\u00e4dern bis zu Mountainbikes - finden Sie heute Ihren perfekten Wegbegleiter!","og_url":"https:\/\/kgerad.de\/en\/product\/tune-crosser-alu-disc-cl-vorderrad\/","og_site_name":"kgerad.de","article_modified_time":"2023-08-10T18:34:40+00:00","og_image":[{"width":800,"height":735,"url":"https:\/\/kgerad.de\/wp-content\/uploads\/2023\/06\/Tune-Crosser-Alu-Disc-CL-Hinterrad-4062266241791_a_800x800-0-1.jpg","type":"image\/jpeg"}],"twitter_card":"summary_large_image","twitter_misc":{"Est. reading time":"2 minutes"},"schema":{"@context":"https:\/\/schema.org","@graph":[{"@type":"WebPage","@id":"https:\/\/kgerad.de\/produkt\/tune-crosser-alu-disc-cl-vorderrad\/","url":"https:\/\/kgerad.de\/produkt\/tune-crosser-alu-disc-cl-vorderrad\/","name":"Tune Crosser Alu Disc CL Vorderrad","isPartOf":{"@id":"https:\/\/kgerad.de\/#website"},"primaryImageOfPage":{"@id":"https:\/\/kgerad.de\/produkt\/tune-crosser-alu-disc-cl-vorderrad\/#primaryimage"},"image":{"@id":"https:\/\/kgerad.de\/produkt\/tune-crosser-alu-disc-cl-vorderrad\/#primaryimage"},"thumbnailUrl":"https:\/\/kgerad.de\/wp-content\/uploads\/2023\/06\/Tune-Crosser-Alu-Disc-CL-Hinterrad-4062266241791_a_800x800-0-1.jpg","datePublished":"2022-12-01T18:23:32+00:00","dateModified":"2023-08-10T18:34:40+00:00","description":"kgerad.de bietet Ihnen das Tune Crosser Alu Disc CL Vorderrad zum besten Preis mit kostenlosem Versand in ganz EuropaTune Crosser Alu Disc","breadcrumb":{"@id":"https:\/\/kgerad.de\/produkt\/tune-crosser-alu-disc-cl-vorderrad\/#breadcrumb"},"inLanguage":"en-US","potentialAction":[{"@type":"ReadAction","target":["https:\/\/kgerad.de\/produkt\/tune-crosser-alu-disc-cl-vorderrad\/"]}]},{"@type":"ImageObject","inLanguage":"en-US","@id":"https:\/\/kgerad.de\/produkt\/tune-crosser-alu-disc-cl-vorderrad\/#primaryimage","url":"https:\/\/kgerad.de\/wp-content\/uploads\/2023\/06\/Tune-Crosser-Alu-Disc-CL-Hinterrad-4062266241791_a_800x800-0-1.jpg","contentUrl":"https:\/\/kgerad.de\/wp-content\/uploads\/2023\/06\/Tune-Crosser-Alu-Disc-CL-Hinterrad-4062266241791_a_800x800-0-1.jpg","width":800,"height":735,"caption":"Tune Crosser Alu Disc CL Vorderrad"},{"@type":"BreadcrumbList","@id":"https:\/\/kgerad.de\/produkt\/tune-crosser-alu-disc-cl-vorderrad\/#breadcrumb","itemListElement":[{"@type":"ListItem","position":1,"name":"Startseite","item":"https:\/\/kgerad.de\/"},{"@type":"ListItem","position":2,"name":"LADEN","item":"https:\/\/kgerad.de\/laden\/"},{"@type":"ListItem","position":3,"name":"Tune Crosser Alu Disc CL Vorderrad"}]},{"@type":"WebSite","@id":"https:\/\/kgerad.de\/#website","url":"https:\/\/kgerad.de\/","name":"kgerad.de","description":"Treten Sie mit uns ins Abenteuer!","publisher":{"@id":"https:\/\/kgerad.de\/#organization"},"alternateName":"MEIN RADLADEN","potentialAction":[{"@type":"SearchAction","target":{"@type":"EntryPoint","urlTemplate":"https:\/\/kgerad.de\/?s={search_term_string}"},"query-input":{"@type":"PropertyValueSpecification","valueRequired":true,"valueName":"search_term_string"}}],"inLanguage":"en-US"},{"@type":"Organization","@id":"https:\/\/kgerad.de\/#organization","name":"MEINRADLADEN","alternateName":"MEIN RADLADEN","url":"https:\/\/kgerad.de\/","logo":{"@type":"ImageObject","inLanguage":"en-US","@id":"https:\/\/kgerad.de\/#\/schema\/logo\/image\/","url":"https:\/\/kgerad.de\/wp-content\/uploads\/2025\/07\/logo-Whit.svg","contentUrl":"https:\/\/kgerad.de\/wp-content\/uploads\/2025\/07\/logo-Whit.svg","width":1640,"height":371,"caption":"MEINRADLADEN"},"image":{"@id":"https:\/\/kgerad.de\/#\/schema\/logo\/image\/"}}]}},"_links":{"self":[{"href":"https:\/\/kgerad.de\/en\/wp-json\/wp\/v2\/product\/47351","targetHints":{"allow":["GET"]}}],"collection":[{"href":"https:\/\/kgerad.de\/en\/wp-json\/wp\/v2\/product"}],"about":[{"href":"https:\/\/kgerad.de\/en\/wp-json\/wp\/v2\/types\/product"}],"replies":[{"embeddable":true,"href":"https:\/\/kgerad.de\/en\/wp-json\/wp\/v2\/comments?post=47351"}],"version-history":[{"count":1,"href":"https:\/\/kgerad.de\/en\/wp-json\/wp\/v2\/product\/47351\/revisions"}],"predecessor-version":[{"id":78878,"href":"https:\/\/kgerad.de\/en\/wp-json\/wp\/v2\/product\/47351\/revisions\/78878"}],"wp:featuredmedia":[{"embeddable":true,"href":"https:\/\/kgerad.de\/en\/wp-json\/wp\/v2\/media\/64220"}],"wp:attachment":[{"href":"https:\/\/kgerad.de\/en\/wp-json\/wp\/v2\/media?parent=47351"}],"wp:term":[{"taxonomy":"product_brand","embeddable":true,"href":"https:\/\/kgerad.de\/en\/wp-json\/wp\/v2\/product_brand?post=47351"},{"taxonomy":"product_cat","embeddable":true,"href":"https:\/\/kgerad.de\/en\/wp-json\/wp\/v2\/product_cat?post=47351"},{"taxonomy":"product_tag","embeddable":true,"href":"https:\/\/kgerad.de\/en\/wp-json\/wp\/v2\/product_tag?post=47351"}],"curies":[{"name":"wp","href":"https:\/\/api.w.org\/{rel}","templated":true}]}}