{"id":47333,"date":"2022-12-01T18:38:26","date_gmt":"2022-12-01T17:38:26","guid":{"rendered":"https:\/\/kgerad.de\/?post_type=product&#038;p=47333"},"modified":"2023-08-10T20:35:14","modified_gmt":"2023-08-10T18:35:14","slug":"campagnolo-levante-700c-db-2wf-vorderrad","status":"publish","type":"product","link":"https:\/\/kgerad.de\/en\/product\/campagnolo-levante-700c-db-2wf-vorderrad\/","title":{"rendered":"Campagnolo Levante 700C DB 2WF Vorderrad"},"content":{"rendered":"<h2 class=\"product--title\"><strong>Campagnolo<\/strong>\u00a0Levante 700C DB 2WF Vorderrad<\/h2>\n<p>Levante Campagnolo <a href=\"http:\/\/1-1\">Levante<\/a> 700C ist \u00fcberragendes Laufrad f\u00fcr Gravelbikes. Jedes Detail wurde so gestaltet, dass die Levante-Laufr\u00e4der den besonderen Anforderungen von Gravel-Abenteurern gerecht werden. Eine Carbonfelge mit satten 25 Millimetern Innenweite, eine neu designte Leichtlaufnabe und die freie Wahl zwischen Tubeless oder Drahtreifen bzw. Faltreifen \u2013 entdecke die neue Grenzenlosigkeit!<\/p>\n<hr \/>\n<h3>Features &#8211; Campagnolo Levante 700C DB 2WF Vorderrad<\/h3>\n<ul>\n<li>25 mm Felgeninnenweite bieten reichlich Platz f\u00fcr Reifen mit Breiten von 38 mm bis 76 mm<\/li>\n<li>Geringes Gewicht dank Carbonfelge<\/li>\n<li>Asymmetrische Felge mit Mini-Hook<\/li>\n<li>Geschmeidig schnelle Leichtlaufnabe<\/li>\n<li>F\u00fcr Scheibenbremse<\/li>\n<li>Robust und vielseitig<\/li>\n<li>Gelaserte Grafiken auf Felge und Nabe<\/li>\n<\/ul>\n<h3>Produkteigenschaften<\/h3>\n<ul>\n<li><strong>Felgenh\u00f6he:\u00a0<\/strong>30 mm<\/li>\n<li><strong>Bremssystem:<\/strong>\u00a0Scheibenbremse<\/li>\n<li><strong>Aufnahme:<\/strong>\u00a0AFS Axial Fixing System (kompatibel mit Center Lock)<\/li>\n<li><strong>Achssytem:<\/strong>\u00a0Steckachse 12 x 100 mm<\/li>\n<li><strong>Lager:<\/strong>\u00a0Konus-Lagerschalensystem<\/li>\n<li><strong>Speichen:<\/strong>\u00a024<\/li>\n<li><b>Empfohlene Reifenbreite:<\/b>\u00a038 &#8211; 76 mm<\/li>\n<\/ul>\n<h3>Material<\/h3>\n<ul>\n<li><strong>Felge:\u00a0<\/strong>Carbon<\/li>\n<li><strong>Nabenk\u00f6rper:\u00a0<\/strong>Aluminium<\/li>\n<li><strong>Speichen:<\/strong>\u00a0Edelstahl<\/li>\n<li><strong>Nippel:<\/strong>\u00a0Aluminium<\/li>\n<\/ul>\n<h3>Farbe<\/h3>\n<ul>\n<li>Black \/ carbon<\/li>\n<\/ul>\n<hr \/>\n<h3>Lieferumfang<\/h3>\n<ul>\n<li>1 x Campagnolo Levante 700C DB 2WF Vorderrad<\/li>\n<\/ul>\n<hr \/>\n<h3>Technologien<\/h3>\n<h3>MINI-HOOK<\/h3>\n<p>Die Mini-Hook-Technologie wurde speziell f\u00fcr diese Laufr\u00e4der entlang der ETRTO-Drahtreifen- und Tubeless-Standards entwickelt. Der Mini-Hook sorgt f\u00fcr eine perfekte Anpassung zwischen Reifen und Felge, unabh\u00e4ngig von der verwendeten Reifenmarke. Dies bedeutet eine gro\u00dfe Kontaktfl\u00e4che mit dem Boden und eine Verbesserung von Grip und Komfort bei niedrigerem Druck.<\/p>\n<h3>H.U.L.C-Konstruktion<\/h3>\n<p>Leicht und handlich, steif beim Bergauffahren und zuverl\u00e4ssig bergab, profitieren die Levante-Laufr\u00e4der von der innovativen H.U.L.C-Technologie (Hand Made Ultra-Light Carbon), dem ultraleichten Carbon von Campagnolo. H.U.L.C wird bei der Konstruktion der Felge verwendet und ist eine Weiterentwicklung des einzigartigen patentierten Carbon-Formverfahrens von Campagnolo, das in der Lage ist, makellose Felgen herzustellen, die keine zus\u00e4tzliche Lackierung erfordern.<\/p>\n<h3>C-LUX-FINISH<\/h3>\n<p>Die Felge weist auch ein atemberaubendes Campagnolo Luxury (C-LUX) Spiegelfinish auf. Dieses C-LUX-Finish ist so perfekt glatt, dass keine Lackierung erforderlich ist, wodurch Gewicht gespart wird.<\/p>\n<hr \/>\n<h3>Introducing the Levante wheelset &#8211; Made for Gravel<\/h3>\n<p><iframe title=\"YouTube video player\" src=\"https:\/\/www.youtube-nocookie.com\/embed\/DfZrxa1-dyo\" width=\"640\" height=\"360\" frameborder=\"0\" allowfullscreen=\"allowfullscreen\" data-mce-fragment=\"1\"><\/iframe><\/p>","protected":false},"excerpt":{"rendered":"<p>Campagnolo\u00a0Levante 700C DB 2WF Vorderrad Levante Campagnolo Levante 700C ist \u00fcberragendes Laufrad f\u00fcr Gravelbikes. Jedes Detail wurde so gestaltet, dass<\/p>","protected":false},"featured_media":64211,"comment_status":"open","ping_status":"closed","template":"","meta":[],"product_brand":[],"product_cat":[567,423],"product_tag":[],"class_list":{"0":"post-47333","1":"product","2":"type-product","3":"status-publish","4":"has-post-thumbnail","6":"product_cat-gravel-bike-cyclocross-teile","7":"product_cat-teile","8":"pa_marke-compagnolo","10":"first","11":"instock","12":"sale","13":"taxable","14":"shipping-taxable","15":"purchasable","16":"product-type-simple"},"yoast_head":"<!-- This site is optimized with the Yoast SEO Premium plugin v20.12 (Yoast SEO v27.1.1) - https:\/\/yoast.com\/product\/yoast-seo-premium-wordpress\/ -->\n<title>Campagnolo Levante 700C DB 2WF Vorderrad<\/title>\n<meta name=\"description\" content=\"Entdecken Sie unseren Online-Fahrradladen: Gro\u00dfe Auswahl an Modellen f\u00fcr alle Radsportbegeisterten. Von Rennr\u00e4dern bis zu Mountainbikes - finden Sie heute Ihren perfekten Wegbegleiter!\" \/>\n<meta name=\"robots\" content=\"index, follow, max-snippet:-1, max-image-preview:large, max-video-preview:-1\" \/>\n<link rel=\"canonical\" href=\"https:\/\/kgerad.de\/en\/product\/campagnolo-levante-700c-db-2wf-vorderrad\/\" \/>\n<meta property=\"og:locale\" content=\"en_US\" \/>\n<meta property=\"og:type\" content=\"article\" \/>\n<meta property=\"og:title\" content=\"Campagnolo Levante 700C DB 2WF Vorderrad\" \/>\n<meta property=\"og:description\" content=\"Entdecken Sie unseren Online-Fahrradladen: Gro\u00dfe Auswahl an Modellen f\u00fcr alle Radsportbegeisterten. Von Rennr\u00e4dern bis zu Mountainbikes - finden Sie heute Ihren perfekten Wegbegleiter!\" \/>\n<meta property=\"og:url\" content=\"https:\/\/kgerad.de\/en\/product\/campagnolo-levante-700c-db-2wf-vorderrad\/\" \/>\n<meta property=\"og:site_name\" content=\"kgerad.de\" \/>\n<meta property=\"article:modified_time\" content=\"2023-08-10T18:35:14+00:00\" \/>\n<meta property=\"og:image\" content=\"https:\/\/kgerad.de\/wp-content\/uploads\/2023\/06\/campagnolo-levante-700C-wheelset-disc-brake-front-left-2022FdxpdI3B3Y3ui_800x800-00.jpg\" \/>\n\t<meta property=\"og:image:width\" content=\"789\" \/>\n\t<meta property=\"og:image:height\" content=\"800\" \/>\n\t<meta property=\"og:image:type\" content=\"image\/jpeg\" \/>\n<meta name=\"twitter:card\" content=\"summary_large_image\" \/>\n<meta name=\"twitter:label1\" content=\"Est. reading time\" \/>\n\t<meta name=\"twitter:data1\" content=\"2 minutes\" \/>\n<script type=\"application\/ld+json\" class=\"yoast-schema-graph\">{\"@context\":\"https:\/\/schema.org\",\"@graph\":[{\"@type\":\"WebPage\",\"@id\":\"https:\/\/kgerad.de\/produkt\/campagnolo-levante-700c-db-2wf-vorderrad\/\",\"url\":\"https:\/\/kgerad.de\/produkt\/campagnolo-levante-700c-db-2wf-vorderrad\/\",\"name\":\"Campagnolo Levante 700C DB 2WF Vorderrad\",\"isPartOf\":{\"@id\":\"https:\/\/kgerad.de\/#website\"},\"primaryImageOfPage\":{\"@id\":\"https:\/\/kgerad.de\/produkt\/campagnolo-levante-700c-db-2wf-vorderrad\/#primaryimage\"},\"image\":{\"@id\":\"https:\/\/kgerad.de\/produkt\/campagnolo-levante-700c-db-2wf-vorderrad\/#primaryimage\"},\"thumbnailUrl\":\"https:\/\/kgerad.de\/wp-content\/uploads\/2023\/06\/campagnolo-levante-700C-wheelset-disc-brake-front-left-2022FdxpdI3B3Y3ui_800x800-00.jpg\",\"datePublished\":\"2022-12-01T17:38:26+00:00\",\"dateModified\":\"2023-08-10T18:35:14+00:00\",\"description\":\"Entdecken Sie unseren Online-Fahrradladen: Gro\u00dfe Auswahl an Modellen f\u00fcr alle Radsportbegeisterten. Von Rennr\u00e4dern bis zu Mountainbikes - finden Sie heute Ihren perfekten Wegbegleiter!\",\"breadcrumb\":{\"@id\":\"https:\/\/kgerad.de\/produkt\/campagnolo-levante-700c-db-2wf-vorderrad\/#breadcrumb\"},\"inLanguage\":\"en-US\",\"potentialAction\":[{\"@type\":\"ReadAction\",\"target\":[\"https:\/\/kgerad.de\/produkt\/campagnolo-levante-700c-db-2wf-vorderrad\/\"]}]},{\"@type\":\"ImageObject\",\"inLanguage\":\"en-US\",\"@id\":\"https:\/\/kgerad.de\/produkt\/campagnolo-levante-700c-db-2wf-vorderrad\/#primaryimage\",\"url\":\"https:\/\/kgerad.de\/wp-content\/uploads\/2023\/06\/campagnolo-levante-700C-wheelset-disc-brake-front-left-2022FdxpdI3B3Y3ui_800x800-00.jpg\",\"contentUrl\":\"https:\/\/kgerad.de\/wp-content\/uploads\/2023\/06\/campagnolo-levante-700C-wheelset-disc-brake-front-left-2022FdxpdI3B3Y3ui_800x800-00.jpg\",\"width\":789,\"height\":800,\"caption\":\"Campagnolo Levante 700C DB 2WF Vorderrad\"},{\"@type\":\"BreadcrumbList\",\"@id\":\"https:\/\/kgerad.de\/produkt\/campagnolo-levante-700c-db-2wf-vorderrad\/#breadcrumb\",\"itemListElement\":[{\"@type\":\"ListItem\",\"position\":1,\"name\":\"Startseite\",\"item\":\"https:\/\/kgerad.de\/\"},{\"@type\":\"ListItem\",\"position\":2,\"name\":\"LADEN\",\"item\":\"https:\/\/kgerad.de\/laden\/\"},{\"@type\":\"ListItem\",\"position\":3,\"name\":\"Campagnolo Levante 700C DB 2WF Vorderrad\"}]},{\"@type\":\"WebSite\",\"@id\":\"https:\/\/kgerad.de\/#website\",\"url\":\"https:\/\/kgerad.de\/\",\"name\":\"kgerad.de\",\"description\":\"Treten Sie mit uns ins Abenteuer!\",\"publisher\":{\"@id\":\"https:\/\/kgerad.de\/#organization\"},\"alternateName\":\"MEIN RADLADEN\",\"potentialAction\":[{\"@type\":\"SearchAction\",\"target\":{\"@type\":\"EntryPoint\",\"urlTemplate\":\"https:\/\/kgerad.de\/?s={search_term_string}\"},\"query-input\":{\"@type\":\"PropertyValueSpecification\",\"valueRequired\":true,\"valueName\":\"search_term_string\"}}],\"inLanguage\":\"en-US\"},{\"@type\":\"Organization\",\"@id\":\"https:\/\/kgerad.de\/#organization\",\"name\":\"MEINRADLADEN\",\"alternateName\":\"MEIN RADLADEN\",\"url\":\"https:\/\/kgerad.de\/\",\"logo\":{\"@type\":\"ImageObject\",\"inLanguage\":\"en-US\",\"@id\":\"https:\/\/kgerad.de\/#\/schema\/logo\/image\/\",\"url\":\"https:\/\/kgerad.de\/wp-content\/uploads\/2025\/07\/logo-Whit.svg\",\"contentUrl\":\"https:\/\/kgerad.de\/wp-content\/uploads\/2025\/07\/logo-Whit.svg\",\"width\":1640,\"height\":371,\"caption\":\"MEINRADLADEN\"},\"image\":{\"@id\":\"https:\/\/kgerad.de\/#\/schema\/logo\/image\/\"}}]}<\/script>\n<!-- \/ Yoast SEO Premium plugin. -->","yoast_head_json":{"title":"Campagnolo Levante 700C DB 2WF Vorderrad","description":"Entdecken Sie unseren Online-Fahrradladen: Gro\u00dfe Auswahl an Modellen f\u00fcr alle Radsportbegeisterten. Von Rennr\u00e4dern bis zu Mountainbikes - finden Sie heute Ihren perfekten Wegbegleiter!","robots":{"index":"index","follow":"follow","max-snippet":"max-snippet:-1","max-image-preview":"max-image-preview:large","max-video-preview":"max-video-preview:-1"},"canonical":"https:\/\/kgerad.de\/en\/product\/campagnolo-levante-700c-db-2wf-vorderrad\/","og_locale":"en_US","og_type":"article","og_title":"Campagnolo Levante 700C DB 2WF Vorderrad","og_description":"Entdecken Sie unseren Online-Fahrradladen: Gro\u00dfe Auswahl an Modellen f\u00fcr alle Radsportbegeisterten. Von Rennr\u00e4dern bis zu Mountainbikes - finden Sie heute Ihren perfekten Wegbegleiter!","og_url":"https:\/\/kgerad.de\/en\/product\/campagnolo-levante-700c-db-2wf-vorderrad\/","og_site_name":"kgerad.de","article_modified_time":"2023-08-10T18:35:14+00:00","og_image":[{"width":789,"height":800,"url":"https:\/\/kgerad.de\/wp-content\/uploads\/2023\/06\/campagnolo-levante-700C-wheelset-disc-brake-front-left-2022FdxpdI3B3Y3ui_800x800-00.jpg","type":"image\/jpeg"}],"twitter_card":"summary_large_image","twitter_misc":{"Est. reading time":"2 minutes"},"schema":{"@context":"https:\/\/schema.org","@graph":[{"@type":"WebPage","@id":"https:\/\/kgerad.de\/produkt\/campagnolo-levante-700c-db-2wf-vorderrad\/","url":"https:\/\/kgerad.de\/produkt\/campagnolo-levante-700c-db-2wf-vorderrad\/","name":"Campagnolo Levante 700C DB 2WF Vorderrad","isPartOf":{"@id":"https:\/\/kgerad.de\/#website"},"primaryImageOfPage":{"@id":"https:\/\/kgerad.de\/produkt\/campagnolo-levante-700c-db-2wf-vorderrad\/#primaryimage"},"image":{"@id":"https:\/\/kgerad.de\/produkt\/campagnolo-levante-700c-db-2wf-vorderrad\/#primaryimage"},"thumbnailUrl":"https:\/\/kgerad.de\/wp-content\/uploads\/2023\/06\/campagnolo-levante-700C-wheelset-disc-brake-front-left-2022FdxpdI3B3Y3ui_800x800-00.jpg","datePublished":"2022-12-01T17:38:26+00:00","dateModified":"2023-08-10T18:35:14+00:00","description":"Entdecken Sie unseren Online-Fahrradladen: Gro\u00dfe Auswahl an Modellen f\u00fcr alle Radsportbegeisterten. Von Rennr\u00e4dern bis zu Mountainbikes - finden Sie heute Ihren perfekten Wegbegleiter!","breadcrumb":{"@id":"https:\/\/kgerad.de\/produkt\/campagnolo-levante-700c-db-2wf-vorderrad\/#breadcrumb"},"inLanguage":"en-US","potentialAction":[{"@type":"ReadAction","target":["https:\/\/kgerad.de\/produkt\/campagnolo-levante-700c-db-2wf-vorderrad\/"]}]},{"@type":"ImageObject","inLanguage":"en-US","@id":"https:\/\/kgerad.de\/produkt\/campagnolo-levante-700c-db-2wf-vorderrad\/#primaryimage","url":"https:\/\/kgerad.de\/wp-content\/uploads\/2023\/06\/campagnolo-levante-700C-wheelset-disc-brake-front-left-2022FdxpdI3B3Y3ui_800x800-00.jpg","contentUrl":"https:\/\/kgerad.de\/wp-content\/uploads\/2023\/06\/campagnolo-levante-700C-wheelset-disc-brake-front-left-2022FdxpdI3B3Y3ui_800x800-00.jpg","width":789,"height":800,"caption":"Campagnolo Levante 700C DB 2WF Vorderrad"},{"@type":"BreadcrumbList","@id":"https:\/\/kgerad.de\/produkt\/campagnolo-levante-700c-db-2wf-vorderrad\/#breadcrumb","itemListElement":[{"@type":"ListItem","position":1,"name":"Startseite","item":"https:\/\/kgerad.de\/"},{"@type":"ListItem","position":2,"name":"LADEN","item":"https:\/\/kgerad.de\/laden\/"},{"@type":"ListItem","position":3,"name":"Campagnolo Levante 700C DB 2WF Vorderrad"}]},{"@type":"WebSite","@id":"https:\/\/kgerad.de\/#website","url":"https:\/\/kgerad.de\/","name":"kgerad.de","description":"Treten Sie mit uns ins Abenteuer!","publisher":{"@id":"https:\/\/kgerad.de\/#organization"},"alternateName":"MEIN RADLADEN","potentialAction":[{"@type":"SearchAction","target":{"@type":"EntryPoint","urlTemplate":"https:\/\/kgerad.de\/?s={search_term_string}"},"query-input":{"@type":"PropertyValueSpecification","valueRequired":true,"valueName":"search_term_string"}}],"inLanguage":"en-US"},{"@type":"Organization","@id":"https:\/\/kgerad.de\/#organization","name":"MEINRADLADEN","alternateName":"MEIN RADLADEN","url":"https:\/\/kgerad.de\/","logo":{"@type":"ImageObject","inLanguage":"en-US","@id":"https:\/\/kgerad.de\/#\/schema\/logo\/image\/","url":"https:\/\/kgerad.de\/wp-content\/uploads\/2025\/07\/logo-Whit.svg","contentUrl":"https:\/\/kgerad.de\/wp-content\/uploads\/2025\/07\/logo-Whit.svg","width":1640,"height":371,"caption":"MEINRADLADEN"},"image":{"@id":"https:\/\/kgerad.de\/#\/schema\/logo\/image\/"}}]}},"_links":{"self":[{"href":"https:\/\/kgerad.de\/en\/wp-json\/wp\/v2\/product\/47333","targetHints":{"allow":["GET"]}}],"collection":[{"href":"https:\/\/kgerad.de\/en\/wp-json\/wp\/v2\/product"}],"about":[{"href":"https:\/\/kgerad.de\/en\/wp-json\/wp\/v2\/types\/product"}],"replies":[{"embeddable":true,"href":"https:\/\/kgerad.de\/en\/wp-json\/wp\/v2\/comments?post=47333"}],"version-history":[{"count":1,"href":"https:\/\/kgerad.de\/en\/wp-json\/wp\/v2\/product\/47333\/revisions"}],"predecessor-version":[{"id":78880,"href":"https:\/\/kgerad.de\/en\/wp-json\/wp\/v2\/product\/47333\/revisions\/78880"}],"wp:featuredmedia":[{"embeddable":true,"href":"https:\/\/kgerad.de\/en\/wp-json\/wp\/v2\/media\/64211"}],"wp:attachment":[{"href":"https:\/\/kgerad.de\/en\/wp-json\/wp\/v2\/media?parent=47333"}],"wp:term":[{"taxonomy":"product_brand","embeddable":true,"href":"https:\/\/kgerad.de\/en\/wp-json\/wp\/v2\/product_brand?post=47333"},{"taxonomy":"product_cat","embeddable":true,"href":"https:\/\/kgerad.de\/en\/wp-json\/wp\/v2\/product_cat?post=47333"},{"taxonomy":"product_tag","embeddable":true,"href":"https:\/\/kgerad.de\/en\/wp-json\/wp\/v2\/product_tag?post=47333"}],"curies":[{"name":"wp","href":"https:\/\/api.w.org\/{rel}","templated":true}]}}