{"id":47320,"date":"2022-12-01T18:13:53","date_gmt":"2022-12-01T17:13:53","guid":{"rendered":"https:\/\/kgerad.de\/?post_type=product&#038;p=47320"},"modified":"2023-08-10T20:35:26","modified_gmt":"2023-08-10T18:35:26","slug":"fulcrum-racing-zero-carbon-db-disc-laufradsatz","status":"publish","type":"product","link":"https:\/\/kgerad.de\/en\/product\/fulcrum-racing-zero-carbon-db-disc-laufradsatz\/","title":{"rendered":"Fulcrum Racing Zero Carbon DB Disc Laufradsatz"},"content":{"rendered":"<div class=\"product--headername\">\n<h2 class=\"product--title\"><strong>Fulcrum<\/strong> Racing Zero Carbon DB Disc Laufradsatz<\/h2>\n<\/div>\n<p>Beim Fulcrum Racing Zero Laufradsatz von Fulcrum bilden\u00a0 und Aluminium zusammen eine einzigartige Einheit, die die Reaktionsf\u00e4higkeit und Steifigkeit deines Fahrrads erh\u00f6ht. So beh\u00e4lst du in jeder Situation und auch bei hohen Geschwindigkeiten die Kontrolle &#8211; egal ob auf Asphalt oder Schotter.<\/p>\n<h2>H\u00f6chstgeschwindigkeit auf Asphalt und Schotter: der Racing Zero Carbon Laufradsatz von Fulcrum<\/h2>\n<p>Die 30-mm-Felgenh\u00f6he tr\u00e4gt zur Leichtigkeit bergauf bei, w\u00e4hrend die 19-mm-Innenweite dir erlaubt, bis zu 50mm breite Reifen aufzuziehen. Der Racing Zero Carbon bietet un\u00fcbertroffene Leistung, Technologie und Innovation. Die Qualit\u00e4ten des Racing Zero Carbon DB kommen einerseits bei jeder zweistelligen Steigung zur Geltung, wenn optimale Kraft\u00fcbertragung ein Muss ist. Doch auch bergab kommt sie voll zur Geltung, denn die breite Felge und die Speichenhalterung aus Aluminium tragen dazu bei, dass du jederzeit das Gef\u00fchl hast, den zus\u00e4tzlichen Meter wagen zu k\u00f6nnen. Der Racing Zero Carbon DB passt sich mit Stil und Charakter an die unterschiedlichsten Kontexte an und hat sich als absoluter Standard im Bereich der Mehrzwecklaufr\u00e4der etabliert.<\/p>\n<hr \/>\n<h3>Features &#8211; Fulcrum Racing Zero Carbon DB<\/h3>\n<ul>\n<li>Leichter aber stabiler Carbonlaufradsatz f\u00fcr Rennrad- und Graveleinsatz<\/li>\n<li>Dank 2-Way-Fit Technologie auch mit Tubeless-Reifen nutzbar<\/li>\n<li>AFS-Axle System zur Befestigung der Scheibenbremse (Center Lock kompatibel)<\/li>\n<li>Anti-Rotation System sorgt f\u00fcr eine gleichbleibende Spannung der Speichen und garantiert so die bestm\u00f6gliche Aerodynamik<\/li>\n<li>Die Innenweite von 19mm erm\u00f6glicht die Montage von Reifen mit bis zu 50mm<\/li>\n<li>Gewicht des Laufradsatzes betr\u00e4gt nur 1450g<\/li>\n<\/ul>\n<h3>Produkteigenschaften<\/h3>\n<ul>\n<li><strong>Einsatzbereich:\u00a0<\/strong>Rennrad, Gravel<\/li>\n<li><strong>Modell:\u00a0<\/strong>Racing Zero Carbon DB<\/li>\n<li><strong>Laufradgr\u00f6\u00dfe:<\/strong>\u00a028&#8243;<\/li>\n<li><strong>Felgenh\u00f6he:<\/strong>\u00a030mm<\/li>\n<li><strong>Felgenbreite:<\/strong>\u00a026,5mm<\/li>\n<li><strong>Innenweite:\u00a0<\/strong>19mm<\/li>\n<li><strong>Reifentyp:<\/strong>\u00a0Falt-\/Drahtreifen<\/li>\n<li><strong>Tubeless-System:<\/strong>\u00a0Ja<\/li>\n<li><b>Empfohlene Reifenbreite:<\/b>\u00a023-50mm<\/li>\n<li><strong>Bremsentyp:<\/strong>\u00a0Scheibenbremse<\/li>\n<li><strong>Aufnahme:<\/strong>\u00a0AFS (Center-Lock) Disc<\/li>\n<li><strong>Einbaubreite vorne:\u00a0<\/strong>12 x 100mm Steckachse (mit Umr\u00fcstkit f\u00fcr 15 x 100mm Steckachse und 9 x 100mm Schnellspanner)<\/li>\n<li><strong>Einbaubreite hinten:<\/strong>12 x 142mm Steckachse (mit Umr\u00fcstkit f\u00fcr 12 x 135mm Steckachse und 9 x 135mm Schnellspanner)<\/li>\n<li><strong>Lager:<\/strong>\u00a0USB Keramiklager, Einstellbare Konuslager<\/li>\n<li><strong>Speichen:<\/strong>\u00a0vorne 21 \/ hinten 21<\/li>\n<li><strong>ASTM Klassifizierung:<\/strong>\u00a02<\/li>\n<li><strong>Gewichtslimit:<\/strong>\u00a0109kg (Fahrer)<\/li>\n<\/ul>\n<h3>Freilaufkompatibilit\u00e4t (Variante w\u00e4hlen)<\/h3>\n<ul>\n<li>Campagnolo 9\/10\/11\/12-fach<\/li>\n<li>Shimano HG 9\/10\/11-fach und Sram<\/li>\n<li>Sram XDR<\/li>\n<\/ul>\n<h3>Material<\/h3>\n<ul>\n<li><strong>Felgen:\u00a0<\/strong>Full carbon, UD, ARC Technologie<\/li>\n<li><strong>Nabe VR:\u00a0<\/strong>Aluminiumnabenk\u00f6rper mit Aluminiumflansch<\/li>\n<li><strong>Nabe HR:\u00a0<\/strong>Aluminiumnabenk\u00f6rper mit Aluminiumflansch<\/li>\n<li><strong>Speichen:<\/strong>\u00a0Aluminium<\/li>\n<li><strong>Nippel:<\/strong>\u00a0Aluminium<\/li>\n<\/ul>\n<h3><strong>Farbe<br \/>\n<\/strong><\/h3>\n<ul>\n<li>Carbon schwarz<\/li>\n<\/ul>\n<h3><strong>Gewicht<\/strong><\/h3>\n<ul>\n<li>1450g Paar (Herstellerangabe)<\/li>\n<\/ul>\n<hr \/>\n<h3>Lieferumfang<\/h3>\n<ul>\n<li>1 Fulcrum Racing Zero Carbon DB Disc Laufradsatz<\/li>\n<li>1 Umr\u00fcstkit Vorderrard f\u00fcr 15 x 100mm Steckachse und 9 x 100mm Schnellspanner<\/li>\n<li>1 Umr\u00fcstkit Hinterrad f\u00fcr 12 x 135mm Steckachse und 9 x 135mm Schnellspanner<\/li>\n<li>1 Reifenheber<\/li>\n<\/ul>\n<p><em>Schnellspanner und Steckachsen nicht im Lieferumfang enthalten<\/em><\/p>\n<hr \/>\n<h3>Technologien<\/h3>\n<p><strong>2-WAY FIT\u2122<\/strong><br \/>\nDie 2-Way Fit\u2122 Technologie wurde entwickelt, um die perfekte Kompatibilit\u00e4t der Tubeless-Felgen auch mit normalen Drahtreifen und Schl\u00e4uchen zu garantieren. 2-Way Fit\u2122 Laufr\u00e4der sind besonders vielseitig und somit jeder Situation perfekt gewachsen.<\/p>\n<p><strong>RDB\u2122 RIM DYNAMIC BALANCE<\/strong><br \/>\nDas Konzept ist einfach und genial: die Masse des Felgensto\u00dfes mit einer gleichwertigen, exakt gegen\u00fcber positionierten Masse ausgleichen. Bei Felgen aus Karbonfaser wird ein spezielles Verfahren beim Ausrichten der Karbonschichten genutzt, so dass die Felge stets ausgewuchtet ist.<\/p>\n<p><strong>USB\u2122 &#8211; CERAMIC ULTRA SMOOTH BEARINGS\u2122<\/strong><br \/>\nSeit jeher wird Fulcrum\u00ae aufgrund der extrem hohen Leichtg\u00e4ngigkeit und Zuverl\u00e4ssigkeit der Naben respektiert. Die Naben mit den USB\u2122 (Ultra Smooth Bearings) &#8211; Keramiklagern erh\u00f6hen die Leichtg\u00e4ngig der R\u00e4der weiter und verringern das Gewicht sowie den Wartungsaufwand. Vergleichstests haben gezeigt, dass die USB\u2122-Lager 50% leichtg\u00e4ngiger als Standardlager sind. Eine Steigerung Ihrer Wettkampfleistung oder auch eine Ausfahrt mit deinen Freunden wird nun erleichtert.<\/p>","protected":false},"excerpt":{"rendered":"<p>Fulcrum Racing Zero Carbon DB Disc Laufradsatz Beim Fulcrum Racing Zero Laufradsatz von Fulcrum bilden\u00a0 und Aluminium zusammen eine einzigartige<\/p>","protected":false},"featured_media":64205,"comment_status":"open","ping_status":"closed","template":"","meta":[],"product_brand":[],"product_cat":[567,423],"product_tag":[],"class_list":{"0":"post-47320","1":"product","2":"type-product","3":"status-publish","4":"has-post-thumbnail","6":"product_cat-gravel-bike-cyclocross-teile","7":"product_cat-teile","8":"pa_marke-fulcrum","10":"first","11":"instock","12":"sale","13":"taxable","14":"shipping-taxable","15":"purchasable","16":"product-type-variable"},"yoast_head":"<!-- This site is optimized with the Yoast SEO Premium plugin v20.12 (Yoast SEO v27.1.1) - https:\/\/yoast.com\/product\/yoast-seo-premium-wordpress\/ -->\n<title>Fulcrum Racing Zero Carbon DB Disc Laufradsatz<\/title>\n<meta name=\"description\" content=\"Entdecken Sie unseren Online-Fahrradladen: Gro\u00dfe Auswahl an Modellen f\u00fcr alle Radsportbegeisterten. Von Rennr\u00e4dern bis zu Mountainbikes - finden Sie heute Ihren perfekten Wegbegleiter!\" \/>\n<meta name=\"robots\" content=\"index, follow, max-snippet:-1, max-image-preview:large, max-video-preview:-1\" \/>\n<link rel=\"canonical\" href=\"https:\/\/kgerad.de\/en\/product\/fulcrum-racing-zero-carbon-db-disc-laufradsatz\/\" \/>\n<meta property=\"og:locale\" content=\"en_US\" \/>\n<meta property=\"og:type\" content=\"article\" \/>\n<meta property=\"og:title\" content=\"Fulcrum Racing Zero Carbon DB Disc Laufradsatz\" \/>\n<meta property=\"og:description\" content=\"Entdecken Sie unseren Online-Fahrradladen: Gro\u00dfe Auswahl an Modellen f\u00fcr alle Radsportbegeisterten. Von Rennr\u00e4dern bis zu Mountainbikes - finden Sie heute Ihren perfekten Wegbegleiter!\" \/>\n<meta property=\"og:url\" content=\"https:\/\/kgerad.de\/en\/product\/fulcrum-racing-zero-carbon-db-disc-laufradsatz\/\" \/>\n<meta property=\"og:site_name\" content=\"kgerad.de\" \/>\n<meta property=\"article:modified_time\" content=\"2023-08-10T18:35:26+00:00\" \/>\n<meta property=\"og:image\" content=\"https:\/\/kgerad.de\/wp-content\/uploads\/2023\/06\/Fulcrum_RacingZeroCarbonDb_R0-19DFRAC_01_800x800-0.jpg\" \/>\n\t<meta property=\"og:image:width\" content=\"800\" \/>\n\t<meta property=\"og:image:height\" content=\"483\" \/>\n\t<meta property=\"og:image:type\" content=\"image\/jpeg\" \/>\n<meta name=\"twitter:card\" content=\"summary_large_image\" \/>\n<meta name=\"twitter:label1\" content=\"Est. reading time\" \/>\n\t<meta name=\"twitter:data1\" content=\"4 minutes\" \/>\n<script type=\"application\/ld+json\" class=\"yoast-schema-graph\">{\"@context\":\"https:\/\/schema.org\",\"@graph\":[{\"@type\":\"WebPage\",\"@id\":\"https:\/\/kgerad.de\/produkt\/fulcrum-racing-zero-carbon-db-disc-laufradsatz\/\",\"url\":\"https:\/\/kgerad.de\/produkt\/fulcrum-racing-zero-carbon-db-disc-laufradsatz\/\",\"name\":\"Fulcrum Racing Zero Carbon DB Disc Laufradsatz\",\"isPartOf\":{\"@id\":\"https:\/\/kgerad.de\/#website\"},\"primaryImageOfPage\":{\"@id\":\"https:\/\/kgerad.de\/produkt\/fulcrum-racing-zero-carbon-db-disc-laufradsatz\/#primaryimage\"},\"image\":{\"@id\":\"https:\/\/kgerad.de\/produkt\/fulcrum-racing-zero-carbon-db-disc-laufradsatz\/#primaryimage\"},\"thumbnailUrl\":\"https:\/\/kgerad.de\/wp-content\/uploads\/2023\/06\/Fulcrum_RacingZeroCarbonDb_R0-19DFRAC_01_800x800-0.jpg\",\"datePublished\":\"2022-12-01T17:13:53+00:00\",\"dateModified\":\"2023-08-10T18:35:26+00:00\",\"description\":\"Entdecken Sie unseren Online-Fahrradladen: Gro\u00dfe Auswahl an Modellen f\u00fcr alle Radsportbegeisterten. Von Rennr\u00e4dern bis zu Mountainbikes - finden Sie heute Ihren perfekten Wegbegleiter!\",\"breadcrumb\":{\"@id\":\"https:\/\/kgerad.de\/produkt\/fulcrum-racing-zero-carbon-db-disc-laufradsatz\/#breadcrumb\"},\"inLanguage\":\"en-US\",\"potentialAction\":[{\"@type\":\"ReadAction\",\"target\":[\"https:\/\/kgerad.de\/produkt\/fulcrum-racing-zero-carbon-db-disc-laufradsatz\/\"]}]},{\"@type\":\"ImageObject\",\"inLanguage\":\"en-US\",\"@id\":\"https:\/\/kgerad.de\/produkt\/fulcrum-racing-zero-carbon-db-disc-laufradsatz\/#primaryimage\",\"url\":\"https:\/\/kgerad.de\/wp-content\/uploads\/2023\/06\/Fulcrum_RacingZeroCarbonDb_R0-19DFRAC_01_800x800-0.jpg\",\"contentUrl\":\"https:\/\/kgerad.de\/wp-content\/uploads\/2023\/06\/Fulcrum_RacingZeroCarbonDb_R0-19DFRAC_01_800x800-0.jpg\",\"width\":800,\"height\":483,\"caption\":\"Fulcrum Racing Zero Carbon DB Disc Laufradsatz\"},{\"@type\":\"BreadcrumbList\",\"@id\":\"https:\/\/kgerad.de\/produkt\/fulcrum-racing-zero-carbon-db-disc-laufradsatz\/#breadcrumb\",\"itemListElement\":[{\"@type\":\"ListItem\",\"position\":1,\"name\":\"Startseite\",\"item\":\"https:\/\/kgerad.de\/\"},{\"@type\":\"ListItem\",\"position\":2,\"name\":\"LADEN\",\"item\":\"https:\/\/kgerad.de\/laden\/\"},{\"@type\":\"ListItem\",\"position\":3,\"name\":\"Fulcrum Racing Zero Carbon DB Disc Laufradsatz\"}]},{\"@type\":\"WebSite\",\"@id\":\"https:\/\/kgerad.de\/#website\",\"url\":\"https:\/\/kgerad.de\/\",\"name\":\"kgerad.de\",\"description\":\"Treten Sie mit uns ins Abenteuer!\",\"publisher\":{\"@id\":\"https:\/\/kgerad.de\/#organization\"},\"alternateName\":\"MEIN RADLADEN\",\"potentialAction\":[{\"@type\":\"SearchAction\",\"target\":{\"@type\":\"EntryPoint\",\"urlTemplate\":\"https:\/\/kgerad.de\/?s={search_term_string}\"},\"query-input\":{\"@type\":\"PropertyValueSpecification\",\"valueRequired\":true,\"valueName\":\"search_term_string\"}}],\"inLanguage\":\"en-US\"},{\"@type\":\"Organization\",\"@id\":\"https:\/\/kgerad.de\/#organization\",\"name\":\"MEINRADLADEN\",\"alternateName\":\"MEIN RADLADEN\",\"url\":\"https:\/\/kgerad.de\/\",\"logo\":{\"@type\":\"ImageObject\",\"inLanguage\":\"en-US\",\"@id\":\"https:\/\/kgerad.de\/#\/schema\/logo\/image\/\",\"url\":\"https:\/\/kgerad.de\/wp-content\/uploads\/2025\/07\/logo-Whit.svg\",\"contentUrl\":\"https:\/\/kgerad.de\/wp-content\/uploads\/2025\/07\/logo-Whit.svg\",\"width\":1640,\"height\":371,\"caption\":\"MEINRADLADEN\"},\"image\":{\"@id\":\"https:\/\/kgerad.de\/#\/schema\/logo\/image\/\"}}]}<\/script>\n<!-- \/ Yoast SEO Premium plugin. -->","yoast_head_json":{"title":"Fulcrum Racing Zero Carbon DB Disc Laufradsatz","description":"Entdecken Sie unseren Online-Fahrradladen: Gro\u00dfe Auswahl an Modellen f\u00fcr alle Radsportbegeisterten. Von Rennr\u00e4dern bis zu Mountainbikes - finden Sie heute Ihren perfekten Wegbegleiter!","robots":{"index":"index","follow":"follow","max-snippet":"max-snippet:-1","max-image-preview":"max-image-preview:large","max-video-preview":"max-video-preview:-1"},"canonical":"https:\/\/kgerad.de\/en\/product\/fulcrum-racing-zero-carbon-db-disc-laufradsatz\/","og_locale":"en_US","og_type":"article","og_title":"Fulcrum Racing Zero Carbon DB Disc Laufradsatz","og_description":"Entdecken Sie unseren Online-Fahrradladen: Gro\u00dfe Auswahl an Modellen f\u00fcr alle Radsportbegeisterten. Von Rennr\u00e4dern bis zu Mountainbikes - finden Sie heute Ihren perfekten Wegbegleiter!","og_url":"https:\/\/kgerad.de\/en\/product\/fulcrum-racing-zero-carbon-db-disc-laufradsatz\/","og_site_name":"kgerad.de","article_modified_time":"2023-08-10T18:35:26+00:00","og_image":[{"width":800,"height":483,"url":"https:\/\/kgerad.de\/wp-content\/uploads\/2023\/06\/Fulcrum_RacingZeroCarbonDb_R0-19DFRAC_01_800x800-0.jpg","type":"image\/jpeg"}],"twitter_card":"summary_large_image","twitter_misc":{"Est. reading time":"4 minutes"},"schema":{"@context":"https:\/\/schema.org","@graph":[{"@type":"WebPage","@id":"https:\/\/kgerad.de\/produkt\/fulcrum-racing-zero-carbon-db-disc-laufradsatz\/","url":"https:\/\/kgerad.de\/produkt\/fulcrum-racing-zero-carbon-db-disc-laufradsatz\/","name":"Fulcrum Racing Zero Carbon DB Disc Laufradsatz","isPartOf":{"@id":"https:\/\/kgerad.de\/#website"},"primaryImageOfPage":{"@id":"https:\/\/kgerad.de\/produkt\/fulcrum-racing-zero-carbon-db-disc-laufradsatz\/#primaryimage"},"image":{"@id":"https:\/\/kgerad.de\/produkt\/fulcrum-racing-zero-carbon-db-disc-laufradsatz\/#primaryimage"},"thumbnailUrl":"https:\/\/kgerad.de\/wp-content\/uploads\/2023\/06\/Fulcrum_RacingZeroCarbonDb_R0-19DFRAC_01_800x800-0.jpg","datePublished":"2022-12-01T17:13:53+00:00","dateModified":"2023-08-10T18:35:26+00:00","description":"Entdecken Sie unseren Online-Fahrradladen: Gro\u00dfe Auswahl an Modellen f\u00fcr alle Radsportbegeisterten. Von Rennr\u00e4dern bis zu Mountainbikes - finden Sie heute Ihren perfekten Wegbegleiter!","breadcrumb":{"@id":"https:\/\/kgerad.de\/produkt\/fulcrum-racing-zero-carbon-db-disc-laufradsatz\/#breadcrumb"},"inLanguage":"en-US","potentialAction":[{"@type":"ReadAction","target":["https:\/\/kgerad.de\/produkt\/fulcrum-racing-zero-carbon-db-disc-laufradsatz\/"]}]},{"@type":"ImageObject","inLanguage":"en-US","@id":"https:\/\/kgerad.de\/produkt\/fulcrum-racing-zero-carbon-db-disc-laufradsatz\/#primaryimage","url":"https:\/\/kgerad.de\/wp-content\/uploads\/2023\/06\/Fulcrum_RacingZeroCarbonDb_R0-19DFRAC_01_800x800-0.jpg","contentUrl":"https:\/\/kgerad.de\/wp-content\/uploads\/2023\/06\/Fulcrum_RacingZeroCarbonDb_R0-19DFRAC_01_800x800-0.jpg","width":800,"height":483,"caption":"Fulcrum Racing Zero Carbon DB Disc Laufradsatz"},{"@type":"BreadcrumbList","@id":"https:\/\/kgerad.de\/produkt\/fulcrum-racing-zero-carbon-db-disc-laufradsatz\/#breadcrumb","itemListElement":[{"@type":"ListItem","position":1,"name":"Startseite","item":"https:\/\/kgerad.de\/"},{"@type":"ListItem","position":2,"name":"LADEN","item":"https:\/\/kgerad.de\/laden\/"},{"@type":"ListItem","position":3,"name":"Fulcrum Racing Zero Carbon DB Disc Laufradsatz"}]},{"@type":"WebSite","@id":"https:\/\/kgerad.de\/#website","url":"https:\/\/kgerad.de\/","name":"kgerad.de","description":"Treten Sie mit uns ins Abenteuer!","publisher":{"@id":"https:\/\/kgerad.de\/#organization"},"alternateName":"MEIN RADLADEN","potentialAction":[{"@type":"SearchAction","target":{"@type":"EntryPoint","urlTemplate":"https:\/\/kgerad.de\/?s={search_term_string}"},"query-input":{"@type":"PropertyValueSpecification","valueRequired":true,"valueName":"search_term_string"}}],"inLanguage":"en-US"},{"@type":"Organization","@id":"https:\/\/kgerad.de\/#organization","name":"MEINRADLADEN","alternateName":"MEIN RADLADEN","url":"https:\/\/kgerad.de\/","logo":{"@type":"ImageObject","inLanguage":"en-US","@id":"https:\/\/kgerad.de\/#\/schema\/logo\/image\/","url":"https:\/\/kgerad.de\/wp-content\/uploads\/2025\/07\/logo-Whit.svg","contentUrl":"https:\/\/kgerad.de\/wp-content\/uploads\/2025\/07\/logo-Whit.svg","width":1640,"height":371,"caption":"MEINRADLADEN"},"image":{"@id":"https:\/\/kgerad.de\/#\/schema\/logo\/image\/"}}]}},"_links":{"self":[{"href":"https:\/\/kgerad.de\/en\/wp-json\/wp\/v2\/product\/47320","targetHints":{"allow":["GET"]}}],"collection":[{"href":"https:\/\/kgerad.de\/en\/wp-json\/wp\/v2\/product"}],"about":[{"href":"https:\/\/kgerad.de\/en\/wp-json\/wp\/v2\/types\/product"}],"replies":[{"embeddable":true,"href":"https:\/\/kgerad.de\/en\/wp-json\/wp\/v2\/comments?post=47320"}],"version-history":[{"count":1,"href":"https:\/\/kgerad.de\/en\/wp-json\/wp\/v2\/product\/47320\/revisions"}],"predecessor-version":[{"id":78881,"href":"https:\/\/kgerad.de\/en\/wp-json\/wp\/v2\/product\/47320\/revisions\/78881"}],"wp:featuredmedia":[{"embeddable":true,"href":"https:\/\/kgerad.de\/en\/wp-json\/wp\/v2\/media\/64205"}],"wp:attachment":[{"href":"https:\/\/kgerad.de\/en\/wp-json\/wp\/v2\/media?parent=47320"}],"wp:term":[{"taxonomy":"product_brand","embeddable":true,"href":"https:\/\/kgerad.de\/en\/wp-json\/wp\/v2\/product_brand?post=47320"},{"taxonomy":"product_cat","embeddable":true,"href":"https:\/\/kgerad.de\/en\/wp-json\/wp\/v2\/product_cat?post=47320"},{"taxonomy":"product_tag","embeddable":true,"href":"https:\/\/kgerad.de\/en\/wp-json\/wp\/v2\/product_tag?post=47320"}],"curies":[{"name":"wp","href":"https:\/\/api.w.org\/{rel}","templated":true}]}}