{"id":47313,"date":"2022-12-01T17:38:53","date_gmt":"2022-12-01T16:38:53","guid":{"rendered":"https:\/\/kgerad.de\/?post_type=product&#038;p=47313"},"modified":"2023-08-10T20:35:38","modified_gmt":"2023-08-10T18:35:38","slug":"zipp-303-firecrest-carbon-disc-tubeless-vorderrad","status":"publish","type":"product","link":"https:\/\/kgerad.de\/en\/product\/zipp-303-firecrest-carbon-disc-tubeless-vorderrad\/","title":{"rendered":"Zipp 303 Firecrest\u00ae Carbon Disc Tubeless Vorderrad"},"content":{"rendered":"<div class=\"product--headername\">\n<h2 class=\"product--title\"><strong>Zipp<\/strong>\u00a0303 Firecrest\u00ae Carbon Disc Tubeless Vorderrad<\/h2>\n<\/div>\n<p>Zipp 303 Firecrest\u00ae Brake Laufrad von Zipp wurde f\u00fcr reale Bedingungen entwickelt \u2013 f\u00fcr eine Welt also, in der die Stra\u00dfenbel\u00e4ge nicht immer perfekt sind und in der die einfache Formel gilt, dass Effizienz sich in Geschwindigkeit \u00fcbersetzt. Dieses Laufrad ist schneller, leichter und selbst auf wechselndem, unebenem Terrain enorm leistungsf\u00e4hig \u2013 egal, ob es sich dabei um asphaltierte oder unasphaltierte Stra\u00dfen handelt.<\/p>\n<h2>Schnelles, leichtes und vielseitiges Laufrad: das 303 Firecrest Carbon Clincher von Zipp<\/h2>\n<p>Es ist das Ergebnis von Zipps Bestreben, die Fr\u00fchjahrsklassiker zu beherrschen. Deshalb wurde der neue Zipp 303 Firecrest Carbon Clincher Disc anhand eines speziell auf die Anforderungen moderner Rennr\u00e4der zugeschnittenen Konzepts neu gestaltet. Wenn es darum geht, mit einem Fahrrad schnell bzw.<\/p>\n<p>Die Kombination aus breiterem Reifen, gr\u00f6\u00dferem Reifenvolumen und niedrigerem Reifendruck tr\u00e4gt dazu bei, die Erm\u00fcdung des Fahrers zu verringern, indem die Fahrt \u00fcber unvollkommene Fahrbahn- und Stra\u00dfenverh\u00e4ltnisse gewisserma\u00dfen gegl\u00e4ttet wird: Reifen und R\u00e4der absorbieren die Ersch\u00fctterungen, nicht der Fahrer.<\/p>\n<hr \/>\n<h3>Features &#8211; Zipp 303 Firecrest Tubeless Disc-brake<\/h3>\n<ul>\n<li>Neue Zipp-Grafiken und optische Pr\u00e4senz, die Geschwindigkeit verk\u00f6rpert<\/li>\n<li>40 mm Universal-Felgenh\u00f6he, die sich bei Fr\u00fchjahrsklassikern und im Cyclocross-Weltcup bew\u00e4hrt hat<\/li>\n<li>Die neue ZR1 DB-Nabe wurde in Deutschland mit einer besseren Dichtungskonstruktion f\u00fcr verbesserte Haltbarkeit und schnelleres Ansprechen mit 66 Eingriffspunkten entwickelt<\/li>\n<li>Leichteres Gewicht als sein Vorg\u00e4nger, wodurch er wendig und schnell ist<\/li>\n<li>Tubeless Made Easy, das optimierte Reifenbettschild erm\u00f6glicht eine einfache, werkzeuglose Montage und Demontage, ohne dass ein Luftkompressor zum Aufsetzen des Reifens ben\u00f6tigt wird<\/li>\n<li>Ultra-breites 25 mm-Felgenprofil schafft eine bessere Reifenschnittstelle, um auf der Stra\u00dfe oder im Gel\u00e4nde schnell zu sein<\/li>\n<li>Center Lock Scheibenaufnahme. Der Lockring ist im Lieferumfang der R\u00e4der enthalten<\/li>\n<\/ul>\n<h3>Produkteigenschaften<\/h3>\n<ul>\n<li><strong>Einsatzbereich:<\/strong>\u00a0Rennrad, Cyclocross<\/li>\n<li><strong>Modell:<\/strong>\u00a0303 Firecrest Carbon Clincher<\/li>\n<li><strong>Felgengr\u00f6\u00dfe:<\/strong>\u00a028&#8243;<\/li>\n<li><strong>Speichen:\u00a0<\/strong>24<\/li>\n<li><strong>Bremssystem:<\/strong>\u00a0Centerl Lock Scheibenbremse<\/li>\n<li><strong>Tubeless-System:<\/strong>\u00a0Ja<\/li>\n<li><strong>Maximal empfohlenes Systemgewicht:<\/strong>\u00a0115kg (K\u00f6rpergewicht + Fahrrad + Ausr\u00fcstung)<\/li>\n<li><strong>Maximaler Luftdruck:\u00a0<\/strong>5.03bar (73psi)<\/li>\n<li><strong>Felgenbreite innen:<\/strong>\u00a025mm<\/li>\n<\/ul>\n<div>\n<ul>\n<li><strong>Felge:<\/strong>\u00a0Carbon<\/li>\n<li><strong>Nabenk\u00f6rper:\u00a0<\/strong>Aluminium<\/li>\n<li><strong>Speichen:<\/strong>\u00a0Edelstahl<\/li>\n<li><strong>Lager:\u00a0<\/strong>Stahl<\/li>\n<\/ul>\n<h3>Farbe<\/h3>\n<ul>\n<li>schwarz<\/li>\n<\/ul>\n<h3>Gewicht<\/h3>\n<ul>\n<li>613g (Herstellerangabe)<\/li>\n<\/ul>\n<hr \/>\n<h3>Lieferumfang<\/h3>\n<ul>\n<li>1 x Zipp 303 Firecrest Tubeless Disc-brake Vorderrad<\/li>\n<li>1 x Tubeless Ventil<\/li>\n<li>1 x Tubeless Felgenband<\/li>\n<li>1 x Ventilwerkzeug<\/li>\n<li>1 x Spacer<\/li>\n<li>1 x Centerlock Ring<\/li>\n<\/ul>\n<\/div>\n<hr \/>\n<h3>Technologien<\/h3>\n<p><strong>Firecrest\u00ae\u00a0<\/strong><\/p>\n<div>\n<p>Zipp testet die meistversprechenden Felgenformen im Windkanal und auf der Stra\u00dfe. Dieses Verfahren f\u00fchrte zur Firecrest\u00ae-Felgentechnologie (202, 303, 404 und 808 Firecrest\u00ae Laufr\u00e4der), mit der der Luftstrom und der Druckschwerpunkt des Rads effektiver geregelt werden kann, was wiederum eine bessere Aerodynamik, ein besseres Handling bei Seitenwind und ein besseres Fahrerlebnis zur Folge hat.<\/p>\n<p><strong>ABLC\u2122\u00a0(Aerodynamic Boundary Layer Control)\u00a0<\/strong><br \/>\nDas \u00fcberarbeitete ABLC\u2122 (Aerodynamic Boundary Layer Control)-Design reduziert den Luftwiderstand durch mehr und kleinere Verwirbelungen, um auch bei st\u00e4rkstem Wind eine un\u00fcbertroffene Stabilit\u00e4t und Kontrolle zu gew\u00e4hrleisten.<\/p>\n<hr \/>\n<h3>Zipp Firecrest Revolution<\/h3>\n<p><iframe src=\"https:\/\/www.youtube-nocookie.com\/embed\/vXrNfIwnk7M?rel=0\" width=\"640\" height=\"360\" frameborder=\"0\" allowfullscreen=\"allowfullscreen\" data-mce-fragment=\"1\"><\/iframe><\/p>\n<\/div>\n<h3>Zipp Firecrest Difference<\/h3>\n<p><iframe src=\"https:\/\/www.youtube-nocookie.com\/embed\/UnFCqs9iduY?rel=0\" width=\"640\" height=\"360\" frameborder=\"0\" allowfullscreen=\"allowfullscreen\" data-mce-fragment=\"1\"><\/iframe><\/p>","protected":false},"excerpt":{"rendered":"<p>Zipp\u00a0303 Firecrest\u00ae Carbon Disc Tubeless Vorderrad Zipp 303 Firecrest\u00ae Brake Laufrad von Zipp wurde f\u00fcr reale Bedingungen entwickelt \u2013 f\u00fcr<\/p>","protected":false},"featured_media":64203,"comment_status":"open","ping_status":"closed","template":"","meta":[],"product_brand":[],"product_cat":[567,423],"product_tag":[],"class_list":{"0":"post-47313","1":"product","2":"type-product","3":"status-publish","4":"has-post-thumbnail","6":"product_cat-gravel-bike-cyclocross-teile","7":"product_cat-teile","8":"pa_marke-zipp","10":"first","11":"instock","12":"sale","13":"taxable","14":"shipping-taxable","15":"purchasable","16":"product-type-simple"},"yoast_head":"<!-- This site is optimized with the Yoast SEO Premium plugin v20.12 (Yoast SEO v27.1.1) - https:\/\/yoast.com\/product\/yoast-seo-premium-wordpress\/ -->\n<title>Zipp 303 Firecrest\u00ae Carbon Disc Tubeless Vorderrad<\/title>\n<meta name=\"description\" content=\"Entdecken Sie unseren Online-Fahrradladen: Gro\u00dfe Auswahl an Modellen f\u00fcr alle Radsportbegeisterten. Von Rennr\u00e4dern bis zu Mountainbikes - finden Sie heute Ihren perfekten Wegbegleiter!\" \/>\n<meta name=\"robots\" content=\"index, follow, max-snippet:-1, max-image-preview:large, max-video-preview:-1\" \/>\n<link rel=\"canonical\" href=\"https:\/\/kgerad.de\/en\/product\/zipp-303-firecrest-carbon-disc-tubeless-vorderrad\/\" \/>\n<meta property=\"og:locale\" content=\"en_US\" \/>\n<meta property=\"og:type\" content=\"article\" \/>\n<meta property=\"og:title\" content=\"Zipp 303 Firecrest\u00ae Carbon Disc Tubeless Vorderrad\" \/>\n<meta property=\"og:description\" content=\"Entdecken Sie unseren Online-Fahrradladen: Gro\u00dfe Auswahl an Modellen f\u00fcr alle Radsportbegeisterten. Von Rennr\u00e4dern bis zu Mountainbikes - finden Sie heute Ihren perfekten Wegbegleiter!\" \/>\n<meta property=\"og:url\" content=\"https:\/\/kgerad.de\/en\/product\/zipp-303-firecrest-carbon-disc-tubeless-vorderrad\/\" \/>\n<meta property=\"og:site_name\" content=\"kgerad.de\" \/>\n<meta property=\"article:modified_time\" content=\"2023-08-10T18:35:38+00:00\" \/>\n<meta property=\"og:image\" content=\"https:\/\/kgerad.de\/wp-content\/uploads\/2023\/06\/Zipp-303-Firecrest-R-Carbon-Tubeless-Vorderrad-00-1918-529-000UXESuJpCoRlst_800x800-2.jpg\" \/>\n\t<meta property=\"og:image:width\" content=\"796\" \/>\n\t<meta property=\"og:image:height\" content=\"800\" \/>\n\t<meta property=\"og:image:type\" content=\"image\/jpeg\" \/>\n<meta name=\"twitter:card\" content=\"summary_large_image\" \/>\n<meta name=\"twitter:label1\" content=\"Est. reading time\" \/>\n\t<meta name=\"twitter:data1\" content=\"3 minutes\" \/>\n<script type=\"application\/ld+json\" class=\"yoast-schema-graph\">{\"@context\":\"https:\/\/schema.org\",\"@graph\":[{\"@type\":\"WebPage\",\"@id\":\"https:\/\/kgerad.de\/produkt\/zipp-303-firecrest-carbon-disc-tubeless-vorderrad\/\",\"url\":\"https:\/\/kgerad.de\/produkt\/zipp-303-firecrest-carbon-disc-tubeless-vorderrad\/\",\"name\":\"Zipp 303 Firecrest\u00ae Carbon Disc Tubeless Vorderrad\",\"isPartOf\":{\"@id\":\"https:\/\/kgerad.de\/#website\"},\"primaryImageOfPage\":{\"@id\":\"https:\/\/kgerad.de\/produkt\/zipp-303-firecrest-carbon-disc-tubeless-vorderrad\/#primaryimage\"},\"image\":{\"@id\":\"https:\/\/kgerad.de\/produkt\/zipp-303-firecrest-carbon-disc-tubeless-vorderrad\/#primaryimage\"},\"thumbnailUrl\":\"https:\/\/kgerad.de\/wp-content\/uploads\/2023\/06\/Zipp-303-Firecrest-R-Carbon-Tubeless-Vorderrad-00-1918-529-000UXESuJpCoRlst_800x800-2.jpg\",\"datePublished\":\"2022-12-01T16:38:53+00:00\",\"dateModified\":\"2023-08-10T18:35:38+00:00\",\"description\":\"Entdecken Sie unseren Online-Fahrradladen: Gro\u00dfe Auswahl an Modellen f\u00fcr alle Radsportbegeisterten. Von Rennr\u00e4dern bis zu Mountainbikes - finden Sie heute Ihren perfekten Wegbegleiter!\",\"breadcrumb\":{\"@id\":\"https:\/\/kgerad.de\/produkt\/zipp-303-firecrest-carbon-disc-tubeless-vorderrad\/#breadcrumb\"},\"inLanguage\":\"en-US\",\"potentialAction\":[{\"@type\":\"ReadAction\",\"target\":[\"https:\/\/kgerad.de\/produkt\/zipp-303-firecrest-carbon-disc-tubeless-vorderrad\/\"]}]},{\"@type\":\"ImageObject\",\"inLanguage\":\"en-US\",\"@id\":\"https:\/\/kgerad.de\/produkt\/zipp-303-firecrest-carbon-disc-tubeless-vorderrad\/#primaryimage\",\"url\":\"https:\/\/kgerad.de\/wp-content\/uploads\/2023\/06\/Zipp-303-Firecrest-R-Carbon-Tubeless-Vorderrad-00-1918-529-000UXESuJpCoRlst_800x800-2.jpg\",\"contentUrl\":\"https:\/\/kgerad.de\/wp-content\/uploads\/2023\/06\/Zipp-303-Firecrest-R-Carbon-Tubeless-Vorderrad-00-1918-529-000UXESuJpCoRlst_800x800-2.jpg\",\"width\":796,\"height\":800,\"caption\":\"Zipp 303 Firecrest\u00ae Carbon Disc Tubeless Vorderrad\"},{\"@type\":\"BreadcrumbList\",\"@id\":\"https:\/\/kgerad.de\/produkt\/zipp-303-firecrest-carbon-disc-tubeless-vorderrad\/#breadcrumb\",\"itemListElement\":[{\"@type\":\"ListItem\",\"position\":1,\"name\":\"Startseite\",\"item\":\"https:\/\/kgerad.de\/\"},{\"@type\":\"ListItem\",\"position\":2,\"name\":\"LADEN\",\"item\":\"https:\/\/kgerad.de\/laden\/\"},{\"@type\":\"ListItem\",\"position\":3,\"name\":\"Zipp 303 Firecrest\u00ae Carbon Disc Tubeless Vorderrad\"}]},{\"@type\":\"WebSite\",\"@id\":\"https:\/\/kgerad.de\/#website\",\"url\":\"https:\/\/kgerad.de\/\",\"name\":\"kgerad.de\",\"description\":\"Treten Sie mit uns ins Abenteuer!\",\"publisher\":{\"@id\":\"https:\/\/kgerad.de\/#organization\"},\"alternateName\":\"MEIN RADLADEN\",\"potentialAction\":[{\"@type\":\"SearchAction\",\"target\":{\"@type\":\"EntryPoint\",\"urlTemplate\":\"https:\/\/kgerad.de\/?s={search_term_string}\"},\"query-input\":{\"@type\":\"PropertyValueSpecification\",\"valueRequired\":true,\"valueName\":\"search_term_string\"}}],\"inLanguage\":\"en-US\"},{\"@type\":\"Organization\",\"@id\":\"https:\/\/kgerad.de\/#organization\",\"name\":\"MEINRADLADEN\",\"alternateName\":\"MEIN RADLADEN\",\"url\":\"https:\/\/kgerad.de\/\",\"logo\":{\"@type\":\"ImageObject\",\"inLanguage\":\"en-US\",\"@id\":\"https:\/\/kgerad.de\/#\/schema\/logo\/image\/\",\"url\":\"https:\/\/kgerad.de\/wp-content\/uploads\/2025\/07\/logo-Whit.svg\",\"contentUrl\":\"https:\/\/kgerad.de\/wp-content\/uploads\/2025\/07\/logo-Whit.svg\",\"width\":1640,\"height\":371,\"caption\":\"MEINRADLADEN\"},\"image\":{\"@id\":\"https:\/\/kgerad.de\/#\/schema\/logo\/image\/\"}}]}<\/script>\n<!-- \/ Yoast SEO Premium plugin. -->","yoast_head_json":{"title":"Zipp 303 Firecrest\u00ae Carbon Disc Tubeless Vorderrad","description":"Entdecken Sie unseren Online-Fahrradladen: Gro\u00dfe Auswahl an Modellen f\u00fcr alle Radsportbegeisterten. Von Rennr\u00e4dern bis zu Mountainbikes - finden Sie heute Ihren perfekten Wegbegleiter!","robots":{"index":"index","follow":"follow","max-snippet":"max-snippet:-1","max-image-preview":"max-image-preview:large","max-video-preview":"max-video-preview:-1"},"canonical":"https:\/\/kgerad.de\/en\/product\/zipp-303-firecrest-carbon-disc-tubeless-vorderrad\/","og_locale":"en_US","og_type":"article","og_title":"Zipp 303 Firecrest\u00ae Carbon Disc Tubeless Vorderrad","og_description":"Entdecken Sie unseren Online-Fahrradladen: Gro\u00dfe Auswahl an Modellen f\u00fcr alle Radsportbegeisterten. Von Rennr\u00e4dern bis zu Mountainbikes - finden Sie heute Ihren perfekten Wegbegleiter!","og_url":"https:\/\/kgerad.de\/en\/product\/zipp-303-firecrest-carbon-disc-tubeless-vorderrad\/","og_site_name":"kgerad.de","article_modified_time":"2023-08-10T18:35:38+00:00","og_image":[{"width":796,"height":800,"url":"https:\/\/kgerad.de\/wp-content\/uploads\/2023\/06\/Zipp-303-Firecrest-R-Carbon-Tubeless-Vorderrad-00-1918-529-000UXESuJpCoRlst_800x800-2.jpg","type":"image\/jpeg"}],"twitter_card":"summary_large_image","twitter_misc":{"Est. reading time":"3 minutes"},"schema":{"@context":"https:\/\/schema.org","@graph":[{"@type":"WebPage","@id":"https:\/\/kgerad.de\/produkt\/zipp-303-firecrest-carbon-disc-tubeless-vorderrad\/","url":"https:\/\/kgerad.de\/produkt\/zipp-303-firecrest-carbon-disc-tubeless-vorderrad\/","name":"Zipp 303 Firecrest\u00ae Carbon Disc Tubeless Vorderrad","isPartOf":{"@id":"https:\/\/kgerad.de\/#website"},"primaryImageOfPage":{"@id":"https:\/\/kgerad.de\/produkt\/zipp-303-firecrest-carbon-disc-tubeless-vorderrad\/#primaryimage"},"image":{"@id":"https:\/\/kgerad.de\/produkt\/zipp-303-firecrest-carbon-disc-tubeless-vorderrad\/#primaryimage"},"thumbnailUrl":"https:\/\/kgerad.de\/wp-content\/uploads\/2023\/06\/Zipp-303-Firecrest-R-Carbon-Tubeless-Vorderrad-00-1918-529-000UXESuJpCoRlst_800x800-2.jpg","datePublished":"2022-12-01T16:38:53+00:00","dateModified":"2023-08-10T18:35:38+00:00","description":"Entdecken Sie unseren Online-Fahrradladen: Gro\u00dfe Auswahl an Modellen f\u00fcr alle Radsportbegeisterten. Von Rennr\u00e4dern bis zu Mountainbikes - finden Sie heute Ihren perfekten Wegbegleiter!","breadcrumb":{"@id":"https:\/\/kgerad.de\/produkt\/zipp-303-firecrest-carbon-disc-tubeless-vorderrad\/#breadcrumb"},"inLanguage":"en-US","potentialAction":[{"@type":"ReadAction","target":["https:\/\/kgerad.de\/produkt\/zipp-303-firecrest-carbon-disc-tubeless-vorderrad\/"]}]},{"@type":"ImageObject","inLanguage":"en-US","@id":"https:\/\/kgerad.de\/produkt\/zipp-303-firecrest-carbon-disc-tubeless-vorderrad\/#primaryimage","url":"https:\/\/kgerad.de\/wp-content\/uploads\/2023\/06\/Zipp-303-Firecrest-R-Carbon-Tubeless-Vorderrad-00-1918-529-000UXESuJpCoRlst_800x800-2.jpg","contentUrl":"https:\/\/kgerad.de\/wp-content\/uploads\/2023\/06\/Zipp-303-Firecrest-R-Carbon-Tubeless-Vorderrad-00-1918-529-000UXESuJpCoRlst_800x800-2.jpg","width":796,"height":800,"caption":"Zipp 303 Firecrest\u00ae Carbon Disc Tubeless Vorderrad"},{"@type":"BreadcrumbList","@id":"https:\/\/kgerad.de\/produkt\/zipp-303-firecrest-carbon-disc-tubeless-vorderrad\/#breadcrumb","itemListElement":[{"@type":"ListItem","position":1,"name":"Startseite","item":"https:\/\/kgerad.de\/"},{"@type":"ListItem","position":2,"name":"LADEN","item":"https:\/\/kgerad.de\/laden\/"},{"@type":"ListItem","position":3,"name":"Zipp 303 Firecrest\u00ae Carbon Disc Tubeless Vorderrad"}]},{"@type":"WebSite","@id":"https:\/\/kgerad.de\/#website","url":"https:\/\/kgerad.de\/","name":"kgerad.de","description":"Treten Sie mit uns ins Abenteuer!","publisher":{"@id":"https:\/\/kgerad.de\/#organization"},"alternateName":"MEIN RADLADEN","potentialAction":[{"@type":"SearchAction","target":{"@type":"EntryPoint","urlTemplate":"https:\/\/kgerad.de\/?s={search_term_string}"},"query-input":{"@type":"PropertyValueSpecification","valueRequired":true,"valueName":"search_term_string"}}],"inLanguage":"en-US"},{"@type":"Organization","@id":"https:\/\/kgerad.de\/#organization","name":"MEINRADLADEN","alternateName":"MEIN RADLADEN","url":"https:\/\/kgerad.de\/","logo":{"@type":"ImageObject","inLanguage":"en-US","@id":"https:\/\/kgerad.de\/#\/schema\/logo\/image\/","url":"https:\/\/kgerad.de\/wp-content\/uploads\/2025\/07\/logo-Whit.svg","contentUrl":"https:\/\/kgerad.de\/wp-content\/uploads\/2025\/07\/logo-Whit.svg","width":1640,"height":371,"caption":"MEINRADLADEN"},"image":{"@id":"https:\/\/kgerad.de\/#\/schema\/logo\/image\/"}}]}},"_links":{"self":[{"href":"https:\/\/kgerad.de\/en\/wp-json\/wp\/v2\/product\/47313","targetHints":{"allow":["GET"]}}],"collection":[{"href":"https:\/\/kgerad.de\/en\/wp-json\/wp\/v2\/product"}],"about":[{"href":"https:\/\/kgerad.de\/en\/wp-json\/wp\/v2\/types\/product"}],"replies":[{"embeddable":true,"href":"https:\/\/kgerad.de\/en\/wp-json\/wp\/v2\/comments?post=47313"}],"version-history":[{"count":1,"href":"https:\/\/kgerad.de\/en\/wp-json\/wp\/v2\/product\/47313\/revisions"}],"predecessor-version":[{"id":78882,"href":"https:\/\/kgerad.de\/en\/wp-json\/wp\/v2\/product\/47313\/revisions\/78882"}],"wp:featuredmedia":[{"embeddable":true,"href":"https:\/\/kgerad.de\/en\/wp-json\/wp\/v2\/media\/64203"}],"wp:attachment":[{"href":"https:\/\/kgerad.de\/en\/wp-json\/wp\/v2\/media?parent=47313"}],"wp:term":[{"taxonomy":"product_brand","embeddable":true,"href":"https:\/\/kgerad.de\/en\/wp-json\/wp\/v2\/product_brand?post=47313"},{"taxonomy":"product_cat","embeddable":true,"href":"https:\/\/kgerad.de\/en\/wp-json\/wp\/v2\/product_cat?post=47313"},{"taxonomy":"product_tag","embeddable":true,"href":"https:\/\/kgerad.de\/en\/wp-json\/wp\/v2\/product_tag?post=47313"}],"curies":[{"name":"wp","href":"https:\/\/api.w.org\/{rel}","templated":true}]}}