{"id":47232,"date":"2022-12-01T16:27:19","date_gmt":"2022-12-01T15:27:19","guid":{"rendered":"https:\/\/kgerad.de\/?post_type=product&#038;p=47232"},"modified":"2023-08-10T20:36:19","modified_gmt":"2023-08-10T18:36:19","slug":"dt-swiss-grc-1400-spline-42-carbon-28-disc-hinterrad","status":"publish","type":"product","link":"https:\/\/kgerad.de\/en\/product\/dt-swiss-grc-1400-spline-42-carbon-28-disc-hinterrad\/","title":{"rendered":"DT Swiss GRC 1400 Spline\u00ae 42 Carbon 28&#8243; Disc Hinterrad"},"content":{"rendered":"<div class=\"product--headername\">\n<h2 class=\"product--title\"><strong>DT Swiss<\/strong> GRC 1400 Spline\u00ae 42 Carbon 28&#8243; Disc Hinterrad<\/h2>\n<\/div>\n<p>Das DT Swiss GRC 1400 , einer der <a href=\"http:\/\/1-1\">technisch<\/a> hoch entwickeltesten Gravel-Laufr\u00e4der auf dem Markt. Aerodynamische Effizienz und breite Felgen f\u00fchren zu h\u00f6chstem Komfort, geben Antrieb abseits der Stra\u00dfe und weisen eine aussergew\u00f6hnliche Langlebigkeit auf.<\/p>\n<h2>Der Racing King in der Gravelfamilie &#8211; das Carbon Hinterrad GRC 1400 Spline 42 von DT Swiss<\/h2>\n<p>Dies sind nur einige Faktoren, die dieses Laufrad zum perfekten Begleiter auf deinem n\u00e4chsten Gravel-Abenteuer machen.<\/p>\n<p>Keine Autos, unber\u00fchrte Natur und endlose Stra\u00dfen. Was fr\u00fcher das Gel\u00e4nde von Mountainbikern war, fasziniert heute auch die Rennradfahrer. DT Swiss Gravel-Laufr\u00e4der bieten die perfekte Mischung aus Komfort, Langlebigkeit und \u00abOff-road\u00bb Performance. Gemacht f\u00fcr unz\u00e4hlige Abenteuer abseits der Stra\u00dfe.<\/p>\n<hr \/>\n<h3>Produkteigenschaften &#8211; GRC 1400 SPLINE\u00ae 42 Carbon Disc Hinterrad<\/h3>\n<ul>\n<li><strong>Einsatzbereich:\u00a0<\/strong>Gravel<\/li>\n<li><strong>Modell:\u00a0<\/strong>GRC 1400<\/li>\n<li><strong>Laufradgr\u00f6\u00dfe:\u00a0<\/strong>28&#8243;<\/li>\n<li><strong>Laufraddurchmesser:<\/strong>\u00a0622mm (700c)<\/li>\n<li><strong>Felgentyp:<\/strong>\u00a0Clincher (Drahtreifen)<\/li>\n<li><strong>Tubeless Ready:\u00a0<\/strong>Ja<\/li>\n<li><strong>Freilaufk\u00f6rper:\u00a0<\/strong>Shimano 9-\/10-\/11-fach (montiert)<\/li>\n<li><strong>Freilaufsystem:<\/strong>\u00a0Ratchet System 36 SL<\/li>\n<li><strong>\u00c4ussere Breite:<\/strong>\u00a033mm<\/li>\n<li><strong>Maulweite:<\/strong>\u00a024mm<\/li>\n<li><strong>Felgenh\u00f6he:<\/strong>\u00a042mm<\/li>\n<li><strong>Lochzahl\/Speichen:<\/strong>\u00a024 \/ 2-cross (1:1)<\/li>\n<li><strong>Nabentyp:\u00a0<\/strong>SPLINE\u00ae db 240s<\/li>\n<li><strong>Ventilloch:<\/strong>\u00a0Presta \/ SV \u00d8 6.5 mm<\/li>\n<li><strong>Bremssystem:<\/strong>\u00a0Disc Center Lock<\/li>\n<li><strong>Achsensystem:\u00a0<\/strong>12 x 142mm<\/li>\n<li><strong>Speichen:<\/strong>\u00a0DT aero comp\u00ae straightpull<\/li>\n<li><strong>Nippel:<\/strong>\u00a0DT Pro Lock\u00ae, aluminum<\/li>\n<li><strong>Maximal empfohlenes Systemgewicht:<\/strong>\u00a0130kg (K\u00f6rpergewicht + Fahrrad + Ausr\u00fcstung)<\/li>\n<li><strong>ASTM Klassifizierung:<\/strong>\u00a02<\/li>\n<\/ul>\n<h3>Material<\/h3>\n<ul>\n<li><strong>Felge:\u00a0<\/strong>Carbon<\/li>\n<li><strong>Nabenk\u00f6rper:\u00a0<\/strong>Aluminium<\/li>\n<li><strong>Speichen:<\/strong>\u00a0Edelstahl<\/li>\n<li><strong>Nippel:\u00a0<\/strong>Aluminium<\/li>\n<li><strong>Freilauf:<\/strong>\u00a0Aluminium<\/li>\n<\/ul>\n<h3>Farbe<\/h3>\n<ul>\n<li>schwarz<\/li>\n<\/ul>\n<h3>Gewicht<\/h3>\n<ul>\n<li>861g (Herstellerangabe)<\/li>\n<\/ul>\n<hr \/>\n<h3>Lieferumfang<\/h3>\n<ul>\n<li>1 x GRC 1400 SPLINE\u00ae 42 Carbon Disc Hinterrad<\/li>\n<li>1 x Sram XDR Freilauf Kit<\/li>\n<li>1 x Tubeless tape 25mm<\/li>\n<li>1 x Tubelessventil Road 36-48mm<\/li>\n<\/ul>\n<p><em>Steckachse nicht im Lieferumfang enthalten!<\/em><\/p>\n<hr \/>\n<h3>Technologien<\/h3>\n<p><strong>SPLINE<sup>\u00ae<\/sup>\u00a0Technologie<\/strong><br \/>\nDer aufw\u00e4ndig bearbeitete Nabenbody, die clever platzierten Speichen und die bew\u00e4hrte Freilauftechnik der neuen DT Swiss SPLINE\u00ae Laufradlinie haben ein einziges Ziel: Den hohen Bed\u00fcrfnissen heutiger RadfahrerInnen gerecht zu werden. Es sind Komponenten wie die SPLINE\u00ae Laufr\u00e4der, welche es erlauben immer weiter und immer schneller zu fahren und so die Freude am Fahrradfahren weiter steigern. Dank der vielen durchdachten Details und der legend\u00e4ren DT Swiss Zuverl\u00e4ssigkeit erlebt man mit SPLINE\u00ae Laufr\u00e4dern Fahrspass pur.<\/p>\n<p><strong>Straightpull technology<\/strong><br \/>\nStraightpull steht f\u00fcr gerade, ungekr\u00f6pfte Speichen. Dank dieser Technologie ist es m\u00f6glich ein ideales Verh\u00e4ltnis zwischen Gewicht und Stabilit\u00e4t zu erreichen. Die Straightpull Speichen erlauben eine sehr pr\u00e4zise Ausrichtung und optimierte Positionierung im Laufrad und sorgen damit f\u00fcr ein steiferes und reaktionsfreudigeres Laufrad.<\/p>\n<p><strong>Naben Technologie<\/strong><br \/>\nDT Swiss Naben geniessen zurecht einen legend\u00e4ren Ruf. Gleich mehrere einzigartige Features haben dazu beigetragen: Die Ratchet System\u00ae Freilauftechnik ist extrem haltbar, zuverl\u00e4ssig und kann dank dem gesteckten Aufbau der Naben innerhalb weniger Minuten ohne Werkzeuge gewartet werden. Dank dem gleichen Stecksystem k\u00f6nnen alle Naben auf fast jeden Achsstandard umgebaut werden und passen so an jedes Bike. Das ber\u00fchrungsfreie Dichtungssystem sowie die hochpr\u00e4zise Montage garantieren beste Laufeigenschaften, damit die Energie der FahrerIn ausschliesslich in Vortrieb umgesetzt wird. Die konsequente Gewichtsoptimierung hebt die Rennsportgene dieses Klassikers hervor<\/p>","protected":false},"excerpt":{"rendered":"<p>DT Swiss GRC 1400 Spline\u00ae 42 Carbon 28&#8243; Disc Hinterrad Das DT Swiss GRC 1400 , einer der technisch hoch<\/p>","protected":false},"featured_media":64168,"comment_status":"open","ping_status":"closed","template":"","meta":[],"product_brand":[],"product_cat":[567,423],"product_tag":[],"class_list":{"0":"post-47232","1":"product","2":"type-product","3":"status-publish","4":"has-post-thumbnail","6":"product_cat-gravel-bike-cyclocross-teile","7":"product_cat-teile","8":"pa_marke-dt-swiss","10":"first","11":"instock","12":"sale","13":"taxable","14":"shipping-taxable","15":"purchasable","16":"product-type-simple"},"yoast_head":"<!-- This site is optimized with the Yoast SEO Premium plugin v20.12 (Yoast SEO v27.1.1) - https:\/\/yoast.com\/product\/yoast-seo-premium-wordpress\/ -->\n<title>DT Swiss GRC 1400 Spline\u00ae 42 Carbon 28&quot; Disc Hinterrad<\/title>\n<meta name=\"description\" content=\"Entdecken Sie unseren Online-Fahrradladen: Gro\u00dfe Auswahl an Modellen f\u00fcr alle Radsportbegeisterten. Von Rennr\u00e4dern bis zu Mountainbikes - finden Sie heute Ihren perfekten Wegbegleiter!\" \/>\n<meta name=\"robots\" content=\"index, follow, max-snippet:-1, max-image-preview:large, max-video-preview:-1\" \/>\n<link rel=\"canonical\" href=\"https:\/\/kgerad.de\/en\/product\/dt-swiss-grc-1400-spline-42-carbon-28-disc-hinterrad\/\" \/>\n<meta property=\"og:locale\" content=\"en_US\" \/>\n<meta property=\"og:type\" content=\"article\" \/>\n<meta property=\"og:title\" content=\"DT Swiss GRC 1400 Spline\u00ae 42 Carbon 28&quot; Disc Hinterrad\" \/>\n<meta property=\"og:description\" content=\"Entdecken Sie unseren Online-Fahrradladen: Gro\u00dfe Auswahl an Modellen f\u00fcr alle Radsportbegeisterten. Von Rennr\u00e4dern bis zu Mountainbikes - finden Sie heute Ihren perfekten Wegbegleiter!\" \/>\n<meta property=\"og:url\" content=\"https:\/\/kgerad.de\/en\/product\/dt-swiss-grc-1400-spline-42-carbon-28-disc-hinterrad\/\" \/>\n<meta property=\"og:site_name\" content=\"kgerad.de\" \/>\n<meta property=\"article:modified_time\" content=\"2023-08-10T18:36:19+00:00\" \/>\n<meta property=\"og:image\" content=\"https:\/\/kgerad.de\/wp-content\/uploads\/2023\/06\/GRC-1400-Spline-R-42-Carbon-27-5-Disc-Hinterrad_800x800-0.jpg\" \/>\n\t<meta property=\"og:image:width\" content=\"518\" \/>\n\t<meta property=\"og:image:height\" content=\"800\" \/>\n\t<meta property=\"og:image:type\" content=\"image\/jpeg\" \/>\n<meta name=\"twitter:card\" content=\"summary_large_image\" \/>\n<meta name=\"twitter:label1\" content=\"Est. reading time\" \/>\n\t<meta name=\"twitter:data1\" content=\"3 minutes\" \/>\n<script type=\"application\/ld+json\" class=\"yoast-schema-graph\">{\"@context\":\"https:\/\/schema.org\",\"@graph\":[{\"@type\":\"WebPage\",\"@id\":\"https:\/\/kgerad.de\/produkt\/dt-swiss-grc-1400-spline-42-carbon-28-disc-hinterrad\/\",\"url\":\"https:\/\/kgerad.de\/produkt\/dt-swiss-grc-1400-spline-42-carbon-28-disc-hinterrad\/\",\"name\":\"DT Swiss GRC 1400 Spline\u00ae 42 Carbon 28\\\" Disc Hinterrad\",\"isPartOf\":{\"@id\":\"https:\/\/kgerad.de\/#website\"},\"primaryImageOfPage\":{\"@id\":\"https:\/\/kgerad.de\/produkt\/dt-swiss-grc-1400-spline-42-carbon-28-disc-hinterrad\/#primaryimage\"},\"image\":{\"@id\":\"https:\/\/kgerad.de\/produkt\/dt-swiss-grc-1400-spline-42-carbon-28-disc-hinterrad\/#primaryimage\"},\"thumbnailUrl\":\"https:\/\/kgerad.de\/wp-content\/uploads\/2023\/06\/GRC-1400-Spline-R-42-Carbon-27-5-Disc-Hinterrad_800x800-0.jpg\",\"datePublished\":\"2022-12-01T15:27:19+00:00\",\"dateModified\":\"2023-08-10T18:36:19+00:00\",\"description\":\"Entdecken Sie unseren Online-Fahrradladen: Gro\u00dfe Auswahl an Modellen f\u00fcr alle Radsportbegeisterten. Von Rennr\u00e4dern bis zu Mountainbikes - finden Sie heute Ihren perfekten Wegbegleiter!\",\"breadcrumb\":{\"@id\":\"https:\/\/kgerad.de\/produkt\/dt-swiss-grc-1400-spline-42-carbon-28-disc-hinterrad\/#breadcrumb\"},\"inLanguage\":\"en-US\",\"potentialAction\":[{\"@type\":\"ReadAction\",\"target\":[\"https:\/\/kgerad.de\/produkt\/dt-swiss-grc-1400-spline-42-carbon-28-disc-hinterrad\/\"]}]},{\"@type\":\"ImageObject\",\"inLanguage\":\"en-US\",\"@id\":\"https:\/\/kgerad.de\/produkt\/dt-swiss-grc-1400-spline-42-carbon-28-disc-hinterrad\/#primaryimage\",\"url\":\"https:\/\/kgerad.de\/wp-content\/uploads\/2023\/06\/GRC-1400-Spline-R-42-Carbon-27-5-Disc-Hinterrad_800x800-0.jpg\",\"contentUrl\":\"https:\/\/kgerad.de\/wp-content\/uploads\/2023\/06\/GRC-1400-Spline-R-42-Carbon-27-5-Disc-Hinterrad_800x800-0.jpg\",\"width\":518,\"height\":800,\"caption\":\"DT Swiss GRC 1400 Spline\u00ae 42 Carbon 28 Disc Hinterrad\"},{\"@type\":\"BreadcrumbList\",\"@id\":\"https:\/\/kgerad.de\/produkt\/dt-swiss-grc-1400-spline-42-carbon-28-disc-hinterrad\/#breadcrumb\",\"itemListElement\":[{\"@type\":\"ListItem\",\"position\":1,\"name\":\"Startseite\",\"item\":\"https:\/\/kgerad.de\/\"},{\"@type\":\"ListItem\",\"position\":2,\"name\":\"LADEN\",\"item\":\"https:\/\/kgerad.de\/laden\/\"},{\"@type\":\"ListItem\",\"position\":3,\"name\":\"DT Swiss GRC 1400 Spline\u00ae 42 Carbon 28&#8243; Disc Hinterrad\"}]},{\"@type\":\"WebSite\",\"@id\":\"https:\/\/kgerad.de\/#website\",\"url\":\"https:\/\/kgerad.de\/\",\"name\":\"kgerad.de\",\"description\":\"Treten Sie mit uns ins Abenteuer!\",\"publisher\":{\"@id\":\"https:\/\/kgerad.de\/#organization\"},\"alternateName\":\"MEIN RADLADEN\",\"potentialAction\":[{\"@type\":\"SearchAction\",\"target\":{\"@type\":\"EntryPoint\",\"urlTemplate\":\"https:\/\/kgerad.de\/?s={search_term_string}\"},\"query-input\":{\"@type\":\"PropertyValueSpecification\",\"valueRequired\":true,\"valueName\":\"search_term_string\"}}],\"inLanguage\":\"en-US\"},{\"@type\":\"Organization\",\"@id\":\"https:\/\/kgerad.de\/#organization\",\"name\":\"MEINRADLADEN\",\"alternateName\":\"MEIN RADLADEN\",\"url\":\"https:\/\/kgerad.de\/\",\"logo\":{\"@type\":\"ImageObject\",\"inLanguage\":\"en-US\",\"@id\":\"https:\/\/kgerad.de\/#\/schema\/logo\/image\/\",\"url\":\"https:\/\/kgerad.de\/wp-content\/uploads\/2025\/07\/logo-Whit.svg\",\"contentUrl\":\"https:\/\/kgerad.de\/wp-content\/uploads\/2025\/07\/logo-Whit.svg\",\"width\":1640,\"height\":371,\"caption\":\"MEINRADLADEN\"},\"image\":{\"@id\":\"https:\/\/kgerad.de\/#\/schema\/logo\/image\/\"}}]}<\/script>\n<!-- \/ Yoast SEO Premium plugin. -->","yoast_head_json":{"title":"DT Swiss GRC 1400 Spline\u00ae 42 Carbon 28\" Disc Hinterrad","description":"Entdecken Sie unseren Online-Fahrradladen: Gro\u00dfe Auswahl an Modellen f\u00fcr alle Radsportbegeisterten. Von Rennr\u00e4dern bis zu Mountainbikes - finden Sie heute Ihren perfekten Wegbegleiter!","robots":{"index":"index","follow":"follow","max-snippet":"max-snippet:-1","max-image-preview":"max-image-preview:large","max-video-preview":"max-video-preview:-1"},"canonical":"https:\/\/kgerad.de\/en\/product\/dt-swiss-grc-1400-spline-42-carbon-28-disc-hinterrad\/","og_locale":"en_US","og_type":"article","og_title":"DT Swiss GRC 1400 Spline\u00ae 42 Carbon 28\" Disc Hinterrad","og_description":"Entdecken Sie unseren Online-Fahrradladen: Gro\u00dfe Auswahl an Modellen f\u00fcr alle Radsportbegeisterten. Von Rennr\u00e4dern bis zu Mountainbikes - finden Sie heute Ihren perfekten Wegbegleiter!","og_url":"https:\/\/kgerad.de\/en\/product\/dt-swiss-grc-1400-spline-42-carbon-28-disc-hinterrad\/","og_site_name":"kgerad.de","article_modified_time":"2023-08-10T18:36:19+00:00","og_image":[{"width":518,"height":800,"url":"https:\/\/kgerad.de\/wp-content\/uploads\/2023\/06\/GRC-1400-Spline-R-42-Carbon-27-5-Disc-Hinterrad_800x800-0.jpg","type":"image\/jpeg"}],"twitter_card":"summary_large_image","twitter_misc":{"Est. reading time":"3 minutes"},"schema":{"@context":"https:\/\/schema.org","@graph":[{"@type":"WebPage","@id":"https:\/\/kgerad.de\/produkt\/dt-swiss-grc-1400-spline-42-carbon-28-disc-hinterrad\/","url":"https:\/\/kgerad.de\/produkt\/dt-swiss-grc-1400-spline-42-carbon-28-disc-hinterrad\/","name":"DT Swiss GRC 1400 Spline\u00ae 42 Carbon 28\" Disc Hinterrad","isPartOf":{"@id":"https:\/\/kgerad.de\/#website"},"primaryImageOfPage":{"@id":"https:\/\/kgerad.de\/produkt\/dt-swiss-grc-1400-spline-42-carbon-28-disc-hinterrad\/#primaryimage"},"image":{"@id":"https:\/\/kgerad.de\/produkt\/dt-swiss-grc-1400-spline-42-carbon-28-disc-hinterrad\/#primaryimage"},"thumbnailUrl":"https:\/\/kgerad.de\/wp-content\/uploads\/2023\/06\/GRC-1400-Spline-R-42-Carbon-27-5-Disc-Hinterrad_800x800-0.jpg","datePublished":"2022-12-01T15:27:19+00:00","dateModified":"2023-08-10T18:36:19+00:00","description":"Entdecken Sie unseren Online-Fahrradladen: Gro\u00dfe Auswahl an Modellen f\u00fcr alle Radsportbegeisterten. Von Rennr\u00e4dern bis zu Mountainbikes - finden Sie heute Ihren perfekten Wegbegleiter!","breadcrumb":{"@id":"https:\/\/kgerad.de\/produkt\/dt-swiss-grc-1400-spline-42-carbon-28-disc-hinterrad\/#breadcrumb"},"inLanguage":"en-US","potentialAction":[{"@type":"ReadAction","target":["https:\/\/kgerad.de\/produkt\/dt-swiss-grc-1400-spline-42-carbon-28-disc-hinterrad\/"]}]},{"@type":"ImageObject","inLanguage":"en-US","@id":"https:\/\/kgerad.de\/produkt\/dt-swiss-grc-1400-spline-42-carbon-28-disc-hinterrad\/#primaryimage","url":"https:\/\/kgerad.de\/wp-content\/uploads\/2023\/06\/GRC-1400-Spline-R-42-Carbon-27-5-Disc-Hinterrad_800x800-0.jpg","contentUrl":"https:\/\/kgerad.de\/wp-content\/uploads\/2023\/06\/GRC-1400-Spline-R-42-Carbon-27-5-Disc-Hinterrad_800x800-0.jpg","width":518,"height":800,"caption":"DT Swiss GRC 1400 Spline\u00ae 42 Carbon 28 Disc Hinterrad"},{"@type":"BreadcrumbList","@id":"https:\/\/kgerad.de\/produkt\/dt-swiss-grc-1400-spline-42-carbon-28-disc-hinterrad\/#breadcrumb","itemListElement":[{"@type":"ListItem","position":1,"name":"Startseite","item":"https:\/\/kgerad.de\/"},{"@type":"ListItem","position":2,"name":"LADEN","item":"https:\/\/kgerad.de\/laden\/"},{"@type":"ListItem","position":3,"name":"DT Swiss GRC 1400 Spline\u00ae 42 Carbon 28&#8243; Disc Hinterrad"}]},{"@type":"WebSite","@id":"https:\/\/kgerad.de\/#website","url":"https:\/\/kgerad.de\/","name":"kgerad.de","description":"Treten Sie mit uns ins Abenteuer!","publisher":{"@id":"https:\/\/kgerad.de\/#organization"},"alternateName":"MEIN RADLADEN","potentialAction":[{"@type":"SearchAction","target":{"@type":"EntryPoint","urlTemplate":"https:\/\/kgerad.de\/?s={search_term_string}"},"query-input":{"@type":"PropertyValueSpecification","valueRequired":true,"valueName":"search_term_string"}}],"inLanguage":"en-US"},{"@type":"Organization","@id":"https:\/\/kgerad.de\/#organization","name":"MEINRADLADEN","alternateName":"MEIN RADLADEN","url":"https:\/\/kgerad.de\/","logo":{"@type":"ImageObject","inLanguage":"en-US","@id":"https:\/\/kgerad.de\/#\/schema\/logo\/image\/","url":"https:\/\/kgerad.de\/wp-content\/uploads\/2025\/07\/logo-Whit.svg","contentUrl":"https:\/\/kgerad.de\/wp-content\/uploads\/2025\/07\/logo-Whit.svg","width":1640,"height":371,"caption":"MEINRADLADEN"},"image":{"@id":"https:\/\/kgerad.de\/#\/schema\/logo\/image\/"}}]}},"_links":{"self":[{"href":"https:\/\/kgerad.de\/en\/wp-json\/wp\/v2\/product\/47232","targetHints":{"allow":["GET"]}}],"collection":[{"href":"https:\/\/kgerad.de\/en\/wp-json\/wp\/v2\/product"}],"about":[{"href":"https:\/\/kgerad.de\/en\/wp-json\/wp\/v2\/types\/product"}],"replies":[{"embeddable":true,"href":"https:\/\/kgerad.de\/en\/wp-json\/wp\/v2\/comments?post=47232"}],"version-history":[{"count":1,"href":"https:\/\/kgerad.de\/en\/wp-json\/wp\/v2\/product\/47232\/revisions"}],"predecessor-version":[{"id":78885,"href":"https:\/\/kgerad.de\/en\/wp-json\/wp\/v2\/product\/47232\/revisions\/78885"}],"wp:featuredmedia":[{"embeddable":true,"href":"https:\/\/kgerad.de\/en\/wp-json\/wp\/v2\/media\/64168"}],"wp:attachment":[{"href":"https:\/\/kgerad.de\/en\/wp-json\/wp\/v2\/media?parent=47232"}],"wp:term":[{"taxonomy":"product_brand","embeddable":true,"href":"https:\/\/kgerad.de\/en\/wp-json\/wp\/v2\/product_brand?post=47232"},{"taxonomy":"product_cat","embeddable":true,"href":"https:\/\/kgerad.de\/en\/wp-json\/wp\/v2\/product_cat?post=47232"},{"taxonomy":"product_tag","embeddable":true,"href":"https:\/\/kgerad.de\/en\/wp-json\/wp\/v2\/product_tag?post=47232"}],"curies":[{"name":"wp","href":"https:\/\/api.w.org\/{rel}","templated":true}]}}