{"id":47155,"date":"2022-12-01T15:33:56","date_gmt":"2022-12-01T14:33:56","guid":{"rendered":"https:\/\/kgerad.de\/?post_type=product&#038;p=47155"},"modified":"2023-08-10T20:44:20","modified_gmt":"2023-08-10T18:44:20","slug":"fulcrum-racing-3-db-disc-laufradsatz","status":"publish","type":"product","link":"https:\/\/kgerad.de\/en\/product\/fulcrum-racing-3-db-disc-laufradsatz\/","title":{"rendered":"Fulcrum Racing 3 DB Disc Laufradsatz"},"content":{"rendered":"<div class=\"product--headername\">\n<h2 class=\"product--title\"><strong>Fulcrum<\/strong> Racing 3 DB Disc Laufradsatz<\/h2>\n<\/div>\n<p>Wie Fulcrum Racing 3 oft hast du von einem Laufradsatz getr\u00e4umt, der in jedem Kontext und auf unterschiedlichen Untergr\u00fcnden eine hervorragende Performance liefert? Der\u00a0 von Fulcrum ist wendig und leistungsf\u00e4hig bergauf, l\u00e4uft ohne Grenzen auf nicht so perfekten Stra\u00dfenbel\u00e4gen und ist ein treuer Begleiter, wenn gro\u00dfe Bergp\u00e4sse, weite Strecken und gro\u00dfe Radabenteuer dein Ziel sind.<\/p>\n<h2>Vielseitiger Laufradsatz f\u00fcr Training und Wettkampf: der Racing 3 DB von Fulcrum<\/h2>\n<p>Das Hauptaugenmerk bei seiner Entwicklung lag auf der Substanz, und Fulcrum hat jedes Einzelteil auf ein h\u00f6heres Niveau gebracht, indem f\u00fcr jedes einzelne wesentliche Bauteil die ausgewogenste, ausgereifteste technische L\u00f6sung gew\u00e4hlt wurde. So ist der Laufradsatz extrem leichtg\u00e4ngig dank der Konus- und Schalenlager und komfortabel dank der Stahlspeichen, die 25% mehr Sto\u00dfd\u00e4mpfung gew\u00e4hrleisten.<\/p>\n<p>Die 19 mm breite Felge sorgt zudem f\u00fcr einen gro\u00dfz\u00fcgigen, robusten und stabilen Kontakt zur Stra\u00dfe. Vielseitigkeit bedeutet f\u00fcr den Racing 3 DB, in jedem Kontext den Unterschied zu machen: als Trainingsrad, f\u00fcr lange Strecken und auf Gravel-Untergrund. Er ist auch ein hochwertiges Upgrade f\u00fcr alle, die Spa\u00df am Radfahren haben, aber keine Wettkampfabsichten hegen.<\/p>\n<hr \/>\n<h3>Features &#8211; Fulcrum Racing 3 DB<\/h3>\n<ul>\n<li>Solider Aluminiumlaufradsatz<\/li>\n<li>Dank 2-Way-Fit Ready Technologie auch zu Tubeless-System umr\u00fcstbar<\/li>\n<li>AFS-Axle System zur Befestigung der Scheibenbremse (Center Lock kompatibel)<\/li>\n<li>Anti-Rotation System sorgt f\u00fcr eine gleichbleibende Spannung der Speichen und garantiert so die bestm\u00f6gliche Aerodynamik<\/li>\n<li>Die Innenweite von 19mm erm\u00f6glicht die Montage von Reifen mit bis zu 42mm<\/li>\n<\/ul>\n<h3>Produkteigenschaften<\/h3>\n<ul>\n<li><strong>Einsatzbereich:\u00a0<\/strong>Rennrad, Gravel<\/li>\n<li><strong>Modell:\u00a0<\/strong>Racing 3 DB<\/li>\n<li><strong>Laufradgr\u00f6\u00dfe:<\/strong>\u00a028&#8243;<\/li>\n<li><strong>Felgenh\u00f6he:<\/strong>\u00a028mm<\/li>\n<li><strong>Felgenbreite:<\/strong>\u00a023,8mm<\/li>\n<li><strong>Innenweite:\u00a0<\/strong>19mm<\/li>\n<li><strong>Reifentyp:<\/strong>\u00a0Falt-\/Drahtreifen<\/li>\n<li><strong>Tubeless-System:<\/strong>\u00a0Ja<\/li>\n<li><b>Empfohlene Reifenbreite:<\/b> 23-42mm<\/li>\n<\/ul>\n<p>&nbsp;<\/p>\n<ul>\n<li><strong>Bremsentyp:<\/strong>\u00a0Scheibenbremse<\/li>\n<li><strong>Aufnahme:<\/strong>\u00a0AFS (Center-Lock) Disc<\/li>\n<li><strong>Einbaubreite vorne:\u00a0<\/strong>12 x 100mm Steckachse<\/li>\n<li><strong>Einbaubreite hinten:<\/strong>12 x 142mm Steckachse<\/li>\n<li><strong>Lager:<\/strong>\u00a0Einstellbares Cup &amp; Cones-Lagersystem<\/li>\n<li><strong>Speichen:<\/strong>\u00a0vorne 21 \/ hinten 21 (Two-to-one)<\/li>\n<li><strong>ASTM Kategorie:\u00a0<\/strong>2<\/li>\n<li><strong>Gewichtslimit:<\/strong>\u00a0109kg (Fahrer)<\/li>\n<\/ul>\n<h3>Freilaufkompatibilit\u00e4t (Variante w\u00e4hlen)<\/h3>\n<ul>\n<li>Shimano HG 9\/10\/11-fach und Sram<\/li>\n<li>Campagnolo 9\/10\/11\/12-fach<\/li>\n<li>Sram XDR<\/li>\n<\/ul>\n<p><strong>OVERSIZE FLANGE<\/strong><br \/>\nDie Entwicklung des Oversize-Flansches entstand aus der Notwendigkeit, ein System zu schaffen, das jedes Watt ohne Verluste an den Boden \u00fcbertragen k\u00f6nnte, wobei das Laufrad-System dort versteift wird, wo es notwendig ist, ohne Speichen oder zus\u00e4tzliche Strukturen hinzuzuf\u00fcgen, die das Gewicht erh\u00f6hen w\u00fcrden. Der Oversize-Flansch macht zur L\u00f6sung des Problems von der Physik Gebrauch: Er erh\u00f6ht die Winkelstellung der Speichen zur Nabenmitte und erm\u00f6glicht ihre Verk\u00fcrzung. Dar\u00fcber hinaus schafft die Verdopplung der Speichen ein ausgewogenes System, das in der Lage ist, das Drehmoment hervorragend zu \u00fcbertragen<\/p>","protected":false},"excerpt":{"rendered":"<p>Fulcrum Racing 3 DB Disc Laufradsatz Wie Fulcrum Racing 3 oft hast du von einem Laufradsatz getr\u00e4umt, der in jedem<\/p>","protected":false},"featured_media":64142,"comment_status":"open","ping_status":"closed","template":"","meta":[],"product_brand":[],"product_cat":[247,318],"product_tag":[],"class_list":{"0":"post-47155","1":"product","2":"type-product","3":"status-publish","4":"has-post-thumbnail","6":"product_cat-e-bike-trekking","7":"product_cat-outdoor","8":"pa_marke-fulcrum","10":"first","11":"instock","12":"sale","13":"taxable","14":"shipping-taxable","15":"purchasable","16":"product-type-variable"},"yoast_head":"<!-- This site is optimized with the Yoast SEO Premium plugin v20.12 (Yoast SEO v27.1.1) - https:\/\/yoast.com\/product\/yoast-seo-premium-wordpress\/ -->\n<title>Fulcrum Racing 3 DB Disc Laufradsatz<\/title>\n<meta name=\"description\" content=\"Entdecken Sie unseren Online-Fahrradladen: Gro\u00dfe Auswahl an Modellen f\u00fcr alle Radsportbegeisterten. Von Rennr\u00e4dern bis zu Mountainbikes - finden Sie heute Ihren perfekten Wegbegleiter!\" \/>\n<meta name=\"robots\" content=\"index, follow, max-snippet:-1, max-image-preview:large, max-video-preview:-1\" \/>\n<link rel=\"canonical\" href=\"https:\/\/kgerad.de\/en\/product\/fulcrum-racing-3-db-disc-laufradsatz\/\" \/>\n<meta property=\"og:locale\" content=\"en_US\" \/>\n<meta property=\"og:type\" content=\"article\" \/>\n<meta property=\"og:title\" content=\"Fulcrum Racing 3 DB Disc Laufradsatz\" \/>\n<meta property=\"og:description\" content=\"Entdecken Sie unseren Online-Fahrradladen: Gro\u00dfe Auswahl an Modellen f\u00fcr alle Radsportbegeisterten. Von Rennr\u00e4dern bis zu Mountainbikes - finden Sie heute Ihren perfekten Wegbegleiter!\" \/>\n<meta property=\"og:url\" content=\"https:\/\/kgerad.de\/en\/product\/fulcrum-racing-3-db-disc-laufradsatz\/\" \/>\n<meta property=\"og:site_name\" content=\"kgerad.de\" \/>\n<meta property=\"article:modified_time\" content=\"2023-08-10T18:44:20+00:00\" \/>\n<meta property=\"og:image\" content=\"https:\/\/kgerad.de\/wp-content\/uploads\/2023\/06\/Fulcrum_Racing3DB_RC3-19DFR22AS_01_800x800-0.jpg\" \/>\n\t<meta property=\"og:image:width\" content=\"800\" \/>\n\t<meta property=\"og:image:height\" content=\"470\" \/>\n\t<meta property=\"og:image:type\" content=\"image\/jpeg\" \/>\n<meta name=\"twitter:card\" content=\"summary_large_image\" \/>\n<meta name=\"twitter:label1\" content=\"Est. reading time\" \/>\n\t<meta name=\"twitter:data1\" content=\"3 minutes\" \/>\n<script type=\"application\/ld+json\" class=\"yoast-schema-graph\">{\"@context\":\"https:\/\/schema.org\",\"@graph\":[{\"@type\":\"WebPage\",\"@id\":\"https:\/\/kgerad.de\/produkt\/fulcrum-racing-3-db-disc-laufradsatz\/\",\"url\":\"https:\/\/kgerad.de\/produkt\/fulcrum-racing-3-db-disc-laufradsatz\/\",\"name\":\"Fulcrum Racing 3 DB Disc Laufradsatz\",\"isPartOf\":{\"@id\":\"https:\/\/kgerad.de\/#website\"},\"primaryImageOfPage\":{\"@id\":\"https:\/\/kgerad.de\/produkt\/fulcrum-racing-3-db-disc-laufradsatz\/#primaryimage\"},\"image\":{\"@id\":\"https:\/\/kgerad.de\/produkt\/fulcrum-racing-3-db-disc-laufradsatz\/#primaryimage\"},\"thumbnailUrl\":\"https:\/\/kgerad.de\/wp-content\/uploads\/2023\/06\/Fulcrum_Racing3DB_RC3-19DFR22AS_01_800x800-0.jpg\",\"datePublished\":\"2022-12-01T14:33:56+00:00\",\"dateModified\":\"2023-08-10T18:44:20+00:00\",\"description\":\"Entdecken Sie unseren Online-Fahrradladen: Gro\u00dfe Auswahl an Modellen f\u00fcr alle Radsportbegeisterten. Von Rennr\u00e4dern bis zu Mountainbikes - finden Sie heute Ihren perfekten Wegbegleiter!\",\"breadcrumb\":{\"@id\":\"https:\/\/kgerad.de\/produkt\/fulcrum-racing-3-db-disc-laufradsatz\/#breadcrumb\"},\"inLanguage\":\"en-US\",\"potentialAction\":[{\"@type\":\"ReadAction\",\"target\":[\"https:\/\/kgerad.de\/produkt\/fulcrum-racing-3-db-disc-laufradsatz\/\"]}]},{\"@type\":\"ImageObject\",\"inLanguage\":\"en-US\",\"@id\":\"https:\/\/kgerad.de\/produkt\/fulcrum-racing-3-db-disc-laufradsatz\/#primaryimage\",\"url\":\"https:\/\/kgerad.de\/wp-content\/uploads\/2023\/06\/Fulcrum_Racing3DB_RC3-19DFR22AS_01_800x800-0.jpg\",\"contentUrl\":\"https:\/\/kgerad.de\/wp-content\/uploads\/2023\/06\/Fulcrum_Racing3DB_RC3-19DFR22AS_01_800x800-0.jpg\",\"width\":800,\"height\":470,\"caption\":\"Fulcrum Racing 3 DB Disc Laufradsatz\"},{\"@type\":\"BreadcrumbList\",\"@id\":\"https:\/\/kgerad.de\/produkt\/fulcrum-racing-3-db-disc-laufradsatz\/#breadcrumb\",\"itemListElement\":[{\"@type\":\"ListItem\",\"position\":1,\"name\":\"Startseite\",\"item\":\"https:\/\/kgerad.de\/\"},{\"@type\":\"ListItem\",\"position\":2,\"name\":\"LADEN\",\"item\":\"https:\/\/kgerad.de\/laden\/\"},{\"@type\":\"ListItem\",\"position\":3,\"name\":\"Fulcrum Racing 3 DB Disc Laufradsatz\"}]},{\"@type\":\"WebSite\",\"@id\":\"https:\/\/kgerad.de\/#website\",\"url\":\"https:\/\/kgerad.de\/\",\"name\":\"kgerad.de\",\"description\":\"Treten Sie mit uns ins Abenteuer!\",\"publisher\":{\"@id\":\"https:\/\/kgerad.de\/#organization\"},\"alternateName\":\"MEIN RADLADEN\",\"potentialAction\":[{\"@type\":\"SearchAction\",\"target\":{\"@type\":\"EntryPoint\",\"urlTemplate\":\"https:\/\/kgerad.de\/?s={search_term_string}\"},\"query-input\":{\"@type\":\"PropertyValueSpecification\",\"valueRequired\":true,\"valueName\":\"search_term_string\"}}],\"inLanguage\":\"en-US\"},{\"@type\":\"Organization\",\"@id\":\"https:\/\/kgerad.de\/#organization\",\"name\":\"MEINRADLADEN\",\"alternateName\":\"MEIN RADLADEN\",\"url\":\"https:\/\/kgerad.de\/\",\"logo\":{\"@type\":\"ImageObject\",\"inLanguage\":\"en-US\",\"@id\":\"https:\/\/kgerad.de\/#\/schema\/logo\/image\/\",\"url\":\"https:\/\/kgerad.de\/wp-content\/uploads\/2025\/07\/logo-Whit.svg\",\"contentUrl\":\"https:\/\/kgerad.de\/wp-content\/uploads\/2025\/07\/logo-Whit.svg\",\"width\":1640,\"height\":371,\"caption\":\"MEINRADLADEN\"},\"image\":{\"@id\":\"https:\/\/kgerad.de\/#\/schema\/logo\/image\/\"}}]}<\/script>\n<!-- \/ Yoast SEO Premium plugin. -->","yoast_head_json":{"title":"Fulcrum Racing 3 DB Disc Laufradsatz","description":"Entdecken Sie unseren Online-Fahrradladen: Gro\u00dfe Auswahl an Modellen f\u00fcr alle Radsportbegeisterten. Von Rennr\u00e4dern bis zu Mountainbikes - finden Sie heute Ihren perfekten Wegbegleiter!","robots":{"index":"index","follow":"follow","max-snippet":"max-snippet:-1","max-image-preview":"max-image-preview:large","max-video-preview":"max-video-preview:-1"},"canonical":"https:\/\/kgerad.de\/en\/product\/fulcrum-racing-3-db-disc-laufradsatz\/","og_locale":"en_US","og_type":"article","og_title":"Fulcrum Racing 3 DB Disc Laufradsatz","og_description":"Entdecken Sie unseren Online-Fahrradladen: Gro\u00dfe Auswahl an Modellen f\u00fcr alle Radsportbegeisterten. Von Rennr\u00e4dern bis zu Mountainbikes - finden Sie heute Ihren perfekten Wegbegleiter!","og_url":"https:\/\/kgerad.de\/en\/product\/fulcrum-racing-3-db-disc-laufradsatz\/","og_site_name":"kgerad.de","article_modified_time":"2023-08-10T18:44:20+00:00","og_image":[{"width":800,"height":470,"url":"https:\/\/kgerad.de\/wp-content\/uploads\/2023\/06\/Fulcrum_Racing3DB_RC3-19DFR22AS_01_800x800-0.jpg","type":"image\/jpeg"}],"twitter_card":"summary_large_image","twitter_misc":{"Est. reading time":"3 minutes"},"schema":{"@context":"https:\/\/schema.org","@graph":[{"@type":"WebPage","@id":"https:\/\/kgerad.de\/produkt\/fulcrum-racing-3-db-disc-laufradsatz\/","url":"https:\/\/kgerad.de\/produkt\/fulcrum-racing-3-db-disc-laufradsatz\/","name":"Fulcrum Racing 3 DB Disc Laufradsatz","isPartOf":{"@id":"https:\/\/kgerad.de\/#website"},"primaryImageOfPage":{"@id":"https:\/\/kgerad.de\/produkt\/fulcrum-racing-3-db-disc-laufradsatz\/#primaryimage"},"image":{"@id":"https:\/\/kgerad.de\/produkt\/fulcrum-racing-3-db-disc-laufradsatz\/#primaryimage"},"thumbnailUrl":"https:\/\/kgerad.de\/wp-content\/uploads\/2023\/06\/Fulcrum_Racing3DB_RC3-19DFR22AS_01_800x800-0.jpg","datePublished":"2022-12-01T14:33:56+00:00","dateModified":"2023-08-10T18:44:20+00:00","description":"Entdecken Sie unseren Online-Fahrradladen: Gro\u00dfe Auswahl an Modellen f\u00fcr alle Radsportbegeisterten. Von Rennr\u00e4dern bis zu Mountainbikes - finden Sie heute Ihren perfekten Wegbegleiter!","breadcrumb":{"@id":"https:\/\/kgerad.de\/produkt\/fulcrum-racing-3-db-disc-laufradsatz\/#breadcrumb"},"inLanguage":"en-US","potentialAction":[{"@type":"ReadAction","target":["https:\/\/kgerad.de\/produkt\/fulcrum-racing-3-db-disc-laufradsatz\/"]}]},{"@type":"ImageObject","inLanguage":"en-US","@id":"https:\/\/kgerad.de\/produkt\/fulcrum-racing-3-db-disc-laufradsatz\/#primaryimage","url":"https:\/\/kgerad.de\/wp-content\/uploads\/2023\/06\/Fulcrum_Racing3DB_RC3-19DFR22AS_01_800x800-0.jpg","contentUrl":"https:\/\/kgerad.de\/wp-content\/uploads\/2023\/06\/Fulcrum_Racing3DB_RC3-19DFR22AS_01_800x800-0.jpg","width":800,"height":470,"caption":"Fulcrum Racing 3 DB Disc Laufradsatz"},{"@type":"BreadcrumbList","@id":"https:\/\/kgerad.de\/produkt\/fulcrum-racing-3-db-disc-laufradsatz\/#breadcrumb","itemListElement":[{"@type":"ListItem","position":1,"name":"Startseite","item":"https:\/\/kgerad.de\/"},{"@type":"ListItem","position":2,"name":"LADEN","item":"https:\/\/kgerad.de\/laden\/"},{"@type":"ListItem","position":3,"name":"Fulcrum Racing 3 DB Disc Laufradsatz"}]},{"@type":"WebSite","@id":"https:\/\/kgerad.de\/#website","url":"https:\/\/kgerad.de\/","name":"kgerad.de","description":"Treten Sie mit uns ins Abenteuer!","publisher":{"@id":"https:\/\/kgerad.de\/#organization"},"alternateName":"MEIN RADLADEN","potentialAction":[{"@type":"SearchAction","target":{"@type":"EntryPoint","urlTemplate":"https:\/\/kgerad.de\/?s={search_term_string}"},"query-input":{"@type":"PropertyValueSpecification","valueRequired":true,"valueName":"search_term_string"}}],"inLanguage":"en-US"},{"@type":"Organization","@id":"https:\/\/kgerad.de\/#organization","name":"MEINRADLADEN","alternateName":"MEIN RADLADEN","url":"https:\/\/kgerad.de\/","logo":{"@type":"ImageObject","inLanguage":"en-US","@id":"https:\/\/kgerad.de\/#\/schema\/logo\/image\/","url":"https:\/\/kgerad.de\/wp-content\/uploads\/2025\/07\/logo-Whit.svg","contentUrl":"https:\/\/kgerad.de\/wp-content\/uploads\/2025\/07\/logo-Whit.svg","width":1640,"height":371,"caption":"MEINRADLADEN"},"image":{"@id":"https:\/\/kgerad.de\/#\/schema\/logo\/image\/"}}]}},"_links":{"self":[{"href":"https:\/\/kgerad.de\/en\/wp-json\/wp\/v2\/product\/47155","targetHints":{"allow":["GET"]}}],"collection":[{"href":"https:\/\/kgerad.de\/en\/wp-json\/wp\/v2\/product"}],"about":[{"href":"https:\/\/kgerad.de\/en\/wp-json\/wp\/v2\/types\/product"}],"replies":[{"embeddable":true,"href":"https:\/\/kgerad.de\/en\/wp-json\/wp\/v2\/comments?post=47155"}],"version-history":[{"count":1,"href":"https:\/\/kgerad.de\/en\/wp-json\/wp\/v2\/product\/47155\/revisions"}],"predecessor-version":[{"id":78896,"href":"https:\/\/kgerad.de\/en\/wp-json\/wp\/v2\/product\/47155\/revisions\/78896"}],"wp:featuredmedia":[{"embeddable":true,"href":"https:\/\/kgerad.de\/en\/wp-json\/wp\/v2\/media\/64142"}],"wp:attachment":[{"href":"https:\/\/kgerad.de\/en\/wp-json\/wp\/v2\/media?parent=47155"}],"wp:term":[{"taxonomy":"product_brand","embeddable":true,"href":"https:\/\/kgerad.de\/en\/wp-json\/wp\/v2\/product_brand?post=47155"},{"taxonomy":"product_cat","embeddable":true,"href":"https:\/\/kgerad.de\/en\/wp-json\/wp\/v2\/product_cat?post=47155"},{"taxonomy":"product_tag","embeddable":true,"href":"https:\/\/kgerad.de\/en\/wp-json\/wp\/v2\/product_tag?post=47155"}],"curies":[{"name":"wp","href":"https:\/\/api.w.org\/{rel}","templated":true}]}}