{"id":47141,"date":"2022-12-01T14:22:29","date_gmt":"2022-12-01T13:22:29","guid":{"rendered":"https:\/\/kgerad.de\/?post_type=product&#038;p=47141"},"modified":"2023-08-10T20:45:30","modified_gmt":"2023-08-10T18:45:30","slug":"conway-xyron-s-4-9-2","status":"publish","type":"product","link":"https:\/\/kgerad.de\/en\/product\/conway-xyron-s-4-9-2\/","title":{"rendered":"Conway Xyron S 4.9"},"content":{"rendered":"<div class=\"product--headername\">\n<div class=\"product--headername\">\n<h2 class=\"product--title\"><strong>Conway<\/strong>\u00a0Xyron S 4.9<\/h2>\n<p>Das Conway Xyron S 4.9 ist das perfekte Einsteiger E-MTB. In Sachen Performance muss man beim aber keine Abstriche machen. Es \u00fcberzeugt mit einem leistungsstarken Bosch Performance CX Gen 4 Motor. Der 750 Wh gro\u00dfe Akku versorgt dich zuverl\u00e4ssig mit dem n\u00f6tigen Strom, damit du noch l\u00e4nger die Zeit auf deinem Bike genie\u00dfen kannst.<\/p>\n<p>Die moderne Geometrie, das sportliche Fahrwerk und die leistungsstarken Bremsen sorgen auch auf dem Trail f\u00fcr jede Menge Fahrspa\u00df. Ein Bike, das auf gem\u00fctlichen Touren und bei aufregenden Trailrides \u00fcberzeugt.<\/p>\n<hr \/>\n<h3>Die Highlights des Conway Xyron S 4.9<\/h3>\n<ul>\n<li>Bosch Performance Line CX Antrieb mit einem maximalen Drehmoment von 85 Nm<\/li>\n<li>Gro\u00dfer Powertube-Akku mit einer Kapazit\u00e4t von 750 Wh<\/li>\n<li>SHIMANO Deore Schalthebel und Schaltwerk<\/li>\n<li>FOX Performance 36 Float 150 mm Gabel<\/li>\n<li>Hochwertiger Aluminiumrahmen<br \/>\n<h2>Ausstattung<\/h2>\n<div class=\"product--properties panel has--border\">\n<table class=\"product--properties-table\" style=\"height: 426px;\" width=\"618\">\n<tbody>\n<tr class=\"product--properties-row row1\">\n<td class=\"product--properties-label is--bold\">Rahmen:<\/td>\n<td class=\"product--properties-value\">CONWAY Fully Intube Bosch, Alu<\/td>\n<\/tr>\n<tr class=\"product--properties-row row2\">\n<td class=\"product--properties-label is--bold\">Rahmenmaterial:<\/td>\n<td class=\"product--properties-value\">Aluminium<\/td>\n<\/tr>\n<tr class=\"product--properties-row row3\">\n<td class=\"product--properties-label is--bold\">Laufradgr\u00f6\u00dfe:<\/td>\n<td class=\"product--properties-value\">29&#8243;<\/td>\n<\/tr>\n<tr class=\"product--properties-row row4\">\n<td class=\"product--properties-label is--bold\">Farbe:<\/td>\n<td class=\"product--properties-value\">turquoise metallic \/ darkpetrol metallic<\/td>\n<\/tr>\n<tr class=\"product--properties-row row5\">\n<td class=\"product--properties-label is--bold\">Gabel:<\/td>\n<td class=\"product--properties-value\">FOX &#8222;Performance 36 Float&#8220;, 150 mm<\/td>\n<\/tr>\n<tr class=\"product--properties-row row6\">\n<td class=\"product--properties-label is--bold\">D\u00e4mpfer:<\/td>\n<td class=\"product--properties-value\">FOX &#8222;Float DPS&#8220; 140 mm<\/td>\n<\/tr>\n<tr class=\"product--properties-row row7\">\n<td class=\"product--properties-label is--bold\">Federweg:<\/td>\n<td class=\"product--properties-value\">150 mm \/ 140 mm<\/td>\n<\/tr>\n<tr class=\"product--properties-row row8\">\n<td class=\"product--properties-label is--bold\">Bremsen:<\/td>\n<td class=\"product--properties-value\">TRP &#8222;Trail&#8220;, 4-Kolben<\/td>\n<\/tr>\n<tr class=\"product--properties-row row9\">\n<td class=\"product--properties-label is--bold\">Bremsscheiben:<\/td>\n<td class=\"product--properties-value\">TRP &#8222;203 1,8&#8220;, 203 mm<\/td>\n<\/tr>\n<tr class=\"product--properties-row row10\">\n<td class=\"product--properties-label is--bold\">Bremshebel:<\/td>\n<td class=\"product--properties-value\">TRP &#8222;Trail&#8220;<\/td>\n<\/tr>\n<tr class=\"product--properties-row row11\">\n<td class=\"product--properties-label is--bold\">Steuersatz:<\/td>\n<td class=\"product--properties-value\">ZS56 \/ ZS56, Blocklock<\/td>\n<\/tr>\n<tr class=\"product--properties-row row12\">\n<td class=\"product--properties-label is--bold\">Vorbau:<\/td>\n<td class=\"product--properties-value\">ERGOTEC &#8222;Bass 45&#8220;, 31,8 mm<\/td>\n<\/tr>\n<tr class=\"product--properties-row row13\">\n<td class=\"product--properties-label is--bold\">Lenker:<\/td>\n<td class=\"product--properties-value\">ERGOTEC &#8222;Low Rizer&#8220;, \u00d8 31,8, 780 mm<\/td>\n<\/tr>\n<tr class=\"product--properties-row row14\">\n<td class=\"product--properties-label is--bold\">Griffe:<\/td>\n<td class=\"product--properties-value\">SQLAB &#8222;70X&#8220;<\/td>\n<\/tr>\n<tr class=\"product--properties-row row15\">\n<td class=\"product--properties-label is--bold\">Sattel:<\/td>\n<td class=\"product--properties-value\">FIZIK &#8222;Aidon&#8220;<\/td>\n<\/tr>\n<\/tbody>\n<\/table>\n<table class=\"product--properties-table\">\n<tbody>\n<tr class=\"product--properties-row row16\">\n<td class=\"product--properties-label is--bold\">Sattelst\u00fctze:<\/td>\n<td class=\"product--properties-value\">CONTEC &#8222;Drop &#8211; A &#8211; Gogo&#8220;, 31,6 mm<\/td>\n<\/tr>\n<tr class=\"product--properties-row row17\">\n<td class=\"product--properties-label is--bold\">Kurbel:<\/td>\n<td class=\"product--properties-value\">MIRANDA &#8222;Epsilon&#8220;, 165 mm; MIRANDA B 36 Z.<\/td>\n<\/tr>\n<tr class=\"product--properties-row row18\">\n<td class=\"product--properties-label is--bold\">Tretlager\/Innenlager:<\/td>\n<td class=\"product--properties-value\">BOSCH<\/td>\n<\/tr>\n<tr class=\"product--properties-row row19\">\n<td class=\"product--properties-label is--bold\">Schaltwerk:<\/td>\n<td class=\"product--properties-value\">SHIMANO &#8222;Deore RD-M5100 Shadow Plus&#8220;, 11speed<\/td>\n<\/tr>\n<tr class=\"product--properties-row row20\">\n<td class=\"product--properties-label is--bold\">Schalthebel:<\/td>\n<td class=\"product--properties-value\">SHIMANO &#8222;Deore SL-M5100&#8220;<\/td>\n<\/tr>\n<tr class=\"product--properties-row row21\">\n<td class=\"product--properties-label is--bold\">Kassette:<\/td>\n<td class=\"product--properties-value\">SHIMANO &#8222;CS-M5100&#8220;, 11-51 Z.<\/td>\n<\/tr>\n<tr class=\"product--properties-row row22\">\n<td class=\"product--properties-label is--bold\">Kette:<\/td>\n<td class=\"product--properties-value\">KMC &#8222;X11EPT&#8220;<\/td>\n<\/tr>\n<tr class=\"product--properties-row row23\">\n<td class=\"product--properties-label is--bold\">Reifen:<\/td>\n<td class=\"product--properties-value\">SCHWALBE &#8222;Nobby Nic&#8220;, 65-622<\/td>\n<\/tr>\n<tr class=\"product--properties-row row24\">\n<td class=\"product--properties-label is--bold\">Nabe Vorderrad:<\/td>\n<td class=\"product--properties-value\">FORMULA &#8222;DC 711&#8220;, 15 x 110 mm<\/td>\n<\/tr>\n<tr class=\"product--properties-row row25\">\n<td class=\"product--properties-label is--bold\">Nabe Hinterrad:<\/td>\n<td class=\"product--properties-value\">FORMULA &#8222;eHL-148 S&#8220;, 12 x 148 mm<\/td>\n<\/tr>\n<tr class=\"product--properties-row row26\">\n<td class=\"product--properties-label is--bold\">Speichen:<\/td>\n<td class=\"product--properties-value\">Niro<\/td>\n<\/tr>\n<tr class=\"product--properties-row row27\">\n<td class=\"product--properties-label is--bold\">Felgen:<\/td>\n<td class=\"product--properties-value\">RODI &#8222;Ready 35&#8220;<\/td>\n<\/tr>\n<tr class=\"product--properties-row row28\">\n<td class=\"product--properties-label is--bold\">Display:<\/td>\n<td class=\"product--properties-value\">BOSCH, &#8222;Kiox 300&#8220;, 4-Stufen, Remote Control, Schiebehilfe<\/td>\n<\/tr>\n<tr class=\"product--properties-row row29\">\n<td class=\"product--properties-label is--bold\">Akku:<\/td>\n<td class=\"product--properties-value\">BOSCH &#8222;Powertube 750&#8220;, Lithium-Ionen mit BMS, 750 Wh<\/td>\n<\/tr>\n<tr class=\"product--properties-row row30\">\n<td class=\"product--properties-label is--bold\">Ladeger\u00e4t:<\/td>\n<td class=\"product--properties-value\">Bosch 4 Ah<\/td>\n<\/tr>\n<tr class=\"product--properties-row row31\">\n<td class=\"product--properties-label is--bold\">Motor:<\/td>\n<td class=\"product--properties-value\">BOSCH Mittelmotor Gen.4 &#8222;Performance CX&#8220;, 36 V, 250 W<\/td>\n<\/tr>\n<tr class=\"product--properties-row row32\">\n<td class=\"product--properties-label is--bold\">Pedale:<\/td>\n<td class=\"product--properties-value\">nicht im Lieferumfang enthalten<\/td>\n<\/tr>\n<tr class=\"product--properties-row row33\">\n<td class=\"product--properties-label is--bold\">Zul\u00e4ssiges Gesamtgewicht:<\/td>\n<td class=\"product--properties-value\">130 kg (K\u00f6rpergewicht + Fahrrad + Ausr\u00fcstung)<\/td>\n<\/tr>\n<tr class=\"product--properties-row row34\">\n<td class=\"product--properties-label is--bold\">Gewicht Komplettrad:<\/td>\n<td class=\"product--properties-value\">26,3 kg<\/td>\n<\/tr>\n<\/tbody>\n<\/table>\n<\/div>\n<\/li>\n<\/ul>\n<\/div>\n<\/div>","protected":false},"excerpt":{"rendered":"<p>Conway\u00a0Xyron S 4.9 Das Conway Xyron S 4.9 ist das perfekte Einsteiger E-MTB. In Sachen Performance muss man beim aber<\/p>","protected":false},"featured_media":64141,"comment_status":"open","ping_status":"closed","template":"","meta":[],"product_brand":[],"product_cat":[33,35,475],"product_tag":[],"class_list":{"0":"post-47141","1":"product","2":"type-product","3":"status-publish","4":"has-post-thumbnail","6":"product_cat-e-bike","7":"product_cat-e-bikes-2022","8":"product_cat-e-mountainbike","9":"pa_marke-conway","11":"first","12":"instock","13":"sale","14":"taxable","15":"shipping-taxable","16":"purchasable","17":"product-type-variable"},"yoast_head":"<!-- This site is optimized with the Yoast SEO Premium plugin v20.12 (Yoast SEO v27.1.1) - https:\/\/yoast.com\/product\/yoast-seo-premium-wordpress\/ -->\n<title>Conway Xyron S 4.9<\/title>\n<meta name=\"description\" content=\"kgerad.de bietet Ihnen das Conway Xyron S 4.9 zum besten Preis mit kostenlosem Versand in ganz EuropaConway Xyron S 4.9Conway Xyron S 4.9\" \/>\n<meta name=\"robots\" content=\"index, follow, max-snippet:-1, max-image-preview:large, max-video-preview:-1\" \/>\n<link rel=\"canonical\" href=\"https:\/\/kgerad.de\/en\/product\/conway-xyron-s-4-9-2\/\" \/>\n<meta property=\"og:locale\" content=\"en_US\" \/>\n<meta property=\"og:type\" content=\"article\" \/>\n<meta property=\"og:title\" content=\"Conway Xyron S 4.9\" \/>\n<meta property=\"og:description\" content=\"Entdecken Sie unseren Online-Fahrradladen: Gro\u00dfe Auswahl an Modellen f\u00fcr alle Radsportbegeisterten. Von Rennr\u00e4dern bis zu Mountainbikes - finden Sie heute Ihren perfekten Wegbegleiter!\" \/>\n<meta property=\"og:url\" content=\"https:\/\/kgerad.de\/en\/product\/conway-xyron-s-4-9-2\/\" \/>\n<meta property=\"og:site_name\" content=\"kgerad.de\" \/>\n<meta property=\"article:modified_time\" content=\"2023-08-10T18:45:30+00:00\" \/>\n<meta property=\"og:image\" content=\"https:\/\/kgerad.de\/wp-content\/uploads\/2023\/06\/BK22HA1512t_HA22-Xyron_S_49_-M_-turquoise-1400x875_800x800.jpg\" \/>\n\t<meta property=\"og:image:width\" content=\"800\" \/>\n\t<meta property=\"og:image:height\" content=\"467\" \/>\n\t<meta property=\"og:image:type\" content=\"image\/jpeg\" \/>\n<meta name=\"twitter:card\" content=\"summary_large_image\" \/>\n<meta name=\"twitter:label1\" content=\"Est. reading time\" \/>\n\t<meta name=\"twitter:data1\" content=\"2 minutes\" \/>\n<script type=\"application\/ld+json\" class=\"yoast-schema-graph\">{\"@context\":\"https:\/\/schema.org\",\"@graph\":[{\"@type\":\"WebPage\",\"@id\":\"https:\/\/kgerad.de\/produkt\/conway-xyron-s-4-9-2\/\",\"url\":\"https:\/\/kgerad.de\/produkt\/conway-xyron-s-4-9-2\/\",\"name\":\"Conway Xyron S 4.9\",\"isPartOf\":{\"@id\":\"https:\/\/kgerad.de\/#website\"},\"primaryImageOfPage\":{\"@id\":\"https:\/\/kgerad.de\/produkt\/conway-xyron-s-4-9-2\/#primaryimage\"},\"image\":{\"@id\":\"https:\/\/kgerad.de\/produkt\/conway-xyron-s-4-9-2\/#primaryimage\"},\"thumbnailUrl\":\"https:\/\/kgerad.de\/wp-content\/uploads\/2023\/06\/BK22HA1512t_HA22-Xyron_S_49_-M_-turquoise-1400x875_800x800.jpg\",\"datePublished\":\"2022-12-01T13:22:29+00:00\",\"dateModified\":\"2023-08-10T18:45:30+00:00\",\"description\":\"kgerad.de bietet Ihnen das Conway Xyron S 4.9 zum besten Preis mit kostenlosem Versand in ganz EuropaConway Xyron S 4.9Conway Xyron S 4.9\",\"breadcrumb\":{\"@id\":\"https:\/\/kgerad.de\/produkt\/conway-xyron-s-4-9-2\/#breadcrumb\"},\"inLanguage\":\"en-US\",\"potentialAction\":[{\"@type\":\"ReadAction\",\"target\":[\"https:\/\/kgerad.de\/produkt\/conway-xyron-s-4-9-2\/\"]}]},{\"@type\":\"ImageObject\",\"inLanguage\":\"en-US\",\"@id\":\"https:\/\/kgerad.de\/produkt\/conway-xyron-s-4-9-2\/#primaryimage\",\"url\":\"https:\/\/kgerad.de\/wp-content\/uploads\/2023\/06\/BK22HA1512t_HA22-Xyron_S_49_-M_-turquoise-1400x875_800x800.jpg\",\"contentUrl\":\"https:\/\/kgerad.de\/wp-content\/uploads\/2023\/06\/BK22HA1512t_HA22-Xyron_S_49_-M_-turquoise-1400x875_800x800.jpg\",\"width\":800,\"height\":467,\"caption\":\"Conway Xyron S 4.9\"},{\"@type\":\"BreadcrumbList\",\"@id\":\"https:\/\/kgerad.de\/produkt\/conway-xyron-s-4-9-2\/#breadcrumb\",\"itemListElement\":[{\"@type\":\"ListItem\",\"position\":1,\"name\":\"Startseite\",\"item\":\"https:\/\/kgerad.de\/\"},{\"@type\":\"ListItem\",\"position\":2,\"name\":\"LADEN\",\"item\":\"https:\/\/kgerad.de\/laden\/\"},{\"@type\":\"ListItem\",\"position\":3,\"name\":\"Conway Xyron S 4.9\"}]},{\"@type\":\"WebSite\",\"@id\":\"https:\/\/kgerad.de\/#website\",\"url\":\"https:\/\/kgerad.de\/\",\"name\":\"kgerad.de\",\"description\":\"Treten Sie mit uns ins Abenteuer!\",\"publisher\":{\"@id\":\"https:\/\/kgerad.de\/#organization\"},\"alternateName\":\"MEIN RADLADEN\",\"potentialAction\":[{\"@type\":\"SearchAction\",\"target\":{\"@type\":\"EntryPoint\",\"urlTemplate\":\"https:\/\/kgerad.de\/?s={search_term_string}\"},\"query-input\":{\"@type\":\"PropertyValueSpecification\",\"valueRequired\":true,\"valueName\":\"search_term_string\"}}],\"inLanguage\":\"en-US\"},{\"@type\":\"Organization\",\"@id\":\"https:\/\/kgerad.de\/#organization\",\"name\":\"MEINRADLADEN\",\"alternateName\":\"MEIN RADLADEN\",\"url\":\"https:\/\/kgerad.de\/\",\"logo\":{\"@type\":\"ImageObject\",\"inLanguage\":\"en-US\",\"@id\":\"https:\/\/kgerad.de\/#\/schema\/logo\/image\/\",\"url\":\"https:\/\/kgerad.de\/wp-content\/uploads\/2025\/07\/logo-Whit.svg\",\"contentUrl\":\"https:\/\/kgerad.de\/wp-content\/uploads\/2025\/07\/logo-Whit.svg\",\"width\":1640,\"height\":371,\"caption\":\"MEINRADLADEN\"},\"image\":{\"@id\":\"https:\/\/kgerad.de\/#\/schema\/logo\/image\/\"}}]}<\/script>\n<!-- \/ Yoast SEO Premium plugin. -->","yoast_head_json":{"title":"Conway Xyron S 4.9","description":"kgerad.de bietet Ihnen das Conway Xyron S 4.9 zum besten Preis mit kostenlosem Versand in ganz EuropaConway Xyron S 4.9Conway Xyron S 4.9","robots":{"index":"index","follow":"follow","max-snippet":"max-snippet:-1","max-image-preview":"max-image-preview:large","max-video-preview":"max-video-preview:-1"},"canonical":"https:\/\/kgerad.de\/en\/product\/conway-xyron-s-4-9-2\/","og_locale":"en_US","og_type":"article","og_title":"Conway Xyron S 4.9","og_description":"Entdecken Sie unseren Online-Fahrradladen: Gro\u00dfe Auswahl an Modellen f\u00fcr alle Radsportbegeisterten. Von Rennr\u00e4dern bis zu Mountainbikes - finden Sie heute Ihren perfekten Wegbegleiter!","og_url":"https:\/\/kgerad.de\/en\/product\/conway-xyron-s-4-9-2\/","og_site_name":"kgerad.de","article_modified_time":"2023-08-10T18:45:30+00:00","og_image":[{"width":800,"height":467,"url":"https:\/\/kgerad.de\/wp-content\/uploads\/2023\/06\/BK22HA1512t_HA22-Xyron_S_49_-M_-turquoise-1400x875_800x800.jpg","type":"image\/jpeg"}],"twitter_card":"summary_large_image","twitter_misc":{"Est. reading time":"2 minutes"},"schema":{"@context":"https:\/\/schema.org","@graph":[{"@type":"WebPage","@id":"https:\/\/kgerad.de\/produkt\/conway-xyron-s-4-9-2\/","url":"https:\/\/kgerad.de\/produkt\/conway-xyron-s-4-9-2\/","name":"Conway Xyron S 4.9","isPartOf":{"@id":"https:\/\/kgerad.de\/#website"},"primaryImageOfPage":{"@id":"https:\/\/kgerad.de\/produkt\/conway-xyron-s-4-9-2\/#primaryimage"},"image":{"@id":"https:\/\/kgerad.de\/produkt\/conway-xyron-s-4-9-2\/#primaryimage"},"thumbnailUrl":"https:\/\/kgerad.de\/wp-content\/uploads\/2023\/06\/BK22HA1512t_HA22-Xyron_S_49_-M_-turquoise-1400x875_800x800.jpg","datePublished":"2022-12-01T13:22:29+00:00","dateModified":"2023-08-10T18:45:30+00:00","description":"kgerad.de bietet Ihnen das Conway Xyron S 4.9 zum besten Preis mit kostenlosem Versand in ganz EuropaConway Xyron S 4.9Conway Xyron S 4.9","breadcrumb":{"@id":"https:\/\/kgerad.de\/produkt\/conway-xyron-s-4-9-2\/#breadcrumb"},"inLanguage":"en-US","potentialAction":[{"@type":"ReadAction","target":["https:\/\/kgerad.de\/produkt\/conway-xyron-s-4-9-2\/"]}]},{"@type":"ImageObject","inLanguage":"en-US","@id":"https:\/\/kgerad.de\/produkt\/conway-xyron-s-4-9-2\/#primaryimage","url":"https:\/\/kgerad.de\/wp-content\/uploads\/2023\/06\/BK22HA1512t_HA22-Xyron_S_49_-M_-turquoise-1400x875_800x800.jpg","contentUrl":"https:\/\/kgerad.de\/wp-content\/uploads\/2023\/06\/BK22HA1512t_HA22-Xyron_S_49_-M_-turquoise-1400x875_800x800.jpg","width":800,"height":467,"caption":"Conway Xyron S 4.9"},{"@type":"BreadcrumbList","@id":"https:\/\/kgerad.de\/produkt\/conway-xyron-s-4-9-2\/#breadcrumb","itemListElement":[{"@type":"ListItem","position":1,"name":"Startseite","item":"https:\/\/kgerad.de\/"},{"@type":"ListItem","position":2,"name":"LADEN","item":"https:\/\/kgerad.de\/laden\/"},{"@type":"ListItem","position":3,"name":"Conway Xyron S 4.9"}]},{"@type":"WebSite","@id":"https:\/\/kgerad.de\/#website","url":"https:\/\/kgerad.de\/","name":"kgerad.de","description":"Treten Sie mit uns ins Abenteuer!","publisher":{"@id":"https:\/\/kgerad.de\/#organization"},"alternateName":"MEIN RADLADEN","potentialAction":[{"@type":"SearchAction","target":{"@type":"EntryPoint","urlTemplate":"https:\/\/kgerad.de\/?s={search_term_string}"},"query-input":{"@type":"PropertyValueSpecification","valueRequired":true,"valueName":"search_term_string"}}],"inLanguage":"en-US"},{"@type":"Organization","@id":"https:\/\/kgerad.de\/#organization","name":"MEINRADLADEN","alternateName":"MEIN RADLADEN","url":"https:\/\/kgerad.de\/","logo":{"@type":"ImageObject","inLanguage":"en-US","@id":"https:\/\/kgerad.de\/#\/schema\/logo\/image\/","url":"https:\/\/kgerad.de\/wp-content\/uploads\/2025\/07\/logo-Whit.svg","contentUrl":"https:\/\/kgerad.de\/wp-content\/uploads\/2025\/07\/logo-Whit.svg","width":1640,"height":371,"caption":"MEINRADLADEN"},"image":{"@id":"https:\/\/kgerad.de\/#\/schema\/logo\/image\/"}}]}},"_links":{"self":[{"href":"https:\/\/kgerad.de\/en\/wp-json\/wp\/v2\/product\/47141","targetHints":{"allow":["GET"]}}],"collection":[{"href":"https:\/\/kgerad.de\/en\/wp-json\/wp\/v2\/product"}],"about":[{"href":"https:\/\/kgerad.de\/en\/wp-json\/wp\/v2\/types\/product"}],"replies":[{"embeddable":true,"href":"https:\/\/kgerad.de\/en\/wp-json\/wp\/v2\/comments?post=47141"}],"version-history":[{"count":1,"href":"https:\/\/kgerad.de\/en\/wp-json\/wp\/v2\/product\/47141\/revisions"}],"predecessor-version":[{"id":78900,"href":"https:\/\/kgerad.de\/en\/wp-json\/wp\/v2\/product\/47141\/revisions\/78900"}],"wp:featuredmedia":[{"embeddable":true,"href":"https:\/\/kgerad.de\/en\/wp-json\/wp\/v2\/media\/64141"}],"wp:attachment":[{"href":"https:\/\/kgerad.de\/en\/wp-json\/wp\/v2\/media?parent=47141"}],"wp:term":[{"taxonomy":"product_brand","embeddable":true,"href":"https:\/\/kgerad.de\/en\/wp-json\/wp\/v2\/product_brand?post=47141"},{"taxonomy":"product_cat","embeddable":true,"href":"https:\/\/kgerad.de\/en\/wp-json\/wp\/v2\/product_cat?post=47141"},{"taxonomy":"product_tag","embeddable":true,"href":"https:\/\/kgerad.de\/en\/wp-json\/wp\/v2\/product_tag?post=47141"}],"curies":[{"name":"wp","href":"https:\/\/api.w.org\/{rel}","templated":true}]}}