{"id":47081,"date":"2022-12-01T13:19:29","date_gmt":"2022-12-01T12:19:29","guid":{"rendered":"https:\/\/kgerad.de\/?post_type=product&#038;p=47081"},"modified":"2023-08-10T20:46:33","modified_gmt":"2023-08-10T18:46:33","slug":"radon-render-10-0-hd-750","status":"publish","type":"product","link":"https:\/\/kgerad.de\/en\/product\/radon-render-10-0-hd-750\/","title":{"rendered":"Radon Render 10.0 HD 750"},"content":{"rendered":"<div class=\"product--headername\">\n<div class=\"product--headername\">\n<div class=\"product--headername\">\n<div class=\"product--headername\">\n<h2 class=\"product--title\"><strong>Radon<\/strong>\u00a0Render 10.0 HD 750<\/h2>\n<p>Mehr Trailbike als bei unserem RENDER 10.0 HD 750 geht nicht. Hier findest Du alles, was das Bikerherz begehrt: einen top Carbonrahmen mit superber Kinematik, an jeder Stelle feinste Komponenten und den derzeit besten Antrieb, den es f\u00fcr Pedelecs gibt.<\/p>\n<hr \/>\n<h3>Die Highlights des Render 10.0 HD 750<\/h3>\n<p>Den vollen \u00dcberblick beh\u00e4ltst Du jederzeit mit dem Kiox 300 Display, was Dir viele n\u00fctzliche Informationen rund um Deine Tour und Deine Leistung bietet. Der RENDER 750 Rahmen bringt alles mit, was das Vorg\u00e4ngermodell zum jungen Klassiker gemacht hat: allem voran den leichten und bocksteifen Carbonrahmen, der in seinem pr\u00e4gnanten Fl\u00fcgel zwischen Ober- und Unterrohr elegant den D\u00e4mpfer und im Unterrohr die Batterie aufnimmt. Neu hinzugekommen sind kleine Features, die das Bikerleben einfacher machen oder vers\u00fcssen: der im Ausfallende integrierte Speedsensor, die verbesserte Zugf\u00fchrung, die ge\u00e4nderte Abdeckung der externen Ladebuchse oder auch die M\u00f6glichkeit, ein Display ins Oberrohr einzulassen. Die Fahreigenschaften des Bikes werden massiv beeinflusst durch das Fahrwerk und auch hier gibt es nur vom Feinsten.<\/p>\n<p>Bei Steilabfahrten hilft Dir die vom Lenker aus absenkbare Fox Transfer Variost\u00fctze, die volle Bewegungsfreiheit garantiert und mit der br\u00fcnierten Kashima Beschichtung neidische Blicke auf sich zieht.Die volle Kontrolle \u00fcber den Trail vermittelt das Wohlf\u00fchl-Cockpit von RaceFace, bestehend aus Turbine R Vorbau und Turbine R Riser Lenker. Daran sind auch die brachialen Magura MT7 Vierkolbenbremsen inklusive der gro\u00dfen und standfesten MDR-P Scheiben montiert, die neben enormer Maximalkraft auch mit feiner Dosierbarkeit punkten und Dir jederzeit ausreichend Bremspower zur Verf\u00fcgung stellen.<\/p>\n<p>Um auch den h\u00f6chsten Punkt Deiner Tour bequem zu erreichen, haben wir neben dem CX Motor eine SRAM X01 Eagle AXS Schaltung ans RENDER 10.0 HD geschraubt, die Dich mit ihrer enormen Bandbreite an G\u00e4ngen durch die 10-52 Z\u00e4hne gro\u00dfe Kassette auch den steilsten Berg erklettern l\u00e4sst. Clou der X01 Eagle AXS Schaltung ist aber vor allem die elektronische Funktionsweise und die kabellose Ansteuerung. Newmen&#8217;s Evolution SL E.G.30 Laufr\u00e4der sind gleichzeitig steif und leicht und nehmen die Kr\u00e4fte des Motors gelassen auf.<\/p>\n<hr \/>\n<h3>Die Render Familie<\/h3>\n<p>Das RENDER ist mittlerweile ein moderner Klassiker, der mit PS und Dauerleistung protzt. Angetrieben wird unser Trail-Allrounder mit Bosch&#8217;s st\u00e4rkstem Motor, dem Performance Line CX mit seinen 85 Nm Drehmoment und einer maximalen Unterst\u00fctzung von 340%. Und das auch noch richtig lange, denn im RENDER Unterrohr sitzt der gro\u00dfe Powertube Akku mit 625 Wh Kapazit\u00e4t. Dieser ist formsch\u00f6n in das Unterrohr integriert, welches auch alle Z\u00fcge f\u00fcr die Schaltung oder die Variost\u00fctze in einem Schienensystem aufnimmt.<\/p>\n<p>Der Frontrahmen ist aus Carbon und in seiner Form einzigartig mit der fl\u00fcgelartigen Verbindung von Ober- und Unterrohr, die auch den D\u00e4mpfer aufnimmt. 160 mm Federweg an der Front und 140mm am Heck sorgen zusammen mit den 29&#8243; Laufr\u00e4dern f\u00fcr enorme Laufruhe und Sicherheit, kurze Kettenstreben und eine ausgekl\u00fcgelte Geometrie halten das RENDER sehr agil und wendig. Die zentrale Sitzposition vermittelt viel Kontrolle \u00fcber das Bike und l\u00e4dt zu epischen Touren ein. RENDER your ride.<\/p>\n<hr \/>\n<h3>Der Render Rahmen<\/h3>\n<p>Unser RENDER ist ein moderner Klassiker, f\u00fcr die Saison 2022 kommt er zus\u00e4tzlich noch als \u00dcberarbeitung f\u00fcr das neue Bosch Smart System. Was bleibt, sind der hochmoderne, leichte und sehr steife Carbonrahmen mit dem pr\u00e4gnanten Fl\u00fcgel zwischen Ober- und Unterrohr, der elegant auch den D\u00e4mpfer aufnimmt. Ebenso erhalten bleiben die 140mm Federweg am Hinterbau, die wir an der Front mit 160mm Federgabeln kombinieren.<\/p>\n<p>Im Unterrohr wird der kapazit\u00e4tsstarke 750 Wh Akku untergebracht, der den brutal starken Bosch Performance CX Motor mit seinen 85 Nm antreibt. Neu ist auch die Ladebuchse f\u00fcr die Batterie, die auf der linken Seite des Sitzrohrs liegt und bei Nichtbenutzung von einer kleinen, drehbaren Scheibe vor Schmutz gesch\u00fctzt wird. Der Speedsensor sitzt bei der neuesten RENDER Variante im Ausfallende, der Signal gebende Magnet dreht sich in der hinteren Bremsscheibe. Optional kann der neue RENDER Rahmen im Oberrohr ein Display aufnehmen, wo Du dann alle Daten \u00e4u\u00dferst praktisch direkt im Blick hast.<\/p>\n<hr \/>\n<h2>The all new RADON RENDER E-MTB<\/h2>\n<p><center><iframe src=\"https:\/\/www.youtube-nocookie.com\/embed\/f90RJ1Lypd8\" width=\"640\" height=\"360\" frameborder=\"0\" allowfullscreen=\"allowfullscreen\" data-mce-fragment=\"1\"><\/iframe><\/center><\/p>\n<hr \/>\n<p><em><b>Zul\u00e4ssiges Gesamtgewicht: 135 kg (K\u00f6rpergewicht + Fahrrad + Ausr\u00fcstung)<\/b><\/em><\/p>\n<hr \/>\n<p><img fetchpriority=\"high\" decoding=\"async\" title=\" BikeSize Render \" src=\"https:\/\/cd.bike-discount.de\/media\/image\/68\/35\/a3\/bikesize_render.jpg\" alt=\"\" width=\"640\" height=\"401\" data-mid=\"618199\" data-src=\"media\/image\/bikesize_render.jpg\" \/><\/p>\n<p>Mit Hilfe unserer Grafik wollen wir Dir eine Empfehlung bei der Suche nach Deiner richtigen Rahmengr\u00f6\u00dfe geben. Neben Schrittl\u00e4nge sowie K\u00f6rpergr\u00f6\u00dfe spielt nat\u00fcrlich auch Dein pers\u00f6nlicher Fahrstil, Einsatzbereich sowie Vorliebe eine gro\u00dfe Rolle. Wenn Du mit Deinen Angaben im Grenzbereich liegen solltest, kannst Du zwischen zwei Rahmenh\u00f6hen w\u00e4hlen: die kleinere Rahmengr\u00f6\u00dfe ist agiler\/wendiger\/verspielter, die n\u00e4chstgr\u00f6\u00dfere Rahmenh\u00f6he laufruhiger\/spurtreuer und hat im Uphill die Nase vorn.<\/p>\n<hr \/>\n<p>&nbsp;<\/p>\n<p><iframe src=\"https:\/\/www.youtube-nocookie.com\/embed\/oBPFhqhzsGM\" width=\"640\" height=\"360\" frameborder=\"0\" allowfullscreen=\"allowfullscreen\" data-mce-fragment=\"1\"><\/iframe><\/p>\n<h2>Ausstattung<\/h2>\n<div class=\"product--properties panel has--border\">\n<table class=\"product--properties-table\">\n<tbody>\n<tr class=\"product--properties-row row1\">\n<td class=\"product--properties-label is--bold\">Rahmen:<\/td>\n<td class=\"product--properties-value\">RENDER 750<\/td>\n<\/tr>\n<tr class=\"product--properties-row row2\">\n<td class=\"product--properties-label is--bold\">Rahmenmaterial:<\/td>\n<td class=\"product--properties-value\">Carbon Hauptrahmen\/Aluminium Hinterbau Maximale Reifenbreite: 2.6&#8243;<\/td>\n<\/tr>\n<tr class=\"product--properties-row row3\">\n<td class=\"product--properties-label is--bold\">Laufradgr\u00f6\u00dfe:<\/td>\n<td class=\"product--properties-value\">29&#8243;<\/td>\n<\/tr>\n<tr class=\"product--properties-row row4\">\n<td class=\"product--properties-label is--bold\">Farbe:<\/td>\n<td class=\"product--properties-value\">blackcoffee \/ black<\/td>\n<\/tr>\n<tr class=\"product--properties-row row5\">\n<td class=\"product--properties-label is--bold\">Gabel:<\/td>\n<td class=\"product--properties-value\">Fox 36 Factory, FIT GRIP2, Kashima, E-Tuned, Boost, Nachlauf: 44mm<\/td>\n<\/tr>\n<tr class=\"product--properties-row row6\">\n<td class=\"product--properties-label is--bold\">D\u00e4mpfer:<\/td>\n<td class=\"product--properties-value\">Fox Float X Factory, 2-Pos., EVOL LV, Einbauma\u00df: 210 x 55mm, Buchsenma\u00df: Body 8 x 30mm, Shaft: DU-Bushing 12.7mm<\/td>\n<\/tr>\n<tr class=\"product--properties-row row7\">\n<td class=\"product--properties-label is--bold\">Federweg:<\/td>\n<td class=\"product--properties-value\">160mm\/ 140mm<\/td>\n<\/tr>\n<tr class=\"product--properties-row row8\">\n<td class=\"product--properties-label is--bold\">Bremsen:<\/td>\n<td class=\"product--properties-value\">Magura MT7<\/td>\n<\/tr>\n<tr class=\"product--properties-row row9\">\n<td class=\"product--properties-label is--bold\">Bremsscheiben:<\/td>\n<td class=\"product--properties-value\">Magura MDR-P, 220\/203mm, 6-bolt<\/td>\n<\/tr>\n<tr class=\"product--properties-row row10\">\n<td class=\"product--properties-label is--bold\">Steuersatz:<\/td>\n<td class=\"product--properties-value\">Acros Block-Lock, ZS56\/ZS56<\/td>\n<\/tr>\n<tr class=\"product--properties-row row11\">\n<td class=\"product--properties-label is--bold\">Vorbau:<\/td>\n<td class=\"product--properties-value\">Race Face Turbine R, \u00d835mm, M: 40mm, L: 40mm, XL: 50mm<\/td>\n<\/tr>\n<tr class=\"product--properties-row row12\">\n<td class=\"product--properties-label is--bold\">Lenker:<\/td>\n<td class=\"product--properties-value\">Race Face Turbine R, 35 x 780mm, 20mm rise<\/td>\n<\/tr>\n<tr class=\"product--properties-row row13\">\n<td class=\"product--properties-label is--bold\">Griffe:<\/td>\n<td class=\"product--properties-value\">SDG Thrice<\/td>\n<\/tr>\n<tr class=\"product--properties-row row14\">\n<td class=\"product--properties-label is--bold\">Sattel:<\/td>\n<td class=\"product--properties-value\">SDG Bel Air V3, Lux alloy<\/td>\n<\/tr>\n<tr class=\"product--properties-row row15\">\n<td class=\"product--properties-label is--bold\">Sattelst\u00fctze:<\/td>\n<td class=\"product--properties-value\">Fox Transfer Factory, Kashima, 31.6mm, M: 125mm Hub, L: 150mm Hub, XL: 150mm Hub<\/td>\n<\/tr>\n<\/tbody>\n<\/table>\n<table class=\"product--properties-table\">\n<tbody>\n<tr class=\"product--properties-row row16\">\n<td class=\"product--properties-label is--bold\">Kurbel:<\/td>\n<td class=\"product--properties-value\">e*thirteen e*spec Plus, 165mm, SRAM Eagle Chainring, 34T<\/td>\n<\/tr>\n<tr class=\"product--properties-row row17\">\n<td class=\"product--properties-label is--bold\">Schaltwerk:<\/td>\n<td class=\"product--properties-value\">SRAM X01 Eagle AXS, 12-speed<\/td>\n<\/tr>\n<tr class=\"product--properties-row row18\">\n<td class=\"product--properties-label is--bold\">Schalthebel:<\/td>\n<td class=\"product--properties-value\">SRAM AXS Eagle Rocker Paddle, Shiftmix<\/td>\n<\/tr>\n<tr class=\"product--properties-row row19\">\n<td class=\"product--properties-label is--bold\">Kettenf\u00fchrung:<\/td>\n<td class=\"product--properties-value\">Reverse Components Flip-Guide, direct mount<\/td>\n<\/tr>\n<tr class=\"product--properties-row row20\">\n<td class=\"product--properties-label is--bold\">Kassette:<\/td>\n<td class=\"product--properties-value\">SRAM GX Eagle XG-1275, 10-52<\/td>\n<\/tr>\n<tr class=\"product--properties-row row21\">\n<td class=\"product--properties-label is--bold\">Kette:<\/td>\n<td class=\"product--properties-value\">SRAM GX Eagle<\/td>\n<\/tr>\n<tr class=\"product--properties-row row22\">\n<td class=\"product--properties-label is--bold\">Reifen vorne:<\/td>\n<td class=\"product--properties-value\">Maxxis Assegai, 3C, MaxxTerra, EXO+, TR, 29&#8243; x 2.5&#8243; WT<\/td>\n<\/tr>\n<tr class=\"product--properties-row row23\">\n<td class=\"product--properties-label is--bold\">Reifen hinten:<\/td>\n<td class=\"product--properties-value\">Maxxis Minion DHR II, 3C, MaxxTerra, EXO+, TR, 29&#8243; x 2.4&#8243; WT<\/td>\n<\/tr>\n<tr class=\"product--properties-row row24\">\n<td class=\"product--properties-label is--bold\">Laufradsatz:<\/td>\n<td class=\"product--properties-value\">Newmen Evolution SL E.G.30, 30mm, 110\/148mm<\/td>\n<\/tr>\n<tr class=\"product--properties-row row25\">\n<td class=\"product--properties-label is--bold\">Display:<\/td>\n<td class=\"product--properties-value\">Bosch Kiox 300<\/td>\n<\/tr>\n<tr class=\"product--properties-row row26\">\n<td class=\"product--properties-label is--bold\">Akku:<\/td>\n<td class=\"product--properties-value\">Bosch Powertube 750Wh<\/td>\n<\/tr>\n<tr class=\"product--properties-row row27\">\n<td class=\"product--properties-label is--bold\">Ladeger\u00e4t:<\/td>\n<td class=\"product--properties-value\">Bosch Standard Charger 4A<\/td>\n<\/tr>\n<tr class=\"product--properties-row row28\">\n<td class=\"product--properties-label is--bold\">Motor:<\/td>\n<td class=\"product--properties-value\">Bosch Performance Line CX Gen4 Smart System<\/td>\n<\/tr>\n<tr class=\"product--properties-row row29\">\n<td class=\"product--properties-label is--bold\">Pedale:<\/td>\n<td class=\"product--properties-value\">nicht im Lieferumfang enthalten<\/td>\n<\/tr>\n<tr class=\"product--properties-row row30\">\n<td class=\"product--properties-label is--bold\">Zul\u00e4ssiges Gesamtgewicht:<\/td>\n<td class=\"product--properties-value\">135 kg (K\u00f6rpergewicht + Fahrrad + Ausr\u00fcstung)<\/td>\n<\/tr>\n<tr class=\"product--properties-row row31\">\n<td class=\"product--properties-label is--bold\">Gewicht Komplettrad:<\/td>\n<td class=\"product--properties-value\">ab 23,6 kg<\/td>\n<\/tr>\n<\/tbody>\n<\/table>\n<\/div>\n<\/div>\n<\/div>\n<\/div>\n<\/div>","protected":false},"excerpt":{"rendered":"<p>Radon\u00a0Render 10.0 HD 750 Mehr Trailbike als bei unserem RENDER 10.0 HD 750 geht nicht. Hier findest Du alles, was<\/p>","protected":false},"featured_media":64123,"comment_status":"open","ping_status":"closed","template":"","meta":[],"product_brand":[],"product_cat":[33,35,475],"product_tag":[],"class_list":{"0":"post-47081","1":"product","2":"type-product","3":"status-publish","4":"has-post-thumbnail","6":"product_cat-e-bike","7":"product_cat-e-bikes-2022","8":"product_cat-e-mountainbike","9":"pa_marke-radon","11":"first","12":"instock","13":"sale","14":"taxable","15":"shipping-taxable","16":"purchasable","17":"product-type-variable"},"yoast_head":"<!-- This site is optimized with the Yoast SEO Premium plugin v20.12 (Yoast SEO v27.1.1) - https:\/\/yoast.com\/product\/yoast-seo-premium-wordpress\/ -->\n<title>Radon Render 10.0 HD 750<\/title>\n<meta name=\"description\" content=\"kgerad.de bietet Ihnen das Radon Render 10.0 HD 750 zum besten Preis mit kostenlosem Versand in ganz EuropaRender 10.0 HD 750\" \/>\n<meta name=\"robots\" content=\"index, follow, max-snippet:-1, max-image-preview:large, max-video-preview:-1\" \/>\n<link rel=\"canonical\" href=\"https:\/\/kgerad.de\/en\/product\/radon-render-10-0-hd-750\/\" \/>\n<meta property=\"og:locale\" content=\"en_US\" \/>\n<meta property=\"og:type\" content=\"article\" \/>\n<meta property=\"og:title\" content=\"Radon Render 10.0 HD 750\" \/>\n<meta property=\"og:description\" content=\"Entdecken Sie unseren Online-Fahrradladen: Gro\u00dfe Auswahl an Modellen f\u00fcr alle Radsportbegeisterten. Von Rennr\u00e4dern bis zu Mountainbikes - finden Sie heute Ihren perfekten Wegbegleiter!\" \/>\n<meta property=\"og:url\" content=\"https:\/\/kgerad.de\/en\/product\/radon-render-10-0-hd-750\/\" \/>\n<meta property=\"og:site_name\" content=\"kgerad.de\" \/>\n<meta property=\"article:modified_time\" content=\"2023-08-10T18:46:33+00:00\" \/>\n<meta property=\"og:image\" content=\"https:\/\/kgerad.de\/wp-content\/uploads\/2023\/06\/599940_800x800.jpg\" \/>\n\t<meta property=\"og:image:width\" content=\"800\" \/>\n\t<meta property=\"og:image:height\" content=\"533\" \/>\n\t<meta property=\"og:image:type\" content=\"image\/jpeg\" \/>\n<meta name=\"twitter:card\" content=\"summary_large_image\" \/>\n<meta name=\"twitter:label1\" content=\"Est. reading time\" \/>\n\t<meta name=\"twitter:data1\" content=\"6 minutes\" \/>\n<script type=\"application\/ld+json\" class=\"yoast-schema-graph\">{\"@context\":\"https:\/\/schema.org\",\"@graph\":[{\"@type\":\"WebPage\",\"@id\":\"https:\/\/kgerad.de\/produkt\/radon-render-10-0-hd-750\/\",\"url\":\"https:\/\/kgerad.de\/produkt\/radon-render-10-0-hd-750\/\",\"name\":\"Radon Render 10.0 HD 750\",\"isPartOf\":{\"@id\":\"https:\/\/kgerad.de\/#website\"},\"primaryImageOfPage\":{\"@id\":\"https:\/\/kgerad.de\/produkt\/radon-render-10-0-hd-750\/#primaryimage\"},\"image\":{\"@id\":\"https:\/\/kgerad.de\/produkt\/radon-render-10-0-hd-750\/#primaryimage\"},\"thumbnailUrl\":\"https:\/\/kgerad.de\/wp-content\/uploads\/2023\/06\/599940_800x800.jpg\",\"datePublished\":\"2022-12-01T12:19:29+00:00\",\"dateModified\":\"2023-08-10T18:46:33+00:00\",\"description\":\"kgerad.de bietet Ihnen das Radon Render 10.0 HD 750 zum besten Preis mit kostenlosem Versand in ganz EuropaRender 10.0 HD 750\",\"breadcrumb\":{\"@id\":\"https:\/\/kgerad.de\/produkt\/radon-render-10-0-hd-750\/#breadcrumb\"},\"inLanguage\":\"en-US\",\"potentialAction\":[{\"@type\":\"ReadAction\",\"target\":[\"https:\/\/kgerad.de\/produkt\/radon-render-10-0-hd-750\/\"]}]},{\"@type\":\"ImageObject\",\"inLanguage\":\"en-US\",\"@id\":\"https:\/\/kgerad.de\/produkt\/radon-render-10-0-hd-750\/#primaryimage\",\"url\":\"https:\/\/kgerad.de\/wp-content\/uploads\/2023\/06\/599940_800x800.jpg\",\"contentUrl\":\"https:\/\/kgerad.de\/wp-content\/uploads\/2023\/06\/599940_800x800.jpg\",\"width\":800,\"height\":533,\"caption\":\"Radon Render 10.0 HD 750\"},{\"@type\":\"BreadcrumbList\",\"@id\":\"https:\/\/kgerad.de\/produkt\/radon-render-10-0-hd-750\/#breadcrumb\",\"itemListElement\":[{\"@type\":\"ListItem\",\"position\":1,\"name\":\"Startseite\",\"item\":\"https:\/\/kgerad.de\/\"},{\"@type\":\"ListItem\",\"position\":2,\"name\":\"LADEN\",\"item\":\"https:\/\/kgerad.de\/laden\/\"},{\"@type\":\"ListItem\",\"position\":3,\"name\":\"Radon Render 10.0 HD 750\"}]},{\"@type\":\"WebSite\",\"@id\":\"https:\/\/kgerad.de\/#website\",\"url\":\"https:\/\/kgerad.de\/\",\"name\":\"kgerad.de\",\"description\":\"Treten Sie mit uns ins Abenteuer!\",\"publisher\":{\"@id\":\"https:\/\/kgerad.de\/#organization\"},\"alternateName\":\"MEIN RADLADEN\",\"potentialAction\":[{\"@type\":\"SearchAction\",\"target\":{\"@type\":\"EntryPoint\",\"urlTemplate\":\"https:\/\/kgerad.de\/?s={search_term_string}\"},\"query-input\":{\"@type\":\"PropertyValueSpecification\",\"valueRequired\":true,\"valueName\":\"search_term_string\"}}],\"inLanguage\":\"en-US\"},{\"@type\":\"Organization\",\"@id\":\"https:\/\/kgerad.de\/#organization\",\"name\":\"MEINRADLADEN\",\"alternateName\":\"MEIN RADLADEN\",\"url\":\"https:\/\/kgerad.de\/\",\"logo\":{\"@type\":\"ImageObject\",\"inLanguage\":\"en-US\",\"@id\":\"https:\/\/kgerad.de\/#\/schema\/logo\/image\/\",\"url\":\"https:\/\/kgerad.de\/wp-content\/uploads\/2025\/07\/logo-Whit.svg\",\"contentUrl\":\"https:\/\/kgerad.de\/wp-content\/uploads\/2025\/07\/logo-Whit.svg\",\"width\":1640,\"height\":371,\"caption\":\"MEINRADLADEN\"},\"image\":{\"@id\":\"https:\/\/kgerad.de\/#\/schema\/logo\/image\/\"}}]}<\/script>\n<!-- \/ Yoast SEO Premium plugin. -->","yoast_head_json":{"title":"Radon Render 10.0 HD 750","description":"kgerad.de bietet Ihnen das Radon Render 10.0 HD 750 zum besten Preis mit kostenlosem Versand in ganz EuropaRender 10.0 HD 750","robots":{"index":"index","follow":"follow","max-snippet":"max-snippet:-1","max-image-preview":"max-image-preview:large","max-video-preview":"max-video-preview:-1"},"canonical":"https:\/\/kgerad.de\/en\/product\/radon-render-10-0-hd-750\/","og_locale":"en_US","og_type":"article","og_title":"Radon Render 10.0 HD 750","og_description":"Entdecken Sie unseren Online-Fahrradladen: Gro\u00dfe Auswahl an Modellen f\u00fcr alle Radsportbegeisterten. Von Rennr\u00e4dern bis zu Mountainbikes - finden Sie heute Ihren perfekten Wegbegleiter!","og_url":"https:\/\/kgerad.de\/en\/product\/radon-render-10-0-hd-750\/","og_site_name":"kgerad.de","article_modified_time":"2023-08-10T18:46:33+00:00","og_image":[{"width":800,"height":533,"url":"https:\/\/kgerad.de\/wp-content\/uploads\/2023\/06\/599940_800x800.jpg","type":"image\/jpeg"}],"twitter_card":"summary_large_image","twitter_misc":{"Est. reading time":"6 minutes"},"schema":{"@context":"https:\/\/schema.org","@graph":[{"@type":"WebPage","@id":"https:\/\/kgerad.de\/produkt\/radon-render-10-0-hd-750\/","url":"https:\/\/kgerad.de\/produkt\/radon-render-10-0-hd-750\/","name":"Radon Render 10.0 HD 750","isPartOf":{"@id":"https:\/\/kgerad.de\/#website"},"primaryImageOfPage":{"@id":"https:\/\/kgerad.de\/produkt\/radon-render-10-0-hd-750\/#primaryimage"},"image":{"@id":"https:\/\/kgerad.de\/produkt\/radon-render-10-0-hd-750\/#primaryimage"},"thumbnailUrl":"https:\/\/kgerad.de\/wp-content\/uploads\/2023\/06\/599940_800x800.jpg","datePublished":"2022-12-01T12:19:29+00:00","dateModified":"2023-08-10T18:46:33+00:00","description":"kgerad.de bietet Ihnen das Radon Render 10.0 HD 750 zum besten Preis mit kostenlosem Versand in ganz EuropaRender 10.0 HD 750","breadcrumb":{"@id":"https:\/\/kgerad.de\/produkt\/radon-render-10-0-hd-750\/#breadcrumb"},"inLanguage":"en-US","potentialAction":[{"@type":"ReadAction","target":["https:\/\/kgerad.de\/produkt\/radon-render-10-0-hd-750\/"]}]},{"@type":"ImageObject","inLanguage":"en-US","@id":"https:\/\/kgerad.de\/produkt\/radon-render-10-0-hd-750\/#primaryimage","url":"https:\/\/kgerad.de\/wp-content\/uploads\/2023\/06\/599940_800x800.jpg","contentUrl":"https:\/\/kgerad.de\/wp-content\/uploads\/2023\/06\/599940_800x800.jpg","width":800,"height":533,"caption":"Radon Render 10.0 HD 750"},{"@type":"BreadcrumbList","@id":"https:\/\/kgerad.de\/produkt\/radon-render-10-0-hd-750\/#breadcrumb","itemListElement":[{"@type":"ListItem","position":1,"name":"Startseite","item":"https:\/\/kgerad.de\/"},{"@type":"ListItem","position":2,"name":"LADEN","item":"https:\/\/kgerad.de\/laden\/"},{"@type":"ListItem","position":3,"name":"Radon Render 10.0 HD 750"}]},{"@type":"WebSite","@id":"https:\/\/kgerad.de\/#website","url":"https:\/\/kgerad.de\/","name":"kgerad.de","description":"Treten Sie mit uns ins Abenteuer!","publisher":{"@id":"https:\/\/kgerad.de\/#organization"},"alternateName":"MEIN RADLADEN","potentialAction":[{"@type":"SearchAction","target":{"@type":"EntryPoint","urlTemplate":"https:\/\/kgerad.de\/?s={search_term_string}"},"query-input":{"@type":"PropertyValueSpecification","valueRequired":true,"valueName":"search_term_string"}}],"inLanguage":"en-US"},{"@type":"Organization","@id":"https:\/\/kgerad.de\/#organization","name":"MEINRADLADEN","alternateName":"MEIN RADLADEN","url":"https:\/\/kgerad.de\/","logo":{"@type":"ImageObject","inLanguage":"en-US","@id":"https:\/\/kgerad.de\/#\/schema\/logo\/image\/","url":"https:\/\/kgerad.de\/wp-content\/uploads\/2025\/07\/logo-Whit.svg","contentUrl":"https:\/\/kgerad.de\/wp-content\/uploads\/2025\/07\/logo-Whit.svg","width":1640,"height":371,"caption":"MEINRADLADEN"},"image":{"@id":"https:\/\/kgerad.de\/#\/schema\/logo\/image\/"}}]}},"_links":{"self":[{"href":"https:\/\/kgerad.de\/en\/wp-json\/wp\/v2\/product\/47081","targetHints":{"allow":["GET"]}}],"collection":[{"href":"https:\/\/kgerad.de\/en\/wp-json\/wp\/v2\/product"}],"about":[{"href":"https:\/\/kgerad.de\/en\/wp-json\/wp\/v2\/types\/product"}],"replies":[{"embeddable":true,"href":"https:\/\/kgerad.de\/en\/wp-json\/wp\/v2\/comments?post=47081"}],"version-history":[{"count":1,"href":"https:\/\/kgerad.de\/en\/wp-json\/wp\/v2\/product\/47081\/revisions"}],"predecessor-version":[{"id":78904,"href":"https:\/\/kgerad.de\/en\/wp-json\/wp\/v2\/product\/47081\/revisions\/78904"}],"wp:featuredmedia":[{"embeddable":true,"href":"https:\/\/kgerad.de\/en\/wp-json\/wp\/v2\/media\/64123"}],"wp:attachment":[{"href":"https:\/\/kgerad.de\/en\/wp-json\/wp\/v2\/media?parent=47081"}],"wp:term":[{"taxonomy":"product_brand","embeddable":true,"href":"https:\/\/kgerad.de\/en\/wp-json\/wp\/v2\/product_brand?post=47081"},{"taxonomy":"product_cat","embeddable":true,"href":"https:\/\/kgerad.de\/en\/wp-json\/wp\/v2\/product_cat?post=47081"},{"taxonomy":"product_tag","embeddable":true,"href":"https:\/\/kgerad.de\/en\/wp-json\/wp\/v2\/product_tag?post=47081"}],"curies":[{"name":"wp","href":"https:\/\/api.w.org\/{rel}","templated":true}]}}