{"id":47039,"date":"2022-12-01T13:01:04","date_gmt":"2022-12-01T12:01:04","guid":{"rendered":"https:\/\/kgerad.de\/?post_type=product&#038;p=47039"},"modified":"2023-08-10T20:46:58","modified_gmt":"2023-08-10T18:46:58","slug":"sram-rival-1-22-scheibenbremsen-set-hydr-doubletap-fm","status":"publish","type":"product","link":"https:\/\/kgerad.de\/en\/product\/sram-rival-1-22-scheibenbremsen-set-hydr-doubletap-fm\/","title":{"rendered":"SRAM Rival 1\/22 Scheibenbremsen Set hydr.DoubleTap\u00ae FM"},"content":{"rendered":"<div class=\"product--headername\">\n<h2 class=\"product--title\"><strong>SRAM<\/strong> Rival 1\/22 Scheibenbremsen Set hydr.DoubleTap\u00ae F<\/h2>\n<\/div>\n<p>Das SRAM Rival 1\/22 System bietet kompromisslose <a href=\"http:\/\/1-1\">Bremskraft<\/a>.<\/p>\n<hr \/>\n<h3>Produkteigenschaften<\/h3>\n<ul>\n<li>Brandneues Design innen und au\u00dfen<\/li>\n<li>\u00dcberarbeitete Ergonomie f\u00fcr bessere Fingergriffweite und neuer Schalthebel f\u00fcr mehr Platz f\u00fcr die Finger<\/li>\n<li>Individuelle Griffweiteneinstellung<\/li>\n<li>Brems- und Schalthebel aus geschmiedetem Aluminium<\/li>\n<li>Geringerer Kraftaufwand<\/li>\n<li>Vollst\u00e4ndig versiegeltes System sch\u00fctzt vor Verunreinigungen<\/li>\n<li>Einfacher Zugang zum Entl\u00fcften<\/li>\n<li>Griffweiteneinstellung<\/li>\n<li><strong>Kompatibel mit:<\/strong>\n<ul>\n<li>Schaltwerk:\n<ul>\n<li>Red 22<\/li>\n<li>Force 22<\/li>\n<li>Rival 22<\/li>\n<\/ul>\n<\/li>\n<\/ul>\n<\/li>\n<li><strong>Material<\/strong>: Aluminium<\/li>\n<li><strong>G\u00e4nge<\/strong>: 1&#215;11-fach<\/li>\n<li><strong>Bremsbel\u00e4ge<\/strong>: organisch<\/li>\n<li><strong>Leitungsl\u00e4nge<\/strong>:\n<ul>\n<li>vorne: 950mm<\/li>\n<li>hinten: 1800mm<\/li>\n<\/ul>\n<\/li>\n<li><strong>Version<\/strong>: Flat Mount<\/li>\n<\/ul>\n<h3>Farbe<\/h3>\n<ul>\n<li>schwarz<\/li>\n<\/ul>\n<h3>Gewicht<\/h3>\n<ul>\n<li>990g (Herstellerangabe)<\/li>\n<\/ul>\n<hr \/>\n<h3>Lieferumfang<\/h3>\n<ul>\n<li>Rival Scheibenbremsen Set Flat Mount .<\/li>\n<\/ul>","protected":false},"excerpt":{"rendered":"<p>SRAM Rival 1\/22 Scheibenbremsen Set hydr.DoubleTap\u00ae F Das SRAM Rival 1\/22 System bietet kompromisslose Bremskraft. Produkteigenschaften Brandneues Design innen und<\/p>","protected":false},"featured_media":64107,"comment_status":"open","ping_status":"closed","template":"","meta":[],"product_brand":[],"product_cat":[247,318],"product_tag":[],"class_list":{"0":"post-47039","1":"product","2":"type-product","3":"status-publish","4":"has-post-thumbnail","6":"product_cat-e-bike-trekking","7":"product_cat-outdoor","8":"pa_marke-sram","10":"first","11":"instock","12":"sale","13":"taxable","14":"shipping-taxable","15":"purchasable","16":"product-type-simple"},"yoast_head":"<!-- This site is optimized with the Yoast SEO Premium plugin v20.12 (Yoast SEO v27.1.1) - https:\/\/yoast.com\/product\/yoast-seo-premium-wordpress\/ -->\n<title>SRAM Rival 1\/22 Scheibenbremsen Set hydr.DoubleTap\u00ae FM<\/title>\n<meta name=\"description\" content=\"Entdecken Sie unseren Online-Fahrradladen: Gro\u00dfe Auswahl an Modellen f\u00fcr alle Radsportbegeisterten. Von Rennr\u00e4dern bis zu Mountainbikes - finden Sie heute Ihren perfekten Wegbegleiter!\" \/>\n<meta name=\"robots\" content=\"index, follow, max-snippet:-1, max-image-preview:large, max-video-preview:-1\" \/>\n<link rel=\"canonical\" href=\"https:\/\/kgerad.de\/en\/product\/sram-rival-1-22-scheibenbremsen-set-hydr-doubletap-fm\/\" \/>\n<meta property=\"og:locale\" content=\"en_US\" \/>\n<meta property=\"og:type\" content=\"article\" \/>\n<meta property=\"og:title\" content=\"SRAM Rival 1\/22 Scheibenbremsen Set hydr.DoubleTap\u00ae FM\" \/>\n<meta property=\"og:description\" content=\"Entdecken Sie unseren Online-Fahrradladen: Gro\u00dfe Auswahl an Modellen f\u00fcr alle Radsportbegeisterten. Von Rennr\u00e4dern bis zu Mountainbikes - finden Sie heute Ihren perfekten Wegbegleiter!\" \/>\n<meta property=\"og:url\" content=\"https:\/\/kgerad.de\/en\/product\/sram-rival-1-22-scheibenbremsen-set-hydr-doubletap-fm\/\" \/>\n<meta property=\"og:site_name\" content=\"kgerad.de\" \/>\n<meta property=\"article:modified_time\" content=\"2023-08-10T18:46:58+00:00\" \/>\n<meta property=\"og:image\" content=\"https:\/\/kgerad.de\/wp-content\/uploads\/2023\/06\/Rival-1_800x800-0-1.jpg\" \/>\n\t<meta property=\"og:image:width\" content=\"800\" \/>\n\t<meta property=\"og:image:height\" content=\"622\" \/>\n\t<meta property=\"og:image:type\" content=\"image\/jpeg\" \/>\n<meta name=\"twitter:card\" content=\"summary_large_image\" \/>\n<meta name=\"twitter:label1\" content=\"Est. reading time\" \/>\n\t<meta name=\"twitter:data1\" content=\"1 minute\" \/>\n<script type=\"application\/ld+json\" class=\"yoast-schema-graph\">{\"@context\":\"https:\/\/schema.org\",\"@graph\":[{\"@type\":\"WebPage\",\"@id\":\"https:\/\/kgerad.de\/produkt\/sram-rival-1-22-scheibenbremsen-set-hydr-doubletap-fm\/\",\"url\":\"https:\/\/kgerad.de\/produkt\/sram-rival-1-22-scheibenbremsen-set-hydr-doubletap-fm\/\",\"name\":\"SRAM Rival 1\/22 Scheibenbremsen Set hydr.DoubleTap\u00ae FM\",\"isPartOf\":{\"@id\":\"https:\/\/kgerad.de\/#website\"},\"primaryImageOfPage\":{\"@id\":\"https:\/\/kgerad.de\/produkt\/sram-rival-1-22-scheibenbremsen-set-hydr-doubletap-fm\/#primaryimage\"},\"image\":{\"@id\":\"https:\/\/kgerad.de\/produkt\/sram-rival-1-22-scheibenbremsen-set-hydr-doubletap-fm\/#primaryimage\"},\"thumbnailUrl\":\"https:\/\/kgerad.de\/wp-content\/uploads\/2023\/06\/Rival-1_800x800-0-1.jpg\",\"datePublished\":\"2022-12-01T12:01:04+00:00\",\"dateModified\":\"2023-08-10T18:46:58+00:00\",\"description\":\"Entdecken Sie unseren Online-Fahrradladen: Gro\u00dfe Auswahl an Modellen f\u00fcr alle Radsportbegeisterten. Von Rennr\u00e4dern bis zu Mountainbikes - finden Sie heute Ihren perfekten Wegbegleiter!\",\"breadcrumb\":{\"@id\":\"https:\/\/kgerad.de\/produkt\/sram-rival-1-22-scheibenbremsen-set-hydr-doubletap-fm\/#breadcrumb\"},\"inLanguage\":\"en-US\",\"potentialAction\":[{\"@type\":\"ReadAction\",\"target\":[\"https:\/\/kgerad.de\/produkt\/sram-rival-1-22-scheibenbremsen-set-hydr-doubletap-fm\/\"]}]},{\"@type\":\"ImageObject\",\"inLanguage\":\"en-US\",\"@id\":\"https:\/\/kgerad.de\/produkt\/sram-rival-1-22-scheibenbremsen-set-hydr-doubletap-fm\/#primaryimage\",\"url\":\"https:\/\/kgerad.de\/wp-content\/uploads\/2023\/06\/Rival-1_800x800-0-1.jpg\",\"contentUrl\":\"https:\/\/kgerad.de\/wp-content\/uploads\/2023\/06\/Rival-1_800x800-0-1.jpg\",\"width\":800,\"height\":622,\"caption\":\"SRAM Rival 1\/22 Scheibenbremsen Set hydr.DoubleTap\u00ae FM\"},{\"@type\":\"BreadcrumbList\",\"@id\":\"https:\/\/kgerad.de\/produkt\/sram-rival-1-22-scheibenbremsen-set-hydr-doubletap-fm\/#breadcrumb\",\"itemListElement\":[{\"@type\":\"ListItem\",\"position\":1,\"name\":\"Startseite\",\"item\":\"https:\/\/kgerad.de\/\"},{\"@type\":\"ListItem\",\"position\":2,\"name\":\"LADEN\",\"item\":\"https:\/\/kgerad.de\/laden\/\"},{\"@type\":\"ListItem\",\"position\":3,\"name\":\"SRAM Rival 1\/22 Scheibenbremsen Set hydr.DoubleTap\u00ae FM\"}]},{\"@type\":\"WebSite\",\"@id\":\"https:\/\/kgerad.de\/#website\",\"url\":\"https:\/\/kgerad.de\/\",\"name\":\"kgerad.de\",\"description\":\"Treten Sie mit uns ins Abenteuer!\",\"publisher\":{\"@id\":\"https:\/\/kgerad.de\/#organization\"},\"alternateName\":\"MEIN RADLADEN\",\"potentialAction\":[{\"@type\":\"SearchAction\",\"target\":{\"@type\":\"EntryPoint\",\"urlTemplate\":\"https:\/\/kgerad.de\/?s={search_term_string}\"},\"query-input\":{\"@type\":\"PropertyValueSpecification\",\"valueRequired\":true,\"valueName\":\"search_term_string\"}}],\"inLanguage\":\"en-US\"},{\"@type\":\"Organization\",\"@id\":\"https:\/\/kgerad.de\/#organization\",\"name\":\"MEINRADLADEN\",\"alternateName\":\"MEIN RADLADEN\",\"url\":\"https:\/\/kgerad.de\/\",\"logo\":{\"@type\":\"ImageObject\",\"inLanguage\":\"en-US\",\"@id\":\"https:\/\/kgerad.de\/#\/schema\/logo\/image\/\",\"url\":\"https:\/\/kgerad.de\/wp-content\/uploads\/2025\/07\/logo-Whit.svg\",\"contentUrl\":\"https:\/\/kgerad.de\/wp-content\/uploads\/2025\/07\/logo-Whit.svg\",\"width\":1640,\"height\":371,\"caption\":\"MEINRADLADEN\"},\"image\":{\"@id\":\"https:\/\/kgerad.de\/#\/schema\/logo\/image\/\"}}]}<\/script>\n<!-- \/ Yoast SEO Premium plugin. -->","yoast_head_json":{"title":"SRAM Rival 1\/22 Scheibenbremsen Set hydr.DoubleTap\u00ae FM","description":"Entdecken Sie unseren Online-Fahrradladen: Gro\u00dfe Auswahl an Modellen f\u00fcr alle Radsportbegeisterten. Von Rennr\u00e4dern bis zu Mountainbikes - finden Sie heute Ihren perfekten Wegbegleiter!","robots":{"index":"index","follow":"follow","max-snippet":"max-snippet:-1","max-image-preview":"max-image-preview:large","max-video-preview":"max-video-preview:-1"},"canonical":"https:\/\/kgerad.de\/en\/product\/sram-rival-1-22-scheibenbremsen-set-hydr-doubletap-fm\/","og_locale":"en_US","og_type":"article","og_title":"SRAM Rival 1\/22 Scheibenbremsen Set hydr.DoubleTap\u00ae FM","og_description":"Entdecken Sie unseren Online-Fahrradladen: Gro\u00dfe Auswahl an Modellen f\u00fcr alle Radsportbegeisterten. Von Rennr\u00e4dern bis zu Mountainbikes - finden Sie heute Ihren perfekten Wegbegleiter!","og_url":"https:\/\/kgerad.de\/en\/product\/sram-rival-1-22-scheibenbremsen-set-hydr-doubletap-fm\/","og_site_name":"kgerad.de","article_modified_time":"2023-08-10T18:46:58+00:00","og_image":[{"width":800,"height":622,"url":"https:\/\/kgerad.de\/wp-content\/uploads\/2023\/06\/Rival-1_800x800-0-1.jpg","type":"image\/jpeg"}],"twitter_card":"summary_large_image","twitter_misc":{"Est. reading time":"1 minute"},"schema":{"@context":"https:\/\/schema.org","@graph":[{"@type":"WebPage","@id":"https:\/\/kgerad.de\/produkt\/sram-rival-1-22-scheibenbremsen-set-hydr-doubletap-fm\/","url":"https:\/\/kgerad.de\/produkt\/sram-rival-1-22-scheibenbremsen-set-hydr-doubletap-fm\/","name":"SRAM Rival 1\/22 Scheibenbremsen Set hydr.DoubleTap\u00ae FM","isPartOf":{"@id":"https:\/\/kgerad.de\/#website"},"primaryImageOfPage":{"@id":"https:\/\/kgerad.de\/produkt\/sram-rival-1-22-scheibenbremsen-set-hydr-doubletap-fm\/#primaryimage"},"image":{"@id":"https:\/\/kgerad.de\/produkt\/sram-rival-1-22-scheibenbremsen-set-hydr-doubletap-fm\/#primaryimage"},"thumbnailUrl":"https:\/\/kgerad.de\/wp-content\/uploads\/2023\/06\/Rival-1_800x800-0-1.jpg","datePublished":"2022-12-01T12:01:04+00:00","dateModified":"2023-08-10T18:46:58+00:00","description":"Entdecken Sie unseren Online-Fahrradladen: Gro\u00dfe Auswahl an Modellen f\u00fcr alle Radsportbegeisterten. Von Rennr\u00e4dern bis zu Mountainbikes - finden Sie heute Ihren perfekten Wegbegleiter!","breadcrumb":{"@id":"https:\/\/kgerad.de\/produkt\/sram-rival-1-22-scheibenbremsen-set-hydr-doubletap-fm\/#breadcrumb"},"inLanguage":"en-US","potentialAction":[{"@type":"ReadAction","target":["https:\/\/kgerad.de\/produkt\/sram-rival-1-22-scheibenbremsen-set-hydr-doubletap-fm\/"]}]},{"@type":"ImageObject","inLanguage":"en-US","@id":"https:\/\/kgerad.de\/produkt\/sram-rival-1-22-scheibenbremsen-set-hydr-doubletap-fm\/#primaryimage","url":"https:\/\/kgerad.de\/wp-content\/uploads\/2023\/06\/Rival-1_800x800-0-1.jpg","contentUrl":"https:\/\/kgerad.de\/wp-content\/uploads\/2023\/06\/Rival-1_800x800-0-1.jpg","width":800,"height":622,"caption":"SRAM Rival 1\/22 Scheibenbremsen Set hydr.DoubleTap\u00ae FM"},{"@type":"BreadcrumbList","@id":"https:\/\/kgerad.de\/produkt\/sram-rival-1-22-scheibenbremsen-set-hydr-doubletap-fm\/#breadcrumb","itemListElement":[{"@type":"ListItem","position":1,"name":"Startseite","item":"https:\/\/kgerad.de\/"},{"@type":"ListItem","position":2,"name":"LADEN","item":"https:\/\/kgerad.de\/laden\/"},{"@type":"ListItem","position":3,"name":"SRAM Rival 1\/22 Scheibenbremsen Set hydr.DoubleTap\u00ae FM"}]},{"@type":"WebSite","@id":"https:\/\/kgerad.de\/#website","url":"https:\/\/kgerad.de\/","name":"kgerad.de","description":"Treten Sie mit uns ins Abenteuer!","publisher":{"@id":"https:\/\/kgerad.de\/#organization"},"alternateName":"MEIN RADLADEN","potentialAction":[{"@type":"SearchAction","target":{"@type":"EntryPoint","urlTemplate":"https:\/\/kgerad.de\/?s={search_term_string}"},"query-input":{"@type":"PropertyValueSpecification","valueRequired":true,"valueName":"search_term_string"}}],"inLanguage":"en-US"},{"@type":"Organization","@id":"https:\/\/kgerad.de\/#organization","name":"MEINRADLADEN","alternateName":"MEIN RADLADEN","url":"https:\/\/kgerad.de\/","logo":{"@type":"ImageObject","inLanguage":"en-US","@id":"https:\/\/kgerad.de\/#\/schema\/logo\/image\/","url":"https:\/\/kgerad.de\/wp-content\/uploads\/2025\/07\/logo-Whit.svg","contentUrl":"https:\/\/kgerad.de\/wp-content\/uploads\/2025\/07\/logo-Whit.svg","width":1640,"height":371,"caption":"MEINRADLADEN"},"image":{"@id":"https:\/\/kgerad.de\/#\/schema\/logo\/image\/"}}]}},"_links":{"self":[{"href":"https:\/\/kgerad.de\/en\/wp-json\/wp\/v2\/product\/47039","targetHints":{"allow":["GET"]}}],"collection":[{"href":"https:\/\/kgerad.de\/en\/wp-json\/wp\/v2\/product"}],"about":[{"href":"https:\/\/kgerad.de\/en\/wp-json\/wp\/v2\/types\/product"}],"replies":[{"embeddable":true,"href":"https:\/\/kgerad.de\/en\/wp-json\/wp\/v2\/comments?post=47039"}],"version-history":[{"count":1,"href":"https:\/\/kgerad.de\/en\/wp-json\/wp\/v2\/product\/47039\/revisions"}],"predecessor-version":[{"id":78906,"href":"https:\/\/kgerad.de\/en\/wp-json\/wp\/v2\/product\/47039\/revisions\/78906"}],"wp:featuredmedia":[{"embeddable":true,"href":"https:\/\/kgerad.de\/en\/wp-json\/wp\/v2\/media\/64107"}],"wp:attachment":[{"href":"https:\/\/kgerad.de\/en\/wp-json\/wp\/v2\/media?parent=47039"}],"wp:term":[{"taxonomy":"product_brand","embeddable":true,"href":"https:\/\/kgerad.de\/en\/wp-json\/wp\/v2\/product_brand?post=47039"},{"taxonomy":"product_cat","embeddable":true,"href":"https:\/\/kgerad.de\/en\/wp-json\/wp\/v2\/product_cat?post=47039"},{"taxonomy":"product_tag","embeddable":true,"href":"https:\/\/kgerad.de\/en\/wp-json\/wp\/v2\/product_tag?post=47039"}],"curies":[{"name":"wp","href":"https:\/\/api.w.org\/{rel}","templated":true}]}}