{"id":47014,"date":"2022-12-01T12:36:30","date_gmt":"2022-12-01T11:36:30","guid":{"rendered":"https:\/\/kgerad.de\/?post_type=product&#038;p=47014"},"modified":"2023-08-10T20:47:48","modified_gmt":"2023-08-10T18:47:48","slug":"fox-racing-transfer-sl-factory-o-31-6mm-xl-100mm-internal-vario-sattelstuetze","status":"publish","type":"product","link":"https:\/\/kgerad.de\/en\/product\/fox-racing-transfer-sl-factory-o-31-6mm-xl-100mm-internal-vario-sattelstuetze\/","title":{"rendered":"Fox Racing Transfer SL Factory \u00d8 31.6mm XL  Vario-Sattelst\u00fctze"},"content":{"rendered":"<h2 class=\"product--title\"><strong>Fox Racing<\/strong>\u00a0Transfer SL Factory \u00d8 31.6mm XL 100mm Internal Vario-Sattelst\u00fctze<\/h2>\n<div>\n<p>Die Fox Racing Transfer mit interner Zugverlegung gl\u00e4nzt mit einer stufenlos einstellbaren Sattelh\u00f6he und ist f\u00fcr Gravel und MTB-XC Bikes geeignet. Mit einer maximalen Einstecktiefe von 275mm und einer L\u00e4nge von 430mm eignet sich die Variante speziell f\u00fcr gro\u00dfe Fahrer.<\/p>\n<h2>Superleicht und unzerst\u00f6rbar: Die interne Transfer SL Factory \u00d831.6mm XL 100mm Vario-Stattelst\u00fctze von Fox Racing<\/h2>\n<p>Mit Hebeloptionen f\u00fcr Dropbars, Flatbars und 2-fach Vorderradschaltung ist die <a href=\"http:\/\/1-1\">Transfer<\/a> Sl das perfekte Upgrade f\u00fcr Gravel-Fahrer und eingefleischte XC-Racer, die die Vorteile einer Variost\u00fctze wollen aber nicht das zus\u00e4tzliche Gewicht. Die Ausfr\u00e4sungen in der St\u00fctze erleichtern die Montage des Seilzugs. Das Seil wird an der St\u00fctze geklemmt und ist somit mit GRX und \u00e4hnlichen Hebelkonzepten voll kompatibel.<\/p>\n<p>&#8222;Factory&#8220; sagt alles. Die beste Technologie, die FOX zu bieten hat, ist in den Factory Series Modellen mit butterweichen und extrem haltbaren Original Kashima Beschichtung erh\u00e4ltlich.<\/p>\n<hr \/>\n<h3>Features &#8211; Fox Racing Transfer SL Factory \u00d8 31.6mm XL 100mm Internal Vario-Sattelst\u00fctze<\/h3>\n<ul>\n<li>Dropper Post Sattelst\u00fctze mit interner Kabelf\u00fchrung Hebelkonzepten voll kompatibel<\/li>\n<li>Neues Leichtbau Design Hebelkonzepten voll kompatibel<\/li>\n<li>Ausfr\u00e4sungen in der St\u00fctze erleichtern die Montage des Seilzugs<\/li>\n<li>Mechanische Variost\u00fctze mit 2 Positionen<\/li>\n<li>Langhubige Version f\u00fcr gro\u00dfe Personen die Rahmen mit geringer \u00dcberstandsh\u00f6he bevorzugen designed<\/li>\n<li>Stahlfeder f\u00fcr kontinuierlich gleichbleibende Funktion von<\/li>\n<\/ul>\n<h3>Kompatibilit\u00e4t<\/h3>\n<ul>\n<li>Kompatibel mit Sitzwinkeln von 70\u00b0 bis 85\u00b0<\/li>\n<li>Kompatibel mit 7mm und 7x9mm Sattelstreben Hebelkonzepten voll kompatibel<\/li>\n<li>1-fach Hebel ist kompatibel mit Matchmaker, Shimano GRX und I-SPEC EV<\/li>\n<\/ul>\n<h3>Produkteigenschaften<\/h3>\n<ul>\n<li><strong>Einsatzbereich:<\/strong> Gravel Bike, MTB-XC\u00a0 von<\/li>\n<li><strong>Version:<\/strong>\u00a0Factory<\/li>\n<li><strong>Federung:<\/strong>\u00a0Luft<\/li>\n<li><strong>Kabelf\u00fchrung<\/strong>: Intern<\/li>\n<li><strong>Offset<\/strong>: 0mm<\/li>\n<li><strong>Min. Einschub:<\/strong>\u00a080mm<\/li>\n<li><strong>Max. Einschub:<\/strong>\u00a0275mm<\/li>\n<li><strong>L\u00e4nge:\u00a0<\/strong>430mm<\/li>\n<li><strong>Durchmesser:\u00a0<\/strong>31,6mm<\/li>\n<li><strong>Hub:\u00a0<\/strong>100mm<\/li>\n<\/ul>\n<h3>Farbe<\/h3>\n<ul>\n<li>kashima coated Hebelkonzepten voll kompatibel von.<\/li>\n<\/ul>\n<h3>Gewicht<\/h3>\n<ul>\n<li>399g (Herstellerangabe)<\/li>\n<\/ul>\n<hr \/>\n<h3>Lieferumfang<\/h3>\n<ul>\n<li>1 x Fox Racing Transfer SL Factory \u00d8 31.6mm XL 100mm Internal Vario-Sattelst\u00fctze<\/li>\n<\/ul>\n<p><em>Transfer Remote Hebel\u00a0<\/em><em>und Zug sind nicht im Lieferumfang enthalten!<br \/>\n<\/em><\/p>\n<hr \/>\n<h3>Transfer Install Video<\/h3>\n<p><iframe src=\"https:\/\/player.vimeo.com\/video\/168844579?color=ff6600&amp;title=0&amp;byline=0&amp;portrait=0\" width=\"640\" height=\"360\" frameborder=\"0\" allowfullscreen=\"allowfullscreen\"><\/iframe><\/p>\n<\/div>\n<div><\/div>\n<div><\/div>\n<div><\/div>","protected":false},"excerpt":{"rendered":"<p>Fox Racing\u00a0Transfer SL Factory \u00d8 31.6mm XL 100mm Internal Vario-Sattelst\u00fctze Die Fox Racing Transfer mit interner Zugverlegung gl\u00e4nzt mit einer<\/p>","protected":false},"featured_media":64099,"comment_status":"open","ping_status":"closed","template":"","meta":[],"product_brand":[],"product_cat":[247,318],"product_tag":[],"class_list":{"0":"post-47014","1":"product","2":"type-product","3":"status-publish","4":"has-post-thumbnail","6":"product_cat-e-bike-trekking","7":"product_cat-outdoor","8":"pa_marke-fox","10":"first","11":"instock","12":"sale","13":"taxable","14":"shipping-taxable","15":"purchasable","16":"product-type-simple"},"yoast_head":"<!-- This site is optimized with the Yoast SEO Premium plugin v20.12 (Yoast SEO v27.1.1) - https:\/\/yoast.com\/product\/yoast-seo-premium-wordpress\/ -->\n<title>Fox Racing Transfer SL Factory \u00d8 31.6mm XL Vario-Sattelst\u00fctze<\/title>\n<meta name=\"description\" content=\"kgerad.de bietet Ihnen das Fox Racing Transfer SL Factory \u00d8 31.6mm XL Vario-Sattelst\u00fctze zum besten Preis mit kostenlosem Versand in ganz Euro\" \/>\n<meta name=\"robots\" content=\"index, follow, max-snippet:-1, max-image-preview:large, max-video-preview:-1\" \/>\n<link rel=\"canonical\" href=\"https:\/\/kgerad.de\/en\/product\/fox-racing-transfer-sl-factory-o-31-6mm-xl-100mm-internal-vario-sattelstuetze\/\" \/>\n<meta property=\"og:locale\" content=\"en_US\" \/>\n<meta property=\"og:type\" content=\"article\" \/>\n<meta property=\"og:title\" content=\"Fox Racing Transfer SL Factory \u00d8 31.6mm XL Vario-Sattelst\u00fctze\" \/>\n<meta property=\"og:description\" content=\"Entdecken Sie unseren Online-Fahrradladen: Gro\u00dfe Auswahl an Modellen f\u00fcr alle Radsportbegeisterten. Von Rennr\u00e4dern bis zu Mountainbikes - finden Sie heute Ihren perfekten Wegbegleiter!\" \/>\n<meta property=\"og:url\" content=\"https:\/\/kgerad.de\/en\/product\/fox-racing-transfer-sl-factory-o-31-6mm-xl-100mm-internal-vario-sattelstuetze\/\" \/>\n<meta property=\"og:site_name\" content=\"kgerad.de\" \/>\n<meta property=\"article:modified_time\" content=\"2023-08-10T18:47:48+00:00\" \/>\n<meta property=\"og:image\" content=\"https:\/\/kgerad.de\/wp-content\/uploads\/2023\/06\/fox-racing-925-01-217-20103925-Transfer-SL-Factory-O-31-6mm-XL-100mm-Internal-Vario-Sattelstutze-4_800x800-3.jpg\" \/>\n\t<meta property=\"og:image:width\" content=\"663\" \/>\n\t<meta property=\"og:image:height\" content=\"800\" \/>\n\t<meta property=\"og:image:type\" content=\"image\/jpeg\" \/>\n<meta name=\"twitter:card\" content=\"summary_large_image\" \/>\n<meta name=\"twitter:label1\" content=\"Est. reading time\" \/>\n\t<meta name=\"twitter:data1\" content=\"2 minutes\" \/>\n<script type=\"application\/ld+json\" class=\"yoast-schema-graph\">{\"@context\":\"https:\/\/schema.org\",\"@graph\":[{\"@type\":\"WebPage\",\"@id\":\"https:\/\/kgerad.de\/produkt\/fox-racing-transfer-sl-factory-o-31-6mm-xl-100mm-internal-vario-sattelstuetze\/\",\"url\":\"https:\/\/kgerad.de\/produkt\/fox-racing-transfer-sl-factory-o-31-6mm-xl-100mm-internal-vario-sattelstuetze\/\",\"name\":\"Fox Racing Transfer SL Factory \u00d8 31.6mm XL Vario-Sattelst\u00fctze\",\"isPartOf\":{\"@id\":\"https:\/\/kgerad.de\/#website\"},\"primaryImageOfPage\":{\"@id\":\"https:\/\/kgerad.de\/produkt\/fox-racing-transfer-sl-factory-o-31-6mm-xl-100mm-internal-vario-sattelstuetze\/#primaryimage\"},\"image\":{\"@id\":\"https:\/\/kgerad.de\/produkt\/fox-racing-transfer-sl-factory-o-31-6mm-xl-100mm-internal-vario-sattelstuetze\/#primaryimage\"},\"thumbnailUrl\":\"https:\/\/kgerad.de\/wp-content\/uploads\/2023\/06\/fox-racing-925-01-217-20103925-Transfer-SL-Factory-O-31-6mm-XL-100mm-Internal-Vario-Sattelstutze-4_800x800-3.jpg\",\"datePublished\":\"2022-12-01T11:36:30+00:00\",\"dateModified\":\"2023-08-10T18:47:48+00:00\",\"description\":\"kgerad.de bietet Ihnen das Fox Racing Transfer SL Factory \u00d8 31.6mm XL Vario-Sattelst\u00fctze zum besten Preis mit kostenlosem Versand in ganz Euro\",\"breadcrumb\":{\"@id\":\"https:\/\/kgerad.de\/produkt\/fox-racing-transfer-sl-factory-o-31-6mm-xl-100mm-internal-vario-sattelstuetze\/#breadcrumb\"},\"inLanguage\":\"en-US\",\"potentialAction\":[{\"@type\":\"ReadAction\",\"target\":[\"https:\/\/kgerad.de\/produkt\/fox-racing-transfer-sl-factory-o-31-6mm-xl-100mm-internal-vario-sattelstuetze\/\"]}]},{\"@type\":\"ImageObject\",\"inLanguage\":\"en-US\",\"@id\":\"https:\/\/kgerad.de\/produkt\/fox-racing-transfer-sl-factory-o-31-6mm-xl-100mm-internal-vario-sattelstuetze\/#primaryimage\",\"url\":\"https:\/\/kgerad.de\/wp-content\/uploads\/2023\/06\/fox-racing-925-01-217-20103925-Transfer-SL-Factory-O-31-6mm-XL-100mm-Internal-Vario-Sattelstutze-4_800x800-3.jpg\",\"contentUrl\":\"https:\/\/kgerad.de\/wp-content\/uploads\/2023\/06\/fox-racing-925-01-217-20103925-Transfer-SL-Factory-O-31-6mm-XL-100mm-Internal-Vario-Sattelstutze-4_800x800-3.jpg\",\"width\":663,\"height\":800,\"caption\":\"Fox Racing Transfer SL Factory \u00d8 31.6mm XL 100mm Internal Vario-Sattelst\u00fctze\"},{\"@type\":\"BreadcrumbList\",\"@id\":\"https:\/\/kgerad.de\/produkt\/fox-racing-transfer-sl-factory-o-31-6mm-xl-100mm-internal-vario-sattelstuetze\/#breadcrumb\",\"itemListElement\":[{\"@type\":\"ListItem\",\"position\":1,\"name\":\"Startseite\",\"item\":\"https:\/\/kgerad.de\/\"},{\"@type\":\"ListItem\",\"position\":2,\"name\":\"LADEN\",\"item\":\"https:\/\/kgerad.de\/laden\/\"},{\"@type\":\"ListItem\",\"position\":3,\"name\":\"Fox Racing Transfer SL Factory \u00d8 31.6mm XL Vario-Sattelst\u00fctze\"}]},{\"@type\":\"WebSite\",\"@id\":\"https:\/\/kgerad.de\/#website\",\"url\":\"https:\/\/kgerad.de\/\",\"name\":\"kgerad.de\",\"description\":\"Treten Sie mit uns ins Abenteuer!\",\"publisher\":{\"@id\":\"https:\/\/kgerad.de\/#organization\"},\"alternateName\":\"MEIN RADLADEN\",\"potentialAction\":[{\"@type\":\"SearchAction\",\"target\":{\"@type\":\"EntryPoint\",\"urlTemplate\":\"https:\/\/kgerad.de\/?s={search_term_string}\"},\"query-input\":{\"@type\":\"PropertyValueSpecification\",\"valueRequired\":true,\"valueName\":\"search_term_string\"}}],\"inLanguage\":\"en-US\"},{\"@type\":\"Organization\",\"@id\":\"https:\/\/kgerad.de\/#organization\",\"name\":\"MEINRADLADEN\",\"alternateName\":\"MEIN RADLADEN\",\"url\":\"https:\/\/kgerad.de\/\",\"logo\":{\"@type\":\"ImageObject\",\"inLanguage\":\"en-US\",\"@id\":\"https:\/\/kgerad.de\/#\/schema\/logo\/image\/\",\"url\":\"https:\/\/kgerad.de\/wp-content\/uploads\/2025\/07\/logo-Whit.svg\",\"contentUrl\":\"https:\/\/kgerad.de\/wp-content\/uploads\/2025\/07\/logo-Whit.svg\",\"width\":1640,\"height\":371,\"caption\":\"MEINRADLADEN\"},\"image\":{\"@id\":\"https:\/\/kgerad.de\/#\/schema\/logo\/image\/\"}}]}<\/script>\n<!-- \/ Yoast SEO Premium plugin. -->","yoast_head_json":{"title":"Fox Racing Transfer SL Factory \u00d8 31.6mm XL Vario-Sattelst\u00fctze","description":"kgerad.de bietet Ihnen das Fox Racing Transfer SL Factory \u00d8 31.6mm XL Vario-Sattelst\u00fctze zum besten Preis mit kostenlosem Versand in ganz Euro","robots":{"index":"index","follow":"follow","max-snippet":"max-snippet:-1","max-image-preview":"max-image-preview:large","max-video-preview":"max-video-preview:-1"},"canonical":"https:\/\/kgerad.de\/en\/product\/fox-racing-transfer-sl-factory-o-31-6mm-xl-100mm-internal-vario-sattelstuetze\/","og_locale":"en_US","og_type":"article","og_title":"Fox Racing Transfer SL Factory \u00d8 31.6mm XL Vario-Sattelst\u00fctze","og_description":"Entdecken Sie unseren Online-Fahrradladen: Gro\u00dfe Auswahl an Modellen f\u00fcr alle Radsportbegeisterten. Von Rennr\u00e4dern bis zu Mountainbikes - finden Sie heute Ihren perfekten Wegbegleiter!","og_url":"https:\/\/kgerad.de\/en\/product\/fox-racing-transfer-sl-factory-o-31-6mm-xl-100mm-internal-vario-sattelstuetze\/","og_site_name":"kgerad.de","article_modified_time":"2023-08-10T18:47:48+00:00","og_image":[{"width":663,"height":800,"url":"https:\/\/kgerad.de\/wp-content\/uploads\/2023\/06\/fox-racing-925-01-217-20103925-Transfer-SL-Factory-O-31-6mm-XL-100mm-Internal-Vario-Sattelstutze-4_800x800-3.jpg","type":"image\/jpeg"}],"twitter_card":"summary_large_image","twitter_misc":{"Est. reading time":"2 minutes"},"schema":{"@context":"https:\/\/schema.org","@graph":[{"@type":"WebPage","@id":"https:\/\/kgerad.de\/produkt\/fox-racing-transfer-sl-factory-o-31-6mm-xl-100mm-internal-vario-sattelstuetze\/","url":"https:\/\/kgerad.de\/produkt\/fox-racing-transfer-sl-factory-o-31-6mm-xl-100mm-internal-vario-sattelstuetze\/","name":"Fox Racing Transfer SL Factory \u00d8 31.6mm XL Vario-Sattelst\u00fctze","isPartOf":{"@id":"https:\/\/kgerad.de\/#website"},"primaryImageOfPage":{"@id":"https:\/\/kgerad.de\/produkt\/fox-racing-transfer-sl-factory-o-31-6mm-xl-100mm-internal-vario-sattelstuetze\/#primaryimage"},"image":{"@id":"https:\/\/kgerad.de\/produkt\/fox-racing-transfer-sl-factory-o-31-6mm-xl-100mm-internal-vario-sattelstuetze\/#primaryimage"},"thumbnailUrl":"https:\/\/kgerad.de\/wp-content\/uploads\/2023\/06\/fox-racing-925-01-217-20103925-Transfer-SL-Factory-O-31-6mm-XL-100mm-Internal-Vario-Sattelstutze-4_800x800-3.jpg","datePublished":"2022-12-01T11:36:30+00:00","dateModified":"2023-08-10T18:47:48+00:00","description":"kgerad.de bietet Ihnen das Fox Racing Transfer SL Factory \u00d8 31.6mm XL Vario-Sattelst\u00fctze zum besten Preis mit kostenlosem Versand in ganz Euro","breadcrumb":{"@id":"https:\/\/kgerad.de\/produkt\/fox-racing-transfer-sl-factory-o-31-6mm-xl-100mm-internal-vario-sattelstuetze\/#breadcrumb"},"inLanguage":"en-US","potentialAction":[{"@type":"ReadAction","target":["https:\/\/kgerad.de\/produkt\/fox-racing-transfer-sl-factory-o-31-6mm-xl-100mm-internal-vario-sattelstuetze\/"]}]},{"@type":"ImageObject","inLanguage":"en-US","@id":"https:\/\/kgerad.de\/produkt\/fox-racing-transfer-sl-factory-o-31-6mm-xl-100mm-internal-vario-sattelstuetze\/#primaryimage","url":"https:\/\/kgerad.de\/wp-content\/uploads\/2023\/06\/fox-racing-925-01-217-20103925-Transfer-SL-Factory-O-31-6mm-XL-100mm-Internal-Vario-Sattelstutze-4_800x800-3.jpg","contentUrl":"https:\/\/kgerad.de\/wp-content\/uploads\/2023\/06\/fox-racing-925-01-217-20103925-Transfer-SL-Factory-O-31-6mm-XL-100mm-Internal-Vario-Sattelstutze-4_800x800-3.jpg","width":663,"height":800,"caption":"Fox Racing Transfer SL Factory \u00d8 31.6mm XL 100mm Internal Vario-Sattelst\u00fctze"},{"@type":"BreadcrumbList","@id":"https:\/\/kgerad.de\/produkt\/fox-racing-transfer-sl-factory-o-31-6mm-xl-100mm-internal-vario-sattelstuetze\/#breadcrumb","itemListElement":[{"@type":"ListItem","position":1,"name":"Startseite","item":"https:\/\/kgerad.de\/"},{"@type":"ListItem","position":2,"name":"LADEN","item":"https:\/\/kgerad.de\/laden\/"},{"@type":"ListItem","position":3,"name":"Fox Racing Transfer SL Factory \u00d8 31.6mm XL Vario-Sattelst\u00fctze"}]},{"@type":"WebSite","@id":"https:\/\/kgerad.de\/#website","url":"https:\/\/kgerad.de\/","name":"kgerad.de","description":"Treten Sie mit uns ins Abenteuer!","publisher":{"@id":"https:\/\/kgerad.de\/#organization"},"alternateName":"MEIN RADLADEN","potentialAction":[{"@type":"SearchAction","target":{"@type":"EntryPoint","urlTemplate":"https:\/\/kgerad.de\/?s={search_term_string}"},"query-input":{"@type":"PropertyValueSpecification","valueRequired":true,"valueName":"search_term_string"}}],"inLanguage":"en-US"},{"@type":"Organization","@id":"https:\/\/kgerad.de\/#organization","name":"MEINRADLADEN","alternateName":"MEIN RADLADEN","url":"https:\/\/kgerad.de\/","logo":{"@type":"ImageObject","inLanguage":"en-US","@id":"https:\/\/kgerad.de\/#\/schema\/logo\/image\/","url":"https:\/\/kgerad.de\/wp-content\/uploads\/2025\/07\/logo-Whit.svg","contentUrl":"https:\/\/kgerad.de\/wp-content\/uploads\/2025\/07\/logo-Whit.svg","width":1640,"height":371,"caption":"MEINRADLADEN"},"image":{"@id":"https:\/\/kgerad.de\/#\/schema\/logo\/image\/"}}]}},"_links":{"self":[{"href":"https:\/\/kgerad.de\/en\/wp-json\/wp\/v2\/product\/47014","targetHints":{"allow":["GET"]}}],"collection":[{"href":"https:\/\/kgerad.de\/en\/wp-json\/wp\/v2\/product"}],"about":[{"href":"https:\/\/kgerad.de\/en\/wp-json\/wp\/v2\/types\/product"}],"replies":[{"embeddable":true,"href":"https:\/\/kgerad.de\/en\/wp-json\/wp\/v2\/comments?post=47014"}],"version-history":[{"count":1,"href":"https:\/\/kgerad.de\/en\/wp-json\/wp\/v2\/product\/47014\/revisions"}],"predecessor-version":[{"id":78908,"href":"https:\/\/kgerad.de\/en\/wp-json\/wp\/v2\/product\/47014\/revisions\/78908"}],"wp:featuredmedia":[{"embeddable":true,"href":"https:\/\/kgerad.de\/en\/wp-json\/wp\/v2\/media\/64099"}],"wp:attachment":[{"href":"https:\/\/kgerad.de\/en\/wp-json\/wp\/v2\/media?parent=47014"}],"wp:term":[{"taxonomy":"product_brand","embeddable":true,"href":"https:\/\/kgerad.de\/en\/wp-json\/wp\/v2\/product_brand?post=47014"},{"taxonomy":"product_cat","embeddable":true,"href":"https:\/\/kgerad.de\/en\/wp-json\/wp\/v2\/product_cat?post=47014"},{"taxonomy":"product_tag","embeddable":true,"href":"https:\/\/kgerad.de\/en\/wp-json\/wp\/v2\/product_tag?post=47014"}],"curies":[{"name":"wp","href":"https:\/\/api.w.org\/{rel}","templated":true}]}}