{"id":47007,"date":"2022-12-01T12:01:51","date_gmt":"2022-12-01T11:01:51","guid":{"rendered":"https:\/\/kgerad.de\/?post_type=product&#038;p=47007"},"modified":"2023-08-10T20:53:44","modified_gmt":"2023-08-10T18:53:44","slug":"santa-cruz-bullit-cc-s-2","status":"publish","type":"product","link":"https:\/\/kgerad.de\/en\/product\/santa-cruz-bullit-cc-s-2\/","title":{"rendered":"Santa Cruz Bullit CC S"},"content":{"rendered":"<div class=\"product--headername\">\n<div class=\"product--headername\">\n<h2 class=\"product--title\"><strong>Santa Cruz<\/strong>\u00a0Bullit CC S<\/h2>\n<p>Das zweite E-MTB der Kalifornier aus Santa Cruz h\u00f6rt auf den Namen Bullit und liefert absolute Top-Performance \u2013 bergauf genauso wie bergab. High-End-Carbonrahmen mit \u201eMixed\u201c-Laufradgr\u00f6\u00dfen (vorne 29&#8243;, hinten 27.5&#8243;), 170 mm Federweg, dazu der neue Shimano EP8-Motor mit gro\u00dfem 630 Wh Akku: das sind die Zutaten f\u00fcr jede Menge Spa\u00df auf richtig schwierigen Trails.<\/p>\n<hr \/>\n<h3>Das Santa Cruz Bullit CC S MX im Detail<\/h3>\n<p>Das Bullit wurde f\u00fcr die l\u00e4ngsten und anspruchsvollsten Trails gebaut. F\u00fcr Wurzeln, Felsen, Spr\u00fcnge und Steilabfahrten, denen man mit viel Federweg begegnen will. F\u00fcr Trails, die bisher Nomad- und Megatower-Piloten vorbehalten waren. Mit der Unterst\u00fctzung des Shimano STEPS Systems radeln wir nun noch einige Steilstufen weiter und erreichen gemeinsam neue Herausforderungen jenseits der Seilbahnen und Shuttle-Stra\u00dfen.<\/p>\n<p>W\u00e4hrend beim Heckler der Fokus auf Agilit\u00e4t und Verspieltheit liegt, ist das Bullit ein Bike f\u00fcrs Grobe. 170mm Federweg, 38er Gabel und DoubleDown Reifen stehen f\u00fcr Abfahrtsperformance ohne Kompromisse. Mit mehr Federweg und aggressiverer Geometrie zielt das Bullit im Vergleich zum Heckler auf mehr Action und wildere Trails.<\/p>\n<p>Es waren die Erfolge von Downhill-Champion Loris Vergier, der Santa Cruz mit seinem 27,5&#8243; Hinterrad die Augen f\u00fcr das MX-Konzept bei der Entwicklung des Bullits ge\u00f6ffnet hat. Loris&#8216; erstes Ziel, in steilen Abfahrten mehr Bewegungsfreiheit \u00fcber dem Hinterrad zu bekommen, ist nur ein Vorteil des MX-Setups. Er und Santa Cruz stellten fest, dass so die Souver\u00e4nit\u00e4t und Gier nach Speed des 29er Vorderrad gegeben bleiben, bei gleichzeitig gewonnerer Agilit\u00e4t und verbesserter Kontrollierbarkeit. Au\u00dferdem erlaubt es in der Entwicklung mehr Spielraum bei der Kettenstrebenl\u00e4nge &#8211; f\u00fcr die richtige Balance aus Handling und Kletterf\u00e4higkeit, was bei einem E-Bike besonders relevant ist.<\/p>\n<p>Die wilderen Trails sind in der Regel weit oben am Berg. Der Shimano STEPS EP8 Motor ist leichter als sein Vorg\u00e4nger, hat mehr Power (85Nm statt 75Nm), weniger Bauraum (-10%), weniger Reibung (-50%), h\u00f6here Hitzebest\u00e4ndigkeit, mehr Power im Trail-Modus und verbesserte Effizienz. Zusammen mit Shimanos leistungsf\u00e4higstem Akku (630Wh) bietet das Bullit also mehr Performance und Reichweite f\u00fcr mehr, l\u00e4ngere und gr\u00f6bere Trails.<\/p>\n<hr \/>\n<h3>Lebenslange Rahmen-Garantie<\/h3>\n<p>Santa Cruz Bicycles repariert oder ersetzt nach eigenem Ermessen jeden Rahmen, der von Santa Cruz Bicycles hergestellt wurde und der einen Material- oder Verarbeitungsfehler aufweist. Die Garantie gilt f\u00fcr die Lebensdauer des Rahmens und steht ausschlie\u00dflich dem Erstbesitzer zur Verf\u00fcgung. Ungeachtet des Vorstehenden sind Rahmen, die vor dem 1. Mai 2015 gekauft wurden, f\u00fcr f\u00fcnf Jahre ab dem urspr\u00fcnglichen Kaufdatum durch die vorher bestehende Garantie abgedeckt. Im Falle einer Situation, in der die Garantie nicht gilt, bietet Santa Cruz Bicycles dem Erstbesitzer Ersatzteile zu einem reduzierten Preis f\u00fcr die oben beschriebene Garantiezeit an.*<\/p>\n<hr \/>\n<h3>The Soundtrack Of Send \/\/ The New Santa Cruz Bullit ebike<\/h3>\n<p><iframe src=\"https:\/\/www.youtube-nocookie.com\/embed\/sk2uUtYwD2c\" width=\"640\" height=\"360\" frameborder=\"0\" allowfullscreen=\"allowfullscreen\" data-mce-fragment=\"1\"><\/iframe><\/p>\n<hr \/>\n<h3>Technologie<\/h3>\n<p><strong>Der Santa Cruz Carbon-Rahmen<\/strong><br \/>\nDieses Bike ist f\u00fcr progressives Mountainbiken gebaut. Der CC-Carbon-Rahmen des Bullit (Hauptrahmen und Hinterbau) und die Akkuabdeckung sind leicht und super-robust; die Geometrie ist perfekt f\u00fcr modernes Trailbiken; und das VPP-Design mit 150mm Federweg ist das ausgereifteste Federungsdesign aller E-MTBs.<\/p>\n<p>Santa Cruz nutzt Carbon f\u00fcr seine Mountainbikes nicht nur, weil es cool aussieht und weil es alle anderen tun. Sie sind Vorreiter bei der Verwendung fortschrittlicher Materialien und Produktionsmethoden, um m\u00f6glichst stabile und leistungsf\u00e4hige Bikes zu bauen. Durch ihre langj\u00e4hrige Erfahrung im Umgang mit Carbon kann Santa Cruz echten Fahrspa\u00df und volles Vertrauen in die Produkte garantieren.<\/p>\n<p>Die Carbon-Technologie wird direkt in Santa Cruz, Kalifornien, entwickelt. Im eigenen Carbon-Labor erforschen und testen die Santa Cruz-Ingenieure neue Herstellungsverfahren und -techniken. Au\u00dferdem kann im hauseigenen Prototypenbau das Carbon-Layup eines Teils so entwickelt werden, dass jeder Serien-Rahmen von den Erkenntnissen profitiert. Dadurch sind die Serienbikes von Santa Cruz extrem robust. Und durch st\u00e4ndige Weiterentwicklung des Wissens f\u00fcr die Vorteile neuer Materialien und verfeinerter Technologien entwickeln sich die Bikes stetig weiter.<\/p>\n<p>Die Carbon-Rahmen werden in Santa Cruz\u2018 exklusiver Fabrik produziert. Sie haben diese Produktionsst\u00e4tte selbst gegr\u00fcndet, um kontrollieren zu k\u00f6nnen, dass die Entw\u00fcrfe richtig umgesetzt werden, um eine optimale Qualit\u00e4tssicherung zu gew\u00e4hrleisten und um sicherzustellen, dass Technologien und Erkenntnisse nicht au\u00dfer Haus gelangen. Wenn etwas verbessert werden muss, hat Santa Cruz die Kapazit\u00e4t und die M\u00f6glichkeit, zeitnah zu reagieren und den Produktionsprozess zu optimieren, bevor das fertige Produkt in deine H\u00e4nde gelangt.<\/p>\n<h2>Ausstattung<\/h2>\n<div class=\"product--properties panel has--border\">\n<table class=\"product--properties-table\">\n<tbody>\n<tr class=\"product--properties-row row1\">\n<td class=\"product--properties-label is--bold\">Rahmen:<\/td>\n<td class=\"product--properties-value\">Carbon CC VPP\u2122<\/td>\n<\/tr>\n<tr class=\"product--properties-row row2\">\n<td class=\"product--properties-label is--bold\">Rahmenmaterial:<\/td>\n<td class=\"product--properties-value\">Carbon<\/td>\n<\/tr>\n<tr class=\"product--properties-row row3\">\n<td class=\"product--properties-label is--bold\">Laufradgr\u00f6\u00dfe:<\/td>\n<td class=\"product--properties-value\">29&#8243; \/ 27.5&#8243;<\/td>\n<\/tr>\n<tr class=\"product--properties-row row4\">\n<td class=\"product--properties-label is--bold\">Farbe:<\/td>\n<td class=\"product--properties-value\">Gloss Lavender and Yellow<\/td>\n<\/tr>\n<tr class=\"product--properties-row row5\">\n<td class=\"product--properties-label is--bold\">Gabel:<\/td>\n<td class=\"product--properties-value\">FOX 38 Float Performance, 170mm<\/td>\n<\/tr>\n<tr class=\"product--properties-row row6\">\n<td class=\"product--properties-label is--bold\">D\u00e4mpfer:<\/td>\n<td class=\"product--properties-value\">RockShox Super Deluxe Select+<\/td>\n<\/tr>\n<tr class=\"product--properties-row row7\">\n<td class=\"product--properties-label is--bold\">Federweg:<\/td>\n<td class=\"product--properties-value\">170mm \/ 170mm<\/td>\n<\/tr>\n<tr class=\"product--properties-row row8\">\n<td class=\"product--properties-label is--bold\">Bremsen:<\/td>\n<td class=\"product--properties-value\">SRAM Code R<\/td>\n<\/tr>\n<tr class=\"product--properties-row row9\">\n<td class=\"product--properties-label is--bold\">Bremsscheiben:<\/td>\n<td class=\"product--properties-value\">Avid Centerline 220 mm \/ 200 mm<\/td>\n<\/tr>\n<tr class=\"product--properties-row row10\">\n<td class=\"product--properties-label is--bold\">Steuersatz:<\/td>\n<td class=\"product--properties-value\">Cane Creek 40 IS Integrated<\/td>\n<\/tr>\n<tr class=\"product--properties-row row11\">\n<td class=\"product--properties-label is--bold\">Vorbau:<\/td>\n<td class=\"product--properties-value\">Burgtec Enduro MK3, 42.5mm<\/td>\n<\/tr>\n<tr class=\"product--properties-row row12\">\n<td class=\"product--properties-label is--bold\">Lenker:<\/td>\n<td class=\"product--properties-value\">Santa Cruz e35 Carbon Bar, 800mm, 35mm Rise<\/td>\n<\/tr>\n<tr class=\"product--properties-row row13\">\n<td class=\"product--properties-label is--bold\">Griffe:<\/td>\n<td class=\"product--properties-value\">Santa Cruz House Grips or Burgtec Bartender Pro Grip Minnaar<\/td>\n<\/tr>\n<tr class=\"product--properties-row row14\">\n<td class=\"product--properties-label is--bold\">Sattel:<\/td>\n<td class=\"product--properties-value\">WTB Silverado Medium Cromoly SL Fusion Saddle or WTB Volt<\/td>\n<\/tr>\n<tr class=\"product--properties-row row15\">\n<td class=\"product--properties-label is--bold\">Sattelst\u00fctze:<\/td>\n<td class=\"product--properties-value\">SDG Tellis Dropper, 31.6<\/td>\n<\/tr>\n<\/tbody>\n<\/table>\n<table class=\"product--properties-table\">\n<tbody>\n<tr class=\"product--properties-row row16\">\n<td class=\"product--properties-label is--bold\">Kurbel:<\/td>\n<td class=\"product--properties-value\">Shimano EM600 Crank Arms, 165mm<\/td>\n<\/tr>\n<tr class=\"product--properties-row row17\">\n<td class=\"product--properties-label is--bold\">Schaltwerk:<\/td>\n<td class=\"product--properties-value\">SRAM GX Eagle, 12spd<\/td>\n<\/tr>\n<tr class=\"product--properties-row row18\">\n<td class=\"product--properties-label is--bold\">Schalthebel:<\/td>\n<td class=\"product--properties-value\">SRAM GX Eagle Single Click, 12spd<\/td>\n<\/tr>\n<tr class=\"product--properties-row row19\">\n<td class=\"product--properties-label is--bold\">Kettenf\u00fchrung:<\/td>\n<td class=\"product--properties-value\">E13 E-Spec+ AL<\/td>\n<\/tr>\n<tr class=\"product--properties-row row20\">\n<td class=\"product--properties-label is--bold\">Kassette:<\/td>\n<td class=\"product--properties-value\">SRAM XG1275 Eagle, 12spd, 10-50t<\/td>\n<\/tr>\n<tr class=\"product--properties-row row21\">\n<td class=\"product--properties-label is--bold\">Kette:<\/td>\n<td class=\"product--properties-value\">SRAM GX Eagle, 12spd<\/td>\n<\/tr>\n<tr class=\"product--properties-row row22\">\n<td class=\"product--properties-label is--bold\">Reifen vorne:<\/td>\n<td class=\"product--properties-value\">Maxxis Assegai 29&#8243;x2.5&#8243;, 3C, MaxxGRIP, Double Down, TR<\/td>\n<\/tr>\n<tr class=\"product--properties-row row23\">\n<td class=\"product--properties-label is--bold\">Reifen hinten:<\/td>\n<td class=\"product--properties-value\">Maxxis Minion DHR II 27.5&#8243;x2.4, 3C, DoubleDown, EXO, TR<\/td>\n<\/tr>\n<tr class=\"product--properties-row row24\">\n<td class=\"product--properties-label is--bold\">Nabe Vorderrad:<\/td>\n<td class=\"product--properties-value\">DT Swiss 370, 15&#215;110, 6 bolt, 32h or E13 SL, 15&#215;110, 6 bolt, 32h<\/td>\n<\/tr>\n<tr class=\"product--properties-row row25\">\n<td class=\"product--properties-label is--bold\">Nabe Hinterrad:<\/td>\n<td class=\"product--properties-value\">DT Swiss 370, 12&#215;148, XD, 32h or E13 SL E-Spec, 12&#215;148, XD, 6 bolt, 32h<\/td>\n<\/tr>\n<tr class=\"product--properties-row row26\">\n<td class=\"product--properties-label is--bold\">Speichen:<\/td>\n<td class=\"product--properties-value\">Sapim Race<\/td>\n<\/tr>\n<tr class=\"product--properties-row row27\">\n<td class=\"product--properties-label is--bold\">Felgen:<\/td>\n<td class=\"product--properties-value\">RaceFace ARC HD 30 (29\u201d F, 27.5\u201d R)<\/td>\n<\/tr>\n<tr class=\"product--properties-row row28\">\n<td class=\"product--properties-label is--bold\">Display:<\/td>\n<td class=\"product--properties-value\">Shimano Display Unit SC-E7000<\/td>\n<\/tr>\n<tr class=\"product--properties-row row29\">\n<td class=\"product--properties-label is--bold\">Akku:<\/td>\n<td class=\"product--properties-value\">Shimano 630Wh Integrated<\/td>\n<\/tr>\n<tr class=\"product--properties-row row30\">\n<td class=\"product--properties-label is--bold\">Motor:<\/td>\n<td class=\"product--properties-value\">Shimano Drive Unit DU-EP800<\/td>\n<\/tr>\n<tr class=\"product--properties-row row31\">\n<td class=\"product--properties-label is--bold\">Pedale:<\/td>\n<td class=\"product--properties-value\">nicht im Lieferumfang enthalten<\/td>\n<\/tr>\n<tr class=\"product--properties-row row32\">\n<td class=\"product--properties-label is--bold\">Zul\u00e4ssiges Gesamtgewicht:<\/td>\n<td class=\"product--properties-value\">155 kg (K\u00f6rpergewicht + Fahrrad + Ausr\u00fcstung)<\/td>\n<\/tr>\n<tr class=\"product--properties-row row33\">\n<td class=\"product--properties-label is--bold\">Gewicht Komplettrad:<\/td>\n<td class=\"product--properties-value\">22.47 kg<\/td>\n<\/tr>\n<\/tbody>\n<\/table>\n<\/div>\n<\/div>\n<\/div>","protected":false},"excerpt":{"rendered":"<p>Santa Cruz\u00a0Bullit CC S Das zweite E-MTB der Kalifornier aus Santa Cruz h\u00f6rt auf den Namen Bullit und liefert absolute<\/p>","protected":false},"featured_media":64098,"comment_status":"open","ping_status":"closed","template":"","meta":[],"product_brand":[],"product_cat":[33,35,475],"product_tag":[],"class_list":{"0":"post-47007","1":"product","2":"type-product","3":"status-publish","4":"has-post-thumbnail","6":"product_cat-e-bike","7":"product_cat-e-bikes-2022","8":"product_cat-e-mountainbike","9":"pa_marke-santa-cruz","11":"first","12":"instock","13":"sale","14":"taxable","15":"shipping-taxable","16":"purchasable","17":"product-type-variable"},"yoast_head":"<!-- This site is optimized with the Yoast SEO Premium plugin v20.12 (Yoast SEO v27.1.1) - https:\/\/yoast.com\/product\/yoast-seo-premium-wordpress\/ -->\n<title>Santa Cruz Bullit CC S<\/title>\n<meta name=\"description\" content=\"kgerad.de bietet Ihnen das Santa Cruz Bullit CC S zum besten Preis mit kostenlosem Versand in ganz EuropaSanta Cruz BullitSanta Cruz Bullit\" \/>\n<meta name=\"robots\" content=\"index, follow, max-snippet:-1, max-image-preview:large, max-video-preview:-1\" \/>\n<link rel=\"canonical\" href=\"https:\/\/kgerad.de\/en\/product\/santa-cruz-bullit-cc-s-2\/\" \/>\n<meta property=\"og:locale\" content=\"en_US\" \/>\n<meta property=\"og:type\" content=\"article\" \/>\n<meta property=\"og:title\" content=\"Santa Cruz Bullit CC S\" \/>\n<meta property=\"og:description\" content=\"Entdecken Sie unseren Online-Fahrradladen: Gro\u00dfe Auswahl an Modellen f\u00fcr alle Radsportbegeisterten. Von Rennr\u00e4dern bis zu Mountainbikes - finden Sie heute Ihren perfekten Wegbegleiter!\" \/>\n<meta property=\"og:url\" content=\"https:\/\/kgerad.de\/en\/product\/santa-cruz-bullit-cc-s-2\/\" \/>\n<meta property=\"og:site_name\" content=\"kgerad.de\" \/>\n<meta property=\"article:modified_time\" content=\"2023-08-10T18:53:44+00:00\" \/>\n<meta property=\"og:image\" content=\"https:\/\/kgerad.de\/wp-content\/uploads\/2023\/06\/MY22_Bullit_CC_S_Lavender_800x800.jpg\" \/>\n\t<meta property=\"og:image:width\" content=\"800\" \/>\n\t<meta property=\"og:image:height\" content=\"457\" \/>\n\t<meta property=\"og:image:type\" content=\"image\/jpeg\" \/>\n<meta name=\"twitter:card\" content=\"summary_large_image\" \/>\n<meta name=\"twitter:label1\" content=\"Est. reading time\" \/>\n\t<meta name=\"twitter:data1\" content=\"6 minutes\" \/>\n<script type=\"application\/ld+json\" class=\"yoast-schema-graph\">{\"@context\":\"https:\/\/schema.org\",\"@graph\":[{\"@type\":\"WebPage\",\"@id\":\"https:\/\/kgerad.de\/produkt\/santa-cruz-bullit-cc-s-2\/\",\"url\":\"https:\/\/kgerad.de\/produkt\/santa-cruz-bullit-cc-s-2\/\",\"name\":\"Santa Cruz Bullit CC S\",\"isPartOf\":{\"@id\":\"https:\/\/kgerad.de\/#website\"},\"primaryImageOfPage\":{\"@id\":\"https:\/\/kgerad.de\/produkt\/santa-cruz-bullit-cc-s-2\/#primaryimage\"},\"image\":{\"@id\":\"https:\/\/kgerad.de\/produkt\/santa-cruz-bullit-cc-s-2\/#primaryimage\"},\"thumbnailUrl\":\"https:\/\/kgerad.de\/wp-content\/uploads\/2023\/06\/MY22_Bullit_CC_S_Lavender_800x800.jpg\",\"datePublished\":\"2022-12-01T11:01:51+00:00\",\"dateModified\":\"2023-08-10T18:53:44+00:00\",\"description\":\"kgerad.de bietet Ihnen das Santa Cruz Bullit CC S zum besten Preis mit kostenlosem Versand in ganz EuropaSanta Cruz BullitSanta Cruz Bullit\",\"breadcrumb\":{\"@id\":\"https:\/\/kgerad.de\/produkt\/santa-cruz-bullit-cc-s-2\/#breadcrumb\"},\"inLanguage\":\"en-US\",\"potentialAction\":[{\"@type\":\"ReadAction\",\"target\":[\"https:\/\/kgerad.de\/produkt\/santa-cruz-bullit-cc-s-2\/\"]}]},{\"@type\":\"ImageObject\",\"inLanguage\":\"en-US\",\"@id\":\"https:\/\/kgerad.de\/produkt\/santa-cruz-bullit-cc-s-2\/#primaryimage\",\"url\":\"https:\/\/kgerad.de\/wp-content\/uploads\/2023\/06\/MY22_Bullit_CC_S_Lavender_800x800.jpg\",\"contentUrl\":\"https:\/\/kgerad.de\/wp-content\/uploads\/2023\/06\/MY22_Bullit_CC_S_Lavender_800x800.jpg\",\"width\":800,\"height\":457,\"caption\":\"Santa Cruz Bullit CC S\"},{\"@type\":\"BreadcrumbList\",\"@id\":\"https:\/\/kgerad.de\/produkt\/santa-cruz-bullit-cc-s-2\/#breadcrumb\",\"itemListElement\":[{\"@type\":\"ListItem\",\"position\":1,\"name\":\"Startseite\",\"item\":\"https:\/\/kgerad.de\/\"},{\"@type\":\"ListItem\",\"position\":2,\"name\":\"LADEN\",\"item\":\"https:\/\/kgerad.de\/laden\/\"},{\"@type\":\"ListItem\",\"position\":3,\"name\":\"Santa Cruz Bullit CC S\"}]},{\"@type\":\"WebSite\",\"@id\":\"https:\/\/kgerad.de\/#website\",\"url\":\"https:\/\/kgerad.de\/\",\"name\":\"kgerad.de\",\"description\":\"Treten Sie mit uns ins Abenteuer!\",\"publisher\":{\"@id\":\"https:\/\/kgerad.de\/#organization\"},\"alternateName\":\"MEIN RADLADEN\",\"potentialAction\":[{\"@type\":\"SearchAction\",\"target\":{\"@type\":\"EntryPoint\",\"urlTemplate\":\"https:\/\/kgerad.de\/?s={search_term_string}\"},\"query-input\":{\"@type\":\"PropertyValueSpecification\",\"valueRequired\":true,\"valueName\":\"search_term_string\"}}],\"inLanguage\":\"en-US\"},{\"@type\":\"Organization\",\"@id\":\"https:\/\/kgerad.de\/#organization\",\"name\":\"MEINRADLADEN\",\"alternateName\":\"MEIN RADLADEN\",\"url\":\"https:\/\/kgerad.de\/\",\"logo\":{\"@type\":\"ImageObject\",\"inLanguage\":\"en-US\",\"@id\":\"https:\/\/kgerad.de\/#\/schema\/logo\/image\/\",\"url\":\"https:\/\/kgerad.de\/wp-content\/uploads\/2025\/07\/logo-Whit.svg\",\"contentUrl\":\"https:\/\/kgerad.de\/wp-content\/uploads\/2025\/07\/logo-Whit.svg\",\"width\":1640,\"height\":371,\"caption\":\"MEINRADLADEN\"},\"image\":{\"@id\":\"https:\/\/kgerad.de\/#\/schema\/logo\/image\/\"}}]}<\/script>\n<!-- \/ Yoast SEO Premium plugin. -->","yoast_head_json":{"title":"Santa Cruz Bullit CC S","description":"kgerad.de bietet Ihnen das Santa Cruz Bullit CC S zum besten Preis mit kostenlosem Versand in ganz EuropaSanta Cruz BullitSanta Cruz Bullit","robots":{"index":"index","follow":"follow","max-snippet":"max-snippet:-1","max-image-preview":"max-image-preview:large","max-video-preview":"max-video-preview:-1"},"canonical":"https:\/\/kgerad.de\/en\/product\/santa-cruz-bullit-cc-s-2\/","og_locale":"en_US","og_type":"article","og_title":"Santa Cruz Bullit CC S","og_description":"Entdecken Sie unseren Online-Fahrradladen: Gro\u00dfe Auswahl an Modellen f\u00fcr alle Radsportbegeisterten. Von Rennr\u00e4dern bis zu Mountainbikes - finden Sie heute Ihren perfekten Wegbegleiter!","og_url":"https:\/\/kgerad.de\/en\/product\/santa-cruz-bullit-cc-s-2\/","og_site_name":"kgerad.de","article_modified_time":"2023-08-10T18:53:44+00:00","og_image":[{"width":800,"height":457,"url":"https:\/\/kgerad.de\/wp-content\/uploads\/2023\/06\/MY22_Bullit_CC_S_Lavender_800x800.jpg","type":"image\/jpeg"}],"twitter_card":"summary_large_image","twitter_misc":{"Est. reading time":"6 minutes"},"schema":{"@context":"https:\/\/schema.org","@graph":[{"@type":"WebPage","@id":"https:\/\/kgerad.de\/produkt\/santa-cruz-bullit-cc-s-2\/","url":"https:\/\/kgerad.de\/produkt\/santa-cruz-bullit-cc-s-2\/","name":"Santa Cruz Bullit CC S","isPartOf":{"@id":"https:\/\/kgerad.de\/#website"},"primaryImageOfPage":{"@id":"https:\/\/kgerad.de\/produkt\/santa-cruz-bullit-cc-s-2\/#primaryimage"},"image":{"@id":"https:\/\/kgerad.de\/produkt\/santa-cruz-bullit-cc-s-2\/#primaryimage"},"thumbnailUrl":"https:\/\/kgerad.de\/wp-content\/uploads\/2023\/06\/MY22_Bullit_CC_S_Lavender_800x800.jpg","datePublished":"2022-12-01T11:01:51+00:00","dateModified":"2023-08-10T18:53:44+00:00","description":"kgerad.de bietet Ihnen das Santa Cruz Bullit CC S zum besten Preis mit kostenlosem Versand in ganz EuropaSanta Cruz BullitSanta Cruz Bullit","breadcrumb":{"@id":"https:\/\/kgerad.de\/produkt\/santa-cruz-bullit-cc-s-2\/#breadcrumb"},"inLanguage":"en-US","potentialAction":[{"@type":"ReadAction","target":["https:\/\/kgerad.de\/produkt\/santa-cruz-bullit-cc-s-2\/"]}]},{"@type":"ImageObject","inLanguage":"en-US","@id":"https:\/\/kgerad.de\/produkt\/santa-cruz-bullit-cc-s-2\/#primaryimage","url":"https:\/\/kgerad.de\/wp-content\/uploads\/2023\/06\/MY22_Bullit_CC_S_Lavender_800x800.jpg","contentUrl":"https:\/\/kgerad.de\/wp-content\/uploads\/2023\/06\/MY22_Bullit_CC_S_Lavender_800x800.jpg","width":800,"height":457,"caption":"Santa Cruz Bullit CC S"},{"@type":"BreadcrumbList","@id":"https:\/\/kgerad.de\/produkt\/santa-cruz-bullit-cc-s-2\/#breadcrumb","itemListElement":[{"@type":"ListItem","position":1,"name":"Startseite","item":"https:\/\/kgerad.de\/"},{"@type":"ListItem","position":2,"name":"LADEN","item":"https:\/\/kgerad.de\/laden\/"},{"@type":"ListItem","position":3,"name":"Santa Cruz Bullit CC S"}]},{"@type":"WebSite","@id":"https:\/\/kgerad.de\/#website","url":"https:\/\/kgerad.de\/","name":"kgerad.de","description":"Treten Sie mit uns ins Abenteuer!","publisher":{"@id":"https:\/\/kgerad.de\/#organization"},"alternateName":"MEIN RADLADEN","potentialAction":[{"@type":"SearchAction","target":{"@type":"EntryPoint","urlTemplate":"https:\/\/kgerad.de\/?s={search_term_string}"},"query-input":{"@type":"PropertyValueSpecification","valueRequired":true,"valueName":"search_term_string"}}],"inLanguage":"en-US"},{"@type":"Organization","@id":"https:\/\/kgerad.de\/#organization","name":"MEINRADLADEN","alternateName":"MEIN RADLADEN","url":"https:\/\/kgerad.de\/","logo":{"@type":"ImageObject","inLanguage":"en-US","@id":"https:\/\/kgerad.de\/#\/schema\/logo\/image\/","url":"https:\/\/kgerad.de\/wp-content\/uploads\/2025\/07\/logo-Whit.svg","contentUrl":"https:\/\/kgerad.de\/wp-content\/uploads\/2025\/07\/logo-Whit.svg","width":1640,"height":371,"caption":"MEINRADLADEN"},"image":{"@id":"https:\/\/kgerad.de\/#\/schema\/logo\/image\/"}}]}},"_links":{"self":[{"href":"https:\/\/kgerad.de\/en\/wp-json\/wp\/v2\/product\/47007","targetHints":{"allow":["GET"]}}],"collection":[{"href":"https:\/\/kgerad.de\/en\/wp-json\/wp\/v2\/product"}],"about":[{"href":"https:\/\/kgerad.de\/en\/wp-json\/wp\/v2\/types\/product"}],"replies":[{"embeddable":true,"href":"https:\/\/kgerad.de\/en\/wp-json\/wp\/v2\/comments?post=47007"}],"version-history":[{"count":1,"href":"https:\/\/kgerad.de\/en\/wp-json\/wp\/v2\/product\/47007\/revisions"}],"predecessor-version":[{"id":78912,"href":"https:\/\/kgerad.de\/en\/wp-json\/wp\/v2\/product\/47007\/revisions\/78912"}],"wp:featuredmedia":[{"embeddable":true,"href":"https:\/\/kgerad.de\/en\/wp-json\/wp\/v2\/media\/64098"}],"wp:attachment":[{"href":"https:\/\/kgerad.de\/en\/wp-json\/wp\/v2\/media?parent=47007"}],"wp:term":[{"taxonomy":"product_brand","embeddable":true,"href":"https:\/\/kgerad.de\/en\/wp-json\/wp\/v2\/product_brand?post=47007"},{"taxonomy":"product_cat","embeddable":true,"href":"https:\/\/kgerad.de\/en\/wp-json\/wp\/v2\/product_cat?post=47007"},{"taxonomy":"product_tag","embeddable":true,"href":"https:\/\/kgerad.de\/en\/wp-json\/wp\/v2\/product_tag?post=47007"}],"curies":[{"name":"wp","href":"https:\/\/api.w.org\/{rel}","templated":true}]}}