{"id":47000,"date":"2022-12-01T12:04:20","date_gmt":"2022-12-01T11:04:20","guid":{"rendered":"https:\/\/kgerad.de\/?post_type=product&#038;p=47000"},"modified":"2023-08-10T20:53:25","modified_gmt":"2023-08-10T18:53:25","slug":"arc8-eero-gravel-carbon-rahmenset","status":"publish","type":"product","link":"https:\/\/kgerad.de\/en\/product\/arc8-eero-gravel-carbon-rahmenset\/","title":{"rendered":"ARC8 Eero Gravel Carbon Rahmenset"},"content":{"rendered":"<h2>ARC8 Eero Gravel Carbon Rahmenset<\/h2>\n<p>Das ARC8ARC8 Eero Gravel Carbon Rahmenset Eero Gravel Escapee\u00a0 Rahmenset von setzt neue Ma\u00dfst\u00e4be im Carbon Gravel Sektor. Schnell auf der Stra\u00dfe aber noch besser auf Schotter. Mit dem Ziel vor Augen hat ARC8 den Eero Rahmen entwickelt. Aerodynamische Rohre, vor dem Wind versteckte Kabel und die M\u00f6glichkeit, Zweifachkurbeln zu verwenden machen das Eero zu einem vollwertigen Renner.<\/p>\n<h2>Vielseitig und schnell: ARC8 Eero pink Gravel Rahmenset<\/h2>\n<p>ARC8 hatte das Gl\u00fcck, die neusten Gravel-spezifischen Gruppen schon zu kennen, als ARC8 das Eero gezeichnet habt. Diese Gruppen erlauben es, ohne Kompromisse Reifen bis zu 700c x 50 im Rahmen unterzubringen.<\/p>\n<p>Dieser Rahmen bietet zudem noch diverse Montagepunkte f\u00fcr eine Ausfahrt in die Wildnis. Der Weg zur Arbeit geh\u00f6rt auch zu deinem Training? Dank Schutzblechaufnahmen kommst du selbst bei nasser Strasse trocken am Arbeitsplatz an.<\/p>\n<hr \/>\n<h3>Highlights des ARC8 Eero pink Gravel Rahmensets<\/h3>\n<p><strong>Reifenfreiheit<\/strong><br \/>\nARC8 hat die M\u00f6glichkeiten von modernen Gravel-spezifischen Antrieben wie der Shimano GRX oder Sram Force Wide voll genutzt. So konnten man einen Rahmen zeichnen, der sowohl mit 700c x 50 Reifen als auch mit zweifach-Antrieben zurecht kommt.<\/p>\n<p><strong>ICH Cockpit<\/strong><br \/>\nDas Eero verwendet unser ICH System. Die Kabel verschwinden im Vorbau und verlaufen von da an intern bis zur Schaltung und den Bremsen. Aerodynmisch, aufger\u00e4umt und einfach.<\/p>\n<p><strong>Layup Optimierung<\/strong><br \/>\nUm bei leichtem Gewicht und guter Steifigkeit all den strengen Testanforderungen von ARC8 \u00fcberstehen zu k\u00f6nnen, musste ARC8 beim Layup neue Wege finden.<\/p>\n<p><strong>Aerodynamische Rohrformen<\/strong><br \/>\nAlle Rohre welche aerodynamisch relevant sind wurden so umgeformt, dass sie bei gleichbleibender Steifigkeit minimalen Luftwiderstand haben. Die dem Wind ausgesetzten Fl\u00e4chen folgen NACA-Profilen, ohne Turbulenzen erzeugenden Kanten. Ein scharfer \u00dcbergang zu einer flachen R\u00fcckseite t\u00e4uscht dem Wind ein Tropfenprofil vor, welches die Komponenten hinter dem Rohr abschirmt.<\/p>\n<p><strong>Schutzbleche und Gep\u00e4cktr\u00e4ger<\/strong><br \/>\nDas Eero hat Aufnahmen f\u00fcr vollwertige Schutzbleche und einen Gep\u00e4cktr\u00e4ger. F\u00fcr noch mehr Stauraum sind Gewindeaufnahmen auf dem Oberrohr und unter dem Unterrohr vorhanden.<\/p>\n<hr \/>\n<h3>Produkteigenschaften<\/h3>\n<ul>\n<li><strong>Rahmen:<\/strong>\u00a0ARC8 Eero\n<ul>\n<li><strong>Laufradgr\u00f6\u00dfe:\u00a0<\/strong>28&#8243; (auch 27,5&#8243; kompatibel)<\/li>\n<li><strong>Max Reifen Breite:\u00a0<\/strong>700C x 50<\/li>\n<li><strong>Ausfallende:<\/strong>\u00a0Steckachse 12 x 142 mm (Shimano Standard)<\/li>\n<\/ul>\n<\/li>\n<\/ul>\n<h3>Material<\/h3>\n<ul>\n<li><strong>Rahmen:<\/strong>\u00a0Carbon<\/li>\n<li><strong>Gabel:<\/strong>\u00a0Carbon<\/li>\n<li><strong>Sattelst\u00fctze:<\/strong>\u00a0Carbon<\/li>\n<li><strong>Lenker:<\/strong>\u00a0Aluminium<\/li>\n<li><strong>Vorbau:<\/strong>\u00a0Aluminium<\/li>\n<\/ul>\n<h3>Farbe<\/h3>\n<ul>\n<li>pink<\/li>\n<\/ul>\n<h3>Gewicht (Herstellerangabe)<\/h3>\n<ul>\n<li><strong>Rahmengewicht:<\/strong>\u00a0900 g (raw, Gr\u00f6\u00dfe M)<\/li>\n<li><strong>Gabelgewicht:<\/strong>\u00a0395 g (raw, Gr\u00f6\u00dfe M)<\/li>\n<li><strong>Sattelst\u00fctze:<\/strong>\u00a0188 g<\/li>\n<li><strong>Lenker:<\/strong>\n<ul>\n<li>315 g (Gr\u00f6\u00dfe S\/M)<\/li>\n<li>325 g (Gr\u00f6\u00dfe L\/XL)<\/li>\n<\/ul>\n<\/li>\n<\/ul>\n<hr \/>\n<h3>Lieferumfang<\/h3>\n<ul>\n<li>1 x ARC8 Eero Carbon Rahmen<\/li>\n<li>1 x ARC8 Eero Carbon Gabel<\/li>\n<li>1 x Faserwerk Wuthocker Sattelst\u00fctze<\/li>\n<li>1 x ARC8 Eero Aluminium Lenker<\/li>\n<li>1 x ARC8 Eero Aluminium ICH Vorbau mit integrierter Kabelf\u00fchrung<\/li>\n<li>4 x ARC8 Eero Carbon Spacer mit integrierter Kabelf\u00fchrung<\/li>\n<li>1 x Steuersatz mit integrierter Kabelf\u00fchrung<\/li>\n<li>1 x Steckachse 12 x 100 mm<\/li>\n<li>1 x Steckachse 12 x 142 mm<\/li>\n<li>Inkl. Schaltauge, Zug- und Kabelf\u00fchrung, Flaschenhalterschrauben, Expander f\u00fcr Gabel<\/li>\n<\/ul>","protected":false},"excerpt":{"rendered":"<p>ARC8 Eero Gravel Carbon Rahmenset Das ARC8ARC8 Eero Gravel Carbon Rahmenset Eero Gravel Escapee\u00a0 Rahmenset von setzt neue Ma\u00dfst\u00e4be im<\/p>","protected":false},"featured_media":64096,"comment_status":"open","ping_status":"closed","template":"","meta":[],"product_brand":[],"product_cat":[247,318],"product_tag":[],"class_list":{"0":"post-47000","1":"product","2":"type-product","3":"status-publish","4":"has-post-thumbnail","6":"product_cat-e-bike-trekking","7":"product_cat-outdoor","8":"pa_marke-arc8","10":"first","11":"instock","12":"sale","13":"taxable","14":"shipping-taxable","15":"purchasable","16":"product-type-variable"},"yoast_head":"<!-- This site is optimized with the Yoast SEO Premium plugin v20.12 (Yoast SEO v27.1.1) - https:\/\/yoast.com\/product\/yoast-seo-premium-wordpress\/ -->\n<title>ARC8 Eero Gravel Carbon Rahmenset<\/title>\n<meta name=\"description\" content=\"kgerad.de bietet Ihnen das ARC8 Eero Gravel Carbon Rahmenset zum besten Preis mit kostenlosem Versand in ganz EuropaARC8 Eero Gravel Carbon Rahmenset\" \/>\n<meta name=\"robots\" content=\"index, follow, max-snippet:-1, max-image-preview:large, max-video-preview:-1\" \/>\n<link rel=\"canonical\" href=\"https:\/\/kgerad.de\/en\/product\/arc8-eero-gravel-carbon-rahmenset\/\" \/>\n<meta property=\"og:locale\" content=\"en_US\" \/>\n<meta property=\"og:type\" content=\"article\" \/>\n<meta property=\"og:title\" content=\"ARC8 Eero Gravel Carbon Rahmenset\" \/>\n<meta property=\"og:description\" content=\"Entdecken Sie unseren Online-Fahrradladen: Gro\u00dfe Auswahl an Modellen f\u00fcr alle Radsportbegeisterten. Von Rennr\u00e4dern bis zu Mountainbikes - finden Sie heute Ihren perfekten Wegbegleiter!\" \/>\n<meta property=\"og:url\" content=\"https:\/\/kgerad.de\/en\/product\/arc8-eero-gravel-carbon-rahmenset\/\" \/>\n<meta property=\"og:site_name\" content=\"kgerad.de\" \/>\n<meta property=\"article:modified_time\" content=\"2023-08-10T18:53:25+00:00\" \/>\n<meta property=\"og:image\" content=\"https:\/\/kgerad.de\/wp-content\/uploads\/2023\/06\/ARC8-EERO_KIT-S_P-Eero-pink-Gravel-Rahmenset-1_800x800-0.jpg\" \/>\n\t<meta property=\"og:image:width\" content=\"800\" \/>\n\t<meta property=\"og:image:height\" content=\"579\" \/>\n\t<meta property=\"og:image:type\" content=\"image\/jpeg\" \/>\n<meta name=\"twitter:card\" content=\"summary_large_image\" \/>\n<meta name=\"twitter:label1\" content=\"Est. reading time\" \/>\n\t<meta name=\"twitter:data1\" content=\"3 minutes\" \/>\n<script type=\"application\/ld+json\" class=\"yoast-schema-graph\">{\"@context\":\"https:\/\/schema.org\",\"@graph\":[{\"@type\":\"WebPage\",\"@id\":\"https:\/\/kgerad.de\/produkt\/arc8-eero-gravel-carbon-rahmenset\/\",\"url\":\"https:\/\/kgerad.de\/produkt\/arc8-eero-gravel-carbon-rahmenset\/\",\"name\":\"ARC8 Eero Gravel Carbon Rahmenset\",\"isPartOf\":{\"@id\":\"https:\/\/kgerad.de\/#website\"},\"primaryImageOfPage\":{\"@id\":\"https:\/\/kgerad.de\/produkt\/arc8-eero-gravel-carbon-rahmenset\/#primaryimage\"},\"image\":{\"@id\":\"https:\/\/kgerad.de\/produkt\/arc8-eero-gravel-carbon-rahmenset\/#primaryimage\"},\"thumbnailUrl\":\"https:\/\/kgerad.de\/wp-content\/uploads\/2023\/06\/ARC8-EERO_KIT-S_P-Eero-pink-Gravel-Rahmenset-1_800x800-0.jpg\",\"datePublished\":\"2022-12-01T11:04:20+00:00\",\"dateModified\":\"2023-08-10T18:53:25+00:00\",\"description\":\"kgerad.de bietet Ihnen das ARC8 Eero Gravel Carbon Rahmenset zum besten Preis mit kostenlosem Versand in ganz EuropaARC8 Eero Gravel Carbon Rahmenset\",\"breadcrumb\":{\"@id\":\"https:\/\/kgerad.de\/produkt\/arc8-eero-gravel-carbon-rahmenset\/#breadcrumb\"},\"inLanguage\":\"en-US\",\"potentialAction\":[{\"@type\":\"ReadAction\",\"target\":[\"https:\/\/kgerad.de\/produkt\/arc8-eero-gravel-carbon-rahmenset\/\"]}]},{\"@type\":\"ImageObject\",\"inLanguage\":\"en-US\",\"@id\":\"https:\/\/kgerad.de\/produkt\/arc8-eero-gravel-carbon-rahmenset\/#primaryimage\",\"url\":\"https:\/\/kgerad.de\/wp-content\/uploads\/2023\/06\/ARC8-EERO_KIT-S_P-Eero-pink-Gravel-Rahmenset-1_800x800-0.jpg\",\"contentUrl\":\"https:\/\/kgerad.de\/wp-content\/uploads\/2023\/06\/ARC8-EERO_KIT-S_P-Eero-pink-Gravel-Rahmenset-1_800x800-0.jpg\",\"width\":800,\"height\":579,\"caption\":\"ARC8 Eero Gravel Carbon Rahmenset\"},{\"@type\":\"BreadcrumbList\",\"@id\":\"https:\/\/kgerad.de\/produkt\/arc8-eero-gravel-carbon-rahmenset\/#breadcrumb\",\"itemListElement\":[{\"@type\":\"ListItem\",\"position\":1,\"name\":\"Startseite\",\"item\":\"https:\/\/kgerad.de\/\"},{\"@type\":\"ListItem\",\"position\":2,\"name\":\"LADEN\",\"item\":\"https:\/\/kgerad.de\/laden\/\"},{\"@type\":\"ListItem\",\"position\":3,\"name\":\"ARC8 Eero Gravel Carbon Rahmenset\"}]},{\"@type\":\"WebSite\",\"@id\":\"https:\/\/kgerad.de\/#website\",\"url\":\"https:\/\/kgerad.de\/\",\"name\":\"kgerad.de\",\"description\":\"Treten Sie mit uns ins Abenteuer!\",\"publisher\":{\"@id\":\"https:\/\/kgerad.de\/#organization\"},\"alternateName\":\"MEIN RADLADEN\",\"potentialAction\":[{\"@type\":\"SearchAction\",\"target\":{\"@type\":\"EntryPoint\",\"urlTemplate\":\"https:\/\/kgerad.de\/?s={search_term_string}\"},\"query-input\":{\"@type\":\"PropertyValueSpecification\",\"valueRequired\":true,\"valueName\":\"search_term_string\"}}],\"inLanguage\":\"en-US\"},{\"@type\":\"Organization\",\"@id\":\"https:\/\/kgerad.de\/#organization\",\"name\":\"MEINRADLADEN\",\"alternateName\":\"MEIN RADLADEN\",\"url\":\"https:\/\/kgerad.de\/\",\"logo\":{\"@type\":\"ImageObject\",\"inLanguage\":\"en-US\",\"@id\":\"https:\/\/kgerad.de\/#\/schema\/logo\/image\/\",\"url\":\"https:\/\/kgerad.de\/wp-content\/uploads\/2025\/07\/logo-Whit.svg\",\"contentUrl\":\"https:\/\/kgerad.de\/wp-content\/uploads\/2025\/07\/logo-Whit.svg\",\"width\":1640,\"height\":371,\"caption\":\"MEINRADLADEN\"},\"image\":{\"@id\":\"https:\/\/kgerad.de\/#\/schema\/logo\/image\/\"}}]}<\/script>\n<!-- \/ Yoast SEO Premium plugin. -->","yoast_head_json":{"title":"ARC8 Eero Gravel Carbon Rahmenset","description":"kgerad.de bietet Ihnen das ARC8 Eero Gravel Carbon Rahmenset zum besten Preis mit kostenlosem Versand in ganz EuropaARC8 Eero Gravel Carbon Rahmenset","robots":{"index":"index","follow":"follow","max-snippet":"max-snippet:-1","max-image-preview":"max-image-preview:large","max-video-preview":"max-video-preview:-1"},"canonical":"https:\/\/kgerad.de\/en\/product\/arc8-eero-gravel-carbon-rahmenset\/","og_locale":"en_US","og_type":"article","og_title":"ARC8 Eero Gravel Carbon Rahmenset","og_description":"Entdecken Sie unseren Online-Fahrradladen: Gro\u00dfe Auswahl an Modellen f\u00fcr alle Radsportbegeisterten. Von Rennr\u00e4dern bis zu Mountainbikes - finden Sie heute Ihren perfekten Wegbegleiter!","og_url":"https:\/\/kgerad.de\/en\/product\/arc8-eero-gravel-carbon-rahmenset\/","og_site_name":"kgerad.de","article_modified_time":"2023-08-10T18:53:25+00:00","og_image":[{"width":800,"height":579,"url":"https:\/\/kgerad.de\/wp-content\/uploads\/2023\/06\/ARC8-EERO_KIT-S_P-Eero-pink-Gravel-Rahmenset-1_800x800-0.jpg","type":"image\/jpeg"}],"twitter_card":"summary_large_image","twitter_misc":{"Est. reading time":"3 minutes"},"schema":{"@context":"https:\/\/schema.org","@graph":[{"@type":"WebPage","@id":"https:\/\/kgerad.de\/produkt\/arc8-eero-gravel-carbon-rahmenset\/","url":"https:\/\/kgerad.de\/produkt\/arc8-eero-gravel-carbon-rahmenset\/","name":"ARC8 Eero Gravel Carbon Rahmenset","isPartOf":{"@id":"https:\/\/kgerad.de\/#website"},"primaryImageOfPage":{"@id":"https:\/\/kgerad.de\/produkt\/arc8-eero-gravel-carbon-rahmenset\/#primaryimage"},"image":{"@id":"https:\/\/kgerad.de\/produkt\/arc8-eero-gravel-carbon-rahmenset\/#primaryimage"},"thumbnailUrl":"https:\/\/kgerad.de\/wp-content\/uploads\/2023\/06\/ARC8-EERO_KIT-S_P-Eero-pink-Gravel-Rahmenset-1_800x800-0.jpg","datePublished":"2022-12-01T11:04:20+00:00","dateModified":"2023-08-10T18:53:25+00:00","description":"kgerad.de bietet Ihnen das ARC8 Eero Gravel Carbon Rahmenset zum besten Preis mit kostenlosem Versand in ganz EuropaARC8 Eero Gravel Carbon Rahmenset","breadcrumb":{"@id":"https:\/\/kgerad.de\/produkt\/arc8-eero-gravel-carbon-rahmenset\/#breadcrumb"},"inLanguage":"en-US","potentialAction":[{"@type":"ReadAction","target":["https:\/\/kgerad.de\/produkt\/arc8-eero-gravel-carbon-rahmenset\/"]}]},{"@type":"ImageObject","inLanguage":"en-US","@id":"https:\/\/kgerad.de\/produkt\/arc8-eero-gravel-carbon-rahmenset\/#primaryimage","url":"https:\/\/kgerad.de\/wp-content\/uploads\/2023\/06\/ARC8-EERO_KIT-S_P-Eero-pink-Gravel-Rahmenset-1_800x800-0.jpg","contentUrl":"https:\/\/kgerad.de\/wp-content\/uploads\/2023\/06\/ARC8-EERO_KIT-S_P-Eero-pink-Gravel-Rahmenset-1_800x800-0.jpg","width":800,"height":579,"caption":"ARC8 Eero Gravel Carbon Rahmenset"},{"@type":"BreadcrumbList","@id":"https:\/\/kgerad.de\/produkt\/arc8-eero-gravel-carbon-rahmenset\/#breadcrumb","itemListElement":[{"@type":"ListItem","position":1,"name":"Startseite","item":"https:\/\/kgerad.de\/"},{"@type":"ListItem","position":2,"name":"LADEN","item":"https:\/\/kgerad.de\/laden\/"},{"@type":"ListItem","position":3,"name":"ARC8 Eero Gravel Carbon Rahmenset"}]},{"@type":"WebSite","@id":"https:\/\/kgerad.de\/#website","url":"https:\/\/kgerad.de\/","name":"kgerad.de","description":"Treten Sie mit uns ins Abenteuer!","publisher":{"@id":"https:\/\/kgerad.de\/#organization"},"alternateName":"MEIN RADLADEN","potentialAction":[{"@type":"SearchAction","target":{"@type":"EntryPoint","urlTemplate":"https:\/\/kgerad.de\/?s={search_term_string}"},"query-input":{"@type":"PropertyValueSpecification","valueRequired":true,"valueName":"search_term_string"}}],"inLanguage":"en-US"},{"@type":"Organization","@id":"https:\/\/kgerad.de\/#organization","name":"MEINRADLADEN","alternateName":"MEIN RADLADEN","url":"https:\/\/kgerad.de\/","logo":{"@type":"ImageObject","inLanguage":"en-US","@id":"https:\/\/kgerad.de\/#\/schema\/logo\/image\/","url":"https:\/\/kgerad.de\/wp-content\/uploads\/2025\/07\/logo-Whit.svg","contentUrl":"https:\/\/kgerad.de\/wp-content\/uploads\/2025\/07\/logo-Whit.svg","width":1640,"height":371,"caption":"MEINRADLADEN"},"image":{"@id":"https:\/\/kgerad.de\/#\/schema\/logo\/image\/"}}]}},"_links":{"self":[{"href":"https:\/\/kgerad.de\/en\/wp-json\/wp\/v2\/product\/47000","targetHints":{"allow":["GET"]}}],"collection":[{"href":"https:\/\/kgerad.de\/en\/wp-json\/wp\/v2\/product"}],"about":[{"href":"https:\/\/kgerad.de\/en\/wp-json\/wp\/v2\/types\/product"}],"replies":[{"embeddable":true,"href":"https:\/\/kgerad.de\/en\/wp-json\/wp\/v2\/comments?post=47000"}],"version-history":[{"count":1,"href":"https:\/\/kgerad.de\/en\/wp-json\/wp\/v2\/product\/47000\/revisions"}],"predecessor-version":[{"id":78911,"href":"https:\/\/kgerad.de\/en\/wp-json\/wp\/v2\/product\/47000\/revisions\/78911"}],"wp:featuredmedia":[{"embeddable":true,"href":"https:\/\/kgerad.de\/en\/wp-json\/wp\/v2\/media\/64096"}],"wp:attachment":[{"href":"https:\/\/kgerad.de\/en\/wp-json\/wp\/v2\/media?parent=47000"}],"wp:term":[{"taxonomy":"product_brand","embeddable":true,"href":"https:\/\/kgerad.de\/en\/wp-json\/wp\/v2\/product_brand?post=47000"},{"taxonomy":"product_cat","embeddable":true,"href":"https:\/\/kgerad.de\/en\/wp-json\/wp\/v2\/product_cat?post=47000"},{"taxonomy":"product_tag","embeddable":true,"href":"https:\/\/kgerad.de\/en\/wp-json\/wp\/v2\/product_tag?post=47000"}],"curies":[{"name":"wp","href":"https:\/\/api.w.org\/{rel}","templated":true}]}}