{"id":46993,"date":"2022-12-01T11:01:54","date_gmt":"2022-12-01T10:01:54","guid":{"rendered":"https:\/\/kgerad.de\/?post_type=product&#038;p=46993"},"modified":"2023-08-10T20:54:33","modified_gmt":"2023-08-10T18:54:33","slug":"zipp-404-firecrest-carbon-disc-tubeless-sram-shimano-laufradsatz-modell-2022-2","status":"publish","type":"product","link":"https:\/\/kgerad.de\/en\/product\/zipp-404-firecrest-carbon-disc-tubeless-sram-shimano-laufradsatz-modell-2022-2\/","title":{"rendered":"Zipp 404 Firecrest Carbon Disc Tubeless Sram\/Shimano Laufradsatz Modell 2022"},"content":{"rendered":"<h2 class=\"product--title\"><strong>Zipp<\/strong>\u00a0404 Firecrest Carbon Disc Tubeless Sram\/Shimano Laufradsatz Modell 2022<\/h2>\n<p>Der Zipp 404 Firecrest Carbon \u00a0Tubeless Disc Brake von Zipp ist eine praxiserprobte <a href=\"http:\/\/1-1\">Speed<\/a> Weapon f\u00fcr jede Situation auf dem Rennrad. Die Tradition des als Zipps Geschwindigkeitsikone reicht Jahrzehnte zur\u00fcck, und die Zukunft war schon immer gl\u00e4nzender und schneller.<\/p>\n<h2>Der perfekte Allrounder: das 404 Firecrest Tubeless Disc von Zipp<\/h2>\n<p>Mit einem 58-mm-Profil ist die 404 Firecrest Tubeless ideal f\u00fcr schnelle Rennen auf Asphalt, Zeitfahren und Triathlons, Gran Fondos und Fahrten in abwechslungsreichem Gel\u00e4nde.<\/p>\n<div>\n<hr \/>\n<h3>Lieferumfang<\/h3>\n<ul>\n<li>1 x Zipp 404 Firecrest Tubeless Disc Laufradsatz<\/li>\n<li>2 x Zipp Tubeless Felgenband<\/li>\n<li>2 x Zipp Tubeless Ventil<\/li>\n<li>2 x Lockring<\/li>\n<\/ul>\n<\/div>\n<hr \/>\n<div>\n<h3>Zipp Firecrest Revolution<\/h3>\n<p><iframe src=\"https:\/\/www.youtube-nocookie.com\/embed\/vXrNfIwnk7M?rel=0\" width=\"640\" height=\"360\" frameborder=\"0\" allowfullscreen=\"allowfullscreen\" data-mce-fragment=\"1\"><\/iframe><\/p>\n<\/div>\n<h3>Zipp Firecrest Difference<\/h3>\n<p><iframe src=\"https:\/\/www.youtube-nocookie.com\/embed\/UnFCqs9iduY?rel=0\" width=\"640\" height=\"360\" frameborder=\"0\" allowfullscreen=\"allowfullscreen\" data-mce-fragment=\"1\"><\/iframe><\/p>\n<h3>Zipp Firecrest Numerology<\/h3>\n<p><iframe src=\"https:\/\/www.youtube-nocookie.com\/embed\/VgB3prnMRkA?rel=0\" width=\"640\" height=\"360\" frameborder=\"0\" allowfullscreen=\"allowfullscreen\" data-mce-fragment=\"1\"><\/iframe><\/p>\n<hr \/>\n<p><img fetchpriority=\"high\" decoding=\"async\" src=\"https:\/\/cd.bike-discount.de\/media\/image\/f8\/0d\/d0\/zipp-hookless-tire-compatibility.jpg\" alt=\"\" width=\"1000\" height=\"5032\" align=\"center\" data-src=\"media\/image\/zipp-hookless-tire-compatibility.jpg\" \/><\/p>","protected":false},"excerpt":{"rendered":"<p>Zipp\u00a0404 Firecrest Carbon Disc Tubeless Sram\/Shimano Laufradsatz Modell 2022 Der Zipp 404 Firecrest Carbon \u00a0Tubeless Disc Brake von Zipp ist<\/p>","protected":false},"featured_media":64091,"comment_status":"open","ping_status":"closed","template":"","meta":[],"product_brand":[],"product_cat":[318],"product_tag":[],"class_list":{"0":"post-46993","1":"product","2":"type-product","3":"status-publish","4":"has-post-thumbnail","6":"product_cat-outdoor","7":"pa_marke-zipp","9":"first","10":"instock","11":"sale","12":"taxable","13":"shipping-taxable","14":"purchasable","15":"product-type-simple"},"yoast_head":"<!-- This site is optimized with the Yoast SEO Premium plugin v20.12 (Yoast SEO v27.1.1) - https:\/\/yoast.com\/product\/yoast-seo-premium-wordpress\/ -->\n<title>Zipp 404 Firecrest Carbon Disc Tubeless Sram\/Shimano Laufradsatz Modell 2022<\/title>\n<meta name=\"description\" content=\"kgerad.de bietet Ihnen das Zipp 404 Firecrest Carbon Disc Tubeless Sram\/Shimano Laufradsatz Modell 2022 zum besten Preis mit kostenlosem Versand in ganz Eur\" \/>\n<meta name=\"robots\" content=\"index, follow, max-snippet:-1, max-image-preview:large, max-video-preview:-1\" \/>\n<link rel=\"canonical\" href=\"https:\/\/kgerad.de\/en\/product\/zipp-404-firecrest-carbon-disc-tubeless-sram-shimano-laufradsatz-modell-2022-2\/\" \/>\n<meta property=\"og:locale\" content=\"en_US\" \/>\n<meta property=\"og:type\" content=\"article\" \/>\n<meta property=\"og:title\" content=\"Zipp 404 Firecrest Carbon Disc Tubeless Sram\/Shimano Laufradsatz Modell 2022\" \/>\n<meta property=\"og:description\" content=\"Entdecken Sie unseren Online-Fahrradladen: Gro\u00dfe Auswahl an Modellen f\u00fcr alle Radsportbegeisterten. Von Rennr\u00e4dern bis zu Mountainbikes - finden Sie heute Ihren perfekten Wegbegleiter!\" \/>\n<meta property=\"og:url\" content=\"https:\/\/kgerad.de\/en\/product\/zipp-404-firecrest-carbon-disc-tubeless-sram-shimano-laufradsatz-modell-2022-2\/\" \/>\n<meta property=\"og:site_name\" content=\"kgerad.de\" \/>\n<meta property=\"article:modified_time\" content=\"2023-08-10T18:54:33+00:00\" \/>\n<meta property=\"og:image\" content=\"https:\/\/kgerad.de\/wp-content\/uploads\/2023\/06\/Zipp-404-Firecrest-Disc-Tubeless-Laufradsatz_800x800-0-00.jpg\" \/>\n\t<meta property=\"og:image:width\" content=\"800\" \/>\n\t<meta property=\"og:image:height\" content=\"496\" \/>\n\t<meta property=\"og:image:type\" content=\"image\/jpeg\" \/>\n<meta name=\"twitter:card\" content=\"summary_large_image\" \/>\n<meta name=\"twitter:label1\" content=\"Est. reading time\" \/>\n\t<meta name=\"twitter:data1\" content=\"1 minute\" \/>\n<script type=\"application\/ld+json\" class=\"yoast-schema-graph\">{\"@context\":\"https:\/\/schema.org\",\"@graph\":[{\"@type\":\"WebPage\",\"@id\":\"https:\/\/kgerad.de\/produkt\/zipp-404-firecrest-carbon-disc-tubeless-sram-shimano-laufradsatz-modell-2022-2\/\",\"url\":\"https:\/\/kgerad.de\/produkt\/zipp-404-firecrest-carbon-disc-tubeless-sram-shimano-laufradsatz-modell-2022-2\/\",\"name\":\"Zipp 404 Firecrest Carbon Disc Tubeless Sram\/Shimano Laufradsatz Modell 2022\",\"isPartOf\":{\"@id\":\"https:\/\/kgerad.de\/#website\"},\"primaryImageOfPage\":{\"@id\":\"https:\/\/kgerad.de\/produkt\/zipp-404-firecrest-carbon-disc-tubeless-sram-shimano-laufradsatz-modell-2022-2\/#primaryimage\"},\"image\":{\"@id\":\"https:\/\/kgerad.de\/produkt\/zipp-404-firecrest-carbon-disc-tubeless-sram-shimano-laufradsatz-modell-2022-2\/#primaryimage\"},\"thumbnailUrl\":\"https:\/\/kgerad.de\/wp-content\/uploads\/2023\/06\/Zipp-404-Firecrest-Disc-Tubeless-Laufradsatz_800x800-0-00.jpg\",\"datePublished\":\"2022-12-01T10:01:54+00:00\",\"dateModified\":\"2023-08-10T18:54:33+00:00\",\"description\":\"kgerad.de bietet Ihnen das Zipp 404 Firecrest Carbon Disc Tubeless Sram\/Shimano Laufradsatz Modell 2022 zum besten Preis mit kostenlosem Versand in ganz Eur\",\"breadcrumb\":{\"@id\":\"https:\/\/kgerad.de\/produkt\/zipp-404-firecrest-carbon-disc-tubeless-sram-shimano-laufradsatz-modell-2022-2\/#breadcrumb\"},\"inLanguage\":\"en-US\",\"potentialAction\":[{\"@type\":\"ReadAction\",\"target\":[\"https:\/\/kgerad.de\/produkt\/zipp-404-firecrest-carbon-disc-tubeless-sram-shimano-laufradsatz-modell-2022-2\/\"]}]},{\"@type\":\"ImageObject\",\"inLanguage\":\"en-US\",\"@id\":\"https:\/\/kgerad.de\/produkt\/zipp-404-firecrest-carbon-disc-tubeless-sram-shimano-laufradsatz-modell-2022-2\/#primaryimage\",\"url\":\"https:\/\/kgerad.de\/wp-content\/uploads\/2023\/06\/Zipp-404-Firecrest-Disc-Tubeless-Laufradsatz_800x800-0-00.jpg\",\"contentUrl\":\"https:\/\/kgerad.de\/wp-content\/uploads\/2023\/06\/Zipp-404-Firecrest-Disc-Tubeless-Laufradsatz_800x800-0-00.jpg\",\"width\":800,\"height\":496,\"caption\":\"Zipp 404 Firecrest Carbon Disc Tubeless SramShimano Laufradsatz Modell 2022\"},{\"@type\":\"BreadcrumbList\",\"@id\":\"https:\/\/kgerad.de\/produkt\/zipp-404-firecrest-carbon-disc-tubeless-sram-shimano-laufradsatz-modell-2022-2\/#breadcrumb\",\"itemListElement\":[{\"@type\":\"ListItem\",\"position\":1,\"name\":\"Startseite\",\"item\":\"https:\/\/kgerad.de\/\"},{\"@type\":\"ListItem\",\"position\":2,\"name\":\"LADEN\",\"item\":\"https:\/\/kgerad.de\/laden\/\"},{\"@type\":\"ListItem\",\"position\":3,\"name\":\"Zipp 404 Firecrest Carbon Disc Tubeless Sram\/Shimano Laufradsatz Modell 2022\"}]},{\"@type\":\"WebSite\",\"@id\":\"https:\/\/kgerad.de\/#website\",\"url\":\"https:\/\/kgerad.de\/\",\"name\":\"kgerad.de\",\"description\":\"Treten Sie mit uns ins Abenteuer!\",\"publisher\":{\"@id\":\"https:\/\/kgerad.de\/#organization\"},\"alternateName\":\"MEIN RADLADEN\",\"potentialAction\":[{\"@type\":\"SearchAction\",\"target\":{\"@type\":\"EntryPoint\",\"urlTemplate\":\"https:\/\/kgerad.de\/?s={search_term_string}\"},\"query-input\":{\"@type\":\"PropertyValueSpecification\",\"valueRequired\":true,\"valueName\":\"search_term_string\"}}],\"inLanguage\":\"en-US\"},{\"@type\":\"Organization\",\"@id\":\"https:\/\/kgerad.de\/#organization\",\"name\":\"MEINRADLADEN\",\"alternateName\":\"MEIN RADLADEN\",\"url\":\"https:\/\/kgerad.de\/\",\"logo\":{\"@type\":\"ImageObject\",\"inLanguage\":\"en-US\",\"@id\":\"https:\/\/kgerad.de\/#\/schema\/logo\/image\/\",\"url\":\"https:\/\/kgerad.de\/wp-content\/uploads\/2025\/07\/logo-Whit.svg\",\"contentUrl\":\"https:\/\/kgerad.de\/wp-content\/uploads\/2025\/07\/logo-Whit.svg\",\"width\":1640,\"height\":371,\"caption\":\"MEINRADLADEN\"},\"image\":{\"@id\":\"https:\/\/kgerad.de\/#\/schema\/logo\/image\/\"}}]}<\/script>\n<!-- \/ Yoast SEO Premium plugin. -->","yoast_head_json":{"title":"Zipp 404 Firecrest Carbon Disc Tubeless Sram\/Shimano Laufradsatz Modell 2022","description":"kgerad.de bietet Ihnen das Zipp 404 Firecrest Carbon Disc Tubeless Sram\/Shimano Laufradsatz Modell 2022 zum besten Preis mit kostenlosem Versand in ganz Eur","robots":{"index":"index","follow":"follow","max-snippet":"max-snippet:-1","max-image-preview":"max-image-preview:large","max-video-preview":"max-video-preview:-1"},"canonical":"https:\/\/kgerad.de\/en\/product\/zipp-404-firecrest-carbon-disc-tubeless-sram-shimano-laufradsatz-modell-2022-2\/","og_locale":"en_US","og_type":"article","og_title":"Zipp 404 Firecrest Carbon Disc Tubeless Sram\/Shimano Laufradsatz Modell 2022","og_description":"Entdecken Sie unseren Online-Fahrradladen: Gro\u00dfe Auswahl an Modellen f\u00fcr alle Radsportbegeisterten. Von Rennr\u00e4dern bis zu Mountainbikes - finden Sie heute Ihren perfekten Wegbegleiter!","og_url":"https:\/\/kgerad.de\/en\/product\/zipp-404-firecrest-carbon-disc-tubeless-sram-shimano-laufradsatz-modell-2022-2\/","og_site_name":"kgerad.de","article_modified_time":"2023-08-10T18:54:33+00:00","og_image":[{"width":800,"height":496,"url":"https:\/\/kgerad.de\/wp-content\/uploads\/2023\/06\/Zipp-404-Firecrest-Disc-Tubeless-Laufradsatz_800x800-0-00.jpg","type":"image\/jpeg"}],"twitter_card":"summary_large_image","twitter_misc":{"Est. reading time":"1 minute"},"schema":{"@context":"https:\/\/schema.org","@graph":[{"@type":"WebPage","@id":"https:\/\/kgerad.de\/produkt\/zipp-404-firecrest-carbon-disc-tubeless-sram-shimano-laufradsatz-modell-2022-2\/","url":"https:\/\/kgerad.de\/produkt\/zipp-404-firecrest-carbon-disc-tubeless-sram-shimano-laufradsatz-modell-2022-2\/","name":"Zipp 404 Firecrest Carbon Disc Tubeless Sram\/Shimano Laufradsatz Modell 2022","isPartOf":{"@id":"https:\/\/kgerad.de\/#website"},"primaryImageOfPage":{"@id":"https:\/\/kgerad.de\/produkt\/zipp-404-firecrest-carbon-disc-tubeless-sram-shimano-laufradsatz-modell-2022-2\/#primaryimage"},"image":{"@id":"https:\/\/kgerad.de\/produkt\/zipp-404-firecrest-carbon-disc-tubeless-sram-shimano-laufradsatz-modell-2022-2\/#primaryimage"},"thumbnailUrl":"https:\/\/kgerad.de\/wp-content\/uploads\/2023\/06\/Zipp-404-Firecrest-Disc-Tubeless-Laufradsatz_800x800-0-00.jpg","datePublished":"2022-12-01T10:01:54+00:00","dateModified":"2023-08-10T18:54:33+00:00","description":"kgerad.de bietet Ihnen das Zipp 404 Firecrest Carbon Disc Tubeless Sram\/Shimano Laufradsatz Modell 2022 zum besten Preis mit kostenlosem Versand in ganz Eur","breadcrumb":{"@id":"https:\/\/kgerad.de\/produkt\/zipp-404-firecrest-carbon-disc-tubeless-sram-shimano-laufradsatz-modell-2022-2\/#breadcrumb"},"inLanguage":"en-US","potentialAction":[{"@type":"ReadAction","target":["https:\/\/kgerad.de\/produkt\/zipp-404-firecrest-carbon-disc-tubeless-sram-shimano-laufradsatz-modell-2022-2\/"]}]},{"@type":"ImageObject","inLanguage":"en-US","@id":"https:\/\/kgerad.de\/produkt\/zipp-404-firecrest-carbon-disc-tubeless-sram-shimano-laufradsatz-modell-2022-2\/#primaryimage","url":"https:\/\/kgerad.de\/wp-content\/uploads\/2023\/06\/Zipp-404-Firecrest-Disc-Tubeless-Laufradsatz_800x800-0-00.jpg","contentUrl":"https:\/\/kgerad.de\/wp-content\/uploads\/2023\/06\/Zipp-404-Firecrest-Disc-Tubeless-Laufradsatz_800x800-0-00.jpg","width":800,"height":496,"caption":"Zipp 404 Firecrest Carbon Disc Tubeless SramShimano Laufradsatz Modell 2022"},{"@type":"BreadcrumbList","@id":"https:\/\/kgerad.de\/produkt\/zipp-404-firecrest-carbon-disc-tubeless-sram-shimano-laufradsatz-modell-2022-2\/#breadcrumb","itemListElement":[{"@type":"ListItem","position":1,"name":"Startseite","item":"https:\/\/kgerad.de\/"},{"@type":"ListItem","position":2,"name":"LADEN","item":"https:\/\/kgerad.de\/laden\/"},{"@type":"ListItem","position":3,"name":"Zipp 404 Firecrest Carbon Disc Tubeless Sram\/Shimano Laufradsatz Modell 2022"}]},{"@type":"WebSite","@id":"https:\/\/kgerad.de\/#website","url":"https:\/\/kgerad.de\/","name":"kgerad.de","description":"Treten Sie mit uns ins Abenteuer!","publisher":{"@id":"https:\/\/kgerad.de\/#organization"},"alternateName":"MEIN RADLADEN","potentialAction":[{"@type":"SearchAction","target":{"@type":"EntryPoint","urlTemplate":"https:\/\/kgerad.de\/?s={search_term_string}"},"query-input":{"@type":"PropertyValueSpecification","valueRequired":true,"valueName":"search_term_string"}}],"inLanguage":"en-US"},{"@type":"Organization","@id":"https:\/\/kgerad.de\/#organization","name":"MEINRADLADEN","alternateName":"MEIN RADLADEN","url":"https:\/\/kgerad.de\/","logo":{"@type":"ImageObject","inLanguage":"en-US","@id":"https:\/\/kgerad.de\/#\/schema\/logo\/image\/","url":"https:\/\/kgerad.de\/wp-content\/uploads\/2025\/07\/logo-Whit.svg","contentUrl":"https:\/\/kgerad.de\/wp-content\/uploads\/2025\/07\/logo-Whit.svg","width":1640,"height":371,"caption":"MEINRADLADEN"},"image":{"@id":"https:\/\/kgerad.de\/#\/schema\/logo\/image\/"}}]}},"_links":{"self":[{"href":"https:\/\/kgerad.de\/en\/wp-json\/wp\/v2\/product\/46993","targetHints":{"allow":["GET"]}}],"collection":[{"href":"https:\/\/kgerad.de\/en\/wp-json\/wp\/v2\/product"}],"about":[{"href":"https:\/\/kgerad.de\/en\/wp-json\/wp\/v2\/types\/product"}],"replies":[{"embeddable":true,"href":"https:\/\/kgerad.de\/en\/wp-json\/wp\/v2\/comments?post=46993"}],"version-history":[{"count":2,"href":"https:\/\/kgerad.de\/en\/wp-json\/wp\/v2\/product\/46993\/revisions"}],"predecessor-version":[{"id":78915,"href":"https:\/\/kgerad.de\/en\/wp-json\/wp\/v2\/product\/46993\/revisions\/78915"}],"wp:featuredmedia":[{"embeddable":true,"href":"https:\/\/kgerad.de\/en\/wp-json\/wp\/v2\/media\/64091"}],"wp:attachment":[{"href":"https:\/\/kgerad.de\/en\/wp-json\/wp\/v2\/media?parent=46993"}],"wp:term":[{"taxonomy":"product_brand","embeddable":true,"href":"https:\/\/kgerad.de\/en\/wp-json\/wp\/v2\/product_brand?post=46993"},{"taxonomy":"product_cat","embeddable":true,"href":"https:\/\/kgerad.de\/en\/wp-json\/wp\/v2\/product_cat?post=46993"},{"taxonomy":"product_tag","embeddable":true,"href":"https:\/\/kgerad.de\/en\/wp-json\/wp\/v2\/product_tag?post=46993"}],"curies":[{"name":"wp","href":"https:\/\/api.w.org\/{rel}","templated":true}]}}