{"id":46980,"date":"2022-12-01T10:33:59","date_gmt":"2022-12-01T09:33:59","guid":{"rendered":"https:\/\/kgerad.de\/?post_type=product&#038;p=46980"},"modified":"2023-08-10T20:54:39","modified_gmt":"2023-08-10T18:54:39","slug":"zipp-404-firecrest-carbon-disc-tubeless-sram-shimano-laufradsatz-modell-2022","status":"publish","type":"product","link":"https:\/\/kgerad.de\/en\/product\/zipp-404-firecrest-carbon-disc-tubeless-sram-shimano-laufradsatz-modell-2022\/","title":{"rendered":"DT Swiss CR 1600 Spline DB 23mm Laufradsatz"},"content":{"rendered":"<h2 class=\"product--title\"><strong>DT Swiss<\/strong>\u00a0CR 1600 Spline DB 23mm Laufradsatz<\/h2>\n<p>Der DT Swiss CR 1600 von ist eine praxiserprobte Speed Weapon f\u00fcr jede Situation auf dem Rennrad. Die Tradition des Geschwindigkeitsikone reicht Jahrzehnte zur\u00fcck, und die <a href=\"http:\/\/1-1\">Zukunft<\/a> war schon immer gl\u00e4nzender und schneller.<\/p>\n<hr \/>\n<h3>Features &#8211; Zipp 404 Firecrest Carbon Tubeless Disc-brake<\/h3>\n<ul>\n<li>Vielseitiger Aero-Laufradsatz f\u00fcr das moderne Rennrad mit Tubeless- und Hookless-Felgenprofil<\/li>\n<li>Optimiertes Reifenbett f\u00fcr einfache Reifenmontage<\/li>\n<li>Breites 23-mm-Felgenprofil schafft eine bessere Reifenschnittstelle, um auf der Stra\u00dfe oder im Gel\u00e4nde schnell zu sein<\/li>\n<li>Die neue ZR1 DB-Nabe wurde in Deutschland mit einer besseren Dichtungskonstruktion f\u00fcr verbesserte Haltbarkeit und schnelleres Ansprechen mit 66 Eingriffspunkten entwickelt<\/li>\n<li>Center Lock Scheibenaufnahme. Der Lockring ist im Lieferumfang der R\u00e4der enthalten<\/li>\n<li>Lieferung mit 12mm Endkappen vorne &amp; hinten<\/li>\n<\/ul>\n<div>\n<h3>Farbe<\/h3>\n<ul>\n<li>schwarz<\/li>\n<\/ul>\n<h3>Gewicht<\/h3>\n<ul>\n<li>1470g (Herstellerangabe)<\/li>\n<\/ul>\n<hr \/>\n<h3>Lieferumfang<\/h3>\n<ul>\n<li>1 x Zipp 404 Firecrest Tubeless Disc Laufradsatz<\/li>\n<li>2 x Zipp Tubeless Felgenband<\/li>\n<li>2 x Zipp Tubeless Ventil<\/li>\n<li>2 x Lockring<\/li>\n<\/ul>\n<\/div>\n<hr \/>\n<h3>Technologien<\/h3>\n<p><strong>ABLC\u2122\u00a0(Aerodynamic Boundary Layer Control)\u00a0<\/strong><br \/>\nDas \u00fcberarbeitete ABLC\u2122 (Aerodynamic Boundary Layer Control)-Design reduziert den Luftwiderstand durch mehr und kleinere Verwirbelungen, um auch bei st\u00e4rkstem Wind eine un\u00fcbertroffene Stabilit\u00e4t und Kontrolle zu gew\u00e4hrleisten.<\/p>\n<div>\n<hr \/>\n<h3>Zipp Firecrest Revolution<\/h3>\n<p><iframe src=\"https:\/\/www.youtube-nocookie.com\/embed\/vXrNfIwnk7M?rel=0\" width=\"640\" height=\"360\" frameborder=\"0\" allowfullscreen=\"allowfullscreen\" data-mce-fragment=\"1\"><\/iframe><\/p>\n<\/div>\n<h3>Zipp Firecrest Difference<\/h3>\n<p><iframe src=\"https:\/\/www.youtube-nocookie.com\/embed\/UnFCqs9iduY?rel=0\" width=\"640\" height=\"360\" frameborder=\"0\" allowfullscreen=\"allowfullscreen\" data-mce-fragment=\"1\"><\/iframe><\/p>\n<h3><\/h3>\n<p><iframe src=\"https:\/\/www.youtube-nocookie.com\/embed\/VgB3prnMRkA?rel=0\" width=\"640\" height=\"360\" frameborder=\"0\" allowfullscreen=\"allowfullscreen\" data-mce-fragment=\"1\"><\/iframe><\/p>\n<hr \/>\n<p><img fetchpriority=\"high\" decoding=\"async\" src=\"https:\/\/cd.bike-discount.de\/media\/image\/f8\/0d\/d0\/zipp-hookless-tire-compatibility.jpg\" alt=\"\" width=\"1000\" height=\"5032\" align=\"center\" data-src=\"media\/image\/zipp-hookless-tire-compatibility.jpg\" \/><\/p>","protected":false},"excerpt":{"rendered":"<p>DT Swiss\u00a0CR 1600 Spline DB 23mm Laufradsatz Der DT Swiss CR 1600 von ist eine praxiserprobte Speed Weapon f\u00fcr jede<\/p>","protected":false},"featured_media":64082,"comment_status":"open","ping_status":"closed","template":"","meta":[],"product_brand":[],"product_cat":[537,318],"product_tag":[],"class_list":{"0":"post-46980","1":"product","2":"type-product","3":"status-publish","4":"has-post-thumbnail","6":"product_cat-elektronik","7":"product_cat-outdoor","8":"pa_marke-dt-swiss","10":"first","11":"instock","12":"sale","13":"taxable","14":"shipping-taxable","15":"purchasable","16":"product-type-simple"},"yoast_head":"<!-- This site is optimized with the Yoast SEO Premium plugin v20.12 (Yoast SEO v27.1.1) - https:\/\/yoast.com\/product\/yoast-seo-premium-wordpress\/ -->\n<title>DT Swiss CR 1600 Spline DB 23mm Laufradsatz<\/title>\n<meta name=\"description\" content=\"Entdecken Sie unseren Online-Fahrradladen: Gro\u00dfe Auswahl an Modellen f\u00fcr alle Radsportbegeisterten. Von Rennr\u00e4dern bis zu Mountainbikes - finden Sie heute Ihren perfekten Wegbegleiter!\" \/>\n<meta name=\"robots\" content=\"index, follow, max-snippet:-1, max-image-preview:large, max-video-preview:-1\" \/>\n<link rel=\"canonical\" href=\"https:\/\/kgerad.de\/en\/product\/zipp-404-firecrest-carbon-disc-tubeless-sram-shimano-laufradsatz-modell-2022\/\" \/>\n<meta property=\"og:locale\" content=\"en_US\" \/>\n<meta property=\"og:type\" content=\"article\" \/>\n<meta property=\"og:title\" content=\"DT Swiss CR 1600 Spline DB 23mm Laufradsatz\" \/>\n<meta property=\"og:description\" content=\"Entdecken Sie unseren Online-Fahrradladen: Gro\u00dfe Auswahl an Modellen f\u00fcr alle Radsportbegeisterten. Von Rennr\u00e4dern bis zu Mountainbikes - finden Sie heute Ihren perfekten Wegbegleiter!\" \/>\n<meta property=\"og:url\" content=\"https:\/\/kgerad.de\/en\/product\/zipp-404-firecrest-carbon-disc-tubeless-sram-shimano-laufradsatz-modell-2022\/\" \/>\n<meta property=\"og:site_name\" content=\"kgerad.de\" \/>\n<meta property=\"article:modified_time\" content=\"2023-08-10T18:54:39+00:00\" \/>\n<meta property=\"og:image\" content=\"https:\/\/kgerad.de\/wp-content\/uploads\/2023\/06\/ERC-1600-DB-23-Set-1_800x800-00-1.jpg\" \/>\n\t<meta property=\"og:image:width\" content=\"800\" \/>\n\t<meta property=\"og:image:height\" content=\"684\" \/>\n\t<meta property=\"og:image:type\" content=\"image\/jpeg\" \/>\n<meta name=\"twitter:card\" content=\"summary_large_image\" \/>\n<meta name=\"twitter:label1\" content=\"Est. reading time\" \/>\n\t<meta name=\"twitter:data1\" content=\"2 minutes\" \/>\n<script type=\"application\/ld+json\" class=\"yoast-schema-graph\">{\"@context\":\"https:\/\/schema.org\",\"@graph\":[{\"@type\":\"WebPage\",\"@id\":\"https:\/\/kgerad.de\/produkt\/zipp-404-firecrest-carbon-disc-tubeless-sram-shimano-laufradsatz-modell-2022\/\",\"url\":\"https:\/\/kgerad.de\/produkt\/zipp-404-firecrest-carbon-disc-tubeless-sram-shimano-laufradsatz-modell-2022\/\",\"name\":\"DT Swiss CR 1600 Spline DB 23mm Laufradsatz\",\"isPartOf\":{\"@id\":\"https:\/\/kgerad.de\/#website\"},\"primaryImageOfPage\":{\"@id\":\"https:\/\/kgerad.de\/produkt\/zipp-404-firecrest-carbon-disc-tubeless-sram-shimano-laufradsatz-modell-2022\/#primaryimage\"},\"image\":{\"@id\":\"https:\/\/kgerad.de\/produkt\/zipp-404-firecrest-carbon-disc-tubeless-sram-shimano-laufradsatz-modell-2022\/#primaryimage\"},\"thumbnailUrl\":\"https:\/\/kgerad.de\/wp-content\/uploads\/2023\/06\/ERC-1600-DB-23-Set-1_800x800-00-1.jpg\",\"datePublished\":\"2022-12-01T09:33:59+00:00\",\"dateModified\":\"2023-08-10T18:54:39+00:00\",\"description\":\"Entdecken Sie unseren Online-Fahrradladen: Gro\u00dfe Auswahl an Modellen f\u00fcr alle Radsportbegeisterten. Von Rennr\u00e4dern bis zu Mountainbikes - finden Sie heute Ihren perfekten Wegbegleiter!\",\"breadcrumb\":{\"@id\":\"https:\/\/kgerad.de\/produkt\/zipp-404-firecrest-carbon-disc-tubeless-sram-shimano-laufradsatz-modell-2022\/#breadcrumb\"},\"inLanguage\":\"en-US\",\"potentialAction\":[{\"@type\":\"ReadAction\",\"target\":[\"https:\/\/kgerad.de\/produkt\/zipp-404-firecrest-carbon-disc-tubeless-sram-shimano-laufradsatz-modell-2022\/\"]}]},{\"@type\":\"ImageObject\",\"inLanguage\":\"en-US\",\"@id\":\"https:\/\/kgerad.de\/produkt\/zipp-404-firecrest-carbon-disc-tubeless-sram-shimano-laufradsatz-modell-2022\/#primaryimage\",\"url\":\"https:\/\/kgerad.de\/wp-content\/uploads\/2023\/06\/ERC-1600-DB-23-Set-1_800x800-00-1.jpg\",\"contentUrl\":\"https:\/\/kgerad.de\/wp-content\/uploads\/2023\/06\/ERC-1600-DB-23-Set-1_800x800-00-1.jpg\",\"width\":800,\"height\":684,\"caption\":\"DT Swiss CR 1600 Spline DB 23mm Laufradsatz\"},{\"@type\":\"BreadcrumbList\",\"@id\":\"https:\/\/kgerad.de\/produkt\/zipp-404-firecrest-carbon-disc-tubeless-sram-shimano-laufradsatz-modell-2022\/#breadcrumb\",\"itemListElement\":[{\"@type\":\"ListItem\",\"position\":1,\"name\":\"Startseite\",\"item\":\"https:\/\/kgerad.de\/\"},{\"@type\":\"ListItem\",\"position\":2,\"name\":\"LADEN\",\"item\":\"https:\/\/kgerad.de\/laden\/\"},{\"@type\":\"ListItem\",\"position\":3,\"name\":\"DT Swiss CR 1600 Spline DB 23mm Laufradsatz\"}]},{\"@type\":\"WebSite\",\"@id\":\"https:\/\/kgerad.de\/#website\",\"url\":\"https:\/\/kgerad.de\/\",\"name\":\"kgerad.de\",\"description\":\"Treten Sie mit uns ins Abenteuer!\",\"publisher\":{\"@id\":\"https:\/\/kgerad.de\/#organization\"},\"alternateName\":\"MEIN RADLADEN\",\"potentialAction\":[{\"@type\":\"SearchAction\",\"target\":{\"@type\":\"EntryPoint\",\"urlTemplate\":\"https:\/\/kgerad.de\/?s={search_term_string}\"},\"query-input\":{\"@type\":\"PropertyValueSpecification\",\"valueRequired\":true,\"valueName\":\"search_term_string\"}}],\"inLanguage\":\"en-US\"},{\"@type\":\"Organization\",\"@id\":\"https:\/\/kgerad.de\/#organization\",\"name\":\"MEINRADLADEN\",\"alternateName\":\"MEIN RADLADEN\",\"url\":\"https:\/\/kgerad.de\/\",\"logo\":{\"@type\":\"ImageObject\",\"inLanguage\":\"en-US\",\"@id\":\"https:\/\/kgerad.de\/#\/schema\/logo\/image\/\",\"url\":\"https:\/\/kgerad.de\/wp-content\/uploads\/2025\/07\/logo-Whit.svg\",\"contentUrl\":\"https:\/\/kgerad.de\/wp-content\/uploads\/2025\/07\/logo-Whit.svg\",\"width\":1640,\"height\":371,\"caption\":\"MEINRADLADEN\"},\"image\":{\"@id\":\"https:\/\/kgerad.de\/#\/schema\/logo\/image\/\"}}]}<\/script>\n<!-- \/ Yoast SEO Premium plugin. -->","yoast_head_json":{"title":"DT Swiss CR 1600 Spline DB 23mm Laufradsatz","description":"Entdecken Sie unseren Online-Fahrradladen: Gro\u00dfe Auswahl an Modellen f\u00fcr alle Radsportbegeisterten. Von Rennr\u00e4dern bis zu Mountainbikes - finden Sie heute Ihren perfekten Wegbegleiter!","robots":{"index":"index","follow":"follow","max-snippet":"max-snippet:-1","max-image-preview":"max-image-preview:large","max-video-preview":"max-video-preview:-1"},"canonical":"https:\/\/kgerad.de\/en\/product\/zipp-404-firecrest-carbon-disc-tubeless-sram-shimano-laufradsatz-modell-2022\/","og_locale":"en_US","og_type":"article","og_title":"DT Swiss CR 1600 Spline DB 23mm Laufradsatz","og_description":"Entdecken Sie unseren Online-Fahrradladen: Gro\u00dfe Auswahl an Modellen f\u00fcr alle Radsportbegeisterten. Von Rennr\u00e4dern bis zu Mountainbikes - finden Sie heute Ihren perfekten Wegbegleiter!","og_url":"https:\/\/kgerad.de\/en\/product\/zipp-404-firecrest-carbon-disc-tubeless-sram-shimano-laufradsatz-modell-2022\/","og_site_name":"kgerad.de","article_modified_time":"2023-08-10T18:54:39+00:00","og_image":[{"width":800,"height":684,"url":"https:\/\/kgerad.de\/wp-content\/uploads\/2023\/06\/ERC-1600-DB-23-Set-1_800x800-00-1.jpg","type":"image\/jpeg"}],"twitter_card":"summary_large_image","twitter_misc":{"Est. reading time":"2 minutes"},"schema":{"@context":"https:\/\/schema.org","@graph":[{"@type":"WebPage","@id":"https:\/\/kgerad.de\/produkt\/zipp-404-firecrest-carbon-disc-tubeless-sram-shimano-laufradsatz-modell-2022\/","url":"https:\/\/kgerad.de\/produkt\/zipp-404-firecrest-carbon-disc-tubeless-sram-shimano-laufradsatz-modell-2022\/","name":"DT Swiss CR 1600 Spline DB 23mm Laufradsatz","isPartOf":{"@id":"https:\/\/kgerad.de\/#website"},"primaryImageOfPage":{"@id":"https:\/\/kgerad.de\/produkt\/zipp-404-firecrest-carbon-disc-tubeless-sram-shimano-laufradsatz-modell-2022\/#primaryimage"},"image":{"@id":"https:\/\/kgerad.de\/produkt\/zipp-404-firecrest-carbon-disc-tubeless-sram-shimano-laufradsatz-modell-2022\/#primaryimage"},"thumbnailUrl":"https:\/\/kgerad.de\/wp-content\/uploads\/2023\/06\/ERC-1600-DB-23-Set-1_800x800-00-1.jpg","datePublished":"2022-12-01T09:33:59+00:00","dateModified":"2023-08-10T18:54:39+00:00","description":"Entdecken Sie unseren Online-Fahrradladen: Gro\u00dfe Auswahl an Modellen f\u00fcr alle Radsportbegeisterten. Von Rennr\u00e4dern bis zu Mountainbikes - finden Sie heute Ihren perfekten Wegbegleiter!","breadcrumb":{"@id":"https:\/\/kgerad.de\/produkt\/zipp-404-firecrest-carbon-disc-tubeless-sram-shimano-laufradsatz-modell-2022\/#breadcrumb"},"inLanguage":"en-US","potentialAction":[{"@type":"ReadAction","target":["https:\/\/kgerad.de\/produkt\/zipp-404-firecrest-carbon-disc-tubeless-sram-shimano-laufradsatz-modell-2022\/"]}]},{"@type":"ImageObject","inLanguage":"en-US","@id":"https:\/\/kgerad.de\/produkt\/zipp-404-firecrest-carbon-disc-tubeless-sram-shimano-laufradsatz-modell-2022\/#primaryimage","url":"https:\/\/kgerad.de\/wp-content\/uploads\/2023\/06\/ERC-1600-DB-23-Set-1_800x800-00-1.jpg","contentUrl":"https:\/\/kgerad.de\/wp-content\/uploads\/2023\/06\/ERC-1600-DB-23-Set-1_800x800-00-1.jpg","width":800,"height":684,"caption":"DT Swiss CR 1600 Spline DB 23mm Laufradsatz"},{"@type":"BreadcrumbList","@id":"https:\/\/kgerad.de\/produkt\/zipp-404-firecrest-carbon-disc-tubeless-sram-shimano-laufradsatz-modell-2022\/#breadcrumb","itemListElement":[{"@type":"ListItem","position":1,"name":"Startseite","item":"https:\/\/kgerad.de\/"},{"@type":"ListItem","position":2,"name":"LADEN","item":"https:\/\/kgerad.de\/laden\/"},{"@type":"ListItem","position":3,"name":"DT Swiss CR 1600 Spline DB 23mm Laufradsatz"}]},{"@type":"WebSite","@id":"https:\/\/kgerad.de\/#website","url":"https:\/\/kgerad.de\/","name":"kgerad.de","description":"Treten Sie mit uns ins Abenteuer!","publisher":{"@id":"https:\/\/kgerad.de\/#organization"},"alternateName":"MEIN RADLADEN","potentialAction":[{"@type":"SearchAction","target":{"@type":"EntryPoint","urlTemplate":"https:\/\/kgerad.de\/?s={search_term_string}"},"query-input":{"@type":"PropertyValueSpecification","valueRequired":true,"valueName":"search_term_string"}}],"inLanguage":"en-US"},{"@type":"Organization","@id":"https:\/\/kgerad.de\/#organization","name":"MEINRADLADEN","alternateName":"MEIN RADLADEN","url":"https:\/\/kgerad.de\/","logo":{"@type":"ImageObject","inLanguage":"en-US","@id":"https:\/\/kgerad.de\/#\/schema\/logo\/image\/","url":"https:\/\/kgerad.de\/wp-content\/uploads\/2025\/07\/logo-Whit.svg","contentUrl":"https:\/\/kgerad.de\/wp-content\/uploads\/2025\/07\/logo-Whit.svg","width":1640,"height":371,"caption":"MEINRADLADEN"},"image":{"@id":"https:\/\/kgerad.de\/#\/schema\/logo\/image\/"}}]}},"_links":{"self":[{"href":"https:\/\/kgerad.de\/en\/wp-json\/wp\/v2\/product\/46980","targetHints":{"allow":["GET"]}}],"collection":[{"href":"https:\/\/kgerad.de\/en\/wp-json\/wp\/v2\/product"}],"about":[{"href":"https:\/\/kgerad.de\/en\/wp-json\/wp\/v2\/types\/product"}],"replies":[{"embeddable":true,"href":"https:\/\/kgerad.de\/en\/wp-json\/wp\/v2\/comments?post=46980"}],"version-history":[{"count":2,"href":"https:\/\/kgerad.de\/en\/wp-json\/wp\/v2\/product\/46980\/revisions"}],"predecessor-version":[{"id":78916,"href":"https:\/\/kgerad.de\/en\/wp-json\/wp\/v2\/product\/46980\/revisions\/78916"}],"wp:featuredmedia":[{"embeddable":true,"href":"https:\/\/kgerad.de\/en\/wp-json\/wp\/v2\/media\/64082"}],"wp:attachment":[{"href":"https:\/\/kgerad.de\/en\/wp-json\/wp\/v2\/media?parent=46980"}],"wp:term":[{"taxonomy":"product_brand","embeddable":true,"href":"https:\/\/kgerad.de\/en\/wp-json\/wp\/v2\/product_brand?post=46980"},{"taxonomy":"product_cat","embeddable":true,"href":"https:\/\/kgerad.de\/en\/wp-json\/wp\/v2\/product_cat?post=46980"},{"taxonomy":"product_tag","embeddable":true,"href":"https:\/\/kgerad.de\/en\/wp-json\/wp\/v2\/product_tag?post=46980"}],"curies":[{"name":"wp","href":"https:\/\/api.w.org\/{rel}","templated":true}]}}