{"id":46959,"date":"2022-12-01T09:56:34","date_gmt":"2022-12-01T08:56:34","guid":{"rendered":"https:\/\/kgerad.de\/?post_type=product&#038;p=46959"},"modified":"2023-08-10T20:55:19","modified_gmt":"2023-08-10T18:55:19","slug":"campagnolo-shamal-carbon-disc-laufradsatz","status":"publish","type":"product","link":"https:\/\/kgerad.de\/en\/product\/campagnolo-shamal-carbon-disc-laufradsatz\/","title":{"rendered":"Campagnolo Shamal Carbon Disc Laufradsatz"},"content":{"rendered":"<h2 class=\"product--title\"><strong>Campagnolo<\/strong>\u00a0Shamal Carbon Disc Laufradsatz<\/h2>\n<p>Shamal-Laufr\u00e4der sind rollende Legenden der Stra\u00dfe. <a href=\"http:\/\/1-1\">Jetzt<\/a> weiten sie ihre Performance auf den Schotter aus \u2013 und sind damit die passenden Laufr\u00e4der zur Ekar-Gravelgruppe. Nat\u00fcrlich mit dem neuen Campa-Standard N3W erh\u00e4ltlich, damit der 13-fachen Gravelaktion nichts im Wege steht.<\/p>\n<h2>Schneller Komfortlaufradsatz: Campagnolos Shamal Carbon Disc Brake<\/h2>\n<p>Seit 1992 steht der Name f\u00fcr h\u00f6chste Anspr\u00fcche an Geschwindigkeit, Aerodynamik, Leistung und Design. Im Einklang mit dieser stets in die Zukunft weisenden Geschichte der Shamal-Laufr\u00e4der ist nun der erste Campagnolo-Laufradsatz entstanden, der explizit dem Einsatz an Endurance-Rennr\u00e4dern und Gravelbikes gewidmet ist.<\/p>\n<p>Die Shamal Carbon Disc Laufr\u00e4der verf\u00fcgen \u00fcber eine Innenweite von 21 mm und sind damit in der Lage, breitere Reifen aufzunehmen, um dem Radfahrer maximalen Komfort zu bieten, egal ob bei Rennen oder auf langen Touren. Der Laufradsatz richtet sich bewusst an den breiten Kreis von Radfahrern, die sich gleicherma\u00dfen schnelle wie komfortable Laufr\u00e4der w\u00fcnschen. Dass die Produkte des italienischen Traditionsherstellers immer auch \u00fcber ein ansprechendes Design und hochwertige Materialien verf\u00fcgen, versteht sich ohnehin ganz von selbst.<\/p>\n<p>Das moderne, abgerundete Profil, die neu gestalteten Naben aus Aluminium, das innovative Lagersystem und die Felgen aus Carbon sprechen in dieser Hinsicht absolut f\u00fcr sich. Alle Designschritte wurden beim Campagnolo Shamal Carbon Disc von dem Wunsch bestimmt, die Leistung des Radfahrers \u00fcber lange Stunden im Sattel zu verbessern und das Fahrerlebnis unter allen Umst\u00e4nden so angenehm wie m\u00f6glich zu gestalten.<\/p>\n<p>Deshalb wurde die Felge so gestaltet, dass sie sich perfekt mit Reifen kombinieren l\u00e4sst, die 25mm, 28mm oder 30mm breit sind. Allerdings macht der breite Felgenkanal dieses Rad zu einem kompletten Allrounder, der auch f\u00fcr breitere Reifen geeignet ist, wie sie beispielsweise f\u00fcr Gravel Bikes genutzt werden. Dank der 2-Way Fit-Technologie garantiert Campagnolo eine vollst\u00e4ndige Kompatibilit\u00e4t sowohl mit Drahtreifen als auch mit Tubeless-Reifen. F\u00fcr die Abdichtung bei der Verwendung von Tubeless-Reifen ist kein Klebeband erforderlich.<\/p>\n<p>Shamal Carbon Disc ist der perfekte Allrounder: ein Laufradsatz, der gleicherma\u00dfen schnell und komfortabel ist. Ideal f\u00fcr Endurance-Rennr\u00e4der und Gravel Bikes.<\/p>\n<hr \/>\n<h3>Features &#8211; Campagnolo Shamal Carbon Disc Brake<\/h3>\n<ul>\n<li>Das Felgendesign mit 21mm Innenweite bietet maximale Auswahl bei der Reifenbreite. Von komfortablen Reifen f\u00fcr den Stra\u00dfeneinsatz (25mm, 28mm, 30mm) bis hin zu volumin\u00f6sen Reifen f\u00fcr Cyclocross und Gravel (zwischen 32mm und \u00fcppigen 45mm bzw. 50mm).<\/li>\n<li>Durch das patentierte Momag-System und den ungelochten Felgenboden sind die SHAMAL-Laufr\u00e4der f\u00fcr den Gebrauch mit Tubeless-Reifen ohne Verwendung von Abdichtband bereit. Garantiert einfache Wartung und Reinigung.<\/li>\n<li>Das 2-Way Fit Profil erm\u00f6glicht sowohl die Montage von Drahtreifen als auch Tubelessreifen.<\/li>\n<li>Ideal f\u00fcr den Einsatz an Endurance-Rennr\u00e4dern oder Gravel Bikes<\/li>\n<\/ul>\n<h3>Produkteigenschaften<\/h3>\n<ul>\n<li><strong>Einsatzbereich:\u00a0<\/strong>Endurance \/ Gravel \/ Cyclocross \/ Rennrad<\/li>\n<li><strong>Modell:\u00a0<\/strong>Shamal Carbon Disc<\/li>\n<li><strong>Felgentyp:\u00a0<\/strong>Drahtreifen<\/li>\n<li><strong>Tubeless ready:<\/strong>\u00a0\u2714 (2-Way Fit)<\/li>\n<li><strong>Laufradgr\u00f6\u00dfe:<\/strong>\u00a028&#8243;<\/li>\n<li><strong>Felgengr\u00f6\u00dfe:\u00a0<\/strong>622x21C<\/li>\n<li><b>Maulweite:<\/b>\u00a021mm<\/li>\n<li><strong>Felgenh\u00f6he:<\/strong>\n<ul>\n<li><b>Vorne:<\/b>\u00a035mm<\/li>\n<li><b>Hinten:<\/b>\u00a040mm<\/li>\n<\/ul>\n<\/li>\n<li><strong>Felgenquerschnitt (H\u00f6he\/Breite):<\/strong>\u00a035-40\/28,1mm<\/li>\n<li><strong>Bremssystem:<\/strong>\u00a0Scheibenbremse<\/li>\n<li><strong>Aufnahme:<\/strong>\u00a0AFS (Axial Fixing System von Fulcrum), kompatibel mit Center Lock<\/li>\n<li><strong>Achssytem:<\/strong>\u00a0Steckachse\n<ul>\n<li><b>Vorne:<\/b>\u00a012 x 100mm vorne<\/li>\n<li><b>Hinten:<\/b>\u00a012 x 142mm hinten<\/li>\n<\/ul>\n<\/li>\n<li><strong>Lager:<\/strong>\u00a0Konus-Lagerschalensystem<\/li>\n<li><strong>Speichen:<\/strong>\u00a024 verj\u00fcngte Stahlspeichen mit rundem Querschnitt (mit G3-Geometrie gruppiert)<\/li>\n<li><b>Empfohlene Reifenbreite:<\/b>\u00a025 &#8211; 50mm<\/li>\n<\/ul>\n<h3>Freilaufk\u00f6rper (Variante w\u00e4hlen)<\/h3>\n<ul>\n<li>Campagnolo (N3W 11-13)<\/li>\n<li>Sram (XDR 12)<\/li>\n<li>Shimano (HG 8-11) \/ Sram (XD 9-11)<\/li>\n<\/ul>\n<h3>Material<\/h3>\n<ul>\n<li><strong>Felgen:\u00a0<\/strong>Carbon<\/li>\n<li><strong>Nabenk\u00f6rper:\u00a0<\/strong>Aluminium<\/li>\n<li><strong>Speichen:<\/strong>\u00a0Edelstahl<\/li>\n<li><strong>Nippel:<\/strong>\u00a0Aluminium<\/li>\n<\/ul>\n<h3>Farbe<\/h3>\n<ul>\n<li>Schwarz \/ Dark Label<\/li>\n<\/ul>\n<h3>Gewicht<\/h3>\n<ul>\n<li>1585g Paar (Herstellerangabe)<\/li>\n<\/ul>\n<hr \/>\n<h3>Lieferumfang<\/h3>\n<ul>\n<li>1 Shamal Carbon Disc Laufradsatz<\/li>\n<\/ul>\n<hr \/>\n<h3>Technologien<\/h3>\n<p><strong>G3\u2122-Geometrie<\/strong><br \/>\nCampagnolo\u00ae entwickelte ein Einspeichmuster, das im Vergleich zu einem herk\u00f6mmlichen Laufrad eine verbesserte Energie\u00fcbertragung erm\u00f6glicht, am Hinterrad die Beanspruchung der Speichen auf der rechten Seite reduziert und die seitensteifigkeit erh\u00f6ht. Denn bei der G3\u2122-Geometrie weist die rechte Seite des Hinterrads die doppelte Speichenzahl im Vergleich zur linken Seite auf. Die Vorteile des G3\u2122-Systems sind erstaunlich: verbesserte \u00dcbertragung der Antriebskraft, erh\u00f6hte Seitensteifigkeit, Reduzierung der Speichenspannung am Hinterrad. Dank des Systems G3\u2122, das die Kr\u00e4fte, die auf die 2 Seiten des Laufrads einwirken, kompensiert, werden die Vibrationen auch bei Personen mit h\u00f6herem Gewicht beseitigt.<\/p>\n<p><strong>MoMag\u2122<\/strong><br \/>\nDer \u201cMounting Magnet\u201d ist ein Magnet mit Verstand. Darum hat Campagnolo ihn patentieren lassen. Die Nippel werden durch die Ventil\u00f6ffnung in die Felge gesteckt und dann mit einem Magneten zur entsprechenden \u00d6ffnung gef\u00fchrt. Der obere Felgensteg ist geschlossen und das Spannen erfolgt von Aussen. Vorteile: Das geschlossene Felgenbett ist stabiler, bei Drahtreifen ist kein Felgenband mehr erforderlich, was Gewicht spart. Die Speichen k\u00f6nnen fester gespannt und leicht gewechselt werden, das Laufrad ist steifer und stabiler, Reaktivit\u00e4t und Beschleunigungsverm\u00f6gen sind h\u00f6her.<\/p>\n<p><strong>N3W<\/strong><br \/>\nEin einziger Standard f\u00fcr alle Campagnolo-Kassetten: die von gestern, heute und &#8230; morgen.<\/p>\n<hr \/>\n<h3>Introducing the new allrounder wheelset: Shamal Carbon Disc Brake<\/h3>\n<p><iframe src=\"https:\/\/www.youtube-nocookie.com\/embed\/bhyg5F2wUD4\" width=\"640\" height=\"360\" frameborder=\"0\" allowfullscreen=\"allowfullscreen\" data-mce-fragment=\"1\"><\/iframe><\/p>\n<h3>CAMPY TECH LAB G3 SYSTEM CAMPAGNOLO<\/h3>\n<p><iframe src=\"https:\/\/www.youtube-nocookie.com\/embed\/7xHSpguqljw?rel=0&amp;showinfo=0\" width=\"640\" height=\"360\" frameborder=\"0\" allowfullscreen=\"allowfullscreen\" data-mce-fragment=\"1\"><\/iframe><\/p>\n<h2 class=\"product--rating-container\"><\/h2>","protected":false},"excerpt":{"rendered":"<p>Campagnolo\u00a0Shamal Carbon Disc Laufradsatz Shamal-Laufr\u00e4der sind rollende Legenden der Stra\u00dfe. Jetzt weiten sie ihre Performance auf den Schotter aus \u2013<\/p>","protected":false},"featured_media":64067,"comment_status":"open","ping_status":"closed","template":"","meta":[],"product_brand":[],"product_cat":[318],"product_tag":[],"class_list":{"0":"post-46959","1":"product","2":"type-product","3":"status-publish","4":"has-post-thumbnail","6":"product_cat-outdoor","7":"pa_marke-compagnolo","9":"first","10":"instock","11":"sale","12":"taxable","13":"shipping-taxable","14":"purchasable","15":"product-type-variable"},"yoast_head":"<!-- This site is optimized with the Yoast SEO Premium plugin v20.12 (Yoast SEO v27.1.1) - https:\/\/yoast.com\/product\/yoast-seo-premium-wordpress\/ -->\n<title>Campagnolo Shamal Carbon Disc Laufradsatz<\/title>\n<meta name=\"description\" content=\"Entdecken Sie unseren Online-Fahrradladen: Gro\u00dfe Auswahl an Modellen f\u00fcr alle Radsportbegeisterten. Von Rennr\u00e4dern bis zu Mountainbikes - finden Sie heute Ihren perfekten Wegbegleiter!\" \/>\n<meta name=\"robots\" content=\"index, follow, max-snippet:-1, max-image-preview:large, max-video-preview:-1\" \/>\n<link rel=\"canonical\" href=\"https:\/\/kgerad.de\/en\/product\/campagnolo-shamal-carbon-disc-laufradsatz\/\" \/>\n<meta property=\"og:locale\" content=\"en_US\" \/>\n<meta property=\"og:type\" content=\"article\" \/>\n<meta property=\"og:title\" content=\"Campagnolo Shamal Carbon Disc Laufradsatz\" \/>\n<meta property=\"og:description\" content=\"Entdecken Sie unseren Online-Fahrradladen: Gro\u00dfe Auswahl an Modellen f\u00fcr alle Radsportbegeisterten. Von Rennr\u00e4dern bis zu Mountainbikes - finden Sie heute Ihren perfekten Wegbegleiter!\" \/>\n<meta property=\"og:url\" content=\"https:\/\/kgerad.de\/en\/product\/campagnolo-shamal-carbon-disc-laufradsatz\/\" \/>\n<meta property=\"og:site_name\" content=\"kgerad.de\" \/>\n<meta property=\"article:modified_time\" content=\"2023-08-10T18:55:19+00:00\" \/>\n<meta property=\"og:image\" content=\"https:\/\/kgerad.de\/wp-content\/uploads\/2023\/06\/10809_z_shamal-carbon-disc-brake-front-2021_2_800x800-00.jpg\" \/>\n\t<meta property=\"og:image:width\" content=\"800\" \/>\n\t<meta property=\"og:image:height\" content=\"474\" \/>\n\t<meta property=\"og:image:type\" content=\"image\/jpeg\" \/>\n<meta name=\"twitter:card\" content=\"summary_large_image\" \/>\n<meta name=\"twitter:label1\" content=\"Est. reading time\" \/>\n\t<meta name=\"twitter:data1\" content=\"5 minutes\" \/>\n<script type=\"application\/ld+json\" class=\"yoast-schema-graph\">{\"@context\":\"https:\/\/schema.org\",\"@graph\":[{\"@type\":\"WebPage\",\"@id\":\"https:\/\/kgerad.de\/produkt\/campagnolo-shamal-carbon-disc-laufradsatz\/\",\"url\":\"https:\/\/kgerad.de\/produkt\/campagnolo-shamal-carbon-disc-laufradsatz\/\",\"name\":\"Campagnolo Shamal Carbon Disc Laufradsatz\",\"isPartOf\":{\"@id\":\"https:\/\/kgerad.de\/#website\"},\"primaryImageOfPage\":{\"@id\":\"https:\/\/kgerad.de\/produkt\/campagnolo-shamal-carbon-disc-laufradsatz\/#primaryimage\"},\"image\":{\"@id\":\"https:\/\/kgerad.de\/produkt\/campagnolo-shamal-carbon-disc-laufradsatz\/#primaryimage\"},\"thumbnailUrl\":\"https:\/\/kgerad.de\/wp-content\/uploads\/2023\/06\/10809_z_shamal-carbon-disc-brake-front-2021_2_800x800-00.jpg\",\"datePublished\":\"2022-12-01T08:56:34+00:00\",\"dateModified\":\"2023-08-10T18:55:19+00:00\",\"description\":\"Entdecken Sie unseren Online-Fahrradladen: Gro\u00dfe Auswahl an Modellen f\u00fcr alle Radsportbegeisterten. Von Rennr\u00e4dern bis zu Mountainbikes - finden Sie heute Ihren perfekten Wegbegleiter!\",\"breadcrumb\":{\"@id\":\"https:\/\/kgerad.de\/produkt\/campagnolo-shamal-carbon-disc-laufradsatz\/#breadcrumb\"},\"inLanguage\":\"en-US\",\"potentialAction\":[{\"@type\":\"ReadAction\",\"target\":[\"https:\/\/kgerad.de\/produkt\/campagnolo-shamal-carbon-disc-laufradsatz\/\"]}]},{\"@type\":\"ImageObject\",\"inLanguage\":\"en-US\",\"@id\":\"https:\/\/kgerad.de\/produkt\/campagnolo-shamal-carbon-disc-laufradsatz\/#primaryimage\",\"url\":\"https:\/\/kgerad.de\/wp-content\/uploads\/2023\/06\/10809_z_shamal-carbon-disc-brake-front-2021_2_800x800-00.jpg\",\"contentUrl\":\"https:\/\/kgerad.de\/wp-content\/uploads\/2023\/06\/10809_z_shamal-carbon-disc-brake-front-2021_2_800x800-00.jpg\",\"width\":800,\"height\":474,\"caption\":\"Campagnolo Shamal Carbon Disc Laufradsatz\"},{\"@type\":\"BreadcrumbList\",\"@id\":\"https:\/\/kgerad.de\/produkt\/campagnolo-shamal-carbon-disc-laufradsatz\/#breadcrumb\",\"itemListElement\":[{\"@type\":\"ListItem\",\"position\":1,\"name\":\"Startseite\",\"item\":\"https:\/\/kgerad.de\/\"},{\"@type\":\"ListItem\",\"position\":2,\"name\":\"LADEN\",\"item\":\"https:\/\/kgerad.de\/laden\/\"},{\"@type\":\"ListItem\",\"position\":3,\"name\":\"Campagnolo Shamal Carbon Disc Laufradsatz\"}]},{\"@type\":\"WebSite\",\"@id\":\"https:\/\/kgerad.de\/#website\",\"url\":\"https:\/\/kgerad.de\/\",\"name\":\"kgerad.de\",\"description\":\"Treten Sie mit uns ins Abenteuer!\",\"publisher\":{\"@id\":\"https:\/\/kgerad.de\/#organization\"},\"alternateName\":\"MEIN RADLADEN\",\"potentialAction\":[{\"@type\":\"SearchAction\",\"target\":{\"@type\":\"EntryPoint\",\"urlTemplate\":\"https:\/\/kgerad.de\/?s={search_term_string}\"},\"query-input\":{\"@type\":\"PropertyValueSpecification\",\"valueRequired\":true,\"valueName\":\"search_term_string\"}}],\"inLanguage\":\"en-US\"},{\"@type\":\"Organization\",\"@id\":\"https:\/\/kgerad.de\/#organization\",\"name\":\"MEINRADLADEN\",\"alternateName\":\"MEIN RADLADEN\",\"url\":\"https:\/\/kgerad.de\/\",\"logo\":{\"@type\":\"ImageObject\",\"inLanguage\":\"en-US\",\"@id\":\"https:\/\/kgerad.de\/#\/schema\/logo\/image\/\",\"url\":\"https:\/\/kgerad.de\/wp-content\/uploads\/2025\/07\/logo-Whit.svg\",\"contentUrl\":\"https:\/\/kgerad.de\/wp-content\/uploads\/2025\/07\/logo-Whit.svg\",\"width\":1640,\"height\":371,\"caption\":\"MEINRADLADEN\"},\"image\":{\"@id\":\"https:\/\/kgerad.de\/#\/schema\/logo\/image\/\"}}]}<\/script>\n<!-- \/ Yoast SEO Premium plugin. -->","yoast_head_json":{"title":"Campagnolo Shamal Carbon Disc Laufradsatz","description":"Entdecken Sie unseren Online-Fahrradladen: Gro\u00dfe Auswahl an Modellen f\u00fcr alle Radsportbegeisterten. Von Rennr\u00e4dern bis zu Mountainbikes - finden Sie heute Ihren perfekten Wegbegleiter!","robots":{"index":"index","follow":"follow","max-snippet":"max-snippet:-1","max-image-preview":"max-image-preview:large","max-video-preview":"max-video-preview:-1"},"canonical":"https:\/\/kgerad.de\/en\/product\/campagnolo-shamal-carbon-disc-laufradsatz\/","og_locale":"en_US","og_type":"article","og_title":"Campagnolo Shamal Carbon Disc Laufradsatz","og_description":"Entdecken Sie unseren Online-Fahrradladen: Gro\u00dfe Auswahl an Modellen f\u00fcr alle Radsportbegeisterten. Von Rennr\u00e4dern bis zu Mountainbikes - finden Sie heute Ihren perfekten Wegbegleiter!","og_url":"https:\/\/kgerad.de\/en\/product\/campagnolo-shamal-carbon-disc-laufradsatz\/","og_site_name":"kgerad.de","article_modified_time":"2023-08-10T18:55:19+00:00","og_image":[{"width":800,"height":474,"url":"https:\/\/kgerad.de\/wp-content\/uploads\/2023\/06\/10809_z_shamal-carbon-disc-brake-front-2021_2_800x800-00.jpg","type":"image\/jpeg"}],"twitter_card":"summary_large_image","twitter_misc":{"Est. reading time":"5 minutes"},"schema":{"@context":"https:\/\/schema.org","@graph":[{"@type":"WebPage","@id":"https:\/\/kgerad.de\/produkt\/campagnolo-shamal-carbon-disc-laufradsatz\/","url":"https:\/\/kgerad.de\/produkt\/campagnolo-shamal-carbon-disc-laufradsatz\/","name":"Campagnolo Shamal Carbon Disc Laufradsatz","isPartOf":{"@id":"https:\/\/kgerad.de\/#website"},"primaryImageOfPage":{"@id":"https:\/\/kgerad.de\/produkt\/campagnolo-shamal-carbon-disc-laufradsatz\/#primaryimage"},"image":{"@id":"https:\/\/kgerad.de\/produkt\/campagnolo-shamal-carbon-disc-laufradsatz\/#primaryimage"},"thumbnailUrl":"https:\/\/kgerad.de\/wp-content\/uploads\/2023\/06\/10809_z_shamal-carbon-disc-brake-front-2021_2_800x800-00.jpg","datePublished":"2022-12-01T08:56:34+00:00","dateModified":"2023-08-10T18:55:19+00:00","description":"Entdecken Sie unseren Online-Fahrradladen: Gro\u00dfe Auswahl an Modellen f\u00fcr alle Radsportbegeisterten. Von Rennr\u00e4dern bis zu Mountainbikes - finden Sie heute Ihren perfekten Wegbegleiter!","breadcrumb":{"@id":"https:\/\/kgerad.de\/produkt\/campagnolo-shamal-carbon-disc-laufradsatz\/#breadcrumb"},"inLanguage":"en-US","potentialAction":[{"@type":"ReadAction","target":["https:\/\/kgerad.de\/produkt\/campagnolo-shamal-carbon-disc-laufradsatz\/"]}]},{"@type":"ImageObject","inLanguage":"en-US","@id":"https:\/\/kgerad.de\/produkt\/campagnolo-shamal-carbon-disc-laufradsatz\/#primaryimage","url":"https:\/\/kgerad.de\/wp-content\/uploads\/2023\/06\/10809_z_shamal-carbon-disc-brake-front-2021_2_800x800-00.jpg","contentUrl":"https:\/\/kgerad.de\/wp-content\/uploads\/2023\/06\/10809_z_shamal-carbon-disc-brake-front-2021_2_800x800-00.jpg","width":800,"height":474,"caption":"Campagnolo Shamal Carbon Disc Laufradsatz"},{"@type":"BreadcrumbList","@id":"https:\/\/kgerad.de\/produkt\/campagnolo-shamal-carbon-disc-laufradsatz\/#breadcrumb","itemListElement":[{"@type":"ListItem","position":1,"name":"Startseite","item":"https:\/\/kgerad.de\/"},{"@type":"ListItem","position":2,"name":"LADEN","item":"https:\/\/kgerad.de\/laden\/"},{"@type":"ListItem","position":3,"name":"Campagnolo Shamal Carbon Disc Laufradsatz"}]},{"@type":"WebSite","@id":"https:\/\/kgerad.de\/#website","url":"https:\/\/kgerad.de\/","name":"kgerad.de","description":"Treten Sie mit uns ins Abenteuer!","publisher":{"@id":"https:\/\/kgerad.de\/#organization"},"alternateName":"MEIN RADLADEN","potentialAction":[{"@type":"SearchAction","target":{"@type":"EntryPoint","urlTemplate":"https:\/\/kgerad.de\/?s={search_term_string}"},"query-input":{"@type":"PropertyValueSpecification","valueRequired":true,"valueName":"search_term_string"}}],"inLanguage":"en-US"},{"@type":"Organization","@id":"https:\/\/kgerad.de\/#organization","name":"MEINRADLADEN","alternateName":"MEIN RADLADEN","url":"https:\/\/kgerad.de\/","logo":{"@type":"ImageObject","inLanguage":"en-US","@id":"https:\/\/kgerad.de\/#\/schema\/logo\/image\/","url":"https:\/\/kgerad.de\/wp-content\/uploads\/2025\/07\/logo-Whit.svg","contentUrl":"https:\/\/kgerad.de\/wp-content\/uploads\/2025\/07\/logo-Whit.svg","width":1640,"height":371,"caption":"MEINRADLADEN"},"image":{"@id":"https:\/\/kgerad.de\/#\/schema\/logo\/image\/"}}]}},"_links":{"self":[{"href":"https:\/\/kgerad.de\/en\/wp-json\/wp\/v2\/product\/46959","targetHints":{"allow":["GET"]}}],"collection":[{"href":"https:\/\/kgerad.de\/en\/wp-json\/wp\/v2\/product"}],"about":[{"href":"https:\/\/kgerad.de\/en\/wp-json\/wp\/v2\/types\/product"}],"replies":[{"embeddable":true,"href":"https:\/\/kgerad.de\/en\/wp-json\/wp\/v2\/comments?post=46959"}],"version-history":[{"count":1,"href":"https:\/\/kgerad.de\/en\/wp-json\/wp\/v2\/product\/46959\/revisions"}],"predecessor-version":[{"id":78917,"href":"https:\/\/kgerad.de\/en\/wp-json\/wp\/v2\/product\/46959\/revisions\/78917"}],"wp:featuredmedia":[{"embeddable":true,"href":"https:\/\/kgerad.de\/en\/wp-json\/wp\/v2\/media\/64067"}],"wp:attachment":[{"href":"https:\/\/kgerad.de\/en\/wp-json\/wp\/v2\/media?parent=46959"}],"wp:term":[{"taxonomy":"product_brand","embeddable":true,"href":"https:\/\/kgerad.de\/en\/wp-json\/wp\/v2\/product_brand?post=46959"},{"taxonomy":"product_cat","embeddable":true,"href":"https:\/\/kgerad.de\/en\/wp-json\/wp\/v2\/product_cat?post=46959"},{"taxonomy":"product_tag","embeddable":true,"href":"https:\/\/kgerad.de\/en\/wp-json\/wp\/v2\/product_tag?post=46959"}],"curies":[{"name":"wp","href":"https:\/\/api.w.org\/{rel}","templated":true}]}}