{"id":46932,"date":"2022-11-30T20:43:03","date_gmt":"2022-11-30T19:43:03","guid":{"rendered":"https:\/\/kgerad.de\/?post_type=product&#038;p=46932"},"modified":"2023-08-10T20:55:44","modified_gmt":"2023-08-10T18:55:44","slug":"santa-cruz-bullit-cc-s","status":"publish","type":"product","link":"https:\/\/kgerad.de\/en\/product\/santa-cruz-bullit-cc-s\/","title":{"rendered":"Santa Cruz Bullit CC S"},"content":{"rendered":"<div class=\"product--headername\">\n<h2 class=\"product--title\"><strong>Santa Cruz<\/strong>\u00a0Bullit CC S<\/h2>\n<p>Das zweite E-MTB Santa Cruz Bullit CC S der Kalifornier aus Santa Cruz h\u00f6rt auf den Namen Bullit und liefert absolute Top-Performance \u2013 bergauf genauso wie bergab. High-End-Carbonrahmen mit \u201eMixed\u201c-Laufradgr\u00f6\u00dfen (vorne 29&#8243;, hinten 27.5&#8243;), 170 mm Federweg, dazu der neue Shimano EP8-Motor mit gro\u00dfem 630 Wh Akku: das sind die Zutaten f\u00fcr jede Menge Spa\u00df auf richtig schwierigen Trails.<\/p>\n<hr \/>\n<h3>Das Santa Cruz Bullit CC S MX im Detail<\/h3>\n<p>Das Bullit wurde f\u00fcr die l\u00e4ngsten und anspruchsvollsten Trails gebaut. F\u00fcr Wurzeln, Felsen, Spr\u00fcnge und Steilabfahrten, <a href=\"http:\/\/santa.de\">denen<\/a> man mit viel Federweg begegnen will. F\u00fcr Trails, die bisher Nomad- und Megatower-Piloten vorbehalten waren. Mit der Unterst\u00fctzung des Shimano STEPS Systems radeln wir nun noch einige Steilstufen weiter und erreichen gemeinsam neue Herausforderungen jenseits der Seilbahnen und Shuttle-Stra\u00dfen.<\/p>\n<p>Es waren die Erfolge von Downhill-Champion Loris Vergier, der Santa Cruz mit seinem 27,5&#8243; Hinterrad die Augen f\u00fcr das MX-Konzept bei der Entwicklung des Bullits ge\u00f6ffnet hat. Loris&#8216; erstes Ziel, in steilen Abfahrten mehr Bewegungsfreiheit \u00fcber dem Hinterrad zu bekommen, ist nur ein Vorteil des MX-Setups. Er und Santa Cruz stellten fest, dass so die Souver\u00e4nit\u00e4t und Gier nach Speed des 29er Vorderrad gegeben bleiben, bei gleichzeitig gewonnerer Agilit\u00e4t und verbesserter Kontrollierbarkeit. Au\u00dferdem erlaubt es in der Entwicklung mehr Spielraum bei der Kettenstrebenl\u00e4nge &#8211; f\u00fcr die richtige Balance aus Handling und Kletterf\u00e4higkeit, was bei einem E-Bike besonders relevant ist.<\/p>\n<hr \/>\n<h3>The Soundtrack Of Send \/\/ The New Santa Cruz Bullit ebike<\/h3>\n<p><iframe src=\"https:\/\/www.youtube-nocookie.com\/embed\/sk2uUtYwD2c\" width=\"640\" height=\"360\" frameborder=\"0\" allowfullscreen=\"allowfullscreen\" data-mce-fragment=\"1\"><\/iframe><\/p>\n<hr \/>\n<h3>Technologie<\/h3>\n<p><strong>Der Santa Cruz Carbon-Rahmen<\/strong><br \/>\nDieses Bike ist f\u00fcr progressives Mountainbiken gebaut. Der CC-Carbon-Rahmen des Bullit (Hauptrahmen und Hinterbau) und die Akkuabdeckung sind leicht und super-robust; die Geometrie ist perfekt f\u00fcr modernes Trailbiken; und das VPP-Design mit 150mm Federweg ist das ausgereifteste Federungsdesign aller E-MTBs.<\/p>\n<p>Santa Cruz nutzt Carbon f\u00fcr seine Mountainbikes nicht nur, weil es cool aussieht und weil es alle anderen tun. Sie sind Vorreiter bei der Verwendung fortschrittlicher Materialien und Produktionsmethoden, um m\u00f6glichst stabile und leistungsf\u00e4hige Bikes zu bauen. Durch ihre langj\u00e4hrige Erfahrung im Umgang mit Carbon kann Santa Cruz echten Fahrspa\u00df und volles Vertrauen in die Produkte garantieren.<\/p>\n<p><strong>Shimano STEPS EP8<\/strong><br \/>\nDer neue Shimano STEPS EP8 Motor ist leichter (mit 2,6kg &#8211; 310g leichter als der Vorg\u00e4nger), st\u00e4rker (85Nm) und effizienter als zuvor (36% weniger Reibung). Der Trail-Modus ist jetzt so abgestimmt, dass die vollen 85Nm genutzt werden, bei gleichzeitig optimierter Reichweite. Die Motorger\u00e4usche sind deutlich reduziert und man h\u00f6rt nur noch ein leises Surren. Das Volumen des Motors ist deutlich kleiner, was mehr Bodenfreiheit und somit viel Spa\u00df beim \u00dcberwinden von Hindernissen bringt. Gepaart mit dem leistungst\u00e4rkeren 630Wh Akku von Shimano bringt Dich das Bullit sicher zum hohen Traileinstieg.<\/p>\n<p><strong>170mm Federweg \/ VPP<\/strong><br \/>\nDer potente 170mm LowerLink-VPP-Hinterbau von Santa Cruz vereint die Sucht nach Downhill-Action mit effizienter Pedalierbarkeit. Da man beim E-Bike viel mehr im Sitzen pedaliert, hat Santa Cruz die Kennlinie angepasst um einen niedrigeren Anti-Squat-Wert im SAG zu erreichen als bei ihren klassischen Trailbikes. F\u00fcr mehr Traktion bei technischen Anstiegen. Und wenn es in den Downhill geht, bietet das LowerLink-VPP-System den gewohnten Support im mittleren Federweg und Richtung Bottom-Out.<\/p>\n<p><strong>UDH &#8211; Schaltauge<\/strong><br \/>\nDas einzige Schaltauge, dass Du noch brauchen wirst. Das SRAM UDH ist einfach, robust und universell. So wirst Du (oder Deine Kollegen) nicht mehr vergeblich nach einem Schaltauge suchen.<\/p>\n<hr \/>\n<h3>Empfohlene Rahmengr\u00f6\u00dfe<\/h3>\n<ul>\n<li><b>M:<\/b>\u00a0165 &#8211; 175 cm<\/li>\n<li><b>L:<\/b>\u00a0175 &#8211; 185 cm<\/li>\n<li><b>XL:<\/b>\u00a0183 &#8211; 193 cm<\/li>\n<\/ul>\n<hr \/>\n<p><strong>Bitte beachte, dass im Lieferumfang keine Pedale enthalten sind!<\/strong><\/p>\n<hr \/>\n<h3>*Einschr\u00e4nkungen, Ausschl\u00fcsse und Haftungsbeschr\u00e4nkungen der Garantie<\/h3>\n<p>Das einzige Rechtsmittel, das im Rahmen der vorstehenden ausdr\u00fccklichen Garantie und aller impliziten Garantien zur Verf\u00fcgung steht, ist die Reparatur oder der Ersatz defekter Teile durch gleich- oder h\u00f6herwertige Teile, die von Santa Cruz Bicycles nach eigenem Ermessen bestimmt werden.<\/p>\n<p>Einige Staaten und L\u00e4nder lassen einige oder alle der oben genannten Ausschl\u00fcsse oder Beschr\u00e4nkungen nicht zu, so dass diese m\u00f6glicherweise nicht auf Dich zutreffen. Wenn irgendein Teil der vorstehenden Garantie (oder der Ausschl\u00fcsse oder Einschr\u00e4nkungen) nach geltendem Recht als ung\u00fcltig oder nicht durchsetzbar erachtet wird, gilt die Garantie als so abge\u00e4ndert, dass sie im gr\u00f6\u00dftm\u00f6glichen Umfang in \u00dcbereinstimmung mit diesem Recht g\u00fcltig und wirksam ist. Diese Garantie gew\u00e4hrt Dir bestimmte gesetzliche Rechte. M\u00f6glicherweise hast Du auch andere Rechte, die von Bundesstaat zu Bundesstaat und von Land zu Land verschieden sind.<\/p>\n<h2>Ausstattung<\/h2>\n<div class=\"product--properties panel has--border\">\n<table class=\"product--properties-table\">\n<tbody>\n<tr class=\"product--properties-row row1\">\n<td class=\"product--properties-label is--bold\">Rahmen:<\/td>\n<td class=\"product--properties-value\">Carbon CC VPP\u2122<\/td>\n<\/tr>\n<tr class=\"product--properties-row row2\">\n<td class=\"product--properties-label is--bold\">Rahmenmaterial:<\/td>\n<td class=\"product--properties-value\">Carbon<\/td>\n<\/tr>\n<tr class=\"product--properties-row row3\">\n<td class=\"product--properties-label is--bold\">Laufradgr\u00f6\u00dfe:<\/td>\n<td class=\"product--properties-value\">29&#8243; \/ 27.5&#8243;<\/td>\n<\/tr>\n<tr class=\"product--properties-row row4\">\n<td class=\"product--properties-label is--bold\">Farbe:<\/td>\n<td class=\"product--properties-value\">Matte Copper and Black<\/td>\n<\/tr>\n<tr class=\"product--properties-row row5\">\n<td class=\"product--properties-label is--bold\">Gabel:<\/td>\n<td class=\"product--properties-value\">FOX 38 Float Performance, 170mm<\/td>\n<\/tr>\n<tr class=\"product--properties-row row6\">\n<td class=\"product--properties-label is--bold\">D\u00e4mpfer:<\/td>\n<td class=\"product--properties-value\">RockShox Super Deluxe Select+<\/td>\n<\/tr>\n<tr class=\"product--properties-row row7\">\n<td class=\"product--properties-label is--bold\">Federweg:<\/td>\n<td class=\"product--properties-value\">170mm \/ 170mm<\/td>\n<\/tr>\n<tr class=\"product--properties-row row8\">\n<td class=\"product--properties-label is--bold\">Bremsen:<\/td>\n<td class=\"product--properties-value\">SRAM Code R<\/td>\n<\/tr>\n<tr class=\"product--properties-row row9\">\n<td class=\"product--properties-label is--bold\">Bremsscheiben:<\/td>\n<td class=\"product--properties-value\">Avid Centerline 220 mm \/ 200 mm<\/td>\n<\/tr>\n<tr class=\"product--properties-row row10\">\n<td class=\"product--properties-label is--bold\">Steuersatz:<\/td>\n<td class=\"product--properties-value\">Cane Creek 40 IS Integrated<\/td>\n<\/tr>\n<tr class=\"product--properties-row row11\">\n<td class=\"product--properties-label is--bold\">Vorbau:<\/td>\n<td class=\"product--properties-value\">Burgtec Enduro MK3, 42.5mm<\/td>\n<\/tr>\n<tr class=\"product--properties-row row12\">\n<td class=\"product--properties-label is--bold\">Lenker:<\/td>\n<td class=\"product--properties-value\">Santa Cruz e35 Carbon Bar, 800mm, 35mm Rise<\/td>\n<\/tr>\n<tr class=\"product--properties-row row13\">\n<td class=\"product--properties-label is--bold\">Griffe:<\/td>\n<td class=\"product--properties-value\">Santa Cruz House Grips or Burgtec Bartender Pro Grip Minnaar<\/td>\n<\/tr>\n<tr class=\"product--properties-row row14\">\n<td class=\"product--properties-label is--bold\">Sattel:<\/td>\n<td class=\"product--properties-value\">WTB Silverado Medium Cromoly SL Fusion Saddle or WTB Volt<\/td>\n<\/tr>\n<tr class=\"product--properties-row row15\">\n<td class=\"product--properties-label is--bold\">Sattelst\u00fctze:<\/td>\n<td class=\"product--properties-value\">SDG Tellis Dropper, 31.6<\/td>\n<\/tr>\n<\/tbody>\n<\/table>\n<table class=\"product--properties-table\">\n<tbody>\n<tr class=\"product--properties-row row16\">\n<td class=\"product--properties-label is--bold\">Kurbel:<\/td>\n<td class=\"product--properties-value\">Shimano EM600 Crank Arms, 165mm<\/td>\n<\/tr>\n<tr class=\"product--properties-row row17\">\n<td class=\"product--properties-label is--bold\">Schaltwerk:<\/td>\n<td class=\"product--properties-value\">SRAM GX Eagle, 12spd<\/td>\n<\/tr>\n<tr class=\"product--properties-row row18\">\n<td class=\"product--properties-label is--bold\">Schalthebel:<\/td>\n<td class=\"product--properties-value\">SRAM GX Eagle Single Click, 12spd<\/td>\n<\/tr>\n<tr class=\"product--properties-row row19\">\n<td class=\"product--properties-label is--bold\">Kettenf\u00fchrung:<\/td>\n<td class=\"product--properties-value\">E13 E-Spec+ AL<\/td>\n<\/tr>\n<tr class=\"product--properties-row row20\">\n<td class=\"product--properties-label is--bold\">Kassette:<\/td>\n<td class=\"product--properties-value\">SRAM XG1275 Eagle, 12spd, 10-50t<\/td>\n<\/tr>\n<tr class=\"product--properties-row row21\">\n<td class=\"product--properties-label is--bold\">Kette:<\/td>\n<td class=\"product--properties-value\">SRAM GX Eagle, 12spd<\/td>\n<\/tr>\n<tr class=\"product--properties-row row22\">\n<td class=\"product--properties-label is--bold\">Reifen vorne:<\/td>\n<td class=\"product--properties-value\">Maxxis Assegai 29&#8243;x2.5&#8243;, 3C, MaxxGRIP, Double Down, TR<\/td>\n<\/tr>\n<tr class=\"product--properties-row row23\">\n<td class=\"product--properties-label is--bold\">Reifen hinten:<\/td>\n<td class=\"product--properties-value\">Maxxis Minion DHR II 27.5&#8243;x2.4, 3C, DoubleDown, EXO, TR<\/td>\n<\/tr>\n<tr class=\"product--properties-row row24\">\n<td class=\"product--properties-label is--bold\">Nabe Vorderrad:<\/td>\n<td class=\"product--properties-value\">DT Swiss 370, 15&#215;110, 6 bolt, 32h or E13 SL, 15&#215;110, 6 bolt, 32h<\/td>\n<\/tr>\n<tr class=\"product--properties-row row25\">\n<td class=\"product--properties-label is--bold\">Nabe Hinterrad:<\/td>\n<td class=\"product--properties-value\">DT Swiss 370, 12&#215;148, XD, 32h or E13 SL E-Spec, 12&#215;148, XD, 6 bolt, 32h<\/td>\n<\/tr>\n<tr class=\"product--properties-row row26\">\n<td class=\"product--properties-label is--bold\">Speichen:<\/td>\n<td class=\"product--properties-value\">Sapim Race<\/td>\n<\/tr>\n<tr class=\"product--properties-row row27\">\n<td class=\"product--properties-label is--bold\">Felgen:<\/td>\n<td class=\"product--properties-value\">RaceFace ARC HD 30 (29\u201d F, 27.5\u201d R)<\/td>\n<\/tr>\n<tr class=\"product--properties-row row28\">\n<td class=\"product--properties-label is--bold\">Display:<\/td>\n<td class=\"product--properties-value\">Shimano Display Unit SC-E7000<\/td>\n<\/tr>\n<tr class=\"product--properties-row row29\">\n<td class=\"product--properties-label is--bold\">Akku:<\/td>\n<td class=\"product--properties-value\">Shimano 630Wh Integrated<\/td>\n<\/tr>\n<tr class=\"product--properties-row row30\">\n<td class=\"product--properties-label is--bold\">Motor:<\/td>\n<td class=\"product--properties-value\">Shimano Drive Unit DU-EP800<\/td>\n<\/tr>\n<tr class=\"product--properties-row row31\">\n<td class=\"product--properties-label is--bold\">Pedale:<\/td>\n<td class=\"product--properties-value\">nicht im Lieferumfang enthalten<\/td>\n<\/tr>\n<tr class=\"product--properties-row row32\">\n<td class=\"product--properties-label is--bold\">Zul\u00e4ssiges Gesamtgewicht:<\/td>\n<td class=\"product--properties-value\">155 kg (K\u00f6rpergewicht + Fahrrad + Ausr\u00fcstung)<\/td>\n<\/tr>\n<tr class=\"product--properties-row row33\">\n<td class=\"product--properties-label is--bold\">Gewicht Komplettrad:<\/td>\n<td class=\"product--properties-value\">22.47 kg<\/td>\n<\/tr>\n<\/tbody>\n<\/table>\n<\/div>\n<\/div>","protected":false},"excerpt":{"rendered":"<p>Santa Cruz\u00a0Bullit CC S Das zweite E-MTB Santa Cruz Bullit CC S der Kalifornier aus Santa Cruz h\u00f6rt auf den<\/p>","protected":false},"featured_media":64066,"comment_status":"open","ping_status":"closed","template":"","meta":[],"product_brand":[],"product_cat":[33,35,475],"product_tag":[],"class_list":{"0":"post-46932","1":"product","2":"type-product","3":"status-publish","4":"has-post-thumbnail","6":"product_cat-e-bike","7":"product_cat-e-bikes-2022","8":"product_cat-e-mountainbike","9":"pa_marke-santa-cruz","11":"first","12":"instock","13":"sale","14":"taxable","15":"shipping-taxable","16":"purchasable","17":"product-type-variable"},"yoast_head":"<!-- This site is optimized with the Yoast SEO Premium plugin v20.12 (Yoast SEO v27.1.1) - https:\/\/yoast.com\/product\/yoast-seo-premium-wordpress\/ -->\n<title>Santa Cruz Bullit CC S<\/title>\n<meta name=\"description\" content=\"kgerad.de bietet Ihnen das Santa Cruz Bullit CC S zum besten Preis mit kostenlosem Versand in ganz EuropaSanta Cruz Bullit CC SSanta Cruz Bullit CC S\" \/>\n<meta name=\"robots\" content=\"index, follow, max-snippet:-1, max-image-preview:large, max-video-preview:-1\" \/>\n<link rel=\"canonical\" href=\"https:\/\/kgerad.de\/en\/product\/santa-cruz-bullit-cc-s\/\" \/>\n<meta property=\"og:locale\" content=\"en_US\" \/>\n<meta property=\"og:type\" content=\"article\" \/>\n<meta property=\"og:title\" content=\"Santa Cruz Bullit CC S\" \/>\n<meta property=\"og:description\" content=\"Entdecken Sie unseren Online-Fahrradladen: Gro\u00dfe Auswahl an Modellen f\u00fcr alle Radsportbegeisterten. Von Rennr\u00e4dern bis zu Mountainbikes - finden Sie heute Ihren perfekten Wegbegleiter!\" \/>\n<meta property=\"og:url\" content=\"https:\/\/kgerad.de\/en\/product\/santa-cruz-bullit-cc-s\/\" \/>\n<meta property=\"og:site_name\" content=\"kgerad.de\" \/>\n<meta property=\"article:modified_time\" content=\"2023-08-10T18:55:44+00:00\" \/>\n<meta property=\"og:image\" content=\"https:\/\/kgerad.de\/wp-content\/uploads\/2023\/06\/MY22_Bullit_CC_S_Bronze.jpg\" \/>\n\t<meta property=\"og:image:width\" content=\"1000\" \/>\n\t<meta property=\"og:image:height\" content=\"571\" \/>\n\t<meta property=\"og:image:type\" content=\"image\/jpeg\" \/>\n<meta name=\"twitter:card\" content=\"summary_large_image\" \/>\n<meta name=\"twitter:label1\" content=\"Est. reading time\" \/>\n\t<meta name=\"twitter:data1\" content=\"6 minutes\" \/>\n<script type=\"application\/ld+json\" class=\"yoast-schema-graph\">{\"@context\":\"https:\/\/schema.org\",\"@graph\":[{\"@type\":\"WebPage\",\"@id\":\"https:\/\/kgerad.de\/produkt\/santa-cruz-bullit-cc-s\/\",\"url\":\"https:\/\/kgerad.de\/produkt\/santa-cruz-bullit-cc-s\/\",\"name\":\"Santa Cruz Bullit CC S\",\"isPartOf\":{\"@id\":\"https:\/\/kgerad.de\/#website\"},\"primaryImageOfPage\":{\"@id\":\"https:\/\/kgerad.de\/produkt\/santa-cruz-bullit-cc-s\/#primaryimage\"},\"image\":{\"@id\":\"https:\/\/kgerad.de\/produkt\/santa-cruz-bullit-cc-s\/#primaryimage\"},\"thumbnailUrl\":\"https:\/\/kgerad.de\/wp-content\/uploads\/2023\/06\/MY22_Bullit_CC_S_Bronze.jpg\",\"datePublished\":\"2022-11-30T19:43:03+00:00\",\"dateModified\":\"2023-08-10T18:55:44+00:00\",\"description\":\"kgerad.de bietet Ihnen das Santa Cruz Bullit CC S zum besten Preis mit kostenlosem Versand in ganz EuropaSanta Cruz Bullit CC SSanta Cruz Bullit CC S\",\"breadcrumb\":{\"@id\":\"https:\/\/kgerad.de\/produkt\/santa-cruz-bullit-cc-s\/#breadcrumb\"},\"inLanguage\":\"en-US\",\"potentialAction\":[{\"@type\":\"ReadAction\",\"target\":[\"https:\/\/kgerad.de\/produkt\/santa-cruz-bullit-cc-s\/\"]}]},{\"@type\":\"ImageObject\",\"inLanguage\":\"en-US\",\"@id\":\"https:\/\/kgerad.de\/produkt\/santa-cruz-bullit-cc-s\/#primaryimage\",\"url\":\"https:\/\/kgerad.de\/wp-content\/uploads\/2023\/06\/MY22_Bullit_CC_S_Bronze.jpg\",\"contentUrl\":\"https:\/\/kgerad.de\/wp-content\/uploads\/2023\/06\/MY22_Bullit_CC_S_Bronze.jpg\",\"width\":1000,\"height\":571,\"caption\":\"Santa Cruz Bullit CC S\"},{\"@type\":\"BreadcrumbList\",\"@id\":\"https:\/\/kgerad.de\/produkt\/santa-cruz-bullit-cc-s\/#breadcrumb\",\"itemListElement\":[{\"@type\":\"ListItem\",\"position\":1,\"name\":\"Startseite\",\"item\":\"https:\/\/kgerad.de\/\"},{\"@type\":\"ListItem\",\"position\":2,\"name\":\"LADEN\",\"item\":\"https:\/\/kgerad.de\/laden\/\"},{\"@type\":\"ListItem\",\"position\":3,\"name\":\"Santa Cruz Bullit CC S\"}]},{\"@type\":\"WebSite\",\"@id\":\"https:\/\/kgerad.de\/#website\",\"url\":\"https:\/\/kgerad.de\/\",\"name\":\"kgerad.de\",\"description\":\"Treten Sie mit uns ins Abenteuer!\",\"publisher\":{\"@id\":\"https:\/\/kgerad.de\/#organization\"},\"alternateName\":\"MEIN RADLADEN\",\"potentialAction\":[{\"@type\":\"SearchAction\",\"target\":{\"@type\":\"EntryPoint\",\"urlTemplate\":\"https:\/\/kgerad.de\/?s={search_term_string}\"},\"query-input\":{\"@type\":\"PropertyValueSpecification\",\"valueRequired\":true,\"valueName\":\"search_term_string\"}}],\"inLanguage\":\"en-US\"},{\"@type\":\"Organization\",\"@id\":\"https:\/\/kgerad.de\/#organization\",\"name\":\"MEINRADLADEN\",\"alternateName\":\"MEIN RADLADEN\",\"url\":\"https:\/\/kgerad.de\/\",\"logo\":{\"@type\":\"ImageObject\",\"inLanguage\":\"en-US\",\"@id\":\"https:\/\/kgerad.de\/#\/schema\/logo\/image\/\",\"url\":\"https:\/\/kgerad.de\/wp-content\/uploads\/2025\/07\/logo-Whit.svg\",\"contentUrl\":\"https:\/\/kgerad.de\/wp-content\/uploads\/2025\/07\/logo-Whit.svg\",\"width\":1640,\"height\":371,\"caption\":\"MEINRADLADEN\"},\"image\":{\"@id\":\"https:\/\/kgerad.de\/#\/schema\/logo\/image\/\"}}]}<\/script>\n<!-- \/ Yoast SEO Premium plugin. -->","yoast_head_json":{"title":"Santa Cruz Bullit CC S","description":"kgerad.de bietet Ihnen das Santa Cruz Bullit CC S zum besten Preis mit kostenlosem Versand in ganz EuropaSanta Cruz Bullit CC SSanta Cruz Bullit CC S","robots":{"index":"index","follow":"follow","max-snippet":"max-snippet:-1","max-image-preview":"max-image-preview:large","max-video-preview":"max-video-preview:-1"},"canonical":"https:\/\/kgerad.de\/en\/product\/santa-cruz-bullit-cc-s\/","og_locale":"en_US","og_type":"article","og_title":"Santa Cruz Bullit CC S","og_description":"Entdecken Sie unseren Online-Fahrradladen: Gro\u00dfe Auswahl an Modellen f\u00fcr alle Radsportbegeisterten. Von Rennr\u00e4dern bis zu Mountainbikes - finden Sie heute Ihren perfekten Wegbegleiter!","og_url":"https:\/\/kgerad.de\/en\/product\/santa-cruz-bullit-cc-s\/","og_site_name":"kgerad.de","article_modified_time":"2023-08-10T18:55:44+00:00","og_image":[{"width":1000,"height":571,"url":"https:\/\/kgerad.de\/wp-content\/uploads\/2023\/06\/MY22_Bullit_CC_S_Bronze.jpg","type":"image\/jpeg"}],"twitter_card":"summary_large_image","twitter_misc":{"Est. reading time":"6 minutes"},"schema":{"@context":"https:\/\/schema.org","@graph":[{"@type":"WebPage","@id":"https:\/\/kgerad.de\/produkt\/santa-cruz-bullit-cc-s\/","url":"https:\/\/kgerad.de\/produkt\/santa-cruz-bullit-cc-s\/","name":"Santa Cruz Bullit CC S","isPartOf":{"@id":"https:\/\/kgerad.de\/#website"},"primaryImageOfPage":{"@id":"https:\/\/kgerad.de\/produkt\/santa-cruz-bullit-cc-s\/#primaryimage"},"image":{"@id":"https:\/\/kgerad.de\/produkt\/santa-cruz-bullit-cc-s\/#primaryimage"},"thumbnailUrl":"https:\/\/kgerad.de\/wp-content\/uploads\/2023\/06\/MY22_Bullit_CC_S_Bronze.jpg","datePublished":"2022-11-30T19:43:03+00:00","dateModified":"2023-08-10T18:55:44+00:00","description":"kgerad.de bietet Ihnen das Santa Cruz Bullit CC S zum besten Preis mit kostenlosem Versand in ganz EuropaSanta Cruz Bullit CC SSanta Cruz Bullit CC S","breadcrumb":{"@id":"https:\/\/kgerad.de\/produkt\/santa-cruz-bullit-cc-s\/#breadcrumb"},"inLanguage":"en-US","potentialAction":[{"@type":"ReadAction","target":["https:\/\/kgerad.de\/produkt\/santa-cruz-bullit-cc-s\/"]}]},{"@type":"ImageObject","inLanguage":"en-US","@id":"https:\/\/kgerad.de\/produkt\/santa-cruz-bullit-cc-s\/#primaryimage","url":"https:\/\/kgerad.de\/wp-content\/uploads\/2023\/06\/MY22_Bullit_CC_S_Bronze.jpg","contentUrl":"https:\/\/kgerad.de\/wp-content\/uploads\/2023\/06\/MY22_Bullit_CC_S_Bronze.jpg","width":1000,"height":571,"caption":"Santa Cruz Bullit CC S"},{"@type":"BreadcrumbList","@id":"https:\/\/kgerad.de\/produkt\/santa-cruz-bullit-cc-s\/#breadcrumb","itemListElement":[{"@type":"ListItem","position":1,"name":"Startseite","item":"https:\/\/kgerad.de\/"},{"@type":"ListItem","position":2,"name":"LADEN","item":"https:\/\/kgerad.de\/laden\/"},{"@type":"ListItem","position":3,"name":"Santa Cruz Bullit CC S"}]},{"@type":"WebSite","@id":"https:\/\/kgerad.de\/#website","url":"https:\/\/kgerad.de\/","name":"kgerad.de","description":"Treten Sie mit uns ins Abenteuer!","publisher":{"@id":"https:\/\/kgerad.de\/#organization"},"alternateName":"MEIN RADLADEN","potentialAction":[{"@type":"SearchAction","target":{"@type":"EntryPoint","urlTemplate":"https:\/\/kgerad.de\/?s={search_term_string}"},"query-input":{"@type":"PropertyValueSpecification","valueRequired":true,"valueName":"search_term_string"}}],"inLanguage":"en-US"},{"@type":"Organization","@id":"https:\/\/kgerad.de\/#organization","name":"MEINRADLADEN","alternateName":"MEIN RADLADEN","url":"https:\/\/kgerad.de\/","logo":{"@type":"ImageObject","inLanguage":"en-US","@id":"https:\/\/kgerad.de\/#\/schema\/logo\/image\/","url":"https:\/\/kgerad.de\/wp-content\/uploads\/2025\/07\/logo-Whit.svg","contentUrl":"https:\/\/kgerad.de\/wp-content\/uploads\/2025\/07\/logo-Whit.svg","width":1640,"height":371,"caption":"MEINRADLADEN"},"image":{"@id":"https:\/\/kgerad.de\/#\/schema\/logo\/image\/"}}]}},"_links":{"self":[{"href":"https:\/\/kgerad.de\/en\/wp-json\/wp\/v2\/product\/46932","targetHints":{"allow":["GET"]}}],"collection":[{"href":"https:\/\/kgerad.de\/en\/wp-json\/wp\/v2\/product"}],"about":[{"href":"https:\/\/kgerad.de\/en\/wp-json\/wp\/v2\/types\/product"}],"replies":[{"embeddable":true,"href":"https:\/\/kgerad.de\/en\/wp-json\/wp\/v2\/comments?post=46932"}],"version-history":[{"count":1,"href":"https:\/\/kgerad.de\/en\/wp-json\/wp\/v2\/product\/46932\/revisions"}],"predecessor-version":[{"id":78918,"href":"https:\/\/kgerad.de\/en\/wp-json\/wp\/v2\/product\/46932\/revisions\/78918"}],"wp:featuredmedia":[{"embeddable":true,"href":"https:\/\/kgerad.de\/en\/wp-json\/wp\/v2\/media\/64066"}],"wp:attachment":[{"href":"https:\/\/kgerad.de\/en\/wp-json\/wp\/v2\/media?parent=46932"}],"wp:term":[{"taxonomy":"product_brand","embeddable":true,"href":"https:\/\/kgerad.de\/en\/wp-json\/wp\/v2\/product_brand?post=46932"},{"taxonomy":"product_cat","embeddable":true,"href":"https:\/\/kgerad.de\/en\/wp-json\/wp\/v2\/product_cat?post=46932"},{"taxonomy":"product_tag","embeddable":true,"href":"https:\/\/kgerad.de\/en\/wp-json\/wp\/v2\/product_tag?post=46932"}],"curies":[{"name":"wp","href":"https:\/\/api.w.org\/{rel}","templated":true}]}}