{"id":46924,"date":"2022-11-30T20:09:45","date_gmt":"2022-11-30T19:09:45","guid":{"rendered":"https:\/\/kgerad.de\/?post_type=product&#038;p=46924"},"modified":"2023-08-10T20:56:31","modified_gmt":"2023-08-10T18:56:31","slug":"tacx-neo-bike-smart-t8000-heimtrainer","status":"publish","type":"product","link":"https:\/\/kgerad.de\/en\/product\/tacx-neo-bike-smart-t8000-heimtrainer\/","title":{"rendered":"Tacx NEO Bike Smart T8000 Heimtrainer"},"content":{"rendered":"<h2 class=\"product--title\"><strong>Tacx<\/strong>\u00a0NEO Bike Smart T8000 Heimtrainer<\/h2>\n<p>Justo ist Tacx NEO Bike Smart das neue <a href=\"http:\/\/1-1\">Spitzenmodell<\/a> im Rollentrainer-Sortiment des italienischen Qualit\u00e4tsherstellers Elite. Dieser interaktive Fahrrad-Heimtrainer mit Direktantrieb bietet nicht nur ein \u00fcberragend realistisches Fahrgef\u00fchl mit Steigungssimulationen bis 24 Prozent, sondern auch h\u00f6chste Pr\u00e4zision im Zusammenspiel mit Indoor-Cycling-Apps.<\/p>\n<hr \/>\n<h3>Features &#8211; Elite Justo<\/h3>\n<ul>\n<li>Kompatibel mit Rennrad, Gravelbike und Mountainbike<\/li>\n<li>Integrierter Leistungsmesser mit einer Genauigkeit von +\/- 1 Prozent<\/li>\n<li>Komplett vormontiert (ohne Kassette)<\/li>\n<li>Mit neuen Flexi-F\u00fc\u00dfen<\/li>\n<li>Voll interakitv, mit optimiertem ERG-Modus und automatischer Kalibrierung<\/li>\n<li>Simuliert h\u00f6chst realistisch Steigungen bis 24 %<\/li>\n<li>Bridgefunktion zur Kopplung von zus\u00e4tzlichen Sensoren<\/li>\n<li>Adapter f\u00fcr Schnellspanner- und Steckachsbefestigung<\/li>\n<\/ul>\n<p>&nbsp;<\/p>\n<ul>\n<li>Neu gestaltetes gr\u00f6\u00dferes Schwungrad<\/li>\n<li>Niedrigerer Ger\u00e4uschpegel<\/li>\n<li>Doppelte Bluetooth-Konnektivit\u00e4t<\/li>\n<li>F\u00fcr kabelgebundene Netzwerkverbindungen vorbereitet<\/li>\n<li>Schnellere Supertuck-Aktivierung in Zwift<\/li>\n<li>Inklusive Travelblock (Standfu\u00df Vorderrad)<\/li>\n<li>12 Monate freier App-Zugang zu My E-Training 1 Monat freier Zugang zu Zwift<\/li>\n<\/ul>\n<h3>Produkteigenschaften<\/h3>\n<ul>\n<li><strong>Modell:<\/strong>\u00a0Justo<\/li>\n<li><strong>Stand:<\/strong>\u00a0Flexi-Feet (faltbar)<\/li>\n<li><strong>System:<\/strong>\u00a0Direktantrieb<\/li>\n<li><strong>Widerstand:<\/strong>\u00a0Magnetische Widerstandseinheit, elektronisch gesteuert<\/li>\n<li><strong>Widerstandsstufen:<\/strong>\u00a0Stufenlos<\/li>\n<li><strong>Schwungrad:<\/strong>\u00a06,2 kg<\/li>\n<li><strong>Kompatibel mit:<\/strong>\n<ul>\n<li>My E-Training Software &amp; App<\/li>\n<li>Zwift<\/li>\n<li>Trainer Road<\/li>\n<li>Rouvy<\/li>\n<li>Kinomap<\/li>\n<li>Bkool<\/li>\n<li>Bikevo<\/li>\n<\/ul>\n<\/li>\n<li><strong>Steuerung mit:<\/strong>\n<ul>\n<li>Smartphone<\/li>\n<li>Tablet<\/li>\n<li>PC<\/li>\n<li>Radcomputer<\/li>\n<li>Sportuhren<\/li>\n<li>ANT+<\/li>\n<li>Bluetooth<\/li>\n<\/ul>\n<\/li>\n<li><strong>Kompatible Kassetten:<\/strong>\n<ul>\n<li>Shimano 9\/10\/11\/12-fach (Road)<\/li>\n<li>SRAM 9\/10\/11-fach (Road)<\/li>\n<li>Shimano 12-fach (MTB)\u00a0<em>optionaler Freilaufk\u00f6rper (nicht im Lieferumfang enthalten)<\/em><\/li>\n<li>SRAM XD 12-fach\u00a0<em>optionaler Freilaufk\u00f6rper (nicht im Lieferumfang enthalten)<br \/>\n<\/em><\/li>\n<li>SRAM XDR 12-fach\u00a0<em>optionaler Freilaufk\u00f6rper (nicht im Lieferumfang enthalten)<br \/>\n<\/em><\/li>\n<li>Shimano 12-fach Micro Spline (MTB)\u00a0<em>optionaler Freilaufk\u00f6rper (nicht im Lieferumfang enthalten)<\/em><\/li>\n<li>Campagnolo 9\/10\/11\/12-fach\u00a0<em>optionaler Freilaufk\u00f6rper (nicht im Lieferumfang enthalten)<\/em><\/li>\n<\/ul>\n<\/li>\n<li><strong>Passend f\u00fcr:<\/strong>\n<ul>\n<li><strong>Schnellspanner:<\/strong>\u00a0130 &#8211; 135 x 5 mm<\/li>\n<li><strong>Steckachse:<\/strong>\u00a0142 x 12 mm<\/li>\n<\/ul>\n<\/li>\n<li><strong>Daten\u00fcbertragung:<\/strong>\n<ul>\n<li>Wireless ANT+ (FE-C, Leistung \/ Geschwindigkeit \/ Trittfrequenz)<\/li>\n<li>Bluetooth<\/li>\n<\/ul>\n<\/li>\n<li><strong>Genauigkeit<\/strong>: \u00b1 1,0 %<\/li>\n<li><strong>Simulierte Steigung:<\/strong>\u00a0bis 24 %<\/li>\n<\/ul>\n<hr \/>\n<h3>Lieferumfang<\/h3>\n<ul>\n<li>1 Elite Justo Direktantrieb Rollentrainer<\/li>\n<li>1 Standfu\u00df Vorderrad (Travelblock)<\/li>\n<li>1 Shimano HG-Freilauf 9-\/10-\/11-\/12-fach (ohne Kassette)<\/li>\n<li>1 Adapter f\u00fcr Schnellspannerbefestigung<\/li>\n<li>1 Adapter f\u00fcr Steckachsenbefestigung<\/li>\n<li>1 Kostenloses Abo f\u00fcr My E-Training Software &amp; App f\u00fcr 12 Monate<\/li>\n<li>1 Monat freier Zugang zu Zwift<\/li>\n<\/ul>\n<hr \/>\n<h3>Technologien<\/h3>\n<p><strong>Integrierter Leistungsmesser: maximale Pr\u00e4zision<\/strong><br \/>\nJusto misst die tats\u00e4chlich abgegebene Leistung mit einem integrierten Leistungsmesser, dem OTS (Optical Torque Sensor). Dank seines internen Leistungsmessers ist der Trainer in der Lage, die Kraft, die du auf die Pedale bringst, sofort mit einer au\u00dfergew\u00f6hnlichen Genauigkeit von \u00b1 1 % zu messen.<\/p>\n<p><strong>Brutale Anstiege bis zu 24 % Steigung<\/strong><br \/>\nJusto ist in der Lage, den Widerstand w\u00e4hrend des Trainings automatisch zu steuern und bis zu 24 % Steigung zu simulieren. Verbessere deine Kletterf\u00e4higkeiten mit einem Trainer, der dir selbst bei den intensivsten und anspruchsvollsten Anstiegen Realismus und Spa\u00df vermittelt.<\/p>\n<p><strong>Verbessere das Tretgef\u00fchl mit den Flex-Feet-St\u00fctzen<\/strong><br \/>\nJusto enth\u00e4lt auch die neuen Flex-Feet-St\u00fctzf\u00fc\u00dfchen, die den Zweck haben, das Tretgef\u00fchl noch realistischer zu machen. Die austauschbaren F\u00fc\u00dfchen erm\u00f6glichen es dir, den nat\u00fcrlichen Druck und die Schwingungen des Fahrrads zu simulieren, die Muskelerm\u00fcdung zu reduzieren und die Wirksamkeit deines Trainings zu Hause erheblich zu verbessern.<\/p>\n<p><strong>Stand-Alone-Modus<\/strong><br \/>\nJusto pr\u00e4sentiert zwei neue Stand-Alone-Modi, um die Rolle auch dann zu verwenden, wenn sie nicht mit einer Software verbunden oder nicht mit Strom versorgt wird. Wenn sie mit Strom versorgt und nicht verbunden ist, kannst du dennoch das Treten auf der Stra\u00dfe simulieren, indem du zuvor in der My E-Training-App einen Neigungswert zwischen 0% und + 24 % einstellst.<\/p>\n<hr \/>\n<h3>Justo | Elite\u2019s best just got better<\/h3>\n<p><iframe title=\"YouTube video player\" src=\"https:\/\/www.youtube-nocookie.com\/embed\/1fkII3c6imE\" width=\"640\" height=\"360\" frameborder=\"0\" allowfullscreen=\"allowfullscreen\" data-mce-fragment=\"1\"><\/iframe><\/p>","protected":false},"excerpt":{"rendered":"<p>Tacx\u00a0NEO Bike Smart T8000 Heimtrainer Justo ist Tacx NEO Bike Smart das neue Spitzenmodell im Rollentrainer-Sortiment des italienischen Qualit\u00e4tsherstellers Elite.<\/p>","protected":false},"featured_media":64058,"comment_status":"open","ping_status":"closed","template":"","meta":[],"product_brand":[],"product_cat":[537,318],"product_tag":[],"class_list":{"0":"post-46924","1":"product","2":"type-product","3":"status-publish","4":"has-post-thumbnail","6":"product_cat-elektronik","7":"product_cat-outdoor","8":"pa_marke-elite","10":"first","11":"instock","12":"sale","13":"taxable","14":"shipping-taxable","15":"purchasable","16":"product-type-simple"},"yoast_head":"<!-- This site is optimized with the Yoast SEO Premium plugin v20.12 (Yoast SEO v27.1.1) - https:\/\/yoast.com\/product\/yoast-seo-premium-wordpress\/ -->\n<title>Tacx NEO Bike Smart T8000 Heimtrainer<\/title>\n<meta name=\"description\" content=\"Entdecken Sie unseren Online-Fahrradladen: Gro\u00dfe Auswahl an Modellen f\u00fcr alle Radsportbegeisterten. Von Rennr\u00e4dern bis zu Mountainbikes - finden Sie heute Ihren perfekten Wegbegleiter!\" \/>\n<meta name=\"robots\" content=\"index, follow, max-snippet:-1, max-image-preview:large, max-video-preview:-1\" \/>\n<link rel=\"canonical\" href=\"https:\/\/kgerad.de\/en\/product\/tacx-neo-bike-smart-t8000-heimtrainer\/\" \/>\n<meta property=\"og:locale\" content=\"en_US\" \/>\n<meta property=\"og:type\" content=\"article\" \/>\n<meta property=\"og:title\" content=\"Tacx NEO Bike Smart T8000 Heimtrainer\" \/>\n<meta property=\"og:description\" content=\"Entdecken Sie unseren Online-Fahrradladen: Gro\u00dfe Auswahl an Modellen f\u00fcr alle Radsportbegeisterten. Von Rennr\u00e4dern bis zu Mountainbikes - finden Sie heute Ihren perfekten Wegbegleiter!\" \/>\n<meta property=\"og:url\" content=\"https:\/\/kgerad.de\/en\/product\/tacx-neo-bike-smart-t8000-heimtrainer\/\" \/>\n<meta property=\"og:site_name\" content=\"kgerad.de\" \/>\n<meta property=\"article:modified_time\" content=\"2023-08-10T18:56:31+00:00\" \/>\n<meta property=\"og:image\" content=\"https:\/\/kgerad.de\/wp-content\/uploads\/2023\/06\/20120594-Elite-Justo-Direktantrieb-Rollentrainer-8020775041475_800x800-1.jpg\" \/>\n\t<meta property=\"og:image:width\" content=\"730\" \/>\n\t<meta property=\"og:image:height\" content=\"800\" \/>\n\t<meta property=\"og:image:type\" content=\"image\/jpeg\" \/>\n<meta name=\"twitter:card\" content=\"summary_large_image\" \/>\n<meta name=\"twitter:label1\" content=\"Est. reading time\" \/>\n\t<meta name=\"twitter:data1\" content=\"3 minutes\" \/>\n<script type=\"application\/ld+json\" class=\"yoast-schema-graph\">{\"@context\":\"https:\/\/schema.org\",\"@graph\":[{\"@type\":\"WebPage\",\"@id\":\"https:\/\/kgerad.de\/produkt\/tacx-neo-bike-smart-t8000-heimtrainer\/\",\"url\":\"https:\/\/kgerad.de\/produkt\/tacx-neo-bike-smart-t8000-heimtrainer\/\",\"name\":\"Tacx NEO Bike Smart T8000 Heimtrainer\",\"isPartOf\":{\"@id\":\"https:\/\/kgerad.de\/#website\"},\"primaryImageOfPage\":{\"@id\":\"https:\/\/kgerad.de\/produkt\/tacx-neo-bike-smart-t8000-heimtrainer\/#primaryimage\"},\"image\":{\"@id\":\"https:\/\/kgerad.de\/produkt\/tacx-neo-bike-smart-t8000-heimtrainer\/#primaryimage\"},\"thumbnailUrl\":\"https:\/\/kgerad.de\/wp-content\/uploads\/2023\/06\/20120594-Elite-Justo-Direktantrieb-Rollentrainer-8020775041475_800x800-1.jpg\",\"datePublished\":\"2022-11-30T19:09:45+00:00\",\"dateModified\":\"2023-08-10T18:56:31+00:00\",\"description\":\"Entdecken Sie unseren Online-Fahrradladen: Gro\u00dfe Auswahl an Modellen f\u00fcr alle Radsportbegeisterten. Von Rennr\u00e4dern bis zu Mountainbikes - finden Sie heute Ihren perfekten Wegbegleiter!\",\"breadcrumb\":{\"@id\":\"https:\/\/kgerad.de\/produkt\/tacx-neo-bike-smart-t8000-heimtrainer\/#breadcrumb\"},\"inLanguage\":\"en-US\",\"potentialAction\":[{\"@type\":\"ReadAction\",\"target\":[\"https:\/\/kgerad.de\/produkt\/tacx-neo-bike-smart-t8000-heimtrainer\/\"]}]},{\"@type\":\"ImageObject\",\"inLanguage\":\"en-US\",\"@id\":\"https:\/\/kgerad.de\/produkt\/tacx-neo-bike-smart-t8000-heimtrainer\/#primaryimage\",\"url\":\"https:\/\/kgerad.de\/wp-content\/uploads\/2023\/06\/20120594-Elite-Justo-Direktantrieb-Rollentrainer-8020775041475_800x800-1.jpg\",\"contentUrl\":\"https:\/\/kgerad.de\/wp-content\/uploads\/2023\/06\/20120594-Elite-Justo-Direktantrieb-Rollentrainer-8020775041475_800x800-1.jpg\",\"width\":730,\"height\":800,\"caption\":\"Elite Justo Direktantrieb Rollentrainer\"},{\"@type\":\"BreadcrumbList\",\"@id\":\"https:\/\/kgerad.de\/produkt\/tacx-neo-bike-smart-t8000-heimtrainer\/#breadcrumb\",\"itemListElement\":[{\"@type\":\"ListItem\",\"position\":1,\"name\":\"Startseite\",\"item\":\"https:\/\/kgerad.de\/\"},{\"@type\":\"ListItem\",\"position\":2,\"name\":\"LADEN\",\"item\":\"https:\/\/kgerad.de\/laden\/\"},{\"@type\":\"ListItem\",\"position\":3,\"name\":\"Tacx NEO Bike Smart T8000 Heimtrainer\"}]},{\"@type\":\"WebSite\",\"@id\":\"https:\/\/kgerad.de\/#website\",\"url\":\"https:\/\/kgerad.de\/\",\"name\":\"kgerad.de\",\"description\":\"Treten Sie mit uns ins Abenteuer!\",\"publisher\":{\"@id\":\"https:\/\/kgerad.de\/#organization\"},\"alternateName\":\"MEIN RADLADEN\",\"potentialAction\":[{\"@type\":\"SearchAction\",\"target\":{\"@type\":\"EntryPoint\",\"urlTemplate\":\"https:\/\/kgerad.de\/?s={search_term_string}\"},\"query-input\":{\"@type\":\"PropertyValueSpecification\",\"valueRequired\":true,\"valueName\":\"search_term_string\"}}],\"inLanguage\":\"en-US\"},{\"@type\":\"Organization\",\"@id\":\"https:\/\/kgerad.de\/#organization\",\"name\":\"MEINRADLADEN\",\"alternateName\":\"MEIN RADLADEN\",\"url\":\"https:\/\/kgerad.de\/\",\"logo\":{\"@type\":\"ImageObject\",\"inLanguage\":\"en-US\",\"@id\":\"https:\/\/kgerad.de\/#\/schema\/logo\/image\/\",\"url\":\"https:\/\/kgerad.de\/wp-content\/uploads\/2025\/07\/logo-Whit.svg\",\"contentUrl\":\"https:\/\/kgerad.de\/wp-content\/uploads\/2025\/07\/logo-Whit.svg\",\"width\":1640,\"height\":371,\"caption\":\"MEINRADLADEN\"},\"image\":{\"@id\":\"https:\/\/kgerad.de\/#\/schema\/logo\/image\/\"}}]}<\/script>\n<!-- \/ Yoast SEO Premium plugin. -->","yoast_head_json":{"title":"Tacx NEO Bike Smart T8000 Heimtrainer","description":"Entdecken Sie unseren Online-Fahrradladen: Gro\u00dfe Auswahl an Modellen f\u00fcr alle Radsportbegeisterten. Von Rennr\u00e4dern bis zu Mountainbikes - finden Sie heute Ihren perfekten Wegbegleiter!","robots":{"index":"index","follow":"follow","max-snippet":"max-snippet:-1","max-image-preview":"max-image-preview:large","max-video-preview":"max-video-preview:-1"},"canonical":"https:\/\/kgerad.de\/en\/product\/tacx-neo-bike-smart-t8000-heimtrainer\/","og_locale":"en_US","og_type":"article","og_title":"Tacx NEO Bike Smart T8000 Heimtrainer","og_description":"Entdecken Sie unseren Online-Fahrradladen: Gro\u00dfe Auswahl an Modellen f\u00fcr alle Radsportbegeisterten. Von Rennr\u00e4dern bis zu Mountainbikes - finden Sie heute Ihren perfekten Wegbegleiter!","og_url":"https:\/\/kgerad.de\/en\/product\/tacx-neo-bike-smart-t8000-heimtrainer\/","og_site_name":"kgerad.de","article_modified_time":"2023-08-10T18:56:31+00:00","og_image":[{"width":730,"height":800,"url":"https:\/\/kgerad.de\/wp-content\/uploads\/2023\/06\/20120594-Elite-Justo-Direktantrieb-Rollentrainer-8020775041475_800x800-1.jpg","type":"image\/jpeg"}],"twitter_card":"summary_large_image","twitter_misc":{"Est. reading time":"3 minutes"},"schema":{"@context":"https:\/\/schema.org","@graph":[{"@type":"WebPage","@id":"https:\/\/kgerad.de\/produkt\/tacx-neo-bike-smart-t8000-heimtrainer\/","url":"https:\/\/kgerad.de\/produkt\/tacx-neo-bike-smart-t8000-heimtrainer\/","name":"Tacx NEO Bike Smart T8000 Heimtrainer","isPartOf":{"@id":"https:\/\/kgerad.de\/#website"},"primaryImageOfPage":{"@id":"https:\/\/kgerad.de\/produkt\/tacx-neo-bike-smart-t8000-heimtrainer\/#primaryimage"},"image":{"@id":"https:\/\/kgerad.de\/produkt\/tacx-neo-bike-smart-t8000-heimtrainer\/#primaryimage"},"thumbnailUrl":"https:\/\/kgerad.de\/wp-content\/uploads\/2023\/06\/20120594-Elite-Justo-Direktantrieb-Rollentrainer-8020775041475_800x800-1.jpg","datePublished":"2022-11-30T19:09:45+00:00","dateModified":"2023-08-10T18:56:31+00:00","description":"Entdecken Sie unseren Online-Fahrradladen: Gro\u00dfe Auswahl an Modellen f\u00fcr alle Radsportbegeisterten. Von Rennr\u00e4dern bis zu Mountainbikes - finden Sie heute Ihren perfekten Wegbegleiter!","breadcrumb":{"@id":"https:\/\/kgerad.de\/produkt\/tacx-neo-bike-smart-t8000-heimtrainer\/#breadcrumb"},"inLanguage":"en-US","potentialAction":[{"@type":"ReadAction","target":["https:\/\/kgerad.de\/produkt\/tacx-neo-bike-smart-t8000-heimtrainer\/"]}]},{"@type":"ImageObject","inLanguage":"en-US","@id":"https:\/\/kgerad.de\/produkt\/tacx-neo-bike-smart-t8000-heimtrainer\/#primaryimage","url":"https:\/\/kgerad.de\/wp-content\/uploads\/2023\/06\/20120594-Elite-Justo-Direktantrieb-Rollentrainer-8020775041475_800x800-1.jpg","contentUrl":"https:\/\/kgerad.de\/wp-content\/uploads\/2023\/06\/20120594-Elite-Justo-Direktantrieb-Rollentrainer-8020775041475_800x800-1.jpg","width":730,"height":800,"caption":"Elite Justo Direktantrieb Rollentrainer"},{"@type":"BreadcrumbList","@id":"https:\/\/kgerad.de\/produkt\/tacx-neo-bike-smart-t8000-heimtrainer\/#breadcrumb","itemListElement":[{"@type":"ListItem","position":1,"name":"Startseite","item":"https:\/\/kgerad.de\/"},{"@type":"ListItem","position":2,"name":"LADEN","item":"https:\/\/kgerad.de\/laden\/"},{"@type":"ListItem","position":3,"name":"Tacx NEO Bike Smart T8000 Heimtrainer"}]},{"@type":"WebSite","@id":"https:\/\/kgerad.de\/#website","url":"https:\/\/kgerad.de\/","name":"kgerad.de","description":"Treten Sie mit uns ins Abenteuer!","publisher":{"@id":"https:\/\/kgerad.de\/#organization"},"alternateName":"MEIN RADLADEN","potentialAction":[{"@type":"SearchAction","target":{"@type":"EntryPoint","urlTemplate":"https:\/\/kgerad.de\/?s={search_term_string}"},"query-input":{"@type":"PropertyValueSpecification","valueRequired":true,"valueName":"search_term_string"}}],"inLanguage":"en-US"},{"@type":"Organization","@id":"https:\/\/kgerad.de\/#organization","name":"MEINRADLADEN","alternateName":"MEIN RADLADEN","url":"https:\/\/kgerad.de\/","logo":{"@type":"ImageObject","inLanguage":"en-US","@id":"https:\/\/kgerad.de\/#\/schema\/logo\/image\/","url":"https:\/\/kgerad.de\/wp-content\/uploads\/2025\/07\/logo-Whit.svg","contentUrl":"https:\/\/kgerad.de\/wp-content\/uploads\/2025\/07\/logo-Whit.svg","width":1640,"height":371,"caption":"MEINRADLADEN"},"image":{"@id":"https:\/\/kgerad.de\/#\/schema\/logo\/image\/"}}]}},"_links":{"self":[{"href":"https:\/\/kgerad.de\/en\/wp-json\/wp\/v2\/product\/46924","targetHints":{"allow":["GET"]}}],"collection":[{"href":"https:\/\/kgerad.de\/en\/wp-json\/wp\/v2\/product"}],"about":[{"href":"https:\/\/kgerad.de\/en\/wp-json\/wp\/v2\/types\/product"}],"replies":[{"embeddable":true,"href":"https:\/\/kgerad.de\/en\/wp-json\/wp\/v2\/comments?post=46924"}],"version-history":[{"count":1,"href":"https:\/\/kgerad.de\/en\/wp-json\/wp\/v2\/product\/46924\/revisions"}],"predecessor-version":[{"id":78919,"href":"https:\/\/kgerad.de\/en\/wp-json\/wp\/v2\/product\/46924\/revisions\/78919"}],"wp:featuredmedia":[{"embeddable":true,"href":"https:\/\/kgerad.de\/en\/wp-json\/wp\/v2\/media\/64058"}],"wp:attachment":[{"href":"https:\/\/kgerad.de\/en\/wp-json\/wp\/v2\/media?parent=46924"}],"wp:term":[{"taxonomy":"product_brand","embeddable":true,"href":"https:\/\/kgerad.de\/en\/wp-json\/wp\/v2\/product_brand?post=46924"},{"taxonomy":"product_cat","embeddable":true,"href":"https:\/\/kgerad.de\/en\/wp-json\/wp\/v2\/product_cat?post=46924"},{"taxonomy":"product_tag","embeddable":true,"href":"https:\/\/kgerad.de\/en\/wp-json\/wp\/v2\/product_tag?post=46924"}],"curies":[{"name":"wp","href":"https:\/\/api.w.org\/{rel}","templated":true}]}}