{"id":46808,"date":"2022-11-30T16:41:18","date_gmt":"2022-11-30T15:41:18","guid":{"rendered":"https:\/\/kgerad.de\/?post_type=product&#038;p=46808"},"modified":"2023-08-10T21:17:33","modified_gmt":"2023-08-10T19:17:33","slug":"cube-stereo-hybrid-120-pro-750-flashgreynorange","status":"publish","type":"product","link":"https:\/\/kgerad.de\/en\/product\/cube-stereo-hybrid-120-pro-750-flashgreynorange\/","title":{"rendered":"Cube Stereo Hybrid 120 Pro 750 flashgrey\u00b4n\u00b4orange"},"content":{"rendered":"<h2 class=\"product--title\"><strong>Cube<\/strong>\u00a0Stereo Hybrid 120 Pro 750 flashgrey\u00b4n\u00b4orange<\/h2>\n<p>Beim Stereo Hybrid 120 Pro profitieren Offroad-Fans von einer komfortablen Federung und damit Bodenhaftung, gepaart mit intuitivem Handling und zuverl\u00e4ssiger Performance. Cubes Rezept f\u00fcr geniale Power auf Trails: Der Bosch CX Motor der vierten Generation mit 750 Wh starkem Akku in Zusammenarbeit mit der einfach zu bedienenden Shimano Deore 12-fach Schaltung.<\/p>\n<hr \/>\n<p><a href=\"https:\/\/www.cube.eu\/360\/635053\" target=\"_blank\" rel=\"noopener\"><img decoding=\"async\" title=\"360\u00b0\" src=\"https:\/\/cd.bike-discount.de\/media\/image\/3a\/ee\/83\/360.png\" alt=\"\" width=\"40\" height=\"39\" data-mid=\"729769\" data-src=\"media\/image\/360.png\" \/>360\u00b0-Ansicht \u00f6ffnen<\/a><\/p>\n<hr \/>\n<p>Au\u00dferdem hat Cube dem Bike hydraulische 4-Kolben Scheibenbremsen mit gr\u00f6\u00dferen Rotoren am Vorder- und Hinterrad spendiert, welche die griffigen 2.6 Zoll Schwalbe Reifen kontrolliert und sicher verz\u00f6gern. Und dank RockShox Komplettfederung kleben Letztere f\u00f6rmlich auf dem Trail. Fazit: Wer Trail-Riding liebt, wird begeistert sein!<\/p>\n<hr \/>\n<p><strong>In der Rahmengr\u00f6\u00dfe S (16&#8243;) als 27,5er. In den Rahmengr\u00f6\u00dfen M (18&#8243;), L (20&#8243;) und XL (22&#8243;) als 29er.<\/strong><\/p>\n<hr \/>\n<h3>RAHMEN Cube Stereo Hybrid 120 Pro 750<\/h3>\n<p>Clever konstruiert, ist halb gewonnen &#8211; das gilt auch f\u00fcr den schlanken Stereo Hybrid 120 Rahmen. Denn dank des Modular Battery System f\u00fcgt sich der Akku dezent und fast unsichtbar ins Chassis ein und ist dort zugleich optimal vor Schmutz und Spritzwasser gesch\u00fctzt. Das \u00fcberarbeitete Viergelenker-Design d\u00e4mpft Schl\u00e4ge und Vibrationen auf ruppigen Trails effektiv ab. Und das Comfort Geometry mit einem Boost 148 Hinterbau und 1.5 Zoll Steuerrohr f\u00fcr mehr Steifigkeit vereinfacht das allgemeine Handling. Zudem l\u00e4sst sich der Rahmen sogar mit Schutzblechen, Gep\u00e4cktr\u00e4ger und Seitenst\u00e4nder nachr\u00fcsten. Praktisch: Mit dem Size Split System findet jeder und jede die f\u00fcr sich passende Kombination aus Rahmen- und Laufradgr\u00f6\u00dfe.<\/p>\n<hr \/>\n<h3>Technologien<\/h3>\n<p><strong>Boost 148<\/strong><br \/>\nDas Konzept hinter der Boost 148 Steckachse: Eine breitere Nabe f\u00fcr steifere, stabilere Laufr\u00e4der und damit besseres Handling und zudem gen\u00fcgend Platz f\u00fcr den Einbau breiterer Reifen f\u00fcr mehr Performance. Dabei bleiben die Schaltpr\u00e4zision beziehungsweise Effizienz des Antriebs voll erhalten. So kannst du noch kompromissloser Gas geben und profitierst zugleich von besserem Handling und stabileren Laufr\u00e4dern.<\/p>\n<p><strong>Gravity Casting<\/strong><br \/>\nBeim Gravity Casting wird fl\u00fcssiges Aluminium in hochkomplexe Rahmensegmente eingegossen \u2013 das Ergebnis sind extrem stabile Strukturen, die Belastungen optimal standhalten. So konnte CUBE bei ihren E-Bikes zum Beispiel eine optimierte Motoraufnahme konstruieren, die mit der Ladung an dieser Stelle und f\u00fcr diesen speziellen Einsatzbereich perfekt zurechtkommt. Und das ohne Abstriche in Sachen Leichtbau oder Stabilit\u00e4t!<\/p>\n<p><strong>Full Integrated Battery<\/strong><br \/>\nDank dem Full Integrated Battery System verschwindet der Bosch E-Motor praktisch unsichtbar und zudem sicher im Unterrohr des Rahmens. Ein Cover sch\u00fctzt ihn dort vor Spritzwasser und Schmutz \u2013 und dank der Abschlie\u00dffunktion haben Diebe keine Chance. Das Ergebnis: ein \u00e4sthetisch ansprechender E-Bike-Rahmen, superfunktionell und zugleich wundersch\u00f6n anzusehen.<\/p>\n<p><strong>Modular Battery System<\/strong><br \/>\nDer Akku ist in vielerlei Hinsicht das Herz eines E-Bikes \u2013 und mit dem Modular Battery System hat CUBE eine L\u00f6sung mit supereinfachem Handling entwickelt. Der Clou: Du kannst den Akku im Bike laden oder auch separat. Au\u00dferdem bietet es gen\u00fcgend Platz f\u00fcr den gr\u00f6\u00dferen Akku. So praktisch \u2013 und du wirst dich fragen, wie du je ohne ausgekommen bist.<\/p>\n<h2>Ausstattung<\/h2>\n<div class=\"product--properties panel has--border\">\n<table class=\"product--properties-table\">\n<tbody>\n<tr class=\"product--properties-row row1\">\n<td class=\"product--properties-label is--bold\">Rahmen:<\/td>\n<td class=\"product--properties-value\">Aluminum Superlite, Gravity Casting Technology, Efficient Comfort Control, FSP 4-Link, Agile Comfort Geometry, Boost 148, Full Integrated Battery, Advanced Internal Cable Routing, Kickstand\/Fender\/Carrier Mounting Points<\/td>\n<\/tr>\n<tr class=\"product--properties-row row2\">\n<td class=\"product--properties-label is--bold\">Rahmenmaterial:<\/td>\n<td class=\"product--properties-value\">Aluminium<\/td>\n<\/tr>\n<tr class=\"product--properties-row row3\">\n<td class=\"product--properties-label is--bold\">Laufradgr\u00f6\u00dfe:<\/td>\n<td class=\"product--properties-value\">Size Split: 27.5: S (16&#8243;) \/\/ 29: M (18&#8243;), L (20&#8243;), XL (22&#8243;)<\/td>\n<\/tr>\n<tr class=\"product--properties-row row4\">\n<td class=\"product--properties-label is--bold\">Farbe:<\/td>\n<td class=\"product--properties-value\">flashgrey\u00b4n\u00b4orange<\/td>\n<\/tr>\n<tr class=\"product--properties-row row5\">\n<td class=\"product--properties-label is--bold\">Gabel:<\/td>\n<td class=\"product--properties-value\">RockShox Recon Silver RL Air, Tapered, 15x110mm, eMTB Approved, 130mm, Lockout<\/td>\n<\/tr>\n<tr class=\"product--properties-row row6\">\n<td class=\"product--properties-label is--bold\">D\u00e4mpfer:<\/td>\n<td class=\"product--properties-value\">RockShox Deluxe Select, 185x55mm (27.5: 165x45mm), Rebound Adjust, Trunnion Mount<\/td>\n<\/tr>\n<tr class=\"product--properties-row row7\">\n<td class=\"product--properties-label is--bold\">Federweg:<\/td>\n<td class=\"product--properties-value\">130mm \/ 120mm<\/td>\n<\/tr>\n<tr class=\"product--properties-row row8\">\n<td class=\"product--properties-label is--bold\">Bremsen:<\/td>\n<td class=\"product--properties-value\">Shimano BR-MT420, Hydr. Disc Brake<\/td>\n<\/tr>\n<tr class=\"product--properties-row row9\">\n<td class=\"product--properties-label is--bold\">Bremsscheiben:<\/td>\n<td class=\"product--properties-value\">203\/203 mm<\/td>\n<\/tr>\n<tr class=\"product--properties-row row10\">\n<td class=\"product--properties-label is--bold\">Steuersatz:<\/td>\n<td class=\"product--properties-value\">ACROS AZF-1035, ICR (Integrated Cable Routing), BlockLock 120\u00b0, Top Zero-Stack 1 1\/2&#8243; (ZS 56mm), Bottom Zero-Stack 1 1\/2&#8243; (ZS 56mm)<\/td>\n<\/tr>\n<tr class=\"product--properties-row row11\">\n<td class=\"product--properties-label is--bold\">Vorbau:<\/td>\n<td class=\"product--properties-value\">CUBE Performance Stem E-MTB, 31.8mm<\/td>\n<\/tr>\n<tr class=\"product--properties-row row12\">\n<td class=\"product--properties-label is--bold\">Lenker:<\/td>\n<td class=\"product--properties-value\">Newmen Evolution SL 318.25, 760mm<\/td>\n<\/tr>\n<tr class=\"product--properties-row row13\">\n<td class=\"product--properties-label is--bold\">Griffe:<\/td>\n<td class=\"product--properties-value\">ACID Hybrid Perform<\/td>\n<\/tr>\n<tr class=\"product--properties-row row14\">\n<td class=\"product--properties-label is--bold\">Sattel:<\/td>\n<td class=\"product--properties-value\">Natural Fit Sequence<\/td>\n<\/tr>\n<tr class=\"product--properties-row row15\">\n<td class=\"product--properties-label is--bold\">Sattelst\u00fctze:<\/td>\n<td class=\"product--properties-value\">CUBE Performance Post, 30.9mm<\/td>\n<\/tr>\n<\/tbody>\n<\/table>\n<table class=\"product--properties-table\">\n<tbody>\n<tr class=\"product--properties-row row16\">\n<td class=\"product--properties-label is--bold\">Sattelklemme:<\/td>\n<td class=\"product--properties-value\">CUBE Screwlock Semi Integrated w\/ Hidden Tool, 36mm<\/td>\n<\/tr>\n<tr class=\"product--properties-row row17\">\n<td class=\"product--properties-label is--bold\">Kurbel:<\/td>\n<td class=\"product--properties-value\">ACID E-Crank, 38T, 170mm<\/td>\n<\/tr>\n<tr class=\"product--properties-row row18\">\n<td class=\"product--properties-label is--bold\">Schaltwerk:<\/td>\n<td class=\"product--properties-value\">Shimano Deore RD-M6100-SGS, ShadowPlus, 12-Speed<\/td>\n<\/tr>\n<tr class=\"product--properties-row row19\">\n<td class=\"product--properties-label is--bold\">Schalthebel:<\/td>\n<td class=\"product--properties-value\">Shimano Deore SL-M6100-IR, Direct Attach, Rapidfire-Plus<\/td>\n<\/tr>\n<tr class=\"product--properties-row row20\">\n<td class=\"product--properties-label is--bold\">Kassette:<\/td>\n<td class=\"product--properties-value\">Sunrace CSMZ600, 11-51T<\/td>\n<\/tr>\n<tr class=\"product--properties-row row21\">\n<td class=\"product--properties-label is--bold\">Kette:<\/td>\n<td class=\"product--properties-value\">Shimano CN-M6100<\/td>\n<\/tr>\n<tr class=\"product--properties-row row22\">\n<td class=\"product--properties-label is--bold\">Reifen:<\/td>\n<td class=\"product--properties-value\">Schwalbe Smart Sam, Active, 2.6<\/td>\n<\/tr>\n<tr class=\"product--properties-row row23\">\n<td class=\"product--properties-label is--bold\">Nabe Vorderrad:<\/td>\n<td class=\"product--properties-value\">Shimano HB-MT400-B, 15mm, Boost, Centerlock<\/td>\n<\/tr>\n<tr class=\"product--properties-row row24\">\n<td class=\"product--properties-label is--bold\">Nabe Hinterrad:<\/td>\n<td class=\"product--properties-value\">Shimano FH-MT410-B, 12mm, Boost, Centerlock<\/td>\n<\/tr>\n<tr class=\"product--properties-row row25\">\n<td class=\"product--properties-label is--bold\">Felgen:<\/td>\n<td class=\"product--properties-value\">Rodi Tryp 30, 32H, Disc, Tubeless Ready<\/td>\n<\/tr>\n<tr class=\"product--properties-row row26\">\n<td class=\"product--properties-label is--bold\">Display:<\/td>\n<td class=\"product--properties-value\">Bosch LED Remote<\/td>\n<\/tr>\n<tr class=\"product--properties-row row27\">\n<td class=\"product--properties-label is--bold\">Akku:<\/td>\n<td class=\"product--properties-value\">Bosch PowerTube 750<\/td>\n<\/tr>\n<tr class=\"product--properties-row row28\">\n<td class=\"product--properties-label is--bold\">Ladeger\u00e4t:<\/td>\n<td class=\"product--properties-value\">Bosch 4A<\/td>\n<\/tr>\n<tr class=\"product--properties-row row29\">\n<td class=\"product--properties-label is--bold\">Motor:<\/td>\n<td class=\"product--properties-value\">Bosch Drive Unit Performance CX Generation 4 (85Nm) Cruise (250Watt), Smart System<\/td>\n<\/tr>\n<tr class=\"product--properties-row row30\">\n<td class=\"product--properties-label is--bold\">Lagerdimension:<\/td>\n<td class=\"product--properties-value\">Top: 54mm Trunnion Mount, Bottom: 30x8mm<\/td>\n<\/tr>\n<tr class=\"product--properties-row row31\">\n<td class=\"product--properties-label is--bold\">Pedale:<\/td>\n<td class=\"product--properties-value\">ACID PP MTB<\/td>\n<\/tr>\n<tr class=\"product--properties-row row32\">\n<td class=\"product--properties-label is--bold\">Zul\u00e4ssiges Gesamtgewicht:<\/td>\n<td class=\"product--properties-value\">150 kg (K\u00f6rpergewicht + Fahrrad + Ausr\u00fcstung)<\/td>\n<\/tr>\n<tr class=\"product--properties-row row33\">\n<td class=\"product--properties-label is--bold\">Gewicht Komplettrad:<\/td>\n<td class=\"product--properties-value\">ab 25,8 kg<\/td>\n<\/tr>\n<\/tbody>\n<\/table>\n<\/div>","protected":false},"excerpt":{"rendered":"<p>Cube\u00a0Stereo Hybrid 120 Pro 750 flashgrey\u00b4n\u00b4orange Beim Stereo Hybrid 120 Pro profitieren Offroad-Fans von einer komfortablen Federung und damit Bodenhaftung,<\/p>","protected":false},"featured_media":63990,"comment_status":"open","ping_status":"closed","template":"","meta":[],"product_brand":[],"product_cat":[33,270,475],"product_tag":[],"class_list":{"0":"post-46808","1":"product","2":"type-product","3":"status-publish","4":"has-post-thumbnail","6":"product_cat-e-bike","7":"product_cat-e-bikes-2023","8":"product_cat-e-mountainbike","9":"pa_marke-cube","11":"first","12":"instock","13":"taxable","14":"shipping-taxable","15":"purchasable","16":"product-type-variable"},"yoast_head":"<!-- This site is optimized with the Yoast SEO Premium plugin v20.12 (Yoast SEO v27.1.1) - https:\/\/yoast.com\/product\/yoast-seo-premium-wordpress\/ -->\n<title>Cube Stereo Hybrid 120 Pro 750 flashgrey\u00b4n\u00b4orange<\/title>\n<meta name=\"description\" content=\"Entdecken Sie unseren Online-Fahrradladen: Gro\u00dfe Auswahl an Modellen f\u00fcr alle Radsportbegeisterten. Von Rennr\u00e4dern bis zu Mountainbikes - finden Sie heute Ihren perfekten Wegbegleiter!\" \/>\n<meta name=\"robots\" content=\"index, follow, max-snippet:-1, max-image-preview:large, max-video-preview:-1\" \/>\n<link rel=\"canonical\" href=\"https:\/\/kgerad.de\/en\/product\/cube-stereo-hybrid-120-pro-750-flashgreynorange\/\" \/>\n<meta property=\"og:locale\" content=\"en_US\" \/>\n<meta property=\"og:type\" content=\"article\" \/>\n<meta property=\"og:title\" content=\"Cube Stereo Hybrid 120 Pro 750 flashgrey\u00b4n\u00b4orange\" \/>\n<meta property=\"og:description\" content=\"Entdecken Sie unseren Online-Fahrradladen: Gro\u00dfe Auswahl an Modellen f\u00fcr alle Radsportbegeisterten. Von Rennr\u00e4dern bis zu Mountainbikes - finden Sie heute Ihren perfekten Wegbegleiter!\" \/>\n<meta property=\"og:url\" content=\"https:\/\/kgerad.de\/en\/product\/cube-stereo-hybrid-120-pro-750-flashgreynorange\/\" \/>\n<meta property=\"og:site_name\" content=\"kgerad.de\" \/>\n<meta property=\"article:modified_time\" content=\"2023-08-10T19:17:33+00:00\" \/>\n<meta property=\"og:image\" content=\"https:\/\/kgerad.de\/wp-content\/uploads\/2023\/06\/Stereo-Hybrid-120-Pro-750-flashgrey-n-orange-635053.jpg\" \/>\n\t<meta property=\"og:image:width\" content=\"2000\" \/>\n\t<meta property=\"og:image:height\" content=\"1136\" \/>\n\t<meta property=\"og:image:type\" content=\"image\/jpeg\" \/>\n<meta name=\"twitter:card\" content=\"summary_large_image\" \/>\n<meta name=\"twitter:label1\" content=\"Est. reading time\" \/>\n\t<meta name=\"twitter:data1\" content=\"5 minutes\" \/>\n<script type=\"application\/ld+json\" class=\"yoast-schema-graph\">{\"@context\":\"https:\/\/schema.org\",\"@graph\":[{\"@type\":\"WebPage\",\"@id\":\"https:\/\/kgerad.de\/produkt\/cube-stereo-hybrid-120-pro-750-flashgreynorange\/\",\"url\":\"https:\/\/kgerad.de\/produkt\/cube-stereo-hybrid-120-pro-750-flashgreynorange\/\",\"name\":\"Cube Stereo Hybrid 120 Pro 750 flashgrey\u00b4n\u00b4orange\",\"isPartOf\":{\"@id\":\"https:\/\/kgerad.de\/#website\"},\"primaryImageOfPage\":{\"@id\":\"https:\/\/kgerad.de\/produkt\/cube-stereo-hybrid-120-pro-750-flashgreynorange\/#primaryimage\"},\"image\":{\"@id\":\"https:\/\/kgerad.de\/produkt\/cube-stereo-hybrid-120-pro-750-flashgreynorange\/#primaryimage\"},\"thumbnailUrl\":\"https:\/\/kgerad.de\/wp-content\/uploads\/2023\/06\/Stereo-Hybrid-120-Pro-750-flashgrey-n-orange-635053.jpg\",\"datePublished\":\"2022-11-30T15:41:18+00:00\",\"dateModified\":\"2023-08-10T19:17:33+00:00\",\"description\":\"Entdecken Sie unseren Online-Fahrradladen: Gro\u00dfe Auswahl an Modellen f\u00fcr alle Radsportbegeisterten. Von Rennr\u00e4dern bis zu Mountainbikes - finden Sie heute Ihren perfekten Wegbegleiter!\",\"breadcrumb\":{\"@id\":\"https:\/\/kgerad.de\/produkt\/cube-stereo-hybrid-120-pro-750-flashgreynorange\/#breadcrumb\"},\"inLanguage\":\"en-US\",\"potentialAction\":[{\"@type\":\"ReadAction\",\"target\":[\"https:\/\/kgerad.de\/produkt\/cube-stereo-hybrid-120-pro-750-flashgreynorange\/\"]}]},{\"@type\":\"ImageObject\",\"inLanguage\":\"en-US\",\"@id\":\"https:\/\/kgerad.de\/produkt\/cube-stereo-hybrid-120-pro-750-flashgreynorange\/#primaryimage\",\"url\":\"https:\/\/kgerad.de\/wp-content\/uploads\/2023\/06\/Stereo-Hybrid-120-Pro-750-flashgrey-n-orange-635053.jpg\",\"contentUrl\":\"https:\/\/kgerad.de\/wp-content\/uploads\/2023\/06\/Stereo-Hybrid-120-Pro-750-flashgrey-n-orange-635053.jpg\",\"width\":2000,\"height\":1136,\"caption\":\"Cube Stereo Hybrid 120 Pro 750 flashgrey\u00b4n\u00b4orange\"},{\"@type\":\"BreadcrumbList\",\"@id\":\"https:\/\/kgerad.de\/produkt\/cube-stereo-hybrid-120-pro-750-flashgreynorange\/#breadcrumb\",\"itemListElement\":[{\"@type\":\"ListItem\",\"position\":1,\"name\":\"Startseite\",\"item\":\"https:\/\/kgerad.de\/\"},{\"@type\":\"ListItem\",\"position\":2,\"name\":\"LADEN\",\"item\":\"https:\/\/kgerad.de\/laden\/\"},{\"@type\":\"ListItem\",\"position\":3,\"name\":\"Cube Stereo Hybrid 120 Pro 750 flashgrey\u00b4n\u00b4orange\"}]},{\"@type\":\"WebSite\",\"@id\":\"https:\/\/kgerad.de\/#website\",\"url\":\"https:\/\/kgerad.de\/\",\"name\":\"kgerad.de\",\"description\":\"Treten Sie mit uns ins Abenteuer!\",\"publisher\":{\"@id\":\"https:\/\/kgerad.de\/#organization\"},\"alternateName\":\"MEIN RADLADEN\",\"potentialAction\":[{\"@type\":\"SearchAction\",\"target\":{\"@type\":\"EntryPoint\",\"urlTemplate\":\"https:\/\/kgerad.de\/?s={search_term_string}\"},\"query-input\":{\"@type\":\"PropertyValueSpecification\",\"valueRequired\":true,\"valueName\":\"search_term_string\"}}],\"inLanguage\":\"en-US\"},{\"@type\":\"Organization\",\"@id\":\"https:\/\/kgerad.de\/#organization\",\"name\":\"MEINRADLADEN\",\"alternateName\":\"MEIN RADLADEN\",\"url\":\"https:\/\/kgerad.de\/\",\"logo\":{\"@type\":\"ImageObject\",\"inLanguage\":\"en-US\",\"@id\":\"https:\/\/kgerad.de\/#\/schema\/logo\/image\/\",\"url\":\"https:\/\/kgerad.de\/wp-content\/uploads\/2025\/07\/logo-Whit.svg\",\"contentUrl\":\"https:\/\/kgerad.de\/wp-content\/uploads\/2025\/07\/logo-Whit.svg\",\"width\":1640,\"height\":371,\"caption\":\"MEINRADLADEN\"},\"image\":{\"@id\":\"https:\/\/kgerad.de\/#\/schema\/logo\/image\/\"}}]}<\/script>\n<!-- \/ Yoast SEO Premium plugin. -->","yoast_head_json":{"title":"Cube Stereo Hybrid 120 Pro 750 flashgrey\u00b4n\u00b4orange","description":"Entdecken Sie unseren Online-Fahrradladen: Gro\u00dfe Auswahl an Modellen f\u00fcr alle Radsportbegeisterten. Von Rennr\u00e4dern bis zu Mountainbikes - finden Sie heute Ihren perfekten Wegbegleiter!","robots":{"index":"index","follow":"follow","max-snippet":"max-snippet:-1","max-image-preview":"max-image-preview:large","max-video-preview":"max-video-preview:-1"},"canonical":"https:\/\/kgerad.de\/en\/product\/cube-stereo-hybrid-120-pro-750-flashgreynorange\/","og_locale":"en_US","og_type":"article","og_title":"Cube Stereo Hybrid 120 Pro 750 flashgrey\u00b4n\u00b4orange","og_description":"Entdecken Sie unseren Online-Fahrradladen: Gro\u00dfe Auswahl an Modellen f\u00fcr alle Radsportbegeisterten. Von Rennr\u00e4dern bis zu Mountainbikes - finden Sie heute Ihren perfekten Wegbegleiter!","og_url":"https:\/\/kgerad.de\/en\/product\/cube-stereo-hybrid-120-pro-750-flashgreynorange\/","og_site_name":"kgerad.de","article_modified_time":"2023-08-10T19:17:33+00:00","og_image":[{"width":2000,"height":1136,"url":"https:\/\/kgerad.de\/wp-content\/uploads\/2023\/06\/Stereo-Hybrid-120-Pro-750-flashgrey-n-orange-635053.jpg","type":"image\/jpeg"}],"twitter_card":"summary_large_image","twitter_misc":{"Est. reading time":"5 minutes"},"schema":{"@context":"https:\/\/schema.org","@graph":[{"@type":"WebPage","@id":"https:\/\/kgerad.de\/produkt\/cube-stereo-hybrid-120-pro-750-flashgreynorange\/","url":"https:\/\/kgerad.de\/produkt\/cube-stereo-hybrid-120-pro-750-flashgreynorange\/","name":"Cube Stereo Hybrid 120 Pro 750 flashgrey\u00b4n\u00b4orange","isPartOf":{"@id":"https:\/\/kgerad.de\/#website"},"primaryImageOfPage":{"@id":"https:\/\/kgerad.de\/produkt\/cube-stereo-hybrid-120-pro-750-flashgreynorange\/#primaryimage"},"image":{"@id":"https:\/\/kgerad.de\/produkt\/cube-stereo-hybrid-120-pro-750-flashgreynorange\/#primaryimage"},"thumbnailUrl":"https:\/\/kgerad.de\/wp-content\/uploads\/2023\/06\/Stereo-Hybrid-120-Pro-750-flashgrey-n-orange-635053.jpg","datePublished":"2022-11-30T15:41:18+00:00","dateModified":"2023-08-10T19:17:33+00:00","description":"Entdecken Sie unseren Online-Fahrradladen: Gro\u00dfe Auswahl an Modellen f\u00fcr alle Radsportbegeisterten. Von Rennr\u00e4dern bis zu Mountainbikes - finden Sie heute Ihren perfekten Wegbegleiter!","breadcrumb":{"@id":"https:\/\/kgerad.de\/produkt\/cube-stereo-hybrid-120-pro-750-flashgreynorange\/#breadcrumb"},"inLanguage":"en-US","potentialAction":[{"@type":"ReadAction","target":["https:\/\/kgerad.de\/produkt\/cube-stereo-hybrid-120-pro-750-flashgreynorange\/"]}]},{"@type":"ImageObject","inLanguage":"en-US","@id":"https:\/\/kgerad.de\/produkt\/cube-stereo-hybrid-120-pro-750-flashgreynorange\/#primaryimage","url":"https:\/\/kgerad.de\/wp-content\/uploads\/2023\/06\/Stereo-Hybrid-120-Pro-750-flashgrey-n-orange-635053.jpg","contentUrl":"https:\/\/kgerad.de\/wp-content\/uploads\/2023\/06\/Stereo-Hybrid-120-Pro-750-flashgrey-n-orange-635053.jpg","width":2000,"height":1136,"caption":"Cube Stereo Hybrid 120 Pro 750 flashgrey\u00b4n\u00b4orange"},{"@type":"BreadcrumbList","@id":"https:\/\/kgerad.de\/produkt\/cube-stereo-hybrid-120-pro-750-flashgreynorange\/#breadcrumb","itemListElement":[{"@type":"ListItem","position":1,"name":"Startseite","item":"https:\/\/kgerad.de\/"},{"@type":"ListItem","position":2,"name":"LADEN","item":"https:\/\/kgerad.de\/laden\/"},{"@type":"ListItem","position":3,"name":"Cube Stereo Hybrid 120 Pro 750 flashgrey\u00b4n\u00b4orange"}]},{"@type":"WebSite","@id":"https:\/\/kgerad.de\/#website","url":"https:\/\/kgerad.de\/","name":"kgerad.de","description":"Treten Sie mit uns ins Abenteuer!","publisher":{"@id":"https:\/\/kgerad.de\/#organization"},"alternateName":"MEIN RADLADEN","potentialAction":[{"@type":"SearchAction","target":{"@type":"EntryPoint","urlTemplate":"https:\/\/kgerad.de\/?s={search_term_string}"},"query-input":{"@type":"PropertyValueSpecification","valueRequired":true,"valueName":"search_term_string"}}],"inLanguage":"en-US"},{"@type":"Organization","@id":"https:\/\/kgerad.de\/#organization","name":"MEINRADLADEN","alternateName":"MEIN RADLADEN","url":"https:\/\/kgerad.de\/","logo":{"@type":"ImageObject","inLanguage":"en-US","@id":"https:\/\/kgerad.de\/#\/schema\/logo\/image\/","url":"https:\/\/kgerad.de\/wp-content\/uploads\/2025\/07\/logo-Whit.svg","contentUrl":"https:\/\/kgerad.de\/wp-content\/uploads\/2025\/07\/logo-Whit.svg","width":1640,"height":371,"caption":"MEINRADLADEN"},"image":{"@id":"https:\/\/kgerad.de\/#\/schema\/logo\/image\/"}}]}},"_links":{"self":[{"href":"https:\/\/kgerad.de\/en\/wp-json\/wp\/v2\/product\/46808","targetHints":{"allow":["GET"]}}],"collection":[{"href":"https:\/\/kgerad.de\/en\/wp-json\/wp\/v2\/product"}],"about":[{"href":"https:\/\/kgerad.de\/en\/wp-json\/wp\/v2\/types\/product"}],"replies":[{"embeddable":true,"href":"https:\/\/kgerad.de\/en\/wp-json\/wp\/v2\/comments?post=46808"}],"version-history":[{"count":1,"href":"https:\/\/kgerad.de\/en\/wp-json\/wp\/v2\/product\/46808\/revisions"}],"predecessor-version":[{"id":78943,"href":"https:\/\/kgerad.de\/en\/wp-json\/wp\/v2\/product\/46808\/revisions\/78943"}],"wp:featuredmedia":[{"embeddable":true,"href":"https:\/\/kgerad.de\/en\/wp-json\/wp\/v2\/media\/63990"}],"wp:attachment":[{"href":"https:\/\/kgerad.de\/en\/wp-json\/wp\/v2\/media?parent=46808"}],"wp:term":[{"taxonomy":"product_brand","embeddable":true,"href":"https:\/\/kgerad.de\/en\/wp-json\/wp\/v2\/product_brand?post=46808"},{"taxonomy":"product_cat","embeddable":true,"href":"https:\/\/kgerad.de\/en\/wp-json\/wp\/v2\/product_cat?post=46808"},{"taxonomy":"product_tag","embeddable":true,"href":"https:\/\/kgerad.de\/en\/wp-json\/wp\/v2\/product_tag?post=46808"}],"curies":[{"name":"wp","href":"https:\/\/api.w.org\/{rel}","templated":true}]}}