{"id":45885,"date":"2022-11-30T12:08:36","date_gmt":"2022-11-30T11:08:36","guid":{"rendered":"https:\/\/kgerad.de\/?post_type=product&#038;p=45885"},"modified":"2023-08-10T21:20:15","modified_gmt":"2023-08-10T19:20:15","slug":"garmin-edge-830-performer-bundle-gps-fahrradcomputer","status":"publish","type":"product","link":"https:\/\/kgerad.de\/en\/product\/garmin-edge-830-performer-bundle-gps-fahrradcomputer\/","title":{"rendered":"Garmin Edge 830 Performer Bundle &#8211; GPS Fahrradcomputer"},"content":{"rendered":"<h2 class=\"product--title\"><strong>Garmin<\/strong>\u00a0Edge 830 Performer Bundle &#8211; GPS Fahrradcomputer<\/h2>\n<p>Der Garmin Edge 830 \u00fcberzeugt auf Anhieb! Vorinstallierte Karten mit Turn-by-Turn Navigation und einer langen Akkulaufzeit von bis zu 20 Stunden gepaart mit der neuen ClimbPRo Funktion und dem hochwertigen Touchscreen ergeben einen GPS-Fahrradcomputer, auf den du dich immer verlassen kannst. Im praktischen Bundle sind Geschwindigkeitssensor, Trittfrequenzsensor sowie der Herzfrequenz-Brustgurt mit weichem Gurt enthalten.<\/p>\n<hr \/>\n<table border=\"0\" width=\"100%\" cellspacing=\"1\" cellpadding=\"1\">\n<tbody>\n<tr>\n<td><a title=\"RennRad 0919 - Testsieger\" href=\"https:\/\/www.radsport-rennrad.de\/\" target=\"_blank\" rel=\"nofollow noopener\"><img decoding=\"async\" title=\"RennRad 0919 - Testsieger\" src=\"https:\/\/cd.bike-discount.de\/media\/image\/19\/d5\/d6\/rr_2019_09_testurteile_navis_testsieger.png\" alt=\"\" width=\"88\" height=\"90\" data-mid=\"478003\" data-src=\"media\/image\/rr_2019_09_testurteile_navis_testsieger.png\" \/><\/a>\u00a0<a title=\"RennRad - Bewertung 4,5 Punkte\" href=\"https:\/\/www.radsport-rennrad.de\/\" target=\"_blank\" rel=\"nofollow noopener\"><img decoding=\"async\" title=\"RennRad - Bewertung 4,5 Punkte\" src=\"https:\/\/cd.bike-discount.de\/media\/image\/98\/7a\/50\/rennrad_bewertung45p.png\" alt=\"\" width=\"72\" height=\"70\" data-mid=\"456199\" data-src=\"media\/image\/rennrad_bewertung45p.png\" \/><\/a><br \/>\nRennRad 09\/2019<br \/>\nTest: &#8222;Big Data: GPS-Radcomputer&#8220;<br \/>\n<strong>Testergebnis: Testsieger &amp; 4,5 von 5 Punkten<\/strong><\/td>\n<td width=\"2%\"><\/td>\n<td><a title=\"Bike 0719 - Cube\" href=\"https:\/\/www.bike-magazin.de\/\" target=\"_blank\" rel=\"nofollow noopener\"><img decoding=\"async\" title=\"Bike 0719 - Garmin\" src=\"https:\/\/cd.bike-discount.de\/media\/image\/91\/ee\/f8\/bike_07_2019_garmin-edge.jpg\" alt=\"\" width=\"75\" height=\"75\" data-mid=\"458164\" data-src=\"media\/image\/bike_07_2019_garmin-edge.jpg\" \/><\/a><br \/>\nBIKE 07\/2019<br \/>\nTest: &#8222;Digitale Allesk\u00f6nner: GPS-Ger\u00e4te&#8220;<br \/>\n<strong>Testergebnis: TIPP\u00a0&#8222;Navigation&#8220;<\/strong><strong><br \/>\n<\/strong><\/td>\n<\/tr>\n<\/tbody>\n<\/table>\n<hr \/>\n<h2>GPS-Fahrradcomputer mit Touchscreen f\u00fcr Rennrad und MTB: der Garmin Edge 830 mit Sensor-Bundle<\/h2>\n<p>Ob du auf dem Siegertreppchen stehst, dich f\u00fcr Kona qualifiziert hast, Offroad-Touren f\u00e4hrst, in der Stadt in die Pedale trittst, dir querfeldein deinen Weg bahnst oder irgendwo dazwischen liegst \u2013 der Edge 830 ist startklar, um dich als neuer Partner auf deinen Touren zu begleiten.<\/p>\n<hr \/>\n<h3>Lieferumfang &#8211; Edge 830 Sensor-Bundle<\/h3>\n<ul>\n<li>1 x Garmin Edge\u00ae 830<\/li>\n<li>1 x Standardhalterung<\/li>\n<li>1 x Aero-Halterung<\/li>\n<li>1 x Geschwindigkeitssensor<\/li>\n<li>1 x Trittfrequenzsensor<\/li>\n<li>1 x Herzfrequenzsensor<\/li>\n<li>1 x Befestigungsband<\/li>\n<li>1 x USB-Kabel<\/li>\n<li>1 x Dokumentation<\/li>\n<\/ul>\n<hr \/>\n<h3>Die Highlights des Garmin Edge 830<\/h3>\n<ul>\n<li>Analysiere deine Performance mit VO2max, Erholungszeitratgeber, Training-Balance-Fokus, Hitze- und H\u00f6henakklimatisierung, Ern\u00e4hrung, Fl\u00fcssigkeitsaufnahme und mehr<\/li>\n<li>Fahre auf Nummer sicher, u. a. mit neuem Fahrradalarm, Gruppennachrichten und -Tracking, Unfallbenachrichtigung sowie Kompatibilit\u00e4t mit Varia\u2122-Radar und -Beleuchtung, damit du sehen kannst und gesehen wirst<\/li>\n<li>Immer on track. Mit der routingf\u00e4higen Fahrradkarte findest du die beliebtesten Strecken. Anhand der Neuberechnung bei Routenabweichung und Routenf\u00fchrung zur\u00fcck zum Start verf\u00e4hrst du dich nie.<\/li>\n<\/ul>\n<p>&nbsp;<\/p>\n<ul>\n<li>Das Mountainbike-Modell umfasst integrierte Trailforks-Daten, darunter Bewertungen zur Schwierigkeit der Trails<\/li>\n<li>Individualisiere deinen Edge mit kostenlosen Apps, Widgets und Datenfeldern aus dem Connect IQ\u2122-Shop<\/li>\n<li>Analysiere deine Performance mit den MTB-Kennzahlen, inkl. Anzahl der Spr\u00fcnge, der Sprungweite und der Airtime sowie des Grit, eines Messwerts f\u00fcr die Schwierigkeit der Tour, und des Flow, mit dem die Fl\u00fcssigkeit des Fahrstils bei Bergabfahrten aufgezeichnet wird<\/li>\n<li>So ausdauernd wie du selbst: Akkulaufzeit bis zu 20 Stunden mit GPS; kann mit dem optionalen Garmin Akkupack\u2122 oder im Energiesparmodus bis auf 40 Stunden verl\u00e4ngert werden<\/li>\n<\/ul>\n<hr \/>\n<h3>Features<\/h3>\n<p><strong>Analysiere deine Performance<\/strong><br \/>\nDer Edge 830 geht \u00fcber die einfache Datenerfassung hinaus und liefert dynamische Einblicke in deine Performance, damit du deine Bestleistungen schlagen kannst. Finde mit der Hitze- und H\u00f6henakklimatisierung heraus, wie sich dein K\u00f6rper an unterschiedliche Bedingungen anpasst. Erhalte w\u00e4hrend der Tour Benachrichtigungen, wenn es Zeit ist, etwas zu trinken oder zu essen. Sieh dir an, ob deine aktuelle Trainingseinheit im Hinblick auf Ausdauer, Schwelle und Intensit\u00e4t ausgewogen war. Kopple den Edge 830 mit kompatiblen Garmin-Sensoren, um sogar eine Leistungskurve zu berechnen.<\/p>\n<p><strong>Fahre auf Nummer sicher<\/strong><br \/>\nOb du mit anderen trainierst oder mit dem Fahrrad zur Arbeit f\u00e4hrst, ist die Sicherheit beim Edge 830 ein wichtiger Aspekt. Sende Gruppennachrichten oder nutzte GroupTrack, um in Kontakt zu bleiben, wenn du von der Gruppe getrennt wirst.<\/p>\n<p><strong>Raus auf die Trails<\/strong><br \/>\nWenn du etwas Abwechslung suchst, liegst du beim Mountainbiken mit dem Edge 830 genau richtig. Lade zun\u00e4chst die kostenlose Trailforks-App aus unserem Connect IQ-Shop herunter und nutze dann die Trailforks-Daten auf dem Edge. Trailforks bietet Trails aus mehr als 80 L\u00e4ndern mit aktuellen Informationen, darunter Trailbedingungen, Heatmaps und mehr. Wenn du auf der Tour anh\u00e4ltst, werden im neuen Forksight-Modus automatisch die n\u00e4chsten Weggabelungen angezeigt. Au\u00dferdem siehst du, wo du dich im Trail-Netzwerk befindest, damit du einen besseren \u00dcberblick hast.<\/p>\n<p><strong>Fahre Anstiege intelligenter mit ClimbPro<\/strong><br \/>\nAnstiege k\u00f6nnen mit dem Edge 830 und der neuen ClimbPro-Funktion zu deiner Geheimwaffe werden. Bei der Funktion werden dir automatisch der verbleibende Anstieg und die Neigung angezeigt, wenn du einer Route oder Strecke folgst und dabei bergauf f\u00e4hrst. So siehst du, wie viel dir noch bevorsteht, und du kannst deine Anstrengung f\u00fcr den Rest der Tour besser einsch\u00e4tzen.<\/p>\n<hr \/>\n<h3>Farbe<\/h3>\n<ul>\n<li>schwarz<\/li>\n<\/ul>\n<h3>Gewicht<\/h3>\n<ul>\n<li>79.1 g (Herstellerangabe)<\/li>\n<\/ul>\n<hr \/>\n<h3>Garmin Edge 530 und Edge 830<\/h3>\n<p><iframe src=\"https:\/\/www.youtube-nocookie.com\/embed\/bfpjpxH-pWs\" width=\"640\" height=\"360\" frameborder=\"0\" allowfullscreen=\"allowfullscreen\" data-dashlane-frameid=\"9004\" data-mce-fragment=\"1\"><\/iframe><\/p>","protected":false},"excerpt":{"rendered":"<p>Garmin\u00a0Edge 830 Performer Bundle &#8211; GPS Fahrradcomputer Der Garmin Edge 830 \u00fcberzeugt auf Anhieb! Vorinstallierte Karten mit Turn-by-Turn Navigation und<\/p>","protected":false},"featured_media":63909,"comment_status":"open","ping_status":"closed","template":"","meta":[],"product_brand":[],"product_cat":[537,318],"product_tag":[],"class_list":{"0":"post-45885","1":"product","2":"type-product","3":"status-publish","4":"has-post-thumbnail","6":"product_cat-elektronik","7":"product_cat-outdoor","8":"pa_marke-garmin","10":"first","11":"instock","12":"sale","13":"taxable","14":"shipping-taxable","15":"purchasable","16":"product-type-simple"},"yoast_head":"<!-- This site is optimized with the Yoast SEO Premium plugin v20.12 (Yoast SEO v27.1.1) - https:\/\/yoast.com\/product\/yoast-seo-premium-wordpress\/ -->\n<title>Garmin Edge 830 Performer Bundle - GPS Fahrradcomputer<\/title>\n<meta name=\"description\" content=\"Entdecken Sie unseren Online-Fahrradladen: Gro\u00dfe Auswahl an Modellen f\u00fcr alle Radsportbegeisterten. Von Rennr\u00e4dern bis zu Mountainbikes - finden Sie heute Ihren perfekten Wegbegleiter!\" \/>\n<meta name=\"robots\" content=\"index, follow, max-snippet:-1, max-image-preview:large, max-video-preview:-1\" \/>\n<link rel=\"canonical\" href=\"https:\/\/kgerad.de\/en\/product\/garmin-edge-830-performer-bundle-gps-fahrradcomputer\/\" \/>\n<meta property=\"og:locale\" content=\"en_US\" \/>\n<meta property=\"og:type\" content=\"article\" \/>\n<meta property=\"og:title\" content=\"Garmin Edge 830 Performer Bundle - GPS Fahrradcomputer\" \/>\n<meta property=\"og:description\" content=\"Entdecken Sie unseren Online-Fahrradladen: Gro\u00dfe Auswahl an Modellen f\u00fcr alle Radsportbegeisterten. Von Rennr\u00e4dern bis zu Mountainbikes - finden Sie heute Ihren perfekten Wegbegleiter!\" \/>\n<meta property=\"og:url\" content=\"https:\/\/kgerad.de\/en\/product\/garmin-edge-830-performer-bundle-gps-fahrradcomputer\/\" \/>\n<meta property=\"og:site_name\" content=\"kgerad.de\" \/>\n<meta property=\"article:modified_time\" content=\"2023-08-10T19:20:15+00:00\" \/>\n<meta property=\"og:image\" content=\"https:\/\/kgerad.de\/wp-content\/uploads\/2023\/06\/Garmin-Edge_830_Performer_Bundle-010-02061-11_800x800-00.jpg\" \/>\n\t<meta property=\"og:image:width\" content=\"786\" \/>\n\t<meta property=\"og:image:height\" content=\"800\" \/>\n\t<meta property=\"og:image:type\" content=\"image\/jpeg\" \/>\n<meta name=\"twitter:card\" content=\"summary_large_image\" \/>\n<meta name=\"twitter:label1\" content=\"Est. reading time\" \/>\n\t<meta name=\"twitter:data1\" content=\"5 minutes\" \/>\n<script type=\"application\/ld+json\" class=\"yoast-schema-graph\">{\"@context\":\"https:\/\/schema.org\",\"@graph\":[{\"@type\":\"WebPage\",\"@id\":\"https:\/\/kgerad.de\/produkt\/garmin-edge-830-performer-bundle-gps-fahrradcomputer\/\",\"url\":\"https:\/\/kgerad.de\/produkt\/garmin-edge-830-performer-bundle-gps-fahrradcomputer\/\",\"name\":\"Garmin Edge 830 Performer Bundle - GPS Fahrradcomputer\",\"isPartOf\":{\"@id\":\"https:\/\/kgerad.de\/#website\"},\"primaryImageOfPage\":{\"@id\":\"https:\/\/kgerad.de\/produkt\/garmin-edge-830-performer-bundle-gps-fahrradcomputer\/#primaryimage\"},\"image\":{\"@id\":\"https:\/\/kgerad.de\/produkt\/garmin-edge-830-performer-bundle-gps-fahrradcomputer\/#primaryimage\"},\"thumbnailUrl\":\"https:\/\/kgerad.de\/wp-content\/uploads\/2023\/06\/Garmin-Edge_830_Performer_Bundle-010-02061-11_800x800-00.jpg\",\"datePublished\":\"2022-11-30T11:08:36+00:00\",\"dateModified\":\"2023-08-10T19:20:15+00:00\",\"description\":\"Entdecken Sie unseren Online-Fahrradladen: Gro\u00dfe Auswahl an Modellen f\u00fcr alle Radsportbegeisterten. Von Rennr\u00e4dern bis zu Mountainbikes - finden Sie heute Ihren perfekten Wegbegleiter!\",\"breadcrumb\":{\"@id\":\"https:\/\/kgerad.de\/produkt\/garmin-edge-830-performer-bundle-gps-fahrradcomputer\/#breadcrumb\"},\"inLanguage\":\"en-US\",\"potentialAction\":[{\"@type\":\"ReadAction\",\"target\":[\"https:\/\/kgerad.de\/produkt\/garmin-edge-830-performer-bundle-gps-fahrradcomputer\/\"]}]},{\"@type\":\"ImageObject\",\"inLanguage\":\"en-US\",\"@id\":\"https:\/\/kgerad.de\/produkt\/garmin-edge-830-performer-bundle-gps-fahrradcomputer\/#primaryimage\",\"url\":\"https:\/\/kgerad.de\/wp-content\/uploads\/2023\/06\/Garmin-Edge_830_Performer_Bundle-010-02061-11_800x800-00.jpg\",\"contentUrl\":\"https:\/\/kgerad.de\/wp-content\/uploads\/2023\/06\/Garmin-Edge_830_Performer_Bundle-010-02061-11_800x800-00.jpg\",\"width\":786,\"height\":800,\"caption\":\"Garmin Edge 830 Performer Bundle - GPS Fahrradcomputer\"},{\"@type\":\"BreadcrumbList\",\"@id\":\"https:\/\/kgerad.de\/produkt\/garmin-edge-830-performer-bundle-gps-fahrradcomputer\/#breadcrumb\",\"itemListElement\":[{\"@type\":\"ListItem\",\"position\":1,\"name\":\"Startseite\",\"item\":\"https:\/\/kgerad.de\/\"},{\"@type\":\"ListItem\",\"position\":2,\"name\":\"LADEN\",\"item\":\"https:\/\/kgerad.de\/laden\/\"},{\"@type\":\"ListItem\",\"position\":3,\"name\":\"Garmin Edge 830 Performer Bundle &#8211; GPS Fahrradcomputer\"}]},{\"@type\":\"WebSite\",\"@id\":\"https:\/\/kgerad.de\/#website\",\"url\":\"https:\/\/kgerad.de\/\",\"name\":\"kgerad.de\",\"description\":\"Treten Sie mit uns ins Abenteuer!\",\"publisher\":{\"@id\":\"https:\/\/kgerad.de\/#organization\"},\"alternateName\":\"MEIN RADLADEN\",\"potentialAction\":[{\"@type\":\"SearchAction\",\"target\":{\"@type\":\"EntryPoint\",\"urlTemplate\":\"https:\/\/kgerad.de\/?s={search_term_string}\"},\"query-input\":{\"@type\":\"PropertyValueSpecification\",\"valueRequired\":true,\"valueName\":\"search_term_string\"}}],\"inLanguage\":\"en-US\"},{\"@type\":\"Organization\",\"@id\":\"https:\/\/kgerad.de\/#organization\",\"name\":\"MEINRADLADEN\",\"alternateName\":\"MEIN RADLADEN\",\"url\":\"https:\/\/kgerad.de\/\",\"logo\":{\"@type\":\"ImageObject\",\"inLanguage\":\"en-US\",\"@id\":\"https:\/\/kgerad.de\/#\/schema\/logo\/image\/\",\"url\":\"https:\/\/kgerad.de\/wp-content\/uploads\/2025\/07\/logo-Whit.svg\",\"contentUrl\":\"https:\/\/kgerad.de\/wp-content\/uploads\/2025\/07\/logo-Whit.svg\",\"width\":1640,\"height\":371,\"caption\":\"MEINRADLADEN\"},\"image\":{\"@id\":\"https:\/\/kgerad.de\/#\/schema\/logo\/image\/\"}}]}<\/script>\n<!-- \/ Yoast SEO Premium plugin. -->","yoast_head_json":{"title":"Garmin Edge 830 Performer Bundle - GPS Fahrradcomputer","description":"Entdecken Sie unseren Online-Fahrradladen: Gro\u00dfe Auswahl an Modellen f\u00fcr alle Radsportbegeisterten. Von Rennr\u00e4dern bis zu Mountainbikes - finden Sie heute Ihren perfekten Wegbegleiter!","robots":{"index":"index","follow":"follow","max-snippet":"max-snippet:-1","max-image-preview":"max-image-preview:large","max-video-preview":"max-video-preview:-1"},"canonical":"https:\/\/kgerad.de\/en\/product\/garmin-edge-830-performer-bundle-gps-fahrradcomputer\/","og_locale":"en_US","og_type":"article","og_title":"Garmin Edge 830 Performer Bundle - GPS Fahrradcomputer","og_description":"Entdecken Sie unseren Online-Fahrradladen: Gro\u00dfe Auswahl an Modellen f\u00fcr alle Radsportbegeisterten. Von Rennr\u00e4dern bis zu Mountainbikes - finden Sie heute Ihren perfekten Wegbegleiter!","og_url":"https:\/\/kgerad.de\/en\/product\/garmin-edge-830-performer-bundle-gps-fahrradcomputer\/","og_site_name":"kgerad.de","article_modified_time":"2023-08-10T19:20:15+00:00","og_image":[{"width":786,"height":800,"url":"https:\/\/kgerad.de\/wp-content\/uploads\/2023\/06\/Garmin-Edge_830_Performer_Bundle-010-02061-11_800x800-00.jpg","type":"image\/jpeg"}],"twitter_card":"summary_large_image","twitter_misc":{"Est. reading time":"5 minutes"},"schema":{"@context":"https:\/\/schema.org","@graph":[{"@type":"WebPage","@id":"https:\/\/kgerad.de\/produkt\/garmin-edge-830-performer-bundle-gps-fahrradcomputer\/","url":"https:\/\/kgerad.de\/produkt\/garmin-edge-830-performer-bundle-gps-fahrradcomputer\/","name":"Garmin Edge 830 Performer Bundle - GPS Fahrradcomputer","isPartOf":{"@id":"https:\/\/kgerad.de\/#website"},"primaryImageOfPage":{"@id":"https:\/\/kgerad.de\/produkt\/garmin-edge-830-performer-bundle-gps-fahrradcomputer\/#primaryimage"},"image":{"@id":"https:\/\/kgerad.de\/produkt\/garmin-edge-830-performer-bundle-gps-fahrradcomputer\/#primaryimage"},"thumbnailUrl":"https:\/\/kgerad.de\/wp-content\/uploads\/2023\/06\/Garmin-Edge_830_Performer_Bundle-010-02061-11_800x800-00.jpg","datePublished":"2022-11-30T11:08:36+00:00","dateModified":"2023-08-10T19:20:15+00:00","description":"Entdecken Sie unseren Online-Fahrradladen: Gro\u00dfe Auswahl an Modellen f\u00fcr alle Radsportbegeisterten. Von Rennr\u00e4dern bis zu Mountainbikes - finden Sie heute Ihren perfekten Wegbegleiter!","breadcrumb":{"@id":"https:\/\/kgerad.de\/produkt\/garmin-edge-830-performer-bundle-gps-fahrradcomputer\/#breadcrumb"},"inLanguage":"en-US","potentialAction":[{"@type":"ReadAction","target":["https:\/\/kgerad.de\/produkt\/garmin-edge-830-performer-bundle-gps-fahrradcomputer\/"]}]},{"@type":"ImageObject","inLanguage":"en-US","@id":"https:\/\/kgerad.de\/produkt\/garmin-edge-830-performer-bundle-gps-fahrradcomputer\/#primaryimage","url":"https:\/\/kgerad.de\/wp-content\/uploads\/2023\/06\/Garmin-Edge_830_Performer_Bundle-010-02061-11_800x800-00.jpg","contentUrl":"https:\/\/kgerad.de\/wp-content\/uploads\/2023\/06\/Garmin-Edge_830_Performer_Bundle-010-02061-11_800x800-00.jpg","width":786,"height":800,"caption":"Garmin Edge 830 Performer Bundle - GPS Fahrradcomputer"},{"@type":"BreadcrumbList","@id":"https:\/\/kgerad.de\/produkt\/garmin-edge-830-performer-bundle-gps-fahrradcomputer\/#breadcrumb","itemListElement":[{"@type":"ListItem","position":1,"name":"Startseite","item":"https:\/\/kgerad.de\/"},{"@type":"ListItem","position":2,"name":"LADEN","item":"https:\/\/kgerad.de\/laden\/"},{"@type":"ListItem","position":3,"name":"Garmin Edge 830 Performer Bundle &#8211; GPS Fahrradcomputer"}]},{"@type":"WebSite","@id":"https:\/\/kgerad.de\/#website","url":"https:\/\/kgerad.de\/","name":"kgerad.de","description":"Treten Sie mit uns ins Abenteuer!","publisher":{"@id":"https:\/\/kgerad.de\/#organization"},"alternateName":"MEIN RADLADEN","potentialAction":[{"@type":"SearchAction","target":{"@type":"EntryPoint","urlTemplate":"https:\/\/kgerad.de\/?s={search_term_string}"},"query-input":{"@type":"PropertyValueSpecification","valueRequired":true,"valueName":"search_term_string"}}],"inLanguage":"en-US"},{"@type":"Organization","@id":"https:\/\/kgerad.de\/#organization","name":"MEINRADLADEN","alternateName":"MEIN RADLADEN","url":"https:\/\/kgerad.de\/","logo":{"@type":"ImageObject","inLanguage":"en-US","@id":"https:\/\/kgerad.de\/#\/schema\/logo\/image\/","url":"https:\/\/kgerad.de\/wp-content\/uploads\/2025\/07\/logo-Whit.svg","contentUrl":"https:\/\/kgerad.de\/wp-content\/uploads\/2025\/07\/logo-Whit.svg","width":1640,"height":371,"caption":"MEINRADLADEN"},"image":{"@id":"https:\/\/kgerad.de\/#\/schema\/logo\/image\/"}}]}},"_links":{"self":[{"href":"https:\/\/kgerad.de\/en\/wp-json\/wp\/v2\/product\/45885","targetHints":{"allow":["GET"]}}],"collection":[{"href":"https:\/\/kgerad.de\/en\/wp-json\/wp\/v2\/product"}],"about":[{"href":"https:\/\/kgerad.de\/en\/wp-json\/wp\/v2\/types\/product"}],"replies":[{"embeddable":true,"href":"https:\/\/kgerad.de\/en\/wp-json\/wp\/v2\/comments?post=45885"}],"version-history":[{"count":1,"href":"https:\/\/kgerad.de\/en\/wp-json\/wp\/v2\/product\/45885\/revisions"}],"predecessor-version":[{"id":78953,"href":"https:\/\/kgerad.de\/en\/wp-json\/wp\/v2\/product\/45885\/revisions\/78953"}],"wp:featuredmedia":[{"embeddable":true,"href":"https:\/\/kgerad.de\/en\/wp-json\/wp\/v2\/media\/63909"}],"wp:attachment":[{"href":"https:\/\/kgerad.de\/en\/wp-json\/wp\/v2\/media?parent=45885"}],"wp:term":[{"taxonomy":"product_brand","embeddable":true,"href":"https:\/\/kgerad.de\/en\/wp-json\/wp\/v2\/product_brand?post=45885"},{"taxonomy":"product_cat","embeddable":true,"href":"https:\/\/kgerad.de\/en\/wp-json\/wp\/v2\/product_cat?post=45885"},{"taxonomy":"product_tag","embeddable":true,"href":"https:\/\/kgerad.de\/en\/wp-json\/wp\/v2\/product_tag?post=45885"}],"curies":[{"name":"wp","href":"https:\/\/api.w.org\/{rel}","templated":true}]}}