{"id":45876,"date":"2022-11-30T11:32:08","date_gmt":"2022-11-30T10:32:08","guid":{"rendered":"https:\/\/kgerad.de\/?post_type=product&#038;p=45876"},"modified":"2023-08-10T21:20:59","modified_gmt":"2023-08-10T19:20:59","slug":"bosch-powerpack-500-gepaecktraegerakku","status":"publish","type":"product","link":"https:\/\/kgerad.de\/en\/product\/bosch-powerpack-500-gepaecktraegerakku\/","title":{"rendered":"Bosch PowerPack 500 Gep\u00e4cktr\u00e4gerakku"},"content":{"rendered":"<h2 class=\"product--title\"><strong>Bosch<\/strong>\u00a0PowerPack 500 Gep\u00e4cktr\u00e4gerakku<\/h2>\n<p>Der Bosch PowerPack 500 f\u00fcr <a href=\"http:\/\/1-1\">Active<\/a> Line, Performance Line und Performance Line CX E-Bike-Antriebe. Dank einer Nennkapazit\u00e4t von 13,4 Ah und 500 Wh Energieinhalt bringt dir der Lithium-Ionen-Akku 25% mehr Reichweite bei nur 4% mehr Gewicht im Vergleich zum PowerPack 400.<\/p>\n<h2>Mehr Reichweite: der PowerPack Rack 500 von Bosch<\/h2>\n<div>\n<p>Mit mehr Energie f\u00fcr noch mehr Fahrspa\u00df: Ein PowerPack 500 ist bei gleicher Gr\u00f6\u00dfe kaum schwerer als ein PowerPack 400 und erm\u00f6glicht gr\u00f6\u00dfere Reichweiten. F\u00fcr die halbe Aufladung ben\u00f6tigt der Lithium-Ionen-Akku rund zwei Stunden, komplett aufgeladen ist der PowerPack 500 in ca. 4,5 Stunden mit dem Bosch Standard Charger. Unter g\u00fcnstigen Bedingungen sind mit einer Ladung und der Performance Line Cruise im Mix Touren von bis zu 90 Kilometern m\u00f6glich.<\/p>\n<hr \/>\n<h3>Kompatibilit\u00e4t &#8211; Bosch Powerpack Rack 500 (0275007532)<\/h3>\n<ul>\n<li>Die aktuellste Generation der Akkus ab 2016 (CX-Line) sind zu Active- und PerformanceLine abw\u00e4rtskompatibel mit 36V Systemen von Bosch ab dem Modelljahr 2014.<\/li>\n<li>Zwischen den Baujahren 2010 und 2013 f\u00fcr die erste Generation (Classic und Classic Plus) sind ausschlie\u00dflich die Gep\u00e4ktr\u00e4gerakkus und die Rahmenakkus der Classic Line einsetzbar.<\/li>\n<\/ul>\n<h3>Features<\/h3>\n<ul>\n<li>Die Li-Ionen-Batterie hat die konkurrenzlos ho\u0308chste Energiedichte bei geringster Gro\u0308\u00dfe und kleinstem Gewicht<\/li>\n<li>Akku-Reihe mit mehr Kapazit\u00e4t und Leistung. So bezwingen Sie auf Ihrer Tour selbst steile Berge<\/li>\n<li>Kraftpaket: 500 Wh Energiegehalt<\/li>\n<li>Best in class: 40 Zellen Packs mit ho\u0308chster Energiedichte (190 Wh\/kg) am Markt bei geringstem Gewicht und Volumen<\/li>\n<li>Mehr Leistung bei unvera\u0308nderter Gro\u0308\u00dfe im Vergleich zu PowerPack 400<\/li>\n<li>High Energy- und High Power-Zellen: Die Bosch PowerPacks vereinen hohe Energie und hohe Leistung. So erzielen Sie gro\u00dfe Reichweiten und bezwingen selbst steile Berge.<\/li>\n<li>Optimiertes Ladeverfahren: Vollsta\u0308ndige Aufladung in ca. 4,5h, 50% in &lt; 2h<\/li>\n<\/ul>\n<h3>Produkteigenschaften<\/h3>\n<ul>\n<li><strong>Montageart:<\/strong>\u00a0Gep\u00e4cktr\u00e4gerakku<\/li>\n<li><strong>Spannung (V):<\/strong>\u00a036 V<\/li>\n<li><strong>Kapazit\u00e4t (Ah):<\/strong>\u00a013,4 Ah<\/li>\n<li><strong>Energiegehalt (Wh):<\/strong>\u00a0500 Wh<\/li>\n<li><strong>Ladezyklen:<\/strong>\u00a0500 &#8211; 600<\/li>\n<li><strong>Ma\u00dfe:<\/strong>\u00a0372 x 122 x 80 mm<\/li>\n<\/ul>\n<h3>Reichweite<\/h3>\n<ul>\n<li>Berechne\u00a0<strong>hier<\/strong>\u00a0die Reichweite f\u00fcr deine n\u00e4chste eBike-Tour.<\/li>\n<\/ul>\n<h3>Farbe<\/h3>\n<ul>\n<li>anthrazit<\/li>\n<\/ul>\n<h3>Gewicht<\/h3>\n<ul>\n<li>2,7 kg (Herstellerangabe)<\/li>\n<\/ul>\n<hr \/>\n<h3>Lieferumfang<\/h3>\n<ul>\n<li>1 x Bosch Gep\u00e4cktr\u00e4gerakku PowerPack 500 Performance Line<\/li>\n<li>1 x Gefahrgutkarton<\/li>\n<li>1 x Bedienungsanleitung<\/li>\n<\/ul>\n<hr \/>\n<h3>Die Bosch PowerPacks f\u00fcr eBikes<\/h3>\n<p><iframe src=\"https:\/\/www.youtube-nocookie.com\/embed\/cF2L3c0LkpY\" width=\"640\" height=\"360\" frameborder=\"0\" allowfullscreen=\"allowfullscreen\" data-mce-fragment=\"1\"><\/iframe><\/p>\n<\/div>\n<h2 class=\"product--rating-container\"><\/h2>","protected":false},"excerpt":{"rendered":"<p>Bosch\u00a0PowerPack 500 Gep\u00e4cktr\u00e4gerakku Der Bosch PowerPack 500 f\u00fcr Active Line, Performance Line und Performance Line CX E-Bike-Antriebe. Dank einer Nennkapazit\u00e4t<\/p>","protected":false},"featured_media":63906,"comment_status":"open","ping_status":"closed","template":"","meta":[],"product_brand":[],"product_cat":[537,318],"product_tag":[],"class_list":{"0":"post-45876","1":"product","2":"type-product","3":"status-publish","4":"has-post-thumbnail","6":"product_cat-elektronik","7":"product_cat-outdoor","8":"pa_marke-bosch","10":"first","11":"instock","12":"sale","13":"taxable","14":"shipping-taxable","15":"purchasable","16":"product-type-simple"},"yoast_head":"<!-- This site is optimized with the Yoast SEO Premium plugin v20.12 (Yoast SEO v27.1.1) - https:\/\/yoast.com\/product\/yoast-seo-premium-wordpress\/ -->\n<title>Bosch PowerPack 500 Gep\u00e4cktr\u00e4gerakku<\/title>\n<meta name=\"description\" content=\"kgerad.de bietet Ihnen das Bosch PowerPack 500 Gep\u00e4cktr\u00e4gerakku zum besten Preis mit kostenlosem Versand in ganz EuropaBosch PowerPack 500Bosch PowerPack 500\" \/>\n<meta name=\"robots\" content=\"index, follow, max-snippet:-1, max-image-preview:large, max-video-preview:-1\" \/>\n<link rel=\"canonical\" href=\"https:\/\/kgerad.de\/en\/product\/bosch-powerpack-500-gepaecktraegerakku\/\" \/>\n<meta property=\"og:locale\" content=\"en_US\" \/>\n<meta property=\"og:type\" content=\"article\" \/>\n<meta property=\"og:title\" content=\"Bosch PowerPack 500 Gep\u00e4cktr\u00e4gerakku\" \/>\n<meta property=\"og:description\" content=\"Entdecken Sie unseren Online-Fahrradladen: Gro\u00dfe Auswahl an Modellen f\u00fcr alle Radsportbegeisterten. Von Rennr\u00e4dern bis zu Mountainbikes - finden Sie heute Ihren perfekten Wegbegleiter!\" \/>\n<meta property=\"og:url\" content=\"https:\/\/kgerad.de\/en\/product\/bosch-powerpack-500-gepaecktraegerakku\/\" \/>\n<meta property=\"og:site_name\" content=\"kgerad.de\" \/>\n<meta property=\"article:modified_time\" content=\"2023-08-10T19:20:59+00:00\" \/>\n<meta property=\"og:image\" content=\"https:\/\/kgerad.de\/wp-content\/uploads\/2023\/06\/0275007532_800x800-0.jpg\" \/>\n\t<meta property=\"og:image:width\" content=\"800\" \/>\n\t<meta property=\"og:image:height\" content=\"324\" \/>\n\t<meta property=\"og:image:type\" content=\"image\/jpeg\" \/>\n<meta name=\"twitter:card\" content=\"summary_large_image\" \/>\n<meta name=\"twitter:label1\" content=\"Est. reading time\" \/>\n\t<meta name=\"twitter:data1\" content=\"2 minutes\" \/>\n<script type=\"application\/ld+json\" class=\"yoast-schema-graph\">{\"@context\":\"https:\/\/schema.org\",\"@graph\":[{\"@type\":\"WebPage\",\"@id\":\"https:\/\/kgerad.de\/produkt\/bosch-powerpack-500-gepaecktraegerakku\/\",\"url\":\"https:\/\/kgerad.de\/produkt\/bosch-powerpack-500-gepaecktraegerakku\/\",\"name\":\"Bosch PowerPack 500 Gep\u00e4cktr\u00e4gerakku\",\"isPartOf\":{\"@id\":\"https:\/\/kgerad.de\/#website\"},\"primaryImageOfPage\":{\"@id\":\"https:\/\/kgerad.de\/produkt\/bosch-powerpack-500-gepaecktraegerakku\/#primaryimage\"},\"image\":{\"@id\":\"https:\/\/kgerad.de\/produkt\/bosch-powerpack-500-gepaecktraegerakku\/#primaryimage\"},\"thumbnailUrl\":\"https:\/\/kgerad.de\/wp-content\/uploads\/2023\/06\/0275007532_800x800-0.jpg\",\"datePublished\":\"2022-11-30T10:32:08+00:00\",\"dateModified\":\"2023-08-10T19:20:59+00:00\",\"description\":\"kgerad.de bietet Ihnen das Bosch PowerPack 500 Gep\u00e4cktr\u00e4gerakku zum besten Preis mit kostenlosem Versand in ganz EuropaBosch PowerPack 500Bosch PowerPack 500\",\"breadcrumb\":{\"@id\":\"https:\/\/kgerad.de\/produkt\/bosch-powerpack-500-gepaecktraegerakku\/#breadcrumb\"},\"inLanguage\":\"en-US\",\"potentialAction\":[{\"@type\":\"ReadAction\",\"target\":[\"https:\/\/kgerad.de\/produkt\/bosch-powerpack-500-gepaecktraegerakku\/\"]}]},{\"@type\":\"ImageObject\",\"inLanguage\":\"en-US\",\"@id\":\"https:\/\/kgerad.de\/produkt\/bosch-powerpack-500-gepaecktraegerakku\/#primaryimage\",\"url\":\"https:\/\/kgerad.de\/wp-content\/uploads\/2023\/06\/0275007532_800x800-0.jpg\",\"contentUrl\":\"https:\/\/kgerad.de\/wp-content\/uploads\/2023\/06\/0275007532_800x800-0.jpg\",\"width\":800,\"height\":324,\"caption\":\"Bosch PowerPack 500 Gep\u00e4cktr\u00e4gerakku\"},{\"@type\":\"BreadcrumbList\",\"@id\":\"https:\/\/kgerad.de\/produkt\/bosch-powerpack-500-gepaecktraegerakku\/#breadcrumb\",\"itemListElement\":[{\"@type\":\"ListItem\",\"position\":1,\"name\":\"Startseite\",\"item\":\"https:\/\/kgerad.de\/\"},{\"@type\":\"ListItem\",\"position\":2,\"name\":\"LADEN\",\"item\":\"https:\/\/kgerad.de\/laden\/\"},{\"@type\":\"ListItem\",\"position\":3,\"name\":\"Bosch PowerPack 500 Gep\u00e4cktr\u00e4gerakku\"}]},{\"@type\":\"WebSite\",\"@id\":\"https:\/\/kgerad.de\/#website\",\"url\":\"https:\/\/kgerad.de\/\",\"name\":\"kgerad.de\",\"description\":\"Treten Sie mit uns ins Abenteuer!\",\"publisher\":{\"@id\":\"https:\/\/kgerad.de\/#organization\"},\"alternateName\":\"MEIN RADLADEN\",\"potentialAction\":[{\"@type\":\"SearchAction\",\"target\":{\"@type\":\"EntryPoint\",\"urlTemplate\":\"https:\/\/kgerad.de\/?s={search_term_string}\"},\"query-input\":{\"@type\":\"PropertyValueSpecification\",\"valueRequired\":true,\"valueName\":\"search_term_string\"}}],\"inLanguage\":\"en-US\"},{\"@type\":\"Organization\",\"@id\":\"https:\/\/kgerad.de\/#organization\",\"name\":\"MEINRADLADEN\",\"alternateName\":\"MEIN RADLADEN\",\"url\":\"https:\/\/kgerad.de\/\",\"logo\":{\"@type\":\"ImageObject\",\"inLanguage\":\"en-US\",\"@id\":\"https:\/\/kgerad.de\/#\/schema\/logo\/image\/\",\"url\":\"https:\/\/kgerad.de\/wp-content\/uploads\/2025\/07\/logo-Whit.svg\",\"contentUrl\":\"https:\/\/kgerad.de\/wp-content\/uploads\/2025\/07\/logo-Whit.svg\",\"width\":1640,\"height\":371,\"caption\":\"MEINRADLADEN\"},\"image\":{\"@id\":\"https:\/\/kgerad.de\/#\/schema\/logo\/image\/\"}}]}<\/script>\n<!-- \/ Yoast SEO Premium plugin. -->","yoast_head_json":{"title":"Bosch PowerPack 500 Gep\u00e4cktr\u00e4gerakku","description":"kgerad.de bietet Ihnen das Bosch PowerPack 500 Gep\u00e4cktr\u00e4gerakku zum besten Preis mit kostenlosem Versand in ganz EuropaBosch PowerPack 500Bosch PowerPack 500","robots":{"index":"index","follow":"follow","max-snippet":"max-snippet:-1","max-image-preview":"max-image-preview:large","max-video-preview":"max-video-preview:-1"},"canonical":"https:\/\/kgerad.de\/en\/product\/bosch-powerpack-500-gepaecktraegerakku\/","og_locale":"en_US","og_type":"article","og_title":"Bosch PowerPack 500 Gep\u00e4cktr\u00e4gerakku","og_description":"Entdecken Sie unseren Online-Fahrradladen: Gro\u00dfe Auswahl an Modellen f\u00fcr alle Radsportbegeisterten. Von Rennr\u00e4dern bis zu Mountainbikes - finden Sie heute Ihren perfekten Wegbegleiter!","og_url":"https:\/\/kgerad.de\/en\/product\/bosch-powerpack-500-gepaecktraegerakku\/","og_site_name":"kgerad.de","article_modified_time":"2023-08-10T19:20:59+00:00","og_image":[{"width":800,"height":324,"url":"https:\/\/kgerad.de\/wp-content\/uploads\/2023\/06\/0275007532_800x800-0.jpg","type":"image\/jpeg"}],"twitter_card":"summary_large_image","twitter_misc":{"Est. reading time":"2 minutes"},"schema":{"@context":"https:\/\/schema.org","@graph":[{"@type":"WebPage","@id":"https:\/\/kgerad.de\/produkt\/bosch-powerpack-500-gepaecktraegerakku\/","url":"https:\/\/kgerad.de\/produkt\/bosch-powerpack-500-gepaecktraegerakku\/","name":"Bosch PowerPack 500 Gep\u00e4cktr\u00e4gerakku","isPartOf":{"@id":"https:\/\/kgerad.de\/#website"},"primaryImageOfPage":{"@id":"https:\/\/kgerad.de\/produkt\/bosch-powerpack-500-gepaecktraegerakku\/#primaryimage"},"image":{"@id":"https:\/\/kgerad.de\/produkt\/bosch-powerpack-500-gepaecktraegerakku\/#primaryimage"},"thumbnailUrl":"https:\/\/kgerad.de\/wp-content\/uploads\/2023\/06\/0275007532_800x800-0.jpg","datePublished":"2022-11-30T10:32:08+00:00","dateModified":"2023-08-10T19:20:59+00:00","description":"kgerad.de bietet Ihnen das Bosch PowerPack 500 Gep\u00e4cktr\u00e4gerakku zum besten Preis mit kostenlosem Versand in ganz EuropaBosch PowerPack 500Bosch PowerPack 500","breadcrumb":{"@id":"https:\/\/kgerad.de\/produkt\/bosch-powerpack-500-gepaecktraegerakku\/#breadcrumb"},"inLanguage":"en-US","potentialAction":[{"@type":"ReadAction","target":["https:\/\/kgerad.de\/produkt\/bosch-powerpack-500-gepaecktraegerakku\/"]}]},{"@type":"ImageObject","inLanguage":"en-US","@id":"https:\/\/kgerad.de\/produkt\/bosch-powerpack-500-gepaecktraegerakku\/#primaryimage","url":"https:\/\/kgerad.de\/wp-content\/uploads\/2023\/06\/0275007532_800x800-0.jpg","contentUrl":"https:\/\/kgerad.de\/wp-content\/uploads\/2023\/06\/0275007532_800x800-0.jpg","width":800,"height":324,"caption":"Bosch PowerPack 500 Gep\u00e4cktr\u00e4gerakku"},{"@type":"BreadcrumbList","@id":"https:\/\/kgerad.de\/produkt\/bosch-powerpack-500-gepaecktraegerakku\/#breadcrumb","itemListElement":[{"@type":"ListItem","position":1,"name":"Startseite","item":"https:\/\/kgerad.de\/"},{"@type":"ListItem","position":2,"name":"LADEN","item":"https:\/\/kgerad.de\/laden\/"},{"@type":"ListItem","position":3,"name":"Bosch PowerPack 500 Gep\u00e4cktr\u00e4gerakku"}]},{"@type":"WebSite","@id":"https:\/\/kgerad.de\/#website","url":"https:\/\/kgerad.de\/","name":"kgerad.de","description":"Treten Sie mit uns ins Abenteuer!","publisher":{"@id":"https:\/\/kgerad.de\/#organization"},"alternateName":"MEIN RADLADEN","potentialAction":[{"@type":"SearchAction","target":{"@type":"EntryPoint","urlTemplate":"https:\/\/kgerad.de\/?s={search_term_string}"},"query-input":{"@type":"PropertyValueSpecification","valueRequired":true,"valueName":"search_term_string"}}],"inLanguage":"en-US"},{"@type":"Organization","@id":"https:\/\/kgerad.de\/#organization","name":"MEINRADLADEN","alternateName":"MEIN RADLADEN","url":"https:\/\/kgerad.de\/","logo":{"@type":"ImageObject","inLanguage":"en-US","@id":"https:\/\/kgerad.de\/#\/schema\/logo\/image\/","url":"https:\/\/kgerad.de\/wp-content\/uploads\/2025\/07\/logo-Whit.svg","contentUrl":"https:\/\/kgerad.de\/wp-content\/uploads\/2025\/07\/logo-Whit.svg","width":1640,"height":371,"caption":"MEINRADLADEN"},"image":{"@id":"https:\/\/kgerad.de\/#\/schema\/logo\/image\/"}}]}},"_links":{"self":[{"href":"https:\/\/kgerad.de\/en\/wp-json\/wp\/v2\/product\/45876","targetHints":{"allow":["GET"]}}],"collection":[{"href":"https:\/\/kgerad.de\/en\/wp-json\/wp\/v2\/product"}],"about":[{"href":"https:\/\/kgerad.de\/en\/wp-json\/wp\/v2\/types\/product"}],"replies":[{"embeddable":true,"href":"https:\/\/kgerad.de\/en\/wp-json\/wp\/v2\/comments?post=45876"}],"version-history":[{"count":1,"href":"https:\/\/kgerad.de\/en\/wp-json\/wp\/v2\/product\/45876\/revisions"}],"predecessor-version":[{"id":78957,"href":"https:\/\/kgerad.de\/en\/wp-json\/wp\/v2\/product\/45876\/revisions\/78957"}],"wp:featuredmedia":[{"embeddable":true,"href":"https:\/\/kgerad.de\/en\/wp-json\/wp\/v2\/media\/63906"}],"wp:attachment":[{"href":"https:\/\/kgerad.de\/en\/wp-json\/wp\/v2\/media?parent=45876"}],"wp:term":[{"taxonomy":"product_brand","embeddable":true,"href":"https:\/\/kgerad.de\/en\/wp-json\/wp\/v2\/product_brand?post=45876"},{"taxonomy":"product_cat","embeddable":true,"href":"https:\/\/kgerad.de\/en\/wp-json\/wp\/v2\/product_cat?post=45876"},{"taxonomy":"product_tag","embeddable":true,"href":"https:\/\/kgerad.de\/en\/wp-json\/wp\/v2\/product_tag?post=45876"}],"curies":[{"name":"wp","href":"https:\/\/api.w.org\/{rel}","templated":true}]}}