{"id":45866,"date":"2022-11-30T11:12:05","date_gmt":"2022-11-30T10:12:05","guid":{"rendered":"https:\/\/kgerad.de\/?post_type=product&#038;p=45866"},"modified":"2023-08-10T21:21:16","modified_gmt":"2023-08-10T19:21:16","slug":"bosch-powertube-500-akku-bbp280-horizontal","status":"publish","type":"product","link":"https:\/\/kgerad.de\/en\/product\/bosch-powertube-500-akku-bbp280-horizontal\/","title":{"rendered":"Bosch PowerTube 500 Akku (BBP280) HORIZONTAL"},"content":{"rendered":"<h2 class=\"product--title\"><strong>Bosch<\/strong>\u00a0PowerTube 500 Akku (BBP280) HORIZONTAL<\/h2>\n<p>Mit der PowerTube 500 setzt Bosch neue Standards und pr\u00e4sentiert einen reduzierten, zeitlosen Look gepaart mit ausgefeilter Technik.<\/p>\n<h2>Ausgefeilte Technik: Bosch Akku Powertube 500 Horizontal f\u00fcr alle Bosch-Antriebe<\/h2>\n<div>\n<p>Der voll in den Fahrradrahmen integrierbare Lithium-Ionen-Akku er\u00f6ffnet dank kompakter Abmessungen und minimalistischem Design Fahrradherstellern neue M\u00f6glichkeiten. Der Akku ist nicht sichtbar und au\u00dferdem durch den Rahmen perfekt gesch\u00fctzt. \u00dcber eine Komfortfunktion klickt der Akku beim Aufschlie\u00dfen ca. 2 cm aus dem Rahmen und kann so besser gegriffen werden. Vertiefungen an der Oberseite eignen sich zum Anbringen von Flaschenhaltern oder Design-Blenden.<\/p>\n<hr \/>\n<h3>Features &#8211; Bosch PowerTube 500 Akku | HORIZONTAL | BBP280 | eBike-System 2 | L\u00e4nge: 349 mm<\/h3>\n<ul>\n<li>Horizontal Einbauvariante in den Fahrradrahmen integrierbarer Akku<\/li>\n<li>Komfortables und sicheres Einsetzen und Entnehmen<\/li>\n<li>Hohe Laufleistung und lange Lebensdauer durch integriertes Batterie-Management-System<\/li>\n<li>Kein Memory-Effekt und keine Selbstentladung<\/li>\n<li>Kompatibel mit DualBattery<\/li>\n<li>Kompatibel mit Bosch eBike-System 2<\/li>\n<li><strong>Version:\u00a0<\/strong>F\u00fcr horizontale Montage im Rahmen<\/li>\n<li><strong>L\u00e4nge:<\/strong>\u00a0349 mm<\/li>\n<\/ul>\n<table>\n<tbody>\n<tr>\n<td><strong><i>ACHTUNG:<\/i>\u00a0<\/strong><i>E-Bike-Akkus sind in den seltensten F\u00e4llen untereinander kompatibel! Es ist daher vor dem Bestellen leider unerl\u00e4sslich, die L\u00e4nge des zu ersetzenden Akkus zu messen und sowohl die Modellbezeichnung als auch den Herstellercode zu ermitteln. Anschlie\u00dfend m\u00fcssen diese drei Angaben mit den Informationen in unserer Artikelbeschreibung verglichen werden. Nur bei vollst\u00e4ndiger \u00dcbereinstimmung handelt es sich zweifelsfrei um den richtigen Akku. Bei Unsicherheiten bitten wir darum, vor der Bestellung per E-Mail oder Telefon unseren Kundenservice zu Rate zu ziehen, siehe \u201eKontakt\u201c ganz unten auf der Seite.<\/i><\/td>\n<\/tr>\n<\/tbody>\n<\/table>\n<h3>Produkteigenschaften<\/h3>\n<ul>\n<li><strong>Modell:\u00a0<\/strong>PowerTube 500 Horizontal<\/li>\n<li><strong>Modellbezeichnung:\u00a0<\/strong>BBP280<\/li>\n<li><strong>Herstellercode:<\/strong>\u00a00275007539<\/li>\n<li><strong>System:\u00a0<\/strong>Bosch eBike-System 2<\/li>\n<li><strong>Montageart:<\/strong>\u00a0Rahmenakku Integriert<\/li>\n<li><strong>Einbauvariante:<\/strong>\u00a0Horizontal<\/li>\n<li><strong>Spannung (V):<\/strong>\u00a036 V<\/li>\n<li><strong>Kapazit\u00e4t (Ah):\u00a0<\/strong>13,4 Ah<\/li>\n<li><strong>Energiegehalt (Wh):<\/strong>\u00a0500 Wh<\/li>\n<li><strong>Ladezyklen:<\/strong>\u00a0500 &#8211; 600<\/li>\n<li><strong>Ma\u00dfe:\u00a0<\/strong>349 x 84 x 65 mm<\/li>\n<\/ul>\n<h3>Reichweite<\/h3>\n<ul>\n<li>Berechnen Sie\u00a0<strong>hier<\/strong>\u00a0die Reichweite f\u00fcr Ihre n\u00e4chste eBike-Tour.<\/li>\n<\/ul>\n<h3>Farbe<\/h3>\n<ul>\n<li>schwarz<\/li>\n<\/ul>\n<h3>Gewicht<\/h3>\n<ul>\n<li>2,9 kg (Herstellerangabe)<\/li>\n<\/ul>\n<hr \/>\n<h3>Lieferumfang<\/h3>\n<\/div>\n<div>\n<ul>\n<li>1 x Bosch PowerTube 500 Akku (BBP280) HORIZONTAL<\/li>\n<li>1 x Transportverpackung (Gefahrgutkonform)<\/li>\n<li>1 x Bedienungsanleitung<\/li>\n<\/ul>\n<hr \/>\n<p><img fetchpriority=\"high\" decoding=\"async\" src=\"https:\/\/cd.bike-discount.de\/media\/image\/7c\/0c\/a3\/bosch_akku_powertube_horizontal_de.jpg\" alt=\"\" width=\"1500\" height=\"686\" align=\"center\" data-src=\"media\/image\/bosch_akku_powertube_horizontal_de.jpg\" \/><\/p>\n<hr \/>\n<h3>Neue Design-Dimension: PowerTube 500 verbindet Nutzen und Style<\/h3>\n<\/div>\n<div>Der neue eBike-Akku von Bosch l\u00e4sst sich in den Rahmen des Pedelecs integrieren und ist von aussen quasi nicht sichtbar. Dadurch erweitern sich die M\u00f6glichkeiten f\u00fcr Fahrraddesigner, Hersteller und Endkunden. Die PowerTube 500 verbindet praktischen Nutzen und Style.<\/div>\n<div><\/div>\n<div>\u201eDas eBike ist als Fortbewegungsmittel l\u00e4ngst in der Mitte der Gesellschaft angekommen. Besonders das Design gewinnt zunehmend an Bedeutung. Beim Pedelec setzen wir mit der PowerTube neue Akzente\u201c, sagt Claus Fleischer, Gesch\u00e4ftsleiter Bosch eBike Systems. Die PowerTube 500 l\u00e4sst sich in verschiedene Rahmen integrieren und ist somit f\u00fcr unterschiedlichste Fahrradtypen geeignet \u2013 vom City- und Tourenrad bis hin zum eMountainbike. Der Akku l\u00e4sst sich nach oben, unten oder zur Seite entnehmen.<\/div>\n<div><\/div>\n<div>\n<p>F\u00fcr hohe Sicherheit und einfaches Handling beim Einsetzen und Entnehmen sorgt ein zweistufiger Mechanismus: Beim Aufschliessen klickt der Akku etwa zwei Zentimeter aus dem Rahmen und l\u00e4sst sich so intuitiv greifen. Eine Sicherung verhindert das Herausfallen des Akkus, der durch den Rahmen zudem optimal gesch\u00fctzt ist. Zudem kann die PowerTube 500 direkt am Rad geladen werden. Durch Vertiefungen an der Oberseite k\u00f6nnen wahlweise Flaschenhalter oder Design-Blenden angebracht werden. Die Oberfl\u00e4che der PowerTube 500 besticht durch ein edles, eloxiertes Aluminium in Schwarz.<\/p>\n<hr \/>\n<h3>eBike-Neuheiten 2018 von Bosch<\/h3>\n<p><iframe src=\"https:\/\/www.youtube-nocookie.com\/embed\/LJAiQGDkQlw?rel=0\" width=\"640\" height=\"360\" frameborder=\"0\" allowfullscreen=\"allowfullscreen\" data-mce-fragment=\"1\"><\/iframe><\/p>\n<\/div>\n<h2 class=\"product--rating-container\"><\/h2>","protected":false},"excerpt":{"rendered":"<p>Bosch\u00a0PowerTube 500 Akku (BBP280) HORIZONTAL Mit der PowerTube 500 setzt Bosch neue Standards und pr\u00e4sentiert einen reduzierten, zeitlosen Look gepaart<\/p>","protected":false},"featured_media":63900,"comment_status":"open","ping_status":"closed","template":"","meta":[],"product_brand":[],"product_cat":[537,318],"product_tag":[],"class_list":{"0":"post-45866","1":"product","2":"type-product","3":"status-publish","4":"has-post-thumbnail","6":"product_cat-elektronik","7":"product_cat-outdoor","9":"first","10":"instock","11":"sale","12":"taxable","13":"shipping-taxable","14":"purchasable","15":"product-type-simple"},"yoast_head":"<!-- This site is optimized with the Yoast SEO Premium plugin v20.12 (Yoast SEO v27.1.1) - https:\/\/yoast.com\/product\/yoast-seo-premium-wordpress\/ -->\n<title>Bosch PowerTube 500 Akku (BBP280) HORIZONTAL<\/title>\n<meta name=\"description\" content=\"Entdecken Sie unseren Online-Fahrradladen: Gro\u00dfe Auswahl an Modellen f\u00fcr alle Radsportbegeisterten. Von Rennr\u00e4dern bis zu Mountainbikes - finden Sie heute Ihren perfekten Wegbegleiter!\" \/>\n<meta name=\"robots\" content=\"index, follow, max-snippet:-1, max-image-preview:large, max-video-preview:-1\" \/>\n<link rel=\"canonical\" href=\"https:\/\/kgerad.de\/en\/product\/bosch-powertube-500-akku-bbp280-horizontal\/\" \/>\n<meta property=\"og:locale\" content=\"en_US\" \/>\n<meta property=\"og:type\" content=\"article\" \/>\n<meta property=\"og:title\" content=\"Bosch PowerTube 500 Akku (BBP280) HORIZONTAL\" \/>\n<meta property=\"og:description\" content=\"Entdecken Sie unseren Online-Fahrradladen: Gro\u00dfe Auswahl an Modellen f\u00fcr alle Radsportbegeisterten. Von Rennr\u00e4dern bis zu Mountainbikes - finden Sie heute Ihren perfekten Wegbegleiter!\" \/>\n<meta property=\"og:url\" content=\"https:\/\/kgerad.de\/en\/product\/bosch-powertube-500-akku-bbp280-horizontal\/\" \/>\n<meta property=\"og:site_name\" content=\"kgerad.de\" \/>\n<meta property=\"article:modified_time\" content=\"2023-08-10T19:21:16+00:00\" \/>\n<meta property=\"og:image\" content=\"https:\/\/kgerad.de\/wp-content\/uploads\/2023\/06\/Bosch-Akku-Powertube-500-Horizontal-0275007539_800x800-00.jpg\" \/>\n\t<meta property=\"og:image:width\" content=\"800\" \/>\n\t<meta property=\"og:image:height\" content=\"541\" \/>\n\t<meta property=\"og:image:type\" content=\"image\/jpeg\" \/>\n<meta name=\"twitter:card\" content=\"summary_large_image\" \/>\n<meta name=\"twitter:label1\" content=\"Est. reading time\" \/>\n\t<meta name=\"twitter:data1\" content=\"4 minutes\" \/>\n<script type=\"application\/ld+json\" class=\"yoast-schema-graph\">{\"@context\":\"https:\/\/schema.org\",\"@graph\":[{\"@type\":\"WebPage\",\"@id\":\"https:\/\/kgerad.de\/produkt\/bosch-powertube-500-akku-bbp280-horizontal\/\",\"url\":\"https:\/\/kgerad.de\/produkt\/bosch-powertube-500-akku-bbp280-horizontal\/\",\"name\":\"Bosch PowerTube 500 Akku (BBP280) HORIZONTAL\",\"isPartOf\":{\"@id\":\"https:\/\/kgerad.de\/#website\"},\"primaryImageOfPage\":{\"@id\":\"https:\/\/kgerad.de\/produkt\/bosch-powertube-500-akku-bbp280-horizontal\/#primaryimage\"},\"image\":{\"@id\":\"https:\/\/kgerad.de\/produkt\/bosch-powertube-500-akku-bbp280-horizontal\/#primaryimage\"},\"thumbnailUrl\":\"https:\/\/kgerad.de\/wp-content\/uploads\/2023\/06\/Bosch-Akku-Powertube-500-Horizontal-0275007539_800x800-00.jpg\",\"datePublished\":\"2022-11-30T10:12:05+00:00\",\"dateModified\":\"2023-08-10T19:21:16+00:00\",\"description\":\"Entdecken Sie unseren Online-Fahrradladen: Gro\u00dfe Auswahl an Modellen f\u00fcr alle Radsportbegeisterten. Von Rennr\u00e4dern bis zu Mountainbikes - finden Sie heute Ihren perfekten Wegbegleiter!\",\"breadcrumb\":{\"@id\":\"https:\/\/kgerad.de\/produkt\/bosch-powertube-500-akku-bbp280-horizontal\/#breadcrumb\"},\"inLanguage\":\"en-US\",\"potentialAction\":[{\"@type\":\"ReadAction\",\"target\":[\"https:\/\/kgerad.de\/produkt\/bosch-powertube-500-akku-bbp280-horizontal\/\"]}]},{\"@type\":\"ImageObject\",\"inLanguage\":\"en-US\",\"@id\":\"https:\/\/kgerad.de\/produkt\/bosch-powertube-500-akku-bbp280-horizontal\/#primaryimage\",\"url\":\"https:\/\/kgerad.de\/wp-content\/uploads\/2023\/06\/Bosch-Akku-Powertube-500-Horizontal-0275007539_800x800-00.jpg\",\"contentUrl\":\"https:\/\/kgerad.de\/wp-content\/uploads\/2023\/06\/Bosch-Akku-Powertube-500-Horizontal-0275007539_800x800-00.jpg\",\"width\":800,\"height\":541,\"caption\":\"Bosch PowerTube 500 Akku (BBP280) HORIZONTAL\"},{\"@type\":\"BreadcrumbList\",\"@id\":\"https:\/\/kgerad.de\/produkt\/bosch-powertube-500-akku-bbp280-horizontal\/#breadcrumb\",\"itemListElement\":[{\"@type\":\"ListItem\",\"position\":1,\"name\":\"Startseite\",\"item\":\"https:\/\/kgerad.de\/\"},{\"@type\":\"ListItem\",\"position\":2,\"name\":\"LADEN\",\"item\":\"https:\/\/kgerad.de\/laden\/\"},{\"@type\":\"ListItem\",\"position\":3,\"name\":\"Bosch PowerTube 500 Akku (BBP280) HORIZONTAL\"}]},{\"@type\":\"WebSite\",\"@id\":\"https:\/\/kgerad.de\/#website\",\"url\":\"https:\/\/kgerad.de\/\",\"name\":\"kgerad.de\",\"description\":\"Treten Sie mit uns ins Abenteuer!\",\"publisher\":{\"@id\":\"https:\/\/kgerad.de\/#organization\"},\"alternateName\":\"MEIN RADLADEN\",\"potentialAction\":[{\"@type\":\"SearchAction\",\"target\":{\"@type\":\"EntryPoint\",\"urlTemplate\":\"https:\/\/kgerad.de\/?s={search_term_string}\"},\"query-input\":{\"@type\":\"PropertyValueSpecification\",\"valueRequired\":true,\"valueName\":\"search_term_string\"}}],\"inLanguage\":\"en-US\"},{\"@type\":\"Organization\",\"@id\":\"https:\/\/kgerad.de\/#organization\",\"name\":\"MEINRADLADEN\",\"alternateName\":\"MEIN RADLADEN\",\"url\":\"https:\/\/kgerad.de\/\",\"logo\":{\"@type\":\"ImageObject\",\"inLanguage\":\"en-US\",\"@id\":\"https:\/\/kgerad.de\/#\/schema\/logo\/image\/\",\"url\":\"https:\/\/kgerad.de\/wp-content\/uploads\/2025\/07\/logo-Whit.svg\",\"contentUrl\":\"https:\/\/kgerad.de\/wp-content\/uploads\/2025\/07\/logo-Whit.svg\",\"width\":1640,\"height\":371,\"caption\":\"MEINRADLADEN\"},\"image\":{\"@id\":\"https:\/\/kgerad.de\/#\/schema\/logo\/image\/\"}}]}<\/script>\n<!-- \/ Yoast SEO Premium plugin. -->","yoast_head_json":{"title":"Bosch PowerTube 500 Akku (BBP280) HORIZONTAL","description":"Entdecken Sie unseren Online-Fahrradladen: Gro\u00dfe Auswahl an Modellen f\u00fcr alle Radsportbegeisterten. Von Rennr\u00e4dern bis zu Mountainbikes - finden Sie heute Ihren perfekten Wegbegleiter!","robots":{"index":"index","follow":"follow","max-snippet":"max-snippet:-1","max-image-preview":"max-image-preview:large","max-video-preview":"max-video-preview:-1"},"canonical":"https:\/\/kgerad.de\/en\/product\/bosch-powertube-500-akku-bbp280-horizontal\/","og_locale":"en_US","og_type":"article","og_title":"Bosch PowerTube 500 Akku (BBP280) HORIZONTAL","og_description":"Entdecken Sie unseren Online-Fahrradladen: Gro\u00dfe Auswahl an Modellen f\u00fcr alle Radsportbegeisterten. Von Rennr\u00e4dern bis zu Mountainbikes - finden Sie heute Ihren perfekten Wegbegleiter!","og_url":"https:\/\/kgerad.de\/en\/product\/bosch-powertube-500-akku-bbp280-horizontal\/","og_site_name":"kgerad.de","article_modified_time":"2023-08-10T19:21:16+00:00","og_image":[{"width":800,"height":541,"url":"https:\/\/kgerad.de\/wp-content\/uploads\/2023\/06\/Bosch-Akku-Powertube-500-Horizontal-0275007539_800x800-00.jpg","type":"image\/jpeg"}],"twitter_card":"summary_large_image","twitter_misc":{"Est. reading time":"4 minutes"},"schema":{"@context":"https:\/\/schema.org","@graph":[{"@type":"WebPage","@id":"https:\/\/kgerad.de\/produkt\/bosch-powertube-500-akku-bbp280-horizontal\/","url":"https:\/\/kgerad.de\/produkt\/bosch-powertube-500-akku-bbp280-horizontal\/","name":"Bosch PowerTube 500 Akku (BBP280) HORIZONTAL","isPartOf":{"@id":"https:\/\/kgerad.de\/#website"},"primaryImageOfPage":{"@id":"https:\/\/kgerad.de\/produkt\/bosch-powertube-500-akku-bbp280-horizontal\/#primaryimage"},"image":{"@id":"https:\/\/kgerad.de\/produkt\/bosch-powertube-500-akku-bbp280-horizontal\/#primaryimage"},"thumbnailUrl":"https:\/\/kgerad.de\/wp-content\/uploads\/2023\/06\/Bosch-Akku-Powertube-500-Horizontal-0275007539_800x800-00.jpg","datePublished":"2022-11-30T10:12:05+00:00","dateModified":"2023-08-10T19:21:16+00:00","description":"Entdecken Sie unseren Online-Fahrradladen: Gro\u00dfe Auswahl an Modellen f\u00fcr alle Radsportbegeisterten. Von Rennr\u00e4dern bis zu Mountainbikes - finden Sie heute Ihren perfekten Wegbegleiter!","breadcrumb":{"@id":"https:\/\/kgerad.de\/produkt\/bosch-powertube-500-akku-bbp280-horizontal\/#breadcrumb"},"inLanguage":"en-US","potentialAction":[{"@type":"ReadAction","target":["https:\/\/kgerad.de\/produkt\/bosch-powertube-500-akku-bbp280-horizontal\/"]}]},{"@type":"ImageObject","inLanguage":"en-US","@id":"https:\/\/kgerad.de\/produkt\/bosch-powertube-500-akku-bbp280-horizontal\/#primaryimage","url":"https:\/\/kgerad.de\/wp-content\/uploads\/2023\/06\/Bosch-Akku-Powertube-500-Horizontal-0275007539_800x800-00.jpg","contentUrl":"https:\/\/kgerad.de\/wp-content\/uploads\/2023\/06\/Bosch-Akku-Powertube-500-Horizontal-0275007539_800x800-00.jpg","width":800,"height":541,"caption":"Bosch PowerTube 500 Akku (BBP280) HORIZONTAL"},{"@type":"BreadcrumbList","@id":"https:\/\/kgerad.de\/produkt\/bosch-powertube-500-akku-bbp280-horizontal\/#breadcrumb","itemListElement":[{"@type":"ListItem","position":1,"name":"Startseite","item":"https:\/\/kgerad.de\/"},{"@type":"ListItem","position":2,"name":"LADEN","item":"https:\/\/kgerad.de\/laden\/"},{"@type":"ListItem","position":3,"name":"Bosch PowerTube 500 Akku (BBP280) HORIZONTAL"}]},{"@type":"WebSite","@id":"https:\/\/kgerad.de\/#website","url":"https:\/\/kgerad.de\/","name":"kgerad.de","description":"Treten Sie mit uns ins Abenteuer!","publisher":{"@id":"https:\/\/kgerad.de\/#organization"},"alternateName":"MEIN RADLADEN","potentialAction":[{"@type":"SearchAction","target":{"@type":"EntryPoint","urlTemplate":"https:\/\/kgerad.de\/?s={search_term_string}"},"query-input":{"@type":"PropertyValueSpecification","valueRequired":true,"valueName":"search_term_string"}}],"inLanguage":"en-US"},{"@type":"Organization","@id":"https:\/\/kgerad.de\/#organization","name":"MEINRADLADEN","alternateName":"MEIN RADLADEN","url":"https:\/\/kgerad.de\/","logo":{"@type":"ImageObject","inLanguage":"en-US","@id":"https:\/\/kgerad.de\/#\/schema\/logo\/image\/","url":"https:\/\/kgerad.de\/wp-content\/uploads\/2025\/07\/logo-Whit.svg","contentUrl":"https:\/\/kgerad.de\/wp-content\/uploads\/2025\/07\/logo-Whit.svg","width":1640,"height":371,"caption":"MEINRADLADEN"},"image":{"@id":"https:\/\/kgerad.de\/#\/schema\/logo\/image\/"}}]}},"_links":{"self":[{"href":"https:\/\/kgerad.de\/en\/wp-json\/wp\/v2\/product\/45866","targetHints":{"allow":["GET"]}}],"collection":[{"href":"https:\/\/kgerad.de\/en\/wp-json\/wp\/v2\/product"}],"about":[{"href":"https:\/\/kgerad.de\/en\/wp-json\/wp\/v2\/types\/product"}],"replies":[{"embeddable":true,"href":"https:\/\/kgerad.de\/en\/wp-json\/wp\/v2\/comments?post=45866"}],"version-history":[{"count":1,"href":"https:\/\/kgerad.de\/en\/wp-json\/wp\/v2\/product\/45866\/revisions"}],"predecessor-version":[{"id":78958,"href":"https:\/\/kgerad.de\/en\/wp-json\/wp\/v2\/product\/45866\/revisions\/78958"}],"wp:featuredmedia":[{"embeddable":true,"href":"https:\/\/kgerad.de\/en\/wp-json\/wp\/v2\/media\/63900"}],"wp:attachment":[{"href":"https:\/\/kgerad.de\/en\/wp-json\/wp\/v2\/media?parent=45866"}],"wp:term":[{"taxonomy":"product_brand","embeddable":true,"href":"https:\/\/kgerad.de\/en\/wp-json\/wp\/v2\/product_brand?post=45866"},{"taxonomy":"product_cat","embeddable":true,"href":"https:\/\/kgerad.de\/en\/wp-json\/wp\/v2\/product_cat?post=45866"},{"taxonomy":"product_tag","embeddable":true,"href":"https:\/\/kgerad.de\/en\/wp-json\/wp\/v2\/product_tag?post=45866"}],"curies":[{"name":"wp","href":"https:\/\/api.w.org\/{rel}","templated":true}]}}