{"id":45852,"date":"2022-11-30T11:02:06","date_gmt":"2022-11-30T10:02:06","guid":{"rendered":"https:\/\/kgerad.de\/?post_type=product&#038;p=45852"},"modified":"2023-08-10T21:21:30","modified_gmt":"2023-08-10T19:21:30","slug":"sigma-rox-11-1-evo-sensor-set-navigationscomputer","status":"publish","type":"product","link":"https:\/\/kgerad.de\/en\/product\/sigma-rox-11-1-evo-sensor-set-navigationscomputer\/","title":{"rendered":"SIGMA ROX 11.1 Evo Sensor Set Navigationscomputer"},"content":{"rendered":"<h2 class=\"product--title\"><strong>SIGMA<\/strong>\u00a0ROX 11.1 Evo Sensor Set Navigationscomputer<\/h2>\n<p>Zeig SIGMA ROX 11. auf dem Bike dein <a href=\"http:\/\/1-1\">Bestes<\/a>: mit dem Edge\u00ae 1040, Garmins ultimativem GPS-Fahrradcomputer \u2013 erstmals auch mit Solartechnologie f\u00fcr un\u00fcbertroffene Akkupower. Entdecke neue Wege zu mehr Performance und Ausdauer, indem du mit Power Guide deinen Krafteinsatz steuerst und mit Stamina deine Restenergie im Blick beh\u00e4ltst.<\/p>\n<p>Ermittle deine pers\u00f6nlichen St\u00e4rken und Schw\u00e4chen und erhalte Feedback zu den Anforderungen der geplanten Strecke. Popularity Karten empfehlen dir aus Milliarden Kilometern die meist gefahrenen Routen f\u00fcr Rennrad, Gravelbike oder MTB. Zeichne deine Fahrdaten dank Multi-Frequenz Empfang globaler Satellitensysteme pr\u00e4zise auf und passe deine Einstellungen bequem \u00fcbers Smartphone an .<\/p>\n<hr \/>\n<h3>Die Highlights des Garmin Edge 1040 Solar<\/h3>\n<ul>\n<li>Ultimativer High-End GPS-Fahrradcomputer mit 3,5\u201c Touchscreen f\u00fcr Rennrad, Gravelbike und MTB<\/li>\n<li>Edge 1040 Solar \u2013 erster Fahrradcomputer mit Solar-Technologie mit Akkulaufzeit im GPS-Modus von bis zu 45 Stunden<\/li>\n<li>Physiologische Messwerte und Strecken-spezifisches Leistungsmanagement mit Power Guide und Stamina<\/li>\n<li>Umfangreiche Navigationsfunktionen mit weltweiten Garmin Fahrradkarten sowie Trendline Popularity Karten Overlay<\/li>\n<li>Multi-Frequenz Empfang globaler Satellitensysteme<\/li>\n<li>Einfache Einstellung direkt am Edge oder \u00fcber das Smartphone<\/li>\n<li>Neue Benutzeroberfl\u00e4che mit einfach zu erreichenden \u00dcbersichten<\/li>\n<li>Connected Features wie Smart Notifications und Live-\/GroupTrack<\/li>\n<li>Kompatibilit\u00e4t zu Varia Radar f\u00fcr mehr Sicherheit beim Radfahren<\/li>\n<\/ul>\n<hr \/>\n<h3>Features<\/h3>\n<p><strong>MULTI-FREQUENZ<\/strong><br \/>\nHochpr\u00e4zise Streckenaufzeichnung durch Multi-Frequenz Empfang globaler Satell<\/p>\n<p><strong>INREACH KOMPATIBEL<\/strong><br \/>\nBleibe auch ohne Mobilfunkempfang immer im Kontakt mit deinen Freunden. Teile deine Position oder sende einen SOS-Notruf \u00fcber das Iridium Satellitennetzwerk an das 24\/7 besetzte IERCC Notrufzentrum.<\/p>\n<hr \/>\n<h3>Produkteigenschaften<\/h3>\n<ul>\n<li><strong>Abmessungen:<\/strong>\u00a059,3 x 117,6 x 20,0 mm<\/li>\n<li><strong>Displaygr\u00f6\u00dfe:<\/strong>\u00a03,5\u201c \/ 88,9 mm Diagonale<\/li>\n<li><strong>Displayaufl\u00f6sung:<\/strong>\u00a0282 x 470 Pixel<\/li>\n<li><strong>Displaytyp:<\/strong>\u00a0Transflektives MIP<\/li>\n<li><strong>Interner Speicher:<\/strong>\u00a064 GB<\/li>\n<li><strong>Akkulaufzeit GPS-Modus:<\/strong>\u00a0Bis zu 45 Stunden<\/li>\n<li><strong>Energiesparmodus:<\/strong> Bis zu 100 Stunden 11<\/li>\n<\/ul>\n<h3>Farbe<\/h3>\n<ul>\n<li>schwarz<\/li>\n<\/ul>\n<h3>Gewicht<\/h3>\n<ul>\n<li>134 g (Herstellerangabe)<\/li>\n<\/ul>\n<hr \/>\n<h3><strong>Lieferumfang<br \/>\n<\/strong><\/h3>\n<ul>\n<li>Garmin Edge 1040 Solar<\/li>\n<li>Standard-Halterung<\/li>\n<li>Aero-Lenkerhalterung<\/li>\n<li>Befestigungsband<\/li>\n<li>USB-Kabel<\/li>\n<li>Schnellstartanleitung<\/li>\n<li>MTB-Lenkerhalterung<\/li>\n<li>Silikonh\u00fclle schwarz<\/li>\n<\/ul>\n<hr \/>\n<h3>Garmin Edge\u00ae 1040 Solar &#8211; Zeige auf dem Bike dein Bestes<\/h3>\n<p><iframe title=\"YouTube video player\" src=\"https:\/\/www.youtube-nocookie.com\/embed\/buBBsb5JDSc\" width=\"640\" height=\"360\" frameborder=\"0\" allowfullscreen=\"allowfullscreen\" data-mce-fragment=\"1\"><\/iframe><\/p>","protected":false},"excerpt":{"rendered":"<p>SIGMA\u00a0ROX 11.1 Evo Sensor Set Navigationscomputer Zeig SIGMA ROX 11. auf dem Bike dein Bestes: mit dem Edge\u00ae 1040, Garmins<\/p>","protected":false},"featured_media":63891,"comment_status":"open","ping_status":"closed","template":"","meta":[],"product_brand":[],"product_cat":[537,318],"product_tag":[],"class_list":{"0":"post-45852","1":"product","2":"type-product","3":"status-publish","4":"has-post-thumbnail","6":"product_cat-elektronik","7":"product_cat-outdoor","8":"pa_marke-sigma","10":"first","11":"instock","12":"sale","13":"taxable","14":"shipping-taxable","15":"purchasable","16":"product-type-simple"},"yoast_head":"<!-- This site is optimized with the Yoast SEO Premium plugin v20.12 (Yoast SEO v27.1.1) - https:\/\/yoast.com\/product\/yoast-seo-premium-wordpress\/ -->\n<title>SIGMA ROX 11.1 Evo Sensor Set Navigationscomputer<\/title>\n<meta name=\"description\" content=\"Entdecken Sie unseren Online-Fahrradladen: Gro\u00dfe Auswahl an Modellen f\u00fcr alle Radsportbegeisterten. Von Rennr\u00e4dern bis zu Mountainbikes - finden Sie heute Ihren perfekten Wegbegleiter!\" \/>\n<meta name=\"robots\" content=\"index, follow, max-snippet:-1, max-image-preview:large, max-video-preview:-1\" \/>\n<link rel=\"canonical\" href=\"https:\/\/kgerad.de\/en\/product\/sigma-rox-11-1-evo-sensor-set-navigationscomputer\/\" \/>\n<meta property=\"og:locale\" content=\"en_US\" \/>\n<meta property=\"og:type\" content=\"article\" \/>\n<meta property=\"og:title\" content=\"SIGMA ROX 11.1 Evo Sensor Set Navigationscomputer\" \/>\n<meta property=\"og:description\" content=\"Entdecken Sie unseren Online-Fahrradladen: Gro\u00dfe Auswahl an Modellen f\u00fcr alle Radsportbegeisterten. Von Rennr\u00e4dern bis zu Mountainbikes - finden Sie heute Ihren perfekten Wegbegleiter!\" \/>\n<meta property=\"og:url\" content=\"https:\/\/kgerad.de\/en\/product\/sigma-rox-11-1-evo-sensor-set-navigationscomputer\/\" \/>\n<meta property=\"og:site_name\" content=\"kgerad.de\" \/>\n<meta property=\"article:modified_time\" content=\"2023-08-10T19:21:30+00:00\" \/>\n<meta property=\"og:image\" content=\"https:\/\/kgerad.de\/wp-content\/uploads\/2023\/06\/702739_sigma-rox-11-1_01030_00_master_800x800-00.jpg\" \/>\n\t<meta property=\"og:image:width\" content=\"800\" \/>\n\t<meta property=\"og:image:height\" content=\"800\" \/>\n\t<meta property=\"og:image:type\" content=\"image\/jpeg\" \/>\n<meta name=\"twitter:card\" content=\"summary_large_image\" \/>\n<meta name=\"twitter:label1\" content=\"Est. reading time\" \/>\n\t<meta name=\"twitter:data1\" content=\"2 minutes\" \/>\n<script type=\"application\/ld+json\" class=\"yoast-schema-graph\">{\"@context\":\"https:\/\/schema.org\",\"@graph\":[{\"@type\":\"WebPage\",\"@id\":\"https:\/\/kgerad.de\/produkt\/sigma-rox-11-1-evo-sensor-set-navigationscomputer\/\",\"url\":\"https:\/\/kgerad.de\/produkt\/sigma-rox-11-1-evo-sensor-set-navigationscomputer\/\",\"name\":\"SIGMA ROX 11.1 Evo Sensor Set Navigationscomputer\",\"isPartOf\":{\"@id\":\"https:\/\/kgerad.de\/#website\"},\"primaryImageOfPage\":{\"@id\":\"https:\/\/kgerad.de\/produkt\/sigma-rox-11-1-evo-sensor-set-navigationscomputer\/#primaryimage\"},\"image\":{\"@id\":\"https:\/\/kgerad.de\/produkt\/sigma-rox-11-1-evo-sensor-set-navigationscomputer\/#primaryimage\"},\"thumbnailUrl\":\"https:\/\/kgerad.de\/wp-content\/uploads\/2023\/06\/702739_sigma-rox-11-1_01030_00_master_800x800-00.jpg\",\"datePublished\":\"2022-11-30T10:02:06+00:00\",\"dateModified\":\"2023-08-10T19:21:30+00:00\",\"description\":\"Entdecken Sie unseren Online-Fahrradladen: Gro\u00dfe Auswahl an Modellen f\u00fcr alle Radsportbegeisterten. Von Rennr\u00e4dern bis zu Mountainbikes - finden Sie heute Ihren perfekten Wegbegleiter!\",\"breadcrumb\":{\"@id\":\"https:\/\/kgerad.de\/produkt\/sigma-rox-11-1-evo-sensor-set-navigationscomputer\/#breadcrumb\"},\"inLanguage\":\"en-US\",\"potentialAction\":[{\"@type\":\"ReadAction\",\"target\":[\"https:\/\/kgerad.de\/produkt\/sigma-rox-11-1-evo-sensor-set-navigationscomputer\/\"]}]},{\"@type\":\"ImageObject\",\"inLanguage\":\"en-US\",\"@id\":\"https:\/\/kgerad.de\/produkt\/sigma-rox-11-1-evo-sensor-set-navigationscomputer\/#primaryimage\",\"url\":\"https:\/\/kgerad.de\/wp-content\/uploads\/2023\/06\/702739_sigma-rox-11-1_01030_00_master_800x800-00.jpg\",\"contentUrl\":\"https:\/\/kgerad.de\/wp-content\/uploads\/2023\/06\/702739_sigma-rox-11-1_01030_00_master_800x800-00.jpg\",\"width\":800,\"height\":800,\"caption\":\"SIGMA ROX 11.1 Evo Sensor Set Navigationscomputer\"},{\"@type\":\"BreadcrumbList\",\"@id\":\"https:\/\/kgerad.de\/produkt\/sigma-rox-11-1-evo-sensor-set-navigationscomputer\/#breadcrumb\",\"itemListElement\":[{\"@type\":\"ListItem\",\"position\":1,\"name\":\"Startseite\",\"item\":\"https:\/\/kgerad.de\/\"},{\"@type\":\"ListItem\",\"position\":2,\"name\":\"LADEN\",\"item\":\"https:\/\/kgerad.de\/laden\/\"},{\"@type\":\"ListItem\",\"position\":3,\"name\":\"SIGMA ROX 11.1 Evo Sensor Set Navigationscomputer\"}]},{\"@type\":\"WebSite\",\"@id\":\"https:\/\/kgerad.de\/#website\",\"url\":\"https:\/\/kgerad.de\/\",\"name\":\"kgerad.de\",\"description\":\"Treten Sie mit uns ins Abenteuer!\",\"publisher\":{\"@id\":\"https:\/\/kgerad.de\/#organization\"},\"alternateName\":\"MEIN RADLADEN\",\"potentialAction\":[{\"@type\":\"SearchAction\",\"target\":{\"@type\":\"EntryPoint\",\"urlTemplate\":\"https:\/\/kgerad.de\/?s={search_term_string}\"},\"query-input\":{\"@type\":\"PropertyValueSpecification\",\"valueRequired\":true,\"valueName\":\"search_term_string\"}}],\"inLanguage\":\"en-US\"},{\"@type\":\"Organization\",\"@id\":\"https:\/\/kgerad.de\/#organization\",\"name\":\"MEINRADLADEN\",\"alternateName\":\"MEIN RADLADEN\",\"url\":\"https:\/\/kgerad.de\/\",\"logo\":{\"@type\":\"ImageObject\",\"inLanguage\":\"en-US\",\"@id\":\"https:\/\/kgerad.de\/#\/schema\/logo\/image\/\",\"url\":\"https:\/\/kgerad.de\/wp-content\/uploads\/2025\/07\/logo-Whit.svg\",\"contentUrl\":\"https:\/\/kgerad.de\/wp-content\/uploads\/2025\/07\/logo-Whit.svg\",\"width\":1640,\"height\":371,\"caption\":\"MEINRADLADEN\"},\"image\":{\"@id\":\"https:\/\/kgerad.de\/#\/schema\/logo\/image\/\"}}]}<\/script>\n<!-- \/ Yoast SEO Premium plugin. -->","yoast_head_json":{"title":"SIGMA ROX 11.1 Evo Sensor Set Navigationscomputer","description":"Entdecken Sie unseren Online-Fahrradladen: Gro\u00dfe Auswahl an Modellen f\u00fcr alle Radsportbegeisterten. Von Rennr\u00e4dern bis zu Mountainbikes - finden Sie heute Ihren perfekten Wegbegleiter!","robots":{"index":"index","follow":"follow","max-snippet":"max-snippet:-1","max-image-preview":"max-image-preview:large","max-video-preview":"max-video-preview:-1"},"canonical":"https:\/\/kgerad.de\/en\/product\/sigma-rox-11-1-evo-sensor-set-navigationscomputer\/","og_locale":"en_US","og_type":"article","og_title":"SIGMA ROX 11.1 Evo Sensor Set Navigationscomputer","og_description":"Entdecken Sie unseren Online-Fahrradladen: Gro\u00dfe Auswahl an Modellen f\u00fcr alle Radsportbegeisterten. Von Rennr\u00e4dern bis zu Mountainbikes - finden Sie heute Ihren perfekten Wegbegleiter!","og_url":"https:\/\/kgerad.de\/en\/product\/sigma-rox-11-1-evo-sensor-set-navigationscomputer\/","og_site_name":"kgerad.de","article_modified_time":"2023-08-10T19:21:30+00:00","og_image":[{"width":800,"height":800,"url":"https:\/\/kgerad.de\/wp-content\/uploads\/2023\/06\/702739_sigma-rox-11-1_01030_00_master_800x800-00.jpg","type":"image\/jpeg"}],"twitter_card":"summary_large_image","twitter_misc":{"Est. reading time":"2 minutes"},"schema":{"@context":"https:\/\/schema.org","@graph":[{"@type":"WebPage","@id":"https:\/\/kgerad.de\/produkt\/sigma-rox-11-1-evo-sensor-set-navigationscomputer\/","url":"https:\/\/kgerad.de\/produkt\/sigma-rox-11-1-evo-sensor-set-navigationscomputer\/","name":"SIGMA ROX 11.1 Evo Sensor Set Navigationscomputer","isPartOf":{"@id":"https:\/\/kgerad.de\/#website"},"primaryImageOfPage":{"@id":"https:\/\/kgerad.de\/produkt\/sigma-rox-11-1-evo-sensor-set-navigationscomputer\/#primaryimage"},"image":{"@id":"https:\/\/kgerad.de\/produkt\/sigma-rox-11-1-evo-sensor-set-navigationscomputer\/#primaryimage"},"thumbnailUrl":"https:\/\/kgerad.de\/wp-content\/uploads\/2023\/06\/702739_sigma-rox-11-1_01030_00_master_800x800-00.jpg","datePublished":"2022-11-30T10:02:06+00:00","dateModified":"2023-08-10T19:21:30+00:00","description":"Entdecken Sie unseren Online-Fahrradladen: Gro\u00dfe Auswahl an Modellen f\u00fcr alle Radsportbegeisterten. Von Rennr\u00e4dern bis zu Mountainbikes - finden Sie heute Ihren perfekten Wegbegleiter!","breadcrumb":{"@id":"https:\/\/kgerad.de\/produkt\/sigma-rox-11-1-evo-sensor-set-navigationscomputer\/#breadcrumb"},"inLanguage":"en-US","potentialAction":[{"@type":"ReadAction","target":["https:\/\/kgerad.de\/produkt\/sigma-rox-11-1-evo-sensor-set-navigationscomputer\/"]}]},{"@type":"ImageObject","inLanguage":"en-US","@id":"https:\/\/kgerad.de\/produkt\/sigma-rox-11-1-evo-sensor-set-navigationscomputer\/#primaryimage","url":"https:\/\/kgerad.de\/wp-content\/uploads\/2023\/06\/702739_sigma-rox-11-1_01030_00_master_800x800-00.jpg","contentUrl":"https:\/\/kgerad.de\/wp-content\/uploads\/2023\/06\/702739_sigma-rox-11-1_01030_00_master_800x800-00.jpg","width":800,"height":800,"caption":"SIGMA ROX 11.1 Evo Sensor Set Navigationscomputer"},{"@type":"BreadcrumbList","@id":"https:\/\/kgerad.de\/produkt\/sigma-rox-11-1-evo-sensor-set-navigationscomputer\/#breadcrumb","itemListElement":[{"@type":"ListItem","position":1,"name":"Startseite","item":"https:\/\/kgerad.de\/"},{"@type":"ListItem","position":2,"name":"LADEN","item":"https:\/\/kgerad.de\/laden\/"},{"@type":"ListItem","position":3,"name":"SIGMA ROX 11.1 Evo Sensor Set Navigationscomputer"}]},{"@type":"WebSite","@id":"https:\/\/kgerad.de\/#website","url":"https:\/\/kgerad.de\/","name":"kgerad.de","description":"Treten Sie mit uns ins Abenteuer!","publisher":{"@id":"https:\/\/kgerad.de\/#organization"},"alternateName":"MEIN RADLADEN","potentialAction":[{"@type":"SearchAction","target":{"@type":"EntryPoint","urlTemplate":"https:\/\/kgerad.de\/?s={search_term_string}"},"query-input":{"@type":"PropertyValueSpecification","valueRequired":true,"valueName":"search_term_string"}}],"inLanguage":"en-US"},{"@type":"Organization","@id":"https:\/\/kgerad.de\/#organization","name":"MEINRADLADEN","alternateName":"MEIN RADLADEN","url":"https:\/\/kgerad.de\/","logo":{"@type":"ImageObject","inLanguage":"en-US","@id":"https:\/\/kgerad.de\/#\/schema\/logo\/image\/","url":"https:\/\/kgerad.de\/wp-content\/uploads\/2025\/07\/logo-Whit.svg","contentUrl":"https:\/\/kgerad.de\/wp-content\/uploads\/2025\/07\/logo-Whit.svg","width":1640,"height":371,"caption":"MEINRADLADEN"},"image":{"@id":"https:\/\/kgerad.de\/#\/schema\/logo\/image\/"}}]}},"_links":{"self":[{"href":"https:\/\/kgerad.de\/en\/wp-json\/wp\/v2\/product\/45852","targetHints":{"allow":["GET"]}}],"collection":[{"href":"https:\/\/kgerad.de\/en\/wp-json\/wp\/v2\/product"}],"about":[{"href":"https:\/\/kgerad.de\/en\/wp-json\/wp\/v2\/types\/product"}],"replies":[{"embeddable":true,"href":"https:\/\/kgerad.de\/en\/wp-json\/wp\/v2\/comments?post=45852"}],"version-history":[{"count":1,"href":"https:\/\/kgerad.de\/en\/wp-json\/wp\/v2\/product\/45852\/revisions"}],"predecessor-version":[{"id":78960,"href":"https:\/\/kgerad.de\/en\/wp-json\/wp\/v2\/product\/45852\/revisions\/78960"}],"wp:featuredmedia":[{"embeddable":true,"href":"https:\/\/kgerad.de\/en\/wp-json\/wp\/v2\/media\/63891"}],"wp:attachment":[{"href":"https:\/\/kgerad.de\/en\/wp-json\/wp\/v2\/media?parent=45852"}],"wp:term":[{"taxonomy":"product_brand","embeddable":true,"href":"https:\/\/kgerad.de\/en\/wp-json\/wp\/v2\/product_brand?post=45852"},{"taxonomy":"product_cat","embeddable":true,"href":"https:\/\/kgerad.de\/en\/wp-json\/wp\/v2\/product_cat?post=45852"},{"taxonomy":"product_tag","embeddable":true,"href":"https:\/\/kgerad.de\/en\/wp-json\/wp\/v2\/product_tag?post=45852"}],"curies":[{"name":"wp","href":"https:\/\/api.w.org\/{rel}","templated":true}]}}