{"id":45836,"date":"2022-11-30T10:26:53","date_gmt":"2022-11-30T09:26:53","guid":{"rendered":"https:\/\/kgerad.de\/?post_type=product&#038;p=45836"},"modified":"2023-08-10T21:21:58","modified_gmt":"2023-08-10T19:21:58","slug":"garmin-edge-1040-solar-gps-fahrradcomputer","status":"publish","type":"product","link":"https:\/\/kgerad.de\/en\/product\/garmin-edge-1040-solar-gps-fahrradcomputer\/","title":{"rendered":"Garmin Edge 1040 Solar &#8211; GPS Fahrradcomputer"},"content":{"rendered":"<h2 class=\"product--title\"><strong>Garmin<\/strong>\u00a0Edge 1040 Solar &#8211; GPS Fahrradcomputer<\/h2>\n<p>Der Garmin Edge 1040 f\u00fcr Rennrad und <a href=\"http:\/\/1-1\">MTB<\/a>. Mit einer Akkulaufzeit von bis zu 20 Stunden und vorinstallierten Karten mit Turn-by-Turn Navigation k\u00f6nnen die Strecken auch etwas l\u00e4nger sein, du kommst immer ans Ziel.<\/p>\n<h2>Trainiere mit dem Garmin Edge 530 wie ein Profi &#8211; f\u00fcr Rennrad und MTB<\/h2>\n<p>Ob du auf dem Siegertreppchen stehst, dich f\u00fcr Kona qualifiziert hast, Offroad-Touren f\u00e4hrst, in der Stadt in die Pedale trittst, dir querfeldein deinen Weg bahnst oder irgendwo dazwischen liegst \u2013 der Edge 530 ist startklar, um dich als neuer Partner auf deinen Touren zu begleiten.<\/p>\n<hr \/>\n<h3>Die Highlights des Garmin Edge 530<\/h3>\n<ul>\n<li>Analysiere deine Performance mit VO2max, Erholungszeitratgeber, Training-Balance-Fokus, Hitze- und H\u00f6henakklimatisierung, Ern\u00e4hrung, Fl\u00fcssigkeitsaufnahme und mehr<\/li>\n<li>Fahre auf Nummer sicher, u. a. mit neuem Fahrradalarm, Gruppennachrichten und -Tracking, Unfallbenachrichtigung sowie Kompatibilit\u00e4t mit Varia\u2122-Radar und -Beleuchtung, damit du sehen kannst und gesehen wirst<\/li>\n<li>Immer on track. Mit der routingf\u00e4higen Fahrradkarte findest du die beliebtesten Strecken. Anhand der Neuberechnung bei Routenabweichung und Routenf\u00fchrung zur\u00fcck zum Start verf\u00e4hrst du dich nie. Das Mountainbike-Modell umfasst integrierte Trailforks-Daten, darunter Bewertungen zur Schwierigkeit der Trails<\/li>\n<\/ul>\n<p>&nbsp;<\/p>\n<ul>\n<li>Individualisiere deinen Edge mit kostenlosen Apps, Widgets und Datenfeldern aus dem Connect IQ\u2122-Shop<\/li>\n<li>Analysiere deine Performance mit den MTB-Kennzahlen, inkl. Anzahl der Spr\u00fcnge, der Sprungweite und der Airtime sowie des Grit, eines Messwerts f\u00fcr die Schwierigkeit der Tour, und des Flow, mit dem die Fl\u00fcssigkeit des Fahrstils bei Bergabfahrten aufgezeichnet wird<\/li>\n<li>So ausdauernd wie du selbst: Akkulaufzeit bis zu 20 Stunden mit GPS; kann mit dem optionalen Garmin Akkupack\u2122 oder im Energiesparmodus bis auf 40 Stunden verl\u00e4ngert werden<\/li>\n<\/ul>\n<hr \/>\n<h3>Farbe<\/h3>\n<ul>\n<li>schwarz<\/li>\n<\/ul>\n<h3>Gewicht<\/h3>\n<ul>\n<li>78 g (Herstellerangabe)<\/li>\n<\/ul>\n<hr \/>\n<h3>Lieferumfang<\/h3>\n<ul>\n<li>1 x Garmin Edge\u00ae 530<\/li>\n<li>1 x Standardhalterung<\/li>\n<li>1 x Aero-Halterung<\/li>\n<li>1 x Befestigungsband<\/li>\n<li>1 x USB-Kabel<\/li>\n<li>1 x Dokumentation<\/li>\n<\/ul>\n<hr \/>\n<h3>Garmin Edge 530 und Edge 830<\/h3>\n<p><iframe src=\"https:\/\/www.youtube-nocookie.com\/embed\/bfpjpxH-pWs\" width=\"640\" height=\"360\" frameborder=\"0\" allowfullscreen=\"allowfullscreen\" data-mce-fragment=\"1\"><\/iframe><\/p>\n<hr \/>\n<table>\n<tbody>\n<tr>\n<td colspan=\"2\">\n<h3>Allgemein<\/h3>\n<\/td>\n<\/tr>\n<tr>\n<td>Abmessungen<\/td>\n<td>1.9&#8243; x 3.2&#8243; x 0.8&#8243; (50 x 82 x 20 mm)<\/td>\n<\/tr>\n<tr>\n<td>Anzeigegr\u00f6\u00dfe, B x H<\/td>\n<td>1.4\u201d x 1.9\u201d (35.0 x 47.0 mm); 2.3&#8243; diagonal<\/td>\n<\/tr>\n<tr>\n<td>Anzeigeaufl\u00f6sung, B x H<\/td>\n<td>246 x 322 pixels<\/td>\n<\/tr>\n<tr>\n<td>Gewicht<\/td>\n<td>2.8\u00a0oz (78 g)<\/td>\n<\/tr>\n<tr>\n<td>Batterie<\/td>\n<td>rechargeable lithium-ion<\/td>\n<\/tr>\n<tr>\n<td>Batterielaufzeit<\/td>\n<td>20 hours (typical)<\/td>\n<\/tr>\n<tr>\n<td>Wasserdichtigkeit<\/td>\n<td>IPX7<\/td>\n<\/tr>\n<tr>\n<td>Farbdisplay<\/td>\n<td>\u2714<\/td>\n<\/tr>\n<tr>\n<td>Hochempfindlicher GPS Empf\u00e4nger<\/td>\n<td>\u2714<\/td>\n<\/tr>\n<\/tbody>\n<\/table>\n<table>\n<tbody>\n<tr>\n<td colspan=\"2\">\n<h3>Karten und Speicher<\/h3>\n<\/td>\n<\/tr>\n<tr>\n<td>M\u00f6glichkeit, Karten hinzuzuf\u00fcgen<\/td>\n<td>\u2714<\/td>\n<\/tr>\n<tr>\n<td>Basiskarte<\/td>\n<td>\u2714<\/td>\n<\/tr>\n<tr>\n<td>Wegpunkte<\/td>\n<td>200<\/td>\n<\/tr>\n<tr>\n<td>Routen<\/td>\n<td>100<\/td>\n<\/tr>\n<tr>\n<td>Rundenverlauf<\/td>\n<td>up to 200 hours<\/td>\n<\/tr>\n<\/tbody>\n<\/table>\n<table>\n<tbody>\n<tr>\n<td colspan=\"2\">\n<h3>Sensoren<\/h3>\n<\/td>\n<\/tr>\n<tr>\n<td>GPS<\/td>\n<td>\u2714<\/td>\n<\/tr>\n<tr>\n<td>GLONASS<\/td>\n<td>\u2714<\/td>\n<\/tr>\n<tr>\n<td>Barometrischer H\u00f6henmesser<\/td>\n<td>\u2714<\/td>\n<\/tr>\n<\/tbody>\n<\/table>\n<table>\n<tbody>\n<tr>\n<td colspan=\"2\">\n<h3>T\u00e4gliche Smart-Funktionen<\/h3>\n<\/td>\n<\/tr>\n<tr>\n<td>Smart Notifications<\/td>\n<td>\u2714<\/td>\n<\/tr>\n<tr>\n<td>VIRB\u00ae-Fernbedienung<\/td>\n<td>\u2714<\/td>\n<\/tr>\n<\/tbody>\n<\/table>\n<table>\n<tbody>\n<tr>\n<td colspan=\"2\">\n<h3>Trainings-, Planungs- und Analysefunktionen<\/h3>\n<\/td>\n<\/tr>\n<tr>\n<td>Anpassbare Datenseiten<\/td>\n<td>\u2714<\/td>\n<\/tr>\n<tr>\n<td>Auto Pause\u00ae<\/td>\n<td>\u2714<\/td>\n<\/tr>\n<tr>\n<td>Intervalltraining<\/td>\n<td>\u2714<\/td>\n<\/tr>\n<tr>\n<td>Erweiterte Trainings<\/td>\n<td>\u2714<\/td>\n<\/tr>\n<tr>\n<td>Auto Lap<sup>\u00ae<\/sup><\/td>\n<td>\u2714<\/td>\n<\/tr>\n<tr>\n<td>VO2max<\/td>\n<td>\u2714<\/td>\n<\/tr>\n<tr>\n<td>Virtual Partner<\/td>\n<td>\u2714<\/td>\n<\/tr>\n<tr>\n<td>Auto-Seitenwechsel<\/td>\n<td>\u2714<\/td>\n<\/tr>\n<\/tbody>\n<\/table>\n<table>\n<tbody>\n<tr>\n<td colspan=\"2\">\n<h3>Radfahrfunktionen<\/h3>\n<\/td>\n<\/tr>\n<tr>\n<td>Strecken (zum Antreten gegen vorherige Aktivit\u00e4ten)<\/td>\n<td>\u2714<\/td>\n<\/tr>\n<tr>\n<td>Zeit- oder Distanz-Alarm (Wenn du einen voreingestellten Wert erreichst, ert\u00f6nt ein Alarm)<\/td>\n<td>\u2714<\/td>\n<\/tr>\n<tr>\n<td>Fahrradkarte (routingf\u00e4hige Stra\u00dfenkarten f\u00fcr das Radfahren)<\/td>\n<td>\u2714<\/td>\n<\/tr>\n<tr>\n<td>Mit Vector\u2122 kompatibel<\/td>\n<td>\u2714<\/td>\n<\/tr>\n<tr>\n<td>Mit Leistungsmessger\u00e4ten kompatibel (Anzeige von Leistungsdaten von kompatiblen ANT\u2122 + -Leistungsmessern dritter Anbieter)<\/td>\n<td>\u2714<\/td>\n<\/tr>\n<\/tbody>\n<\/table>\n<table>\n<tbody>\n<tr>\n<td colspan=\"2\">\n<h3>Garmin Connect\u2122<\/h3>\n<\/td>\n<\/tr>\n<tr>\n<td>Mit Garmin Connect\u2122 kompatibel (Online-Community zur Analyse, Klassifizierung und zum Austausch von Daten)<\/td>\n<td>\u2714<\/td>\n<\/tr>\n<tr>\n<td>Automatische Synchronisierung (zum automatischen \u00dcbertragen von Daten in Garmin Connect)<\/td>\n<td>\u2714<\/td>\n<\/tr>\n<\/tbody>\n<\/table>\n<table>\n<tbody>\n<tr>\n<td colspan=\"2\">\n<h3>Zus\u00e4tzliches<\/h3>\n<\/td>\n<\/tr>\n<tr>\n<td>Zus\u00e4tzliches<\/td>\n<td>\n<ul>\n<li>Alerts (triggers alarm when you reach time, distance, HR, calories goals): yes<\/li>\n<li>Compatible with Varia\u2122 bike radar and lights: yes<\/li>\n<li>LiveTrack: yes<\/li>\n<li>Advanced performance and power analysis, including new Time in Zone, FTP tracking, cycling-specific VO2 and recovery and cycling dynamics<\/li>\n<li>Bike trainer profile for compatible Turbo trainer data display and control<\/li>\n<li>On-device segment compatibility for dynamic and engaging in-ride competition<\/li>\n<li>Operating temperature: -20\u00b0C to +55\u00b0C<\/li>\n<li>Connected features via a smartphone: yes<\/li>\n<li>Integration with Shimano Di2 electronic shifting: yes<\/li>\n<li>Weather alerts: yes<\/li>\n<\/ul>\n<p><sup>\u00b9 Advanced workouts require a Garmin Connect account<\/sup><\/td>\n<\/tr>\n<\/tbody>\n<\/table>\n<table>\n<tbody>\n<tr>\n<td><strong>Hardware<\/strong><\/td>\n<td><\/td>\n<\/tr>\n<tr>\n<td>Gr\u00f6\u00dfe<\/td>\n<td>50\u00a0x 82\u00a0x 20\u00a0mm<\/td>\n<\/tr>\n<tr>\n<td>Gewicht<\/td>\n<td>75,8\u00a0g<\/td>\n<\/tr>\n<tr>\n<td>Anzeigetyp<\/td>\n<td>2,6\u00a0Zoll gro\u00dfes Farbdisplay<\/td>\n<\/tr>\n<tr>\n<td>Displayaufl\u00f6sung<\/td>\n<td>246\u00a0x 322\u00a0Pixel<\/td>\n<\/tr>\n<tr>\n<td>GPS\/GLONASS\/Galileo<\/td>\n<td>Ja<\/td>\n<\/tr>\n<tr>\n<td>H\u00f6henmesser<\/td>\n<td>Ja<\/td>\n<\/tr>\n<tr>\n<td>Umgebungslichtsensor<\/td>\n<td>Ja<\/td>\n<\/tr>\n<tr>\n<td>Akkulaufzeit<\/td>\n<td>24\u00a0Stunden (bei normalem Gebrauch)<\/td>\n<\/tr>\n<tr>\n<td>Unterst\u00fctzt Leistungssensoren<\/td>\n<td>Ja<\/td>\n<\/tr>\n<tr>\n<td>ANT+<sup>\u2122<\/sup>\/Bluetooth<sup>\u00ae<\/sup>\/WLAN<\/td>\n<td>ANT+, Bluetooth, BLE, WLAN<\/td>\n<\/tr>\n<tr>\n<td>Sensorkompatibilit\u00e4t<\/td>\n<td>ANT+, BLE<\/td>\n<\/tr>\n<tr>\n<td>Wasserdichtigkeit<\/td>\n<td>IPX7<\/td>\n<\/tr>\n<tr>\n<td><strong>Funktionen f\u00fcr Performance und Touraufzeichnung<\/strong><\/td>\n<td><\/td>\n<\/tr>\n<tr>\n<td>Datenanpassung<\/td>\n<td>Ja<\/td>\n<\/tr>\n<tr>\n<td>Auto Pause\/Auto Lap\/Auto-Seitenwechsel<\/td>\n<td>Ja<\/td>\n<\/tr>\n<tr>\n<td>Alarme<\/td>\n<td>Ja<\/td>\n<\/tr>\n<tr>\n<td>Pers\u00f6nliche Rekorde<\/td>\n<td>Ja<\/td>\n<\/tr>\n<tr>\n<td>VO2\/Erholung<\/td>\n<td>Ja<\/td>\n<\/tr>\n<tr>\n<td>Physiologische Messungen<\/td>\n<td>Ja (einschlie\u00dflich Trainingsbelastung, Balance)<\/td>\n<\/tr>\n<tr>\n<td>Leistungssensorkompatibilit\u00e4t<\/td>\n<td>Ja<\/td>\n<\/tr>\n<tr>\n<td>Erweiterte Leistungsanalyse<\/td>\n<td>Ja<\/td>\n<\/tr>\n<tr>\n<td>MTB Kennzahlen<\/td>\n<td>Ja<\/td>\n<\/tr>\n<tr>\n<td>Unterst\u00fctzt elektronische Schaltung<\/td>\n<td>Ja<\/td>\n<\/tr>\n<tr>\n<td>Unterst\u00fctzt Indoor-Trainer-Steuerungen<\/td>\n<td>Ja<\/td>\n<\/tr>\n<tr>\n<td>Erweiterte Trainings<\/td>\n<td>Ja<\/td>\n<\/tr>\n<tr>\n<td>Segmente<\/td>\n<td>Ja<\/td>\n<\/tr>\n<tr>\n<td>ClimbPro<\/td>\n<td>Ja<\/td>\n<\/tr>\n<tr>\n<td>Externe Anzeige<\/td>\n<td>Ja<\/td>\n<\/tr>\n<tr>\n<td><strong>Navigationsfunktionen<\/strong><\/td>\n<td><\/td>\n<\/tr>\n<tr>\n<td>Karten<\/td>\n<td>Garmin-Fahrradkarte<\/td>\n<\/tr>\n<tr>\n<td>Integrierter Trailforks-Inhalt<\/td>\n<td>Ja<\/td>\n<\/tr>\n<tr>\n<td>M\u00f6glichkeit zum Hinzuf\u00fcgen von Karten<\/td>\n<td>Nur interner Speicher<\/td>\n<\/tr>\n<tr>\n<td>Unterst\u00fctzt Strecken<\/td>\n<td>Ja<\/td>\n<\/tr>\n<tr>\n<td>Trendline Popularity Routing<\/td>\n<td>Ja<\/td>\n<\/tr>\n<tr>\n<td>Abbiegehinweise<\/td>\n<td>Ja<\/td>\n<\/tr>\n<tr>\n<td>Neuberechnung auf dem Ger\u00e4t<\/td>\n<td>Ja<\/td>\n<\/tr>\n<tr>\n<td>Berechnung zur\u00fcck zum Start auf dem Ger\u00e4t<\/td>\n<td>Ja<\/td>\n<\/tr>\n<tr>\n<td><strong>Assistenz- und Online-Funktionen<\/strong><\/td>\n<td><\/td>\n<\/tr>\n<tr>\n<td>LiveTrack<\/td>\n<td>Ja<\/td>\n<\/tr>\n<tr>\n<td>GroupTrack<\/td>\n<td>Ja<\/td>\n<\/tr>\n<tr>\n<td>Fahrer-zu-Fahrer-Nachrichten<\/td>\n<td>Ja<\/td>\n<\/tr>\n<tr>\n<td>Unfallbenachrichtigung<\/td>\n<td>Ja<\/td>\n<\/tr>\n<tr>\n<td>Notfallhilfe<\/td>\n<td>Ja<\/td>\n<\/tr>\n<tr>\n<td>Wetter<\/td>\n<td>Ja<\/td>\n<\/tr>\n<tr>\n<td>Smart Notifications<\/td>\n<td>Ja<\/td>\n<\/tr>\n<tr>\n<td>Varia<sup>\u2122<\/sup>-Kompatibilit\u00e4t<\/td>\n<td>Ja<\/td>\n<\/tr>\n<tr>\n<td>VIRB<sup>\u00ae<\/sup>-Steuerungen<\/td>\n<td>Ja<\/td>\n<\/tr>\n<tr>\n<td>Automatisches Hochladen von Aktivit\u00e4ten<\/td>\n<td>Ja<\/td>\n<\/tr>\n<tr>\n<td>Connect\u00a0IQ<sup>\u2122<\/sup><\/td>\n<td>Ja<\/td>\n<\/tr>\n<tr>\n<td>Ansagen<\/td>\n<td>Ja<\/td>\n<\/tr>\n<tr>\n<td>Energiesparmodus<\/td>\n<td>Ja<\/td>\n<\/tr>\n<tr>\n<td>Fahrradalarm\/Edge<sup>\u00ae<\/sup>\u00a0suchen<\/td>\n<td>Ja<\/td>\n<\/tr>\n<tr>\n<td>Daten\u00fcbertragung zwischen Ger\u00e4ten<\/td>\n<td>Ja<\/td>\n<\/tr>\n<\/tbody>\n<\/table>\n<p>&nbsp;<\/p>","protected":false},"excerpt":{"rendered":"<p>Garmin\u00a0Edge 1040 Solar &#8211; GPS Fahrradcomputer Der Garmin Edge 1040 f\u00fcr Rennrad und MTB. Mit einer Akkulaufzeit von bis zu<\/p>","protected":false},"featured_media":63880,"comment_status":"open","ping_status":"closed","template":"","meta":[],"product_brand":[],"product_cat":[537,318],"product_tag":[],"class_list":{"0":"post-45836","1":"product","2":"type-product","3":"status-publish","4":"has-post-thumbnail","6":"product_cat-elektronik","7":"product_cat-outdoor","8":"pa_marke-garmin","10":"first","11":"instock","12":"sale","13":"taxable","14":"shipping-taxable","15":"purchasable","16":"product-type-simple"},"yoast_head":"<!-- This site is optimized with the Yoast SEO Premium plugin v20.12 (Yoast SEO v27.1.1) - https:\/\/yoast.com\/product\/yoast-seo-premium-wordpress\/ -->\n<title>Garmin Edge 1040 Solar - GPS Fahrradcomputer<\/title>\n<meta name=\"description\" content=\"Entdecken Sie unseren Online-Fahrradladen: Gro\u00dfe Auswahl an Modellen f\u00fcr alle Radsportbegeisterten. Von Rennr\u00e4dern bis zu Mountainbikes - finden Sie heute Ihren perfekten Wegbegleiter!\" \/>\n<meta name=\"robots\" content=\"index, follow, max-snippet:-1, max-image-preview:large, max-video-preview:-1\" \/>\n<link rel=\"canonical\" href=\"https:\/\/kgerad.de\/en\/product\/garmin-edge-1040-solar-gps-fahrradcomputer\/\" \/>\n<meta property=\"og:locale\" content=\"en_US\" \/>\n<meta property=\"og:type\" content=\"article\" \/>\n<meta property=\"og:title\" content=\"Garmin Edge 1040 Solar - GPS Fahrradcomputer\" \/>\n<meta property=\"og:description\" content=\"Entdecken Sie unseren Online-Fahrradladen: Gro\u00dfe Auswahl an Modellen f\u00fcr alle Radsportbegeisterten. Von Rennr\u00e4dern bis zu Mountainbikes - finden Sie heute Ihren perfekten Wegbegleiter!\" \/>\n<meta property=\"og:url\" content=\"https:\/\/kgerad.de\/en\/product\/garmin-edge-1040-solar-gps-fahrradcomputer\/\" \/>\n<meta property=\"og:site_name\" content=\"kgerad.de\" \/>\n<meta property=\"article:modified_time\" content=\"2023-08-10T19:21:58+00:00\" \/>\n<meta property=\"og:image\" content=\"https:\/\/kgerad.de\/wp-content\/uploads\/2023\/06\/Garmin-Edge_530-010-02060-01-01rIOR27Xq3P8vl_800x800-0.jpg\" \/>\n\t<meta property=\"og:image:width\" content=\"715\" \/>\n\t<meta property=\"og:image:height\" content=\"800\" \/>\n\t<meta property=\"og:image:type\" content=\"image\/jpeg\" \/>\n<meta name=\"twitter:card\" content=\"summary_large_image\" \/>\n<meta name=\"twitter:label1\" content=\"Est. reading time\" \/>\n\t<meta name=\"twitter:data1\" content=\"5 minutes\" \/>\n<script type=\"application\/ld+json\" class=\"yoast-schema-graph\">{\"@context\":\"https:\/\/schema.org\",\"@graph\":[{\"@type\":\"WebPage\",\"@id\":\"https:\/\/kgerad.de\/produkt\/garmin-edge-1040-solar-gps-fahrradcomputer\/\",\"url\":\"https:\/\/kgerad.de\/produkt\/garmin-edge-1040-solar-gps-fahrradcomputer\/\",\"name\":\"Garmin Edge 1040 Solar - GPS Fahrradcomputer\",\"isPartOf\":{\"@id\":\"https:\/\/kgerad.de\/#website\"},\"primaryImageOfPage\":{\"@id\":\"https:\/\/kgerad.de\/produkt\/garmin-edge-1040-solar-gps-fahrradcomputer\/#primaryimage\"},\"image\":{\"@id\":\"https:\/\/kgerad.de\/produkt\/garmin-edge-1040-solar-gps-fahrradcomputer\/#primaryimage\"},\"thumbnailUrl\":\"https:\/\/kgerad.de\/wp-content\/uploads\/2023\/06\/Garmin-Edge_530-010-02060-01-01rIOR27Xq3P8vl_800x800-0.jpg\",\"datePublished\":\"2022-11-30T09:26:53+00:00\",\"dateModified\":\"2023-08-10T19:21:58+00:00\",\"description\":\"Entdecken Sie unseren Online-Fahrradladen: Gro\u00dfe Auswahl an Modellen f\u00fcr alle Radsportbegeisterten. Von Rennr\u00e4dern bis zu Mountainbikes - finden Sie heute Ihren perfekten Wegbegleiter!\",\"breadcrumb\":{\"@id\":\"https:\/\/kgerad.de\/produkt\/garmin-edge-1040-solar-gps-fahrradcomputer\/#breadcrumb\"},\"inLanguage\":\"en-US\",\"potentialAction\":[{\"@type\":\"ReadAction\",\"target\":[\"https:\/\/kgerad.de\/produkt\/garmin-edge-1040-solar-gps-fahrradcomputer\/\"]}]},{\"@type\":\"ImageObject\",\"inLanguage\":\"en-US\",\"@id\":\"https:\/\/kgerad.de\/produkt\/garmin-edge-1040-solar-gps-fahrradcomputer\/#primaryimage\",\"url\":\"https:\/\/kgerad.de\/wp-content\/uploads\/2023\/06\/Garmin-Edge_530-010-02060-01-01rIOR27Xq3P8vl_800x800-0.jpg\",\"contentUrl\":\"https:\/\/kgerad.de\/wp-content\/uploads\/2023\/06\/Garmin-Edge_530-010-02060-01-01rIOR27Xq3P8vl_800x800-0.jpg\",\"width\":715,\"height\":800,\"caption\":\"Garmin Edge 1040 Solar - GPS Fahrradcomputer\"},{\"@type\":\"BreadcrumbList\",\"@id\":\"https:\/\/kgerad.de\/produkt\/garmin-edge-1040-solar-gps-fahrradcomputer\/#breadcrumb\",\"itemListElement\":[{\"@type\":\"ListItem\",\"position\":1,\"name\":\"Startseite\",\"item\":\"https:\/\/kgerad.de\/\"},{\"@type\":\"ListItem\",\"position\":2,\"name\":\"LADEN\",\"item\":\"https:\/\/kgerad.de\/laden\/\"},{\"@type\":\"ListItem\",\"position\":3,\"name\":\"Garmin Edge 1040 Solar &#8211; GPS Fahrradcomputer\"}]},{\"@type\":\"WebSite\",\"@id\":\"https:\/\/kgerad.de\/#website\",\"url\":\"https:\/\/kgerad.de\/\",\"name\":\"kgerad.de\",\"description\":\"Treten Sie mit uns ins Abenteuer!\",\"publisher\":{\"@id\":\"https:\/\/kgerad.de\/#organization\"},\"alternateName\":\"MEIN RADLADEN\",\"potentialAction\":[{\"@type\":\"SearchAction\",\"target\":{\"@type\":\"EntryPoint\",\"urlTemplate\":\"https:\/\/kgerad.de\/?s={search_term_string}\"},\"query-input\":{\"@type\":\"PropertyValueSpecification\",\"valueRequired\":true,\"valueName\":\"search_term_string\"}}],\"inLanguage\":\"en-US\"},{\"@type\":\"Organization\",\"@id\":\"https:\/\/kgerad.de\/#organization\",\"name\":\"MEINRADLADEN\",\"alternateName\":\"MEIN RADLADEN\",\"url\":\"https:\/\/kgerad.de\/\",\"logo\":{\"@type\":\"ImageObject\",\"inLanguage\":\"en-US\",\"@id\":\"https:\/\/kgerad.de\/#\/schema\/logo\/image\/\",\"url\":\"https:\/\/kgerad.de\/wp-content\/uploads\/2025\/07\/logo-Whit.svg\",\"contentUrl\":\"https:\/\/kgerad.de\/wp-content\/uploads\/2025\/07\/logo-Whit.svg\",\"width\":1640,\"height\":371,\"caption\":\"MEINRADLADEN\"},\"image\":{\"@id\":\"https:\/\/kgerad.de\/#\/schema\/logo\/image\/\"}}]}<\/script>\n<!-- \/ Yoast SEO Premium plugin. -->","yoast_head_json":{"title":"Garmin Edge 1040 Solar - GPS Fahrradcomputer","description":"Entdecken Sie unseren Online-Fahrradladen: Gro\u00dfe Auswahl an Modellen f\u00fcr alle Radsportbegeisterten. Von Rennr\u00e4dern bis zu Mountainbikes - finden Sie heute Ihren perfekten Wegbegleiter!","robots":{"index":"index","follow":"follow","max-snippet":"max-snippet:-1","max-image-preview":"max-image-preview:large","max-video-preview":"max-video-preview:-1"},"canonical":"https:\/\/kgerad.de\/en\/product\/garmin-edge-1040-solar-gps-fahrradcomputer\/","og_locale":"en_US","og_type":"article","og_title":"Garmin Edge 1040 Solar - GPS Fahrradcomputer","og_description":"Entdecken Sie unseren Online-Fahrradladen: Gro\u00dfe Auswahl an Modellen f\u00fcr alle Radsportbegeisterten. Von Rennr\u00e4dern bis zu Mountainbikes - finden Sie heute Ihren perfekten Wegbegleiter!","og_url":"https:\/\/kgerad.de\/en\/product\/garmin-edge-1040-solar-gps-fahrradcomputer\/","og_site_name":"kgerad.de","article_modified_time":"2023-08-10T19:21:58+00:00","og_image":[{"width":715,"height":800,"url":"https:\/\/kgerad.de\/wp-content\/uploads\/2023\/06\/Garmin-Edge_530-010-02060-01-01rIOR27Xq3P8vl_800x800-0.jpg","type":"image\/jpeg"}],"twitter_card":"summary_large_image","twitter_misc":{"Est. reading time":"5 minutes"},"schema":{"@context":"https:\/\/schema.org","@graph":[{"@type":"WebPage","@id":"https:\/\/kgerad.de\/produkt\/garmin-edge-1040-solar-gps-fahrradcomputer\/","url":"https:\/\/kgerad.de\/produkt\/garmin-edge-1040-solar-gps-fahrradcomputer\/","name":"Garmin Edge 1040 Solar - GPS Fahrradcomputer","isPartOf":{"@id":"https:\/\/kgerad.de\/#website"},"primaryImageOfPage":{"@id":"https:\/\/kgerad.de\/produkt\/garmin-edge-1040-solar-gps-fahrradcomputer\/#primaryimage"},"image":{"@id":"https:\/\/kgerad.de\/produkt\/garmin-edge-1040-solar-gps-fahrradcomputer\/#primaryimage"},"thumbnailUrl":"https:\/\/kgerad.de\/wp-content\/uploads\/2023\/06\/Garmin-Edge_530-010-02060-01-01rIOR27Xq3P8vl_800x800-0.jpg","datePublished":"2022-11-30T09:26:53+00:00","dateModified":"2023-08-10T19:21:58+00:00","description":"Entdecken Sie unseren Online-Fahrradladen: Gro\u00dfe Auswahl an Modellen f\u00fcr alle Radsportbegeisterten. Von Rennr\u00e4dern bis zu Mountainbikes - finden Sie heute Ihren perfekten Wegbegleiter!","breadcrumb":{"@id":"https:\/\/kgerad.de\/produkt\/garmin-edge-1040-solar-gps-fahrradcomputer\/#breadcrumb"},"inLanguage":"en-US","potentialAction":[{"@type":"ReadAction","target":["https:\/\/kgerad.de\/produkt\/garmin-edge-1040-solar-gps-fahrradcomputer\/"]}]},{"@type":"ImageObject","inLanguage":"en-US","@id":"https:\/\/kgerad.de\/produkt\/garmin-edge-1040-solar-gps-fahrradcomputer\/#primaryimage","url":"https:\/\/kgerad.de\/wp-content\/uploads\/2023\/06\/Garmin-Edge_530-010-02060-01-01rIOR27Xq3P8vl_800x800-0.jpg","contentUrl":"https:\/\/kgerad.de\/wp-content\/uploads\/2023\/06\/Garmin-Edge_530-010-02060-01-01rIOR27Xq3P8vl_800x800-0.jpg","width":715,"height":800,"caption":"Garmin Edge 1040 Solar - GPS Fahrradcomputer"},{"@type":"BreadcrumbList","@id":"https:\/\/kgerad.de\/produkt\/garmin-edge-1040-solar-gps-fahrradcomputer\/#breadcrumb","itemListElement":[{"@type":"ListItem","position":1,"name":"Startseite","item":"https:\/\/kgerad.de\/"},{"@type":"ListItem","position":2,"name":"LADEN","item":"https:\/\/kgerad.de\/laden\/"},{"@type":"ListItem","position":3,"name":"Garmin Edge 1040 Solar &#8211; GPS Fahrradcomputer"}]},{"@type":"WebSite","@id":"https:\/\/kgerad.de\/#website","url":"https:\/\/kgerad.de\/","name":"kgerad.de","description":"Treten Sie mit uns ins Abenteuer!","publisher":{"@id":"https:\/\/kgerad.de\/#organization"},"alternateName":"MEIN RADLADEN","potentialAction":[{"@type":"SearchAction","target":{"@type":"EntryPoint","urlTemplate":"https:\/\/kgerad.de\/?s={search_term_string}"},"query-input":{"@type":"PropertyValueSpecification","valueRequired":true,"valueName":"search_term_string"}}],"inLanguage":"en-US"},{"@type":"Organization","@id":"https:\/\/kgerad.de\/#organization","name":"MEINRADLADEN","alternateName":"MEIN RADLADEN","url":"https:\/\/kgerad.de\/","logo":{"@type":"ImageObject","inLanguage":"en-US","@id":"https:\/\/kgerad.de\/#\/schema\/logo\/image\/","url":"https:\/\/kgerad.de\/wp-content\/uploads\/2025\/07\/logo-Whit.svg","contentUrl":"https:\/\/kgerad.de\/wp-content\/uploads\/2025\/07\/logo-Whit.svg","width":1640,"height":371,"caption":"MEINRADLADEN"},"image":{"@id":"https:\/\/kgerad.de\/#\/schema\/logo\/image\/"}}]}},"_links":{"self":[{"href":"https:\/\/kgerad.de\/en\/wp-json\/wp\/v2\/product\/45836","targetHints":{"allow":["GET"]}}],"collection":[{"href":"https:\/\/kgerad.de\/en\/wp-json\/wp\/v2\/product"}],"about":[{"href":"https:\/\/kgerad.de\/en\/wp-json\/wp\/v2\/types\/product"}],"replies":[{"embeddable":true,"href":"https:\/\/kgerad.de\/en\/wp-json\/wp\/v2\/comments?post=45836"}],"version-history":[{"count":1,"href":"https:\/\/kgerad.de\/en\/wp-json\/wp\/v2\/product\/45836\/revisions"}],"predecessor-version":[{"id":78962,"href":"https:\/\/kgerad.de\/en\/wp-json\/wp\/v2\/product\/45836\/revisions\/78962"}],"wp:featuredmedia":[{"embeddable":true,"href":"https:\/\/kgerad.de\/en\/wp-json\/wp\/v2\/media\/63880"}],"wp:attachment":[{"href":"https:\/\/kgerad.de\/en\/wp-json\/wp\/v2\/media?parent=45836"}],"wp:term":[{"taxonomy":"product_brand","embeddable":true,"href":"https:\/\/kgerad.de\/en\/wp-json\/wp\/v2\/product_brand?post=45836"},{"taxonomy":"product_cat","embeddable":true,"href":"https:\/\/kgerad.de\/en\/wp-json\/wp\/v2\/product_cat?post=45836"},{"taxonomy":"product_tag","embeddable":true,"href":"https:\/\/kgerad.de\/en\/wp-json\/wp\/v2\/product_tag?post=45836"}],"curies":[{"name":"wp","href":"https:\/\/api.w.org\/{rel}","templated":true}]}}