{"id":45827,"date":"2022-11-30T10:08:37","date_gmt":"2022-11-30T09:08:37","guid":{"rendered":"https:\/\/kgerad.de\/?post_type=product&#038;p=45827"},"modified":"2023-08-10T21:22:14","modified_gmt":"2023-08-10T19:22:14","slug":"garmin-edge-1040-bundle-gps-fahrradcomputer","status":"publish","type":"product","link":"https:\/\/kgerad.de\/en\/product\/garmin-edge-1040-bundle-gps-fahrradcomputer\/","title":{"rendered":"Garmin Edge 1040 Bundle &#8211; GPS Fahrradcomputer"},"content":{"rendered":"<h2 class=\"product--title\"><strong>Garmin<\/strong>\u00a0Edge 1040 Bundle &#8211; GPS Fahrradcomputer<\/h2>\n<p>Zeig Garmin Edge 1040 auf dem Bike dein Bestes: mit dem ,\u00a0 <a href=\"http:\/\/1-1\">ultimativem<\/a> GPS-Fahrradcomputer. Entdecke neue Wege zu mehr Performance und Ausdauer, indem du mit Power Guide deinen Krafteinsatz steuerst und mit Stamina deine Restenergie im Blick beh\u00e4ltst.<\/p>\n<p>Ermittle deine pers\u00f6nlichen St\u00e4rken und Schw\u00e4chen und erhalte Feedback zu den Anforderungen der geplanten Strecke. Popularity Karten empfehlen dir aus Milliarden Kilometern die meist gefahrenen Routen f\u00fcr Rennrad, Gravelbike oder MTB. Zeichne deine Fahrdaten dank Multi-Frequenz Empfang globaler Satellitensysteme pr\u00e4zise auf und passe deine Einstellungen bequem \u00fcbers Smartphone an.<\/p>\n<hr \/>\n<h3><strong>Lieferumfang<br \/>\n<\/strong><\/h3>\n<ul>\n<li>Garmin Edge 1040<\/li>\n<li>Standard-Halterung<\/li>\n<li>Aero-Lenkerhalterung<\/li>\n<li>Befestigungsband<\/li>\n<li>USB-Kabel<\/li>\n<li>Schnellstartanleitung<\/li>\n<li>Geschwindigkeitssensor<\/li>\n<li>Trittfrequenzsensor<\/li>\n<li>HRM-Dual\u2122<\/li>\n<\/ul>\n<hr \/>\n<h3>Die Highlights des Garmin Edge 1040<\/h3>\n<ul>\n<li>Ultimativer High-End GPS-Fahrradcomputer mit 3,5\u201c Touchscreen f\u00fcr Rennrad, Gravelbike und MTB<\/li>\n<li>Physiologische Messwerte und Strecken-spezifisches Leistungsmanagement mit Power Guide und Stamina<\/li>\n<li>Umfangreiche Navigationsfunktionen mit weltweiten Garmin Fahrradkarten sowie Trendline Popularity Karten Overlay<\/li>\n<li>Multi-Frequenz Empfang globaler Satellitensysteme<\/li>\n<li>Einfache Einstellung direkt am Edge oder \u00fcber das Smartphone<\/li>\n<li>Neue Benutzeroberfl\u00e4che mit einfach zu erreichenden \u00dcbersichten<\/li>\n<li>Connected Features wie Smart Notifications und Live-\/GroupTrack<\/li>\n<li>Kompatibilit\u00e4t zu Varia Radar f\u00fcr mehr Sicherheit beim Radfahren<\/li>\n<\/ul>\n<h3>Features<\/h3>\n<p><strong>DESIGN<\/strong><br \/>\nSchlankes und aerodynamisches Design mit reaktionsschnellem, immer gut lesbaren, 3,5\u2018\u2018 Touchdisplay. Mit der neuen Aufnahme aus Metall sitzt dein Edge fest in der Halterung.<\/p>\n<p><strong>\u00dcBERRAGENDE AKKULAUFZEIT<\/strong><br \/>\nBis zu 35 Stunden GPS-Akkulaufzeit beim Edge 1040 bei Kopplung mit Sensoren und Smartphone sowie aktiver Navigation und bis zu 70 Stunden im Energiesparmodus.<\/p>\n<p><strong>MULTI-FREQUENZ<\/strong><br \/>\nHochpr\u00e4zise Streckenaufzeichnung durch Multi-Frequenz Empfang globaler Satellitensysteme (GPS, GLONASS, GALILEO) \u2013 selbst in engen Bergt\u00e4lern oder H\u00e4userschluchten.<\/p>\n<p><strong>POWER GUIDE<\/strong><br \/>\nPower Guide hilft dir, den optimalen Krafteinsatz f\u00fcr deine Strecke und dessen H\u00f6henprofil zu finden, um eine Leistungsstrategie f\u00fcr deine Strecke zu erstellen.<\/p>\n<p><strong>STAMINA RESTENERGIE<\/strong><br \/>\nStamina verfolgt deine Leistung beim Radtraining und zeigt dir die verf\u00fcgbare Energie, die dir w\u00e4hrend deiner k\u00f6rperlichen Aktivit\u00e4t zur Verf\u00fcgung steht. So kannst du deinen Energieverbrauch w\u00e4hrend deiner Aktivit\u00e4t optimieren und eine vorzeitige Ersch\u00f6pfung vermeiden.<\/p>\n<h3>Produkteigenschaften<\/h3>\n<ul>\n<li><strong>Abmessungen:<\/strong>\u00a059,3 x 117,6 x 20,0 mm<\/li>\n<li><strong>Displaygr\u00f6\u00dfe:<\/strong>\u00a03,5\u201c \/ 88,9 mm Diagonale<\/li>\n<li><strong>Displayaufl\u00f6sung:<\/strong>\u00a0282 x 470 Pixel<\/li>\n<li><strong>Displaytyp:<\/strong>\u00a0Transflektives MIP<\/li>\n<li><strong>Interner Speicher:<\/strong>\u00a032 GB<\/li>\n<li><strong>Akkulaufzeit GPS-Modus:<\/strong>\u00a0Bis zu 35 Stunden<\/li>\n<li><strong>Energiesparmodus:<\/strong>\u00a0Bis zu 70 Stunden<\/li>\n<\/ul>\n<h3>Farbe<\/h3>\n<ul>\n<li>schwarz<\/li>\n<\/ul>\n<h3>Gewicht<\/h3>\n<ul>\n<li>126 g (Herstellerangabe)<\/li>\n<\/ul>\n<hr \/>\n<h3>HRM-Dual\u2122 &#8211; Herzfrequenz-Brustgurt<\/h3>\n<p>Der Premium-Herzfrequenz-Brustgurt HRM-Dual\u2122 von Garmin \u00fcbertr\u00e4gt Herzfrequenzdaten in Echtzeit \u00fcber ANT+\u00ae und BLUETOOTH\u00ae Low Energy, sodass du mehr Optionen hast, um in Geb\u00e4uden, im Freien oder sogar online zu trainieren. Mit dem Ger\u00e4t empf\u00e4ngst du durchg\u00e4ngig genaue Herzfrequenzdaten auf deinem Garmin-Ger\u00e4t, in Online-Trainingsapps wie Zwift oder sogar auf kompatiblen Fitnessger\u00e4ten bei deinem Workout im Fitnessstudio. Also ganz gleich, wie du am liebsten trainierst, du erh\u00e4ltst pr\u00e4zise Herzfrequenzdaten in Echtzeit, um neue H\u00f6chstleistungen zu erzielen. Der weiche Gurt des HRM-Dual ist angenehm zu tragen und zudem gr\u00f6\u00dfenverstellbar. Entferne einfach das Herzfrequenzmodul und schon l\u00e4sst er sich auch waschen. Auch der Saft geht dir nicht aus. Die Batterie h\u00e4lt bis zu 3,5 Jahre.<\/p>\n<hr \/>\n<h3>Trittfrequenzsensor<\/h3>\n<p>Speichern deine Trittfrequenz w\u00e4hrend der Tour mit diesem problemlos montierbaren Funksensor. Der Trittfrequenzsensor ist f\u00fcr Tretkurbeln aller Gr\u00f6\u00dfen geeignet und misst die Pedalumdrehungen pro Minute. So kannst du das Beste aus deinem Training herausholen. Einfach Sensor anbringen und loslegen. Du musst Magnete oder andere Teile nicht aufeinander ausrichten. Der Sensor ist also im Nu montiert und einfach zu warten. Au\u00dferdem l\u00e4sst er sich problemlos an unterschiedlichen Fahrr\u00e4dern verwenden.<\/p>\n<hr \/>\n<h3>Geschwindigkeitssensor<\/h3>\n<p>Speicher deine Geschwindigkeit w\u00e4hrend der Tour mit diesem problemlos montierbaren Funksensor. Der Geschwindigkeitssensor wird an einer der Radnaben montiert. Er f\u00fchrt eine Selbstkalibrierung mit dem Edge\u00ae durch und liefert stets genaue Geschwindigkeits- und Distanzdaten \u2013 sogar beim Training auf dem Rollentrainer. Einfach Sensor anbringen und loslegen. Du musst Magnete oder andere Teile nicht aufeinander ausrichten. Der Sensor ist also im Nu montiert und einfach zu warten. Au\u00dferdem l\u00e4sst er sich problemlos an unterschiedlichen Fahrr\u00e4dern verwenden.<\/p>","protected":false},"excerpt":{"rendered":"<p>Garmin\u00a0Edge 1040 Bundle &#8211; GPS Fahrradcomputer Zeig Garmin Edge 1040 auf dem Bike dein Bestes: mit dem ,\u00a0 ultimativem GPS-Fahrradcomputer.<\/p>","protected":false},"featured_media":63874,"comment_status":"open","ping_status":"closed","template":"","meta":[],"product_brand":[],"product_cat":[537,318],"product_tag":[],"class_list":{"0":"post-45827","1":"product","2":"type-product","3":"status-publish","4":"has-post-thumbnail","6":"product_cat-elektronik","7":"product_cat-outdoor","8":"pa_marke-garmin","10":"first","11":"instock","12":"sale","13":"taxable","14":"shipping-taxable","15":"purchasable","16":"product-type-simple"},"yoast_head":"<!-- This site is optimized with the Yoast SEO Premium plugin v20.12 (Yoast SEO v27.1.1) - https:\/\/yoast.com\/product\/yoast-seo-premium-wordpress\/ -->\n<title>Garmin Edge 1040 Bundle - GPS Fahrradcomputer<\/title>\n<meta name=\"description\" content=\"Entdecken Sie unseren Online-Fahrradladen: Gro\u00dfe Auswahl an Modellen f\u00fcr alle Radsportbegeisterten. Von Rennr\u00e4dern bis zu Mountainbikes - finden Sie heute Ihren perfekten Wegbegleiter!\" \/>\n<meta name=\"robots\" content=\"index, follow, max-snippet:-1, max-image-preview:large, max-video-preview:-1\" \/>\n<link rel=\"canonical\" href=\"https:\/\/kgerad.de\/en\/product\/garmin-edge-1040-bundle-gps-fahrradcomputer\/\" \/>\n<meta property=\"og:locale\" content=\"en_US\" \/>\n<meta property=\"og:type\" content=\"article\" \/>\n<meta property=\"og:title\" content=\"Garmin Edge 1040 Bundle - GPS Fahrradcomputer\" \/>\n<meta property=\"og:description\" content=\"Entdecken Sie unseren Online-Fahrradladen: Gro\u00dfe Auswahl an Modellen f\u00fcr alle Radsportbegeisterten. Von Rennr\u00e4dern bis zu Mountainbikes - finden Sie heute Ihren perfekten Wegbegleiter!\" \/>\n<meta property=\"og:url\" content=\"https:\/\/kgerad.de\/en\/product\/garmin-edge-1040-bundle-gps-fahrradcomputer\/\" \/>\n<meta property=\"og:site_name\" content=\"kgerad.de\" \/>\n<meta property=\"article:modified_time\" content=\"2023-08-10T19:22:14+00:00\" \/>\n<meta property=\"og:image\" content=\"https:\/\/kgerad.de\/wp-content\/uploads\/2023\/06\/Master_Edge1040_Bundle_GPSFahrradcomputer_Artikel_201165032tzKAhNeAnzFw_800x800-0.jpg\" \/>\n\t<meta property=\"og:image:width\" content=\"800\" \/>\n\t<meta property=\"og:image:height\" content=\"609\" \/>\n\t<meta property=\"og:image:type\" content=\"image\/jpeg\" \/>\n<meta name=\"twitter:card\" content=\"summary_large_image\" \/>\n<meta name=\"twitter:label1\" content=\"Est. reading time\" \/>\n\t<meta name=\"twitter:data1\" content=\"4 minutes\" \/>\n<script type=\"application\/ld+json\" class=\"yoast-schema-graph\">{\"@context\":\"https:\/\/schema.org\",\"@graph\":[{\"@type\":\"WebPage\",\"@id\":\"https:\/\/kgerad.de\/produkt\/garmin-edge-1040-bundle-gps-fahrradcomputer\/\",\"url\":\"https:\/\/kgerad.de\/produkt\/garmin-edge-1040-bundle-gps-fahrradcomputer\/\",\"name\":\"Garmin Edge 1040 Bundle - GPS Fahrradcomputer\",\"isPartOf\":{\"@id\":\"https:\/\/kgerad.de\/#website\"},\"primaryImageOfPage\":{\"@id\":\"https:\/\/kgerad.de\/produkt\/garmin-edge-1040-bundle-gps-fahrradcomputer\/#primaryimage\"},\"image\":{\"@id\":\"https:\/\/kgerad.de\/produkt\/garmin-edge-1040-bundle-gps-fahrradcomputer\/#primaryimage\"},\"thumbnailUrl\":\"https:\/\/kgerad.de\/wp-content\/uploads\/2023\/06\/Master_Edge1040_Bundle_GPSFahrradcomputer_Artikel_201165032tzKAhNeAnzFw_800x800-0.jpg\",\"datePublished\":\"2022-11-30T09:08:37+00:00\",\"dateModified\":\"2023-08-10T19:22:14+00:00\",\"description\":\"Entdecken Sie unseren Online-Fahrradladen: Gro\u00dfe Auswahl an Modellen f\u00fcr alle Radsportbegeisterten. Von Rennr\u00e4dern bis zu Mountainbikes - finden Sie heute Ihren perfekten Wegbegleiter!\",\"breadcrumb\":{\"@id\":\"https:\/\/kgerad.de\/produkt\/garmin-edge-1040-bundle-gps-fahrradcomputer\/#breadcrumb\"},\"inLanguage\":\"en-US\",\"potentialAction\":[{\"@type\":\"ReadAction\",\"target\":[\"https:\/\/kgerad.de\/produkt\/garmin-edge-1040-bundle-gps-fahrradcomputer\/\"]}]},{\"@type\":\"ImageObject\",\"inLanguage\":\"en-US\",\"@id\":\"https:\/\/kgerad.de\/produkt\/garmin-edge-1040-bundle-gps-fahrradcomputer\/#primaryimage\",\"url\":\"https:\/\/kgerad.de\/wp-content\/uploads\/2023\/06\/Master_Edge1040_Bundle_GPSFahrradcomputer_Artikel_201165032tzKAhNeAnzFw_800x800-0.jpg\",\"contentUrl\":\"https:\/\/kgerad.de\/wp-content\/uploads\/2023\/06\/Master_Edge1040_Bundle_GPSFahrradcomputer_Artikel_201165032tzKAhNeAnzFw_800x800-0.jpg\",\"width\":800,\"height\":609,\"caption\":\"Garmin Edge 1040 Bundle - GPS Fahrradcomputer\"},{\"@type\":\"BreadcrumbList\",\"@id\":\"https:\/\/kgerad.de\/produkt\/garmin-edge-1040-bundle-gps-fahrradcomputer\/#breadcrumb\",\"itemListElement\":[{\"@type\":\"ListItem\",\"position\":1,\"name\":\"Startseite\",\"item\":\"https:\/\/kgerad.de\/\"},{\"@type\":\"ListItem\",\"position\":2,\"name\":\"LADEN\",\"item\":\"https:\/\/kgerad.de\/laden\/\"},{\"@type\":\"ListItem\",\"position\":3,\"name\":\"Garmin Edge 1040 Bundle &#8211; GPS Fahrradcomputer\"}]},{\"@type\":\"WebSite\",\"@id\":\"https:\/\/kgerad.de\/#website\",\"url\":\"https:\/\/kgerad.de\/\",\"name\":\"kgerad.de\",\"description\":\"Treten Sie mit uns ins Abenteuer!\",\"publisher\":{\"@id\":\"https:\/\/kgerad.de\/#organization\"},\"alternateName\":\"MEIN RADLADEN\",\"potentialAction\":[{\"@type\":\"SearchAction\",\"target\":{\"@type\":\"EntryPoint\",\"urlTemplate\":\"https:\/\/kgerad.de\/?s={search_term_string}\"},\"query-input\":{\"@type\":\"PropertyValueSpecification\",\"valueRequired\":true,\"valueName\":\"search_term_string\"}}],\"inLanguage\":\"en-US\"},{\"@type\":\"Organization\",\"@id\":\"https:\/\/kgerad.de\/#organization\",\"name\":\"MEINRADLADEN\",\"alternateName\":\"MEIN RADLADEN\",\"url\":\"https:\/\/kgerad.de\/\",\"logo\":{\"@type\":\"ImageObject\",\"inLanguage\":\"en-US\",\"@id\":\"https:\/\/kgerad.de\/#\/schema\/logo\/image\/\",\"url\":\"https:\/\/kgerad.de\/wp-content\/uploads\/2025\/07\/logo-Whit.svg\",\"contentUrl\":\"https:\/\/kgerad.de\/wp-content\/uploads\/2025\/07\/logo-Whit.svg\",\"width\":1640,\"height\":371,\"caption\":\"MEINRADLADEN\"},\"image\":{\"@id\":\"https:\/\/kgerad.de\/#\/schema\/logo\/image\/\"}}]}<\/script>\n<!-- \/ Yoast SEO Premium plugin. -->","yoast_head_json":{"title":"Garmin Edge 1040 Bundle - GPS Fahrradcomputer","description":"Entdecken Sie unseren Online-Fahrradladen: Gro\u00dfe Auswahl an Modellen f\u00fcr alle Radsportbegeisterten. Von Rennr\u00e4dern bis zu Mountainbikes - finden Sie heute Ihren perfekten Wegbegleiter!","robots":{"index":"index","follow":"follow","max-snippet":"max-snippet:-1","max-image-preview":"max-image-preview:large","max-video-preview":"max-video-preview:-1"},"canonical":"https:\/\/kgerad.de\/en\/product\/garmin-edge-1040-bundle-gps-fahrradcomputer\/","og_locale":"en_US","og_type":"article","og_title":"Garmin Edge 1040 Bundle - GPS Fahrradcomputer","og_description":"Entdecken Sie unseren Online-Fahrradladen: Gro\u00dfe Auswahl an Modellen f\u00fcr alle Radsportbegeisterten. Von Rennr\u00e4dern bis zu Mountainbikes - finden Sie heute Ihren perfekten Wegbegleiter!","og_url":"https:\/\/kgerad.de\/en\/product\/garmin-edge-1040-bundle-gps-fahrradcomputer\/","og_site_name":"kgerad.de","article_modified_time":"2023-08-10T19:22:14+00:00","og_image":[{"width":800,"height":609,"url":"https:\/\/kgerad.de\/wp-content\/uploads\/2023\/06\/Master_Edge1040_Bundle_GPSFahrradcomputer_Artikel_201165032tzKAhNeAnzFw_800x800-0.jpg","type":"image\/jpeg"}],"twitter_card":"summary_large_image","twitter_misc":{"Est. reading time":"4 minutes"},"schema":{"@context":"https:\/\/schema.org","@graph":[{"@type":"WebPage","@id":"https:\/\/kgerad.de\/produkt\/garmin-edge-1040-bundle-gps-fahrradcomputer\/","url":"https:\/\/kgerad.de\/produkt\/garmin-edge-1040-bundle-gps-fahrradcomputer\/","name":"Garmin Edge 1040 Bundle - GPS Fahrradcomputer","isPartOf":{"@id":"https:\/\/kgerad.de\/#website"},"primaryImageOfPage":{"@id":"https:\/\/kgerad.de\/produkt\/garmin-edge-1040-bundle-gps-fahrradcomputer\/#primaryimage"},"image":{"@id":"https:\/\/kgerad.de\/produkt\/garmin-edge-1040-bundle-gps-fahrradcomputer\/#primaryimage"},"thumbnailUrl":"https:\/\/kgerad.de\/wp-content\/uploads\/2023\/06\/Master_Edge1040_Bundle_GPSFahrradcomputer_Artikel_201165032tzKAhNeAnzFw_800x800-0.jpg","datePublished":"2022-11-30T09:08:37+00:00","dateModified":"2023-08-10T19:22:14+00:00","description":"Entdecken Sie unseren Online-Fahrradladen: Gro\u00dfe Auswahl an Modellen f\u00fcr alle Radsportbegeisterten. Von Rennr\u00e4dern bis zu Mountainbikes - finden Sie heute Ihren perfekten Wegbegleiter!","breadcrumb":{"@id":"https:\/\/kgerad.de\/produkt\/garmin-edge-1040-bundle-gps-fahrradcomputer\/#breadcrumb"},"inLanguage":"en-US","potentialAction":[{"@type":"ReadAction","target":["https:\/\/kgerad.de\/produkt\/garmin-edge-1040-bundle-gps-fahrradcomputer\/"]}]},{"@type":"ImageObject","inLanguage":"en-US","@id":"https:\/\/kgerad.de\/produkt\/garmin-edge-1040-bundle-gps-fahrradcomputer\/#primaryimage","url":"https:\/\/kgerad.de\/wp-content\/uploads\/2023\/06\/Master_Edge1040_Bundle_GPSFahrradcomputer_Artikel_201165032tzKAhNeAnzFw_800x800-0.jpg","contentUrl":"https:\/\/kgerad.de\/wp-content\/uploads\/2023\/06\/Master_Edge1040_Bundle_GPSFahrradcomputer_Artikel_201165032tzKAhNeAnzFw_800x800-0.jpg","width":800,"height":609,"caption":"Garmin Edge 1040 Bundle - GPS Fahrradcomputer"},{"@type":"BreadcrumbList","@id":"https:\/\/kgerad.de\/produkt\/garmin-edge-1040-bundle-gps-fahrradcomputer\/#breadcrumb","itemListElement":[{"@type":"ListItem","position":1,"name":"Startseite","item":"https:\/\/kgerad.de\/"},{"@type":"ListItem","position":2,"name":"LADEN","item":"https:\/\/kgerad.de\/laden\/"},{"@type":"ListItem","position":3,"name":"Garmin Edge 1040 Bundle &#8211; GPS Fahrradcomputer"}]},{"@type":"WebSite","@id":"https:\/\/kgerad.de\/#website","url":"https:\/\/kgerad.de\/","name":"kgerad.de","description":"Treten Sie mit uns ins Abenteuer!","publisher":{"@id":"https:\/\/kgerad.de\/#organization"},"alternateName":"MEIN RADLADEN","potentialAction":[{"@type":"SearchAction","target":{"@type":"EntryPoint","urlTemplate":"https:\/\/kgerad.de\/?s={search_term_string}"},"query-input":{"@type":"PropertyValueSpecification","valueRequired":true,"valueName":"search_term_string"}}],"inLanguage":"en-US"},{"@type":"Organization","@id":"https:\/\/kgerad.de\/#organization","name":"MEINRADLADEN","alternateName":"MEIN RADLADEN","url":"https:\/\/kgerad.de\/","logo":{"@type":"ImageObject","inLanguage":"en-US","@id":"https:\/\/kgerad.de\/#\/schema\/logo\/image\/","url":"https:\/\/kgerad.de\/wp-content\/uploads\/2025\/07\/logo-Whit.svg","contentUrl":"https:\/\/kgerad.de\/wp-content\/uploads\/2025\/07\/logo-Whit.svg","width":1640,"height":371,"caption":"MEINRADLADEN"},"image":{"@id":"https:\/\/kgerad.de\/#\/schema\/logo\/image\/"}}]}},"_links":{"self":[{"href":"https:\/\/kgerad.de\/en\/wp-json\/wp\/v2\/product\/45827","targetHints":{"allow":["GET"]}}],"collection":[{"href":"https:\/\/kgerad.de\/en\/wp-json\/wp\/v2\/product"}],"about":[{"href":"https:\/\/kgerad.de\/en\/wp-json\/wp\/v2\/types\/product"}],"replies":[{"embeddable":true,"href":"https:\/\/kgerad.de\/en\/wp-json\/wp\/v2\/comments?post=45827"}],"version-history":[{"count":1,"href":"https:\/\/kgerad.de\/en\/wp-json\/wp\/v2\/product\/45827\/revisions"}],"predecessor-version":[{"id":78963,"href":"https:\/\/kgerad.de\/en\/wp-json\/wp\/v2\/product\/45827\/revisions\/78963"}],"wp:featuredmedia":[{"embeddable":true,"href":"https:\/\/kgerad.de\/en\/wp-json\/wp\/v2\/media\/63874"}],"wp:attachment":[{"href":"https:\/\/kgerad.de\/en\/wp-json\/wp\/v2\/media?parent=45827"}],"wp:term":[{"taxonomy":"product_brand","embeddable":true,"href":"https:\/\/kgerad.de\/en\/wp-json\/wp\/v2\/product_brand?post=45827"},{"taxonomy":"product_cat","embeddable":true,"href":"https:\/\/kgerad.de\/en\/wp-json\/wp\/v2\/product_cat?post=45827"},{"taxonomy":"product_tag","embeddable":true,"href":"https:\/\/kgerad.de\/en\/wp-json\/wp\/v2\/product_tag?post=45827"}],"curies":[{"name":"wp","href":"https:\/\/api.w.org\/{rel}","templated":true}]}}