{"id":45781,"date":"2022-11-30T08:55:27","date_gmt":"2022-11-30T07:55:27","guid":{"rendered":"https:\/\/kgerad.de\/?post_type=product&#038;p=45781"},"modified":"2023-08-10T21:22:57","modified_gmt":"2023-08-10T19:22:57","slug":"garmin-edge-1030-plus-bundle-fahrrad-gps-navigationssystem","status":"publish","type":"product","link":"https:\/\/kgerad.de\/en\/product\/garmin-edge-1030-plus-bundle-fahrrad-gps-navigationssystem\/","title":{"rendered":"Garmin Edge 1030 Plus Bundle &#8211; Fahrrad GPS Navigationssystem"},"content":{"rendered":"<h2 class=\"product--title\"><strong>Garmin<\/strong>\u00a0Edge 1030 Plus Bundle &#8211; Fahrrad GPS Navigationssystem<\/h2>\n<p>Das perfekte Garmin Edge 1030 von Der leistungssstarke\u00a0 kommt direkt mit allem, was man braucht: Brustgurt, Trittfrequenz- und Speedsensor sowie 2 Halterungen. Der gro\u00dfe Touchscreen h\u00e4lt die wichtigsten Informationen \u00fcbersichtlich bereit und l\u00e4sst sich kinderleicht bedienen.<\/p>\n<h2>Die ultimative GPS-Radfahrzentrale: der Edge 1030 Plus von Garmin<\/h2>\n<p>Entdecke die Welt und deine Grenzen mit dem ultimativen GPS Fahrradcomputer Edge 1030 Plus. Plane auf der vorinstallierten Europakarte und dem perfekt ablesbaren 3,5\u201c Touchdisplay deine n\u00e4chste MTB- oder Rennradtour. Analysiere deine Leistungswerte oder die Trainingsbelastung und erhalte individuelle Trainingsvorschl\u00e4ge von deinem Edge. Teile dir steile Anstiege optimal ein mithilfe von ClimbPro und Daten zu Steigung, Distanz und H\u00f6henmetern. Mountainbiker k\u00f6nnen zus\u00e4tzlich ihre Grit-, Flow- und Airtime-Werte aufzeichnen, um Informationen zu ihrer Downhill-Performance zu erhalten.<\/p>\n<p>Und dank Bluetooth kannst du die Daten sogar w\u00e4hrend der Fahrt \u00fcber Dein Handy streamen oder mit Kollegen kommunizieren. Das Trendline Popularity Routing zeigt dir basierend auf Milliarden von Kilometern an Streckendaten die besten Stra\u00dfen- und Gel\u00e4nderouten an. Ob beim Wettkampf, auf dem Weg zur Arbeit oder bei Abenteuern \u2013 mit der Technologie des Garmin Edge 1030 Plus wird deine Tour noch besser.<\/p>\n<hr \/>\n<h3>Lieferumfang &#8211; Garmin Edge\u00ae 1030 Plus Bundle &#8211; Fahrrad GPS Navigationssystem<\/h3>\n<ul>\n<li>Garmin Edge 1030 Plus<\/li>\n<li>Premium HR-Dual\u2122 Herzfrequenz-Brustgurt<\/li>\n<li>Trittfrequenzsensor<\/li>\n<li>Geschwindigkeitssensor<\/li>\n<li>Halterungen (Standard- und Aero-Lenkerhalterung)<\/li>\n<li>USB-Kabel<\/li>\n<li>Befestigungsband<\/li>\n<li>Handb\u00fccher<\/li>\n<\/ul>\n<hr \/>\n<h3>Features &#8211; Garmin Edge\u00ae 1030 Plus<\/h3>\n<p><strong>F\u00fcr Freunde und Familie<\/strong><br \/>\nMit LiveTrack k\u00f6nnen Freunde und Familie deine Echtzeitposition verfolgen und sogar deine gesamte, zuvor geplante Strecke sehen. Sei dir versichert, dass dir nahestehende Personen genau wissen, wo du unterwegs bist.<\/p>\n<p><strong>Nachrichten auf deinem Edge<\/strong><br \/>\nAb sofort kann dein Smartphone in der Trikottasche bleiben und du verpasst trotzdem nichts mehr. Erhalte Emails, SMS-Nachrichten und Alarme direkt auf dem Edge bei Kopplung mit einem kompatiblen Smartphone.<\/p>\n<p><strong>Analyse mit Garmin Connect<\/strong><br \/>\nDie Garmin Connect App ist eine viel besuchte Online-Community f\u00fcr Sportler, die ihre Erfolge analysieren und sich mit anderen messen m\u00f6chten.<\/p>\n<hr \/>\n<h3>Features &#8211; Premium Herzfrequenz-Brustgurt<\/h3>\n<p>Die Optimierung resultiert\u00a0 aus einer zus\u00e4tzlichen, seitlichen Kontaktfl\u00e4che, die Garmin im Gurt integriert hat. Zudem wurde der Tragekomfort des Brustgurtes weiter verbessert, um eine Links\/Rechts Markierung erg\u00e4nzt und n\u00fctzliche Hinweise zur Reinigung Pflege auf dem Gurt angebracht. Diese helfen, eine langfristige, fehlerfreie Herzfrequenz\u00fcbertragung zu gew\u00e4hrleisten.<\/p>\n<ul>\n<li>Verbesserte Genauigkeit der Herzfrequenzabnahme und -\u00dcbertragung durch zus\u00e4tzliche und optimierte Kontaktfl\u00e4che<\/li>\n<li>Erh\u00f6hter Tragekomfort<\/li>\n<li>Links\/Rechts Markierung zum richtigen Anlegen des Gurts (\u201eL\u201c \u201eR\u201c)<\/li>\n<li>Hilfreiche Tipps zu Reinigung und Pflege f\u00fcr uneingeschr\u00e4nkte, langfristige Nutzungsdauer<\/li>\n<\/ul>\n<hr \/>\n<h3>Features &#8211; Trittfrequenzsensor<\/h3>\n<p>Speichern deine Trittfrequenz w\u00e4hrend der Tour mit diesem problemlos montierbaren Funksensor. Der Trittfrequenzsensor ist f\u00fcr Tretkurbeln aller Gr\u00f6\u00dfen geeignet und misst die Pedalumdrehungen pro Minute. So kannst du das Beste aus deinem Training herausholen. Einfach Sensor anbringen und loslegen. Du musst Magnete oder andere Teile nicht aufeinander ausrichten. Der Sensor ist also im Nu montiert und einfach zu warten. Au\u00dferdem l\u00e4sst er sich problemlos an unterschiedlichen Fahrr\u00e4dern verwenden.<\/p>\n<hr \/>\n<h3>Features &#8211; Geschwindigkeitssensor<\/h3>\n<p>Speichern deine Geschwindigkeit w\u00e4hrend der Tour mit diesem problemlos montierbaren Funksensor. Der Geschwindigkeitssensor wird an einer der Radnaben montiert. Er f\u00fchrt eine Selbstkalibrierung mit dem Edge\u00ae durch und liefert stets genaue Geschwindigkeits- und Distanzdaten \u2013 sogar beim Training auf dem Rollentrainer. Einfach Sensor anbringen und loslegen. Du musst Magnete oder andere Teile nicht aufeinander ausrichten. Der Sensor ist also im Nu montiert und einfach zu warten. Au\u00dferdem l\u00e4sst er sich problemlos an unterschiedlichen Fahrr\u00e4dern verwenden.<\/p>\n<hr \/>\n<h3>Garmin Edge 1030 Plus: Entdecke die Welt und deine Grenzen<\/h3>\n<p><iframe src=\"https:\/\/www.youtube-nocookie.com\/embed\/zn26dW7la2E\" width=\"640\" height=\"360\" frameborder=\"0\" allowfullscreen=\"allowfullscreen\" data-mce-fragment=\"1\"><\/iframe><\/p>\n<hr \/>\n<h3>Produkteigenschaften<\/h3>\n<div>\n<table>\n<tbody>\n<tr class=\"title\">\n<td colspan=\"2\">\n<h3>Allgemein<\/h3>\n<\/td>\n<\/tr>\n<tr>\n<th scope=\"row\">Abmessungen<\/th>\n<td>58\u00a0x 114\u00a0x 19\u00a0mm<\/td>\n<\/tr>\n<tr>\n<th scope=\"row\">Touchscreen<\/th>\n<td>\u2714<\/td>\n<\/tr>\n<tr>\n<th scope=\"row\">Farbdisplay<\/th>\n<td>\u2714<\/td>\n<\/tr>\n<tr>\n<th scope=\"row\">Anzeigegr\u00f6\u00dfe, B x H<\/th>\n<td>8,9 cm (3,5\u00a0Zoll) Diagonale<\/td>\n<\/tr>\n<tr>\n<th scope=\"row\">Anzeigeaufl\u00f6sung, B x H<\/th>\n<td>282\u00a0x 470\u00a0Pixel<\/td>\n<\/tr>\n<tr>\n<th scope=\"row\">Gewicht<\/th>\n<td>124\u00a0g<\/td>\n<\/tr>\n<tr>\n<th scope=\"row\">Batterie<\/th>\n<td>Lithium-Ionen-Akku<\/td>\n<\/tr>\n<tr>\n<th scope=\"row\">Batterielaufzeit<\/th>\n<td>24\u00a0Stunden<\/td>\n<\/tr>\n<tr>\n<th scope=\"row\">Batteriesparmodus<\/th>\n<td>\u2714<\/td>\n<\/tr>\n<tr>\n<th scope=\"row\">Kompatibel mit In-Ride-Power (Garmin Charge-Akku)<\/th>\n<td>\u2714<\/td>\n<\/tr>\n<tr>\n<th scope=\"row\">Wasserdichtigkeit<\/th>\n<td>IPX7<\/td>\n<\/tr>\n<\/tbody>\n<\/table>\n<table>\n<tbody>\n<tr class=\"title\">\n<td colspan=\"2\">\n<h3>Karten und Speicher<\/h3>\n<\/td>\n<\/tr>\n<tr>\n<th scope=\"row\">M\u00f6glichkeit, Karten hinzuzuf\u00fcgen<\/th>\n<td>\u2714<\/td>\n<\/tr>\n<tr>\n<th scope=\"row\">Basiskarte<\/th>\n<td>\u2714<\/td>\n<\/tr>\n<tr>\n<th scope=\"row\">Speicher- und Leistungskapazit\u00e4t<\/th>\n<td>32\u00a0GB interner Speicher<\/td>\n<\/tr>\n<tr>\n<th scope=\"row\">Wegpunkte<\/th>\n<td>200<\/td>\n<\/tr>\n<tr>\n<th scope=\"row\">Routen<\/th>\n<td>100\u00a0Strecken<\/td>\n<\/tr>\n<tr>\n<th scope=\"row\">Rundenverlauf<\/th>\n<td>Bis zu 200\u00a0Stunden<\/td>\n<\/tr>\n<\/tbody>\n<\/table>\n<table>\n<tbody>\n<tr class=\"title\">\n<td colspan=\"2\">\n<h3>Sensoren<\/h3>\n<\/td>\n<\/tr>\n<tr>\n<th scope=\"row\">GPS<\/th>\n<td>\u2714<\/td>\n<\/tr>\n<tr>\n<th scope=\"row\">GLONASS<\/th>\n<td>\u2714<\/td>\n<\/tr>\n<tr>\n<th scope=\"row\">Galileo<\/th>\n<td>\u2714<\/td>\n<\/tr>\n<tr>\n<th scope=\"row\">Barometrischer H\u00f6henmesser<\/th>\n<td>\u2714<\/td>\n<\/tr>\n<tr>\n<th scope=\"row\">Beschleunigungsmesser<\/th>\n<td>\u2714<\/td>\n<\/tr>\n<tr>\n<th scope=\"row\">Sensor f\u00fcr das Umgebungslicht<\/th>\n<td>\u2714<\/td>\n<\/tr>\n<\/tbody>\n<\/table>\n<table>\n<tbody>\n<tr class=\"title\">\n<td colspan=\"2\">\n<h3>T\u00e4gliche Smart-Funktionen<\/h3>\n<\/td>\n<\/tr>\n<tr>\n<th scope=\"row\">Konnektivit\u00e4t<\/th>\n<td>Bluetooth<sup>\u00ae<\/sup>, ANT+<sup>\u00ae<\/sup><\/td>\n<\/tr>\n<tr>\n<th scope=\"row\">Connect\u00a0IQ<sup>\u2122<\/sup>\u00a0(herunterladbare Displaydesigns, Datenfelder, Widgets und Apps)<\/th>\n<td>\u2714<\/td>\n<\/tr>\n<tr>\n<th scope=\"row\">Smart Notifications<\/th>\n<td>\u2714<\/td>\n<\/tr>\n<tr>\n<th scope=\"row\">SMS-Antwort\/Anruf per SMS ablehnen (nur Android\u2122)<\/th>\n<td>\u2714<\/td>\n<\/tr>\n<tr>\n<th scope=\"row\">Wetter<\/th>\n<td>\u2714<\/td>\n<\/tr>\n<tr>\n<th scope=\"row\">VIRB\u00ae-Fernbedienung<\/th>\n<td>\u2714<\/td>\n<\/tr>\n<tr>\n<th scope=\"row\">Smartphone-Kompatibilit\u00e4t<\/th>\n<td>iPhone<sup>\u00ae<\/sup>, Android<sup>\u2122<\/sup><\/td>\n<\/tr>\n<\/tbody>\n<\/table>\n<table>\n<tbody>\n<tr class=\"title\">\n<td colspan=\"2\">\n<h3>Sicherheits- und Trackingfunktionen<\/h3>\n<\/td>\n<\/tr>\n<tr>\n<th scope=\"row\">LiveTrack<\/th>\n<td>\u2714<\/td>\n<\/tr>\n<tr>\n<th scope=\"row\">Group LiveTrack<\/th>\n<td>\u2714<\/td>\n<\/tr>\n<tr>\n<th scope=\"row\">Mitteilungen von Fahrer zu Fahrer<\/th>\n<td>\u2714<\/td>\n<\/tr>\n<tr>\n<th scope=\"row\">Ereigniserkennung<\/th>\n<td>\u2714<\/td>\n<\/tr>\n<tr>\n<th scope=\"row\">Notfallhilfe<\/th>\n<td>\u2714<\/td>\n<\/tr>\n<tr>\n<th scope=\"row\">Fahrrad Alarm<\/th>\n<td>\u2714<\/td>\n<\/tr>\n<tr>\n<th scope=\"row\">Wetterwarnungen<\/th>\n<td>\u2714<\/td>\n<\/tr>\n<\/tbody>\n<\/table>\n<table>\n<tbody>\n<tr class=\"title\">\n<td colspan=\"2\">\n<h3>Aktivit\u00e4tsfunktionen<\/h3>\n<\/td>\n<\/tr>\n<tr>\n<th scope=\"row\">Kalorienverbrauch<\/th>\n<td>\u2714<\/td>\n<\/tr>\n<\/tbody>\n<\/table>\n<table>\n<tbody>\n<tr class=\"title\">\n<td colspan=\"2\">\n<h3>Trainings-, Planungs- und Analysefunktionen<\/h3>\n<\/td>\n<\/tr>\n<tr>\n<th scope=\"row\">Anpassbare Datenseiten<\/th>\n<td>\u2714<\/td>\n<\/tr>\n<tr>\n<th scope=\"row\">Auto Pause\u00ae<\/th>\n<td>\u2714<\/td>\n<\/tr>\n<tr>\n<th scope=\"row\">Intervalltraining<\/th>\n<td>\u2714<\/td>\n<\/tr>\n<tr>\n<th scope=\"row\">Erweiterte Trainings<\/th>\n<td>\u2714<\/td>\n<\/tr>\n<tr>\n<th scope=\"row\">Herunterladbare Trainingspl\u00e4ne<\/th>\n<td>\u2714<\/td>\n<\/tr>\n<tr>\n<th scope=\"row\">T\u00e4gliche Trainingsvorschl\u00e4ge<\/th>\n<td>\u2714<\/td>\n<\/tr>\n<tr>\n<th scope=\"row\">Auto Lap\u00ae<\/th>\n<td>\u2714<\/td>\n<\/tr>\n<tr>\n<th scope=\"row\">VO2max<\/th>\n<td>\u2714<\/td>\n<\/tr>\n<tr>\n<th scope=\"row\">Training Effect (aerob)<\/th>\n<td>\u2714<\/td>\n<\/tr>\n<tr>\n<th scope=\"row\">Erholungsratgeber<\/th>\n<td>\u2714<\/td>\n<\/tr>\n<tr>\n<th scope=\"row\">Virtual Partner<\/th>\n<td>\u2714<\/td>\n<\/tr>\n<tr>\n<th scope=\"row\">Virtual Racer\u2122<\/th>\n<td>\u2714<\/td>\n<\/tr>\n<tr>\n<th scope=\"row\">Segmente<\/th>\n<td>\u2714<\/td>\n<\/tr>\n<tr>\n<th scope=\"row\">Auto-Seitenwechsel<\/th>\n<td>\u2714<\/td>\n<\/tr>\n<tr>\n<th scope=\"row\">Physio TrueUp<\/th>\n<td>\u2714<\/td>\n<\/tr>\n<tr>\n<th scope=\"row\">Physiologische Messungen<\/th>\n<td>\u2714<\/td>\n<\/tr>\n<\/tbody>\n<\/table>\n<table>\n<tbody>\n<tr class=\"title\">\n<td colspan=\"2\">\n<h3>Outdoor-Freizeitfunktionen<\/h3>\n<\/td>\n<\/tr>\n<tr>\n<th scope=\"row\">ClimbPro\u2122-Anstiegsplaner<\/th>\n<td>\u2714<\/td>\n<\/tr>\n<\/tbody>\n<\/table>\n<table>\n<tbody>\n<tr class=\"title\">\n<td colspan=\"2\">\n<h3>Radfahrfunktionen<\/h3>\n<\/td>\n<\/tr>\n<tr>\n<th scope=\"row\">Zeit- oder Distanz-Alarm (Wenn du einen voreingestellten Wert erreichst, ert\u00f6nt ein Alarm)<\/th>\n<td>\u2714<\/td>\n<\/tr>\n<tr>\n<th scope=\"row\">Strecken (zum Antreten gegen vorherige Aktivit\u00e4ten)<\/th>\n<td>\u2714<\/td>\n<\/tr>\n<tr>\n<th scope=\"row\">Kursersteller auf dem Ger\u00e4t<\/th>\n<td>\u2714<\/td>\n<\/tr>\n<tr>\n<th scope=\"row\">Fahrradkarte (routingf\u00e4hige Stra\u00dfenkarten f\u00fcr das Radfahren)<\/th>\n<td>Ja (mehrere Regionen)<\/td>\n<\/tr>\n<tr>\n<th scope=\"row\">Fahrraddynamik kompatibel<\/th>\n<td>\u2714<\/td>\n<\/tr>\n<tr>\n<th scope=\"row\">MTB-Dynamik<\/th>\n<td>\u2714<\/td>\n<\/tr>\n<tr>\n<th scope=\"row\">Integrierte TrailForks-Traildaten<\/th>\n<td>\u2714<\/td>\n<\/tr>\n<tr>\n<th scope=\"row\">Mit Leistungsmessger\u00e4ten kompatibel (Anzeige von Leistungsdaten von kompatiblen ANT\u2122 + -Leistungsmessern dritter Anbieter)<\/th>\n<td>\u2714<\/td>\n<\/tr>\n<tr>\n<th scope=\"row\">Kompatibel mit Varia\u2122-Radar (r\u00fcckw\u00e4rtiges Radar)<\/th>\n<td>\u2714<\/td>\n<\/tr>\n<tr>\n<th scope=\"row\">Kompatibel mit Varia\u2122-Fahrradlichtern<\/th>\n<td>\u2714<\/td>\n<\/tr>\n<\/tbody>\n<\/table>\n<table>\n<tbody>\n<tr class=\"title\">\n<td colspan=\"2\">\n<h3>Konnektivit\u00e4t<\/h3>\n<\/td>\n<\/tr>\n<tr>\n<th scope=\"row\">Edge\u00ae-Fernbedienung<\/th>\n<td>\u2714<\/td>\n<\/tr>\n<tr>\n<th scope=\"row\">Varia \u2122 Fernbedienung<\/th>\n<td>\u2714<\/td>\n<\/tr>\n<tr>\n<th scope=\"row\">Elektronische Schaltung ANT + \u2122<\/th>\n<td>\u2714<\/td>\n<\/tr>\n<tr>\n<th scope=\"row\">Integration von Shimano DI2 Synchro Shift<\/th>\n<td>\u2714<\/td>\n<\/tr>\n<tr>\n<th scope=\"row\">Smart-Trainer-Bedienung<\/th>\n<td>\u2714<\/td>\n<\/tr>\n<\/tbody>\n<\/table>\n<\/div>\n<hr \/>\n<h3>Garmin Edge\u00ae 1030 Plus Produktvorstellung &#8211; NEVER STOP CYCLING<\/h3>\n<p><iframe src=\"https:\/\/www.youtube-nocookie.com\/embed\/RIwCM9i7aJM\" width=\"640\" height=\"360\" frameborder=\"0\" allowfullscreen=\"allowfullscreen\" data-mce-fragment=\"1\"><\/iframe><\/p>\n<h2 class=\"product--rating-container\"><\/h2>","protected":false},"excerpt":{"rendered":"<p>Garmin\u00a0Edge 1030 Plus Bundle &#8211; Fahrrad GPS Navigationssystem Das perfekte Garmin Edge 1030 von Der leistungssstarke\u00a0 kommt direkt mit allem,<\/p>","protected":false},"featured_media":63849,"comment_status":"open","ping_status":"closed","template":"","meta":[],"product_brand":[],"product_cat":[537,318],"product_tag":[],"class_list":{"0":"post-45781","1":"product","2":"type-product","3":"status-publish","4":"has-post-thumbnail","6":"product_cat-elektronik","7":"product_cat-outdoor","8":"pa_marke-garmin","10":"first","11":"instock","12":"sale","13":"taxable","14":"shipping-taxable","15":"purchasable","16":"product-type-simple"},"yoast_head":"<!-- This site is optimized with the Yoast SEO Premium plugin v20.12 (Yoast SEO v27.1.1) - https:\/\/yoast.com\/product\/yoast-seo-premium-wordpress\/ -->\n<title>Garmin Edge 1030 Plus Bundle - Fahrrad GPS Navigationssystem<\/title>\n<meta name=\"description\" content=\"Entdecken Sie unseren Online-Fahrradladen: Gro\u00dfe Auswahl an Modellen f\u00fcr alle Radsportbegeisterten. Von Rennr\u00e4dern bis zu Mountainbikes - finden Sie heute Ihren perfekten Wegbegleiter!\" \/>\n<meta name=\"robots\" content=\"index, follow, max-snippet:-1, max-image-preview:large, max-video-preview:-1\" \/>\n<link rel=\"canonical\" href=\"https:\/\/kgerad.de\/en\/product\/garmin-edge-1030-plus-bundle-fahrrad-gps-navigationssystem\/\" \/>\n<meta property=\"og:locale\" content=\"en_US\" \/>\n<meta property=\"og:type\" content=\"article\" \/>\n<meta property=\"og:title\" content=\"Garmin Edge 1030 Plus Bundle - Fahrrad GPS Navigationssystem\" \/>\n<meta property=\"og:description\" content=\"Entdecken Sie unseren Online-Fahrradladen: Gro\u00dfe Auswahl an Modellen f\u00fcr alle Radsportbegeisterten. Von Rennr\u00e4dern bis zu Mountainbikes - finden Sie heute Ihren perfekten Wegbegleiter!\" \/>\n<meta property=\"og:url\" content=\"https:\/\/kgerad.de\/en\/product\/garmin-edge-1030-plus-bundle-fahrrad-gps-navigationssystem\/\" \/>\n<meta property=\"og:site_name\" content=\"kgerad.de\" \/>\n<meta property=\"article:modified_time\" content=\"2023-08-10T19:22:57+00:00\" \/>\n<meta property=\"og:image\" content=\"https:\/\/kgerad.de\/wp-content\/uploads\/2023\/06\/Edge1030Plus_HR_1008_800x800-00.jpg\" \/>\n\t<meta property=\"og:image:width\" content=\"800\" \/>\n\t<meta property=\"og:image:height\" content=\"450\" \/>\n\t<meta property=\"og:image:type\" content=\"image\/jpeg\" \/>\n<meta name=\"twitter:card\" content=\"summary_large_image\" \/>\n<meta name=\"twitter:label1\" content=\"Est. reading time\" \/>\n\t<meta name=\"twitter:data1\" content=\"5 minutes\" \/>\n<script type=\"application\/ld+json\" class=\"yoast-schema-graph\">{\"@context\":\"https:\/\/schema.org\",\"@graph\":[{\"@type\":\"WebPage\",\"@id\":\"https:\/\/kgerad.de\/produkt\/garmin-edge-1030-plus-bundle-fahrrad-gps-navigationssystem\/\",\"url\":\"https:\/\/kgerad.de\/produkt\/garmin-edge-1030-plus-bundle-fahrrad-gps-navigationssystem\/\",\"name\":\"Garmin Edge 1030 Plus Bundle - Fahrrad GPS Navigationssystem\",\"isPartOf\":{\"@id\":\"https:\/\/kgerad.de\/#website\"},\"primaryImageOfPage\":{\"@id\":\"https:\/\/kgerad.de\/produkt\/garmin-edge-1030-plus-bundle-fahrrad-gps-navigationssystem\/#primaryimage\"},\"image\":{\"@id\":\"https:\/\/kgerad.de\/produkt\/garmin-edge-1030-plus-bundle-fahrrad-gps-navigationssystem\/#primaryimage\"},\"thumbnailUrl\":\"https:\/\/kgerad.de\/wp-content\/uploads\/2023\/06\/Edge1030Plus_HR_1008_800x800-00.jpg\",\"datePublished\":\"2022-11-30T07:55:27+00:00\",\"dateModified\":\"2023-08-10T19:22:57+00:00\",\"description\":\"Entdecken Sie unseren Online-Fahrradladen: Gro\u00dfe Auswahl an Modellen f\u00fcr alle Radsportbegeisterten. Von Rennr\u00e4dern bis zu Mountainbikes - finden Sie heute Ihren perfekten Wegbegleiter!\",\"breadcrumb\":{\"@id\":\"https:\/\/kgerad.de\/produkt\/garmin-edge-1030-plus-bundle-fahrrad-gps-navigationssystem\/#breadcrumb\"},\"inLanguage\":\"en-US\",\"potentialAction\":[{\"@type\":\"ReadAction\",\"target\":[\"https:\/\/kgerad.de\/produkt\/garmin-edge-1030-plus-bundle-fahrrad-gps-navigationssystem\/\"]}]},{\"@type\":\"ImageObject\",\"inLanguage\":\"en-US\",\"@id\":\"https:\/\/kgerad.de\/produkt\/garmin-edge-1030-plus-bundle-fahrrad-gps-navigationssystem\/#primaryimage\",\"url\":\"https:\/\/kgerad.de\/wp-content\/uploads\/2023\/06\/Edge1030Plus_HR_1008_800x800-00.jpg\",\"contentUrl\":\"https:\/\/kgerad.de\/wp-content\/uploads\/2023\/06\/Edge1030Plus_HR_1008_800x800-00.jpg\",\"width\":800,\"height\":450,\"caption\":\"Garmin Edge 1030 Plus Bundle - Fahrrad GPS Navigationssystem\"},{\"@type\":\"BreadcrumbList\",\"@id\":\"https:\/\/kgerad.de\/produkt\/garmin-edge-1030-plus-bundle-fahrrad-gps-navigationssystem\/#breadcrumb\",\"itemListElement\":[{\"@type\":\"ListItem\",\"position\":1,\"name\":\"Startseite\",\"item\":\"https:\/\/kgerad.de\/\"},{\"@type\":\"ListItem\",\"position\":2,\"name\":\"LADEN\",\"item\":\"https:\/\/kgerad.de\/laden\/\"},{\"@type\":\"ListItem\",\"position\":3,\"name\":\"Garmin Edge 1030 Plus Bundle &#8211; Fahrrad GPS Navigationssystem\"}]},{\"@type\":\"WebSite\",\"@id\":\"https:\/\/kgerad.de\/#website\",\"url\":\"https:\/\/kgerad.de\/\",\"name\":\"kgerad.de\",\"description\":\"Treten Sie mit uns ins Abenteuer!\",\"publisher\":{\"@id\":\"https:\/\/kgerad.de\/#organization\"},\"alternateName\":\"MEIN RADLADEN\",\"potentialAction\":[{\"@type\":\"SearchAction\",\"target\":{\"@type\":\"EntryPoint\",\"urlTemplate\":\"https:\/\/kgerad.de\/?s={search_term_string}\"},\"query-input\":{\"@type\":\"PropertyValueSpecification\",\"valueRequired\":true,\"valueName\":\"search_term_string\"}}],\"inLanguage\":\"en-US\"},{\"@type\":\"Organization\",\"@id\":\"https:\/\/kgerad.de\/#organization\",\"name\":\"MEINRADLADEN\",\"alternateName\":\"MEIN RADLADEN\",\"url\":\"https:\/\/kgerad.de\/\",\"logo\":{\"@type\":\"ImageObject\",\"inLanguage\":\"en-US\",\"@id\":\"https:\/\/kgerad.de\/#\/schema\/logo\/image\/\",\"url\":\"https:\/\/kgerad.de\/wp-content\/uploads\/2025\/07\/logo-Whit.svg\",\"contentUrl\":\"https:\/\/kgerad.de\/wp-content\/uploads\/2025\/07\/logo-Whit.svg\",\"width\":1640,\"height\":371,\"caption\":\"MEINRADLADEN\"},\"image\":{\"@id\":\"https:\/\/kgerad.de\/#\/schema\/logo\/image\/\"}}]}<\/script>\n<!-- \/ Yoast SEO Premium plugin. -->","yoast_head_json":{"title":"Garmin Edge 1030 Plus Bundle - Fahrrad GPS Navigationssystem","description":"Entdecken Sie unseren Online-Fahrradladen: Gro\u00dfe Auswahl an Modellen f\u00fcr alle Radsportbegeisterten. Von Rennr\u00e4dern bis zu Mountainbikes - finden Sie heute Ihren perfekten Wegbegleiter!","robots":{"index":"index","follow":"follow","max-snippet":"max-snippet:-1","max-image-preview":"max-image-preview:large","max-video-preview":"max-video-preview:-1"},"canonical":"https:\/\/kgerad.de\/en\/product\/garmin-edge-1030-plus-bundle-fahrrad-gps-navigationssystem\/","og_locale":"en_US","og_type":"article","og_title":"Garmin Edge 1030 Plus Bundle - Fahrrad GPS Navigationssystem","og_description":"Entdecken Sie unseren Online-Fahrradladen: Gro\u00dfe Auswahl an Modellen f\u00fcr alle Radsportbegeisterten. Von Rennr\u00e4dern bis zu Mountainbikes - finden Sie heute Ihren perfekten Wegbegleiter!","og_url":"https:\/\/kgerad.de\/en\/product\/garmin-edge-1030-plus-bundle-fahrrad-gps-navigationssystem\/","og_site_name":"kgerad.de","article_modified_time":"2023-08-10T19:22:57+00:00","og_image":[{"width":800,"height":450,"url":"https:\/\/kgerad.de\/wp-content\/uploads\/2023\/06\/Edge1030Plus_HR_1008_800x800-00.jpg","type":"image\/jpeg"}],"twitter_card":"summary_large_image","twitter_misc":{"Est. reading time":"5 minutes"},"schema":{"@context":"https:\/\/schema.org","@graph":[{"@type":"WebPage","@id":"https:\/\/kgerad.de\/produkt\/garmin-edge-1030-plus-bundle-fahrrad-gps-navigationssystem\/","url":"https:\/\/kgerad.de\/produkt\/garmin-edge-1030-plus-bundle-fahrrad-gps-navigationssystem\/","name":"Garmin Edge 1030 Plus Bundle - Fahrrad GPS Navigationssystem","isPartOf":{"@id":"https:\/\/kgerad.de\/#website"},"primaryImageOfPage":{"@id":"https:\/\/kgerad.de\/produkt\/garmin-edge-1030-plus-bundle-fahrrad-gps-navigationssystem\/#primaryimage"},"image":{"@id":"https:\/\/kgerad.de\/produkt\/garmin-edge-1030-plus-bundle-fahrrad-gps-navigationssystem\/#primaryimage"},"thumbnailUrl":"https:\/\/kgerad.de\/wp-content\/uploads\/2023\/06\/Edge1030Plus_HR_1008_800x800-00.jpg","datePublished":"2022-11-30T07:55:27+00:00","dateModified":"2023-08-10T19:22:57+00:00","description":"Entdecken Sie unseren Online-Fahrradladen: Gro\u00dfe Auswahl an Modellen f\u00fcr alle Radsportbegeisterten. Von Rennr\u00e4dern bis zu Mountainbikes - finden Sie heute Ihren perfekten Wegbegleiter!","breadcrumb":{"@id":"https:\/\/kgerad.de\/produkt\/garmin-edge-1030-plus-bundle-fahrrad-gps-navigationssystem\/#breadcrumb"},"inLanguage":"en-US","potentialAction":[{"@type":"ReadAction","target":["https:\/\/kgerad.de\/produkt\/garmin-edge-1030-plus-bundle-fahrrad-gps-navigationssystem\/"]}]},{"@type":"ImageObject","inLanguage":"en-US","@id":"https:\/\/kgerad.de\/produkt\/garmin-edge-1030-plus-bundle-fahrrad-gps-navigationssystem\/#primaryimage","url":"https:\/\/kgerad.de\/wp-content\/uploads\/2023\/06\/Edge1030Plus_HR_1008_800x800-00.jpg","contentUrl":"https:\/\/kgerad.de\/wp-content\/uploads\/2023\/06\/Edge1030Plus_HR_1008_800x800-00.jpg","width":800,"height":450,"caption":"Garmin Edge 1030 Plus Bundle - Fahrrad GPS Navigationssystem"},{"@type":"BreadcrumbList","@id":"https:\/\/kgerad.de\/produkt\/garmin-edge-1030-plus-bundle-fahrrad-gps-navigationssystem\/#breadcrumb","itemListElement":[{"@type":"ListItem","position":1,"name":"Startseite","item":"https:\/\/kgerad.de\/"},{"@type":"ListItem","position":2,"name":"LADEN","item":"https:\/\/kgerad.de\/laden\/"},{"@type":"ListItem","position":3,"name":"Garmin Edge 1030 Plus Bundle &#8211; Fahrrad GPS Navigationssystem"}]},{"@type":"WebSite","@id":"https:\/\/kgerad.de\/#website","url":"https:\/\/kgerad.de\/","name":"kgerad.de","description":"Treten Sie mit uns ins Abenteuer!","publisher":{"@id":"https:\/\/kgerad.de\/#organization"},"alternateName":"MEIN RADLADEN","potentialAction":[{"@type":"SearchAction","target":{"@type":"EntryPoint","urlTemplate":"https:\/\/kgerad.de\/?s={search_term_string}"},"query-input":{"@type":"PropertyValueSpecification","valueRequired":true,"valueName":"search_term_string"}}],"inLanguage":"en-US"},{"@type":"Organization","@id":"https:\/\/kgerad.de\/#organization","name":"MEINRADLADEN","alternateName":"MEIN RADLADEN","url":"https:\/\/kgerad.de\/","logo":{"@type":"ImageObject","inLanguage":"en-US","@id":"https:\/\/kgerad.de\/#\/schema\/logo\/image\/","url":"https:\/\/kgerad.de\/wp-content\/uploads\/2025\/07\/logo-Whit.svg","contentUrl":"https:\/\/kgerad.de\/wp-content\/uploads\/2025\/07\/logo-Whit.svg","width":1640,"height":371,"caption":"MEINRADLADEN"},"image":{"@id":"https:\/\/kgerad.de\/#\/schema\/logo\/image\/"}}]}},"_links":{"self":[{"href":"https:\/\/kgerad.de\/en\/wp-json\/wp\/v2\/product\/45781","targetHints":{"allow":["GET"]}}],"collection":[{"href":"https:\/\/kgerad.de\/en\/wp-json\/wp\/v2\/product"}],"about":[{"href":"https:\/\/kgerad.de\/en\/wp-json\/wp\/v2\/types\/product"}],"replies":[{"embeddable":true,"href":"https:\/\/kgerad.de\/en\/wp-json\/wp\/v2\/comments?post=45781"}],"version-history":[{"count":1,"href":"https:\/\/kgerad.de\/en\/wp-json\/wp\/v2\/product\/45781\/revisions"}],"predecessor-version":[{"id":78967,"href":"https:\/\/kgerad.de\/en\/wp-json\/wp\/v2\/product\/45781\/revisions\/78967"}],"wp:featuredmedia":[{"embeddable":true,"href":"https:\/\/kgerad.de\/en\/wp-json\/wp\/v2\/media\/63849"}],"wp:attachment":[{"href":"https:\/\/kgerad.de\/en\/wp-json\/wp\/v2\/media?parent=45781"}],"wp:term":[{"taxonomy":"product_brand","embeddable":true,"href":"https:\/\/kgerad.de\/en\/wp-json\/wp\/v2\/product_brand?post=45781"},{"taxonomy":"product_cat","embeddable":true,"href":"https:\/\/kgerad.de\/en\/wp-json\/wp\/v2\/product_cat?post=45781"},{"taxonomy":"product_tag","embeddable":true,"href":"https:\/\/kgerad.de\/en\/wp-json\/wp\/v2\/product_tag?post=45781"}],"curies":[{"name":"wp","href":"https:\/\/api.w.org\/{rel}","templated":true}]}}