{"id":45740,"date":"2022-11-29T21:42:12","date_gmt":"2022-11-29T20:42:12","guid":{"rendered":"https:\/\/kgerad.de\/?post_type=product&#038;p=45740"},"modified":"2025-03-08T17:39:51","modified_gmt":"2025-03-08T16:39:51","slug":"garmin-venu-2s-gps-multisport-smartwatch","status":"publish","type":"product","link":"https:\/\/kgerad.de\/en\/product\/garmin-venu-2s-gps-multisport-smartwatch\/","title":{"rendered":"Garmin Venu\u00ae 2S &#8211; GPS Multisport Smartwatch"},"content":{"rendered":"<div class=\"product--headername\">\n<h2 class=\"product--title\"><strong>Garmin<\/strong> Venu\u00ae 2S &#8211; GPS Multisport Smartwatch<\/h2>\n<\/div>\n<p>Finde Garmin Venu\u00ae 2S die richtige Zeit und den richtigen Ort f\u00fcr jeden Teil deines sportlichen Lebens. Diese GPS-Smartwatch ist mit einem hellen, sch\u00f6nen AMOLED-Display ausgestattet und hat eine Akku-Laufzeit von 5 Tagen, damit du mehr Zeit mit deinen Aktivit\u00e4ten verbringen kannst. Behalte deine Gesundheit im Blick mit einer gro\u00dfen Vielfalt an Funktionen f\u00fcr die ganzt\u00e4gige Gesundheits\u00fcberwachung.<\/p>\n<hr \/>\n<h3>Die Highlights der Venu\u00ae 2S<\/h3>\n<ul>\n<li>Umfangreiche Funktionen zur Gesundheitsanalyse helfen dir deinen K\u00f6rper besser kennenzulernen<\/li>\n<li>W\u00e4hle aus \u00fcber 25 vorinstallierten Sport-Apps und finde deinen Sport oder entdecke neue Sportarten<\/li>\n<li>Lass dich durch animierte Workouts und Trainingspl\u00e4ne inspirieren und stell dich deiner Herausforderung<\/li>\n<li>Lass dich von deiner Lieblingsmusik begleiten &#8211; ganz ohne dein Smartphone. Direkt auf deiner Uhr<\/li>\n<li>Dein Portemonnaie am Handgelenk. Bezahle bequem und kontaktlos im Handumdrehen<\/li>\n<li>Brillantes AMOLED-Display und eine Akku-Laufzeit von bis zu 10 Tagen? Ja! Weitere Gr\u00fcnde, diese Uhr zu lieben Garmin Venu\u00ae 2S .<\/li>\n<\/ul>\n<hr \/>\n<h3>Features<\/h3>\n<p><strong>BRILLANTES DESIGN IN ZAHLREICHEN FARBEN<\/strong><br \/>\nEin brillantes AMOLED-Display erweckt diese Uhr zum Leben \u2013 perfekt ablesbar sogar bei hellem Sonnenlicht. Im Always-on Modus ist die Anzeige immer zu sehen.<\/p>\n<p><strong>WASSERDICHTIGKEIT<\/strong><br \/>\nDiese Uhr ist wasserdicht bis 5 ATM und damit perfekt zum Schwimmen, Duschen oder f\u00fcr einen Tag im Spa.<\/p>\n<hr \/>\n<h3>Farbe (Variante w\u00e4hlen)<\/h3>\n<ul>\n<li>schiefergrau<\/li>\n<li>beige \/ hellgold<\/li>\n<li>hellgrau \/ silber<\/li>\n<li>weiss \/ rosegold<\/li>\n<\/ul>\n<h3>Gewicht<\/h3>\n<ul>\n<li>38,2 g (Herstellerangabe)<\/li>\n<\/ul>\n<hr \/>\n<h3>Lieferumfang<\/h3>\n<ul>\n<li>Venu\u00ae 2S<\/li>\n<li>USB Lade-\/Sync-Kabel<\/li>\n<li>Dokumentation<\/li>\n<\/ul>\n<hr \/>\n<h3>Venu 2 Serie \u2013 Dear Body<\/h3>\n<p><iframe title=\"YouTube video player\" src=\"https:\/\/www.youtube-nocookie.com\/embed\/Bg3DMf-Cbdk\" width=\"640\" height=\"360\" frameborder=\"0\" allowfullscreen=\"allowfullscreen\" data-mce-fragment=\"1\"><\/iframe><\/p>\n<hr \/>\n<h3>Produkteigenschaften<\/h3>\n<table>\n<tbody>\n<tr>\n<td colspan=\"2\">\n<h3>Allgemein<\/h3>\n<\/td>\n<\/tr>\n<tr>\n<td>Material des Uhrglases<\/td>\n<td>Corning\u00ae Gorilla\u00ae Glass\u00a03<\/td>\n<\/tr>\n<tr>\n<td>Material der L\u00fcnette<\/td>\n<td>Edelstahl<\/td>\n<\/tr>\n<tr>\n<td>Geh\u00e4usematerial<\/td>\n<td>Faserverst\u00e4rktes Polymer<\/td>\n<\/tr>\n<tr>\n<td>Schnellwechsel-Armb\u00e4nder<\/td>\n<td>Ja (18mm)<\/td>\n<\/tr>\n<tr>\n<td>Armbandmaterial<\/td>\n<td>Silikon<\/td>\n<\/tr>\n<tr>\n<td>Physische Gr\u00f6\u00dfe<\/td>\n<td>40,40\u00a0x 40,40\u00a0x 12,10\u00a0mm<br \/>\nf\u00fcr einen Handgelenkumfang von 110 bis 175\u00a0mm<\/td>\n<\/tr>\n<tr>\n<td>Touchscreen<\/td>\n<td>\u2714<\/td>\n<\/tr>\n<tr>\n<td>Farbdisplay<\/td>\n<td>\u2714<\/td>\n<\/tr>\n<tr>\n<td>Anzeigegr\u00f6\u00dfe, B x H<\/td>\n<td>27,90\u00a0mm (1,10\u00a0Zoll) Durchmesser<\/td>\n<\/tr>\n<tr>\n<td>Anzeigeaufl\u00f6sung, B x H<\/td>\n<td>360\u00a0x 360\u00a0Pixel<\/td>\n<\/tr>\n<tr>\n<td>Anzeigetyp<\/td>\n<td>AMOLED; optional Always-on Display<\/td>\n<\/tr>\n<tr>\n<td>Gewicht<\/td>\n<td>38,20\u00a0g<\/td>\n<\/tr>\n<tr>\n<td>Batterielaufzeit<\/td>\n<td>Smartwatch-Modus: Bis zu 10\u00a0Tage<br \/>\nGPS-Modus mit Musik: Bis zu 7\u00a0Stunden<br \/>\nGPS-Modus ohne Musik: Bis zu 19\u00a0Stunden<br \/>\nEnergiespar-Smartwatch-Modus: Bis zu 11\u00a0Tage<\/td>\n<\/tr>\n<tr>\n<td>Wasserdichtigkeit<\/td>\n<td>Schwimmen, 5 ATM<\/td>\n<\/tr>\n<tr>\n<td>Speicher\/Protokoll<\/td>\n<td>200\u00a0Stunden an Aktivit\u00e4tsdaten<\/td>\n<\/tr>\n<\/tbody>\n<\/table>\n<table>\n<tbody>\n<tr>\n<td colspan=\"2\">\n<h3>Uhrfunktionen<\/h3>\n<\/td>\n<\/tr>\n<tr>\n<td>Uhrzeit\/Datum<\/td>\n<td>Ja<\/td>\n<\/tr>\n<tr>\n<td>GPS-Uhrzeitsynchronisierung<\/td>\n<td>\u2714<\/td>\n<\/tr>\n<tr>\n<td>Automatische Sommerzeit<\/td>\n<td>\u2714<\/td>\n<\/tr>\n<tr>\n<td>Wecker<\/td>\n<td>\u2714<\/td>\n<\/tr>\n<tr>\n<td>Timer<\/td>\n<td>\u2714<\/td>\n<\/tr>\n<tr>\n<td>Stoppuhr<\/td>\n<td>\u2714<\/td>\n<\/tr>\n<tr>\n<td>Zeiten f\u00fcr Sonnenaufgang und Sonnenuntergang<\/td>\n<td>\u2714<\/td>\n<\/tr>\n<\/tbody>\n<\/table>\n<table>\n<tbody>\n<tr>\n<td colspan=\"2\">\n<h3>Gesundheits\u00fcberwachung<\/h3>\n<\/td>\n<\/tr>\n<tr>\n<td>Herzfrequenzmessung am Handgelenk (fortw\u00e4hrend; jede Sekunde)<\/td>\n<td>\u2714<\/td>\n<\/tr>\n<tr>\n<td>T\u00e4gliche Herzfrequenz in Ruhe<\/td>\n<td>\u2714<\/td>\n<\/tr>\n<tr>\n<td>Alarme f\u00fcr abnormale Herzfrequenz<\/td>\n<td>Ja (hoch und niedrig)<\/td>\n<\/tr>\n<tr>\n<td>Atemfrequenz (24&#215;7)<\/td>\n<td>\u2714<\/td>\n<\/tr>\n<tr>\n<td>Pulsoximeterdaten f\u00fcr die Sauerstoffs\u00e4ttigung des Bluts<\/td>\n<td>Ja (Stichproben und optionale ganzt\u00e4gige Akklimatisation und Schlaf)<\/td>\n<\/tr>\n<tr>\n<td>Sport-Alter<\/td>\n<td>\u2714<\/td>\n<\/tr>\n<tr>\n<td>Body Battery\u2122-Energiemonitor<\/td>\n<td>\u2714<\/td>\n<\/tr>\n<tr>\n<td>Ganzt\u00e4giges Stress-Tracking<\/td>\n<td>\u2714<\/td>\n<\/tr>\n<tr>\n<td>Entspannungserinnerungen<\/td>\n<td>\u2714<\/td>\n<\/tr>\n<tr>\n<td>Entspannungstimer<\/td>\n<td>\u2714<\/td>\n<\/tr>\n<tr>\n<td>Schlaf\u00fcberwachung<\/td>\n<td>Ja (fortgeschritten)<\/td>\n<\/tr>\n<tr>\n<td>Schlaf\u00fcberwachung (Schlafwert und Insights)<\/td>\n<td>\u2714<\/td>\n<\/tr>\n<tr>\n<td>Fl\u00fcssigkeitsaufnahme<\/td>\n<td>\u2714<\/td>\n<\/tr>\n<tr>\n<td>Frauengesundheitstracking<\/td>\n<td>\u2714<\/td>\n<\/tr>\n<tr>\n<td>Health snapshot<\/td>\n<td>\u2714<\/td>\n<\/tr>\n<\/tbody>\n<\/table>\n<table>\n<tbody>\n<tr>\n<td colspan=\"2\">\n<h3>Sensoren<\/h3>\n<\/td>\n<\/tr>\n<tr>\n<td>GPS<\/td>\n<td>\u2714<\/td>\n<\/tr>\n<tr>\n<td>GLONASS<\/td>\n<td>\u2714<\/td>\n<\/tr>\n<tr>\n<td>Galileo<\/td>\n<td>\u2714<\/td>\n<\/tr>\n<tr>\n<td>Garmin Elevate<sup>\u2122<\/sup>-Technologie f\u00fcr die Herzfrequenzmessung am Handgelenk<\/td>\n<td>\u2714<\/td>\n<\/tr>\n<tr>\n<td>Barometrischer H\u00f6henmesser<\/td>\n<td>\u2714<\/td>\n<\/tr>\n<tr>\n<td>Kompass<\/td>\n<td>\u2714<\/td>\n<\/tr>\n<tr>\n<td>Gyroskop<\/td>\n<td>\u2714<\/td>\n<\/tr>\n<tr>\n<td>Beschleunigungsmesser<\/td>\n<td>\u2714<\/td>\n<\/tr>\n<tr>\n<td>Thermometer<\/td>\n<td>\u2714<\/td>\n<\/tr>\n<tr>\n<td>Sensor f\u00fcr das Umgebungslicht<\/td>\n<td>\u2714<\/td>\n<\/tr>\n<tr>\n<td>Pulsoximeter-Akklimatisierung<\/td>\n<td>\u2714<\/td>\n<\/tr>\n<\/tbody>\n<\/table>\n<table>\n<tbody>\n<tr>\n<td colspan=\"2\">\n<h3>T\u00e4gliche Smart-Funktionen<\/h3>\n<\/td>\n<\/tr>\n<tr>\n<td>Konnektivit\u00e4t<\/td>\n<td>Bluetooth\u00ae, ANT+\u00ae, WLAN<\/td>\n<\/tr>\n<tr>\n<td>Connect\u00a0IQ<sup>\u2122<\/sup>\u00a0(herunterladbare Displaydesigns, Datenfelder, Widgets und Apps)<\/td>\n<td>\u2714<\/td>\n<\/tr>\n<tr>\n<td>Smart Notifications<\/td>\n<td>\u2714<\/td>\n<\/tr>\n<tr>\n<td>SMS-Antwort\/Anruf per SMS ablehnen (nur Android\u2122)<\/td>\n<td>\u2714<\/td>\n<\/tr>\n<tr>\n<td>Kalender<\/td>\n<td>\u2714<\/td>\n<\/tr>\n<tr>\n<td>Wetter<\/td>\n<td>\u2714<\/td>\n<\/tr>\n<tr>\n<td>Musikfunktionen<\/td>\n<td>\u2714<\/td>\n<\/tr>\n<tr>\n<td>Musikwiedergabe<\/td>\n<td>\u2714<\/td>\n<\/tr>\n<tr>\n<td>Musikspeicher<\/td>\n<td>Bis zu 2.000\u00a0Titel<\/td>\n<\/tr>\n<tr>\n<td>Telefon suchen<\/td>\n<td>\u2714<\/td>\n<\/tr>\n<tr>\n<td>Telefonsuchfunktion<\/td>\n<td>\u2714<\/td>\n<\/tr>\n<tr>\n<td>Smartphone-Kompatibilit\u00e4t<\/td>\n<td>iPhone\u00ae, Android\u2122<\/td>\n<\/tr>\n<tr>\n<td>Kompatibel mit Garmin Connect<sup>\u2122<\/sup>\u00a0Mobile<\/td>\n<td>\u2714<\/td>\n<\/tr>\n<tr>\n<td>Garmin Pay\u2122<\/td>\n<td>\u2714<\/td>\n<\/tr>\n<\/tbody>\n<\/table>\n<table>\n<tbody>\n<tr>\n<td colspan=\"2\">\n<h3>Sicherheits- und Trackingfunktionen<\/h3>\n<\/td>\n<\/tr>\n<tr>\n<td>LiveTrack<\/td>\n<td>\u2714<\/td>\n<\/tr>\n<tr>\n<td>Unfall-Benachrichtigung w\u00e4hrend bestimmter Aktivit\u00e4ten<\/td>\n<td>\u2714<\/td>\n<\/tr>\n<tr>\n<td>Notfallhilfe<\/td>\n<td>\u2714<\/td>\n<\/tr>\n<\/tbody>\n<\/table>\n<table>\n<tbody>\n<tr>\n<td colspan=\"2\">\n<h3>Aktivit\u00e4tsfunktionen<\/h3>\n<\/td>\n<\/tr>\n<tr>\n<td>Schrittz\u00e4hler<\/td>\n<td>\u2714<\/td>\n<\/tr>\n<tr>\n<td>Inaktivit\u00e4tsleiste (wird auf dem Ger\u00e4t nach einer Zeit der Inaktivit\u00e4t angezeigt; ein paar Minuten herumgehen, um die Anzeige zur\u00fcckzusetzen)<\/td>\n<td>\u2714<\/td>\n<\/tr>\n<tr>\n<td>Automatisches Ziel (lernt, wie aktiv der Benutzer ist und weist ein Tagesziel Schritte zu)<\/td>\n<td>\u2714<\/td>\n<\/tr>\n<tr>\n<td>Kalorienverbrauch<\/td>\n<td>\u2714<\/td>\n<\/tr>\n<tr>\n<td>Stockwerke hochgestiegen<\/td>\n<td>\u2714<\/td>\n<\/tr>\n<tr>\n<td>Zur\u00fcckgelegte Strecke<\/td>\n<td>\u2714<\/td>\n<\/tr>\n<tr>\n<td>Intensit\u00e4tsminuten<\/td>\n<td>\u2714<\/td>\n<\/tr>\n<tr>\n<td>TrueUp\u2122<\/td>\n<td>\u2714<\/td>\n<\/tr>\n<tr>\n<td>Move IQ\u2122<\/td>\n<td>\u2714<\/td>\n<\/tr>\n<tr>\n<td>Application Garmin Connect \u2122 Challenges<\/td>\n<td>\u2714<\/td>\n<\/tr>\n<\/tbody>\n<\/table>\n<table>\n<tbody>\n<tr>\n<td colspan=\"2\">\n<h3>Fitnessger\u00e4te\/-studio<\/h3>\n<\/td>\n<\/tr>\n<tr>\n<td>Verf\u00fcgbare Fitnessstudio-Aktivit\u00e4tsprofile<\/td>\n<td>Kraft-, Cardio- und HIIT-Training, Crosstraining, Stepper, Treppensteigen, Rudermaschine, Yoga, Pilates und Atem\u00fcbungen<\/td>\n<\/tr>\n<tr>\n<td>Cardiotrainings<\/td>\n<td>\u2714<\/td>\n<\/tr>\n<tr>\n<td>Krafttrainings<\/td>\n<td>\u2714<\/td>\n<\/tr>\n<tr>\n<td>HIIT workouts<\/td>\n<td>\u2714<\/td>\n<\/tr>\n<tr>\n<td>Yoga-Workouts<\/td>\n<td>\u2714<\/td>\n<\/tr>\n<tr>\n<td>Pilates-Trainingseinheiten<\/td>\n<td>\u2714<\/td>\n<\/tr>\n<tr>\n<td>Bildschirm-Trainingsanimationen<\/td>\n<td>\u2714<\/td>\n<\/tr>\n<tr>\n<td>On-Screen-Workout-Muskelkarten<\/td>\n<td>\u2714<\/td>\n<\/tr>\n<tr>\n<td>Automatischer Wiederholungsz\u00e4hler<\/td>\n<td>\u2714<\/td>\n<\/tr>\n<\/tbody>\n<\/table>\n<table>\n<tbody>\n<tr>\n<td colspan=\"2\">\n<h3>Trainings-, Planungs- und Analysefunktionen<\/h3>\n<\/td>\n<\/tr>\n<tr>\n<td>Herzfrequenz-Bereiche<\/td>\n<td>\u2714<\/td>\n<\/tr>\n<tr>\n<td>Herzfrequenzalarme<\/td>\n<td>\u2714<\/td>\n<\/tr>\n<tr>\n<td>Herzfrequenz-Kalorien<\/td>\n<td>\u2714<\/td>\n<\/tr>\n<tr>\n<td>%\u00a0HF max.<\/td>\n<td>\u2714<\/td>\n<\/tr>\n<tr>\n<td>Herzfrequenz\u00fcbertragung (sendet \u00fcber ANT+<sup>\u2122<\/sup>\u00a0Herzfrequenzdaten an gekoppelte Ger\u00e4te)<\/td>\n<td>\u2714<\/td>\n<\/tr>\n<tr>\n<td>Atemfrequenz (w\u00e4hrend des Trainings)<\/td>\n<td>Nur Yoga und Atemarbeit<\/td>\n<\/tr>\n<tr>\n<td>GPS-Geschwindigkeit und -Distanz<\/td>\n<td>\u2714<\/td>\n<\/tr>\n<tr>\n<td>Anpassbare Datenseiten<\/td>\n<td>\u2714<\/td>\n<\/tr>\n<tr>\n<td>Anpassbare Aktivit\u00e4tsprofile<\/td>\n<td>\u2714<\/td>\n<\/tr>\n<tr>\n<td>Auto Pause\u00ae<\/td>\n<td>\u2714<\/td>\n<\/tr>\n<tr>\n<td>Erweiterte Trainings<\/td>\n<td>\u2714<\/td>\n<\/tr>\n<tr>\n<td>Herunterladbare Trainingspl\u00e4ne<\/td>\n<td>\u2714<\/td>\n<\/tr>\n<tr>\n<td>Auto Lap\u00ae<\/td>\n<td>\u2714<\/td>\n<\/tr>\n<tr>\n<td>Manuelle Runde<\/td>\n<td>\u2714<\/td>\n<\/tr>\n<tr>\n<td>VO2 Max (Ausf\u00fchren)<\/td>\n<td>\u2714<\/td>\n<\/tr>\n<tr>\n<td>Touchscreen- und\/oder Tastensperre<\/td>\n<td>\u2714<\/td>\n<\/tr>\n<tr>\n<td>Auto-Seitenwechsel<\/td>\n<td>\u2714<\/td>\n<\/tr>\n<tr>\n<td>Aktivit\u00e4tenprotokoll auf der Uhr<\/td>\n<td>\u2714<\/td>\n<\/tr>\n<tr>\n<td>Physio TrueUp<\/td>\n<td>\u2714<\/td>\n<\/tr>\n<\/tbody>\n<\/table>\n<table>\n<tbody>\n<tr>\n<td colspan=\"2\">\n<h3>Lauffunktionen<\/h3>\n<\/td>\n<\/tr>\n<tr>\n<td>Verf\u00fcgbare Laufprofile<\/td>\n<td>Laufen, Laufen auf der Hallenbahn, Laufbandtraining<\/td>\n<\/tr>\n<tr>\n<td>GPS-basierte Daten zu Distanz, Zeit und Pace<\/td>\n<td>\u2714<\/td>\n<\/tr>\n<tr>\n<td>Schrittfrequenz (Echtzeitanzahl der Schritte pro Minute)<\/td>\n<td>\u2714<\/td>\n<\/tr>\n<tr>\n<td>Lauftrainings<\/td>\n<td>\u2714<\/td>\n<\/tr>\n<tr>\n<td>Kompatibel mit Laufsensor<\/td>\n<td>\u2714<\/td>\n<\/tr>\n<\/tbody>\n<\/table>\n<table>\n<tbody>\n<tr>\n<td colspan=\"2\">\n<h3>Golffunktionen<\/h3>\n<\/td>\n<\/tr>\n<tr>\n<td>Entfernung zum vorderen, mittleren und hinteren Bereich des Gr\u00fcns<\/td>\n<td>\u2714<\/td>\n<\/tr>\n<tr>\n<td>Entfernung zu Layups\/Doglegs<\/td>\n<td>\u2714<\/td>\n<\/tr>\n<tr>\n<td>Schlagweitenmessung (berechnet die genaue Distanz f\u00fcr auf dem Platz gespielte Schl\u00e4ge)<\/td>\n<td>Automatisch<\/td>\n<\/tr>\n<tr>\n<td>Digitale Scorecard<\/td>\n<td>\u2714<\/td>\n<\/tr>\n<tr>\n<td>Statistikspeicherung (Schl\u00e4ge, Putts pro Runde, Gr\u00fcns und Fairway-Treffer )<\/td>\n<td>\u2714<\/td>\n<\/tr>\n<tr>\n<td>Garmin AutoShot\u2122<\/td>\n<td>\u2714<\/td>\n<\/tr>\n<tr>\n<td>Ansicht Gr\u00fcn mit M\u00f6glichkeit zur manuellen Positionierung der Fahne<\/td>\n<td>\u2714<\/td>\n<\/tr>\n<tr>\n<td>Hindernisse und Golfplatzziele<\/td>\n<td>\u2714<\/td>\n<\/tr>\n<tr>\n<td>PinPointer<\/td>\n<td>\u2714<\/td>\n<\/tr>\n<tr>\n<td>Rundentimer\/Gesamtwerte<\/td>\n<td>\u2714<\/td>\n<\/tr>\n<tr>\n<td>Kompatibel mit automatischer Speicherung von Schl\u00e4gern (Zubeh\u00f6r erforderlich)<\/td>\n<td>\u2714<\/td>\n<\/tr>\n<\/tbody>\n<\/table>\n<table>\n<tbody>\n<tr>\n<td colspan=\"2\">\n<h3>Outdoor-Freizeitfunktionen<\/h3>\n<\/td>\n<\/tr>\n<tr>\n<td>Verf\u00fcgbare Outdoor-Freizeitprofile<\/td>\n<td>Wandern, Indoor-Klettern, Bouldern, Skifahren, Snowboarden, Langlauf, Stand Up Paddling, Rudern<\/td>\n<\/tr>\n<tr>\n<td>Zur\u00fcck zum Start<\/td>\n<td>\u2714<\/td>\n<\/tr>\n<tr>\n<td>Anstieg\/Abstieg gesamt<\/td>\n<td>\u2714<\/td>\n<\/tr>\n<tr>\n<td>Fl\u00e4chenberechnung<\/td>\n<td>Ja (\u00fcber Connect\u00a0IQ\u2122)<\/td>\n<\/tr>\n<tr>\n<td>Jagd- und Angelkalender<\/td>\n<td>Ja (\u00fcber Connect\u00a0IQ\u2122)<\/td>\n<\/tr>\n<tr>\n<td>Sonnen- und Mondkalender<\/td>\n<td>Ja (\u00fcber Connect\u00a0IQ\u2122)<\/td>\n<\/tr>\n<\/tbody>\n<\/table>\n<table>\n<tbody>\n<tr>\n<td colspan=\"2\">\n<h3>Radfahrfunktionen<\/h3>\n<\/td>\n<\/tr>\n<tr>\n<td>Zeit- oder Distanz-Alarm (Wenn du einen voreingestellten Wert erreichst, ert\u00f6nt ein Alarm)<\/td>\n<td>\u2714<\/td>\n<\/tr>\n<tr>\n<td>Verf\u00fcgbare Fahrradprofile<\/td>\n<td>Radfahren, Indoor-Radfahren<\/td>\n<\/tr>\n<tr>\n<td>Kompatibel mit Varia\u2122-Radar (r\u00fcckw\u00e4rtiges Radar)<\/td>\n<td>\u2714<\/td>\n<\/tr>\n<tr>\n<td>Kompatibel mit Varia\u2122-Fahrradlichtern<\/td>\n<td>\u2714<\/td>\n<\/tr>\n<tr>\n<td>Speed and cadence sensor support (w\/sensor)<\/td>\n<td>\u2714<\/td>\n<\/tr>\n<\/tbody>\n<\/table>\n<table>\n<tbody>\n<tr>\n<td colspan=\"2\">\n<h3>Schwimmfunktionen<\/h3>\n<\/td>\n<\/tr>\n<tr>\n<td>Verf\u00fcgbare Schwimmprofile<\/td>\n<td>Schwimmbadschwimmen<\/td>\n<\/tr>\n<tr>\n<td>Schwimmbadfunktionen (Bahnen, Distanz, Pace, Anzahl der Z\u00fcge\/Zugzahl, Kalorienverbrauch)<\/td>\n<td>\u2714<\/td>\n<\/tr>\n<tr>\n<td>Schwimmstilerkennung (Kraulschwimmen, R\u00fcckenschwimmen, Brustschwimmen, Schmetterlingsschwimmen)<\/td>\n<td>\u2714<\/td>\n<\/tr>\n<tr>\n<td>Einfacher Erholungs-Timer (z\u00e4hlt von\u00a00 aufw\u00e4rts)<\/td>\n<td>\u2714<\/td>\n<\/tr>\n<tr>\n<td>Zeit- und Distanzalarme<\/td>\n<td>\u2714<\/td>\n<\/tr>\n<tr>\n<td>Herzfrequenzmessung am Handgelenk unter Wasser<\/td>\n<td>\u2714<\/td>\n<\/tr>\n<\/tbody>\n<\/table>\n<h2 class=\"image-slider--container\"><\/h2>","protected":false},"excerpt":{"rendered":"<p>Garmin Venu\u00ae 2S &#8211; GPS Multisport Smartwatch Finde Garmin Venu\u00ae 2S die richtige Zeit und den richtigen Ort f\u00fcr jeden<\/p>","protected":false},"featured_media":63829,"comment_status":"open","ping_status":"closed","template":"","meta":[],"product_brand":[],"product_cat":[537,318],"product_tag":[],"class_list":{"0":"post-45740","1":"product","2":"type-product","3":"status-publish","4":"has-post-thumbnail","6":"product_cat-elektronik","7":"product_cat-outdoor","8":"pa_marke-garmin","10":"first","11":"instock","12":"sale","13":"taxable","14":"shipping-taxable","15":"purchasable","16":"product-type-variable"},"yoast_head":"<!-- This site is optimized with the Yoast SEO Premium plugin v20.12 (Yoast SEO v27.1.1) - https:\/\/yoast.com\/product\/yoast-seo-premium-wordpress\/ -->\n<title>Garmin Venu\u00ae 2S - GPS Multisport Smartwatch<\/title>\n<meta name=\"description\" content=\"Entdecken Sie unseren Online-Fahrradladen: Gro\u00dfe Auswahl an Modellen f\u00fcr alle Radsportbegeisterten. Von Rennr\u00e4dern bis zu Mountainbikes - finden Sie heute Ihren perfekten Wegbegleiter!\" \/>\n<meta name=\"robots\" content=\"index, follow, max-snippet:-1, max-image-preview:large, max-video-preview:-1\" \/>\n<link rel=\"canonical\" href=\"https:\/\/kgerad.de\/en\/product\/garmin-venu-2s-gps-multisport-smartwatch\/\" \/>\n<meta property=\"og:locale\" content=\"en_US\" \/>\n<meta property=\"og:type\" content=\"article\" \/>\n<meta property=\"og:title\" content=\"Garmin Venu\u00ae 2S - GPS Multisport Smartwatch\" \/>\n<meta property=\"og:description\" content=\"Entdecken Sie unseren Online-Fahrradladen: Gro\u00dfe Auswahl an Modellen f\u00fcr alle Radsportbegeisterten. Von Rennr\u00e4dern bis zu Mountainbikes - finden Sie heute Ihren perfekten Wegbegleiter!\" \/>\n<meta property=\"og:url\" content=\"https:\/\/kgerad.de\/en\/product\/garmin-venu-2s-gps-multisport-smartwatch\/\" \/>\n<meta property=\"og:site_name\" content=\"kgerad.de\" \/>\n<meta property=\"article:modified_time\" content=\"2025-03-08T16:39:51+00:00\" \/>\n<meta property=\"og:image\" content=\"https:\/\/kgerad.de\/wp-content\/uploads\/2023\/06\/Garmin-Venu-2S-GPS-Multisport-Smartwatch-010-02429-10_800x800-0.jpg\" \/>\n\t<meta property=\"og:image:width\" content=\"800\" \/>\n\t<meta property=\"og:image:height\" content=\"699\" \/>\n\t<meta property=\"og:image:type\" content=\"image\/jpeg\" \/>\n<meta name=\"twitter:card\" content=\"summary_large_image\" \/>\n<meta name=\"twitter:label1\" content=\"Est. reading time\" \/>\n\t<meta name=\"twitter:data1\" content=\"5 minutes\" \/>\n<script type=\"application\/ld+json\" class=\"yoast-schema-graph\">{\"@context\":\"https:\/\/schema.org\",\"@graph\":[{\"@type\":\"WebPage\",\"@id\":\"https:\/\/kgerad.de\/produkt\/garmin-venu-2s-gps-multisport-smartwatch\/\",\"url\":\"https:\/\/kgerad.de\/produkt\/garmin-venu-2s-gps-multisport-smartwatch\/\",\"name\":\"Garmin Venu\u00ae 2S - GPS Multisport Smartwatch\",\"isPartOf\":{\"@id\":\"https:\/\/kgerad.de\/#website\"},\"primaryImageOfPage\":{\"@id\":\"https:\/\/kgerad.de\/produkt\/garmin-venu-2s-gps-multisport-smartwatch\/#primaryimage\"},\"image\":{\"@id\":\"https:\/\/kgerad.de\/produkt\/garmin-venu-2s-gps-multisport-smartwatch\/#primaryimage\"},\"thumbnailUrl\":\"https:\/\/kgerad.de\/wp-content\/uploads\/2023\/06\/Garmin-Venu-2S-GPS-Multisport-Smartwatch-010-02429-10_800x800-0.jpg\",\"datePublished\":\"2022-11-29T20:42:12+00:00\",\"dateModified\":\"2025-03-08T16:39:51+00:00\",\"description\":\"Entdecken Sie unseren Online-Fahrradladen: Gro\u00dfe Auswahl an Modellen f\u00fcr alle Radsportbegeisterten. Von Rennr\u00e4dern bis zu Mountainbikes - finden Sie heute Ihren perfekten Wegbegleiter!\",\"breadcrumb\":{\"@id\":\"https:\/\/kgerad.de\/produkt\/garmin-venu-2s-gps-multisport-smartwatch\/#breadcrumb\"},\"inLanguage\":\"en-US\",\"potentialAction\":[{\"@type\":\"ReadAction\",\"target\":[\"https:\/\/kgerad.de\/produkt\/garmin-venu-2s-gps-multisport-smartwatch\/\"]}]},{\"@type\":\"ImageObject\",\"inLanguage\":\"en-US\",\"@id\":\"https:\/\/kgerad.de\/produkt\/garmin-venu-2s-gps-multisport-smartwatch\/#primaryimage\",\"url\":\"https:\/\/kgerad.de\/wp-content\/uploads\/2023\/06\/Garmin-Venu-2S-GPS-Multisport-Smartwatch-010-02429-10_800x800-0.jpg\",\"contentUrl\":\"https:\/\/kgerad.de\/wp-content\/uploads\/2023\/06\/Garmin-Venu-2S-GPS-Multisport-Smartwatch-010-02429-10_800x800-0.jpg\",\"width\":800,\"height\":699,\"caption\":\"Garmin Venu\u00ae 2S - GPS Multisport Smartwatch\"},{\"@type\":\"BreadcrumbList\",\"@id\":\"https:\/\/kgerad.de\/produkt\/garmin-venu-2s-gps-multisport-smartwatch\/#breadcrumb\",\"itemListElement\":[{\"@type\":\"ListItem\",\"position\":1,\"name\":\"Startseite\",\"item\":\"https:\/\/kgerad.de\/\"},{\"@type\":\"ListItem\",\"position\":2,\"name\":\"LADEN\",\"item\":\"https:\/\/kgerad.de\/laden\/\"},{\"@type\":\"ListItem\",\"position\":3,\"name\":\"Garmin Venu\u00ae 2S &#8211; GPS Multisport Smartwatch\"}]},{\"@type\":\"WebSite\",\"@id\":\"https:\/\/kgerad.de\/#website\",\"url\":\"https:\/\/kgerad.de\/\",\"name\":\"kgerad.de\",\"description\":\"Treten Sie mit uns ins Abenteuer!\",\"publisher\":{\"@id\":\"https:\/\/kgerad.de\/#organization\"},\"alternateName\":\"MEIN RADLADEN\",\"potentialAction\":[{\"@type\":\"SearchAction\",\"target\":{\"@type\":\"EntryPoint\",\"urlTemplate\":\"https:\/\/kgerad.de\/?s={search_term_string}\"},\"query-input\":{\"@type\":\"PropertyValueSpecification\",\"valueRequired\":true,\"valueName\":\"search_term_string\"}}],\"inLanguage\":\"en-US\"},{\"@type\":\"Organization\",\"@id\":\"https:\/\/kgerad.de\/#organization\",\"name\":\"MEINRADLADEN\",\"alternateName\":\"MEIN RADLADEN\",\"url\":\"https:\/\/kgerad.de\/\",\"logo\":{\"@type\":\"ImageObject\",\"inLanguage\":\"en-US\",\"@id\":\"https:\/\/kgerad.de\/#\/schema\/logo\/image\/\",\"url\":\"https:\/\/kgerad.de\/wp-content\/uploads\/2025\/07\/logo-Whit.svg\",\"contentUrl\":\"https:\/\/kgerad.de\/wp-content\/uploads\/2025\/07\/logo-Whit.svg\",\"width\":1640,\"height\":371,\"caption\":\"MEINRADLADEN\"},\"image\":{\"@id\":\"https:\/\/kgerad.de\/#\/schema\/logo\/image\/\"}}]}<\/script>\n<!-- \/ Yoast SEO Premium plugin. -->","yoast_head_json":{"title":"Garmin Venu\u00ae 2S - GPS Multisport Smartwatch","description":"Entdecken Sie unseren Online-Fahrradladen: Gro\u00dfe Auswahl an Modellen f\u00fcr alle Radsportbegeisterten. Von Rennr\u00e4dern bis zu Mountainbikes - finden Sie heute Ihren perfekten Wegbegleiter!","robots":{"index":"index","follow":"follow","max-snippet":"max-snippet:-1","max-image-preview":"max-image-preview:large","max-video-preview":"max-video-preview:-1"},"canonical":"https:\/\/kgerad.de\/en\/product\/garmin-venu-2s-gps-multisport-smartwatch\/","og_locale":"en_US","og_type":"article","og_title":"Garmin Venu\u00ae 2S - GPS Multisport Smartwatch","og_description":"Entdecken Sie unseren Online-Fahrradladen: Gro\u00dfe Auswahl an Modellen f\u00fcr alle Radsportbegeisterten. Von Rennr\u00e4dern bis zu Mountainbikes - finden Sie heute Ihren perfekten Wegbegleiter!","og_url":"https:\/\/kgerad.de\/en\/product\/garmin-venu-2s-gps-multisport-smartwatch\/","og_site_name":"kgerad.de","article_modified_time":"2025-03-08T16:39:51+00:00","og_image":[{"width":800,"height":699,"url":"https:\/\/kgerad.de\/wp-content\/uploads\/2023\/06\/Garmin-Venu-2S-GPS-Multisport-Smartwatch-010-02429-10_800x800-0.jpg","type":"image\/jpeg"}],"twitter_card":"summary_large_image","twitter_misc":{"Est. reading time":"5 minutes"},"schema":{"@context":"https:\/\/schema.org","@graph":[{"@type":"WebPage","@id":"https:\/\/kgerad.de\/produkt\/garmin-venu-2s-gps-multisport-smartwatch\/","url":"https:\/\/kgerad.de\/produkt\/garmin-venu-2s-gps-multisport-smartwatch\/","name":"Garmin Venu\u00ae 2S - GPS Multisport Smartwatch","isPartOf":{"@id":"https:\/\/kgerad.de\/#website"},"primaryImageOfPage":{"@id":"https:\/\/kgerad.de\/produkt\/garmin-venu-2s-gps-multisport-smartwatch\/#primaryimage"},"image":{"@id":"https:\/\/kgerad.de\/produkt\/garmin-venu-2s-gps-multisport-smartwatch\/#primaryimage"},"thumbnailUrl":"https:\/\/kgerad.de\/wp-content\/uploads\/2023\/06\/Garmin-Venu-2S-GPS-Multisport-Smartwatch-010-02429-10_800x800-0.jpg","datePublished":"2022-11-29T20:42:12+00:00","dateModified":"2025-03-08T16:39:51+00:00","description":"Entdecken Sie unseren Online-Fahrradladen: Gro\u00dfe Auswahl an Modellen f\u00fcr alle Radsportbegeisterten. Von Rennr\u00e4dern bis zu Mountainbikes - finden Sie heute Ihren perfekten Wegbegleiter!","breadcrumb":{"@id":"https:\/\/kgerad.de\/produkt\/garmin-venu-2s-gps-multisport-smartwatch\/#breadcrumb"},"inLanguage":"en-US","potentialAction":[{"@type":"ReadAction","target":["https:\/\/kgerad.de\/produkt\/garmin-venu-2s-gps-multisport-smartwatch\/"]}]},{"@type":"ImageObject","inLanguage":"en-US","@id":"https:\/\/kgerad.de\/produkt\/garmin-venu-2s-gps-multisport-smartwatch\/#primaryimage","url":"https:\/\/kgerad.de\/wp-content\/uploads\/2023\/06\/Garmin-Venu-2S-GPS-Multisport-Smartwatch-010-02429-10_800x800-0.jpg","contentUrl":"https:\/\/kgerad.de\/wp-content\/uploads\/2023\/06\/Garmin-Venu-2S-GPS-Multisport-Smartwatch-010-02429-10_800x800-0.jpg","width":800,"height":699,"caption":"Garmin Venu\u00ae 2S - GPS Multisport Smartwatch"},{"@type":"BreadcrumbList","@id":"https:\/\/kgerad.de\/produkt\/garmin-venu-2s-gps-multisport-smartwatch\/#breadcrumb","itemListElement":[{"@type":"ListItem","position":1,"name":"Startseite","item":"https:\/\/kgerad.de\/"},{"@type":"ListItem","position":2,"name":"LADEN","item":"https:\/\/kgerad.de\/laden\/"},{"@type":"ListItem","position":3,"name":"Garmin Venu\u00ae 2S &#8211; GPS Multisport Smartwatch"}]},{"@type":"WebSite","@id":"https:\/\/kgerad.de\/#website","url":"https:\/\/kgerad.de\/","name":"kgerad.de","description":"Treten Sie mit uns ins Abenteuer!","publisher":{"@id":"https:\/\/kgerad.de\/#organization"},"alternateName":"MEIN RADLADEN","potentialAction":[{"@type":"SearchAction","target":{"@type":"EntryPoint","urlTemplate":"https:\/\/kgerad.de\/?s={search_term_string}"},"query-input":{"@type":"PropertyValueSpecification","valueRequired":true,"valueName":"search_term_string"}}],"inLanguage":"en-US"},{"@type":"Organization","@id":"https:\/\/kgerad.de\/#organization","name":"MEINRADLADEN","alternateName":"MEIN RADLADEN","url":"https:\/\/kgerad.de\/","logo":{"@type":"ImageObject","inLanguage":"en-US","@id":"https:\/\/kgerad.de\/#\/schema\/logo\/image\/","url":"https:\/\/kgerad.de\/wp-content\/uploads\/2025\/07\/logo-Whit.svg","contentUrl":"https:\/\/kgerad.de\/wp-content\/uploads\/2025\/07\/logo-Whit.svg","width":1640,"height":371,"caption":"MEINRADLADEN"},"image":{"@id":"https:\/\/kgerad.de\/#\/schema\/logo\/image\/"}}]}},"_links":{"self":[{"href":"https:\/\/kgerad.de\/en\/wp-json\/wp\/v2\/product\/45740","targetHints":{"allow":["GET"]}}],"collection":[{"href":"https:\/\/kgerad.de\/en\/wp-json\/wp\/v2\/product"}],"about":[{"href":"https:\/\/kgerad.de\/en\/wp-json\/wp\/v2\/types\/product"}],"replies":[{"embeddable":true,"href":"https:\/\/kgerad.de\/en\/wp-json\/wp\/v2\/comments?post=45740"}],"version-history":[{"count":1,"href":"https:\/\/kgerad.de\/en\/wp-json\/wp\/v2\/product\/45740\/revisions"}],"predecessor-version":[{"id":78976,"href":"https:\/\/kgerad.de\/en\/wp-json\/wp\/v2\/product\/45740\/revisions\/78976"}],"wp:featuredmedia":[{"embeddable":true,"href":"https:\/\/kgerad.de\/en\/wp-json\/wp\/v2\/media\/63829"}],"wp:attachment":[{"href":"https:\/\/kgerad.de\/en\/wp-json\/wp\/v2\/media?parent=45740"}],"wp:term":[{"taxonomy":"product_brand","embeddable":true,"href":"https:\/\/kgerad.de\/en\/wp-json\/wp\/v2\/product_brand?post=45740"},{"taxonomy":"product_cat","embeddable":true,"href":"https:\/\/kgerad.de\/en\/wp-json\/wp\/v2\/product_cat?post=45740"},{"taxonomy":"product_tag","embeddable":true,"href":"https:\/\/kgerad.de\/en\/wp-json\/wp\/v2\/product_tag?post=45740"}],"curies":[{"name":"wp","href":"https:\/\/api.w.org\/{rel}","templated":true}]}}