{"id":45613,"date":"2022-11-29T18:28:18","date_gmt":"2022-11-29T17:28:18","guid":{"rendered":"https:\/\/kgerad.de\/?post_type=product&#038;p=45613"},"modified":"2023-08-10T21:30:11","modified_gmt":"2023-08-10T19:30:11","slug":"garmin-tactix-delta-solar-ballistic-edition-gps-smartwatch","status":"publish","type":"product","link":"https:\/\/kgerad.de\/en\/product\/garmin-tactix-delta-solar-ballistic-edition-gps-smartwatch\/","title":{"rendered":"Garmin tactix\u00ae Delta Solar Ballistic Edition &#8211; GPS Smartwatch"},"content":{"rendered":"<h2 class=\"product--title\"><strong>Garmin<\/strong>\u00a0tactix\u00ae Delta Solar Ballistic Edition &#8211; GPS Smartwatch<\/h2>\n<p>Die robuste Garmin tactix\u00ae Delta Multisport-Smartwatch entspricht Milit\u00e4rstandards, bietet taktische Funktionen, erweiterte Trainingsfunktionen und smarte Features wie vorinstallierte Karten, Musik und kontaktloses Bezahlen. Die integrierte Power Glass\u2122-Solar-Ladelinse verl\u00e4ngert die Akkulaufzeit. Mit dieser Multisport bist du drau\u00dfen noch l\u00e4nger unterwegs.<\/p>\n<hr \/>\n<h3>Die Highlights der tactix Delta Solar Ballistic Edition<\/h3>\n<ul>\n<li>Die integrierte Solar-Ladelinse verl\u00e4ngert die Akkulaufzeit f\u00fcr noch l\u00e4ngere Eins\u00e4tze<\/li>\n<li>H\u00e4lt alles aus. Das Premium-Design entspricht g\u00fcltigen Milit\u00e4rstandards (MIL-STD-810)<\/li>\n<li>Taktische Funktionen f\u00fcr jeden Einsatz, z.B. Kompatibilit\u00e4t f\u00fcr Nachtsichtger\u00e4te<\/li>\n<li>Die AB Elite-Software berechnet Korrekturen bei weiten Schussentfernungen<\/li>\n<li>Kontaktloses Bezahlen, Musik und Smartphone Benachrichtigungen<\/li>\n<li>Die Akkulaufzeit setzt dir keine Grenzen. Im Smartwatch-Modus h\u00e4lt der Akku bis zu 24 Tage<\/li>\n<\/ul>\n<hr \/>\n<h3>Features<\/h3>\n<p><strong>ROBUST NACH US-MILIT\u00c4RSTANDARDS<\/strong><br \/>\nZum widerstandsf\u00e4higen, aber hochwertigen Design des nach US-Milit\u00e4rstandards (MIL-STD-810) getesteten Ger\u00e4ts z\u00e4hlt ein 1,4 Zoll gro\u00dfes Display, das 36 % gr\u00f6\u00dfer ist als bei vorherigen tactix-Modellen.<\/p>\n<p><strong>GEBAUT AUS WERTIGSTEN MATERIALIEN<\/strong><br \/>\nDiese Smartwatch weist ein widerstandsf\u00e4higes, aber hochwertiges Design auf. Sie ist mit einer schwarzen Stahll\u00fcnette mit DLC-Beschichtung und einem kratzfesten Saphirglas ausgestattet, in das die Solartechnologie integriert ist.<\/p>\n<p><strong>AB ELITE-SOFTWARE<\/strong><br \/>\nDie Applied Ballistic Software unterst\u00fctzt bei der Berechnung von Korrekturen bei weiten Schussentfernungen.<\/p>\n<p><strong>DUALES POSITIONSFORMAT<\/strong><br \/>\nTeile deine Position mit anderen. Du siehst auf einen Blick sowohl das UTM- (Universal Transverse Mercator) als auch das MGRS-System (Military Grid Reference System).<\/p>\n<p><strong>GOLFPL\u00c4TZE<\/strong><br \/>\nGreife auf CourseView-Karten in Farbe f\u00fcr mehr als 41.000 weltweite Golfpl\u00e4tze zu. Nutze au\u00dferdem die Tasten-Zielauswahl und die PlaysLike-Distanzfunktion.<\/p>\n<p><strong>PERFEKTE NAVIGATION<\/strong><br \/>\nFolge einer Route oder Strecke mithilfe von Abbiegehinweise und du wei\u00dft bereits im Voraus, wann die n\u00e4chste Abbiegung kommt.<\/p>\n<p><strong>CONNECT IQ\u2122-SHOP<\/strong><br \/>\nDeine Smartwach. Dein Style. Mache deine Smartwatch zu einem Unikat. Lade dir hierzu Displaydesigns herunter, f\u00fcge Datenfelder hinzu, hol dir Apps und Widgets aus dem Connect IQ-Shop.<\/p>\n<hr \/>\n<h3>Farbe<\/h3>\n<ul>\n<li>schwarz<\/li>\n<\/ul>\n<h3>Gewicht<\/h3>\n<ul>\n<li>97 g (Herstellerangabe)<\/li>\n<\/ul>\n<hr \/>\n<h3>Lieferumfang<\/h3>\n<ul>\n<li>tactix Delta Solar Ballistic Edition<\/li>\n<li>Schwarzes QuickFit\u00ae Armband aus Silikon<\/li>\n<li>USB Lade-\/Sync-Kabel<\/li>\n<li>Dokumentation<\/li>\n<\/ul>\n<hr \/>\n<h3>tactix Delta Solar: Die GPS-Multisport-Smartwatch mit taktischen Funktionen von Garmin<\/h3>\n<p><iframe src=\"https:\/\/www.youtube-nocookie.com\/embed\/t_w0Ne1tL7E\" width=\"640\" height=\"360\" frameborder=\"0\" allowfullscreen=\"allowfullscreen\" data-mce-fragment=\"1\"><\/iframe><\/p>","protected":false},"excerpt":{"rendered":"<p>Garmin\u00a0tactix\u00ae Delta Solar Ballistic Edition &#8211; GPS Smartwatch Die robuste Garmin tactix\u00ae Delta Multisport-Smartwatch entspricht Milit\u00e4rstandards, bietet taktische Funktionen, erweiterte<\/p>","protected":false},"featured_media":63793,"comment_status":"open","ping_status":"closed","template":"","meta":[],"product_brand":[],"product_cat":[537,318],"product_tag":[],"class_list":{"0":"post-45613","1":"product","2":"type-product","3":"status-publish","4":"has-post-thumbnail","6":"product_cat-elektronik","7":"product_cat-outdoor","8":"pa_marke-garmin","10":"first","11":"instock","12":"sale","13":"taxable","14":"shipping-taxable","15":"purchasable","16":"product-type-simple"},"yoast_head":"<!-- This site is optimized with the Yoast SEO Premium plugin v20.12 (Yoast SEO v27.1.1) - https:\/\/yoast.com\/product\/yoast-seo-premium-wordpress\/ -->\n<title>Garmin tactix\u00ae Delta Solar Ballistic Edition - GPS Smartwatch<\/title>\n<meta name=\"description\" content=\"Entdecken Sie unseren Online-Fahrradladen: Gro\u00dfe Auswahl an Modellen f\u00fcr alle Radsportbegeisterten. Von Rennr\u00e4dern bis zu Mountainbikes - finden Sie heute Ihren perfekten Wegbegleiter!\" \/>\n<meta name=\"robots\" content=\"index, follow, max-snippet:-1, max-image-preview:large, max-video-preview:-1\" \/>\n<link rel=\"canonical\" href=\"https:\/\/kgerad.de\/en\/product\/garmin-tactix-delta-solar-ballistic-edition-gps-smartwatch\/\" \/>\n<meta property=\"og:locale\" content=\"en_US\" \/>\n<meta property=\"og:type\" content=\"article\" \/>\n<meta property=\"og:title\" content=\"Garmin tactix\u00ae Delta Solar Ballistic Edition - GPS Smartwatch\" \/>\n<meta property=\"og:description\" content=\"Entdecken Sie unseren Online-Fahrradladen: Gro\u00dfe Auswahl an Modellen f\u00fcr alle Radsportbegeisterten. Von Rennr\u00e4dern bis zu Mountainbikes - finden Sie heute Ihren perfekten Wegbegleiter!\" \/>\n<meta property=\"og:url\" content=\"https:\/\/kgerad.de\/en\/product\/garmin-tactix-delta-solar-ballistic-edition-gps-smartwatch\/\" \/>\n<meta property=\"og:site_name\" content=\"kgerad.de\" \/>\n<meta property=\"article:modified_time\" content=\"2023-08-10T19:30:11+00:00\" \/>\n<meta property=\"og:image\" content=\"https:\/\/kgerad.de\/wp-content\/uploads\/2023\/06\/Garmin-tactix-Delta-Solar-GPS-Smartwatch-010-02357-11rkls64Myr3vr4_800x800-0.jpg\" \/>\n\t<meta property=\"og:image:width\" content=\"682\" \/>\n\t<meta property=\"og:image:height\" content=\"800\" \/>\n\t<meta property=\"og:image:type\" content=\"image\/jpeg\" \/>\n<meta name=\"twitter:card\" content=\"summary_large_image\" \/>\n<meta name=\"twitter:label1\" content=\"Est. reading time\" \/>\n\t<meta name=\"twitter:data1\" content=\"2 minutes\" \/>\n<script type=\"application\/ld+json\" class=\"yoast-schema-graph\">{\"@context\":\"https:\/\/schema.org\",\"@graph\":[{\"@type\":\"WebPage\",\"@id\":\"https:\/\/kgerad.de\/produkt\/garmin-tactix-delta-solar-ballistic-edition-gps-smartwatch\/\",\"url\":\"https:\/\/kgerad.de\/produkt\/garmin-tactix-delta-solar-ballistic-edition-gps-smartwatch\/\",\"name\":\"Garmin tactix\u00ae Delta Solar Ballistic Edition - GPS Smartwatch\",\"isPartOf\":{\"@id\":\"https:\/\/kgerad.de\/#website\"},\"primaryImageOfPage\":{\"@id\":\"https:\/\/kgerad.de\/produkt\/garmin-tactix-delta-solar-ballistic-edition-gps-smartwatch\/#primaryimage\"},\"image\":{\"@id\":\"https:\/\/kgerad.de\/produkt\/garmin-tactix-delta-solar-ballistic-edition-gps-smartwatch\/#primaryimage\"},\"thumbnailUrl\":\"https:\/\/kgerad.de\/wp-content\/uploads\/2023\/06\/Garmin-tactix-Delta-Solar-GPS-Smartwatch-010-02357-11rkls64Myr3vr4_800x800-0.jpg\",\"datePublished\":\"2022-11-29T17:28:18+00:00\",\"dateModified\":\"2023-08-10T19:30:11+00:00\",\"description\":\"Entdecken Sie unseren Online-Fahrradladen: Gro\u00dfe Auswahl an Modellen f\u00fcr alle Radsportbegeisterten. Von Rennr\u00e4dern bis zu Mountainbikes - finden Sie heute Ihren perfekten Wegbegleiter!\",\"breadcrumb\":{\"@id\":\"https:\/\/kgerad.de\/produkt\/garmin-tactix-delta-solar-ballistic-edition-gps-smartwatch\/#breadcrumb\"},\"inLanguage\":\"en-US\",\"potentialAction\":[{\"@type\":\"ReadAction\",\"target\":[\"https:\/\/kgerad.de\/produkt\/garmin-tactix-delta-solar-ballistic-edition-gps-smartwatch\/\"]}]},{\"@type\":\"ImageObject\",\"inLanguage\":\"en-US\",\"@id\":\"https:\/\/kgerad.de\/produkt\/garmin-tactix-delta-solar-ballistic-edition-gps-smartwatch\/#primaryimage\",\"url\":\"https:\/\/kgerad.de\/wp-content\/uploads\/2023\/06\/Garmin-tactix-Delta-Solar-GPS-Smartwatch-010-02357-11rkls64Myr3vr4_800x800-0.jpg\",\"contentUrl\":\"https:\/\/kgerad.de\/wp-content\/uploads\/2023\/06\/Garmin-tactix-Delta-Solar-GPS-Smartwatch-010-02357-11rkls64Myr3vr4_800x800-0.jpg\",\"width\":682,\"height\":800,\"caption\":\"Garmin tactix\u00ae Delta Solar Ballistic Edition - GPS Smartwatch\"},{\"@type\":\"BreadcrumbList\",\"@id\":\"https:\/\/kgerad.de\/produkt\/garmin-tactix-delta-solar-ballistic-edition-gps-smartwatch\/#breadcrumb\",\"itemListElement\":[{\"@type\":\"ListItem\",\"position\":1,\"name\":\"Startseite\",\"item\":\"https:\/\/kgerad.de\/\"},{\"@type\":\"ListItem\",\"position\":2,\"name\":\"LADEN\",\"item\":\"https:\/\/kgerad.de\/laden\/\"},{\"@type\":\"ListItem\",\"position\":3,\"name\":\"Garmin tactix\u00ae Delta Solar Ballistic Edition &#8211; GPS Smartwatch\"}]},{\"@type\":\"WebSite\",\"@id\":\"https:\/\/kgerad.de\/#website\",\"url\":\"https:\/\/kgerad.de\/\",\"name\":\"kgerad.de\",\"description\":\"Treten Sie mit uns ins Abenteuer!\",\"publisher\":{\"@id\":\"https:\/\/kgerad.de\/#organization\"},\"alternateName\":\"MEIN RADLADEN\",\"potentialAction\":[{\"@type\":\"SearchAction\",\"target\":{\"@type\":\"EntryPoint\",\"urlTemplate\":\"https:\/\/kgerad.de\/?s={search_term_string}\"},\"query-input\":{\"@type\":\"PropertyValueSpecification\",\"valueRequired\":true,\"valueName\":\"search_term_string\"}}],\"inLanguage\":\"en-US\"},{\"@type\":\"Organization\",\"@id\":\"https:\/\/kgerad.de\/#organization\",\"name\":\"MEINRADLADEN\",\"alternateName\":\"MEIN RADLADEN\",\"url\":\"https:\/\/kgerad.de\/\",\"logo\":{\"@type\":\"ImageObject\",\"inLanguage\":\"en-US\",\"@id\":\"https:\/\/kgerad.de\/#\/schema\/logo\/image\/\",\"url\":\"https:\/\/kgerad.de\/wp-content\/uploads\/2025\/07\/logo-Whit.svg\",\"contentUrl\":\"https:\/\/kgerad.de\/wp-content\/uploads\/2025\/07\/logo-Whit.svg\",\"width\":1640,\"height\":371,\"caption\":\"MEINRADLADEN\"},\"image\":{\"@id\":\"https:\/\/kgerad.de\/#\/schema\/logo\/image\/\"}}]}<\/script>\n<!-- \/ Yoast SEO Premium plugin. -->","yoast_head_json":{"title":"Garmin tactix\u00ae Delta Solar Ballistic Edition - GPS Smartwatch","description":"Entdecken Sie unseren Online-Fahrradladen: Gro\u00dfe Auswahl an Modellen f\u00fcr alle Radsportbegeisterten. Von Rennr\u00e4dern bis zu Mountainbikes - finden Sie heute Ihren perfekten Wegbegleiter!","robots":{"index":"index","follow":"follow","max-snippet":"max-snippet:-1","max-image-preview":"max-image-preview:large","max-video-preview":"max-video-preview:-1"},"canonical":"https:\/\/kgerad.de\/en\/product\/garmin-tactix-delta-solar-ballistic-edition-gps-smartwatch\/","og_locale":"en_US","og_type":"article","og_title":"Garmin tactix\u00ae Delta Solar Ballistic Edition - GPS Smartwatch","og_description":"Entdecken Sie unseren Online-Fahrradladen: Gro\u00dfe Auswahl an Modellen f\u00fcr alle Radsportbegeisterten. Von Rennr\u00e4dern bis zu Mountainbikes - finden Sie heute Ihren perfekten Wegbegleiter!","og_url":"https:\/\/kgerad.de\/en\/product\/garmin-tactix-delta-solar-ballistic-edition-gps-smartwatch\/","og_site_name":"kgerad.de","article_modified_time":"2023-08-10T19:30:11+00:00","og_image":[{"width":682,"height":800,"url":"https:\/\/kgerad.de\/wp-content\/uploads\/2023\/06\/Garmin-tactix-Delta-Solar-GPS-Smartwatch-010-02357-11rkls64Myr3vr4_800x800-0.jpg","type":"image\/jpeg"}],"twitter_card":"summary_large_image","twitter_misc":{"Est. reading time":"2 minutes"},"schema":{"@context":"https:\/\/schema.org","@graph":[{"@type":"WebPage","@id":"https:\/\/kgerad.de\/produkt\/garmin-tactix-delta-solar-ballistic-edition-gps-smartwatch\/","url":"https:\/\/kgerad.de\/produkt\/garmin-tactix-delta-solar-ballistic-edition-gps-smartwatch\/","name":"Garmin tactix\u00ae Delta Solar Ballistic Edition - GPS Smartwatch","isPartOf":{"@id":"https:\/\/kgerad.de\/#website"},"primaryImageOfPage":{"@id":"https:\/\/kgerad.de\/produkt\/garmin-tactix-delta-solar-ballistic-edition-gps-smartwatch\/#primaryimage"},"image":{"@id":"https:\/\/kgerad.de\/produkt\/garmin-tactix-delta-solar-ballistic-edition-gps-smartwatch\/#primaryimage"},"thumbnailUrl":"https:\/\/kgerad.de\/wp-content\/uploads\/2023\/06\/Garmin-tactix-Delta-Solar-GPS-Smartwatch-010-02357-11rkls64Myr3vr4_800x800-0.jpg","datePublished":"2022-11-29T17:28:18+00:00","dateModified":"2023-08-10T19:30:11+00:00","description":"Entdecken Sie unseren Online-Fahrradladen: Gro\u00dfe Auswahl an Modellen f\u00fcr alle Radsportbegeisterten. Von Rennr\u00e4dern bis zu Mountainbikes - finden Sie heute Ihren perfekten Wegbegleiter!","breadcrumb":{"@id":"https:\/\/kgerad.de\/produkt\/garmin-tactix-delta-solar-ballistic-edition-gps-smartwatch\/#breadcrumb"},"inLanguage":"en-US","potentialAction":[{"@type":"ReadAction","target":["https:\/\/kgerad.de\/produkt\/garmin-tactix-delta-solar-ballistic-edition-gps-smartwatch\/"]}]},{"@type":"ImageObject","inLanguage":"en-US","@id":"https:\/\/kgerad.de\/produkt\/garmin-tactix-delta-solar-ballistic-edition-gps-smartwatch\/#primaryimage","url":"https:\/\/kgerad.de\/wp-content\/uploads\/2023\/06\/Garmin-tactix-Delta-Solar-GPS-Smartwatch-010-02357-11rkls64Myr3vr4_800x800-0.jpg","contentUrl":"https:\/\/kgerad.de\/wp-content\/uploads\/2023\/06\/Garmin-tactix-Delta-Solar-GPS-Smartwatch-010-02357-11rkls64Myr3vr4_800x800-0.jpg","width":682,"height":800,"caption":"Garmin tactix\u00ae Delta Solar Ballistic Edition - GPS Smartwatch"},{"@type":"BreadcrumbList","@id":"https:\/\/kgerad.de\/produkt\/garmin-tactix-delta-solar-ballistic-edition-gps-smartwatch\/#breadcrumb","itemListElement":[{"@type":"ListItem","position":1,"name":"Startseite","item":"https:\/\/kgerad.de\/"},{"@type":"ListItem","position":2,"name":"LADEN","item":"https:\/\/kgerad.de\/laden\/"},{"@type":"ListItem","position":3,"name":"Garmin tactix\u00ae Delta Solar Ballistic Edition &#8211; GPS Smartwatch"}]},{"@type":"WebSite","@id":"https:\/\/kgerad.de\/#website","url":"https:\/\/kgerad.de\/","name":"kgerad.de","description":"Treten Sie mit uns ins Abenteuer!","publisher":{"@id":"https:\/\/kgerad.de\/#organization"},"alternateName":"MEIN RADLADEN","potentialAction":[{"@type":"SearchAction","target":{"@type":"EntryPoint","urlTemplate":"https:\/\/kgerad.de\/?s={search_term_string}"},"query-input":{"@type":"PropertyValueSpecification","valueRequired":true,"valueName":"search_term_string"}}],"inLanguage":"en-US"},{"@type":"Organization","@id":"https:\/\/kgerad.de\/#organization","name":"MEINRADLADEN","alternateName":"MEIN RADLADEN","url":"https:\/\/kgerad.de\/","logo":{"@type":"ImageObject","inLanguage":"en-US","@id":"https:\/\/kgerad.de\/#\/schema\/logo\/image\/","url":"https:\/\/kgerad.de\/wp-content\/uploads\/2025\/07\/logo-Whit.svg","contentUrl":"https:\/\/kgerad.de\/wp-content\/uploads\/2025\/07\/logo-Whit.svg","width":1640,"height":371,"caption":"MEINRADLADEN"},"image":{"@id":"https:\/\/kgerad.de\/#\/schema\/logo\/image\/"}}]}},"_links":{"self":[{"href":"https:\/\/kgerad.de\/en\/wp-json\/wp\/v2\/product\/45613","targetHints":{"allow":["GET"]}}],"collection":[{"href":"https:\/\/kgerad.de\/en\/wp-json\/wp\/v2\/product"}],"about":[{"href":"https:\/\/kgerad.de\/en\/wp-json\/wp\/v2\/types\/product"}],"replies":[{"embeddable":true,"href":"https:\/\/kgerad.de\/en\/wp-json\/wp\/v2\/comments?post=45613"}],"version-history":[{"count":1,"href":"https:\/\/kgerad.de\/en\/wp-json\/wp\/v2\/product\/45613\/revisions"}],"predecessor-version":[{"id":78986,"href":"https:\/\/kgerad.de\/en\/wp-json\/wp\/v2\/product\/45613\/revisions\/78986"}],"wp:featuredmedia":[{"embeddable":true,"href":"https:\/\/kgerad.de\/en\/wp-json\/wp\/v2\/media\/63793"}],"wp:attachment":[{"href":"https:\/\/kgerad.de\/en\/wp-json\/wp\/v2\/media?parent=45613"}],"wp:term":[{"taxonomy":"product_brand","embeddable":true,"href":"https:\/\/kgerad.de\/en\/wp-json\/wp\/v2\/product_brand?post=45613"},{"taxonomy":"product_cat","embeddable":true,"href":"https:\/\/kgerad.de\/en\/wp-json\/wp\/v2\/product_cat?post=45613"},{"taxonomy":"product_tag","embeddable":true,"href":"https:\/\/kgerad.de\/en\/wp-json\/wp\/v2\/product_tag?post=45613"}],"curies":[{"name":"wp","href":"https:\/\/api.w.org\/{rel}","templated":true}]}}