{"id":45572,"date":"2022-11-29T16:18:19","date_gmt":"2022-11-29T15:18:19","guid":{"rendered":"https:\/\/kgerad.de\/?post_type=product&#038;p=45572"},"modified":"2023-08-10T21:31:26","modified_gmt":"2023-08-10T19:31:26","slug":"garmin-forerunner-255-music-gps-multisport-smartwatch","status":"publish","type":"product","link":"https:\/\/kgerad.de\/en\/product\/garmin-forerunner-255-music-gps-multisport-smartwatch\/","title":{"rendered":"Garmin Forerunner 255 Music &#8211; GPS Multisport Smartwatch"},"content":{"rendered":"<h2 class=\"product--title\"><strong>Garmin<\/strong>\u00a0Forerunner 255 Music &#8211; GPS Multisport Smartwatch<\/h2>\n<p>Verbessere Garmin Forerunner 255 deine Pace, steigere deine Leistung und toppe deine Bestzeit mit der leichten\u00a0 Laufuhr erreichst du jedes deiner neuen Ziele. Mit hysiologischen Messwerten wie HFV Status, Running Power und VO2max trainierst du einfach effizienter. Mit dem Garmin Coach, individuellen Trainingspl\u00e4nen und mehr bereitest du dich bestens auf den n\u00e4chsten Lauf oder Triathlon vor.<\/p>\n<p>Und auch den Alltag meisterst du mit deiner neuen GPS Laufuhr leichter dank smarten Features wie Garmin Pay, Garmin Music und Smart Notifications.<\/p>\n<hr \/>\n<h3>Die Highlights der Forerunner\u00ae 255 Music<\/h3>\n<ul>\n<li>Smarte GPS Laufuhr mit Farbdisplay<\/li>\n<li>Vorinstallierte Sport Apps, wie u.a. Triathlon, Laufen, Radfahren<\/li>\n<li>Umfangreiche physiologische Messwerte, wie z.B. erweiterter Trainingszustand und Trainingsbelastung<\/li>\n<li>Running Power in Echtzeit direkt aufs Display (in Verbindung mit kompatiblen Zubeh\u00f6r)<\/li>\n<li>Messung der Herzfrequenzvariabilit\u00e4t w\u00e4hrend des Schlafs<\/li>\n<li>Hochpr\u00e4zise Positionsbestimmung durch Multi Frequenz Empfang globaler Satellitensysteme<\/li>\n<li>Smarte Features wie Garmin Pay und Garmin Music direkt auf der Uhr<\/li>\n<li>Akkulaufzeit bis zu 14 Tage im Smartwatch Modus und 30 Stunden im GPS Modus<\/li>\n<\/ul>\n<hr \/>\n<h3>Features<\/h3>\n<p><strong>DESIGN<\/strong><br \/>\nMit ihrem 1,1\u201c und 1,3\u201c gro\u00dfen Farbdisplay und einem leichten, schlanken Design passt die Forerunner 255 perfekt f\u00fcr jedes Handgelenk sowohl im Alltag, als auch beim Sport.<\/p>\n<p><strong>SPORT APPS<\/strong><br \/>\nMehr als 30 vorinstallierte Sport Apps erm\u00f6glichen dir die Aufzeichnung von Aktivit\u00e4ten wie Triathlon, Laufen, Radfahren, Freiwasserschwimmen, Krafttraining und mehr.<\/p>\n<p><strong>TRAININGSZUSTAND<\/strong><br \/>\nNutze physiologische Messwerte wie z.B. erweiterter Trainingszustand, akute Belastung, Trainingseffekt und mehr um dein Training besser zu analysieren und effizienter zu gestalten.<\/p>\n<p><strong>RUNNING POWER<\/strong><br \/>\nErmittle dank vorinstalliertem Widget deine Laufleistung sowie weitere Laufeffizienzwerte direkt und in Echtzeit auf der Uhr (in Verbindung mit einem kompatiblen Brustgurt oder Running Dynamics Pod)<\/p>\n<p><strong>HFV STATUS<\/strong><br \/>\nZeichne deine Herzfrequenzvariabilit\u00e4t w\u00e4hrend des Schlafs auf und erhalte dank eines t\u00e4glichen sowie 7 Tage Durchschnitts spannende Insights in deine Gesundheit, Erholung und Fitness<\/p>\n<p><strong>GARMIN MUSIC<\/strong><br \/>\nSpeichere bis zu 500 Songs oder h\u00f6re deine heruntergeladene Musik von kompatiblen Musik Streaming Diensten wie Spotify\u00ae, Deezer und Amazon Music (nur Forerunner 255 Music Varianten).<\/p>\n<p><strong>GARMIN PAY<\/strong><br \/>\nBezahle einfach kontaktlos mit deiner Uhr und genie\u00dfe die Freiheit, ohne Bargeld unterwegs zu sein. Ein gutes Gef\u00fchl, \u00fcberall und zu jeder Zeit spontan und unabh\u00e4ngig sein zu k\u00f6nnen.<\/p>\n<p><strong>WETTKAMPF WIDGET<\/strong><br \/>\nSei f\u00fcr deinen n\u00e4chsten Wettkampf bestens vorbereitet: das Widget liefert dir Trainingstipps sowie t\u00e4gliche Trainingsempfehlungen und sch\u00e4tzt basierend auf der Strecke, deiner Fitness und mehr deine Zielzeit.<\/p>\n<p><strong>T\u00c4GLICHE TRAININGS EMPFEHLUNGEN<\/strong><br \/>\nErhalte f\u00fcr die ganze Woche t\u00e4gliche Trainingsempfehlungen, die sich nach jedem Lauf in Abh\u00e4ngigkeit von deiner Performance und deiner Erholung anpassen.<\/p>\n<p><strong>FITNESS UND WELLNESS<\/strong><br \/>\nErfahre mehr \u00fcber deinen K\u00f6rper mit umfangreichen innovativen Funktionen wie Body Battery\u2122, Pulse Ox, erweiterte Schlafanalyse, Stresslevel, Frauengesundheit und mehr.<\/p>\n<hr \/>\n<h3>Produkteigenschaften<\/h3>\n<ul>\n<li><strong>Produktabmessungen:<\/strong>\u00a045,6 x 45,6 x 12,9 mm<\/li>\n<li><strong>Geh\u00e4usebreite:<\/strong>\u00a046 mm<\/li>\n<li><strong>Displayglas:<\/strong>\u00a0Corning \u00ae Gorilla \u00ae Glass 3<\/li>\n<li><strong>Displaytyp:<\/strong>\u00a0Transflektives MIP<\/li>\n<li><strong>Displaydiagonale:<\/strong>\u00a01,3\u201c (33 mm)<\/li>\n<li><strong>Displayaufl\u00f6sung:<\/strong>\u00a0260 x 260 Pixel<\/li>\n<li><strong>Akkulaufzeit:<\/strong>\n<ul>\n<li><strong>Smartwatch bis zu:<\/strong>\u00a014 Tage<\/li>\n<li><strong>GPS + Musik:<\/strong>\u00a06,5 Stunden<\/li>\n<li><strong>GPS-Modus:<\/strong>\u00a030 Stunden<\/li>\n<\/ul>\n<\/li>\n<\/ul>\n<h3>Farbe<\/h3>\n<ul>\n<li>schwarz<\/li>\n<li>steinweiss \/ schwarz<\/li>\n<\/ul>\n<h3>Gewicht<\/h3>\n<ul>\n<li>49 g (Herstellerangabe)<\/li>\n<\/ul>\n<hr \/>\n<h3>Lieferumfang<\/h3>\n<ul>\n<li>Forerunner 255 Music GPS-Multisportuhr<\/li>\n<li>USB Lade-\/Sync-Kabel<\/li>\n<li>Dokumentation<\/li>\n<\/ul>\n<hr \/>\n<h3>Garmin | Forerunner 255 Serie<\/h3>\n<p><iframe title=\"YouTube video player\" src=\"https:\/\/www.youtube-nocookie.com\/embed\/0GlDVNsftUQ\" width=\"640\" height=\"360\" frameborder=\"0\" allowfullscreen=\"allowfullscreen\" data-mce-fragment=\"1\"><\/iframe><\/p>","protected":false},"excerpt":{"rendered":"<p>Garmin\u00a0Forerunner 255 Music &#8211; GPS Multisport Smartwatch Verbessere Garmin Forerunner 255 deine Pace, steigere deine Leistung und toppe deine Bestzeit<\/p>","protected":false},"featured_media":63766,"comment_status":"open","ping_status":"closed","template":"","meta":[],"product_brand":[],"product_cat":[537,318],"product_tag":[],"class_list":{"0":"post-45572","1":"product","2":"type-product","3":"status-publish","4":"has-post-thumbnail","6":"product_cat-elektronik","7":"product_cat-outdoor","8":"pa_marke-garmin","10":"first","11":"instock","12":"sale","13":"taxable","14":"shipping-taxable","15":"purchasable","16":"product-type-simple"},"yoast_head":"<!-- This site is optimized with the Yoast SEO Premium plugin v20.12 (Yoast SEO v27.1.1) - https:\/\/yoast.com\/product\/yoast-seo-premium-wordpress\/ -->\n<title>Garmin Forerunner 255 Music - GPS Multisport Smartwatch<\/title>\n<meta name=\"description\" content=\"Entdecken Sie unseren Online-Fahrradladen: Gro\u00dfe Auswahl an Modellen f\u00fcr alle Radsportbegeisterten. Von Rennr\u00e4dern bis zu Mountainbikes - finden Sie heute Ihren perfekten Wegbegleiter!\" \/>\n<meta name=\"robots\" content=\"index, follow, max-snippet:-1, max-image-preview:large, max-video-preview:-1\" \/>\n<link rel=\"canonical\" href=\"https:\/\/kgerad.de\/en\/product\/garmin-forerunner-255-music-gps-multisport-smartwatch\/\" \/>\n<meta property=\"og:locale\" content=\"en_US\" \/>\n<meta property=\"og:type\" content=\"article\" \/>\n<meta property=\"og:title\" content=\"Garmin Forerunner 255 Music - GPS Multisport Smartwatch\" \/>\n<meta property=\"og:description\" content=\"Entdecken Sie unseren Online-Fahrradladen: Gro\u00dfe Auswahl an Modellen f\u00fcr alle Radsportbegeisterten. Von Rennr\u00e4dern bis zu Mountainbikes - finden Sie heute Ihren perfekten Wegbegleiter!\" \/>\n<meta property=\"og:url\" content=\"https:\/\/kgerad.de\/en\/product\/garmin-forerunner-255-music-gps-multisport-smartwatch\/\" \/>\n<meta property=\"og:site_name\" content=\"kgerad.de\" \/>\n<meta property=\"article:modified_time\" content=\"2023-08-10T19:31:26+00:00\" \/>\n<meta property=\"og:image\" content=\"https:\/\/kgerad.de\/wp-content\/uploads\/2023\/06\/Master_Garmin-Forerunner-255-Music-GPS-Multisport-Smartwatch-010-02641-30_Artikel_20116498h4qI4N0cnpSP4_800x800-0.jpg\" \/>\n\t<meta property=\"og:image:width\" content=\"800\" \/>\n\t<meta property=\"og:image:height\" content=\"626\" \/>\n\t<meta property=\"og:image:type\" content=\"image\/jpeg\" \/>\n<meta name=\"twitter:card\" content=\"summary_large_image\" \/>\n<meta name=\"twitter:label1\" content=\"Est. reading time\" \/>\n\t<meta name=\"twitter:data1\" content=\"3 minutes\" \/>\n<script type=\"application\/ld+json\" class=\"yoast-schema-graph\">{\"@context\":\"https:\/\/schema.org\",\"@graph\":[{\"@type\":\"WebPage\",\"@id\":\"https:\/\/kgerad.de\/produkt\/garmin-forerunner-255-music-gps-multisport-smartwatch\/\",\"url\":\"https:\/\/kgerad.de\/produkt\/garmin-forerunner-255-music-gps-multisport-smartwatch\/\",\"name\":\"Garmin Forerunner 255 Music - GPS Multisport Smartwatch\",\"isPartOf\":{\"@id\":\"https:\/\/kgerad.de\/#website\"},\"primaryImageOfPage\":{\"@id\":\"https:\/\/kgerad.de\/produkt\/garmin-forerunner-255-music-gps-multisport-smartwatch\/#primaryimage\"},\"image\":{\"@id\":\"https:\/\/kgerad.de\/produkt\/garmin-forerunner-255-music-gps-multisport-smartwatch\/#primaryimage\"},\"thumbnailUrl\":\"https:\/\/kgerad.de\/wp-content\/uploads\/2023\/06\/Master_Garmin-Forerunner-255-Music-GPS-Multisport-Smartwatch-010-02641-30_Artikel_20116498h4qI4N0cnpSP4_800x800-0.jpg\",\"datePublished\":\"2022-11-29T15:18:19+00:00\",\"dateModified\":\"2023-08-10T19:31:26+00:00\",\"description\":\"Entdecken Sie unseren Online-Fahrradladen: Gro\u00dfe Auswahl an Modellen f\u00fcr alle Radsportbegeisterten. Von Rennr\u00e4dern bis zu Mountainbikes - finden Sie heute Ihren perfekten Wegbegleiter!\",\"breadcrumb\":{\"@id\":\"https:\/\/kgerad.de\/produkt\/garmin-forerunner-255-music-gps-multisport-smartwatch\/#breadcrumb\"},\"inLanguage\":\"en-US\",\"potentialAction\":[{\"@type\":\"ReadAction\",\"target\":[\"https:\/\/kgerad.de\/produkt\/garmin-forerunner-255-music-gps-multisport-smartwatch\/\"]}]},{\"@type\":\"ImageObject\",\"inLanguage\":\"en-US\",\"@id\":\"https:\/\/kgerad.de\/produkt\/garmin-forerunner-255-music-gps-multisport-smartwatch\/#primaryimage\",\"url\":\"https:\/\/kgerad.de\/wp-content\/uploads\/2023\/06\/Master_Garmin-Forerunner-255-Music-GPS-Multisport-Smartwatch-010-02641-30_Artikel_20116498h4qI4N0cnpSP4_800x800-0.jpg\",\"contentUrl\":\"https:\/\/kgerad.de\/wp-content\/uploads\/2023\/06\/Master_Garmin-Forerunner-255-Music-GPS-Multisport-Smartwatch-010-02641-30_Artikel_20116498h4qI4N0cnpSP4_800x800-0.jpg\",\"width\":800,\"height\":626,\"caption\":\"Garmin Forerunner 255 Music - GPS Multisport Smartwatch\"},{\"@type\":\"BreadcrumbList\",\"@id\":\"https:\/\/kgerad.de\/produkt\/garmin-forerunner-255-music-gps-multisport-smartwatch\/#breadcrumb\",\"itemListElement\":[{\"@type\":\"ListItem\",\"position\":1,\"name\":\"Startseite\",\"item\":\"https:\/\/kgerad.de\/\"},{\"@type\":\"ListItem\",\"position\":2,\"name\":\"LADEN\",\"item\":\"https:\/\/kgerad.de\/laden\/\"},{\"@type\":\"ListItem\",\"position\":3,\"name\":\"Garmin Forerunner 255 Music &#8211; GPS Multisport Smartwatch\"}]},{\"@type\":\"WebSite\",\"@id\":\"https:\/\/kgerad.de\/#website\",\"url\":\"https:\/\/kgerad.de\/\",\"name\":\"kgerad.de\",\"description\":\"Treten Sie mit uns ins Abenteuer!\",\"publisher\":{\"@id\":\"https:\/\/kgerad.de\/#organization\"},\"alternateName\":\"MEIN RADLADEN\",\"potentialAction\":[{\"@type\":\"SearchAction\",\"target\":{\"@type\":\"EntryPoint\",\"urlTemplate\":\"https:\/\/kgerad.de\/?s={search_term_string}\"},\"query-input\":{\"@type\":\"PropertyValueSpecification\",\"valueRequired\":true,\"valueName\":\"search_term_string\"}}],\"inLanguage\":\"en-US\"},{\"@type\":\"Organization\",\"@id\":\"https:\/\/kgerad.de\/#organization\",\"name\":\"MEINRADLADEN\",\"alternateName\":\"MEIN RADLADEN\",\"url\":\"https:\/\/kgerad.de\/\",\"logo\":{\"@type\":\"ImageObject\",\"inLanguage\":\"en-US\",\"@id\":\"https:\/\/kgerad.de\/#\/schema\/logo\/image\/\",\"url\":\"https:\/\/kgerad.de\/wp-content\/uploads\/2025\/07\/logo-Whit.svg\",\"contentUrl\":\"https:\/\/kgerad.de\/wp-content\/uploads\/2025\/07\/logo-Whit.svg\",\"width\":1640,\"height\":371,\"caption\":\"MEINRADLADEN\"},\"image\":{\"@id\":\"https:\/\/kgerad.de\/#\/schema\/logo\/image\/\"}}]}<\/script>\n<!-- \/ Yoast SEO Premium plugin. -->","yoast_head_json":{"title":"Garmin Forerunner 255 Music - GPS Multisport Smartwatch","description":"Entdecken Sie unseren Online-Fahrradladen: Gro\u00dfe Auswahl an Modellen f\u00fcr alle Radsportbegeisterten. Von Rennr\u00e4dern bis zu Mountainbikes - finden Sie heute Ihren perfekten Wegbegleiter!","robots":{"index":"index","follow":"follow","max-snippet":"max-snippet:-1","max-image-preview":"max-image-preview:large","max-video-preview":"max-video-preview:-1"},"canonical":"https:\/\/kgerad.de\/en\/product\/garmin-forerunner-255-music-gps-multisport-smartwatch\/","og_locale":"en_US","og_type":"article","og_title":"Garmin Forerunner 255 Music - GPS Multisport Smartwatch","og_description":"Entdecken Sie unseren Online-Fahrradladen: Gro\u00dfe Auswahl an Modellen f\u00fcr alle Radsportbegeisterten. Von Rennr\u00e4dern bis zu Mountainbikes - finden Sie heute Ihren perfekten Wegbegleiter!","og_url":"https:\/\/kgerad.de\/en\/product\/garmin-forerunner-255-music-gps-multisport-smartwatch\/","og_site_name":"kgerad.de","article_modified_time":"2023-08-10T19:31:26+00:00","og_image":[{"width":800,"height":626,"url":"https:\/\/kgerad.de\/wp-content\/uploads\/2023\/06\/Master_Garmin-Forerunner-255-Music-GPS-Multisport-Smartwatch-010-02641-30_Artikel_20116498h4qI4N0cnpSP4_800x800-0.jpg","type":"image\/jpeg"}],"twitter_card":"summary_large_image","twitter_misc":{"Est. reading time":"3 minutes"},"schema":{"@context":"https:\/\/schema.org","@graph":[{"@type":"WebPage","@id":"https:\/\/kgerad.de\/produkt\/garmin-forerunner-255-music-gps-multisport-smartwatch\/","url":"https:\/\/kgerad.de\/produkt\/garmin-forerunner-255-music-gps-multisport-smartwatch\/","name":"Garmin Forerunner 255 Music - GPS Multisport Smartwatch","isPartOf":{"@id":"https:\/\/kgerad.de\/#website"},"primaryImageOfPage":{"@id":"https:\/\/kgerad.de\/produkt\/garmin-forerunner-255-music-gps-multisport-smartwatch\/#primaryimage"},"image":{"@id":"https:\/\/kgerad.de\/produkt\/garmin-forerunner-255-music-gps-multisport-smartwatch\/#primaryimage"},"thumbnailUrl":"https:\/\/kgerad.de\/wp-content\/uploads\/2023\/06\/Master_Garmin-Forerunner-255-Music-GPS-Multisport-Smartwatch-010-02641-30_Artikel_20116498h4qI4N0cnpSP4_800x800-0.jpg","datePublished":"2022-11-29T15:18:19+00:00","dateModified":"2023-08-10T19:31:26+00:00","description":"Entdecken Sie unseren Online-Fahrradladen: Gro\u00dfe Auswahl an Modellen f\u00fcr alle Radsportbegeisterten. Von Rennr\u00e4dern bis zu Mountainbikes - finden Sie heute Ihren perfekten Wegbegleiter!","breadcrumb":{"@id":"https:\/\/kgerad.de\/produkt\/garmin-forerunner-255-music-gps-multisport-smartwatch\/#breadcrumb"},"inLanguage":"en-US","potentialAction":[{"@type":"ReadAction","target":["https:\/\/kgerad.de\/produkt\/garmin-forerunner-255-music-gps-multisport-smartwatch\/"]}]},{"@type":"ImageObject","inLanguage":"en-US","@id":"https:\/\/kgerad.de\/produkt\/garmin-forerunner-255-music-gps-multisport-smartwatch\/#primaryimage","url":"https:\/\/kgerad.de\/wp-content\/uploads\/2023\/06\/Master_Garmin-Forerunner-255-Music-GPS-Multisport-Smartwatch-010-02641-30_Artikel_20116498h4qI4N0cnpSP4_800x800-0.jpg","contentUrl":"https:\/\/kgerad.de\/wp-content\/uploads\/2023\/06\/Master_Garmin-Forerunner-255-Music-GPS-Multisport-Smartwatch-010-02641-30_Artikel_20116498h4qI4N0cnpSP4_800x800-0.jpg","width":800,"height":626,"caption":"Garmin Forerunner 255 Music - GPS Multisport Smartwatch"},{"@type":"BreadcrumbList","@id":"https:\/\/kgerad.de\/produkt\/garmin-forerunner-255-music-gps-multisport-smartwatch\/#breadcrumb","itemListElement":[{"@type":"ListItem","position":1,"name":"Startseite","item":"https:\/\/kgerad.de\/"},{"@type":"ListItem","position":2,"name":"LADEN","item":"https:\/\/kgerad.de\/laden\/"},{"@type":"ListItem","position":3,"name":"Garmin Forerunner 255 Music &#8211; GPS Multisport Smartwatch"}]},{"@type":"WebSite","@id":"https:\/\/kgerad.de\/#website","url":"https:\/\/kgerad.de\/","name":"kgerad.de","description":"Treten Sie mit uns ins Abenteuer!","publisher":{"@id":"https:\/\/kgerad.de\/#organization"},"alternateName":"MEIN RADLADEN","potentialAction":[{"@type":"SearchAction","target":{"@type":"EntryPoint","urlTemplate":"https:\/\/kgerad.de\/?s={search_term_string}"},"query-input":{"@type":"PropertyValueSpecification","valueRequired":true,"valueName":"search_term_string"}}],"inLanguage":"en-US"},{"@type":"Organization","@id":"https:\/\/kgerad.de\/#organization","name":"MEINRADLADEN","alternateName":"MEIN RADLADEN","url":"https:\/\/kgerad.de\/","logo":{"@type":"ImageObject","inLanguage":"en-US","@id":"https:\/\/kgerad.de\/#\/schema\/logo\/image\/","url":"https:\/\/kgerad.de\/wp-content\/uploads\/2025\/07\/logo-Whit.svg","contentUrl":"https:\/\/kgerad.de\/wp-content\/uploads\/2025\/07\/logo-Whit.svg","width":1640,"height":371,"caption":"MEINRADLADEN"},"image":{"@id":"https:\/\/kgerad.de\/#\/schema\/logo\/image\/"}}]}},"_links":{"self":[{"href":"https:\/\/kgerad.de\/en\/wp-json\/wp\/v2\/product\/45572","targetHints":{"allow":["GET"]}}],"collection":[{"href":"https:\/\/kgerad.de\/en\/wp-json\/wp\/v2\/product"}],"about":[{"href":"https:\/\/kgerad.de\/en\/wp-json\/wp\/v2\/types\/product"}],"replies":[{"embeddable":true,"href":"https:\/\/kgerad.de\/en\/wp-json\/wp\/v2\/comments?post=45572"}],"version-history":[{"count":1,"href":"https:\/\/kgerad.de\/en\/wp-json\/wp\/v2\/product\/45572\/revisions"}],"predecessor-version":[{"id":78990,"href":"https:\/\/kgerad.de\/en\/wp-json\/wp\/v2\/product\/45572\/revisions\/78990"}],"wp:featuredmedia":[{"embeddable":true,"href":"https:\/\/kgerad.de\/en\/wp-json\/wp\/v2\/media\/63766"}],"wp:attachment":[{"href":"https:\/\/kgerad.de\/en\/wp-json\/wp\/v2\/media?parent=45572"}],"wp:term":[{"taxonomy":"product_brand","embeddable":true,"href":"https:\/\/kgerad.de\/en\/wp-json\/wp\/v2\/product_brand?post=45572"},{"taxonomy":"product_cat","embeddable":true,"href":"https:\/\/kgerad.de\/en\/wp-json\/wp\/v2\/product_cat?post=45572"},{"taxonomy":"product_tag","embeddable":true,"href":"https:\/\/kgerad.de\/en\/wp-json\/wp\/v2\/product_tag?post=45572"}],"curies":[{"name":"wp","href":"https:\/\/api.w.org\/{rel}","templated":true}]}}