{"id":45523,"date":"2022-11-29T12:59:43","date_gmt":"2022-11-29T11:59:43","guid":{"rendered":"https:\/\/kgerad.de\/?post_type=product&#038;p=45523"},"modified":"2023-08-10T21:32:26","modified_gmt":"2023-08-10T19:32:26","slug":"la-sportiva-trango-trk-leather-gore-tex-wanderschuhe","status":"publish","type":"product","link":"https:\/\/kgerad.de\/en\/product\/la-sportiva-trango-trk-leather-gore-tex-wanderschuhe\/","title":{"rendered":"La Sportiva Trango Trk Leather GORE-TEX\u00ae &#8211; Wanderschuhe"},"content":{"rendered":"<h2 class=\"product--title\"><strong>La Sportiva<\/strong>\u00a0Trango Trk Leather GORE-TEX\u00ae &#8211; Wanderschuhe<\/h2>\n<p>Die La Sportiva Trango Trk Performance Comfort Membrane der Trango Trk Leather GTX Wanderschuhe garantiert Atmungsaktivit\u00e4t und Wasserfestigkeit, w\u00e4hrend das 3D Flex Bewegungssystem dem Sprunggelenk Halt bietet und maximale Kontrolle in der Antrittsfase bei unwegsamen Gel\u00e4nde bietet.<\/p>\n<p>Das differenzierte Schn\u00fcrsystem bietet eine perfekte Regulierung der Volumen, w\u00e4hrend die Vibramsohle mit Climbing Zone vorne auch den Einsatz auf Klettersteigen m\u00f6glich macht. Look Trango und La Sportiva Technologie f\u00fcr Komfort, Schutz und Sicherheit am Berg.<\/p>\n<hr \/>\n<h3>Produktdetails &#8211; Trango Trk Leather GORE-TEX\u00ae<\/h3>\n<ul>\n<li>Schaft aus wasserabweisendem und kratzfestem Gewebe<\/li>\n<li>Atmungsaktivit\u00e4t und Wasserfestigkeit werden dank der GORE-TEX Performance Comfort Membrane garantiert<\/li>\n<li>3D Flex Bewegungssystem gibt Halt und bietet maximale Kontrolle in der Antrittsfase auf verschiedenstem Untergrund<\/li>\n<li>Zwischensohle aus Polyurethan mit EVA Einsatz hinten<\/li>\n<li>Vibram-Au\u00dfensohle<\/li>\n<li><b>Gewicht:<\/b>\u00a0ca. 690g<\/li>\n<\/ul>\n<hr \/>\n<h3>Technologien<\/h3>\n<p><b>GORE-TEX\u00ae<\/b><br \/>\nOptimale Passform, angenehmes Tragegef\u00fchl. Garantiert wasserdicht. Aus jedem einzelnen Kilometer das Beste herausholen. Ob du hin und wieder joggen gehst, f\u00fcr einen Marathon trainierst oder einfach nur gern Sportschuhe tr\u00e4gst \u2013 La Sportiva sorgt daf\u00fcr, dass dir das Wetter nichts anhaben kann. GORE-TEX Invisible Fit Schuhe bieten dir perfekte Passform, Tragegef\u00fchl und Style wie du es magst und halten zudem das GORE-TEX GUARANTEED TO KEEP YOU DRY\u00ae Versprechen \u2013 das gilt vor allem f\u00fcr Sneakers mit gestricktem Obermaterial.<\/p>\n<p><b>Trango Series<\/b><br \/>\nPerfekte Synthese zwischen Design und Funktionalit\u00e4t, die Trango-Serie stellt die Evolution des modernen Alpinismus dar.<\/p>\n<p><b>3D Flex System<\/b><br \/>\nInnovatives multidirektionales Bewegungssystem des Schaftes, dank dessen das Sprunggelenk seine nat\u00fcrlichen Eigenschaften optimal nutzen kann, ohne an Stabilit\u00e4t zu verlieren.<\/p>\n<p><b>Impact Brake System<\/b><br \/>\nKonzipiert und entwickelt im Forschungs- und Entwicklungszentrum von La Sportiva, bietet es reale Vorteile w\u00e4hrend des Laufens: der negative Effekt der beim Aufprall mit dem Untergrund entsteht wird minimiert. Durch die besondere Anordnung der Noppen treten einige vorher in Kontakt mit dem Untergrund, somit wird der Aufprall des Schuhprofils weicher.<\/p>\n<p><b>Vibram<\/b><br \/>\nVibram-Sohle f\u00fcr ein optimales Gleichgewicht zwischen Leistung und Haltbarkeit.<\/p>","protected":false},"excerpt":{"rendered":"<p>La Sportiva\u00a0Trango Trk Leather GORE-TEX\u00ae &#8211; Wanderschuhe Die La Sportiva Trango Trk Performance Comfort Membrane der Trango Trk Leather GTX<\/p>","protected":false},"featured_media":63745,"comment_status":"open","ping_status":"closed","template":"","meta":[],"product_brand":[],"product_cat":[318,498],"product_tag":[],"class_list":{"0":"post-45523","1":"product","2":"type-product","3":"status-publish","4":"has-post-thumbnail","6":"product_cat-outdoor","7":"product_cat-schuhe-outdoor","8":"pa_marke-la-sportiva","10":"first","11":"instock","12":"sale","13":"taxable","14":"shipping-taxable","15":"purchasable","16":"product-type-variable"},"yoast_head":"<!-- This site is optimized with the Yoast SEO Premium plugin v20.12 (Yoast SEO v27.1.1) - https:\/\/yoast.com\/product\/yoast-seo-premium-wordpress\/ -->\n<title>La Sportiva Trango Trk Leather GORE-TEX\u00ae - Wanderschuhe<\/title>\n<meta name=\"description\" content=\"Entdecken Sie unseren Online-Fahrradladen: Gro\u00dfe Auswahl an Modellen f\u00fcr alle Radsportbegeisterten. Von Rennr\u00e4dern bis zu Mountainbikes - finden Sie heute Ihren perfekten Wegbegleiter!\" \/>\n<meta name=\"robots\" content=\"index, follow, max-snippet:-1, max-image-preview:large, max-video-preview:-1\" \/>\n<link rel=\"canonical\" href=\"https:\/\/kgerad.de\/en\/product\/la-sportiva-trango-trk-leather-gore-tex-wanderschuhe\/\" \/>\n<meta property=\"og:locale\" content=\"en_US\" \/>\n<meta property=\"og:type\" content=\"article\" \/>\n<meta property=\"og:title\" content=\"La Sportiva Trango Trk Leather GORE-TEX\u00ae - Wanderschuhe\" \/>\n<meta property=\"og:description\" content=\"Entdecken Sie unseren Online-Fahrradladen: Gro\u00dfe Auswahl an Modellen f\u00fcr alle Radsportbegeisterten. Von Rennr\u00e4dern bis zu Mountainbikes - finden Sie heute Ihren perfekten Wegbegleiter!\" \/>\n<meta property=\"og:url\" content=\"https:\/\/kgerad.de\/en\/product\/la-sportiva-trango-trk-leather-gore-tex-wanderschuhe\/\" \/>\n<meta property=\"og:site_name\" content=\"kgerad.de\" \/>\n<meta property=\"article:modified_time\" content=\"2023-08-10T19:32:26+00:00\" \/>\n<meta property=\"og:image\" content=\"https:\/\/kgerad.de\/wp-content\/uploads\/2023\/06\/La-Sportiva-Trango-Trk-Leather-GORE-TEX-Wanderschuhe-11Y900726_MAIN-GTX_800x800-00.jpg\" \/>\n\t<meta property=\"og:image:width\" content=\"633\" \/>\n\t<meta property=\"og:image:height\" content=\"800\" \/>\n\t<meta property=\"og:image:type\" content=\"image\/jpeg\" \/>\n<meta name=\"twitter:card\" content=\"summary_large_image\" \/>\n<meta name=\"twitter:label1\" content=\"Est. reading time\" \/>\n\t<meta name=\"twitter:data1\" content=\"2 minutes\" \/>\n<script type=\"application\/ld+json\" class=\"yoast-schema-graph\">{\"@context\":\"https:\/\/schema.org\",\"@graph\":[{\"@type\":\"WebPage\",\"@id\":\"https:\/\/kgerad.de\/produkt\/la-sportiva-trango-trk-leather-gore-tex-wanderschuhe\/\",\"url\":\"https:\/\/kgerad.de\/produkt\/la-sportiva-trango-trk-leather-gore-tex-wanderschuhe\/\",\"name\":\"La Sportiva Trango Trk Leather GORE-TEX\u00ae - Wanderschuhe\",\"isPartOf\":{\"@id\":\"https:\/\/kgerad.de\/#website\"},\"primaryImageOfPage\":{\"@id\":\"https:\/\/kgerad.de\/produkt\/la-sportiva-trango-trk-leather-gore-tex-wanderschuhe\/#primaryimage\"},\"image\":{\"@id\":\"https:\/\/kgerad.de\/produkt\/la-sportiva-trango-trk-leather-gore-tex-wanderschuhe\/#primaryimage\"},\"thumbnailUrl\":\"https:\/\/kgerad.de\/wp-content\/uploads\/2023\/06\/La-Sportiva-Trango-Trk-Leather-GORE-TEX-Wanderschuhe-11Y900726_MAIN-GTX_800x800-00.jpg\",\"datePublished\":\"2022-11-29T11:59:43+00:00\",\"dateModified\":\"2023-08-10T19:32:26+00:00\",\"description\":\"Entdecken Sie unseren Online-Fahrradladen: Gro\u00dfe Auswahl an Modellen f\u00fcr alle Radsportbegeisterten. Von Rennr\u00e4dern bis zu Mountainbikes - finden Sie heute Ihren perfekten Wegbegleiter!\",\"breadcrumb\":{\"@id\":\"https:\/\/kgerad.de\/produkt\/la-sportiva-trango-trk-leather-gore-tex-wanderschuhe\/#breadcrumb\"},\"inLanguage\":\"en-US\",\"potentialAction\":[{\"@type\":\"ReadAction\",\"target\":[\"https:\/\/kgerad.de\/produkt\/la-sportiva-trango-trk-leather-gore-tex-wanderschuhe\/\"]}]},{\"@type\":\"ImageObject\",\"inLanguage\":\"en-US\",\"@id\":\"https:\/\/kgerad.de\/produkt\/la-sportiva-trango-trk-leather-gore-tex-wanderschuhe\/#primaryimage\",\"url\":\"https:\/\/kgerad.de\/wp-content\/uploads\/2023\/06\/La-Sportiva-Trango-Trk-Leather-GORE-TEX-Wanderschuhe-11Y900726_MAIN-GTX_800x800-00.jpg\",\"contentUrl\":\"https:\/\/kgerad.de\/wp-content\/uploads\/2023\/06\/La-Sportiva-Trango-Trk-Leather-GORE-TEX-Wanderschuhe-11Y900726_MAIN-GTX_800x800-00.jpg\",\"width\":633,\"height\":800,\"caption\":\"La Sportiva Trango Trk Leather GORE-TEX\u00ae - Wanderschuhe\"},{\"@type\":\"BreadcrumbList\",\"@id\":\"https:\/\/kgerad.de\/produkt\/la-sportiva-trango-trk-leather-gore-tex-wanderschuhe\/#breadcrumb\",\"itemListElement\":[{\"@type\":\"ListItem\",\"position\":1,\"name\":\"Startseite\",\"item\":\"https:\/\/kgerad.de\/\"},{\"@type\":\"ListItem\",\"position\":2,\"name\":\"LADEN\",\"item\":\"https:\/\/kgerad.de\/laden\/\"},{\"@type\":\"ListItem\",\"position\":3,\"name\":\"La Sportiva Trango Trk Leather GORE-TEX\u00ae &#8211; Wanderschuhe\"}]},{\"@type\":\"WebSite\",\"@id\":\"https:\/\/kgerad.de\/#website\",\"url\":\"https:\/\/kgerad.de\/\",\"name\":\"kgerad.de\",\"description\":\"Treten Sie mit uns ins Abenteuer!\",\"publisher\":{\"@id\":\"https:\/\/kgerad.de\/#organization\"},\"alternateName\":\"MEIN RADLADEN\",\"potentialAction\":[{\"@type\":\"SearchAction\",\"target\":{\"@type\":\"EntryPoint\",\"urlTemplate\":\"https:\/\/kgerad.de\/?s={search_term_string}\"},\"query-input\":{\"@type\":\"PropertyValueSpecification\",\"valueRequired\":true,\"valueName\":\"search_term_string\"}}],\"inLanguage\":\"en-US\"},{\"@type\":\"Organization\",\"@id\":\"https:\/\/kgerad.de\/#organization\",\"name\":\"MEINRADLADEN\",\"alternateName\":\"MEIN RADLADEN\",\"url\":\"https:\/\/kgerad.de\/\",\"logo\":{\"@type\":\"ImageObject\",\"inLanguage\":\"en-US\",\"@id\":\"https:\/\/kgerad.de\/#\/schema\/logo\/image\/\",\"url\":\"https:\/\/kgerad.de\/wp-content\/uploads\/2025\/07\/logo-Whit.svg\",\"contentUrl\":\"https:\/\/kgerad.de\/wp-content\/uploads\/2025\/07\/logo-Whit.svg\",\"width\":1640,\"height\":371,\"caption\":\"MEINRADLADEN\"},\"image\":{\"@id\":\"https:\/\/kgerad.de\/#\/schema\/logo\/image\/\"}}]}<\/script>\n<!-- \/ Yoast SEO Premium plugin. -->","yoast_head_json":{"title":"La Sportiva Trango Trk Leather GORE-TEX\u00ae - Wanderschuhe","description":"Entdecken Sie unseren Online-Fahrradladen: Gro\u00dfe Auswahl an Modellen f\u00fcr alle Radsportbegeisterten. Von Rennr\u00e4dern bis zu Mountainbikes - finden Sie heute Ihren perfekten Wegbegleiter!","robots":{"index":"index","follow":"follow","max-snippet":"max-snippet:-1","max-image-preview":"max-image-preview:large","max-video-preview":"max-video-preview:-1"},"canonical":"https:\/\/kgerad.de\/en\/product\/la-sportiva-trango-trk-leather-gore-tex-wanderschuhe\/","og_locale":"en_US","og_type":"article","og_title":"La Sportiva Trango Trk Leather GORE-TEX\u00ae - Wanderschuhe","og_description":"Entdecken Sie unseren Online-Fahrradladen: Gro\u00dfe Auswahl an Modellen f\u00fcr alle Radsportbegeisterten. Von Rennr\u00e4dern bis zu Mountainbikes - finden Sie heute Ihren perfekten Wegbegleiter!","og_url":"https:\/\/kgerad.de\/en\/product\/la-sportiva-trango-trk-leather-gore-tex-wanderschuhe\/","og_site_name":"kgerad.de","article_modified_time":"2023-08-10T19:32:26+00:00","og_image":[{"width":633,"height":800,"url":"https:\/\/kgerad.de\/wp-content\/uploads\/2023\/06\/La-Sportiva-Trango-Trk-Leather-GORE-TEX-Wanderschuhe-11Y900726_MAIN-GTX_800x800-00.jpg","type":"image\/jpeg"}],"twitter_card":"summary_large_image","twitter_misc":{"Est. reading time":"2 minutes"},"schema":{"@context":"https:\/\/schema.org","@graph":[{"@type":"WebPage","@id":"https:\/\/kgerad.de\/produkt\/la-sportiva-trango-trk-leather-gore-tex-wanderschuhe\/","url":"https:\/\/kgerad.de\/produkt\/la-sportiva-trango-trk-leather-gore-tex-wanderschuhe\/","name":"La Sportiva Trango Trk Leather GORE-TEX\u00ae - Wanderschuhe","isPartOf":{"@id":"https:\/\/kgerad.de\/#website"},"primaryImageOfPage":{"@id":"https:\/\/kgerad.de\/produkt\/la-sportiva-trango-trk-leather-gore-tex-wanderschuhe\/#primaryimage"},"image":{"@id":"https:\/\/kgerad.de\/produkt\/la-sportiva-trango-trk-leather-gore-tex-wanderschuhe\/#primaryimage"},"thumbnailUrl":"https:\/\/kgerad.de\/wp-content\/uploads\/2023\/06\/La-Sportiva-Trango-Trk-Leather-GORE-TEX-Wanderschuhe-11Y900726_MAIN-GTX_800x800-00.jpg","datePublished":"2022-11-29T11:59:43+00:00","dateModified":"2023-08-10T19:32:26+00:00","description":"Entdecken Sie unseren Online-Fahrradladen: Gro\u00dfe Auswahl an Modellen f\u00fcr alle Radsportbegeisterten. Von Rennr\u00e4dern bis zu Mountainbikes - finden Sie heute Ihren perfekten Wegbegleiter!","breadcrumb":{"@id":"https:\/\/kgerad.de\/produkt\/la-sportiva-trango-trk-leather-gore-tex-wanderschuhe\/#breadcrumb"},"inLanguage":"en-US","potentialAction":[{"@type":"ReadAction","target":["https:\/\/kgerad.de\/produkt\/la-sportiva-trango-trk-leather-gore-tex-wanderschuhe\/"]}]},{"@type":"ImageObject","inLanguage":"en-US","@id":"https:\/\/kgerad.de\/produkt\/la-sportiva-trango-trk-leather-gore-tex-wanderschuhe\/#primaryimage","url":"https:\/\/kgerad.de\/wp-content\/uploads\/2023\/06\/La-Sportiva-Trango-Trk-Leather-GORE-TEX-Wanderschuhe-11Y900726_MAIN-GTX_800x800-00.jpg","contentUrl":"https:\/\/kgerad.de\/wp-content\/uploads\/2023\/06\/La-Sportiva-Trango-Trk-Leather-GORE-TEX-Wanderschuhe-11Y900726_MAIN-GTX_800x800-00.jpg","width":633,"height":800,"caption":"La Sportiva Trango Trk Leather GORE-TEX\u00ae - Wanderschuhe"},{"@type":"BreadcrumbList","@id":"https:\/\/kgerad.de\/produkt\/la-sportiva-trango-trk-leather-gore-tex-wanderschuhe\/#breadcrumb","itemListElement":[{"@type":"ListItem","position":1,"name":"Startseite","item":"https:\/\/kgerad.de\/"},{"@type":"ListItem","position":2,"name":"LADEN","item":"https:\/\/kgerad.de\/laden\/"},{"@type":"ListItem","position":3,"name":"La Sportiva Trango Trk Leather GORE-TEX\u00ae &#8211; Wanderschuhe"}]},{"@type":"WebSite","@id":"https:\/\/kgerad.de\/#website","url":"https:\/\/kgerad.de\/","name":"kgerad.de","description":"Treten Sie mit uns ins Abenteuer!","publisher":{"@id":"https:\/\/kgerad.de\/#organization"},"alternateName":"MEIN RADLADEN","potentialAction":[{"@type":"SearchAction","target":{"@type":"EntryPoint","urlTemplate":"https:\/\/kgerad.de\/?s={search_term_string}"},"query-input":{"@type":"PropertyValueSpecification","valueRequired":true,"valueName":"search_term_string"}}],"inLanguage":"en-US"},{"@type":"Organization","@id":"https:\/\/kgerad.de\/#organization","name":"MEINRADLADEN","alternateName":"MEIN RADLADEN","url":"https:\/\/kgerad.de\/","logo":{"@type":"ImageObject","inLanguage":"en-US","@id":"https:\/\/kgerad.de\/#\/schema\/logo\/image\/","url":"https:\/\/kgerad.de\/wp-content\/uploads\/2025\/07\/logo-Whit.svg","contentUrl":"https:\/\/kgerad.de\/wp-content\/uploads\/2025\/07\/logo-Whit.svg","width":1640,"height":371,"caption":"MEINRADLADEN"},"image":{"@id":"https:\/\/kgerad.de\/#\/schema\/logo\/image\/"}}]}},"_links":{"self":[{"href":"https:\/\/kgerad.de\/en\/wp-json\/wp\/v2\/product\/45523","targetHints":{"allow":["GET"]}}],"collection":[{"href":"https:\/\/kgerad.de\/en\/wp-json\/wp\/v2\/product"}],"about":[{"href":"https:\/\/kgerad.de\/en\/wp-json\/wp\/v2\/types\/product"}],"replies":[{"embeddable":true,"href":"https:\/\/kgerad.de\/en\/wp-json\/wp\/v2\/comments?post=45523"}],"version-history":[{"count":1,"href":"https:\/\/kgerad.de\/en\/wp-json\/wp\/v2\/product\/45523\/revisions"}],"predecessor-version":[{"id":78994,"href":"https:\/\/kgerad.de\/en\/wp-json\/wp\/v2\/product\/45523\/revisions\/78994"}],"wp:featuredmedia":[{"embeddable":true,"href":"https:\/\/kgerad.de\/en\/wp-json\/wp\/v2\/media\/63745"}],"wp:attachment":[{"href":"https:\/\/kgerad.de\/en\/wp-json\/wp\/v2\/media?parent=45523"}],"wp:term":[{"taxonomy":"product_brand","embeddable":true,"href":"https:\/\/kgerad.de\/en\/wp-json\/wp\/v2\/product_brand?post=45523"},{"taxonomy":"product_cat","embeddable":true,"href":"https:\/\/kgerad.de\/en\/wp-json\/wp\/v2\/product_cat?post=45523"},{"taxonomy":"product_tag","embeddable":true,"href":"https:\/\/kgerad.de\/en\/wp-json\/wp\/v2\/product_tag?post=45523"}],"curies":[{"name":"wp","href":"https:\/\/api.w.org\/{rel}","templated":true}]}}