{"id":45510,"date":"2022-11-29T12:23:25","date_gmt":"2022-11-29T11:23:25","guid":{"rendered":"https:\/\/kgerad.de\/?post_type=product&#038;p=45510"},"modified":"2023-08-10T21:32:37","modified_gmt":"2023-08-10T19:32:37","slug":"dolomite-60-dhaulagiri-gore-tex-multisportschuhe","status":"publish","type":"product","link":"https:\/\/kgerad.de\/en\/product\/dolomite-60-dhaulagiri-gore-tex-multisportschuhe\/","title":{"rendered":"Dolomite 60 Dhaulagiri GORE-TEX\u00ae &#8211; Multisportschuhe"},"content":{"rendered":"<h2 class=\"product--title\"><strong>Dolomite<\/strong>\u00a060 Dhaulagiri GORE-TEX\u00ae &#8211; Multisportschuhe<\/h2>\n<p>Der Dolomite 60 Dhaulagiri Schuh zeichnet sich durch die hochwertigen Oberfl\u00e4chen, wie dem Obermaterial aus Crazy Horse Leder und weichem Nubuk, aus. Raffinierte Details und Aufn\u00e4her erinnern an die historische Besteigung des Dhaulagiri. Ein fantastisches neues Merkmal ist das Futter aus GORE-TEX, das winterliche Abenteuer zu einem Genuss mit trockenen F\u00fc\u00dfen macht.<\/p>\n<p>Ein weiteres neues Ausstattungsmerkmal ist der leicht niedrigere Schnitt des Schuhs, der allen modernen Abenteurern hervorragende Flexibilit\u00e4t und Bewegungsfreiheit bietet. Die Metallhaken und kontrastfarbenen Schn\u00fcrsenkel vereinen Style und Funktion und erinnern an die typischen Bergstiefel von fr\u00fcher. Die Dolomite Vibram Brenta Sohle mit Ice Trek 2 Verbundmaterial sorgt f\u00fcr einen exzellenten Grip auf kaltem und vereistem Untergrund, w\u00e4hrend die ergonomische Fu\u00dfgew\u00f6lbe-St\u00fctze dauerhaften Komfort gew\u00e4hrleistet. Inspiriert von den gro\u00dfen Bergsteigern vergangener Zeiten \u2013 gemacht f\u00fcr die Abenteurer von heute.<\/p>\n<hr \/>\n<h3>Produktdetails &#8211; Dolomite 60 Dhaulagiri GTX<\/h3>\n<ul>\n<li>Dolomite Vibram\u00ae Sohle mit Ice Trek 2 Verbundmaterial f\u00fcr erstklassigen Grip auf vereistem Untergrund und in kalter Umgebung<\/li>\n<li>Aus speziell gegerbtem Crazy-Horse-Leder und weichem Nubukleder gefertigt f\u00fcr eine bessere St\u00fctzfunktion am Kn\u00f6chel<\/li>\n<li>Vintage-Emblem und Metallhakenverschluss im Retro-Stil<\/li>\n<li>Schaftfutter aus Vollnarbenleder und Gore-tex Sierra 4LY bieten Komfort und W\u00e4rme<\/li>\n<li>Zweifach verdichtetes, zweifarbiges, d\u00e4mpfendes und mikropor\u00f6ses Material<\/li>\n<li>GORE-TEX-Futter, wasserdicht<\/li>\n<\/ul>\n<hr \/>\n<h3>Technologie<\/h3>\n<p><strong>Dolomite Anatomic System light<\/strong><br \/>\nDas Dolomite Anatomic System (DAS) ist ein exklusives System von Dolomite, das durch sein robustes und anatomisch geformtes Fu\u00dfbett \u00fcberzeugt. Das System gew\u00e4hrleistet eine komfortable Passform, verbessert die K\u00f6rperhaltung und sorgt damit f\u00fcr bessere Stabilit\u00e4t und Balance.<\/p>\n<p><strong>GORE-TEX<\/strong><br \/>\nDie GORE-TEX-Technologie sorgt f\u00fcr absolut wasserdichte und atmungsaktive Eigenschaften. Sie h\u00e4lt die F\u00fc\u00dfe trocken und sorgt f\u00fcr optimalen W\u00e4rmekomfort.<\/p>\n<p><strong>Vibram-Sohle<\/strong><br \/>\nDie Vibram-Sohle gew\u00e4hrleistet dank der Kombination aus hyperfunktionellem Design und exklusiven Gummikomponenten eine hervorragende Leistung in Bezug auf Komfort, Langlebigkeit und Qualit\u00e4t.<\/p>","protected":false},"excerpt":{"rendered":"<p>Dolomite\u00a060 Dhaulagiri GORE-TEX\u00ae &#8211; Multisportschuhe Der Dolomite 60 Dhaulagiri Schuh zeichnet sich durch die hochwertigen Oberfl\u00e4chen, wie dem Obermaterial aus<\/p>","protected":false},"featured_media":63743,"comment_status":"open","ping_status":"closed","template":"","meta":[],"product_brand":[],"product_cat":[318,498],"product_tag":[],"class_list":{"0":"post-45510","1":"product","2":"type-product","3":"status-publish","4":"has-post-thumbnail","6":"product_cat-outdoor","7":"product_cat-schuhe-outdoor","8":"pa_marke-dolomite","10":"first","11":"instock","12":"sale","13":"taxable","14":"shipping-taxable","15":"purchasable","16":"product-type-variable"},"yoast_head":"<!-- This site is optimized with the Yoast SEO Premium plugin v20.12 (Yoast SEO v27.1.1) - https:\/\/yoast.com\/product\/yoast-seo-premium-wordpress\/ -->\n<title>Dolomite 60 Dhaulagiri GORE-TEX\u00ae - Multisportschuhe<\/title>\n<meta name=\"description\" content=\"Entdecken Sie unseren Online-Fahrradladen: Gro\u00dfe Auswahl an Modellen f\u00fcr alle Radsportbegeisterten. Von Rennr\u00e4dern bis zu Mountainbikes - finden Sie heute Ihren perfekten Wegbegleiter!\" \/>\n<meta name=\"robots\" content=\"index, follow, max-snippet:-1, max-image-preview:large, max-video-preview:-1\" \/>\n<link rel=\"canonical\" href=\"https:\/\/kgerad.de\/en\/product\/dolomite-60-dhaulagiri-gore-tex-multisportschuhe\/\" \/>\n<meta property=\"og:locale\" content=\"en_US\" \/>\n<meta property=\"og:type\" content=\"article\" \/>\n<meta property=\"og:title\" content=\"Dolomite 60 Dhaulagiri GORE-TEX\u00ae - Multisportschuhe\" \/>\n<meta property=\"og:description\" content=\"Entdecken Sie unseren Online-Fahrradladen: Gro\u00dfe Auswahl an Modellen f\u00fcr alle Radsportbegeisterten. Von Rennr\u00e4dern bis zu Mountainbikes - finden Sie heute Ihren perfekten Wegbegleiter!\" \/>\n<meta property=\"og:url\" content=\"https:\/\/kgerad.de\/en\/product\/dolomite-60-dhaulagiri-gore-tex-multisportschuhe\/\" \/>\n<meta property=\"og:site_name\" content=\"kgerad.de\" \/>\n<meta property=\"article:modified_time\" content=\"2023-08-10T19:32:37+00:00\" \/>\n<meta property=\"og:image\" content=\"https:\/\/kgerad.de\/wp-content\/uploads\/2023\/06\/Dolomite_60-Dhaulagiri-GORE-TEX-R-Multisportschuhe_279907-1299_Main_800x800-00.jpg\" \/>\n\t<meta property=\"og:image:width\" content=\"692\" \/>\n\t<meta property=\"og:image:height\" content=\"800\" \/>\n\t<meta property=\"og:image:type\" content=\"image\/jpeg\" \/>\n<meta name=\"twitter:card\" content=\"summary_large_image\" \/>\n<meta name=\"twitter:label1\" content=\"Est. reading time\" \/>\n\t<meta name=\"twitter:data1\" content=\"2 minutes\" \/>\n<script type=\"application\/ld+json\" class=\"yoast-schema-graph\">{\"@context\":\"https:\/\/schema.org\",\"@graph\":[{\"@type\":\"WebPage\",\"@id\":\"https:\/\/kgerad.de\/produkt\/dolomite-60-dhaulagiri-gore-tex-multisportschuhe\/\",\"url\":\"https:\/\/kgerad.de\/produkt\/dolomite-60-dhaulagiri-gore-tex-multisportschuhe\/\",\"name\":\"Dolomite 60 Dhaulagiri GORE-TEX\u00ae - Multisportschuhe\",\"isPartOf\":{\"@id\":\"https:\/\/kgerad.de\/#website\"},\"primaryImageOfPage\":{\"@id\":\"https:\/\/kgerad.de\/produkt\/dolomite-60-dhaulagiri-gore-tex-multisportschuhe\/#primaryimage\"},\"image\":{\"@id\":\"https:\/\/kgerad.de\/produkt\/dolomite-60-dhaulagiri-gore-tex-multisportschuhe\/#primaryimage\"},\"thumbnailUrl\":\"https:\/\/kgerad.de\/wp-content\/uploads\/2023\/06\/Dolomite_60-Dhaulagiri-GORE-TEX-R-Multisportschuhe_279907-1299_Main_800x800-00.jpg\",\"datePublished\":\"2022-11-29T11:23:25+00:00\",\"dateModified\":\"2023-08-10T19:32:37+00:00\",\"description\":\"Entdecken Sie unseren Online-Fahrradladen: Gro\u00dfe Auswahl an Modellen f\u00fcr alle Radsportbegeisterten. Von Rennr\u00e4dern bis zu Mountainbikes - finden Sie heute Ihren perfekten Wegbegleiter!\",\"breadcrumb\":{\"@id\":\"https:\/\/kgerad.de\/produkt\/dolomite-60-dhaulagiri-gore-tex-multisportschuhe\/#breadcrumb\"},\"inLanguage\":\"en-US\",\"potentialAction\":[{\"@type\":\"ReadAction\",\"target\":[\"https:\/\/kgerad.de\/produkt\/dolomite-60-dhaulagiri-gore-tex-multisportschuhe\/\"]}]},{\"@type\":\"ImageObject\",\"inLanguage\":\"en-US\",\"@id\":\"https:\/\/kgerad.de\/produkt\/dolomite-60-dhaulagiri-gore-tex-multisportschuhe\/#primaryimage\",\"url\":\"https:\/\/kgerad.de\/wp-content\/uploads\/2023\/06\/Dolomite_60-Dhaulagiri-GORE-TEX-R-Multisportschuhe_279907-1299_Main_800x800-00.jpg\",\"contentUrl\":\"https:\/\/kgerad.de\/wp-content\/uploads\/2023\/06\/Dolomite_60-Dhaulagiri-GORE-TEX-R-Multisportschuhe_279907-1299_Main_800x800-00.jpg\",\"width\":692,\"height\":800,\"caption\":\"Dolomite 60 Dhaulagiri GORE-TEX\u00ae - Multisportschuhe\"},{\"@type\":\"BreadcrumbList\",\"@id\":\"https:\/\/kgerad.de\/produkt\/dolomite-60-dhaulagiri-gore-tex-multisportschuhe\/#breadcrumb\",\"itemListElement\":[{\"@type\":\"ListItem\",\"position\":1,\"name\":\"Startseite\",\"item\":\"https:\/\/kgerad.de\/\"},{\"@type\":\"ListItem\",\"position\":2,\"name\":\"LADEN\",\"item\":\"https:\/\/kgerad.de\/laden\/\"},{\"@type\":\"ListItem\",\"position\":3,\"name\":\"Dolomite 60 Dhaulagiri GORE-TEX\u00ae &#8211; Multisportschuhe\"}]},{\"@type\":\"WebSite\",\"@id\":\"https:\/\/kgerad.de\/#website\",\"url\":\"https:\/\/kgerad.de\/\",\"name\":\"kgerad.de\",\"description\":\"Treten Sie mit uns ins Abenteuer!\",\"publisher\":{\"@id\":\"https:\/\/kgerad.de\/#organization\"},\"alternateName\":\"MEIN RADLADEN\",\"potentialAction\":[{\"@type\":\"SearchAction\",\"target\":{\"@type\":\"EntryPoint\",\"urlTemplate\":\"https:\/\/kgerad.de\/?s={search_term_string}\"},\"query-input\":{\"@type\":\"PropertyValueSpecification\",\"valueRequired\":true,\"valueName\":\"search_term_string\"}}],\"inLanguage\":\"en-US\"},{\"@type\":\"Organization\",\"@id\":\"https:\/\/kgerad.de\/#organization\",\"name\":\"MEINRADLADEN\",\"alternateName\":\"MEIN RADLADEN\",\"url\":\"https:\/\/kgerad.de\/\",\"logo\":{\"@type\":\"ImageObject\",\"inLanguage\":\"en-US\",\"@id\":\"https:\/\/kgerad.de\/#\/schema\/logo\/image\/\",\"url\":\"https:\/\/kgerad.de\/wp-content\/uploads\/2025\/07\/logo-Whit.svg\",\"contentUrl\":\"https:\/\/kgerad.de\/wp-content\/uploads\/2025\/07\/logo-Whit.svg\",\"width\":1640,\"height\":371,\"caption\":\"MEINRADLADEN\"},\"image\":{\"@id\":\"https:\/\/kgerad.de\/#\/schema\/logo\/image\/\"}}]}<\/script>\n<!-- \/ Yoast SEO Premium plugin. -->","yoast_head_json":{"title":"Dolomite 60 Dhaulagiri GORE-TEX\u00ae - Multisportschuhe","description":"Entdecken Sie unseren Online-Fahrradladen: Gro\u00dfe Auswahl an Modellen f\u00fcr alle Radsportbegeisterten. Von Rennr\u00e4dern bis zu Mountainbikes - finden Sie heute Ihren perfekten Wegbegleiter!","robots":{"index":"index","follow":"follow","max-snippet":"max-snippet:-1","max-image-preview":"max-image-preview:large","max-video-preview":"max-video-preview:-1"},"canonical":"https:\/\/kgerad.de\/en\/product\/dolomite-60-dhaulagiri-gore-tex-multisportschuhe\/","og_locale":"en_US","og_type":"article","og_title":"Dolomite 60 Dhaulagiri GORE-TEX\u00ae - Multisportschuhe","og_description":"Entdecken Sie unseren Online-Fahrradladen: Gro\u00dfe Auswahl an Modellen f\u00fcr alle Radsportbegeisterten. Von Rennr\u00e4dern bis zu Mountainbikes - finden Sie heute Ihren perfekten Wegbegleiter!","og_url":"https:\/\/kgerad.de\/en\/product\/dolomite-60-dhaulagiri-gore-tex-multisportschuhe\/","og_site_name":"kgerad.de","article_modified_time":"2023-08-10T19:32:37+00:00","og_image":[{"width":692,"height":800,"url":"https:\/\/kgerad.de\/wp-content\/uploads\/2023\/06\/Dolomite_60-Dhaulagiri-GORE-TEX-R-Multisportschuhe_279907-1299_Main_800x800-00.jpg","type":"image\/jpeg"}],"twitter_card":"summary_large_image","twitter_misc":{"Est. reading time":"2 minutes"},"schema":{"@context":"https:\/\/schema.org","@graph":[{"@type":"WebPage","@id":"https:\/\/kgerad.de\/produkt\/dolomite-60-dhaulagiri-gore-tex-multisportschuhe\/","url":"https:\/\/kgerad.de\/produkt\/dolomite-60-dhaulagiri-gore-tex-multisportschuhe\/","name":"Dolomite 60 Dhaulagiri GORE-TEX\u00ae - Multisportschuhe","isPartOf":{"@id":"https:\/\/kgerad.de\/#website"},"primaryImageOfPage":{"@id":"https:\/\/kgerad.de\/produkt\/dolomite-60-dhaulagiri-gore-tex-multisportschuhe\/#primaryimage"},"image":{"@id":"https:\/\/kgerad.de\/produkt\/dolomite-60-dhaulagiri-gore-tex-multisportschuhe\/#primaryimage"},"thumbnailUrl":"https:\/\/kgerad.de\/wp-content\/uploads\/2023\/06\/Dolomite_60-Dhaulagiri-GORE-TEX-R-Multisportschuhe_279907-1299_Main_800x800-00.jpg","datePublished":"2022-11-29T11:23:25+00:00","dateModified":"2023-08-10T19:32:37+00:00","description":"Entdecken Sie unseren Online-Fahrradladen: Gro\u00dfe Auswahl an Modellen f\u00fcr alle Radsportbegeisterten. Von Rennr\u00e4dern bis zu Mountainbikes - finden Sie heute Ihren perfekten Wegbegleiter!","breadcrumb":{"@id":"https:\/\/kgerad.de\/produkt\/dolomite-60-dhaulagiri-gore-tex-multisportschuhe\/#breadcrumb"},"inLanguage":"en-US","potentialAction":[{"@type":"ReadAction","target":["https:\/\/kgerad.de\/produkt\/dolomite-60-dhaulagiri-gore-tex-multisportschuhe\/"]}]},{"@type":"ImageObject","inLanguage":"en-US","@id":"https:\/\/kgerad.de\/produkt\/dolomite-60-dhaulagiri-gore-tex-multisportschuhe\/#primaryimage","url":"https:\/\/kgerad.de\/wp-content\/uploads\/2023\/06\/Dolomite_60-Dhaulagiri-GORE-TEX-R-Multisportschuhe_279907-1299_Main_800x800-00.jpg","contentUrl":"https:\/\/kgerad.de\/wp-content\/uploads\/2023\/06\/Dolomite_60-Dhaulagiri-GORE-TEX-R-Multisportschuhe_279907-1299_Main_800x800-00.jpg","width":692,"height":800,"caption":"Dolomite 60 Dhaulagiri GORE-TEX\u00ae - Multisportschuhe"},{"@type":"BreadcrumbList","@id":"https:\/\/kgerad.de\/produkt\/dolomite-60-dhaulagiri-gore-tex-multisportschuhe\/#breadcrumb","itemListElement":[{"@type":"ListItem","position":1,"name":"Startseite","item":"https:\/\/kgerad.de\/"},{"@type":"ListItem","position":2,"name":"LADEN","item":"https:\/\/kgerad.de\/laden\/"},{"@type":"ListItem","position":3,"name":"Dolomite 60 Dhaulagiri GORE-TEX\u00ae &#8211; Multisportschuhe"}]},{"@type":"WebSite","@id":"https:\/\/kgerad.de\/#website","url":"https:\/\/kgerad.de\/","name":"kgerad.de","description":"Treten Sie mit uns ins Abenteuer!","publisher":{"@id":"https:\/\/kgerad.de\/#organization"},"alternateName":"MEIN RADLADEN","potentialAction":[{"@type":"SearchAction","target":{"@type":"EntryPoint","urlTemplate":"https:\/\/kgerad.de\/?s={search_term_string}"},"query-input":{"@type":"PropertyValueSpecification","valueRequired":true,"valueName":"search_term_string"}}],"inLanguage":"en-US"},{"@type":"Organization","@id":"https:\/\/kgerad.de\/#organization","name":"MEINRADLADEN","alternateName":"MEIN RADLADEN","url":"https:\/\/kgerad.de\/","logo":{"@type":"ImageObject","inLanguage":"en-US","@id":"https:\/\/kgerad.de\/#\/schema\/logo\/image\/","url":"https:\/\/kgerad.de\/wp-content\/uploads\/2025\/07\/logo-Whit.svg","contentUrl":"https:\/\/kgerad.de\/wp-content\/uploads\/2025\/07\/logo-Whit.svg","width":1640,"height":371,"caption":"MEINRADLADEN"},"image":{"@id":"https:\/\/kgerad.de\/#\/schema\/logo\/image\/"}}]}},"_links":{"self":[{"href":"https:\/\/kgerad.de\/en\/wp-json\/wp\/v2\/product\/45510","targetHints":{"allow":["GET"]}}],"collection":[{"href":"https:\/\/kgerad.de\/en\/wp-json\/wp\/v2\/product"}],"about":[{"href":"https:\/\/kgerad.de\/en\/wp-json\/wp\/v2\/types\/product"}],"replies":[{"embeddable":true,"href":"https:\/\/kgerad.de\/en\/wp-json\/wp\/v2\/comments?post=45510"}],"version-history":[{"count":1,"href":"https:\/\/kgerad.de\/en\/wp-json\/wp\/v2\/product\/45510\/revisions"}],"predecessor-version":[{"id":78995,"href":"https:\/\/kgerad.de\/en\/wp-json\/wp\/v2\/product\/45510\/revisions\/78995"}],"wp:featuredmedia":[{"embeddable":true,"href":"https:\/\/kgerad.de\/en\/wp-json\/wp\/v2\/media\/63743"}],"wp:attachment":[{"href":"https:\/\/kgerad.de\/en\/wp-json\/wp\/v2\/media?parent=45510"}],"wp:term":[{"taxonomy":"product_brand","embeddable":true,"href":"https:\/\/kgerad.de\/en\/wp-json\/wp\/v2\/product_brand?post=45510"},{"taxonomy":"product_cat","embeddable":true,"href":"https:\/\/kgerad.de\/en\/wp-json\/wp\/v2\/product_cat?post=45510"},{"taxonomy":"product_tag","embeddable":true,"href":"https:\/\/kgerad.de\/en\/wp-json\/wp\/v2\/product_tag?post=45510"}],"curies":[{"name":"wp","href":"https:\/\/api.w.org\/{rel}","templated":true}]}}