{"id":45465,"date":"2022-11-29T10:03:11","date_gmt":"2022-11-29T09:03:11","guid":{"rendered":"https:\/\/kgerad.de\/?post_type=product&#038;p=45465"},"modified":"2023-08-10T21:36:25","modified_gmt":"2023-08-10T19:36:25","slug":"meindl-stowe-gtx-wanderschuhe","status":"publish","type":"product","link":"https:\/\/kgerad.de\/en\/product\/meindl-stowe-gtx-wanderschuhe\/","title":{"rendered":"Meindl Stowe GTX\u00ae &#8211; Wanderschuhe"},"content":{"rendered":"<h2 class=\"product--title\"><strong>Meindl<\/strong>\u00a0Stowe GTX\u00ae &#8211; Wanderschuhe<\/h2>\n<p>Der Meindl Stowe GTX\u00ae ist der Klassiker f\u00fcr kalte Tage. Mit diesen Schuhen bist du bestens ger\u00fcstet, egal ob f\u00fcr den t\u00e4glichen Gebrauch, in der Freizeit oder zum Wandern an kalten Tagen.<\/p>\n<hr \/>\n<h3>Produktdetails &#8211; Stowe GTX\u00ae Wanderschuhe<\/h3>\n<ul>\n<li>Obermaterial: Nubukleder gewachst<\/li>\n<li>Futter: GORE-TEX\u00ae Performance Comfort Footwear<\/li>\n<li>Fu\u00dfbett: Leder + echtes Lammfell<\/li>\n<li>Sohle: Vibram\u00ae Ice Trek PRO<\/li>\n<li>Sohlen Nr.: 102<\/li>\n<li>Gewicht: ca. 620 g pro Schuh<\/li>\n<li>Schafth\u00f6he: 10cm<\/li>\n<\/ul>\n<hr \/>\n<h3>Technologien<\/h3>\n<p><strong>Vibram\u00ae Ice Trek Sohle<\/strong><br \/>\nDie innovative Wintersohle hat neben den hervorragenden Eigenschaften auf Eis auch beste Abriebswerte \u2013 somit eignet sich die Gummisohle als Ganzjahressohle.<\/p>\n<p><strong>Leder- und Echtes-Lammfell-Fu\u00dfbett<\/strong><br \/>\nDiese Schuhe werden mit zwei Fu\u00dfbetten ausgeliefert. Entsprechend der Jahreszeit kann das Fu\u00dfbett getauscht werden.<\/p>\n<p><strong>GORE-TEX\u00ae SURROUND\u00ae<\/strong><br \/>\nSchuhe mit GORE-TEX\u00ae Technologie sind dauerhaft wasserdicht, hoch atmungsaktiv und bieten perfekten Klimakomfort f\u00fcr verschiedenste Aktivit\u00e4ten und Wetterverh\u00e4ltnisse. Alle Schuhe mit GORE-TEX\u00ae Technologie werden nach strengen Qualit\u00e4tsstandards hergestellt.<\/p>\n<ul>\n<li>Rundum sichtbar atmungsaktiv und dauerhaft wasserdicht<\/li>\n<li>Halten die F\u00fc\u00dfe rundum angenehm trocken und k\u00fchl<\/li>\n<li>Ideal f\u00fcr mittlere bis h\u00f6here Temperaturen<\/li>\n<li>Innovative offene Sohlenkonstruktion<\/li>\n<\/ul>\n<hr \/>\n<h3>Die richtigen Socken<\/h3>\n<p>Die Meindl Stowe GTX Socken bilden die Schicht zwischen Fu\u00df und Schuhfutter. Gerade deshalb ist es wichtig, darauf zu achten, dass sie optimal auf den gew\u00fcnschten Einsatzbereich abgestimmt sind. Die GORE-TEX\u00ae Membrane funktioniert grunds\u00e4tzlich unabh\u00e4ngig von den verwendeten Socken. Optimal konstruierte Socken k\u00f6nnen jedoch den Tragekomfort, speziell den Klimakomfort, deutlich sp\u00fcrbar positiv beeinflussen.<\/p>\n<p>Achten Sie deshalb auf die richtige Material-Mischung: 100% Baumwolle saugt viel Feuchtigkeit auf und gibt sie nur sehr langsam wieder ab. Feuchtigkeit bleibt am Fu\u00df, die F\u00fc\u00dfe k\u00fchlen aus. Vorteilhaft ist daher eine Mischung aus qualitativ hochwertiger Schafschurwolle (z.B. Merino) und Kunstfaser (wie z.B. Polyester, Polyamid).<\/p>","protected":false},"excerpt":{"rendered":"<p>Meindl\u00a0Stowe GTX\u00ae &#8211; Wanderschuhe Der Meindl Stowe GTX\u00ae ist der Klassiker f\u00fcr kalte Tage. Mit diesen Schuhen bist du bestens<\/p>","protected":false},"featured_media":63730,"comment_status":"open","ping_status":"closed","template":"","meta":[],"product_brand":[],"product_cat":[318,498],"product_tag":[],"class_list":{"0":"post-45465","1":"product","2":"type-product","3":"status-publish","4":"has-post-thumbnail","6":"product_cat-outdoor","7":"product_cat-schuhe-outdoor","8":"pa_marke-meindl","10":"first","11":"instock","12":"sale","13":"taxable","14":"shipping-taxable","15":"purchasable","16":"product-type-variable"},"yoast_head":"<!-- This site is optimized with the Yoast SEO Premium plugin v20.12 (Yoast SEO v27.1.1) - https:\/\/yoast.com\/product\/yoast-seo-premium-wordpress\/ -->\n<title>Meindl Stowe GTX\u00ae - Wanderschuhe<\/title>\n<meta name=\"description\" content=\"Entdecken Sie unseren Online-Fahrradladen: Gro\u00dfe Auswahl an Modellen f\u00fcr alle Radsportbegeisterten. Von Rennr\u00e4dern bis zu Mountainbikes - finden Sie heute Ihren perfekten Wegbegleiter!\" \/>\n<meta name=\"robots\" content=\"index, follow, max-snippet:-1, max-image-preview:large, max-video-preview:-1\" \/>\n<link rel=\"canonical\" href=\"https:\/\/kgerad.de\/en\/product\/meindl-stowe-gtx-wanderschuhe\/\" \/>\n<meta property=\"og:locale\" content=\"en_US\" \/>\n<meta property=\"og:type\" content=\"article\" \/>\n<meta property=\"og:title\" content=\"Meindl Stowe GTX\u00ae - Wanderschuhe\" \/>\n<meta property=\"og:description\" content=\"Entdecken Sie unseren Online-Fahrradladen: Gro\u00dfe Auswahl an Modellen f\u00fcr alle Radsportbegeisterten. Von Rennr\u00e4dern bis zu Mountainbikes - finden Sie heute Ihren perfekten Wegbegleiter!\" \/>\n<meta property=\"og:url\" content=\"https:\/\/kgerad.de\/en\/product\/meindl-stowe-gtx-wanderschuhe\/\" \/>\n<meta property=\"og:site_name\" content=\"kgerad.de\" \/>\n<meta property=\"article:modified_time\" content=\"2023-08-10T19:36:25+00:00\" \/>\n<meta property=\"og:image\" content=\"https:\/\/kgerad.de\/wp-content\/uploads\/2023\/06\/3474-10_Stowe_1_GTX_800x800-0.jpg\" \/>\n\t<meta property=\"og:image:width\" content=\"800\" \/>\n\t<meta property=\"og:image:height\" content=\"709\" \/>\n\t<meta property=\"og:image:type\" content=\"image\/jpeg\" \/>\n<meta name=\"twitter:card\" content=\"summary_large_image\" \/>\n<meta name=\"twitter:label1\" content=\"Est. reading time\" \/>\n\t<meta name=\"twitter:data1\" content=\"2 minutes\" \/>\n<script type=\"application\/ld+json\" class=\"yoast-schema-graph\">{\"@context\":\"https:\/\/schema.org\",\"@graph\":[{\"@type\":\"WebPage\",\"@id\":\"https:\/\/kgerad.de\/produkt\/meindl-stowe-gtx-wanderschuhe\/\",\"url\":\"https:\/\/kgerad.de\/produkt\/meindl-stowe-gtx-wanderschuhe\/\",\"name\":\"Meindl Stowe GTX\u00ae - Wanderschuhe\",\"isPartOf\":{\"@id\":\"https:\/\/kgerad.de\/#website\"},\"primaryImageOfPage\":{\"@id\":\"https:\/\/kgerad.de\/produkt\/meindl-stowe-gtx-wanderschuhe\/#primaryimage\"},\"image\":{\"@id\":\"https:\/\/kgerad.de\/produkt\/meindl-stowe-gtx-wanderschuhe\/#primaryimage\"},\"thumbnailUrl\":\"https:\/\/kgerad.de\/wp-content\/uploads\/2023\/06\/3474-10_Stowe_1_GTX_800x800-0.jpg\",\"datePublished\":\"2022-11-29T09:03:11+00:00\",\"dateModified\":\"2023-08-10T19:36:25+00:00\",\"description\":\"Entdecken Sie unseren Online-Fahrradladen: Gro\u00dfe Auswahl an Modellen f\u00fcr alle Radsportbegeisterten. Von Rennr\u00e4dern bis zu Mountainbikes - finden Sie heute Ihren perfekten Wegbegleiter!\",\"breadcrumb\":{\"@id\":\"https:\/\/kgerad.de\/produkt\/meindl-stowe-gtx-wanderschuhe\/#breadcrumb\"},\"inLanguage\":\"en-US\",\"potentialAction\":[{\"@type\":\"ReadAction\",\"target\":[\"https:\/\/kgerad.de\/produkt\/meindl-stowe-gtx-wanderschuhe\/\"]}]},{\"@type\":\"ImageObject\",\"inLanguage\":\"en-US\",\"@id\":\"https:\/\/kgerad.de\/produkt\/meindl-stowe-gtx-wanderschuhe\/#primaryimage\",\"url\":\"https:\/\/kgerad.de\/wp-content\/uploads\/2023\/06\/3474-10_Stowe_1_GTX_800x800-0.jpg\",\"contentUrl\":\"https:\/\/kgerad.de\/wp-content\/uploads\/2023\/06\/3474-10_Stowe_1_GTX_800x800-0.jpg\",\"width\":800,\"height\":709,\"caption\":\"Meindl Stowe GTX\u00ae - Wanderschuhe\"},{\"@type\":\"BreadcrumbList\",\"@id\":\"https:\/\/kgerad.de\/produkt\/meindl-stowe-gtx-wanderschuhe\/#breadcrumb\",\"itemListElement\":[{\"@type\":\"ListItem\",\"position\":1,\"name\":\"Startseite\",\"item\":\"https:\/\/kgerad.de\/\"},{\"@type\":\"ListItem\",\"position\":2,\"name\":\"LADEN\",\"item\":\"https:\/\/kgerad.de\/laden\/\"},{\"@type\":\"ListItem\",\"position\":3,\"name\":\"Meindl Stowe GTX\u00ae &#8211; Wanderschuhe\"}]},{\"@type\":\"WebSite\",\"@id\":\"https:\/\/kgerad.de\/#website\",\"url\":\"https:\/\/kgerad.de\/\",\"name\":\"kgerad.de\",\"description\":\"Treten Sie mit uns ins Abenteuer!\",\"publisher\":{\"@id\":\"https:\/\/kgerad.de\/#organization\"},\"alternateName\":\"MEIN RADLADEN\",\"potentialAction\":[{\"@type\":\"SearchAction\",\"target\":{\"@type\":\"EntryPoint\",\"urlTemplate\":\"https:\/\/kgerad.de\/?s={search_term_string}\"},\"query-input\":{\"@type\":\"PropertyValueSpecification\",\"valueRequired\":true,\"valueName\":\"search_term_string\"}}],\"inLanguage\":\"en-US\"},{\"@type\":\"Organization\",\"@id\":\"https:\/\/kgerad.de\/#organization\",\"name\":\"MEINRADLADEN\",\"alternateName\":\"MEIN RADLADEN\",\"url\":\"https:\/\/kgerad.de\/\",\"logo\":{\"@type\":\"ImageObject\",\"inLanguage\":\"en-US\",\"@id\":\"https:\/\/kgerad.de\/#\/schema\/logo\/image\/\",\"url\":\"https:\/\/kgerad.de\/wp-content\/uploads\/2025\/07\/logo-Whit.svg\",\"contentUrl\":\"https:\/\/kgerad.de\/wp-content\/uploads\/2025\/07\/logo-Whit.svg\",\"width\":1640,\"height\":371,\"caption\":\"MEINRADLADEN\"},\"image\":{\"@id\":\"https:\/\/kgerad.de\/#\/schema\/logo\/image\/\"}}]}<\/script>\n<!-- \/ Yoast SEO Premium plugin. -->","yoast_head_json":{"title":"Meindl Stowe GTX\u00ae - Wanderschuhe","description":"Entdecken Sie unseren Online-Fahrradladen: Gro\u00dfe Auswahl an Modellen f\u00fcr alle Radsportbegeisterten. Von Rennr\u00e4dern bis zu Mountainbikes - finden Sie heute Ihren perfekten Wegbegleiter!","robots":{"index":"index","follow":"follow","max-snippet":"max-snippet:-1","max-image-preview":"max-image-preview:large","max-video-preview":"max-video-preview:-1"},"canonical":"https:\/\/kgerad.de\/en\/product\/meindl-stowe-gtx-wanderschuhe\/","og_locale":"en_US","og_type":"article","og_title":"Meindl Stowe GTX\u00ae - Wanderschuhe","og_description":"Entdecken Sie unseren Online-Fahrradladen: Gro\u00dfe Auswahl an Modellen f\u00fcr alle Radsportbegeisterten. Von Rennr\u00e4dern bis zu Mountainbikes - finden Sie heute Ihren perfekten Wegbegleiter!","og_url":"https:\/\/kgerad.de\/en\/product\/meindl-stowe-gtx-wanderschuhe\/","og_site_name":"kgerad.de","article_modified_time":"2023-08-10T19:36:25+00:00","og_image":[{"width":800,"height":709,"url":"https:\/\/kgerad.de\/wp-content\/uploads\/2023\/06\/3474-10_Stowe_1_GTX_800x800-0.jpg","type":"image\/jpeg"}],"twitter_card":"summary_large_image","twitter_misc":{"Est. reading time":"2 minutes"},"schema":{"@context":"https:\/\/schema.org","@graph":[{"@type":"WebPage","@id":"https:\/\/kgerad.de\/produkt\/meindl-stowe-gtx-wanderschuhe\/","url":"https:\/\/kgerad.de\/produkt\/meindl-stowe-gtx-wanderschuhe\/","name":"Meindl Stowe GTX\u00ae - Wanderschuhe","isPartOf":{"@id":"https:\/\/kgerad.de\/#website"},"primaryImageOfPage":{"@id":"https:\/\/kgerad.de\/produkt\/meindl-stowe-gtx-wanderschuhe\/#primaryimage"},"image":{"@id":"https:\/\/kgerad.de\/produkt\/meindl-stowe-gtx-wanderschuhe\/#primaryimage"},"thumbnailUrl":"https:\/\/kgerad.de\/wp-content\/uploads\/2023\/06\/3474-10_Stowe_1_GTX_800x800-0.jpg","datePublished":"2022-11-29T09:03:11+00:00","dateModified":"2023-08-10T19:36:25+00:00","description":"Entdecken Sie unseren Online-Fahrradladen: Gro\u00dfe Auswahl an Modellen f\u00fcr alle Radsportbegeisterten. Von Rennr\u00e4dern bis zu Mountainbikes - finden Sie heute Ihren perfekten Wegbegleiter!","breadcrumb":{"@id":"https:\/\/kgerad.de\/produkt\/meindl-stowe-gtx-wanderschuhe\/#breadcrumb"},"inLanguage":"en-US","potentialAction":[{"@type":"ReadAction","target":["https:\/\/kgerad.de\/produkt\/meindl-stowe-gtx-wanderschuhe\/"]}]},{"@type":"ImageObject","inLanguage":"en-US","@id":"https:\/\/kgerad.de\/produkt\/meindl-stowe-gtx-wanderschuhe\/#primaryimage","url":"https:\/\/kgerad.de\/wp-content\/uploads\/2023\/06\/3474-10_Stowe_1_GTX_800x800-0.jpg","contentUrl":"https:\/\/kgerad.de\/wp-content\/uploads\/2023\/06\/3474-10_Stowe_1_GTX_800x800-0.jpg","width":800,"height":709,"caption":"Meindl Stowe GTX\u00ae - Wanderschuhe"},{"@type":"BreadcrumbList","@id":"https:\/\/kgerad.de\/produkt\/meindl-stowe-gtx-wanderschuhe\/#breadcrumb","itemListElement":[{"@type":"ListItem","position":1,"name":"Startseite","item":"https:\/\/kgerad.de\/"},{"@type":"ListItem","position":2,"name":"LADEN","item":"https:\/\/kgerad.de\/laden\/"},{"@type":"ListItem","position":3,"name":"Meindl Stowe GTX\u00ae &#8211; Wanderschuhe"}]},{"@type":"WebSite","@id":"https:\/\/kgerad.de\/#website","url":"https:\/\/kgerad.de\/","name":"kgerad.de","description":"Treten Sie mit uns ins Abenteuer!","publisher":{"@id":"https:\/\/kgerad.de\/#organization"},"alternateName":"MEIN RADLADEN","potentialAction":[{"@type":"SearchAction","target":{"@type":"EntryPoint","urlTemplate":"https:\/\/kgerad.de\/?s={search_term_string}"},"query-input":{"@type":"PropertyValueSpecification","valueRequired":true,"valueName":"search_term_string"}}],"inLanguage":"en-US"},{"@type":"Organization","@id":"https:\/\/kgerad.de\/#organization","name":"MEINRADLADEN","alternateName":"MEIN RADLADEN","url":"https:\/\/kgerad.de\/","logo":{"@type":"ImageObject","inLanguage":"en-US","@id":"https:\/\/kgerad.de\/#\/schema\/logo\/image\/","url":"https:\/\/kgerad.de\/wp-content\/uploads\/2025\/07\/logo-Whit.svg","contentUrl":"https:\/\/kgerad.de\/wp-content\/uploads\/2025\/07\/logo-Whit.svg","width":1640,"height":371,"caption":"MEINRADLADEN"},"image":{"@id":"https:\/\/kgerad.de\/#\/schema\/logo\/image\/"}}]}},"_links":{"self":[{"href":"https:\/\/kgerad.de\/en\/wp-json\/wp\/v2\/product\/45465","targetHints":{"allow":["GET"]}}],"collection":[{"href":"https:\/\/kgerad.de\/en\/wp-json\/wp\/v2\/product"}],"about":[{"href":"https:\/\/kgerad.de\/en\/wp-json\/wp\/v2\/types\/product"}],"replies":[{"embeddable":true,"href":"https:\/\/kgerad.de\/en\/wp-json\/wp\/v2\/comments?post=45465"}],"version-history":[{"count":1,"href":"https:\/\/kgerad.de\/en\/wp-json\/wp\/v2\/product\/45465\/revisions"}],"predecessor-version":[{"id":78999,"href":"https:\/\/kgerad.de\/en\/wp-json\/wp\/v2\/product\/45465\/revisions\/78999"}],"wp:featuredmedia":[{"embeddable":true,"href":"https:\/\/kgerad.de\/en\/wp-json\/wp\/v2\/media\/63730"}],"wp:attachment":[{"href":"https:\/\/kgerad.de\/en\/wp-json\/wp\/v2\/media?parent=45465"}],"wp:term":[{"taxonomy":"product_brand","embeddable":true,"href":"https:\/\/kgerad.de\/en\/wp-json\/wp\/v2\/product_brand?post=45465"},{"taxonomy":"product_cat","embeddable":true,"href":"https:\/\/kgerad.de\/en\/wp-json\/wp\/v2\/product_cat?post=45465"},{"taxonomy":"product_tag","embeddable":true,"href":"https:\/\/kgerad.de\/en\/wp-json\/wp\/v2\/product_tag?post=45465"}],"curies":[{"name":"wp","href":"https:\/\/api.w.org\/{rel}","templated":true}]}}