{"id":45450,"date":"2022-11-28T21:55:42","date_gmt":"2022-11-28T20:55:42","guid":{"rendered":"https:\/\/kgerad.de\/?post_type=product&#038;p=45450"},"modified":"2023-08-10T21:37:14","modified_gmt":"2023-08-10T19:37:14","slug":"adidas-terrex-swift-r2-gtx-trekkingschuhe","status":"publish","type":"product","link":"https:\/\/kgerad.de\/en\/product\/adidas-terrex-swift-r2-gtx-trekkingschuhe\/","title":{"rendered":"adidas Terrex Swift R2 GTX\u00ae &#8211; Trekkingschuhe"},"content":{"rendered":"<h2 class=\"product--title\"><strong>adidas<\/strong>\u00a0Terrex Swift R2 GTX\u00ae &#8211; Trekkingschuhe<\/h2>\n<p>Setzt adidas Terrex Swift dir immer wieder neue Ziele auf dem Weg nach oben mit dem Dieser leichte Wanderschuh f\u00fcr M\u00e4nner ist perfekt f\u00fcr alpines Gel\u00e4nde geeignet.<\/p>\n<p>Das niedrig geschnittene, robuste Obermaterial mit Speed-Lacing System gibt dir Halt auf schwierigen Untergr\u00fcnden, w\u00e4hrend die Au\u00dfensohle aus Continental Gummi dir auch bei N\u00e4sse optimalen Grip garantiert. Dank der wasserdichten GORE-TEX\u00ae Membran bleiben deine F\u00fc\u00dfe au\u00dferdem angenehm trocken.<\/p>\n<hr \/>\n<h3>Produktdetails &#8211; Terrex Swift R2 GTX\u00ae<\/h3>\n<ul>\n<li>Leichtes, atmungsaktives Ripstop-Obermaterial aus Mesh<\/li>\n<li>TPU-Overlays f\u00fcr mehr Halt und Strapazierf\u00e4higkeit<\/li>\n<li>Wasserdichte und atmungsaktive GORE-TEX\u00ae Membran<\/li>\n<li>Speed-Lacing System f\u00fcr ein schnelles Schn\u00fcren und einen passgenauen Sitz<\/li>\n<li>Lace Bungee zur einfachen Fixierung der Schn\u00fcrsenkel<\/li>\n<li>Vorgeformte TPU-Zehenkappe f\u00fcr mehr Schutz<\/li>\n<\/ul>\n<hr \/>\n<h3>Technologie<\/h3>\n<p><strong>GORE-TEX\u00ae<\/strong><br \/>\nGORE-TEX\u00ae Schuhe sorgen bei jedem Wetter f\u00fcr trockene und angenehm temperierte F\u00fc\u00dfe und erm\u00f6glichen dadurch ein perfektes Fu\u00dfklima. Sie sind wasserdicht, hoch atmungsaktiv und sch\u00fctzen deine F\u00fc\u00dfe selbst bei h\u00e4rtesten Bedingungen. Sowohl Trail-Runner als auch Outdoor-Athleten sind mit GORE-TEX\u00ae Produkten f\u00fcr jedes Wetter optimal ausgestattet.<\/p>","protected":false},"excerpt":{"rendered":"<p>adidas\u00a0Terrex Swift R2 GTX\u00ae &#8211; Trekkingschuhe Setzt adidas Terrex Swift dir immer wieder neue Ziele auf dem Weg nach oben<\/p>","protected":false},"featured_media":63724,"comment_status":"open","ping_status":"closed","template":"","meta":[],"product_brand":[],"product_cat":[318,498],"product_tag":[],"class_list":{"0":"post-45450","1":"product","2":"type-product","3":"status-publish","4":"has-post-thumbnail","6":"product_cat-outdoor","7":"product_cat-schuhe-outdoor","8":"pa_marke-adidas","10":"first","11":"instock","12":"sale","13":"taxable","14":"shipping-taxable","15":"purchasable","16":"product-type-variable"},"yoast_head":"<!-- This site is optimized with the Yoast SEO Premium plugin v20.12 (Yoast SEO v27.1.1) - https:\/\/yoast.com\/product\/yoast-seo-premium-wordpress\/ -->\n<title>adidas Terrex Swift R2 GTX\u00ae - Trekkingschuhe<\/title>\n<meta name=\"description\" content=\"Entdecken Sie unseren Online-Fahrradladen: Gro\u00dfe Auswahl an Modellen f\u00fcr alle Radsportbegeisterten. Von Rennr\u00e4dern bis zu Mountainbikes - finden Sie heute Ihren perfekten Wegbegleiter!\" \/>\n<meta name=\"robots\" content=\"index, follow, max-snippet:-1, max-image-preview:large, max-video-preview:-1\" \/>\n<link rel=\"canonical\" href=\"https:\/\/kgerad.de\/en\/product\/adidas-terrex-swift-r2-gtx-trekkingschuhe\/\" \/>\n<meta property=\"og:locale\" content=\"en_US\" \/>\n<meta property=\"og:type\" content=\"article\" \/>\n<meta property=\"og:title\" content=\"adidas Terrex Swift R2 GTX\u00ae - Trekkingschuhe\" \/>\n<meta property=\"og:description\" content=\"Entdecken Sie unseren Online-Fahrradladen: Gro\u00dfe Auswahl an Modellen f\u00fcr alle Radsportbegeisterten. Von Rennr\u00e4dern bis zu Mountainbikes - finden Sie heute Ihren perfekten Wegbegleiter!\" \/>\n<meta property=\"og:url\" content=\"https:\/\/kgerad.de\/en\/product\/adidas-terrex-swift-r2-gtx-trekkingschuhe\/\" \/>\n<meta property=\"og:site_name\" content=\"kgerad.de\" \/>\n<meta property=\"article:modified_time\" content=\"2023-08-10T19:37:14+00:00\" \/>\n<meta property=\"og:image\" content=\"https:\/\/kgerad.de\/wp-content\/uploads\/2023\/06\/Adidas_Terrex_Swift_R2_GTX-R-Outdoor_Schuhe_CM7492_01_GTX_800x800-00.jpg\" \/>\n\t<meta property=\"og:image:width\" content=\"800\" \/>\n\t<meta property=\"og:image:height\" content=\"690\" \/>\n\t<meta property=\"og:image:type\" content=\"image\/jpeg\" \/>\n<meta name=\"twitter:card\" content=\"summary_large_image\" \/>\n<meta name=\"twitter:label1\" content=\"Est. reading time\" \/>\n\t<meta name=\"twitter:data1\" content=\"1 minute\" \/>\n<script type=\"application\/ld+json\" class=\"yoast-schema-graph\">{\"@context\":\"https:\/\/schema.org\",\"@graph\":[{\"@type\":\"WebPage\",\"@id\":\"https:\/\/kgerad.de\/produkt\/adidas-terrex-swift-r2-gtx-trekkingschuhe\/\",\"url\":\"https:\/\/kgerad.de\/produkt\/adidas-terrex-swift-r2-gtx-trekkingschuhe\/\",\"name\":\"adidas Terrex Swift R2 GTX\u00ae - Trekkingschuhe\",\"isPartOf\":{\"@id\":\"https:\/\/kgerad.de\/#website\"},\"primaryImageOfPage\":{\"@id\":\"https:\/\/kgerad.de\/produkt\/adidas-terrex-swift-r2-gtx-trekkingschuhe\/#primaryimage\"},\"image\":{\"@id\":\"https:\/\/kgerad.de\/produkt\/adidas-terrex-swift-r2-gtx-trekkingschuhe\/#primaryimage\"},\"thumbnailUrl\":\"https:\/\/kgerad.de\/wp-content\/uploads\/2023\/06\/Adidas_Terrex_Swift_R2_GTX-R-Outdoor_Schuhe_CM7492_01_GTX_800x800-00.jpg\",\"datePublished\":\"2022-11-28T20:55:42+00:00\",\"dateModified\":\"2023-08-10T19:37:14+00:00\",\"description\":\"Entdecken Sie unseren Online-Fahrradladen: Gro\u00dfe Auswahl an Modellen f\u00fcr alle Radsportbegeisterten. Von Rennr\u00e4dern bis zu Mountainbikes - finden Sie heute Ihren perfekten Wegbegleiter!\",\"breadcrumb\":{\"@id\":\"https:\/\/kgerad.de\/produkt\/adidas-terrex-swift-r2-gtx-trekkingschuhe\/#breadcrumb\"},\"inLanguage\":\"en-US\",\"potentialAction\":[{\"@type\":\"ReadAction\",\"target\":[\"https:\/\/kgerad.de\/produkt\/adidas-terrex-swift-r2-gtx-trekkingschuhe\/\"]}]},{\"@type\":\"ImageObject\",\"inLanguage\":\"en-US\",\"@id\":\"https:\/\/kgerad.de\/produkt\/adidas-terrex-swift-r2-gtx-trekkingschuhe\/#primaryimage\",\"url\":\"https:\/\/kgerad.de\/wp-content\/uploads\/2023\/06\/Adidas_Terrex_Swift_R2_GTX-R-Outdoor_Schuhe_CM7492_01_GTX_800x800-00.jpg\",\"contentUrl\":\"https:\/\/kgerad.de\/wp-content\/uploads\/2023\/06\/Adidas_Terrex_Swift_R2_GTX-R-Outdoor_Schuhe_CM7492_01_GTX_800x800-00.jpg\",\"width\":800,\"height\":690,\"caption\":\"adidas Terrex Swift R2 GTX\u00ae - Trekkingschuhe\"},{\"@type\":\"BreadcrumbList\",\"@id\":\"https:\/\/kgerad.de\/produkt\/adidas-terrex-swift-r2-gtx-trekkingschuhe\/#breadcrumb\",\"itemListElement\":[{\"@type\":\"ListItem\",\"position\":1,\"name\":\"Startseite\",\"item\":\"https:\/\/kgerad.de\/\"},{\"@type\":\"ListItem\",\"position\":2,\"name\":\"LADEN\",\"item\":\"https:\/\/kgerad.de\/laden\/\"},{\"@type\":\"ListItem\",\"position\":3,\"name\":\"adidas Terrex Swift R2 GTX\u00ae &#8211; Trekkingschuhe\"}]},{\"@type\":\"WebSite\",\"@id\":\"https:\/\/kgerad.de\/#website\",\"url\":\"https:\/\/kgerad.de\/\",\"name\":\"kgerad.de\",\"description\":\"Treten Sie mit uns ins Abenteuer!\",\"publisher\":{\"@id\":\"https:\/\/kgerad.de\/#organization\"},\"alternateName\":\"MEIN RADLADEN\",\"potentialAction\":[{\"@type\":\"SearchAction\",\"target\":{\"@type\":\"EntryPoint\",\"urlTemplate\":\"https:\/\/kgerad.de\/?s={search_term_string}\"},\"query-input\":{\"@type\":\"PropertyValueSpecification\",\"valueRequired\":true,\"valueName\":\"search_term_string\"}}],\"inLanguage\":\"en-US\"},{\"@type\":\"Organization\",\"@id\":\"https:\/\/kgerad.de\/#organization\",\"name\":\"MEINRADLADEN\",\"alternateName\":\"MEIN RADLADEN\",\"url\":\"https:\/\/kgerad.de\/\",\"logo\":{\"@type\":\"ImageObject\",\"inLanguage\":\"en-US\",\"@id\":\"https:\/\/kgerad.de\/#\/schema\/logo\/image\/\",\"url\":\"https:\/\/kgerad.de\/wp-content\/uploads\/2025\/07\/logo-Whit.svg\",\"contentUrl\":\"https:\/\/kgerad.de\/wp-content\/uploads\/2025\/07\/logo-Whit.svg\",\"width\":1640,\"height\":371,\"caption\":\"MEINRADLADEN\"},\"image\":{\"@id\":\"https:\/\/kgerad.de\/#\/schema\/logo\/image\/\"}}]}<\/script>\n<!-- \/ Yoast SEO Premium plugin. -->","yoast_head_json":{"title":"adidas Terrex Swift R2 GTX\u00ae - Trekkingschuhe","description":"Entdecken Sie unseren Online-Fahrradladen: Gro\u00dfe Auswahl an Modellen f\u00fcr alle Radsportbegeisterten. Von Rennr\u00e4dern bis zu Mountainbikes - finden Sie heute Ihren perfekten Wegbegleiter!","robots":{"index":"index","follow":"follow","max-snippet":"max-snippet:-1","max-image-preview":"max-image-preview:large","max-video-preview":"max-video-preview:-1"},"canonical":"https:\/\/kgerad.de\/en\/product\/adidas-terrex-swift-r2-gtx-trekkingschuhe\/","og_locale":"en_US","og_type":"article","og_title":"adidas Terrex Swift R2 GTX\u00ae - Trekkingschuhe","og_description":"Entdecken Sie unseren Online-Fahrradladen: Gro\u00dfe Auswahl an Modellen f\u00fcr alle Radsportbegeisterten. Von Rennr\u00e4dern bis zu Mountainbikes - finden Sie heute Ihren perfekten Wegbegleiter!","og_url":"https:\/\/kgerad.de\/en\/product\/adidas-terrex-swift-r2-gtx-trekkingschuhe\/","og_site_name":"kgerad.de","article_modified_time":"2023-08-10T19:37:14+00:00","og_image":[{"width":800,"height":690,"url":"https:\/\/kgerad.de\/wp-content\/uploads\/2023\/06\/Adidas_Terrex_Swift_R2_GTX-R-Outdoor_Schuhe_CM7492_01_GTX_800x800-00.jpg","type":"image\/jpeg"}],"twitter_card":"summary_large_image","twitter_misc":{"Est. reading time":"1 minute"},"schema":{"@context":"https:\/\/schema.org","@graph":[{"@type":"WebPage","@id":"https:\/\/kgerad.de\/produkt\/adidas-terrex-swift-r2-gtx-trekkingschuhe\/","url":"https:\/\/kgerad.de\/produkt\/adidas-terrex-swift-r2-gtx-trekkingschuhe\/","name":"adidas Terrex Swift R2 GTX\u00ae - Trekkingschuhe","isPartOf":{"@id":"https:\/\/kgerad.de\/#website"},"primaryImageOfPage":{"@id":"https:\/\/kgerad.de\/produkt\/adidas-terrex-swift-r2-gtx-trekkingschuhe\/#primaryimage"},"image":{"@id":"https:\/\/kgerad.de\/produkt\/adidas-terrex-swift-r2-gtx-trekkingschuhe\/#primaryimage"},"thumbnailUrl":"https:\/\/kgerad.de\/wp-content\/uploads\/2023\/06\/Adidas_Terrex_Swift_R2_GTX-R-Outdoor_Schuhe_CM7492_01_GTX_800x800-00.jpg","datePublished":"2022-11-28T20:55:42+00:00","dateModified":"2023-08-10T19:37:14+00:00","description":"Entdecken Sie unseren Online-Fahrradladen: Gro\u00dfe Auswahl an Modellen f\u00fcr alle Radsportbegeisterten. Von Rennr\u00e4dern bis zu Mountainbikes - finden Sie heute Ihren perfekten Wegbegleiter!","breadcrumb":{"@id":"https:\/\/kgerad.de\/produkt\/adidas-terrex-swift-r2-gtx-trekkingschuhe\/#breadcrumb"},"inLanguage":"en-US","potentialAction":[{"@type":"ReadAction","target":["https:\/\/kgerad.de\/produkt\/adidas-terrex-swift-r2-gtx-trekkingschuhe\/"]}]},{"@type":"ImageObject","inLanguage":"en-US","@id":"https:\/\/kgerad.de\/produkt\/adidas-terrex-swift-r2-gtx-trekkingschuhe\/#primaryimage","url":"https:\/\/kgerad.de\/wp-content\/uploads\/2023\/06\/Adidas_Terrex_Swift_R2_GTX-R-Outdoor_Schuhe_CM7492_01_GTX_800x800-00.jpg","contentUrl":"https:\/\/kgerad.de\/wp-content\/uploads\/2023\/06\/Adidas_Terrex_Swift_R2_GTX-R-Outdoor_Schuhe_CM7492_01_GTX_800x800-00.jpg","width":800,"height":690,"caption":"adidas Terrex Swift R2 GTX\u00ae - Trekkingschuhe"},{"@type":"BreadcrumbList","@id":"https:\/\/kgerad.de\/produkt\/adidas-terrex-swift-r2-gtx-trekkingschuhe\/#breadcrumb","itemListElement":[{"@type":"ListItem","position":1,"name":"Startseite","item":"https:\/\/kgerad.de\/"},{"@type":"ListItem","position":2,"name":"LADEN","item":"https:\/\/kgerad.de\/laden\/"},{"@type":"ListItem","position":3,"name":"adidas Terrex Swift R2 GTX\u00ae &#8211; Trekkingschuhe"}]},{"@type":"WebSite","@id":"https:\/\/kgerad.de\/#website","url":"https:\/\/kgerad.de\/","name":"kgerad.de","description":"Treten Sie mit uns ins Abenteuer!","publisher":{"@id":"https:\/\/kgerad.de\/#organization"},"alternateName":"MEIN RADLADEN","potentialAction":[{"@type":"SearchAction","target":{"@type":"EntryPoint","urlTemplate":"https:\/\/kgerad.de\/?s={search_term_string}"},"query-input":{"@type":"PropertyValueSpecification","valueRequired":true,"valueName":"search_term_string"}}],"inLanguage":"en-US"},{"@type":"Organization","@id":"https:\/\/kgerad.de\/#organization","name":"MEINRADLADEN","alternateName":"MEIN RADLADEN","url":"https:\/\/kgerad.de\/","logo":{"@type":"ImageObject","inLanguage":"en-US","@id":"https:\/\/kgerad.de\/#\/schema\/logo\/image\/","url":"https:\/\/kgerad.de\/wp-content\/uploads\/2025\/07\/logo-Whit.svg","contentUrl":"https:\/\/kgerad.de\/wp-content\/uploads\/2025\/07\/logo-Whit.svg","width":1640,"height":371,"caption":"MEINRADLADEN"},"image":{"@id":"https:\/\/kgerad.de\/#\/schema\/logo\/image\/"}}]}},"_links":{"self":[{"href":"https:\/\/kgerad.de\/en\/wp-json\/wp\/v2\/product\/45450","targetHints":{"allow":["GET"]}}],"collection":[{"href":"https:\/\/kgerad.de\/en\/wp-json\/wp\/v2\/product"}],"about":[{"href":"https:\/\/kgerad.de\/en\/wp-json\/wp\/v2\/types\/product"}],"replies":[{"embeddable":true,"href":"https:\/\/kgerad.de\/en\/wp-json\/wp\/v2\/comments?post=45450"}],"version-history":[{"count":1,"href":"https:\/\/kgerad.de\/en\/wp-json\/wp\/v2\/product\/45450\/revisions"}],"predecessor-version":[{"id":79001,"href":"https:\/\/kgerad.de\/en\/wp-json\/wp\/v2\/product\/45450\/revisions\/79001"}],"wp:featuredmedia":[{"embeddable":true,"href":"https:\/\/kgerad.de\/en\/wp-json\/wp\/v2\/media\/63724"}],"wp:attachment":[{"href":"https:\/\/kgerad.de\/en\/wp-json\/wp\/v2\/media?parent=45450"}],"wp:term":[{"taxonomy":"product_brand","embeddable":true,"href":"https:\/\/kgerad.de\/en\/wp-json\/wp\/v2\/product_brand?post=45450"},{"taxonomy":"product_cat","embeddable":true,"href":"https:\/\/kgerad.de\/en\/wp-json\/wp\/v2\/product_cat?post=45450"},{"taxonomy":"product_tag","embeddable":true,"href":"https:\/\/kgerad.de\/en\/wp-json\/wp\/v2\/product_tag?post=45450"}],"curies":[{"name":"wp","href":"https:\/\/api.w.org\/{rel}","templated":true}]}}