{"id":45279,"date":"2022-11-28T18:33:44","date_gmt":"2022-11-28T17:33:44","guid":{"rendered":"https:\/\/kgerad.de\/?post_type=product&#038;p=45279"},"modified":"2023-08-10T21:40:02","modified_gmt":"2023-08-10T19:40:02","slug":"meindl-borneo-2-mfs-wanderschuhe","status":"publish","type":"product","link":"https:\/\/kgerad.de\/en\/product\/meindl-borneo-2-mfs-wanderschuhe\/","title":{"rendered":"Meindl Borneo 2 MFS &#8211; Wanderschuhe"},"content":{"rendered":"<h2 class=\"product--title\"><strong>Meindl<\/strong>\u00a0Borneo 2 MFS &#8211; Wanderschuhe<\/h2>\n<div class=\"product--rating-container\">\n<p>Die Meindl Borneo 2 <a href=\"http:\/\/1-1\">passen<\/a> sich durch die MFS-Technologie an deinen Fu\u00df an. Das ist Tragekomfort auf h\u00f6chstem Niveau!Dank des Memory-Foam-Systems von Meindl passt sich der Schuh zu 100 Prozent an den Fu\u00df an an. Es gibt mit diesen Schuhen kein Zwicken oder Dr\u00fccken mehr &#8211; garantiert.<\/p>\n<hr \/>\n<h3>Produktdetails &#8211; Borneo 2 MFS<\/h3>\n<ul type=\"disc\">\n<li>Nubukleder mit Wachsgriff<\/li>\n<li>Lederfutter<\/li>\n<li>AIR-ACTIVE<sup>\u00ae<\/sup>\u00a0SOFT PRINT drysole Fu\u00dfbett<\/li>\n<li>Meindl Multigriff<sup>\u00ae<\/sup>\u00a0von Vibram<sup>\u00ae<\/sup>\u00a0f\u00fcr besten Grip beim wandern<\/li>\n<li>MFS-Technologie f\u00fcr h\u00f6chsten Tragekomfort<\/li>\n<li>Schaftbereich passt sich durch die K\u00f6rpertemperatur an den Fu\u00df an<\/li>\n<li>DiGAfix<sup>\u00ae<\/sup>\u00a0Schn\u00fcrung f\u00fcr besten Halt ohne Druckstellen<\/li>\n<li><strong>Gewicht:<\/strong>\u00a0Ca. 790 g pro Schuh<\/li>\n<\/ul>\n<hr \/>\n<h3>Technologien<\/h3>\n<p><strong>MFS &#8211; Meindl Memory Foam System<\/strong><br \/>\nDie speziell entwickelte Schaum-Kombination im Schaftbereich wird durch die K\u00f6rpertemperatur verformt und nimmt exakt die Form des Fu\u00dfes an. Retikulierte Sch\u00e4ume im Fersenbereich und bis in den Zehenbereich garantieren eine perfekte Anpassung. Es gibt in diesen Schuhen kein Zwicken und Dr\u00fccken mehr, das ist Tragekomfort auf h\u00f6chstem Niveau!<\/p>\n<p><strong>DiGAfix<sup>\u00ae<\/sup><br \/>\n<\/strong>Die flexible, druckfreie, diagonale Fixierung im Ristbereich &#8211; erm\u00f6glicht eine stabile und komfortable Schn\u00fcrung.<\/p>\n<hr \/>\n<h3>Die richtigen Socken<\/h3>\n<p>Die Socken bilden die Schicht zwischen Fu\u00df und Schuhfutter. Gerade deshalb ist es wichtig, darauf zu achten, dass sie optimal auf den gew\u00fcnschten Einsatzbereich abgestimmt sind. Die GORE-TEX\u00ae Membrane funktioniert grunds\u00e4tzlich unabh\u00e4ngig von den verwendeten Socken. Optimal konstruierte Socken k\u00f6nnen jedoch den Tragekomfort, speziell den Klimakomfort, deutlich sp\u00fcrbar positiv beeinflussen.<\/p>\n<p>Achten Sie deshalb auf die richtige Material-Mischung: 100% Baumwolle saugt viel Feuchtigkeit auf und gibt sie nur sehr langsam wieder ab. Feuchtigkeit bleibt am Fu\u00df, die F\u00fc\u00dfe k\u00fchlen aus. Vorteilhaft ist daher eine Mischung aus qualitativ hochwertiger Schafschurwolle (z.B. Merino) und Kunstfaser (wie z.B. Polyester, Polyamid).<\/p>\n<hr \/>\n<h3>Meindl Borneo 2 MFS<\/h3>\n<p><iframe title=\"YouTube video player\" src=\"https:\/\/www.youtube.com\/embed\/XxlGFg9jlgc\" width=\"640\" height=\"360\" frameborder=\"0\" allowfullscreen=\"allowfullscreen\"><\/iframe><\/p>\n<\/div>","protected":false},"excerpt":{"rendered":"<p>Meindl\u00a0Borneo 2 MFS &#8211; Wanderschuhe Die Meindl Borneo 2 passen sich durch die MFS-Technologie an deinen Fu\u00df an. Das ist<\/p>","protected":false},"featured_media":63679,"comment_status":"open","ping_status":"closed","template":"","meta":[],"product_brand":[],"product_cat":[318,498],"product_tag":[],"class_list":{"0":"post-45279","1":"product","2":"type-product","3":"status-publish","4":"has-post-thumbnail","6":"product_cat-outdoor","7":"product_cat-schuhe-outdoor","8":"pa_marke-meindl","10":"first","11":"instock","12":"sale","13":"taxable","14":"shipping-taxable","15":"purchasable","16":"product-type-variable"},"yoast_head":"<!-- This site is optimized with the Yoast SEO Premium plugin v20.12 (Yoast SEO v27.1.1) - https:\/\/yoast.com\/product\/yoast-seo-premium-wordpress\/ -->\n<title>Meindl Borneo 2 MFS - Wanderschuhe<\/title>\n<meta name=\"description\" content=\"Entdecken Sie unseren Online-Fahrradladen: Gro\u00dfe Auswahl an Modellen f\u00fcr alle Radsportbegeisterten. Von Rennr\u00e4dern bis zu Mountainbikes - finden Sie heute Ihren perfekten Wegbegleiter!\" \/>\n<meta name=\"robots\" content=\"index, follow, max-snippet:-1, max-image-preview:large, max-video-preview:-1\" \/>\n<link rel=\"canonical\" href=\"https:\/\/kgerad.de\/en\/product\/meindl-borneo-2-mfs-wanderschuhe\/\" \/>\n<meta property=\"og:locale\" content=\"en_US\" \/>\n<meta property=\"og:type\" content=\"article\" \/>\n<meta property=\"og:title\" content=\"Meindl Borneo 2 MFS - Wanderschuhe\" \/>\n<meta property=\"og:description\" content=\"Entdecken Sie unseren Online-Fahrradladen: Gro\u00dfe Auswahl an Modellen f\u00fcr alle Radsportbegeisterten. Von Rennr\u00e4dern bis zu Mountainbikes - finden Sie heute Ihren perfekten Wegbegleiter!\" \/>\n<meta property=\"og:url\" content=\"https:\/\/kgerad.de\/en\/product\/meindl-borneo-2-mfs-wanderschuhe\/\" \/>\n<meta property=\"og:site_name\" content=\"kgerad.de\" \/>\n<meta property=\"article:modified_time\" content=\"2023-08-10T19:40:02+00:00\" \/>\n<meta property=\"og:image\" content=\"https:\/\/kgerad.de\/wp-content\/uploads\/2023\/06\/Meindl_Borneo_2_MFS_-2796-10_800x800-00.jpg\" \/>\n\t<meta property=\"og:image:width\" content=\"629\" \/>\n\t<meta property=\"og:image:height\" content=\"800\" \/>\n\t<meta property=\"og:image:type\" content=\"image\/jpeg\" \/>\n<meta name=\"twitter:card\" content=\"summary_large_image\" \/>\n<meta name=\"twitter:label1\" content=\"Est. reading time\" \/>\n\t<meta name=\"twitter:data1\" content=\"2 minutes\" \/>\n<script type=\"application\/ld+json\" class=\"yoast-schema-graph\">{\"@context\":\"https:\/\/schema.org\",\"@graph\":[{\"@type\":\"WebPage\",\"@id\":\"https:\/\/kgerad.de\/produkt\/meindl-borneo-2-mfs-wanderschuhe\/\",\"url\":\"https:\/\/kgerad.de\/produkt\/meindl-borneo-2-mfs-wanderschuhe\/\",\"name\":\"Meindl Borneo 2 MFS - Wanderschuhe\",\"isPartOf\":{\"@id\":\"https:\/\/kgerad.de\/#website\"},\"primaryImageOfPage\":{\"@id\":\"https:\/\/kgerad.de\/produkt\/meindl-borneo-2-mfs-wanderschuhe\/#primaryimage\"},\"image\":{\"@id\":\"https:\/\/kgerad.de\/produkt\/meindl-borneo-2-mfs-wanderschuhe\/#primaryimage\"},\"thumbnailUrl\":\"https:\/\/kgerad.de\/wp-content\/uploads\/2023\/06\/Meindl_Borneo_2_MFS_-2796-10_800x800-00.jpg\",\"datePublished\":\"2022-11-28T17:33:44+00:00\",\"dateModified\":\"2023-08-10T19:40:02+00:00\",\"description\":\"Entdecken Sie unseren Online-Fahrradladen: Gro\u00dfe Auswahl an Modellen f\u00fcr alle Radsportbegeisterten. Von Rennr\u00e4dern bis zu Mountainbikes - finden Sie heute Ihren perfekten Wegbegleiter!\",\"breadcrumb\":{\"@id\":\"https:\/\/kgerad.de\/produkt\/meindl-borneo-2-mfs-wanderschuhe\/#breadcrumb\"},\"inLanguage\":\"en-US\",\"potentialAction\":[{\"@type\":\"ReadAction\",\"target\":[\"https:\/\/kgerad.de\/produkt\/meindl-borneo-2-mfs-wanderschuhe\/\"]}]},{\"@type\":\"ImageObject\",\"inLanguage\":\"en-US\",\"@id\":\"https:\/\/kgerad.de\/produkt\/meindl-borneo-2-mfs-wanderschuhe\/#primaryimage\",\"url\":\"https:\/\/kgerad.de\/wp-content\/uploads\/2023\/06\/Meindl_Borneo_2_MFS_-2796-10_800x800-00.jpg\",\"contentUrl\":\"https:\/\/kgerad.de\/wp-content\/uploads\/2023\/06\/Meindl_Borneo_2_MFS_-2796-10_800x800-00.jpg\",\"width\":629,\"height\":800,\"caption\":\"Meindl Island MFS Active GTX\u00ae - Wanderschuhe\"},{\"@type\":\"BreadcrumbList\",\"@id\":\"https:\/\/kgerad.de\/produkt\/meindl-borneo-2-mfs-wanderschuhe\/#breadcrumb\",\"itemListElement\":[{\"@type\":\"ListItem\",\"position\":1,\"name\":\"Startseite\",\"item\":\"https:\/\/kgerad.de\/\"},{\"@type\":\"ListItem\",\"position\":2,\"name\":\"LADEN\",\"item\":\"https:\/\/kgerad.de\/laden\/\"},{\"@type\":\"ListItem\",\"position\":3,\"name\":\"Meindl Borneo 2 MFS &#8211; Wanderschuhe\"}]},{\"@type\":\"WebSite\",\"@id\":\"https:\/\/kgerad.de\/#website\",\"url\":\"https:\/\/kgerad.de\/\",\"name\":\"kgerad.de\",\"description\":\"Treten Sie mit uns ins Abenteuer!\",\"publisher\":{\"@id\":\"https:\/\/kgerad.de\/#organization\"},\"alternateName\":\"MEIN RADLADEN\",\"potentialAction\":[{\"@type\":\"SearchAction\",\"target\":{\"@type\":\"EntryPoint\",\"urlTemplate\":\"https:\/\/kgerad.de\/?s={search_term_string}\"},\"query-input\":{\"@type\":\"PropertyValueSpecification\",\"valueRequired\":true,\"valueName\":\"search_term_string\"}}],\"inLanguage\":\"en-US\"},{\"@type\":\"Organization\",\"@id\":\"https:\/\/kgerad.de\/#organization\",\"name\":\"MEINRADLADEN\",\"alternateName\":\"MEIN RADLADEN\",\"url\":\"https:\/\/kgerad.de\/\",\"logo\":{\"@type\":\"ImageObject\",\"inLanguage\":\"en-US\",\"@id\":\"https:\/\/kgerad.de\/#\/schema\/logo\/image\/\",\"url\":\"https:\/\/kgerad.de\/wp-content\/uploads\/2025\/07\/logo-Whit.svg\",\"contentUrl\":\"https:\/\/kgerad.de\/wp-content\/uploads\/2025\/07\/logo-Whit.svg\",\"width\":1640,\"height\":371,\"caption\":\"MEINRADLADEN\"},\"image\":{\"@id\":\"https:\/\/kgerad.de\/#\/schema\/logo\/image\/\"}}]}<\/script>\n<!-- \/ Yoast SEO Premium plugin. -->","yoast_head_json":{"title":"Meindl Borneo 2 MFS - Wanderschuhe","description":"Entdecken Sie unseren Online-Fahrradladen: Gro\u00dfe Auswahl an Modellen f\u00fcr alle Radsportbegeisterten. Von Rennr\u00e4dern bis zu Mountainbikes - finden Sie heute Ihren perfekten Wegbegleiter!","robots":{"index":"index","follow":"follow","max-snippet":"max-snippet:-1","max-image-preview":"max-image-preview:large","max-video-preview":"max-video-preview:-1"},"canonical":"https:\/\/kgerad.de\/en\/product\/meindl-borneo-2-mfs-wanderschuhe\/","og_locale":"en_US","og_type":"article","og_title":"Meindl Borneo 2 MFS - Wanderschuhe","og_description":"Entdecken Sie unseren Online-Fahrradladen: Gro\u00dfe Auswahl an Modellen f\u00fcr alle Radsportbegeisterten. Von Rennr\u00e4dern bis zu Mountainbikes - finden Sie heute Ihren perfekten Wegbegleiter!","og_url":"https:\/\/kgerad.de\/en\/product\/meindl-borneo-2-mfs-wanderschuhe\/","og_site_name":"kgerad.de","article_modified_time":"2023-08-10T19:40:02+00:00","og_image":[{"width":629,"height":800,"url":"https:\/\/kgerad.de\/wp-content\/uploads\/2023\/06\/Meindl_Borneo_2_MFS_-2796-10_800x800-00.jpg","type":"image\/jpeg"}],"twitter_card":"summary_large_image","twitter_misc":{"Est. reading time":"2 minutes"},"schema":{"@context":"https:\/\/schema.org","@graph":[{"@type":"WebPage","@id":"https:\/\/kgerad.de\/produkt\/meindl-borneo-2-mfs-wanderschuhe\/","url":"https:\/\/kgerad.de\/produkt\/meindl-borneo-2-mfs-wanderschuhe\/","name":"Meindl Borneo 2 MFS - Wanderschuhe","isPartOf":{"@id":"https:\/\/kgerad.de\/#website"},"primaryImageOfPage":{"@id":"https:\/\/kgerad.de\/produkt\/meindl-borneo-2-mfs-wanderschuhe\/#primaryimage"},"image":{"@id":"https:\/\/kgerad.de\/produkt\/meindl-borneo-2-mfs-wanderschuhe\/#primaryimage"},"thumbnailUrl":"https:\/\/kgerad.de\/wp-content\/uploads\/2023\/06\/Meindl_Borneo_2_MFS_-2796-10_800x800-00.jpg","datePublished":"2022-11-28T17:33:44+00:00","dateModified":"2023-08-10T19:40:02+00:00","description":"Entdecken Sie unseren Online-Fahrradladen: Gro\u00dfe Auswahl an Modellen f\u00fcr alle Radsportbegeisterten. Von Rennr\u00e4dern bis zu Mountainbikes - finden Sie heute Ihren perfekten Wegbegleiter!","breadcrumb":{"@id":"https:\/\/kgerad.de\/produkt\/meindl-borneo-2-mfs-wanderschuhe\/#breadcrumb"},"inLanguage":"en-US","potentialAction":[{"@type":"ReadAction","target":["https:\/\/kgerad.de\/produkt\/meindl-borneo-2-mfs-wanderschuhe\/"]}]},{"@type":"ImageObject","inLanguage":"en-US","@id":"https:\/\/kgerad.de\/produkt\/meindl-borneo-2-mfs-wanderschuhe\/#primaryimage","url":"https:\/\/kgerad.de\/wp-content\/uploads\/2023\/06\/Meindl_Borneo_2_MFS_-2796-10_800x800-00.jpg","contentUrl":"https:\/\/kgerad.de\/wp-content\/uploads\/2023\/06\/Meindl_Borneo_2_MFS_-2796-10_800x800-00.jpg","width":629,"height":800,"caption":"Meindl Island MFS Active GTX\u00ae - Wanderschuhe"},{"@type":"BreadcrumbList","@id":"https:\/\/kgerad.de\/produkt\/meindl-borneo-2-mfs-wanderschuhe\/#breadcrumb","itemListElement":[{"@type":"ListItem","position":1,"name":"Startseite","item":"https:\/\/kgerad.de\/"},{"@type":"ListItem","position":2,"name":"LADEN","item":"https:\/\/kgerad.de\/laden\/"},{"@type":"ListItem","position":3,"name":"Meindl Borneo 2 MFS &#8211; Wanderschuhe"}]},{"@type":"WebSite","@id":"https:\/\/kgerad.de\/#website","url":"https:\/\/kgerad.de\/","name":"kgerad.de","description":"Treten Sie mit uns ins Abenteuer!","publisher":{"@id":"https:\/\/kgerad.de\/#organization"},"alternateName":"MEIN RADLADEN","potentialAction":[{"@type":"SearchAction","target":{"@type":"EntryPoint","urlTemplate":"https:\/\/kgerad.de\/?s={search_term_string}"},"query-input":{"@type":"PropertyValueSpecification","valueRequired":true,"valueName":"search_term_string"}}],"inLanguage":"en-US"},{"@type":"Organization","@id":"https:\/\/kgerad.de\/#organization","name":"MEINRADLADEN","alternateName":"MEIN RADLADEN","url":"https:\/\/kgerad.de\/","logo":{"@type":"ImageObject","inLanguage":"en-US","@id":"https:\/\/kgerad.de\/#\/schema\/logo\/image\/","url":"https:\/\/kgerad.de\/wp-content\/uploads\/2025\/07\/logo-Whit.svg","contentUrl":"https:\/\/kgerad.de\/wp-content\/uploads\/2025\/07\/logo-Whit.svg","width":1640,"height":371,"caption":"MEINRADLADEN"},"image":{"@id":"https:\/\/kgerad.de\/#\/schema\/logo\/image\/"}}]}},"_links":{"self":[{"href":"https:\/\/kgerad.de\/en\/wp-json\/wp\/v2\/product\/45279","targetHints":{"allow":["GET"]}}],"collection":[{"href":"https:\/\/kgerad.de\/en\/wp-json\/wp\/v2\/product"}],"about":[{"href":"https:\/\/kgerad.de\/en\/wp-json\/wp\/v2\/types\/product"}],"replies":[{"embeddable":true,"href":"https:\/\/kgerad.de\/en\/wp-json\/wp\/v2\/comments?post=45279"}],"version-history":[{"count":1,"href":"https:\/\/kgerad.de\/en\/wp-json\/wp\/v2\/product\/45279\/revisions"}],"predecessor-version":[{"id":79017,"href":"https:\/\/kgerad.de\/en\/wp-json\/wp\/v2\/product\/45279\/revisions\/79017"}],"wp:featuredmedia":[{"embeddable":true,"href":"https:\/\/kgerad.de\/en\/wp-json\/wp\/v2\/media\/63679"}],"wp:attachment":[{"href":"https:\/\/kgerad.de\/en\/wp-json\/wp\/v2\/media?parent=45279"}],"wp:term":[{"taxonomy":"product_brand","embeddable":true,"href":"https:\/\/kgerad.de\/en\/wp-json\/wp\/v2\/product_brand?post=45279"},{"taxonomy":"product_cat","embeddable":true,"href":"https:\/\/kgerad.de\/en\/wp-json\/wp\/v2\/product_cat?post=45279"},{"taxonomy":"product_tag","embeddable":true,"href":"https:\/\/kgerad.de\/en\/wp-json\/wp\/v2\/product_tag?post=45279"}],"curies":[{"name":"wp","href":"https:\/\/api.w.org\/{rel}","templated":true}]}}