{"id":45237,"date":"2022-11-28T18:06:44","date_gmt":"2022-11-28T17:06:44","guid":{"rendered":"https:\/\/kgerad.de\/?post_type=product&#038;p=45237"},"modified":"2023-08-10T21:40:30","modified_gmt":"2023-08-10T19:40:30","slug":"meindl-gastein-gtx-wanderschuhe","status":"publish","type":"product","link":"https:\/\/kgerad.de\/en\/product\/meindl-gastein-gtx-wanderschuhe\/","title":{"rendered":"Meindl Gastein GTX\u00ae &#8211; Wanderschuhe"},"content":{"rendered":"<h2 class=\"product--title\"><strong>Meindl<\/strong>\u00a0Gastein GTX\u00ae &#8211; Wanderschuhe<\/h2>\n<p>Ausgestattet Meindl Gastein GTX mit einem durchgehenden <a href=\"http:\/\/1-1\">Lammfell<\/a>-Fu\u00dfbett und der Vibram\u00ae Ice Trek Sohle ist der Meindl Gastein GTX\u00ae ein zuverl\u00e4ssiger Begleiter f\u00fcr Wanderungen bei kalten Temperaturen.<\/p>\n<hr \/>\n<h3>Produktdetails &#8211; Gastein GTX<sup>\u00ae<\/sup><\/h3>\n<ul>\n<li>Wanderschuh aus Nubukleder<\/li>\n<li>GORE-TEX<sup>\u00ae<\/sup>\u00a0Technologie<\/li>\n<li>Dauerhaft wasserabweisend und atmungsaktiv<\/li>\n<li>Echte Lammfellsohle f\u00fcr W\u00e4rme und Isolation<\/li>\n<li>Vibram<sup>\u00ae<\/sup>\u00a0Ice Tek PRO f\u00fcr guten Grip auch bei schlechtem Wetter<\/li>\n<li>F\u00fcr Temperaturen bis -30 Grad geeignet<\/li>\n<li><strong>Schafth\u00f6he:<\/strong>\u00a013 cm<\/li>\n<li><strong>Gewicht:<\/strong>\u00a0ca. 650 g pro Schuh<\/li>\n<\/ul>\n<hr \/>\n<h3>Technologien<\/h3>\n<p><strong>GORE-TEX<sup>\u00ae<\/sup>\u00a0SURROUND<sup>\u00ae<\/sup><\/strong><br \/>\nSchuhe mit GORE-TEX<sup>\u00ae<\/sup>\u00a0Technologie sind dauerhaft wasserdicht, hoch atmungsaktiv und bieten perfekten Klimakomfort f\u00fcr verschiedenste Aktivit\u00e4ten und Wetterverh\u00e4ltnisse. Alle Schuhe mit GORE-TEX<sup>\u00ae<\/sup>\u00a0Technologie werden nach strengen Qualit\u00e4tsstandards hergestellt.<\/p>\n<ul>\n<li>Rundum sichtbar atmungsaktiv und dauerhaft wasserdicht<\/li>\n<li>Halten die F\u00fc\u00dfe rundum angenehm trocken und k\u00fchl<\/li>\n<li>Ideal f\u00fcr mittlere bis h\u00f6here Temperaturen<\/li>\n<li>Innovative offene Sohlenkonstruktion<\/li>\n<\/ul>\n<p><strong>Vibram<sup>\u00ae<\/sup>\u00a0Ice Trek Sohle<\/strong><br \/>\nDie innovative Wintersohle hat neben den hervorragenden Eigenschaften auf Eis auch beste Abriebswerte \u2013 somit eignet sich die Gummisohle als Ganzjahressohle.<\/p>\n<p><strong>Leder- und Echtes-Lammfell-Fu\u00dfbett<\/strong><br \/>\nDiese Schuhe werden mit zwei Fu\u00dfbetten ausgeliefert. Entsprechend der Jahreszeit kann das Fu\u00dfbett getauscht werden.<\/p>\n<hr \/>\n<h3>Die richtigen Socken<\/h3>\n<p>Die Socken bilden die Schicht zwischen Fu\u00df und Schuhfutter. Gerade deshalb ist es wichtig, darauf zu achten, dass sie optimal auf den gew\u00fcnschten Einsatzbereich abgestimmt sind. Die GORE-TEX<sup>\u00ae<\/sup>\u00a0Membrane funktioniert grunds\u00e4tzlich unabh\u00e4ngig von den verwendeten Socken. Optimal konstruierte Socken k\u00f6nnen jedoch den Tragekomfort, speziell den Klimakomfort, deutlich sp\u00fcrbar positiv beeinflussen.<\/p>\n<p>Achten Sie deshalb auf die richtige Material-Mischung: 100% Baumwolle saugt viel Feuchtigkeit auf und gibt sie nur sehr langsam wieder ab. Feuchtigkeit bleibt am Fu\u00df, die F\u00fc\u00dfe k\u00fchlen aus. Vorteilhaft ist daher eine Mischung aus qualitativ hochwertiger Schafschurwolle (z.B. Merino) und Kunstfaser (wie z.B. Polyester, Polyamid).<\/p>","protected":false},"excerpt":{"rendered":"<p>Meindl\u00a0Gastein GTX\u00ae &#8211; Wanderschuhe Ausgestattet Meindl Gastein GTX mit einem durchgehenden Lammfell-Fu\u00dfbett und der Vibram\u00ae Ice Trek Sohle ist der<\/p>","protected":false},"featured_media":63668,"comment_status":"open","ping_status":"closed","template":"","meta":[],"product_brand":[],"product_cat":[318,498],"product_tag":[],"class_list":{"0":"post-45237","1":"product","2":"type-product","3":"status-publish","4":"has-post-thumbnail","6":"product_cat-outdoor","7":"product_cat-schuhe-outdoor","8":"pa_marke-meindl","10":"first","11":"instock","12":"sale","13":"taxable","14":"shipping-taxable","15":"purchasable","16":"product-type-variable"},"yoast_head":"<!-- This site is optimized with the Yoast SEO Premium plugin v20.12 (Yoast SEO v27.1.1) - https:\/\/yoast.com\/product\/yoast-seo-premium-wordpress\/ -->\n<title>Meindl Gastein GTX\u00ae - Wanderschuhe<\/title>\n<meta name=\"description\" content=\"kgerad.de bietet Ihnen das Meindl Gastein GTX\u00ae - Wanderschuhe zum besten Preis mit kostenlosem Versand in ganz EuropaMeindl Gastein GTXMeindl Gastein GTX\" \/>\n<meta name=\"robots\" content=\"index, follow, max-snippet:-1, max-image-preview:large, max-video-preview:-1\" \/>\n<link rel=\"canonical\" href=\"https:\/\/kgerad.de\/en\/product\/meindl-gastein-gtx-wanderschuhe\/\" \/>\n<meta property=\"og:locale\" content=\"en_US\" \/>\n<meta property=\"og:type\" content=\"article\" \/>\n<meta property=\"og:title\" content=\"Meindl Gastein GTX\u00ae - Wanderschuhe\" \/>\n<meta property=\"og:description\" content=\"Entdecken Sie unseren Online-Fahrradladen: Gro\u00dfe Auswahl an Modellen f\u00fcr alle Radsportbegeisterten. Von Rennr\u00e4dern bis zu Mountainbikes - finden Sie heute Ihren perfekten Wegbegleiter!\" \/>\n<meta property=\"og:url\" content=\"https:\/\/kgerad.de\/en\/product\/meindl-gastein-gtx-wanderschuhe\/\" \/>\n<meta property=\"og:site_name\" content=\"kgerad.de\" \/>\n<meta property=\"article:modified_time\" content=\"2023-08-10T19:40:30+00:00\" \/>\n<meta property=\"og:image\" content=\"https:\/\/kgerad.de\/wp-content\/uploads\/2023\/06\/7748-01_gtx_800x800-00.jpg\" \/>\n\t<meta property=\"og:image:width\" content=\"682\" \/>\n\t<meta property=\"og:image:height\" content=\"800\" \/>\n\t<meta property=\"og:image:type\" content=\"image\/jpeg\" \/>\n<meta name=\"twitter:card\" content=\"summary_large_image\" \/>\n<meta name=\"twitter:label1\" content=\"Est. reading time\" \/>\n\t<meta name=\"twitter:data1\" content=\"2 minutes\" \/>\n<script type=\"application\/ld+json\" class=\"yoast-schema-graph\">{\"@context\":\"https:\/\/schema.org\",\"@graph\":[{\"@type\":\"WebPage\",\"@id\":\"https:\/\/kgerad.de\/produkt\/meindl-gastein-gtx-wanderschuhe\/\",\"url\":\"https:\/\/kgerad.de\/produkt\/meindl-gastein-gtx-wanderschuhe\/\",\"name\":\"Meindl Gastein GTX\u00ae - Wanderschuhe\",\"isPartOf\":{\"@id\":\"https:\/\/kgerad.de\/#website\"},\"primaryImageOfPage\":{\"@id\":\"https:\/\/kgerad.de\/produkt\/meindl-gastein-gtx-wanderschuhe\/#primaryimage\"},\"image\":{\"@id\":\"https:\/\/kgerad.de\/produkt\/meindl-gastein-gtx-wanderschuhe\/#primaryimage\"},\"thumbnailUrl\":\"https:\/\/kgerad.de\/wp-content\/uploads\/2023\/06\/7748-01_gtx_800x800-00.jpg\",\"datePublished\":\"2022-11-28T17:06:44+00:00\",\"dateModified\":\"2023-08-10T19:40:30+00:00\",\"description\":\"kgerad.de bietet Ihnen das Meindl Gastein GTX\u00ae - Wanderschuhe zum besten Preis mit kostenlosem Versand in ganz EuropaMeindl Gastein GTXMeindl Gastein GTX\",\"breadcrumb\":{\"@id\":\"https:\/\/kgerad.de\/produkt\/meindl-gastein-gtx-wanderschuhe\/#breadcrumb\"},\"inLanguage\":\"en-US\",\"potentialAction\":[{\"@type\":\"ReadAction\",\"target\":[\"https:\/\/kgerad.de\/produkt\/meindl-gastein-gtx-wanderschuhe\/\"]}]},{\"@type\":\"ImageObject\",\"inLanguage\":\"en-US\",\"@id\":\"https:\/\/kgerad.de\/produkt\/meindl-gastein-gtx-wanderschuhe\/#primaryimage\",\"url\":\"https:\/\/kgerad.de\/wp-content\/uploads\/2023\/06\/7748-01_gtx_800x800-00.jpg\",\"contentUrl\":\"https:\/\/kgerad.de\/wp-content\/uploads\/2023\/06\/7748-01_gtx_800x800-00.jpg\",\"width\":682,\"height\":800,\"caption\":\"Meindl Gastein GTX\u00ae - Wanderschuhe\"},{\"@type\":\"BreadcrumbList\",\"@id\":\"https:\/\/kgerad.de\/produkt\/meindl-gastein-gtx-wanderschuhe\/#breadcrumb\",\"itemListElement\":[{\"@type\":\"ListItem\",\"position\":1,\"name\":\"Startseite\",\"item\":\"https:\/\/kgerad.de\/\"},{\"@type\":\"ListItem\",\"position\":2,\"name\":\"LADEN\",\"item\":\"https:\/\/kgerad.de\/laden\/\"},{\"@type\":\"ListItem\",\"position\":3,\"name\":\"Meindl Gastein GTX\u00ae &#8211; Wanderschuhe\"}]},{\"@type\":\"WebSite\",\"@id\":\"https:\/\/kgerad.de\/#website\",\"url\":\"https:\/\/kgerad.de\/\",\"name\":\"kgerad.de\",\"description\":\"Treten Sie mit uns ins Abenteuer!\",\"publisher\":{\"@id\":\"https:\/\/kgerad.de\/#organization\"},\"alternateName\":\"MEIN RADLADEN\",\"potentialAction\":[{\"@type\":\"SearchAction\",\"target\":{\"@type\":\"EntryPoint\",\"urlTemplate\":\"https:\/\/kgerad.de\/?s={search_term_string}\"},\"query-input\":{\"@type\":\"PropertyValueSpecification\",\"valueRequired\":true,\"valueName\":\"search_term_string\"}}],\"inLanguage\":\"en-US\"},{\"@type\":\"Organization\",\"@id\":\"https:\/\/kgerad.de\/#organization\",\"name\":\"MEINRADLADEN\",\"alternateName\":\"MEIN RADLADEN\",\"url\":\"https:\/\/kgerad.de\/\",\"logo\":{\"@type\":\"ImageObject\",\"inLanguage\":\"en-US\",\"@id\":\"https:\/\/kgerad.de\/#\/schema\/logo\/image\/\",\"url\":\"https:\/\/kgerad.de\/wp-content\/uploads\/2025\/07\/logo-Whit.svg\",\"contentUrl\":\"https:\/\/kgerad.de\/wp-content\/uploads\/2025\/07\/logo-Whit.svg\",\"width\":1640,\"height\":371,\"caption\":\"MEINRADLADEN\"},\"image\":{\"@id\":\"https:\/\/kgerad.de\/#\/schema\/logo\/image\/\"}}]}<\/script>\n<!-- \/ Yoast SEO Premium plugin. -->","yoast_head_json":{"title":"Meindl Gastein GTX\u00ae - Wanderschuhe","description":"kgerad.de bietet Ihnen das Meindl Gastein GTX\u00ae - Wanderschuhe zum besten Preis mit kostenlosem Versand in ganz EuropaMeindl Gastein GTXMeindl Gastein GTX","robots":{"index":"index","follow":"follow","max-snippet":"max-snippet:-1","max-image-preview":"max-image-preview:large","max-video-preview":"max-video-preview:-1"},"canonical":"https:\/\/kgerad.de\/en\/product\/meindl-gastein-gtx-wanderschuhe\/","og_locale":"en_US","og_type":"article","og_title":"Meindl Gastein GTX\u00ae - Wanderschuhe","og_description":"Entdecken Sie unseren Online-Fahrradladen: Gro\u00dfe Auswahl an Modellen f\u00fcr alle Radsportbegeisterten. Von Rennr\u00e4dern bis zu Mountainbikes - finden Sie heute Ihren perfekten Wegbegleiter!","og_url":"https:\/\/kgerad.de\/en\/product\/meindl-gastein-gtx-wanderschuhe\/","og_site_name":"kgerad.de","article_modified_time":"2023-08-10T19:40:30+00:00","og_image":[{"width":682,"height":800,"url":"https:\/\/kgerad.de\/wp-content\/uploads\/2023\/06\/7748-01_gtx_800x800-00.jpg","type":"image\/jpeg"}],"twitter_card":"summary_large_image","twitter_misc":{"Est. reading time":"2 minutes"},"schema":{"@context":"https:\/\/schema.org","@graph":[{"@type":"WebPage","@id":"https:\/\/kgerad.de\/produkt\/meindl-gastein-gtx-wanderschuhe\/","url":"https:\/\/kgerad.de\/produkt\/meindl-gastein-gtx-wanderschuhe\/","name":"Meindl Gastein GTX\u00ae - Wanderschuhe","isPartOf":{"@id":"https:\/\/kgerad.de\/#website"},"primaryImageOfPage":{"@id":"https:\/\/kgerad.de\/produkt\/meindl-gastein-gtx-wanderschuhe\/#primaryimage"},"image":{"@id":"https:\/\/kgerad.de\/produkt\/meindl-gastein-gtx-wanderschuhe\/#primaryimage"},"thumbnailUrl":"https:\/\/kgerad.de\/wp-content\/uploads\/2023\/06\/7748-01_gtx_800x800-00.jpg","datePublished":"2022-11-28T17:06:44+00:00","dateModified":"2023-08-10T19:40:30+00:00","description":"kgerad.de bietet Ihnen das Meindl Gastein GTX\u00ae - Wanderschuhe zum besten Preis mit kostenlosem Versand in ganz EuropaMeindl Gastein GTXMeindl Gastein GTX","breadcrumb":{"@id":"https:\/\/kgerad.de\/produkt\/meindl-gastein-gtx-wanderschuhe\/#breadcrumb"},"inLanguage":"en-US","potentialAction":[{"@type":"ReadAction","target":["https:\/\/kgerad.de\/produkt\/meindl-gastein-gtx-wanderschuhe\/"]}]},{"@type":"ImageObject","inLanguage":"en-US","@id":"https:\/\/kgerad.de\/produkt\/meindl-gastein-gtx-wanderschuhe\/#primaryimage","url":"https:\/\/kgerad.de\/wp-content\/uploads\/2023\/06\/7748-01_gtx_800x800-00.jpg","contentUrl":"https:\/\/kgerad.de\/wp-content\/uploads\/2023\/06\/7748-01_gtx_800x800-00.jpg","width":682,"height":800,"caption":"Meindl Gastein GTX\u00ae - Wanderschuhe"},{"@type":"BreadcrumbList","@id":"https:\/\/kgerad.de\/produkt\/meindl-gastein-gtx-wanderschuhe\/#breadcrumb","itemListElement":[{"@type":"ListItem","position":1,"name":"Startseite","item":"https:\/\/kgerad.de\/"},{"@type":"ListItem","position":2,"name":"LADEN","item":"https:\/\/kgerad.de\/laden\/"},{"@type":"ListItem","position":3,"name":"Meindl Gastein GTX\u00ae &#8211; Wanderschuhe"}]},{"@type":"WebSite","@id":"https:\/\/kgerad.de\/#website","url":"https:\/\/kgerad.de\/","name":"kgerad.de","description":"Treten Sie mit uns ins Abenteuer!","publisher":{"@id":"https:\/\/kgerad.de\/#organization"},"alternateName":"MEIN RADLADEN","potentialAction":[{"@type":"SearchAction","target":{"@type":"EntryPoint","urlTemplate":"https:\/\/kgerad.de\/?s={search_term_string}"},"query-input":{"@type":"PropertyValueSpecification","valueRequired":true,"valueName":"search_term_string"}}],"inLanguage":"en-US"},{"@type":"Organization","@id":"https:\/\/kgerad.de\/#organization","name":"MEINRADLADEN","alternateName":"MEIN RADLADEN","url":"https:\/\/kgerad.de\/","logo":{"@type":"ImageObject","inLanguage":"en-US","@id":"https:\/\/kgerad.de\/#\/schema\/logo\/image\/","url":"https:\/\/kgerad.de\/wp-content\/uploads\/2025\/07\/logo-Whit.svg","contentUrl":"https:\/\/kgerad.de\/wp-content\/uploads\/2025\/07\/logo-Whit.svg","width":1640,"height":371,"caption":"MEINRADLADEN"},"image":{"@id":"https:\/\/kgerad.de\/#\/schema\/logo\/image\/"}}]}},"_links":{"self":[{"href":"https:\/\/kgerad.de\/en\/wp-json\/wp\/v2\/product\/45237","targetHints":{"allow":["GET"]}}],"collection":[{"href":"https:\/\/kgerad.de\/en\/wp-json\/wp\/v2\/product"}],"about":[{"href":"https:\/\/kgerad.de\/en\/wp-json\/wp\/v2\/types\/product"}],"replies":[{"embeddable":true,"href":"https:\/\/kgerad.de\/en\/wp-json\/wp\/v2\/comments?post=45237"}],"version-history":[{"count":1,"href":"https:\/\/kgerad.de\/en\/wp-json\/wp\/v2\/product\/45237\/revisions"}],"predecessor-version":[{"id":79019,"href":"https:\/\/kgerad.de\/en\/wp-json\/wp\/v2\/product\/45237\/revisions\/79019"}],"wp:featuredmedia":[{"embeddable":true,"href":"https:\/\/kgerad.de\/en\/wp-json\/wp\/v2\/media\/63668"}],"wp:attachment":[{"href":"https:\/\/kgerad.de\/en\/wp-json\/wp\/v2\/media?parent=45237"}],"wp:term":[{"taxonomy":"product_brand","embeddable":true,"href":"https:\/\/kgerad.de\/en\/wp-json\/wp\/v2\/product_brand?post=45237"},{"taxonomy":"product_cat","embeddable":true,"href":"https:\/\/kgerad.de\/en\/wp-json\/wp\/v2\/product_cat?post=45237"},{"taxonomy":"product_tag","embeddable":true,"href":"https:\/\/kgerad.de\/en\/wp-json\/wp\/v2\/product_tag?post=45237"}],"curies":[{"name":"wp","href":"https:\/\/api.w.org\/{rel}","templated":true}]}}