{"id":45174,"date":"2022-11-28T17:28:33","date_gmt":"2022-11-28T16:28:33","guid":{"rendered":"https:\/\/kgerad.de\/?post_type=product&#038;p=45174"},"modified":"2023-08-10T21:41:25","modified_gmt":"2023-08-10T19:41:25","slug":"meindl-caracas-gtx-trekkingschuhe","status":"publish","type":"product","link":"https:\/\/kgerad.de\/en\/product\/meindl-caracas-gtx-trekkingschuhe\/","title":{"rendered":"Meindl Caracas GTX\u00ae &#8211; Trekkingschuhe"},"content":{"rendered":"<h2 class=\"product--title\"><strong>Meindl<\/strong>\u00a0Caracas GTX\u00ae &#8211; Trekkingschuhe<\/h2>\n<p>Die MEINDL Hikingschuhe CARACAS GTX\u00ae sind perfekte Freizeit-Partner und die Vorzeigeschuhe von MEINDL &#8211; das ist Tragekomfort auf h\u00f6chstem Niveau!<\/p>\n<p>Naturerlebnis pur f\u00fcr Bewegungshungrige. Weich und komfortabel und mit griffigem Profil sorgen unsere Light-Hiker f\u00fcr genussvolle Wanderungen und Freizeit-Unternehmungen. Selbst f\u00fcr den Alltag sind sie die perfekten Partner am Fu\u00df.<\/p>\n<hr \/>\n<h3>Produktdetails &#8211; CARACAS GTX<sup>\u00ae<\/sup>\u00a0Wanderschuhe<\/h3>\n<ul>\n<li>Obermaterial: Nubukleder Wachsgriff<\/li>\n<li>Futter: GORE-TEX\u00ae<\/li>\n<li>Fu\u00dfbett: AIR-ACTIVE\u00ae<\/li>\n<li>Sohle: Urban Walker von Vibram\u00ae<\/li>\n<li>Sohlen Nr.: 87<\/li>\n<li>Gewicht:\u00a0ca. 460 g pro Schuh<\/li>\n<\/ul>\n<hr \/>\n<h3>Anwendungsgebiete<\/h3>\n<p>Welcher Schuh ist der richtige f\u00fcr mich? Diese entscheidende Frage stellt sich bei jedem Schuhkauf. Denn je nach Anwendungsgebiet sind die Schuhe unterschiedlich konstruiert. Die Meindl Anwendungsgebiete geben hier schnell Aufschluss, welcher Schuh sich f\u00fcr welche Unternehmung am besten eignet.<\/p>\n<p><strong>Anwendungsgebiet A: Lightwalker<\/strong><br \/>\nDer Schuh f\u00fcr Lightwalker \u2013 die in Freizeit und Alltag mit Meindl fest und modisch auftreten m\u00f6chten.<\/p>\n<ul>\n<li>Einsatzort: Freizeit, Alltag, Reise, Walking<\/li>\n<li>Untergrund: Gute Wege, Parkanlagen, Alltag<\/li>\n<\/ul>\n<hr \/>\n<h3>Technologie<\/h3>\n<p><strong>GORE-TEX\u00ae SURROUND\u00ae<\/strong><br \/>\nSchuhe mit GORE-TEX\u00ae Technologie sind dauerhaft wasserdicht, hoch atmungsaktiv und bieten perfekten Klimakomfort f\u00fcr verschiedenste Aktivit\u00e4ten und Wetterverh\u00e4ltnisse. Alle Schuhe mit GORE-TEX\u00ae Technologie werden nach strengen Qualit\u00e4tsstandards hergestellt.<\/p>\n<ul>\n<li>Rundum sichtbar atmungsaktiv und dauerhaft wasserdicht<\/li>\n<li>Halten die F\u00fc\u00dfe rundum angenehm trocken und k\u00fchl<\/li>\n<li>Ideal f\u00fcr mittlere bis h\u00f6here Temperaturen<\/li>\n<li>Innovative offene Sohlenkonstruktion<\/li>\n<\/ul>\n<hr \/>\n<h3>Die richtigen Socken<\/h3>\n<p>Die Socken bilden die Schicht zwischen Fu\u00df und Schuhfutter. Gerade deshalb ist es wichtig, darauf zu achten, dass sie optimal auf den gew\u00fcnschten Einsatzbereich abgestimmt sind. Die GORE-TEX\u00ae Membrane funktioniert grunds\u00e4tzlich unabh\u00e4ngig von den verwendeten Socken. Optimal konstruierte Socken k\u00f6nnen jedoch den Tragekomfort, speziell den Klimakomfort, deutlich sp\u00fcrbar positiv beeinflussen.<\/p>\n<p>Achten Sie deshalb auf die richtige Material-Mischung: 100% Baumwolle saugt viel Feuchtigkeit auf und gibt sie nur sehr langsam wieder ab. Feuchtigkeit bleibt am Fu\u00df, die F\u00fc\u00dfe k\u00fchlen aus. Vorteilhaft ist daher eine Mischung aus qualitativ hochwertiger Schafschurwolle (z.B. Merino) und Kunstfaser (wie z.B. Polyester, Polyamid).<\/p>","protected":false},"excerpt":{"rendered":"<p>Meindl\u00a0Caracas GTX\u00ae &#8211; Trekkingschuhe Die MEINDL Hikingschuhe CARACAS GTX\u00ae sind perfekte Freizeit-Partner und die Vorzeigeschuhe von MEINDL &#8211; das ist<\/p>","protected":false},"featured_media":63641,"comment_status":"open","ping_status":"closed","template":"","meta":[],"product_brand":[],"product_cat":[318,498],"product_tag":[],"class_list":{"0":"post-45174","1":"product","2":"type-product","3":"status-publish","4":"has-post-thumbnail","6":"product_cat-outdoor","7":"product_cat-schuhe-outdoor","8":"pa_marke-meindl","10":"first","11":"instock","12":"sale","13":"taxable","14":"shipping-taxable","15":"purchasable","16":"product-type-variable"},"yoast_head":"<!-- This site is optimized with the Yoast SEO Premium plugin v20.12 (Yoast SEO v27.1.1) - https:\/\/yoast.com\/product\/yoast-seo-premium-wordpress\/ -->\n<title>Meindl Caracas GTX\u00ae - Trekkingschuhe<\/title>\n<meta name=\"description\" content=\"kgerad.de bietet Ihnen das Meindl Caracas GTX\u00ae - Trekkingschuhe zum besten Preis mit kostenlosem Versand in ganz EuropaMeindl Caracas GTX\u00aeMeindl Caracas GTX\u00ae\" \/>\n<meta name=\"robots\" content=\"index, follow, max-snippet:-1, max-image-preview:large, max-video-preview:-1\" \/>\n<link rel=\"canonical\" href=\"https:\/\/kgerad.de\/en\/product\/meindl-caracas-gtx-trekkingschuhe\/\" \/>\n<meta property=\"og:locale\" content=\"en_US\" \/>\n<meta property=\"og:type\" content=\"article\" \/>\n<meta property=\"og:title\" content=\"Meindl Caracas GTX\u00ae - Trekkingschuhe\" \/>\n<meta property=\"og:description\" content=\"Entdecken Sie unseren Online-Fahrradladen: Gro\u00dfe Auswahl an Modellen f\u00fcr alle Radsportbegeisterten. Von Rennr\u00e4dern bis zu Mountainbikes - finden Sie heute Ihren perfekten Wegbegleiter!\" \/>\n<meta property=\"og:url\" content=\"https:\/\/kgerad.de\/en\/product\/meindl-caracas-gtx-trekkingschuhe\/\" \/>\n<meta property=\"og:site_name\" content=\"kgerad.de\" \/>\n<meta property=\"article:modified_time\" content=\"2023-08-10T19:41:25+00:00\" \/>\n<meta property=\"og:image\" content=\"https:\/\/kgerad.de\/wp-content\/uploads\/2023\/06\/Meindl_Caracas_GTX_3879-46-90_800x800-00.jpg\" \/>\n\t<meta property=\"og:image:width\" content=\"737\" \/>\n\t<meta property=\"og:image:height\" content=\"800\" \/>\n\t<meta property=\"og:image:type\" content=\"image\/jpeg\" \/>\n<meta name=\"twitter:card\" content=\"summary_large_image\" \/>\n<meta name=\"twitter:label1\" content=\"Est. reading time\" \/>\n\t<meta name=\"twitter:data1\" content=\"2 minutes\" \/>\n<script type=\"application\/ld+json\" class=\"yoast-schema-graph\">{\"@context\":\"https:\/\/schema.org\",\"@graph\":[{\"@type\":\"WebPage\",\"@id\":\"https:\/\/kgerad.de\/produkt\/meindl-caracas-gtx-trekkingschuhe\/\",\"url\":\"https:\/\/kgerad.de\/produkt\/meindl-caracas-gtx-trekkingschuhe\/\",\"name\":\"Meindl Caracas GTX\u00ae - Trekkingschuhe\",\"isPartOf\":{\"@id\":\"https:\/\/kgerad.de\/#website\"},\"primaryImageOfPage\":{\"@id\":\"https:\/\/kgerad.de\/produkt\/meindl-caracas-gtx-trekkingschuhe\/#primaryimage\"},\"image\":{\"@id\":\"https:\/\/kgerad.de\/produkt\/meindl-caracas-gtx-trekkingschuhe\/#primaryimage\"},\"thumbnailUrl\":\"https:\/\/kgerad.de\/wp-content\/uploads\/2023\/06\/Meindl_Caracas_GTX_3879-46-90_800x800-00.jpg\",\"datePublished\":\"2022-11-28T16:28:33+00:00\",\"dateModified\":\"2023-08-10T19:41:25+00:00\",\"description\":\"kgerad.de bietet Ihnen das Meindl Caracas GTX\u00ae - Trekkingschuhe zum besten Preis mit kostenlosem Versand in ganz EuropaMeindl Caracas GTX\u00aeMeindl Caracas GTX\u00ae\",\"breadcrumb\":{\"@id\":\"https:\/\/kgerad.de\/produkt\/meindl-caracas-gtx-trekkingschuhe\/#breadcrumb\"},\"inLanguage\":\"en-US\",\"potentialAction\":[{\"@type\":\"ReadAction\",\"target\":[\"https:\/\/kgerad.de\/produkt\/meindl-caracas-gtx-trekkingschuhe\/\"]}]},{\"@type\":\"ImageObject\",\"inLanguage\":\"en-US\",\"@id\":\"https:\/\/kgerad.de\/produkt\/meindl-caracas-gtx-trekkingschuhe\/#primaryimage\",\"url\":\"https:\/\/kgerad.de\/wp-content\/uploads\/2023\/06\/Meindl_Caracas_GTX_3879-46-90_800x800-00.jpg\",\"contentUrl\":\"https:\/\/kgerad.de\/wp-content\/uploads\/2023\/06\/Meindl_Caracas_GTX_3879-46-90_800x800-00.jpg\",\"width\":737,\"height\":800,\"caption\":\"Meindl Caracas GTX\u00ae - Trekkingschuhe\"},{\"@type\":\"BreadcrumbList\",\"@id\":\"https:\/\/kgerad.de\/produkt\/meindl-caracas-gtx-trekkingschuhe\/#breadcrumb\",\"itemListElement\":[{\"@type\":\"ListItem\",\"position\":1,\"name\":\"Startseite\",\"item\":\"https:\/\/kgerad.de\/\"},{\"@type\":\"ListItem\",\"position\":2,\"name\":\"LADEN\",\"item\":\"https:\/\/kgerad.de\/laden\/\"},{\"@type\":\"ListItem\",\"position\":3,\"name\":\"Meindl Caracas GTX\u00ae &#8211; Trekkingschuhe\"}]},{\"@type\":\"WebSite\",\"@id\":\"https:\/\/kgerad.de\/#website\",\"url\":\"https:\/\/kgerad.de\/\",\"name\":\"kgerad.de\",\"description\":\"Treten Sie mit uns ins Abenteuer!\",\"publisher\":{\"@id\":\"https:\/\/kgerad.de\/#organization\"},\"alternateName\":\"MEIN RADLADEN\",\"potentialAction\":[{\"@type\":\"SearchAction\",\"target\":{\"@type\":\"EntryPoint\",\"urlTemplate\":\"https:\/\/kgerad.de\/?s={search_term_string}\"},\"query-input\":{\"@type\":\"PropertyValueSpecification\",\"valueRequired\":true,\"valueName\":\"search_term_string\"}}],\"inLanguage\":\"en-US\"},{\"@type\":\"Organization\",\"@id\":\"https:\/\/kgerad.de\/#organization\",\"name\":\"MEINRADLADEN\",\"alternateName\":\"MEIN RADLADEN\",\"url\":\"https:\/\/kgerad.de\/\",\"logo\":{\"@type\":\"ImageObject\",\"inLanguage\":\"en-US\",\"@id\":\"https:\/\/kgerad.de\/#\/schema\/logo\/image\/\",\"url\":\"https:\/\/kgerad.de\/wp-content\/uploads\/2025\/07\/logo-Whit.svg\",\"contentUrl\":\"https:\/\/kgerad.de\/wp-content\/uploads\/2025\/07\/logo-Whit.svg\",\"width\":1640,\"height\":371,\"caption\":\"MEINRADLADEN\"},\"image\":{\"@id\":\"https:\/\/kgerad.de\/#\/schema\/logo\/image\/\"}}]}<\/script>\n<!-- \/ Yoast SEO Premium plugin. -->","yoast_head_json":{"title":"Meindl Caracas GTX\u00ae - Trekkingschuhe","description":"kgerad.de bietet Ihnen das Meindl Caracas GTX\u00ae - Trekkingschuhe zum besten Preis mit kostenlosem Versand in ganz EuropaMeindl Caracas GTX\u00aeMeindl Caracas GTX\u00ae","robots":{"index":"index","follow":"follow","max-snippet":"max-snippet:-1","max-image-preview":"max-image-preview:large","max-video-preview":"max-video-preview:-1"},"canonical":"https:\/\/kgerad.de\/en\/product\/meindl-caracas-gtx-trekkingschuhe\/","og_locale":"en_US","og_type":"article","og_title":"Meindl Caracas GTX\u00ae - Trekkingschuhe","og_description":"Entdecken Sie unseren Online-Fahrradladen: Gro\u00dfe Auswahl an Modellen f\u00fcr alle Radsportbegeisterten. Von Rennr\u00e4dern bis zu Mountainbikes - finden Sie heute Ihren perfekten Wegbegleiter!","og_url":"https:\/\/kgerad.de\/en\/product\/meindl-caracas-gtx-trekkingschuhe\/","og_site_name":"kgerad.de","article_modified_time":"2023-08-10T19:41:25+00:00","og_image":[{"width":737,"height":800,"url":"https:\/\/kgerad.de\/wp-content\/uploads\/2023\/06\/Meindl_Caracas_GTX_3879-46-90_800x800-00.jpg","type":"image\/jpeg"}],"twitter_card":"summary_large_image","twitter_misc":{"Est. reading time":"2 minutes"},"schema":{"@context":"https:\/\/schema.org","@graph":[{"@type":"WebPage","@id":"https:\/\/kgerad.de\/produkt\/meindl-caracas-gtx-trekkingschuhe\/","url":"https:\/\/kgerad.de\/produkt\/meindl-caracas-gtx-trekkingschuhe\/","name":"Meindl Caracas GTX\u00ae - Trekkingschuhe","isPartOf":{"@id":"https:\/\/kgerad.de\/#website"},"primaryImageOfPage":{"@id":"https:\/\/kgerad.de\/produkt\/meindl-caracas-gtx-trekkingschuhe\/#primaryimage"},"image":{"@id":"https:\/\/kgerad.de\/produkt\/meindl-caracas-gtx-trekkingschuhe\/#primaryimage"},"thumbnailUrl":"https:\/\/kgerad.de\/wp-content\/uploads\/2023\/06\/Meindl_Caracas_GTX_3879-46-90_800x800-00.jpg","datePublished":"2022-11-28T16:28:33+00:00","dateModified":"2023-08-10T19:41:25+00:00","description":"kgerad.de bietet Ihnen das Meindl Caracas GTX\u00ae - Trekkingschuhe zum besten Preis mit kostenlosem Versand in ganz EuropaMeindl Caracas GTX\u00aeMeindl Caracas GTX\u00ae","breadcrumb":{"@id":"https:\/\/kgerad.de\/produkt\/meindl-caracas-gtx-trekkingschuhe\/#breadcrumb"},"inLanguage":"en-US","potentialAction":[{"@type":"ReadAction","target":["https:\/\/kgerad.de\/produkt\/meindl-caracas-gtx-trekkingschuhe\/"]}]},{"@type":"ImageObject","inLanguage":"en-US","@id":"https:\/\/kgerad.de\/produkt\/meindl-caracas-gtx-trekkingschuhe\/#primaryimage","url":"https:\/\/kgerad.de\/wp-content\/uploads\/2023\/06\/Meindl_Caracas_GTX_3879-46-90_800x800-00.jpg","contentUrl":"https:\/\/kgerad.de\/wp-content\/uploads\/2023\/06\/Meindl_Caracas_GTX_3879-46-90_800x800-00.jpg","width":737,"height":800,"caption":"Meindl Caracas GTX\u00ae - Trekkingschuhe"},{"@type":"BreadcrumbList","@id":"https:\/\/kgerad.de\/produkt\/meindl-caracas-gtx-trekkingschuhe\/#breadcrumb","itemListElement":[{"@type":"ListItem","position":1,"name":"Startseite","item":"https:\/\/kgerad.de\/"},{"@type":"ListItem","position":2,"name":"LADEN","item":"https:\/\/kgerad.de\/laden\/"},{"@type":"ListItem","position":3,"name":"Meindl Caracas GTX\u00ae &#8211; Trekkingschuhe"}]},{"@type":"WebSite","@id":"https:\/\/kgerad.de\/#website","url":"https:\/\/kgerad.de\/","name":"kgerad.de","description":"Treten Sie mit uns ins Abenteuer!","publisher":{"@id":"https:\/\/kgerad.de\/#organization"},"alternateName":"MEIN RADLADEN","potentialAction":[{"@type":"SearchAction","target":{"@type":"EntryPoint","urlTemplate":"https:\/\/kgerad.de\/?s={search_term_string}"},"query-input":{"@type":"PropertyValueSpecification","valueRequired":true,"valueName":"search_term_string"}}],"inLanguage":"en-US"},{"@type":"Organization","@id":"https:\/\/kgerad.de\/#organization","name":"MEINRADLADEN","alternateName":"MEIN RADLADEN","url":"https:\/\/kgerad.de\/","logo":{"@type":"ImageObject","inLanguage":"en-US","@id":"https:\/\/kgerad.de\/#\/schema\/logo\/image\/","url":"https:\/\/kgerad.de\/wp-content\/uploads\/2025\/07\/logo-Whit.svg","contentUrl":"https:\/\/kgerad.de\/wp-content\/uploads\/2025\/07\/logo-Whit.svg","width":1640,"height":371,"caption":"MEINRADLADEN"},"image":{"@id":"https:\/\/kgerad.de\/#\/schema\/logo\/image\/"}}]}},"_links":{"self":[{"href":"https:\/\/kgerad.de\/en\/wp-json\/wp\/v2\/product\/45174","targetHints":{"allow":["GET"]}}],"collection":[{"href":"https:\/\/kgerad.de\/en\/wp-json\/wp\/v2\/product"}],"about":[{"href":"https:\/\/kgerad.de\/en\/wp-json\/wp\/v2\/types\/product"}],"replies":[{"embeddable":true,"href":"https:\/\/kgerad.de\/en\/wp-json\/wp\/v2\/comments?post=45174"}],"version-history":[{"count":1,"href":"https:\/\/kgerad.de\/en\/wp-json\/wp\/v2\/product\/45174\/revisions"}],"predecessor-version":[{"id":79022,"href":"https:\/\/kgerad.de\/en\/wp-json\/wp\/v2\/product\/45174\/revisions\/79022"}],"wp:featuredmedia":[{"embeddable":true,"href":"https:\/\/kgerad.de\/en\/wp-json\/wp\/v2\/media\/63641"}],"wp:attachment":[{"href":"https:\/\/kgerad.de\/en\/wp-json\/wp\/v2\/media?parent=45174"}],"wp:term":[{"taxonomy":"product_brand","embeddable":true,"href":"https:\/\/kgerad.de\/en\/wp-json\/wp\/v2\/product_brand?post=45174"},{"taxonomy":"product_cat","embeddable":true,"href":"https:\/\/kgerad.de\/en\/wp-json\/wp\/v2\/product_cat?post=45174"},{"taxonomy":"product_tag","embeddable":true,"href":"https:\/\/kgerad.de\/en\/wp-json\/wp\/v2\/product_tag?post=45174"}],"curies":[{"name":"wp","href":"https:\/\/api.w.org\/{rel}","templated":true}]}}