{"id":45144,"date":"2022-11-28T16:27:43","date_gmt":"2022-11-28T15:27:43","guid":{"rendered":"https:\/\/kgerad.de\/?post_type=product&#038;p=45144"},"modified":"2023-08-10T21:59:59","modified_gmt":"2023-08-10T19:59:59","slug":"cube-stereo-hybrid-160-hpc-tm-750-27-5-flashgreynolive","status":"publish","type":"product","link":"https:\/\/kgerad.de\/en\/product\/cube-stereo-hybrid-160-hpc-tm-750-27-5-flashgreynolive\/","title":{"rendered":"Cube Stereo Hybrid 160 HPC TM 750 27.5 flashgrey\u00b4n\u00b4olive"},"content":{"rendered":"<h2 class=\"product--title\"><strong>Cube<\/strong>\u00a0Stereo Hybrid 160 HPC TM 750 27.5 flashgrey\u00b4n\u00b4olive<\/h2>\n<p class=\"product--rating-container\">Auf steilen, ruppigen Trails die Bodenhaftung nicht zu verlieren, ist gar nicht so einfach \u2013, au\u00dfer du bist mit dem CUBE Stereo Hybrid 160 HPC TM 750 unterwegs! Dank seinem extrem zuverl\u00e4ssigen Handling, seiner Enduro-orientierten Kinematik und ganz viel Vortrieb durch den geschmeidig arbeitenden Bosch Motor beweist sich dieses E-Fully als der perfekte Allrounder und wird im Gel\u00e4nde f\u00fcr Furore sorgen!<\/p>\n<hr \/>\n<h2 class=\"product--rating-container\"><a href=\"https:\/\/www.cube.eu\/360\/637153\" target=\"_blank\" rel=\"noopener\"><img decoding=\"async\" title=\"360\u00b0\" src=\"https:\/\/cd.bike-discount.de\/media\/image\/3a\/ee\/83\/360.png\" alt=\"\" width=\"40\" height=\"39\" data-mid=\"729769\" data-src=\"media\/image\/360.png\" \/>360\u00b0-Ansicht \u00f6ffnen<\/a><\/h2>\n<hr \/>\n<p>Weiter, schneller, steiler \u2013 so lautet die Devise des CUBE Stereo Hybrid 160 HPC TM 750. Sein extrem zuverl\u00e4ssiges Handling hat es einem Fahrwerk von Fox zu verdanken, eine potente Kombination aus 38 Float Performance Federgabel und Float X Performance D\u00e4mpfer mit Ausgleichsbeh\u00e4lter. Dazu kommen ein geschmeidig und kraftvoll arbeitender Bosch Motor der vierten Generation und ein hochkapazitiver 750 Wh starker Akku. Das Zusammenspiel aus einer hydraulischen MT7 Scheibenbremsanlage mit zweiteiligen Bremsscheiben und Newmen Performance Laufr\u00e4dern mit 2.5 Zoll Maxxis Assegai und 2.4 Zoll DHR II Pneus steht f\u00fcr durchwegs top Kontrolle, Bodenhaftung und Spurtreue. Und weil CUBE dieser Trail-Maschine auch einen pr\u00e4zise arbeitenden Sram GX Eagle 12-fach Antrieb und eine versenkbare Sattelst\u00fctze spendiert hat, kannst du es bergauf wie bergab mit jedem noch so taffen Trail aufnehmen!<\/p>\n<hr \/>\n<h3>RAHMEN Cube Stereo Hybrid 160 HPC TM 750<\/h3>\n<p>Ein Enduro-taugliches Fully mit E-Antrieb, gibt es sowas? Klar, das gibt&#8217;s, und es hei\u00dft Stereo Hybrid 160 HPC. Sein Carbonhauptrahmen kann dank Modular Battery System neben einem Bosch Motor der vierten Generation auch noch einen bis zu 750 Wh starken Akku aufnehmen. Und weil das Chassis trotzdem in allen Gr\u00f6\u00dfen verf\u00fcgbar ist, findest du auf jeden Fall das perfekte Set-up f\u00fcr dich und deine Anforderungen. CUBE hat bei der Entwicklung zudem viel Wert auf Vielseitigkeit und ein praktisches Handling gelegt. Deshalb gibt es gen\u00fcgend Platz f\u00fcr einen Flaschenhalter und du kannst die Akku-Abdeckung einfach per Druckknopf \u00f6ffnen. Und dann die rennorientierte Geometrie, die Boost 148 Steckachse und das 1.5 Zoll Steuerrohr \u2013 allesamt Garanten f\u00fcr ein superpr\u00e4zises Fahrgef\u00fchl und top Bodenhaftung, selbst auf verblockten oder sehr ruppigen Trails. Dazu bedeuten eine Trunnion D\u00e4mpferaufnahme, gro\u00dfe Umlenkpunkte und im Rahmeninneren verlaufende Z\u00fcge wenig Wartungsaufwand \u2013 und dadurch mehr Zeit f\u00fcr maximalen Offroad-Bike-Spa\u00df, am Berg!<\/p>\n<hr \/>\n<h3>Technologien<\/h3>\n<p><strong>Boost 148<\/strong><br \/>\nDas Konzept hinter der Boost 148 Steckachse: Eine breitere Nabe f\u00fcr steifere, stabilere Laufr\u00e4der und damit besseres Handling und zudem gen\u00fcgend Platz f\u00fcr den Einbau breiterer Reifen f\u00fcr mehr Performance. Dabei bleiben die Schaltpr\u00e4zision beziehungsweise Effizienz des Antriebs voll erhalten. So kannst du noch kompromissloser Gas geben und profitierst zugleich von besserem Handling und stabileren Laufr\u00e4dern.<\/p>\n<p><strong>Universal Derailleur Hanger<\/strong><br \/>\nEin Standard f\u00fcr alle: Dank dem innovativen Universal Derailleur Hanger l\u00e4sst sich das Schaltauge an deinem Bike ganz einfach austauschen. CUBE hat das Ganze au\u00dferdem so gestaltet, dass das Schaltauge bei harten Schl\u00e4gen auf das Schaltwerk nach hinten ausweicht, was dich vor Kettenklemmern bewahrt. Zudem optimiert es die Schaltvorg\u00e4nge und ist mit s\u00e4mtlichen Antrieben kompatibel. Und das Beste: Als genormtes Standardzubeh\u00f6r ist es \u00fcberall erh\u00e4ltlich.<\/p>\n<h2>Ausstattung<\/h2>\n<div class=\"product--properties panel has--border\">\n<table class=\"product--properties-table\">\n<tbody>\n<tr class=\"product--properties-row row1\">\n<td class=\"product--properties-label is--bold\">Rahmen:<\/td>\n<td class=\"product--properties-value\">C:62\u00ae Monocoque Advanced Twin Mold Technology, Aluminium 6061 T6 Rear Triangle, Efficient Trail Control, FSP 4-Link, Agile Trail Geometry, Boost 148, UDH\u2122, Full Integrated Battery, Advanced Internal Cable Routing<\/td>\n<\/tr>\n<tr class=\"product--properties-row row2\">\n<td class=\"product--properties-label is--bold\">Rahmenmaterial:<\/td>\n<td class=\"product--properties-value\">Carbonfrontrahmen, Aluminium Hinterbau<\/td>\n<\/tr>\n<tr class=\"product--properties-row row3\">\n<td class=\"product--properties-label is--bold\">Laufradgr\u00f6\u00dfe:<\/td>\n<td class=\"product--properties-value\">27,5&#8243;<\/td>\n<\/tr>\n<tr class=\"product--properties-row row4\">\n<td class=\"product--properties-label is--bold\">Farbe:<\/td>\n<td class=\"product--properties-value\">flashgrey\u00b4n\u00b4olive<\/td>\n<\/tr>\n<tr class=\"product--properties-row row5\">\n<td class=\"product--properties-label is--bold\">Gabel:<\/td>\n<td class=\"product--properties-value\">Fox 38 Float Performance GRIP, 3-Position w\/ Micro Adjust, Tapered, 15x110mm, E-Bike Tune, 170mm<\/td>\n<\/tr>\n<tr class=\"product--properties-row row6\">\n<td class=\"product--properties-label is--bold\">D\u00e4mpfer:<\/td>\n<td class=\"product--properties-value\">Fox Float X Performance, 205x65mm, Trunnion Mount, Adjustable LSR w\/ 2-Pos. Lever<\/td>\n<\/tr>\n<tr class=\"product--properties-row row7\">\n<td class=\"product--properties-label is--bold\">Federweg:<\/td>\n<td class=\"product--properties-value\">170mm \/ 160mm<\/td>\n<\/tr>\n<tr class=\"product--properties-row row8\">\n<td class=\"product--properties-label is--bold\">Bremsen:<\/td>\n<td class=\"product--properties-value\">Magura MT7, Hydr. Disc Brake<\/td>\n<\/tr>\n<tr class=\"product--properties-row row9\">\n<td class=\"product--properties-label is--bold\">Bremsscheiben:<\/td>\n<td class=\"product--properties-value\">203\/203 mm<\/td>\n<\/tr>\n<tr class=\"product--properties-row row10\">\n<td class=\"product--properties-label is--bold\">Steuersatz:<\/td>\n<td class=\"product--properties-value\">ACROS AZF-1035, ICR (Integrated Cable Routing), BlockLock 120\u00b0, Top Zero-Stack 1 1\/2&#8243; (ZS 56mm), Bottom Zero-Stack 1 1\/2&#8243; (ZS 56mm)<\/td>\n<\/tr>\n<tr class=\"product--properties-row row11\">\n<td class=\"product--properties-label is--bold\">Vorbau:<\/td>\n<td class=\"product--properties-value\">CUBE Performance Stem E-MTB, 31.8mm<\/td>\n<\/tr>\n<tr class=\"product--properties-row row12\">\n<td class=\"product--properties-label is--bold\">Lenker:<\/td>\n<td class=\"product--properties-value\">Newmen Evolution SL 318.25, 800mm<\/td>\n<\/tr>\n<tr class=\"product--properties-row row13\">\n<td class=\"product--properties-label is--bold\">Griffe:<\/td>\n<td class=\"product--properties-value\">ACID Disrupt, Soft Compound<\/td>\n<\/tr>\n<tr class=\"product--properties-row row14\">\n<td class=\"product--properties-label is--bold\">Sattel:<\/td>\n<td class=\"product--properties-value\">Natural Fit Venec<\/td>\n<\/tr>\n<tr class=\"product--properties-row row15\">\n<td class=\"product--properties-label is--bold\">Sattelst\u00fctze:<\/td>\n<td class=\"product--properties-value\">CUBE Dropper Post, Handlebar Lever, Internal Cable Routing, 31.6mm<\/td>\n<\/tr>\n<\/tbody>\n<\/table>\n<table class=\"product--properties-table\">\n<tbody>\n<tr class=\"product--properties-row row16\">\n<td class=\"product--properties-label is--bold\">Sattelklemme:<\/td>\n<td class=\"product--properties-value\">CUBE Screwlock Semi Integrated, 34.9mm<\/td>\n<\/tr>\n<tr class=\"product--properties-row row17\">\n<td class=\"product--properties-label is--bold\">Kurbel:<\/td>\n<td class=\"product--properties-value\">ACID E-Crank, 165mm, 36T<\/td>\n<\/tr>\n<tr class=\"product--properties-row row18\">\n<td class=\"product--properties-label is--bold\">Schaltwerk:<\/td>\n<td class=\"product--properties-value\">Sram GX Eagle\u2122, 12-Speed<\/td>\n<\/tr>\n<tr class=\"product--properties-row row19\">\n<td class=\"product--properties-label is--bold\">Schalthebel:<\/td>\n<td class=\"product--properties-value\">Sram GX Eagle\u2122 Trigger, Single Click<\/td>\n<\/tr>\n<tr class=\"product--properties-row row20\">\n<td class=\"product--properties-label is--bold\">Kettenf\u00fchrung:<\/td>\n<td class=\"product--properties-value\">Reverse Flip-Guide E-Chain Guide, Direct Mount, GEN4<\/td>\n<\/tr>\n<tr class=\"product--properties-row row21\">\n<td class=\"product--properties-label is--bold\">Kassette:<\/td>\n<td class=\"product--properties-value\">Sram XG-1275 Eagle\u2122, 10-52T<\/td>\n<\/tr>\n<tr class=\"product--properties-row row22\">\n<td class=\"product--properties-label is--bold\">Kette:<\/td>\n<td class=\"product--properties-value\">Sram NX Eagle\u2122<\/td>\n<\/tr>\n<tr class=\"product--properties-row row23\">\n<td class=\"product--properties-label is--bold\">Reifen vorne:<\/td>\n<td class=\"product--properties-value\">Maxxis Assegai, MaxxGrip\/EXO+, Tubeless Ready, 2.5 WT<\/td>\n<\/tr>\n<tr class=\"product--properties-row row24\">\n<td class=\"product--properties-label is--bold\">Reifen hinten:<\/td>\n<td class=\"product--properties-value\">Maxxis Minion DHR II, MaxxGrip\/DoubleDown, Tubeless Ready, 2.4 WT<\/td>\n<\/tr>\n<tr class=\"product--properties-row row25\">\n<td class=\"product--properties-label is--bold\">Laufradsatz:<\/td>\n<td class=\"product--properties-value\">Newmen Performance 30, 28\/28 Spokes, 15x110mm\/12x148mm, Tubeless Ready<\/td>\n<\/tr>\n<tr class=\"product--properties-row row26\">\n<td class=\"product--properties-label is--bold\">Display:<\/td>\n<td class=\"product--properties-value\">Bosch Kiox 300, Bosch LED Remote<\/td>\n<\/tr>\n<tr class=\"product--properties-row row27\">\n<td class=\"product--properties-label is--bold\">Akku:<\/td>\n<td class=\"product--properties-value\">Bosch PowerTube 750<\/td>\n<\/tr>\n<tr class=\"product--properties-row row28\">\n<td class=\"product--properties-label is--bold\">Ladeger\u00e4t:<\/td>\n<td class=\"product--properties-value\">Bosch 4A<\/td>\n<\/tr>\n<tr class=\"product--properties-row row29\">\n<td class=\"product--properties-label is--bold\">Motor:<\/td>\n<td class=\"product--properties-value\">Bosch Drive Unit Performance CX Generation 4 (85Nm) Cruise (250Watt), Smart System<\/td>\n<\/tr>\n<tr class=\"product--properties-row row30\">\n<td class=\"product--properties-label is--bold\">Lagerdimension:<\/td>\n<td class=\"product--properties-value\">Top: 54mm Trunnion Mount, Bottom: 22.2x8mm<\/td>\n<\/tr>\n<tr class=\"product--properties-row row31\">\n<td class=\"product--properties-label is--bold\">Zul\u00e4ssiges Gesamtgewicht:<\/td>\n<td class=\"product--properties-value\">160 kg (K\u00f6rpergewicht + Fahrrad + Ausr\u00fcstung)<\/td>\n<\/tr>\n<tr class=\"product--properties-row row32\">\n<td class=\"product--properties-label is--bold\">Gewicht Komplettrad:<\/td>\n<td class=\"product--properties-value\">ab 24,4 kg<\/td>\n<\/tr>\n<\/tbody>\n<\/table>\n<\/div>","protected":false},"excerpt":{"rendered":"<p>Cube\u00a0Stereo Hybrid 160 HPC TM 750 27.5 flashgrey\u00b4n\u00b4olive Auf steilen, ruppigen Trails die Bodenhaftung nicht zu verlieren, ist gar nicht<\/p>","protected":false},"featured_media":63628,"comment_status":"open","ping_status":"closed","template":"","meta":[],"product_brand":[],"product_cat":[33,35,475],"product_tag":[],"class_list":{"0":"post-45144","1":"product","2":"type-product","3":"status-publish","4":"has-post-thumbnail","6":"product_cat-e-bike","7":"product_cat-e-bikes-2022","8":"product_cat-e-mountainbike","9":"pa_marke-cube","11":"first","12":"instock","13":"sale","14":"taxable","15":"shipping-taxable","16":"purchasable","17":"product-type-variable"},"yoast_head":"<!-- This site is optimized with the Yoast SEO Premium plugin v20.12 (Yoast SEO v27.1.1) - https:\/\/yoast.com\/product\/yoast-seo-premium-wordpress\/ -->\n<title>Cube Stereo Hybrid 160 HPC TM 750 27.5 flashgrey\u00b4n\u00b4olive<\/title>\n<meta name=\"description\" content=\"Entdecken Sie unseren Online-Fahrradladen: Gro\u00dfe Auswahl an Modellen f\u00fcr alle Radsportbegeisterten. Von Rennr\u00e4dern bis zu Mountainbikes - finden Sie heute Ihren perfekten Wegbegleiter!\" \/>\n<meta name=\"robots\" content=\"index, follow, max-snippet:-1, max-image-preview:large, max-video-preview:-1\" \/>\n<link rel=\"canonical\" href=\"https:\/\/kgerad.de\/en\/product\/cube-stereo-hybrid-160-hpc-tm-750-27-5-flashgreynolive\/\" \/>\n<meta property=\"og:locale\" content=\"en_US\" \/>\n<meta property=\"og:type\" content=\"article\" \/>\n<meta property=\"og:title\" content=\"Cube Stereo Hybrid 160 HPC TM 750 27.5 flashgrey\u00b4n\u00b4olive\" \/>\n<meta property=\"og:description\" content=\"Entdecken Sie unseren Online-Fahrradladen: Gro\u00dfe Auswahl an Modellen f\u00fcr alle Radsportbegeisterten. Von Rennr\u00e4dern bis zu Mountainbikes - finden Sie heute Ihren perfekten Wegbegleiter!\" \/>\n<meta property=\"og:url\" content=\"https:\/\/kgerad.de\/en\/product\/cube-stereo-hybrid-160-hpc-tm-750-27-5-flashgreynolive\/\" \/>\n<meta property=\"og:site_name\" content=\"kgerad.de\" \/>\n<meta property=\"article:modified_time\" content=\"2023-08-10T19:59:59+00:00\" \/>\n<meta property=\"og:image\" content=\"https:\/\/kgerad.de\/wp-content\/uploads\/2023\/06\/Stereo-Hybrid-160-HPC-TM-750-27.jpg\" \/>\n\t<meta property=\"og:image:width\" content=\"2000\" \/>\n\t<meta property=\"og:image:height\" content=\"1176\" \/>\n\t<meta property=\"og:image:type\" content=\"image\/jpeg\" \/>\n<meta name=\"twitter:card\" content=\"summary_large_image\" \/>\n<meta name=\"twitter:label1\" content=\"Est. reading time\" \/>\n\t<meta name=\"twitter:data1\" content=\"5 minutes\" \/>\n<script type=\"application\/ld+json\" class=\"yoast-schema-graph\">{\"@context\":\"https:\/\/schema.org\",\"@graph\":[{\"@type\":\"WebPage\",\"@id\":\"https:\/\/kgerad.de\/produkt\/cube-stereo-hybrid-160-hpc-tm-750-27-5-flashgreynolive\/\",\"url\":\"https:\/\/kgerad.de\/produkt\/cube-stereo-hybrid-160-hpc-tm-750-27-5-flashgreynolive\/\",\"name\":\"Cube Stereo Hybrid 160 HPC TM 750 27.5 flashgrey\u00b4n\u00b4olive\",\"isPartOf\":{\"@id\":\"https:\/\/kgerad.de\/#website\"},\"primaryImageOfPage\":{\"@id\":\"https:\/\/kgerad.de\/produkt\/cube-stereo-hybrid-160-hpc-tm-750-27-5-flashgreynolive\/#primaryimage\"},\"image\":{\"@id\":\"https:\/\/kgerad.de\/produkt\/cube-stereo-hybrid-160-hpc-tm-750-27-5-flashgreynolive\/#primaryimage\"},\"thumbnailUrl\":\"https:\/\/kgerad.de\/wp-content\/uploads\/2023\/06\/Stereo-Hybrid-160-HPC-TM-750-27.jpg\",\"datePublished\":\"2022-11-28T15:27:43+00:00\",\"dateModified\":\"2023-08-10T19:59:59+00:00\",\"description\":\"Entdecken Sie unseren Online-Fahrradladen: Gro\u00dfe Auswahl an Modellen f\u00fcr alle Radsportbegeisterten. Von Rennr\u00e4dern bis zu Mountainbikes - finden Sie heute Ihren perfekten Wegbegleiter!\",\"breadcrumb\":{\"@id\":\"https:\/\/kgerad.de\/produkt\/cube-stereo-hybrid-160-hpc-tm-750-27-5-flashgreynolive\/#breadcrumb\"},\"inLanguage\":\"en-US\",\"potentialAction\":[{\"@type\":\"ReadAction\",\"target\":[\"https:\/\/kgerad.de\/produkt\/cube-stereo-hybrid-160-hpc-tm-750-27-5-flashgreynolive\/\"]}]},{\"@type\":\"ImageObject\",\"inLanguage\":\"en-US\",\"@id\":\"https:\/\/kgerad.de\/produkt\/cube-stereo-hybrid-160-hpc-tm-750-27-5-flashgreynolive\/#primaryimage\",\"url\":\"https:\/\/kgerad.de\/wp-content\/uploads\/2023\/06\/Stereo-Hybrid-160-HPC-TM-750-27.jpg\",\"contentUrl\":\"https:\/\/kgerad.de\/wp-content\/uploads\/2023\/06\/Stereo-Hybrid-160-HPC-TM-750-27.jpg\",\"width\":2000,\"height\":1176,\"caption\":\"Cube\u00a0Stereo Hybrid 160 HPC TM 750 27.5 flashgrey\u00b4n\u00b4olive\"},{\"@type\":\"BreadcrumbList\",\"@id\":\"https:\/\/kgerad.de\/produkt\/cube-stereo-hybrid-160-hpc-tm-750-27-5-flashgreynolive\/#breadcrumb\",\"itemListElement\":[{\"@type\":\"ListItem\",\"position\":1,\"name\":\"Startseite\",\"item\":\"https:\/\/kgerad.de\/\"},{\"@type\":\"ListItem\",\"position\":2,\"name\":\"LADEN\",\"item\":\"https:\/\/kgerad.de\/laden\/\"},{\"@type\":\"ListItem\",\"position\":3,\"name\":\"Cube Stereo Hybrid 160 HPC TM 750 27.5 flashgrey\u00b4n\u00b4olive\"}]},{\"@type\":\"WebSite\",\"@id\":\"https:\/\/kgerad.de\/#website\",\"url\":\"https:\/\/kgerad.de\/\",\"name\":\"kgerad.de\",\"description\":\"Treten Sie mit uns ins Abenteuer!\",\"publisher\":{\"@id\":\"https:\/\/kgerad.de\/#organization\"},\"alternateName\":\"MEIN RADLADEN\",\"potentialAction\":[{\"@type\":\"SearchAction\",\"target\":{\"@type\":\"EntryPoint\",\"urlTemplate\":\"https:\/\/kgerad.de\/?s={search_term_string}\"},\"query-input\":{\"@type\":\"PropertyValueSpecification\",\"valueRequired\":true,\"valueName\":\"search_term_string\"}}],\"inLanguage\":\"en-US\"},{\"@type\":\"Organization\",\"@id\":\"https:\/\/kgerad.de\/#organization\",\"name\":\"MEINRADLADEN\",\"alternateName\":\"MEIN RADLADEN\",\"url\":\"https:\/\/kgerad.de\/\",\"logo\":{\"@type\":\"ImageObject\",\"inLanguage\":\"en-US\",\"@id\":\"https:\/\/kgerad.de\/#\/schema\/logo\/image\/\",\"url\":\"https:\/\/kgerad.de\/wp-content\/uploads\/2025\/07\/logo-Whit.svg\",\"contentUrl\":\"https:\/\/kgerad.de\/wp-content\/uploads\/2025\/07\/logo-Whit.svg\",\"width\":1640,\"height\":371,\"caption\":\"MEINRADLADEN\"},\"image\":{\"@id\":\"https:\/\/kgerad.de\/#\/schema\/logo\/image\/\"}}]}<\/script>\n<!-- \/ Yoast SEO Premium plugin. -->","yoast_head_json":{"title":"Cube Stereo Hybrid 160 HPC TM 750 27.5 flashgrey\u00b4n\u00b4olive","description":"Entdecken Sie unseren Online-Fahrradladen: Gro\u00dfe Auswahl an Modellen f\u00fcr alle Radsportbegeisterten. Von Rennr\u00e4dern bis zu Mountainbikes - finden Sie heute Ihren perfekten Wegbegleiter!","robots":{"index":"index","follow":"follow","max-snippet":"max-snippet:-1","max-image-preview":"max-image-preview:large","max-video-preview":"max-video-preview:-1"},"canonical":"https:\/\/kgerad.de\/en\/product\/cube-stereo-hybrid-160-hpc-tm-750-27-5-flashgreynolive\/","og_locale":"en_US","og_type":"article","og_title":"Cube Stereo Hybrid 160 HPC TM 750 27.5 flashgrey\u00b4n\u00b4olive","og_description":"Entdecken Sie unseren Online-Fahrradladen: Gro\u00dfe Auswahl an Modellen f\u00fcr alle Radsportbegeisterten. Von Rennr\u00e4dern bis zu Mountainbikes - finden Sie heute Ihren perfekten Wegbegleiter!","og_url":"https:\/\/kgerad.de\/en\/product\/cube-stereo-hybrid-160-hpc-tm-750-27-5-flashgreynolive\/","og_site_name":"kgerad.de","article_modified_time":"2023-08-10T19:59:59+00:00","og_image":[{"width":2000,"height":1176,"url":"https:\/\/kgerad.de\/wp-content\/uploads\/2023\/06\/Stereo-Hybrid-160-HPC-TM-750-27.jpg","type":"image\/jpeg"}],"twitter_card":"summary_large_image","twitter_misc":{"Est. reading time":"5 minutes"},"schema":{"@context":"https:\/\/schema.org","@graph":[{"@type":"WebPage","@id":"https:\/\/kgerad.de\/produkt\/cube-stereo-hybrid-160-hpc-tm-750-27-5-flashgreynolive\/","url":"https:\/\/kgerad.de\/produkt\/cube-stereo-hybrid-160-hpc-tm-750-27-5-flashgreynolive\/","name":"Cube Stereo Hybrid 160 HPC TM 750 27.5 flashgrey\u00b4n\u00b4olive","isPartOf":{"@id":"https:\/\/kgerad.de\/#website"},"primaryImageOfPage":{"@id":"https:\/\/kgerad.de\/produkt\/cube-stereo-hybrid-160-hpc-tm-750-27-5-flashgreynolive\/#primaryimage"},"image":{"@id":"https:\/\/kgerad.de\/produkt\/cube-stereo-hybrid-160-hpc-tm-750-27-5-flashgreynolive\/#primaryimage"},"thumbnailUrl":"https:\/\/kgerad.de\/wp-content\/uploads\/2023\/06\/Stereo-Hybrid-160-HPC-TM-750-27.jpg","datePublished":"2022-11-28T15:27:43+00:00","dateModified":"2023-08-10T19:59:59+00:00","description":"Entdecken Sie unseren Online-Fahrradladen: Gro\u00dfe Auswahl an Modellen f\u00fcr alle Radsportbegeisterten. Von Rennr\u00e4dern bis zu Mountainbikes - finden Sie heute Ihren perfekten Wegbegleiter!","breadcrumb":{"@id":"https:\/\/kgerad.de\/produkt\/cube-stereo-hybrid-160-hpc-tm-750-27-5-flashgreynolive\/#breadcrumb"},"inLanguage":"en-US","potentialAction":[{"@type":"ReadAction","target":["https:\/\/kgerad.de\/produkt\/cube-stereo-hybrid-160-hpc-tm-750-27-5-flashgreynolive\/"]}]},{"@type":"ImageObject","inLanguage":"en-US","@id":"https:\/\/kgerad.de\/produkt\/cube-stereo-hybrid-160-hpc-tm-750-27-5-flashgreynolive\/#primaryimage","url":"https:\/\/kgerad.de\/wp-content\/uploads\/2023\/06\/Stereo-Hybrid-160-HPC-TM-750-27.jpg","contentUrl":"https:\/\/kgerad.de\/wp-content\/uploads\/2023\/06\/Stereo-Hybrid-160-HPC-TM-750-27.jpg","width":2000,"height":1176,"caption":"Cube\u00a0Stereo Hybrid 160 HPC TM 750 27.5 flashgrey\u00b4n\u00b4olive"},{"@type":"BreadcrumbList","@id":"https:\/\/kgerad.de\/produkt\/cube-stereo-hybrid-160-hpc-tm-750-27-5-flashgreynolive\/#breadcrumb","itemListElement":[{"@type":"ListItem","position":1,"name":"Startseite","item":"https:\/\/kgerad.de\/"},{"@type":"ListItem","position":2,"name":"LADEN","item":"https:\/\/kgerad.de\/laden\/"},{"@type":"ListItem","position":3,"name":"Cube Stereo Hybrid 160 HPC TM 750 27.5 flashgrey\u00b4n\u00b4olive"}]},{"@type":"WebSite","@id":"https:\/\/kgerad.de\/#website","url":"https:\/\/kgerad.de\/","name":"kgerad.de","description":"Treten Sie mit uns ins Abenteuer!","publisher":{"@id":"https:\/\/kgerad.de\/#organization"},"alternateName":"MEIN RADLADEN","potentialAction":[{"@type":"SearchAction","target":{"@type":"EntryPoint","urlTemplate":"https:\/\/kgerad.de\/?s={search_term_string}"},"query-input":{"@type":"PropertyValueSpecification","valueRequired":true,"valueName":"search_term_string"}}],"inLanguage":"en-US"},{"@type":"Organization","@id":"https:\/\/kgerad.de\/#organization","name":"MEINRADLADEN","alternateName":"MEIN RADLADEN","url":"https:\/\/kgerad.de\/","logo":{"@type":"ImageObject","inLanguage":"en-US","@id":"https:\/\/kgerad.de\/#\/schema\/logo\/image\/","url":"https:\/\/kgerad.de\/wp-content\/uploads\/2025\/07\/logo-Whit.svg","contentUrl":"https:\/\/kgerad.de\/wp-content\/uploads\/2025\/07\/logo-Whit.svg","width":1640,"height":371,"caption":"MEINRADLADEN"},"image":{"@id":"https:\/\/kgerad.de\/#\/schema\/logo\/image\/"}}]}},"_links":{"self":[{"href":"https:\/\/kgerad.de\/en\/wp-json\/wp\/v2\/product\/45144","targetHints":{"allow":["GET"]}}],"collection":[{"href":"https:\/\/kgerad.de\/en\/wp-json\/wp\/v2\/product"}],"about":[{"href":"https:\/\/kgerad.de\/en\/wp-json\/wp\/v2\/types\/product"}],"replies":[{"embeddable":true,"href":"https:\/\/kgerad.de\/en\/wp-json\/wp\/v2\/comments?post=45144"}],"version-history":[{"count":1,"href":"https:\/\/kgerad.de\/en\/wp-json\/wp\/v2\/product\/45144\/revisions"}],"predecessor-version":[{"id":79028,"href":"https:\/\/kgerad.de\/en\/wp-json\/wp\/v2\/product\/45144\/revisions\/79028"}],"wp:featuredmedia":[{"embeddable":true,"href":"https:\/\/kgerad.de\/en\/wp-json\/wp\/v2\/media\/63628"}],"wp:attachment":[{"href":"https:\/\/kgerad.de\/en\/wp-json\/wp\/v2\/media?parent=45144"}],"wp:term":[{"taxonomy":"product_brand","embeddable":true,"href":"https:\/\/kgerad.de\/en\/wp-json\/wp\/v2\/product_brand?post=45144"},{"taxonomy":"product_cat","embeddable":true,"href":"https:\/\/kgerad.de\/en\/wp-json\/wp\/v2\/product_cat?post=45144"},{"taxonomy":"product_tag","embeddable":true,"href":"https:\/\/kgerad.de\/en\/wp-json\/wp\/v2\/product_tag?post=45144"}],"curies":[{"name":"wp","href":"https:\/\/api.w.org\/{rel}","templated":true}]}}