{"id":45061,"date":"2022-11-28T15:58:06","date_gmt":"2022-11-28T14:58:06","guid":{"rendered":"https:\/\/kgerad.de\/?post_type=product&#038;p=45061"},"modified":"2023-08-10T22:02:29","modified_gmt":"2023-08-10T20:02:29","slug":"shimano-dura-ace-di2-st-r9170br-r917shimano-dura-ace-di2-st-r9170br-r9170-2x11-fach-scheibenbremsen-setshimano-dura-ace-di2-st-r9170br-r9170-2x11-fach-scheibenbremsen-set","status":"publish","type":"product","link":"https:\/\/kgerad.de\/en\/product\/shimano-dura-ace-di2-st-r9170br-r917shimano-dura-ace-di2-st-r9170br-r9170-2x11-fach-scheibenbremsen-setshimano-dura-ace-di2-st-r9170br-r9170-2x11-fach-scheibenbremsen-set\/","title":{"rendered":"Shimano DURA ACE Di2 ST-R9170+BR-R9170 2&#215;11-fach"},"content":{"rendered":"<h2><\/h2>\n<h2 class=\"product--title\"><strong>Shimano<\/strong>\u00a0DURA ACE Di2 ST-R9170+BR-R9170 2&#215;11-fach Scheibenbremsen-Set<\/h2>\n<p>Mit Shimano DURA ACE ihren schmaleren und eleganten H\u00f6rnchen weisen die Di2 2 x 11-fach STI-Hebel ST-R9170 mit BR-R9170 Bremssattel f\u00fcr hydraulische Scheibenbremse eine verbesserte Ergonomie auf, die nicht nur zu erh\u00f6htem Komfort, sondern auch zu verbesserter Kontrolle f\u00fchrt (ohne Originalverpackung).<\/p>\n<h2>Fortschrittlichste Komponentengruppe aller Zeiten: Die Shimano Dura Ace Di2 2&#215;11-fach ST-R9170 + BR-R9170 Scheibenbremsen-Set<\/h2>\n<p>Mit den Hydraulik-Bremsen h\u00e4lt so auf DURA-ACE Niveau ein ganz neues Level an Bremskontrolle und Verl\u00e4sslichkeit Einzug in das Rennrad-Segment und erm\u00f6glicht maximales Vertrauen in die Bremsleistung auch bei anspruchsvollsten Witterungsbedingungen.<\/p>\n<div>\n<div>\n<p>Ganz oben im Pflichtenheft stand f\u00fcr die SHIMANO Ingenieure bei der Entwicklung der neuen DURA-ACE R9100, jede einzelne Komponente, jedes einzelne Teil bis ins kleinste Detail unter die Lupe zu nehmen und so zu verbessern, dass der Input des Fahrers optimiert und der Output des Gesamtsystems maximiert wird.<\/p>\n<\/div>\n<div><\/div>\n<div>\n<p>Anders ausgedr\u00fcckt, ging es darum, den Energieverlust zwischen der Leistung, die der Fahrer in das System einbringt, und der Gesamtperformance, die am Ende herauskommt, zu minimieren. Daher ist jede einzelne DURA-ACE R9100 Komponente so designt, dass sie maximal effizient mit allen anderen Komponenten des Systems zusammenarbeitet. Darin zeigt sich der Kern von SHIMANOs Philosophie der als System entwickelten Komponenten besonders deutlich. Das Ergebnis ist SYSTEM SUPREMACY \u2013 die \u00dcberlegenheit des Systems gegen\u00fcber der Summe der Einzelteile.<\/p>\n<div>\n<h3>Produkteigenschaften<\/h3>\n<ul>\n<li><strong>Einsatzbereich:<\/strong>\u00a0Rennrad\/Cyclocross<\/li>\n<li><strong>Gruppe:<\/strong>\u00a0Dura Ace Di2<\/li>\n<li><strong>Modell:<\/strong>\u00a0ST-R9170 Set<\/li>\n<li><strong>Typ:<\/strong>\u00a0Dual-Control (STI)<\/li>\n<li><strong>Anbau:<\/strong>\u00a0links \/rechts<\/li>\n<li><strong>Schaltstufen vorne:<\/strong>\u00a02-fach<\/li>\n<li><strong>Schaltstufen hinten:\u00a0<\/strong>11-fach<\/li>\n<li><strong>Optische Ganganzeige:<\/strong>\u00a0nein<\/li>\n<li><strong>Griffweiteneinstellung:<\/strong>\u00a0Ja<\/li>\n<li><strong>Lenkerdurchmesser:\u00a0<\/strong>23.8mm\/24.2mm<\/li>\n<li><strong>Bremsen-Typ:\u00a0<\/strong>Hydraulisches Bremssystem (Scheibenbremse)<\/li>\n<li><strong>Bremssattel:<\/strong>\u00a0BR-R9170<\/li>\n<li><strong>Aufnahme Bremssattel:<\/strong>\u00a0Flat-Mount<\/li>\n<li><strong>Bremsbelag:\u00a0<\/strong>L02A Resin mit K\u00fchlrippen<\/li>\n<li><strong>Bremsleitung:<\/strong>\u00a0SM-BH90-JK-SSR vorne 1000mm \/ hinten 1700mm (k\u00fcrzbar)<\/li>\n<li><strong>One-Way-Entl\u00fcftung:\u00a0<\/strong>Ja<\/li>\n<li><strong>Bremsfl\u00fcssigkeit:<\/strong>\u00a0Mineral\u00f6l<\/li>\n<li><strong>Empfohlene Bremsscheibe:\u00a0<\/strong>\u00a0SM-RT900 (140mm\/160mm)<\/li>\n<li><strong>Kompatibles Kabel:<\/strong>\u00a0EW-SD50<\/li>\n<li><strong>Master Unit:<\/strong>\u00a0Nein<\/li>\n<li><strong>Firmware Update E-tube Project:<\/strong>\u00a0Ja<\/li>\n<li><strong>Anzahl E-Tube Anschl\u00fcsse:<\/strong>\u00a0je 2<\/li>\n<li><strong>Anzahl E-Tube Verbindungen:\u00a0<\/strong>0<\/li>\n<li><strong>Remote-Schalter:<\/strong>\u00a00<\/li>\n<\/ul>\n<h3>Material<\/h3>\n<ul>\n<li><strong>Griff:\u00a0<\/strong>CFRP<\/li>\n<li><strong>Hebel:<\/strong>\u00a0Carbon, lackiert<\/li>\n<li><strong>Bremssattel:\u00a0<\/strong>Aluminium, lackiert<\/li>\n<\/ul>\n<h3>Gewicht<\/h3>\n<ul>\n<li>ca. 640g \/ Paar (ohne Bremsscheiben)<\/li>\n<\/ul>\n<hr \/>\n<h3>Lieferumfang<\/h3>\n<ul>\n<li>1 x Dura Ace Di2 2&#215;11-fach STI-Einheit ST-R9170 Set<\/li>\n<li>2 x Dura Ace Disc Bremssattel BR-R9170 Flat-Mount<\/li>\n<li>1 x Flat-Mount Adapter 140mm\/160mm<\/li>\n<li>2 x Bremsbel\u00e4ge L02A-Resin mit K\u00fchlrippen<\/li>\n<li>2 x Bremsleitung SM-BH90-JK-SSR 1000mm \/ 1700mm (k\u00fcrzbar)<\/li>\n<li>4 x Befestigungsschraube f\u00fcr Bremssattel (f\u00fcr hinten 2 x 30mm)<\/li>\n<li>2 x Leitungsanschluss-Kit (Olive im Bremshebel und der Pin bereits in der Leitung verbaut)<\/li>\n<li><em>Die Bremsleitungen SM-BH90-JK-SSR sind mit Mineral\u00f6l bef\u00fcllt und am den Bremss\u00e4tteln BR-R9170 vormontiert! (ohne Originalverpackung)<\/em><\/li>\n<\/ul>\n<p><em>Bremsscheiben SM-RT900 Center Lock nicht im Lieferumfang enthalten!<br \/>\n<\/em><\/p>\n<h3>Technologie<\/h3>\n<p><strong>SEIS SHIMANO ELECTRONIC INTELLIGENT SYSTEM<\/strong><\/p>\n<\/div>\n<div><\/div>\n<p>Die innovative Schalttechnologie des SEIS basiert weiterhin auf dem SHIMANO INDEX SYSTEM (SIS), dessen \u00fcberragende Schaltleistung sich \u00fcber viele Jahre bew\u00e4hrt hat.Der Hauptunterschied zwischen den Systemen besteht darin, dass der Schaltvorgang nicht mehr mechanisch, sondern elektronisch ausgef\u00fchrt wird. Dieses elektronische Schaltsystem wurde in den vergangenen Jahren von mehreren professionellen Radsportlern unter allen denkbaren Bedingungen ausgiebig getestet, z.\u017eB. bei Regen, Schlamm, extremer K\u00e4lte, auf Kopfsteinpflaster und auch bei Kombination dieser Faktoren.<\/p>\n<div>\n<p><strong>E-Tube<\/strong><br \/>\nDie E-Tube-Plattform bietet optimale Flexibilit\u00e4t. E-Tube \u00fcbermittelt interaktive Signale und versorgt alle Teile durch \u201ePlug &amp; Play\u201c-Anschl\u00fcsse mit Strom. E-Tube ist korrosions-, dehnungs- und frostbest\u00e4ndig und gew\u00e4hrleistet geringen Wartungsaufwand. Und die SMPCE1 stellt die Verbindung zwischen PC und Komponenten her, um die Firmware zu aktualisieren. Digitale Ger\u00e4te bleiben durch Aktualisieren der Firmware auf dem neuesten Stand und bieten eine bessere Funktion.<\/p>\n<\/div>\n<h3>Shimano DURA-ACE R9100 (Di2)<\/h3>\n<p><iframe src=\"https:\/\/www.youtube-nocookie.com\/embed\/9vTSIi56lx4?rel=0\" width=\"640\" height=\"360\" frameborder=\"0\" allowfullscreen=\"allowfullscreen\" data-mce-fragment=\"1\"><\/iframe><\/p>\n<\/div>\n<\/div>","protected":false},"excerpt":{"rendered":"<p>Shimano\u00a0DURA ACE Di2 ST-R9170+BR-R9170 2&#215;11-fach Scheibenbremsen-Set Mit Shimano DURA ACE ihren schmaleren und eleganten H\u00f6rnchen weisen die Di2 2 x<\/p>","protected":false},"featured_media":63597,"comment_status":"open","ping_status":"closed","template":"","meta":[],"product_brand":[],"product_cat":[460,423],"product_tag":[],"class_list":{"0":"post-45061","1":"product","2":"type-product","3":"status-publish","4":"has-post-thumbnail","6":"product_cat-rennrad-teile","7":"product_cat-teile","8":"pa_marke-shimano","10":"first","11":"instock","12":"sale","13":"taxable","14":"shipping-taxable","15":"purchasable","16":"product-type-simple"},"yoast_head":"<!-- This site is optimized with the Yoast SEO Premium plugin v20.12 (Yoast SEO v27.1.1) - https:\/\/yoast.com\/product\/yoast-seo-premium-wordpress\/ -->\n<title>Shimano DURA ACE Di2 ST-R9170+BR-R9170 2x11-fach<\/title>\n<meta name=\"description\" content=\"Entdecken Sie unseren Online-Fahrradladen: Gro\u00dfe Auswahl an Modellen f\u00fcr alle Radsportbegeisterten. Von Rennr\u00e4dern bis zu Mountainbikes - finden Sie heute Ihren perfekten Wegbegleiter!\" \/>\n<meta name=\"robots\" content=\"index, follow, max-snippet:-1, max-image-preview:large, max-video-preview:-1\" \/>\n<link rel=\"canonical\" href=\"https:\/\/kgerad.de\/en\/product\/shimano-dura-ace-di2-st-r9170br-r917shimano-dura-ace-di2-st-r9170br-r9170-2x11-fach-scheibenbremsen-setshimano-dura-ace-di2-st-r9170br-r9170-2x11-fach-scheibenbremsen-set\/\" \/>\n<meta property=\"og:locale\" content=\"en_US\" \/>\n<meta property=\"og:type\" content=\"article\" \/>\n<meta property=\"og:title\" content=\"Shimano DURA ACE Di2 ST-R9170+BR-R9170 2x11-fach\" \/>\n<meta property=\"og:description\" content=\"Entdecken Sie unseren Online-Fahrradladen: Gro\u00dfe Auswahl an Modellen f\u00fcr alle Radsportbegeisterten. Von Rennr\u00e4dern bis zu Mountainbikes - finden Sie heute Ihren perfekten Wegbegleiter!\" \/>\n<meta property=\"og:url\" content=\"https:\/\/kgerad.de\/en\/product\/shimano-dura-ace-di2-st-r9170br-r917shimano-dura-ace-di2-st-r9170br-r9170-2x11-fach-scheibenbremsen-setshimano-dura-ace-di2-st-r9170br-r9170-2x11-fach-scheibenbremsen-set\/\" \/>\n<meta property=\"og:site_name\" content=\"kgerad.de\" \/>\n<meta property=\"article:modified_time\" content=\"2023-08-10T20:02:29+00:00\" \/>\n<meta property=\"og:image\" content=\"https:\/\/kgerad.de\/wp-content\/uploads\/2023\/06\/Shimano-DURA-ACE-Di2-ST-R9170-BR-R9170-2x11-fach-Scheibenbremsen-Set_800x800-00.jpg\" \/>\n\t<meta property=\"og:image:width\" content=\"800\" \/>\n\t<meta property=\"og:image:height\" content=\"686\" \/>\n\t<meta property=\"og:image:type\" content=\"image\/jpeg\" \/>\n<meta name=\"twitter:card\" content=\"summary_large_image\" \/>\n<meta name=\"twitter:label1\" content=\"Est. reading time\" \/>\n\t<meta name=\"twitter:data1\" content=\"3 minutes\" \/>\n<script type=\"application\/ld+json\" class=\"yoast-schema-graph\">{\"@context\":\"https:\/\/schema.org\",\"@graph\":[{\"@type\":\"WebPage\",\"@id\":\"https:\/\/kgerad.de\/produkt\/shimano-dura-ace-di2-st-r9170br-r917shimano-dura-ace-di2-st-r9170br-r9170-2x11-fach-scheibenbremsen-setshimano-dura-ace-di2-st-r9170br-r9170-2x11-fach-scheibenbremsen-set\/\",\"url\":\"https:\/\/kgerad.de\/produkt\/shimano-dura-ace-di2-st-r9170br-r917shimano-dura-ace-di2-st-r9170br-r9170-2x11-fach-scheibenbremsen-setshimano-dura-ace-di2-st-r9170br-r9170-2x11-fach-scheibenbremsen-set\/\",\"name\":\"Shimano DURA ACE Di2 ST-R9170+BR-R9170 2x11-fach\",\"isPartOf\":{\"@id\":\"https:\/\/kgerad.de\/#website\"},\"primaryImageOfPage\":{\"@id\":\"https:\/\/kgerad.de\/produkt\/shimano-dura-ace-di2-st-r9170br-r917shimano-dura-ace-di2-st-r9170br-r9170-2x11-fach-scheibenbremsen-setshimano-dura-ace-di2-st-r9170br-r9170-2x11-fach-scheibenbremsen-set\/#primaryimage\"},\"image\":{\"@id\":\"https:\/\/kgerad.de\/produkt\/shimano-dura-ace-di2-st-r9170br-r917shimano-dura-ace-di2-st-r9170br-r9170-2x11-fach-scheibenbremsen-setshimano-dura-ace-di2-st-r9170br-r9170-2x11-fach-scheibenbremsen-set\/#primaryimage\"},\"thumbnailUrl\":\"https:\/\/kgerad.de\/wp-content\/uploads\/2023\/06\/Shimano-DURA-ACE-Di2-ST-R9170-BR-R9170-2x11-fach-Scheibenbremsen-Set_800x800-00.jpg\",\"datePublished\":\"2022-11-28T14:58:06+00:00\",\"dateModified\":\"2023-08-10T20:02:29+00:00\",\"description\":\"Entdecken Sie unseren Online-Fahrradladen: Gro\u00dfe Auswahl an Modellen f\u00fcr alle Radsportbegeisterten. Von Rennr\u00e4dern bis zu Mountainbikes - finden Sie heute Ihren perfekten Wegbegleiter!\",\"breadcrumb\":{\"@id\":\"https:\/\/kgerad.de\/produkt\/shimano-dura-ace-di2-st-r9170br-r917shimano-dura-ace-di2-st-r9170br-r9170-2x11-fach-scheibenbremsen-setshimano-dura-ace-di2-st-r9170br-r9170-2x11-fach-scheibenbremsen-set\/#breadcrumb\"},\"inLanguage\":\"en-US\",\"potentialAction\":[{\"@type\":\"ReadAction\",\"target\":[\"https:\/\/kgerad.de\/produkt\/shimano-dura-ace-di2-st-r9170br-r917shimano-dura-ace-di2-st-r9170br-r9170-2x11-fach-scheibenbremsen-setshimano-dura-ace-di2-st-r9170br-r9170-2x11-fach-scheibenbremsen-set\/\"]}]},{\"@type\":\"ImageObject\",\"inLanguage\":\"en-US\",\"@id\":\"https:\/\/kgerad.de\/produkt\/shimano-dura-ace-di2-st-r9170br-r917shimano-dura-ace-di2-st-r9170br-r9170-2x11-fach-scheibenbremsen-setshimano-dura-ace-di2-st-r9170br-r9170-2x11-fach-scheibenbremsen-set\/#primaryimage\",\"url\":\"https:\/\/kgerad.de\/wp-content\/uploads\/2023\/06\/Shimano-DURA-ACE-Di2-ST-R9170-BR-R9170-2x11-fach-Scheibenbremsen-Set_800x800-00.jpg\",\"contentUrl\":\"https:\/\/kgerad.de\/wp-content\/uploads\/2023\/06\/Shimano-DURA-ACE-Di2-ST-R9170-BR-R9170-2x11-fach-Scheibenbremsen-Set_800x800-00.jpg\",\"width\":800,\"height\":686,\"caption\":\"Shimano DURA ACE Di2 ST-R9170+BR-R9170 2x11-fach Scheibenbremsen-Set\"},{\"@type\":\"BreadcrumbList\",\"@id\":\"https:\/\/kgerad.de\/produkt\/shimano-dura-ace-di2-st-r9170br-r917shimano-dura-ace-di2-st-r9170br-r9170-2x11-fach-scheibenbremsen-setshimano-dura-ace-di2-st-r9170br-r9170-2x11-fach-scheibenbremsen-set\/#breadcrumb\",\"itemListElement\":[{\"@type\":\"ListItem\",\"position\":1,\"name\":\"Startseite\",\"item\":\"https:\/\/kgerad.de\/\"},{\"@type\":\"ListItem\",\"position\":2,\"name\":\"LADEN\",\"item\":\"https:\/\/kgerad.de\/laden\/\"},{\"@type\":\"ListItem\",\"position\":3,\"name\":\"Shimano DURA ACE Di2 ST-R9170+BR-R9170 2&#215;11-fach\"}]},{\"@type\":\"WebSite\",\"@id\":\"https:\/\/kgerad.de\/#website\",\"url\":\"https:\/\/kgerad.de\/\",\"name\":\"kgerad.de\",\"description\":\"Treten Sie mit uns ins Abenteuer!\",\"publisher\":{\"@id\":\"https:\/\/kgerad.de\/#organization\"},\"alternateName\":\"MEIN RADLADEN\",\"potentialAction\":[{\"@type\":\"SearchAction\",\"target\":{\"@type\":\"EntryPoint\",\"urlTemplate\":\"https:\/\/kgerad.de\/?s={search_term_string}\"},\"query-input\":{\"@type\":\"PropertyValueSpecification\",\"valueRequired\":true,\"valueName\":\"search_term_string\"}}],\"inLanguage\":\"en-US\"},{\"@type\":\"Organization\",\"@id\":\"https:\/\/kgerad.de\/#organization\",\"name\":\"MEINRADLADEN\",\"alternateName\":\"MEIN RADLADEN\",\"url\":\"https:\/\/kgerad.de\/\",\"logo\":{\"@type\":\"ImageObject\",\"inLanguage\":\"en-US\",\"@id\":\"https:\/\/kgerad.de\/#\/schema\/logo\/image\/\",\"url\":\"https:\/\/kgerad.de\/wp-content\/uploads\/2025\/07\/logo-Whit.svg\",\"contentUrl\":\"https:\/\/kgerad.de\/wp-content\/uploads\/2025\/07\/logo-Whit.svg\",\"width\":1640,\"height\":371,\"caption\":\"MEINRADLADEN\"},\"image\":{\"@id\":\"https:\/\/kgerad.de\/#\/schema\/logo\/image\/\"}}]}<\/script>\n<!-- \/ Yoast SEO Premium plugin. -->","yoast_head_json":{"title":"Shimano DURA ACE Di2 ST-R9170+BR-R9170 2x11-fach","description":"Entdecken Sie unseren Online-Fahrradladen: Gro\u00dfe Auswahl an Modellen f\u00fcr alle Radsportbegeisterten. Von Rennr\u00e4dern bis zu Mountainbikes - finden Sie heute Ihren perfekten Wegbegleiter!","robots":{"index":"index","follow":"follow","max-snippet":"max-snippet:-1","max-image-preview":"max-image-preview:large","max-video-preview":"max-video-preview:-1"},"canonical":"https:\/\/kgerad.de\/en\/product\/shimano-dura-ace-di2-st-r9170br-r917shimano-dura-ace-di2-st-r9170br-r9170-2x11-fach-scheibenbremsen-setshimano-dura-ace-di2-st-r9170br-r9170-2x11-fach-scheibenbremsen-set\/","og_locale":"en_US","og_type":"article","og_title":"Shimano DURA ACE Di2 ST-R9170+BR-R9170 2x11-fach","og_description":"Entdecken Sie unseren Online-Fahrradladen: Gro\u00dfe Auswahl an Modellen f\u00fcr alle Radsportbegeisterten. Von Rennr\u00e4dern bis zu Mountainbikes - finden Sie heute Ihren perfekten Wegbegleiter!","og_url":"https:\/\/kgerad.de\/en\/product\/shimano-dura-ace-di2-st-r9170br-r917shimano-dura-ace-di2-st-r9170br-r9170-2x11-fach-scheibenbremsen-setshimano-dura-ace-di2-st-r9170br-r9170-2x11-fach-scheibenbremsen-set\/","og_site_name":"kgerad.de","article_modified_time":"2023-08-10T20:02:29+00:00","og_image":[{"width":800,"height":686,"url":"https:\/\/kgerad.de\/wp-content\/uploads\/2023\/06\/Shimano-DURA-ACE-Di2-ST-R9170-BR-R9170-2x11-fach-Scheibenbremsen-Set_800x800-00.jpg","type":"image\/jpeg"}],"twitter_card":"summary_large_image","twitter_misc":{"Est. reading time":"3 minutes"},"schema":{"@context":"https:\/\/schema.org","@graph":[{"@type":"WebPage","@id":"https:\/\/kgerad.de\/produkt\/shimano-dura-ace-di2-st-r9170br-r917shimano-dura-ace-di2-st-r9170br-r9170-2x11-fach-scheibenbremsen-setshimano-dura-ace-di2-st-r9170br-r9170-2x11-fach-scheibenbremsen-set\/","url":"https:\/\/kgerad.de\/produkt\/shimano-dura-ace-di2-st-r9170br-r917shimano-dura-ace-di2-st-r9170br-r9170-2x11-fach-scheibenbremsen-setshimano-dura-ace-di2-st-r9170br-r9170-2x11-fach-scheibenbremsen-set\/","name":"Shimano DURA ACE Di2 ST-R9170+BR-R9170 2x11-fach","isPartOf":{"@id":"https:\/\/kgerad.de\/#website"},"primaryImageOfPage":{"@id":"https:\/\/kgerad.de\/produkt\/shimano-dura-ace-di2-st-r9170br-r917shimano-dura-ace-di2-st-r9170br-r9170-2x11-fach-scheibenbremsen-setshimano-dura-ace-di2-st-r9170br-r9170-2x11-fach-scheibenbremsen-set\/#primaryimage"},"image":{"@id":"https:\/\/kgerad.de\/produkt\/shimano-dura-ace-di2-st-r9170br-r917shimano-dura-ace-di2-st-r9170br-r9170-2x11-fach-scheibenbremsen-setshimano-dura-ace-di2-st-r9170br-r9170-2x11-fach-scheibenbremsen-set\/#primaryimage"},"thumbnailUrl":"https:\/\/kgerad.de\/wp-content\/uploads\/2023\/06\/Shimano-DURA-ACE-Di2-ST-R9170-BR-R9170-2x11-fach-Scheibenbremsen-Set_800x800-00.jpg","datePublished":"2022-11-28T14:58:06+00:00","dateModified":"2023-08-10T20:02:29+00:00","description":"Entdecken Sie unseren Online-Fahrradladen: Gro\u00dfe Auswahl an Modellen f\u00fcr alle Radsportbegeisterten. Von Rennr\u00e4dern bis zu Mountainbikes - finden Sie heute Ihren perfekten Wegbegleiter!","breadcrumb":{"@id":"https:\/\/kgerad.de\/produkt\/shimano-dura-ace-di2-st-r9170br-r917shimano-dura-ace-di2-st-r9170br-r9170-2x11-fach-scheibenbremsen-setshimano-dura-ace-di2-st-r9170br-r9170-2x11-fach-scheibenbremsen-set\/#breadcrumb"},"inLanguage":"en-US","potentialAction":[{"@type":"ReadAction","target":["https:\/\/kgerad.de\/produkt\/shimano-dura-ace-di2-st-r9170br-r917shimano-dura-ace-di2-st-r9170br-r9170-2x11-fach-scheibenbremsen-setshimano-dura-ace-di2-st-r9170br-r9170-2x11-fach-scheibenbremsen-set\/"]}]},{"@type":"ImageObject","inLanguage":"en-US","@id":"https:\/\/kgerad.de\/produkt\/shimano-dura-ace-di2-st-r9170br-r917shimano-dura-ace-di2-st-r9170br-r9170-2x11-fach-scheibenbremsen-setshimano-dura-ace-di2-st-r9170br-r9170-2x11-fach-scheibenbremsen-set\/#primaryimage","url":"https:\/\/kgerad.de\/wp-content\/uploads\/2023\/06\/Shimano-DURA-ACE-Di2-ST-R9170-BR-R9170-2x11-fach-Scheibenbremsen-Set_800x800-00.jpg","contentUrl":"https:\/\/kgerad.de\/wp-content\/uploads\/2023\/06\/Shimano-DURA-ACE-Di2-ST-R9170-BR-R9170-2x11-fach-Scheibenbremsen-Set_800x800-00.jpg","width":800,"height":686,"caption":"Shimano DURA ACE Di2 ST-R9170+BR-R9170 2x11-fach Scheibenbremsen-Set"},{"@type":"BreadcrumbList","@id":"https:\/\/kgerad.de\/produkt\/shimano-dura-ace-di2-st-r9170br-r917shimano-dura-ace-di2-st-r9170br-r9170-2x11-fach-scheibenbremsen-setshimano-dura-ace-di2-st-r9170br-r9170-2x11-fach-scheibenbremsen-set\/#breadcrumb","itemListElement":[{"@type":"ListItem","position":1,"name":"Startseite","item":"https:\/\/kgerad.de\/"},{"@type":"ListItem","position":2,"name":"LADEN","item":"https:\/\/kgerad.de\/laden\/"},{"@type":"ListItem","position":3,"name":"Shimano DURA ACE Di2 ST-R9170+BR-R9170 2&#215;11-fach"}]},{"@type":"WebSite","@id":"https:\/\/kgerad.de\/#website","url":"https:\/\/kgerad.de\/","name":"kgerad.de","description":"Treten Sie mit uns ins Abenteuer!","publisher":{"@id":"https:\/\/kgerad.de\/#organization"},"alternateName":"MEIN RADLADEN","potentialAction":[{"@type":"SearchAction","target":{"@type":"EntryPoint","urlTemplate":"https:\/\/kgerad.de\/?s={search_term_string}"},"query-input":{"@type":"PropertyValueSpecification","valueRequired":true,"valueName":"search_term_string"}}],"inLanguage":"en-US"},{"@type":"Organization","@id":"https:\/\/kgerad.de\/#organization","name":"MEINRADLADEN","alternateName":"MEIN RADLADEN","url":"https:\/\/kgerad.de\/","logo":{"@type":"ImageObject","inLanguage":"en-US","@id":"https:\/\/kgerad.de\/#\/schema\/logo\/image\/","url":"https:\/\/kgerad.de\/wp-content\/uploads\/2025\/07\/logo-Whit.svg","contentUrl":"https:\/\/kgerad.de\/wp-content\/uploads\/2025\/07\/logo-Whit.svg","width":1640,"height":371,"caption":"MEINRADLADEN"},"image":{"@id":"https:\/\/kgerad.de\/#\/schema\/logo\/image\/"}}]}},"_links":{"self":[{"href":"https:\/\/kgerad.de\/en\/wp-json\/wp\/v2\/product\/45061","targetHints":{"allow":["GET"]}}],"collection":[{"href":"https:\/\/kgerad.de\/en\/wp-json\/wp\/v2\/product"}],"about":[{"href":"https:\/\/kgerad.de\/en\/wp-json\/wp\/v2\/types\/product"}],"replies":[{"embeddable":true,"href":"https:\/\/kgerad.de\/en\/wp-json\/wp\/v2\/comments?post=45061"}],"version-history":[{"count":1,"href":"https:\/\/kgerad.de\/en\/wp-json\/wp\/v2\/product\/45061\/revisions"}],"predecessor-version":[{"id":79035,"href":"https:\/\/kgerad.de\/en\/wp-json\/wp\/v2\/product\/45061\/revisions\/79035"}],"wp:featuredmedia":[{"embeddable":true,"href":"https:\/\/kgerad.de\/en\/wp-json\/wp\/v2\/media\/63597"}],"wp:attachment":[{"href":"https:\/\/kgerad.de\/en\/wp-json\/wp\/v2\/media?parent=45061"}],"wp:term":[{"taxonomy":"product_brand","embeddable":true,"href":"https:\/\/kgerad.de\/en\/wp-json\/wp\/v2\/product_brand?post=45061"},{"taxonomy":"product_cat","embeddable":true,"href":"https:\/\/kgerad.de\/en\/wp-json\/wp\/v2\/product_cat?post=45061"},{"taxonomy":"product_tag","embeddable":true,"href":"https:\/\/kgerad.de\/en\/wp-json\/wp\/v2\/product_tag?post=45061"}],"curies":[{"name":"wp","href":"https:\/\/api.w.org\/{rel}","templated":true}]}}