{"id":45003,"date":"2022-11-28T15:37:57","date_gmt":"2022-11-28T14:37:57","guid":{"rendered":"https:\/\/kgerad.de\/?post_type=product&#038;p=45003"},"modified":"2023-08-10T22:07:06","modified_gmt":"2023-08-10T20:07:06","slug":"shimano-xtr-m9100-2x12-fach-upgrade-kit-10-45-schelle-ohne-umwerfer","status":"publish","type":"product","link":"https:\/\/kgerad.de\/en\/product\/shimano-xtr-m9100-2x12-fach-upgrade-kit-10-45-schelle-ohne-umwerfer\/","title":{"rendered":"Shimano XTR M9100 2&#215;12-fach Upgrade-Kit 10-45 Schelle"},"content":{"rendered":"<div class=\"product--headername\">\n<h2 class=\"product--title\"><strong>Shimano<\/strong> XTR M9100 2&#215;12-fach Upgrade-Kit 10-45 Schelle ohne Umwerfer<\/h2>\n<\/div>\n<p>Ausgelegt Shimano XTR M9100 f\u00fcr die Bed\u00fcrfnisse von MTB-Rennen auf h\u00f6chstem Anforderungsniveau mit un\u00fcbertroffener Performance und einzigartigem Fahrgef\u00fchl. Die neue Serie <a href=\"http:\/\/1-1\">beinhaltet<\/a> die vielseitigsten Komponenten f\u00fcr XC-, Enduro- und Marathonrennen.<\/p>\n<h2>12-fach Speed einer neuen Generation: XTR M9100 von Shimano<\/h2>\n<div>Wenn es in der Fahrradbranche eine unumst\u00f6\u00dfliche Gewissheit gibt, dann die, dass vor allem das Mountainbike-Segment immer wieder aufs Neue Grenzen verschiebt und \u00fcberwindet. Der Mountainbike-Rennsport entwickelt sich von Jahr zu Jahr weiter, die Rennstrecken und Kurse werden immer anspruchsvoller und die Bikes immer besser darauf abgestimmt, diese Herausforderungen zu meistern.<\/div>\n<div><\/div>\n<div>Ganz gleich, ob f\u00fcr die jeweilige Herauforderung das absolut leichteste Sportger\u00e4t, die feinf\u00fchligste Kontrollierbarkeit oder maximale Vielseitigkeit f\u00fcr jede Rennsituation erforderlich ist, die neue XTR hat diese Entwicklungsdynamik noch einmal forciert und pr\u00e4sentiert ein Angebot an neu entwickelten Komponenten, das Mountainbike-Racern jeder Couleur den Speed, den Fokus und die Kontrolle<\/div>\n<div>\n<p>gibt, die f\u00fcr Rennerfolge entscheidend sind.<\/p>\n<hr \/>\n<h3>Lieferumfang &#8211; 2&#215;12-fach Upgrade-Kit 10-45 Schelle ohne Umwerfer<\/h3>\n<div>\n<ul>\n<li>XTR SL-M9100 2&#215;12-fach Schalthebel-Set mit Schelle<\/li>\n<li>XTR RD-M9120 12-fach Schaltwerk SGS<\/li>\n<li>XTR CS-M9100 12-fach Kassette 10-45<\/li>\n<li>CN-M9100 12-fach Kette 126 Glieder mit Quick-Link<\/li>\n<\/ul>\n<p><em>Der XTR FD-M9100 Side-Swing Umwerfer ist nicht im Lieferumfang enthalten und muss separat bestellt werden!<\/em><\/p>\n<\/div>\n<div>\n<hr \/>\n<p>Das Shimano XTR SL-M9100 2&#215;11\/12-fach Schalthebel-Set zeichnet sich durch ein leichtes, ergonomisches und kompaktes Design aus. Neben dem Schaltverhalten legt auch die Performance einen Gang zu. Mit 20 % k\u00fcrzerer Hebelerreichbarkeit f\u00fcr ein schnelles Schalten und 35 % weniger Krafteinsatz.<\/p>\n<\/div>\n<div>\n<div>Die Theorie hinter der Entwicklung der neuen Schalthebel war, es dem Fahrer zu erm\u00f6glichen, auf pl\u00f6tzliche Ver\u00e4nderungen durch den Kurs oder die Rennsituation unmittelbar reagieren zu k\u00f6nnen.<\/div>\n<div><\/div>\n<p>Die Shimano CS-M9100 mit Hyperglide+ f\u00fcr 30 % schnelleres Schalten ist die passende Kassette zur neuen XTR 12-fach Gruppe. Die 10-51-Kassette ist dagegen die ideale Wahl f\u00fcr Trail-Rider, die damit auch steilste Rampen in Angriff nehmen k\u00f6nnen.<\/p>\n<\/div>\n<div>\n<hr \/>\n<h3>Features &#8211; XTR SL-M9100 2&#215;12-fach Schalthebel-Set<\/h3>\n<div>\n<ul>\n<li>Hebel ist 20% schneller erreichbar<\/li>\n<li>Kompakte Konstruktion in Leichtbauweise<\/li>\n<li>Schneller zug\u00e4nglicher Hebel und geringer Kraftaufwand bei der Bedienung f\u00fcr andauernde Konzentration beim Fahren<\/li>\n<li>H\u00f6here Flexibilit\u00e4t und aktionsoptimiertes Cockpit-Layout<\/li>\n<li>Mode-Converter f\u00fcr Umstellung von 12- auf 11-fach Wide Flange (nur rechter Schalthebel)<\/li>\n<li>MULTI-Release l\u00e4sst zwei Gangspr\u00fcnge zu. So kann man mit dem Haupthebel oder dem Sekund\u00e4rhebel in beiden Richtungen \u00fcber mehrere G\u00e4nge schalten<\/li>\n<li>INSTANT-Release erm\u00f6glicht schnellere Schaltvorg\u00e4nge. Das Kabel wird sofort beim bet\u00e4tigen des Hebels freigegeben<\/li>\n<li>2-WAY-Release erlaubt das Freigeben des Zuges durch Dr\u00fccken mit dem Daumen oder Ziehen mit dem Zeigefinger. So mu\u00dft du nicht deinen Fahrstil dem Schaltwerk anpassen, sondern das Schaltwerk passt sich deinem Fahrstil an<\/li>\n<\/ul>\n<h3>Produkteigenschaften<\/h3>\n<ul>\n<li><strong>Einsatzbereich:<\/strong>\u00a0MTB<\/li>\n<li><strong>Gruppe:<\/strong>\u00a0XTR M9100<\/li>\n<li><strong>Modell:<\/strong>\u00a0SL-M9100<\/li>\n<li><strong>Shifter Typ:<\/strong>\u00a0vorne Rapidfire Plus Mono \/ hinten Rapidfire Plus<\/li>\n<li><strong>Befestigung:\u00a0<\/strong>Schelle<\/li>\n<li><strong>Anbau:\u00a0<\/strong>links + rechts<\/li>\n<li><strong>Schaltstufen vorne:\u00a0<\/strong>2-fach<\/li>\n<li><strong>Schaltstufen hinten:\u00a0<\/strong>12-fach<\/li>\n<li><strong>Optische Ganganzeige:<\/strong>\u00a0Nein<\/li>\n<li><strong>Instant Release:\u00a0<\/strong>Ja<\/li>\n<li><strong>Multi Release:\u00a0<\/strong>Ja (hinten)<\/li>\n<li><strong>2-Way Release:\u00a0<\/strong>Ja<\/li>\n<li><strong>Schaltzugeinstellung:\u00a0<\/strong>Ja<\/li>\n<\/ul>\n<h3>Kompatibilit\u00e4t (Schaltwerk)<\/h3>\n<ul>\n<li>2&#215;12-fach RD-M9120-SGS<\/li>\n<\/ul>\n<\/div>\n<div>\n<h3>Material<\/h3>\n<ul>\n<li><strong>Griff:<\/strong>\u00a0Aluminium, lackiert<\/li>\n<li><strong>Hebel:\u00a0<\/strong>Aluminium, GFRP<\/li>\n<li><strong>Klemmschraube:\u00a0<\/strong>Edelstahl<\/li>\n<\/ul>\n<h3>Gewicht<\/h3>\n<ul>\n<li>\u00a0200g \/ Paar (Herstellerangabe)<\/li>\n<\/ul>\n<h3>Lieferumfang<\/h3>\n<ul>\n<li>1 Shimano XTR SL-M9100 2&#215;12-fach Schalthebel-Set<\/li>\n<li>2 Shimano Innenz\u00fcge 1800mm \/ 2050mm<\/li>\n<li>2 Shimano Au\u00dfenh\u00fcllen SIS OT-SP41 1200mm \/ 1800mm<\/li>\n<li>Endkappen<\/li>\n<li>Endh\u00fcllen<\/li>\n<\/ul>\n<hr \/>\n<h3>Features &#8211; XTR RD-M9120 12-fach Schaltwerk SGS<\/h3>\n<div>\n<ul>\n<li><strong>Shadow RD+<\/strong>\u00a0F\u00fcr eine optimale Kettenf\u00fchrung<\/li>\n<li><strong>RD-M9120-SGS (Enduro)<\/strong>\u00a01&#215;12, 2&#215;12 (10-45 Kassette)<\/li>\n<li><strong>Leit- und Spannrollen\u00a0<\/strong>mit 13\u00a0Z\u00e4hnen f\u00fcr eine geringere Reibung<\/li>\n<\/ul>\n<h3>Produkteigenschaften<\/h3>\n<ul>\n<li><strong>Einsatzbereich:<\/strong>\u00a0MTB<\/li>\n<li><strong>Gruppe:<\/strong>\u00a0XTR M9100<\/li>\n<li><strong>Modell:<\/strong>\u00a0RD-M9120<\/li>\n<li><strong>Befestigung:\u00a0<\/strong>Direktmontage<\/li>\n<li><strong>Technik:<\/strong>\u00a0Shadow RD+<\/li>\n<li><strong>Schaltstufen:\u00a0<\/strong>1&#215;12-fach \/ 2&#215;12-fach (10-45 Kassette)<\/li>\n<li><strong>Kompatible Kette:<\/strong>\u00a0CN-M9100 12-fach<\/li>\n<li><strong>Max. Z\u00e4hne gro\u00dfes Ritzel:\u00a0<\/strong>45 Z\u00e4hne<\/li>\n<li><strong>Min. Z\u00e4hne gro\u00dfes Ritzel:<\/strong>\u00a045 Z\u00e4hne<\/li>\n<li><strong>Max. Z\u00e4hne kleines Ritzel:<\/strong>\u00a010 Z\u00e4hne<\/li>\n<li><strong>Min. Z\u00e4hne kleines Ritzel:<\/strong>\u00a010 Z\u00e4hne<\/li>\n<li><strong>Max. Differerenz vorne:\u00a0<\/strong>0 Z\u00e4hne<\/li>\n<li><strong>Gesamtkapazit\u00e4t:<\/strong>\u00a041 Z\u00e4hne<\/li>\n<\/ul>\n<h3>K\u00e4figl\u00e4nge<\/h3>\n<\/div>\n<div>\n<ul>\n<li>Typ-SGS lang<\/li>\n<\/ul>\n<h3>Material<\/h3>\n<ul>\n<li>Aluminium<\/li>\n<li>GFRP<\/li>\n<li>Edelstahl<\/li>\n<li>Stahl<\/li>\n<\/ul>\n<h3>Gewicht<\/h3>\n<ul>\n<li>241g (Herstellerangabe)<\/li>\n<\/ul>\n<h3>Lieferumfang<\/h3>\n<ul>\n<li>1 Shimano XTR 12-fach Schaltwerk RD-M9120 SGS<\/li>\n<\/ul>\n<hr \/>\n<h3>Features &#8211; XTR CS-M9100 12-fach Kassette 10-45<\/h3>\n<div>\n<ul>\n<li><strong>Abstufung:\u00a0<\/strong>10-45 (12-fach, Rhythm Step-\u00dcbersetzung f\u00fcr Cross Country)<\/li>\n<li><strong>Hyperglide+<\/strong>\u00a030% schnelleres Schalten<\/li>\n<li><strong>Material\u00a0<\/strong>Titan, Aluminium und Stahl<\/li>\n<li><strong>BEAM SPIDER Konstruktion<\/strong>\u00a0Schnellere Beschleunigung<\/li>\n<li><strong>Kompatibilit\u00e4t\u00a0<\/strong>1-fach- oder 2-fach-Kettenblattsysteme<\/li>\n<\/ul>\n<h3>Produkteigenschaften<\/h3>\n<ul>\n<li><strong>Einsatzbereich:<\/strong>\u00a0MTB<\/li>\n<li><strong>Modell:<\/strong>\u00a0CS-M9100-12<\/li>\n<li><strong>Typ:\u00a0<\/strong>Hyperglide+<\/li>\n<li><strong>Schaltstufen:\u00a0<\/strong>1&#215;12-fach \/ 2&#215;12-fach<\/li>\n<li><strong>Kompatible Kette:<\/strong>\u00a0CN-M9100 12-fach<\/li>\n<\/ul>\n<h3>Abstufung<\/h3>\n<ul>\n<li><strong>10-45\u00a0<\/strong>(10-12-14-16-18-21-24-28-32-36-40-45 Z\u00e4hne)<\/li>\n<\/ul>\n<h3>Material<\/h3>\n<ul>\n<li>Aluminium Ritzeltr\u00e4ger<\/li>\n<li>Titan (5 Ritzel)<\/li>\n<li>Aluminium (3 Ritzel)<\/li>\n<li>Stahl (4 Ritzel)<\/li>\n<li>Aluminium-Sicherungsring<\/li>\n<\/ul>\n<h3>Gewicht<\/h3>\n<ul>\n<li>349g (Herstellerangabe)<\/li>\n<\/ul>\n<h3>Lieferumfang<\/h3>\n<ul>\n<li>1 Shimano XTR 12-fach Kassette CS-M9100 10-45 inkl. Sicherungsring Aluminium<\/li>\n<\/ul>\n<hr \/>\n<h3>Features &#8211; CN-M9100 12-fach Kette 126 Glieder mit Quick-Link SM-CN910-12<\/h3>\n<ul>\n<li>Spezielle Kettenkonstruktion f\u00fcr neue Antriebskomponenten<\/li>\n<li>Bessere Kettenf\u00fchrung mit einem gr\u00f6\u00dferen Bereich am Ende der Innenlasche, mit dem der Zahn am vorderen und am Kassettenzahnkranz gehalten wird<\/li>\n<li>Verbessertes Schaltverhalten<\/li>\n<li>Einfache Montage<\/li>\n<li>Gleichm\u00e4\u00dfigeres Fahren auch in rauem Gel\u00e4nde<\/li>\n<li>Kompatibel mit der neuen Generation von Antriebskomponenten<\/li>\n<li>Kommt mit dem anwenderfreundlichen Quick-Link (SM-CN910-12)<\/li>\n<li>Quick-Link Zange f\u00fcr Ein- und Ausbau (TL-CN10) &#8211;\u00a0<em>Nicht im Lieferumfang enthalten!<\/em><\/li>\n<\/ul>\n<h3>Produkteigenschaften<\/h3>\n<ul>\n<li><strong>Einsatzbereich:<\/strong>\u00a0MTB, E-Bike<\/li>\n<li><strong>Modell:\u00a0<\/strong>CN-M9100<\/li>\n<li><strong>Schaltstufen vorne:<\/strong>\u00a01\/2-fach<\/li>\n<li><strong>Schaltstufen hinten:\u00a0<\/strong>11-fach (Wide Flange) \/ 12-fach<\/li>\n<li><strong>Typ:\u00a0<\/strong>HG<\/li>\n<li><b>H<\/b><strong>ohler Stift:\u00a0<\/strong>Ja<\/li>\n<li><strong>Beschichtung der Au\u00dfenlasche:\u00a0<\/strong>SIL-TEC<\/li>\n<li><strong>Beschichtung der Innenlasche:<\/strong>\u00a0Chromizing<\/li>\n<li><strong>Verschluss:<\/strong>\u00a0Quick-Link SM-CN910-12<\/li>\n<\/ul>\n<h3>Kompatibilit\u00e4t<\/h3>\n<ul>\n<li>XTR M9100<\/li>\n<li>12-fach E-Bike<\/li>\n<\/ul>\n<h3>Glieder<\/h3>\n<ul>\n<li>126<\/li>\n<\/ul>\n<h3>Gewicht<\/h3>\n<ul>\n<li>ca. 250g (116)<\/li>\n<\/ul>\n<h3>Lieferumfang<\/h3>\n<ul>\n<li>1 Shimano CN-M9100 12-fach Kette 126 Glieder inkl. Kettenschloss Quick-Link SM-CN910-12<\/li>\n<\/ul>\n<hr \/>\n<h3>Technologien<\/h3>\n<\/div>\n<div><strong>Instant Release<\/strong><br \/>\nDer Instant Release-Schaltvorgang ersetzt den zweistufigen Klick- und Freigabevorgang. Beim Instant Release wird der Zug sofort bei Bet\u00e4tigung des Hebels freigegeben und so der schnellstm\u00f6gliche Gangwechsel erreicht. Unabh\u00e4ngig davon, ob ein Gangwechsel nach oben mit einem Top-Normal- Schaltwerk oder ein Gangwechsel nach unten mit einem Low-Normal-Schaltwerk erfolgen soll \u2013 ein schnellerer Schaltvorgang ist immer ein besserer Schaltvorgang.<strong>Multi Release<\/strong><br \/>\nBei fr\u00fcheren Schaltsystemen erfolgte der Gangwechsel in die eine Richtung jeweils schneller als in die andere. Die Wahl von Top-Normal oder Low-Normal bedeutete immer, dass man Schaltgeschwindigkeit in einer Richtung zugunsten der anderen Richtung opfern musste. Mit MULTI-RELEASE lassen sich jetzt mit einer Hebelbet\u00e4tigung zwei G\u00e4nge schalten. Ergebnis: Der schnellstm\u00f6gliche Gangwechsel in beide Richtungen, unabh\u00e4ngig von der Art des eingesetzten Schaltwerks.<strong>2-Way Release<\/strong><br \/>\nDer Ausl\u00f6sehebel eines RAPIDFIRE Plus Schalthebels wird wie der Abzug einer Pistole in Richtung Griff gezogen. Der Freigabehebel der neuen RAPIDFIRE Plus Schalthebel von ALIVIO bis XTR l\u00e4sst sich auf die gleiche Weise bet\u00e4tigen. Mit ihm kann zudem jedoch wahlweise auch per Daumendruck geschaltet werden.<\/p>\n<hr \/>\n<h3>The sound of SCYLENCE<\/h3>\n<p><iframe src=\"https:\/\/www.youtube-nocookie.com\/embed\/09caolYB3JA\" width=\"640\" height=\"360\" frameborder=\"0\" allowfullscreen=\"allowfullscreen\" data-mce-fragment=\"1\"><\/iframe><\/p>\n<h3>A closer look at the components<\/h3>\n<p><iframe src=\"https:\/\/www.youtube-nocookie.com\/embed\/MaHB48W_yJE\" width=\"640\" height=\"360\" frameborder=\"0\" allowfullscreen=\"allowfullscreen\" data-mce-fragment=\"1\"><\/iframe><\/p>\n<h3><\/h3>\n<p><iframe src=\"https:\/\/www.youtube-nocookie.com\/embed\/YYWS5d2-qg0?rel=0&amp;showinfo=0\" width=\"640\" height=\"360\" frameborder=\"0\" allowfullscreen=\"allowfullscreen\" data-mce-fragment=\"1\"><\/iframe><\/p>\n<h3>Erster Eindruck<\/h3>\n<p><iframe src=\"https:\/\/www.youtube-nocookie.com\/embed\/21xXmeePhU4?rel=0&amp;showinfo=0\" width=\"640\" height=\"360\" frameborder=\"0\" allowfullscreen=\"allowfullscreen\" data-mce-fragment=\"1\"><\/iframe><\/p>\n<\/div>\n<\/div>\n<\/div>\n<\/div>\n<\/div>","protected":false},"excerpt":{"rendered":"<p>Shimano XTR M9100 2&#215;12-fach Upgrade-Kit 10-45 Schelle ohne Umwerfer Ausgelegt Shimano XTR M9100 f\u00fcr die Bed\u00fcrfnisse von MTB-Rennen auf h\u00f6chstem<\/p>","protected":false},"featured_media":63558,"comment_status":"open","ping_status":"closed","template":"","meta":[],"product_brand":[],"product_cat":[460,423],"product_tag":[],"class_list":{"0":"post-45003","1":"product","2":"type-product","3":"status-publish","4":"has-post-thumbnail","6":"product_cat-rennrad-teile","7":"product_cat-teile","8":"pa_marke-shimano","10":"first","11":"instock","12":"sale","13":"taxable","14":"shipping-taxable","15":"purchasable","16":"product-type-simple"},"yoast_head":"<!-- This site is optimized with the Yoast SEO Premium plugin v20.12 (Yoast SEO v27.1.1) - https:\/\/yoast.com\/product\/yoast-seo-premium-wordpress\/ -->\n<title>Shimano XTR M9100 2x12-fach Upgrade-Kit 10-45 Schelle<\/title>\n<meta name=\"description\" content=\"Entdecken Sie unseren Online-Fahrradladen: Gro\u00dfe Auswahl an Modellen f\u00fcr alle Radsportbegeisterten. Von Rennr\u00e4dern bis zu Mountainbikes - finden Sie heute Ihren perfekten Wegbegleiter!\" \/>\n<meta name=\"robots\" content=\"index, follow, max-snippet:-1, max-image-preview:large, max-video-preview:-1\" \/>\n<link rel=\"canonical\" href=\"https:\/\/kgerad.de\/en\/product\/shimano-xtr-m9100-2x12-fach-upgrade-kit-10-45-schelle-ohne-umwerfer\/\" \/>\n<meta property=\"og:locale\" content=\"en_US\" \/>\n<meta property=\"og:type\" content=\"article\" \/>\n<meta property=\"og:title\" content=\"Shimano XTR M9100 2x12-fach Upgrade-Kit 10-45 Schelle\" \/>\n<meta property=\"og:description\" content=\"Entdecken Sie unseren Online-Fahrradladen: Gro\u00dfe Auswahl an Modellen f\u00fcr alle Radsportbegeisterten. Von Rennr\u00e4dern bis zu Mountainbikes - finden Sie heute Ihren perfekten Wegbegleiter!\" \/>\n<meta property=\"og:url\" content=\"https:\/\/kgerad.de\/en\/product\/shimano-xtr-m9100-2x12-fach-upgrade-kit-10-45-schelle-ohne-umwerfer\/\" \/>\n<meta property=\"og:site_name\" content=\"kgerad.de\" \/>\n<meta property=\"article:modified_time\" content=\"2023-08-10T20:07:06+00:00\" \/>\n<meta property=\"og:image\" content=\"https:\/\/kgerad.de\/wp-content\/uploads\/2023\/06\/Shimano_XTR-M9100-2x12-fach-Upgrade-Kit-10-45-Schelle-ohne-Umwerfer_20067303_800x800-00.jpg\" \/>\n\t<meta property=\"og:image:width\" content=\"800\" \/>\n\t<meta property=\"og:image:height\" content=\"530\" \/>\n\t<meta property=\"og:image:type\" content=\"image\/jpeg\" \/>\n<meta name=\"twitter:card\" content=\"summary_large_image\" \/>\n<meta name=\"twitter:label1\" content=\"Est. reading time\" \/>\n\t<meta name=\"twitter:data1\" content=\"6 minutes\" \/>\n<script type=\"application\/ld+json\" class=\"yoast-schema-graph\">{\"@context\":\"https:\/\/schema.org\",\"@graph\":[{\"@type\":\"WebPage\",\"@id\":\"https:\/\/kgerad.de\/produkt\/shimano-xtr-m9100-2x12-fach-upgrade-kit-10-45-schelle-ohne-umwerfer\/\",\"url\":\"https:\/\/kgerad.de\/produkt\/shimano-xtr-m9100-2x12-fach-upgrade-kit-10-45-schelle-ohne-umwerfer\/\",\"name\":\"Shimano XTR M9100 2x12-fach Upgrade-Kit 10-45 Schelle\",\"isPartOf\":{\"@id\":\"https:\/\/kgerad.de\/#website\"},\"primaryImageOfPage\":{\"@id\":\"https:\/\/kgerad.de\/produkt\/shimano-xtr-m9100-2x12-fach-upgrade-kit-10-45-schelle-ohne-umwerfer\/#primaryimage\"},\"image\":{\"@id\":\"https:\/\/kgerad.de\/produkt\/shimano-xtr-m9100-2x12-fach-upgrade-kit-10-45-schelle-ohne-umwerfer\/#primaryimage\"},\"thumbnailUrl\":\"https:\/\/kgerad.de\/wp-content\/uploads\/2023\/06\/Shimano_XTR-M9100-2x12-fach-Upgrade-Kit-10-45-Schelle-ohne-Umwerfer_20067303_800x800-00.jpg\",\"datePublished\":\"2022-11-28T14:37:57+00:00\",\"dateModified\":\"2023-08-10T20:07:06+00:00\",\"description\":\"Entdecken Sie unseren Online-Fahrradladen: Gro\u00dfe Auswahl an Modellen f\u00fcr alle Radsportbegeisterten. Von Rennr\u00e4dern bis zu Mountainbikes - finden Sie heute Ihren perfekten Wegbegleiter!\",\"breadcrumb\":{\"@id\":\"https:\/\/kgerad.de\/produkt\/shimano-xtr-m9100-2x12-fach-upgrade-kit-10-45-schelle-ohne-umwerfer\/#breadcrumb\"},\"inLanguage\":\"en-US\",\"potentialAction\":[{\"@type\":\"ReadAction\",\"target\":[\"https:\/\/kgerad.de\/produkt\/shimano-xtr-m9100-2x12-fach-upgrade-kit-10-45-schelle-ohne-umwerfer\/\"]}]},{\"@type\":\"ImageObject\",\"inLanguage\":\"en-US\",\"@id\":\"https:\/\/kgerad.de\/produkt\/shimano-xtr-m9100-2x12-fach-upgrade-kit-10-45-schelle-ohne-umwerfer\/#primaryimage\",\"url\":\"https:\/\/kgerad.de\/wp-content\/uploads\/2023\/06\/Shimano_XTR-M9100-2x12-fach-Upgrade-Kit-10-45-Schelle-ohne-Umwerfer_20067303_800x800-00.jpg\",\"contentUrl\":\"https:\/\/kgerad.de\/wp-content\/uploads\/2023\/06\/Shimano_XTR-M9100-2x12-fach-Upgrade-Kit-10-45-Schelle-ohne-Umwerfer_20067303_800x800-00.jpg\",\"width\":800,\"height\":530,\"caption\":\"Shimano XTR M9100 2x12-fach Upgrade-Kit 10-45 Schelle ohne Umwerfer\"},{\"@type\":\"BreadcrumbList\",\"@id\":\"https:\/\/kgerad.de\/produkt\/shimano-xtr-m9100-2x12-fach-upgrade-kit-10-45-schelle-ohne-umwerfer\/#breadcrumb\",\"itemListElement\":[{\"@type\":\"ListItem\",\"position\":1,\"name\":\"Startseite\",\"item\":\"https:\/\/kgerad.de\/\"},{\"@type\":\"ListItem\",\"position\":2,\"name\":\"LADEN\",\"item\":\"https:\/\/kgerad.de\/laden\/\"},{\"@type\":\"ListItem\",\"position\":3,\"name\":\"Shimano XTR M9100 2&#215;12-fach Upgrade-Kit 10-45 Schelle\"}]},{\"@type\":\"WebSite\",\"@id\":\"https:\/\/kgerad.de\/#website\",\"url\":\"https:\/\/kgerad.de\/\",\"name\":\"kgerad.de\",\"description\":\"Treten Sie mit uns ins Abenteuer!\",\"publisher\":{\"@id\":\"https:\/\/kgerad.de\/#organization\"},\"alternateName\":\"MEIN RADLADEN\",\"potentialAction\":[{\"@type\":\"SearchAction\",\"target\":{\"@type\":\"EntryPoint\",\"urlTemplate\":\"https:\/\/kgerad.de\/?s={search_term_string}\"},\"query-input\":{\"@type\":\"PropertyValueSpecification\",\"valueRequired\":true,\"valueName\":\"search_term_string\"}}],\"inLanguage\":\"en-US\"},{\"@type\":\"Organization\",\"@id\":\"https:\/\/kgerad.de\/#organization\",\"name\":\"MEINRADLADEN\",\"alternateName\":\"MEIN RADLADEN\",\"url\":\"https:\/\/kgerad.de\/\",\"logo\":{\"@type\":\"ImageObject\",\"inLanguage\":\"en-US\",\"@id\":\"https:\/\/kgerad.de\/#\/schema\/logo\/image\/\",\"url\":\"https:\/\/kgerad.de\/wp-content\/uploads\/2025\/07\/logo-Whit.svg\",\"contentUrl\":\"https:\/\/kgerad.de\/wp-content\/uploads\/2025\/07\/logo-Whit.svg\",\"width\":1640,\"height\":371,\"caption\":\"MEINRADLADEN\"},\"image\":{\"@id\":\"https:\/\/kgerad.de\/#\/schema\/logo\/image\/\"}}]}<\/script>\n<!-- \/ Yoast SEO Premium plugin. -->","yoast_head_json":{"title":"Shimano XTR M9100 2x12-fach Upgrade-Kit 10-45 Schelle","description":"Entdecken Sie unseren Online-Fahrradladen: Gro\u00dfe Auswahl an Modellen f\u00fcr alle Radsportbegeisterten. Von Rennr\u00e4dern bis zu Mountainbikes - finden Sie heute Ihren perfekten Wegbegleiter!","robots":{"index":"index","follow":"follow","max-snippet":"max-snippet:-1","max-image-preview":"max-image-preview:large","max-video-preview":"max-video-preview:-1"},"canonical":"https:\/\/kgerad.de\/en\/product\/shimano-xtr-m9100-2x12-fach-upgrade-kit-10-45-schelle-ohne-umwerfer\/","og_locale":"en_US","og_type":"article","og_title":"Shimano XTR M9100 2x12-fach Upgrade-Kit 10-45 Schelle","og_description":"Entdecken Sie unseren Online-Fahrradladen: Gro\u00dfe Auswahl an Modellen f\u00fcr alle Radsportbegeisterten. Von Rennr\u00e4dern bis zu Mountainbikes - finden Sie heute Ihren perfekten Wegbegleiter!","og_url":"https:\/\/kgerad.de\/en\/product\/shimano-xtr-m9100-2x12-fach-upgrade-kit-10-45-schelle-ohne-umwerfer\/","og_site_name":"kgerad.de","article_modified_time":"2023-08-10T20:07:06+00:00","og_image":[{"width":800,"height":530,"url":"https:\/\/kgerad.de\/wp-content\/uploads\/2023\/06\/Shimano_XTR-M9100-2x12-fach-Upgrade-Kit-10-45-Schelle-ohne-Umwerfer_20067303_800x800-00.jpg","type":"image\/jpeg"}],"twitter_card":"summary_large_image","twitter_misc":{"Est. reading time":"6 minutes"},"schema":{"@context":"https:\/\/schema.org","@graph":[{"@type":"WebPage","@id":"https:\/\/kgerad.de\/produkt\/shimano-xtr-m9100-2x12-fach-upgrade-kit-10-45-schelle-ohne-umwerfer\/","url":"https:\/\/kgerad.de\/produkt\/shimano-xtr-m9100-2x12-fach-upgrade-kit-10-45-schelle-ohne-umwerfer\/","name":"Shimano XTR M9100 2x12-fach Upgrade-Kit 10-45 Schelle","isPartOf":{"@id":"https:\/\/kgerad.de\/#website"},"primaryImageOfPage":{"@id":"https:\/\/kgerad.de\/produkt\/shimano-xtr-m9100-2x12-fach-upgrade-kit-10-45-schelle-ohne-umwerfer\/#primaryimage"},"image":{"@id":"https:\/\/kgerad.de\/produkt\/shimano-xtr-m9100-2x12-fach-upgrade-kit-10-45-schelle-ohne-umwerfer\/#primaryimage"},"thumbnailUrl":"https:\/\/kgerad.de\/wp-content\/uploads\/2023\/06\/Shimano_XTR-M9100-2x12-fach-Upgrade-Kit-10-45-Schelle-ohne-Umwerfer_20067303_800x800-00.jpg","datePublished":"2022-11-28T14:37:57+00:00","dateModified":"2023-08-10T20:07:06+00:00","description":"Entdecken Sie unseren Online-Fahrradladen: Gro\u00dfe Auswahl an Modellen f\u00fcr alle Radsportbegeisterten. Von Rennr\u00e4dern bis zu Mountainbikes - finden Sie heute Ihren perfekten Wegbegleiter!","breadcrumb":{"@id":"https:\/\/kgerad.de\/produkt\/shimano-xtr-m9100-2x12-fach-upgrade-kit-10-45-schelle-ohne-umwerfer\/#breadcrumb"},"inLanguage":"en-US","potentialAction":[{"@type":"ReadAction","target":["https:\/\/kgerad.de\/produkt\/shimano-xtr-m9100-2x12-fach-upgrade-kit-10-45-schelle-ohne-umwerfer\/"]}]},{"@type":"ImageObject","inLanguage":"en-US","@id":"https:\/\/kgerad.de\/produkt\/shimano-xtr-m9100-2x12-fach-upgrade-kit-10-45-schelle-ohne-umwerfer\/#primaryimage","url":"https:\/\/kgerad.de\/wp-content\/uploads\/2023\/06\/Shimano_XTR-M9100-2x12-fach-Upgrade-Kit-10-45-Schelle-ohne-Umwerfer_20067303_800x800-00.jpg","contentUrl":"https:\/\/kgerad.de\/wp-content\/uploads\/2023\/06\/Shimano_XTR-M9100-2x12-fach-Upgrade-Kit-10-45-Schelle-ohne-Umwerfer_20067303_800x800-00.jpg","width":800,"height":530,"caption":"Shimano XTR M9100 2x12-fach Upgrade-Kit 10-45 Schelle ohne Umwerfer"},{"@type":"BreadcrumbList","@id":"https:\/\/kgerad.de\/produkt\/shimano-xtr-m9100-2x12-fach-upgrade-kit-10-45-schelle-ohne-umwerfer\/#breadcrumb","itemListElement":[{"@type":"ListItem","position":1,"name":"Startseite","item":"https:\/\/kgerad.de\/"},{"@type":"ListItem","position":2,"name":"LADEN","item":"https:\/\/kgerad.de\/laden\/"},{"@type":"ListItem","position":3,"name":"Shimano XTR M9100 2&#215;12-fach Upgrade-Kit 10-45 Schelle"}]},{"@type":"WebSite","@id":"https:\/\/kgerad.de\/#website","url":"https:\/\/kgerad.de\/","name":"kgerad.de","description":"Treten Sie mit uns ins Abenteuer!","publisher":{"@id":"https:\/\/kgerad.de\/#organization"},"alternateName":"MEIN RADLADEN","potentialAction":[{"@type":"SearchAction","target":{"@type":"EntryPoint","urlTemplate":"https:\/\/kgerad.de\/?s={search_term_string}"},"query-input":{"@type":"PropertyValueSpecification","valueRequired":true,"valueName":"search_term_string"}}],"inLanguage":"en-US"},{"@type":"Organization","@id":"https:\/\/kgerad.de\/#organization","name":"MEINRADLADEN","alternateName":"MEIN RADLADEN","url":"https:\/\/kgerad.de\/","logo":{"@type":"ImageObject","inLanguage":"en-US","@id":"https:\/\/kgerad.de\/#\/schema\/logo\/image\/","url":"https:\/\/kgerad.de\/wp-content\/uploads\/2025\/07\/logo-Whit.svg","contentUrl":"https:\/\/kgerad.de\/wp-content\/uploads\/2025\/07\/logo-Whit.svg","width":1640,"height":371,"caption":"MEINRADLADEN"},"image":{"@id":"https:\/\/kgerad.de\/#\/schema\/logo\/image\/"}}]}},"_links":{"self":[{"href":"https:\/\/kgerad.de\/en\/wp-json\/wp\/v2\/product\/45003","targetHints":{"allow":["GET"]}}],"collection":[{"href":"https:\/\/kgerad.de\/en\/wp-json\/wp\/v2\/product"}],"about":[{"href":"https:\/\/kgerad.de\/en\/wp-json\/wp\/v2\/types\/product"}],"replies":[{"embeddable":true,"href":"https:\/\/kgerad.de\/en\/wp-json\/wp\/v2\/comments?post=45003"}],"version-history":[{"count":2,"href":"https:\/\/kgerad.de\/en\/wp-json\/wp\/v2\/product\/45003\/revisions"}],"predecessor-version":[{"id":79038,"href":"https:\/\/kgerad.de\/en\/wp-json\/wp\/v2\/product\/45003\/revisions\/79038"}],"wp:featuredmedia":[{"embeddable":true,"href":"https:\/\/kgerad.de\/en\/wp-json\/wp\/v2\/media\/63558"}],"wp:attachment":[{"href":"https:\/\/kgerad.de\/en\/wp-json\/wp\/v2\/media?parent=45003"}],"wp:term":[{"taxonomy":"product_brand","embeddable":true,"href":"https:\/\/kgerad.de\/en\/wp-json\/wp\/v2\/product_brand?post=45003"},{"taxonomy":"product_cat","embeddable":true,"href":"https:\/\/kgerad.de\/en\/wp-json\/wp\/v2\/product_cat?post=45003"},{"taxonomy":"product_tag","embeddable":true,"href":"https:\/\/kgerad.de\/en\/wp-json\/wp\/v2\/product_tag?post=45003"}],"curies":[{"name":"wp","href":"https:\/\/api.w.org\/{rel}","templated":true}]}}