{"id":44940,"date":"2022-11-28T13:29:42","date_gmt":"2022-11-28T12:29:42","guid":{"rendered":"https:\/\/kgerad.de\/?post_type=product&#038;p=44940"},"modified":"2023-08-10T22:16:29","modified_gmt":"2023-08-10T20:16:29","slug":"cube-stereo-one22-hpc-ex-29-carbonnblack","status":"publish","type":"product","link":"https:\/\/kgerad.de\/en\/product\/cube-stereo-one22-hpc-ex-29-carbonnblack\/","title":{"rendered":"Cube Stereo ONE22 HPC EX 29 carbon\u00b4n\u00b4black"},"content":{"rendered":"<h2 class=\"content--title\"><strong>Cube<\/strong>\u00a0Stereo ONE22 HPC EX 29 carbon\u00b4n\u00b4black<\/h2>\n<p class=\"product--description\">Ein wirklich gutes Bike ist weit mehr als die Summe seiner Teile. Aber wenn schon die Teile so hochwertig sind wie die des Cube Stereo ONE22 HPC EX 29, kann kaum mehr was schiefgehen. Bei diesem so besonderen Bike sorgen eine hochwertige Fox 34 Float Factory GRIP2 Federgabel und ein Float X Factory D\u00e4mpfer f\u00fcr ultimative Kontrolle und genialen Flow, selbst auf den ruppigsten Trails.<\/p>\n<hr \/>\n<p class=\"product--description\"><a href=\"https:\/\/www.cube.eu\/360\/653350\" target=\"_blank\" rel=\"noopener\"><img decoding=\"async\" title=\"360\u00b0\" src=\"https:\/\/cd.bike-discount.de\/media\/image\/3a\/ee\/83\/360.png\" alt=\"\" width=\"40\" height=\"39\" data-mid=\"729769\" data-src=\"media\/image\/360.png\" \/>360\u00b0-Ansicht \u00f6ffnen<\/a><\/p>\n<hr \/>\n<p>Aus dem Hause Shimano stammen die extrem pr\u00e4zise und zuverl\u00e4ssige XT 12-Gang Schaltung und die gleichm\u00e4\u00dfig arbeitenden, leistungsstarken hydraulischen Scheibenbremsen \u2013 f\u00fcr top Performance beim Gasgeben und Verz\u00f6gern. Es wurde auch eine versenkbare Sattelst\u00fctze und eine superleichte Praxis Girder Carbonkurbel verbaut. Und dank der griffigen Maxxis Minion EXO Reifen \u00fcberzeugt das Bike auf s\u00e4mtlichen Trails mit top Spurtreue und Bodenhaftung. Wie gesagt: etwas ganz Besonderes!<\/p>\n<hr \/>\n<h3>RAHMEN Cube Stereo ONE22 HPC EX 29<\/h3>\n<p>Cube&#8217;s Stereo ONE22 Rahmen sind der Inbegriff von Komfort f\u00fcr Trail-Bikes \u2013 der Stereo ONE22 HPC geht sogar noch einen Schritt weiter. Er \u00fcberzeugt mit einem leichten, steifen und eleganten Hauptrahmen samt Umlenkhebel aus Carbon f\u00fcr geringes Gewicht und 1a-Handling. Au\u00dferdem mit einem kurzen Rocker, optisch integrierten Drehpunkten und einer effizienten Kinematik f\u00fcr hervorragende Traktion, erstklassigen Komfort und top Kontrolle. Und das konische Steuerrohr und der Boost 148 Hinterbau sorgen f\u00fcr geniale Lenkpr\u00e4zision. Last, but not least beschenkt dich das Bike dank unserer Agile Trail Geometry mit jeder Menge zuverl\u00e4ssiger Bodenhaftung und allerh\u00f6chstem Fahrspa\u00df.<\/p>\n<hr \/>\n<h3>Technologien<\/h3>\n<p><strong>HPC<\/strong><br \/>\nDank High Performance Carbon (HPC) kann CUBE noch leichtere, stabilere und steifere Rahmen aus diesem ohnehin schon unfassbar vielseitigen Material namens Carbon bauen. CUBE&#8217;s sorgf\u00e4ltig durchdachten Rahmendesigns sowie unterschiedlich dicke Materialschichten erm\u00f6glichen dabei die perfekte Feinabstimmung der Performance. So wird jedes einzelne Chassis CUBE&#8217;S hohen Anspruch an (wenig) Gewicht, Steifigkeit, Stabilit\u00e4t und Haltbarkeit gerecht.<\/p>\n<h4><strong>Boost 148<\/strong><\/h4>\n<p>Das Konzept hinter der Boost 148 Steckachse: Eine breitere Nabe f\u00fcr steifere, stabilere Laufr\u00e4der und damit besseres Handling und zudem gen\u00fcgend Platz f\u00fcr den Einbau breiterer Reifen f\u00fcr mehr Performance. Dabei bleiben die Schaltpr\u00e4zision beziehungsweise Effizienz des Antriebs voll erhalten. So kannst du noch kompromissloser Gas geben und profitierst zugleich von besserem Handling und stabileren Laufr\u00e4dern.<\/p>\n<h4><strong>Advanced Twin Mold<\/strong><\/h4>\n<p>Bei CUBE&#8217;s Advanced Twin Mold Verfahren f\u00fcr die C:62\u00ae, C:68\u00ae und C:68X\u00ae Carbonrahmen kommen zwei pr\u00e4zise Formen zum Einsatz. Die erste sorgt f\u00fcr ein exaktes Layup, die zweite (der Innenkern) h\u00e4lt jede einzelne Faser an ihrer vorgesehenen Position, w\u00e4hrend der Rahmen aush\u00e4rtet. Das Ergebnis ist ein enorm leichtes, stabiles Chassis mit einer jeweils optimal auf st\u00e4rker belastete Knotenpunkte abgestimmten Faserdichte.<\/p>\n<p><strong>Efficient Trail Control<\/strong><br \/>\nCUBE&#8217;s Efficient Trail Control ist ein System, das im Hintergrund \u201edie F\u00e4den zieht&#8220;, damit du dein Trailriding-Erlebnis in vollen Z\u00fcgen genie\u00dfen kannst. Dabei sind die Fahrwerke trotz viel nutzbarem Federweg sehr gut bergauf zu pedalieren, sacken nicht ein und bleiben in jeder Situation sensibel und agil. Bei starken Schl\u00e4gen verhalten sie sich jedoch extrem ruhig, stellen den gesamten Federweg sofort wieder zur Verf\u00fcgung und bieten so ungeheure Reserven bei der Abfahrt.<\/p>\n<p><strong>Agile Trail Geometry<\/strong><br \/>\nDie Agile Trail Geometry basiert auf CUBE&#8217;s beliebten Agile Ride Geometry, richtet sich aber an Mountainbiker, die auf dem Trail gern mal an ihre Grenzen gehen. Ein niedrigerer Standover l\u00e4sst dir hierbei mehr Bewegungsspielraum \u00fcber dem Bike. Mit diesem cleveren Set-up meisterst du selbst die haarigste Line souver\u00e4n \u2013 maximaler Fahrspa\u00df inklusive!<\/p>\n<h2>Ausstattung<\/h2>\n<div class=\"product--properties panel has--border\">\n<table class=\"product--properties-table\">\n<tbody>\n<tr class=\"product--properties-row row1\">\n<td class=\"product--properties-label is--bold\">Rahmen:<\/td>\n<td class=\"product--properties-value\">HPC Carbon Monocoque Advanced Twin Mold Technology, Aluminum 6061 T6 Rear Triangle, ATG, ETC 4-Link, Boost 148, AXH<\/td>\n<\/tr>\n<tr class=\"product--properties-row row2\">\n<td class=\"product--properties-label is--bold\">Rahmenmaterial:<\/td>\n<td class=\"product--properties-value\">Carbon<\/td>\n<\/tr>\n<tr class=\"product--properties-row row3\">\n<td class=\"product--properties-label is--bold\">Laufradgr\u00f6\u00dfe:<\/td>\n<td class=\"product--properties-value\">29&#8243;<\/td>\n<\/tr>\n<tr class=\"product--properties-row row4\">\n<td class=\"product--properties-label is--bold\">Farbe:<\/td>\n<td class=\"product--properties-value\">carbon\u00b4n\u00b4black<\/td>\n<\/tr>\n<tr class=\"product--properties-row row5\">\n<td class=\"product--properties-label is--bold\">Gabel:<\/td>\n<td class=\"product--properties-value\">Fox 34 Float Factory FIT GRIP2, Tapered, 15x110mm, 130mm, Kashima Coated<\/td>\n<\/tr>\n<tr class=\"product--properties-row row6\">\n<td class=\"product--properties-label is--bold\">D\u00e4mpfer:<\/td>\n<td class=\"product--properties-value\">Fox Float X Factory, 190x45mm, Adjustable LSC w\/ 2-Pos. Lever, Kashima Coated<\/td>\n<\/tr>\n<tr class=\"product--properties-row row7\">\n<td class=\"product--properties-label is--bold\">Federweg:<\/td>\n<td class=\"product--properties-value\">130mm \/ 130mm<\/td>\n<\/tr>\n<tr class=\"product--properties-row row8\">\n<td class=\"product--properties-label is--bold\">Bremsen:<\/td>\n<td class=\"product--properties-value\">Shimano XT BR-M8120\/M8100, Hydr. Disc Brake<\/td>\n<\/tr>\n<tr class=\"product--properties-row row9\">\n<td class=\"product--properties-label is--bold\">Bremsscheiben:<\/td>\n<td class=\"product--properties-value\">203\/180 mm<\/td>\n<\/tr>\n<tr class=\"product--properties-row row10\">\n<td class=\"product--properties-label is--bold\">Steuersatz:<\/td>\n<td class=\"product--properties-value\">VP Integrated, Top 1 1\/8&#8243;, Bottom 1 1\/2&#8243;<\/td>\n<\/tr>\n<tr class=\"product--properties-row row11\">\n<td class=\"product--properties-label is--bold\">Vorbau:<\/td>\n<td class=\"product--properties-value\">Newmen Evolution SL 318.4, 31.8mm<\/td>\n<\/tr>\n<tr class=\"product--properties-row row12\">\n<td class=\"product--properties-label is--bold\">Lenker:<\/td>\n<td class=\"product--properties-value\">Newmen Evolution SL 318.25, 760mm<\/td>\n<\/tr>\n<tr class=\"product--properties-row row13\">\n<td class=\"product--properties-label is--bold\">Griffe:<\/td>\n<td class=\"product--properties-value\">SDG Thrice<\/td>\n<\/tr>\n<tr class=\"product--properties-row row14\">\n<td class=\"product--properties-label is--bold\">Sattel:<\/td>\n<td class=\"product--properties-value\">SDG Bel Air V3<\/td>\n<\/tr>\n<tr class=\"product--properties-row row15\">\n<td class=\"product--properties-label is--bold\">Sattelst\u00fctze:<\/td>\n<td class=\"product--properties-value\">Fox Transfer Factory 31.6mm, Kashima Coated<\/td>\n<\/tr>\n<\/tbody>\n<\/table>\n<table class=\"product--properties-table\">\n<tbody>\n<tr class=\"product--properties-row row16\">\n<td class=\"product--properties-label is--bold\">Sattelklemme:<\/td>\n<td class=\"product--properties-value\">CUBE Screwlock, 34.9mm<\/td>\n<\/tr>\n<tr class=\"product--properties-row row17\">\n<td class=\"product--properties-label is--bold\">Kurbel:<\/td>\n<td class=\"product--properties-value\">Praxis Girder Carbon, Boost, 30T, sealed Enduro\u2122 Bearings<\/td>\n<\/tr>\n<tr class=\"product--properties-row row18\">\n<td class=\"product--properties-label is--bold\">Tretlager\/Innenlager:<\/td>\n<td class=\"product--properties-value\">Praxis PF92, 92mm Pressfit<\/td>\n<\/tr>\n<tr class=\"product--properties-row row19\">\n<td class=\"product--properties-label is--bold\">Schaltwerk:<\/td>\n<td class=\"product--properties-value\">Shimano XT RD-M8100-SGS, ShadowPlus, 12-Speed<\/td>\n<\/tr>\n<tr class=\"product--properties-row row20\">\n<td class=\"product--properties-label is--bold\">Schalthebel:<\/td>\n<td class=\"product--properties-value\">Shimano XT SL-M8100-IR, Direct Attach<\/td>\n<\/tr>\n<tr class=\"product--properties-row row21\">\n<td class=\"product--properties-label is--bold\">Kassette:<\/td>\n<td class=\"product--properties-value\">Shimano SLX CS-M7100, 10-51T<\/td>\n<\/tr>\n<tr class=\"product--properties-row row22\">\n<td class=\"product--properties-label is--bold\">Kette:<\/td>\n<td class=\"product--properties-value\">Shimano CN-M6100<\/td>\n<\/tr>\n<tr class=\"product--properties-row row23\">\n<td class=\"product--properties-label is--bold\">Reifen vorne:<\/td>\n<td class=\"product--properties-value\">Maxxis Minion DHF, MaxxTerra\/EXO, Tubeless Ready, 2.5 WT<\/td>\n<\/tr>\n<tr class=\"product--properties-row row24\">\n<td class=\"product--properties-label is--bold\">Reifen hinten:<\/td>\n<td class=\"product--properties-value\">Maxxis Minion DHR II, MaxxTerra\/EXO, Tubeless Ready, 2.4 WT<\/td>\n<\/tr>\n<tr class=\"product--properties-row row25\">\n<td class=\"product--properties-label is--bold\">Laufradsatz:<\/td>\n<td class=\"product--properties-value\">Newmen Evolution SL A.30, 28\/28 Spokes, 15x110mm\/12x148mm, Tubeless Ready<\/td>\n<\/tr>\n<tr class=\"product--properties-row row26\">\n<td class=\"product--properties-label is--bold\">Lagerdimension:<\/td>\n<td class=\"product--properties-value\">Top: 40x8mm, Bottom: 22x8mm<\/td>\n<\/tr>\n<tr class=\"product--properties-row row27\">\n<td class=\"product--properties-label is--bold\">Pedale:<\/td>\n<td class=\"product--properties-value\">nicht im Lieferumfang enthalten<\/td>\n<\/tr>\n<tr class=\"product--properties-row row28\">\n<td class=\"product--properties-label is--bold\">Zul\u00e4ssiges Gesamtgewicht:<\/td>\n<td class=\"product--properties-value\">115 kg (K\u00f6rpergewicht + Fahrrad + Ausr\u00fcstung)<\/td>\n<\/tr>\n<tr class=\"product--properties-row row29\">\n<td class=\"product--properties-label is--bold\">Gewicht Komplettrad:<\/td>\n<td class=\"product--properties-value\">ab 13,3 kg<\/td>\n<\/tr>\n<\/tbody>\n<\/table>\n<\/div>","protected":false},"excerpt":{"rendered":"<div class=\"tab-menu--product js--tab-menu\">\n<div class=\"tab--container-list\">\n<div class=\"tab--container description has--content is--active\">\n<div class=\"tab--content box-description\">\n<div class=\"content--description\">\n<div class=\"ean-box\"><strong><label>Modelljahr: <span style=\"font-size: 16px;\">2023<\/span><\/label><\/strong><\/div>\n<\/div>\n<\/div>\n<\/div>\n<\/div>\n<\/div>\n<p><a class=\"rating-link-info--box\" name=\"product--publish-comment\"><\/a><\/p>\n<div id=\"detail--product-reviews\" class=\"content--product-reviews 123\"><\/div>","protected":false},"featured_media":63525,"comment_status":"open","ping_status":"closed","template":"","meta":[],"product_brand":[],"product_cat":[36,426,220],"product_tag":[],"class_list":{"0":"post-44940","1":"product","2":"type-product","3":"status-publish","4":"has-post-thumbnail","6":"product_cat-fahrrad","7":"product_cat-fullsuspension","8":"product_cat-mountainbike","9":"pa_marke-cube","11":"first","12":"instock","13":"sale","14":"taxable","15":"shipping-taxable","16":"purchasable","17":"product-type-variable"},"yoast_head":"<!-- This site is optimized with the Yoast SEO Premium plugin v20.12 (Yoast SEO v27.1.1) - https:\/\/yoast.com\/product\/yoast-seo-premium-wordpress\/ -->\n<title>Cube Stereo ONE22 HPC EX 29 carbon\u00b4n\u00b4black<\/title>\n<meta name=\"description\" content=\"Entdecken Sie unseren Online-Fahrradladen: Gro\u00dfe Auswahl an Modellen f\u00fcr alle Radsportbegeisterten. Von Rennr\u00e4dern bis zu Mountainbikes - finden Sie heute Ihren perfekten Wegbegleiter!\" \/>\n<meta name=\"robots\" content=\"index, follow, max-snippet:-1, max-image-preview:large, max-video-preview:-1\" \/>\n<link rel=\"canonical\" href=\"https:\/\/kgerad.de\/en\/product\/cube-stereo-one22-hpc-ex-29-carbonnblack\/\" \/>\n<meta property=\"og:locale\" content=\"en_US\" \/>\n<meta property=\"og:type\" content=\"article\" \/>\n<meta property=\"og:title\" content=\"Cube Stereo ONE22 HPC EX 29 carbon\u00b4n\u00b4black\" \/>\n<meta property=\"og:description\" content=\"Entdecken Sie unseren Online-Fahrradladen: Gro\u00dfe Auswahl an Modellen f\u00fcr alle Radsportbegeisterten. Von Rennr\u00e4dern bis zu Mountainbikes - finden Sie heute Ihren perfekten Wegbegleiter!\" \/>\n<meta property=\"og:url\" content=\"https:\/\/kgerad.de\/en\/product\/cube-stereo-one22-hpc-ex-29-carbonnblack\/\" \/>\n<meta property=\"og:site_name\" content=\"kgerad.de\" \/>\n<meta property=\"article:modified_time\" content=\"2023-08-10T20:16:29+00:00\" \/>\n<meta property=\"og:image\" content=\"https:\/\/kgerad.de\/wp-content\/uploads\/2023\/06\/Cube-Stereo-ONE22-HPC-EX-29-carbon\u00b4n\u00b4black.jpg\" \/>\n\t<meta property=\"og:image:width\" content=\"800\" \/>\n\t<meta property=\"og:image:height\" content=\"454\" \/>\n\t<meta property=\"og:image:type\" content=\"image\/jpeg\" \/>\n<meta name=\"twitter:card\" content=\"summary_large_image\" \/>\n<meta name=\"twitter:label1\" content=\"Est. reading time\" \/>\n\t<meta name=\"twitter:data1\" content=\"5 minutes\" \/>\n<script type=\"application\/ld+json\" class=\"yoast-schema-graph\">{\"@context\":\"https:\/\/schema.org\",\"@graph\":[{\"@type\":\"WebPage\",\"@id\":\"https:\/\/kgerad.de\/produkt\/cube-stereo-one22-hpc-ex-29-carbonnblack\/\",\"url\":\"https:\/\/kgerad.de\/produkt\/cube-stereo-one22-hpc-ex-29-carbonnblack\/\",\"name\":\"Cube Stereo ONE22 HPC EX 29 carbon\u00b4n\u00b4black\",\"isPartOf\":{\"@id\":\"https:\/\/kgerad.de\/#website\"},\"primaryImageOfPage\":{\"@id\":\"https:\/\/kgerad.de\/produkt\/cube-stereo-one22-hpc-ex-29-carbonnblack\/#primaryimage\"},\"image\":{\"@id\":\"https:\/\/kgerad.de\/produkt\/cube-stereo-one22-hpc-ex-29-carbonnblack\/#primaryimage\"},\"thumbnailUrl\":\"https:\/\/kgerad.de\/wp-content\/uploads\/2023\/06\/Cube-Stereo-ONE22-HPC-EX-29-carbon\u00b4n\u00b4black.jpg\",\"datePublished\":\"2022-11-28T12:29:42+00:00\",\"dateModified\":\"2023-08-10T20:16:29+00:00\",\"description\":\"Entdecken Sie unseren Online-Fahrradladen: Gro\u00dfe Auswahl an Modellen f\u00fcr alle Radsportbegeisterten. Von Rennr\u00e4dern bis zu Mountainbikes - finden Sie heute Ihren perfekten Wegbegleiter!\",\"breadcrumb\":{\"@id\":\"https:\/\/kgerad.de\/produkt\/cube-stereo-one22-hpc-ex-29-carbonnblack\/#breadcrumb\"},\"inLanguage\":\"en-US\",\"potentialAction\":[{\"@type\":\"ReadAction\",\"target\":[\"https:\/\/kgerad.de\/produkt\/cube-stereo-one22-hpc-ex-29-carbonnblack\/\"]}]},{\"@type\":\"ImageObject\",\"inLanguage\":\"en-US\",\"@id\":\"https:\/\/kgerad.de\/produkt\/cube-stereo-one22-hpc-ex-29-carbonnblack\/#primaryimage\",\"url\":\"https:\/\/kgerad.de\/wp-content\/uploads\/2023\/06\/Cube-Stereo-ONE22-HPC-EX-29-carbon\u00b4n\u00b4black.jpg\",\"contentUrl\":\"https:\/\/kgerad.de\/wp-content\/uploads\/2023\/06\/Cube-Stereo-ONE22-HPC-EX-29-carbon\u00b4n\u00b4black.jpg\",\"width\":800,\"height\":454,\"caption\":\"Cube\u00a0Stereo ONE22 HPC EX 29 carbon\u00b4n\u00b4black\"},{\"@type\":\"BreadcrumbList\",\"@id\":\"https:\/\/kgerad.de\/produkt\/cube-stereo-one22-hpc-ex-29-carbonnblack\/#breadcrumb\",\"itemListElement\":[{\"@type\":\"ListItem\",\"position\":1,\"name\":\"Startseite\",\"item\":\"https:\/\/kgerad.de\/\"},{\"@type\":\"ListItem\",\"position\":2,\"name\":\"LADEN\",\"item\":\"https:\/\/kgerad.de\/laden\/\"},{\"@type\":\"ListItem\",\"position\":3,\"name\":\"Cube Stereo ONE22 HPC EX 29 carbon\u00b4n\u00b4black\"}]},{\"@type\":\"WebSite\",\"@id\":\"https:\/\/kgerad.de\/#website\",\"url\":\"https:\/\/kgerad.de\/\",\"name\":\"kgerad.de\",\"description\":\"Treten Sie mit uns ins Abenteuer!\",\"publisher\":{\"@id\":\"https:\/\/kgerad.de\/#organization\"},\"alternateName\":\"MEIN RADLADEN\",\"potentialAction\":[{\"@type\":\"SearchAction\",\"target\":{\"@type\":\"EntryPoint\",\"urlTemplate\":\"https:\/\/kgerad.de\/?s={search_term_string}\"},\"query-input\":{\"@type\":\"PropertyValueSpecification\",\"valueRequired\":true,\"valueName\":\"search_term_string\"}}],\"inLanguage\":\"en-US\"},{\"@type\":\"Organization\",\"@id\":\"https:\/\/kgerad.de\/#organization\",\"name\":\"MEINRADLADEN\",\"alternateName\":\"MEIN RADLADEN\",\"url\":\"https:\/\/kgerad.de\/\",\"logo\":{\"@type\":\"ImageObject\",\"inLanguage\":\"en-US\",\"@id\":\"https:\/\/kgerad.de\/#\/schema\/logo\/image\/\",\"url\":\"https:\/\/kgerad.de\/wp-content\/uploads\/2025\/07\/logo-Whit.svg\",\"contentUrl\":\"https:\/\/kgerad.de\/wp-content\/uploads\/2025\/07\/logo-Whit.svg\",\"width\":1640,\"height\":371,\"caption\":\"MEINRADLADEN\"},\"image\":{\"@id\":\"https:\/\/kgerad.de\/#\/schema\/logo\/image\/\"}}]}<\/script>\n<!-- \/ Yoast SEO Premium plugin. -->","yoast_head_json":{"title":"Cube Stereo ONE22 HPC EX 29 carbon\u00b4n\u00b4black","description":"Entdecken Sie unseren Online-Fahrradladen: Gro\u00dfe Auswahl an Modellen f\u00fcr alle Radsportbegeisterten. Von Rennr\u00e4dern bis zu Mountainbikes - finden Sie heute Ihren perfekten Wegbegleiter!","robots":{"index":"index","follow":"follow","max-snippet":"max-snippet:-1","max-image-preview":"max-image-preview:large","max-video-preview":"max-video-preview:-1"},"canonical":"https:\/\/kgerad.de\/en\/product\/cube-stereo-one22-hpc-ex-29-carbonnblack\/","og_locale":"en_US","og_type":"article","og_title":"Cube Stereo ONE22 HPC EX 29 carbon\u00b4n\u00b4black","og_description":"Entdecken Sie unseren Online-Fahrradladen: Gro\u00dfe Auswahl an Modellen f\u00fcr alle Radsportbegeisterten. Von Rennr\u00e4dern bis zu Mountainbikes - finden Sie heute Ihren perfekten Wegbegleiter!","og_url":"https:\/\/kgerad.de\/en\/product\/cube-stereo-one22-hpc-ex-29-carbonnblack\/","og_site_name":"kgerad.de","article_modified_time":"2023-08-10T20:16:29+00:00","og_image":[{"width":800,"height":454,"url":"https:\/\/kgerad.de\/wp-content\/uploads\/2023\/06\/Cube-Stereo-ONE22-HPC-EX-29-carbon\u00b4n\u00b4black.jpg","type":"image\/jpeg"}],"twitter_card":"summary_large_image","twitter_misc":{"Est. reading time":"5 minutes"},"schema":{"@context":"https:\/\/schema.org","@graph":[{"@type":"WebPage","@id":"https:\/\/kgerad.de\/produkt\/cube-stereo-one22-hpc-ex-29-carbonnblack\/","url":"https:\/\/kgerad.de\/produkt\/cube-stereo-one22-hpc-ex-29-carbonnblack\/","name":"Cube Stereo ONE22 HPC EX 29 carbon\u00b4n\u00b4black","isPartOf":{"@id":"https:\/\/kgerad.de\/#website"},"primaryImageOfPage":{"@id":"https:\/\/kgerad.de\/produkt\/cube-stereo-one22-hpc-ex-29-carbonnblack\/#primaryimage"},"image":{"@id":"https:\/\/kgerad.de\/produkt\/cube-stereo-one22-hpc-ex-29-carbonnblack\/#primaryimage"},"thumbnailUrl":"https:\/\/kgerad.de\/wp-content\/uploads\/2023\/06\/Cube-Stereo-ONE22-HPC-EX-29-carbon\u00b4n\u00b4black.jpg","datePublished":"2022-11-28T12:29:42+00:00","dateModified":"2023-08-10T20:16:29+00:00","description":"Entdecken Sie unseren Online-Fahrradladen: Gro\u00dfe Auswahl an Modellen f\u00fcr alle Radsportbegeisterten. Von Rennr\u00e4dern bis zu Mountainbikes - finden Sie heute Ihren perfekten Wegbegleiter!","breadcrumb":{"@id":"https:\/\/kgerad.de\/produkt\/cube-stereo-one22-hpc-ex-29-carbonnblack\/#breadcrumb"},"inLanguage":"en-US","potentialAction":[{"@type":"ReadAction","target":["https:\/\/kgerad.de\/produkt\/cube-stereo-one22-hpc-ex-29-carbonnblack\/"]}]},{"@type":"ImageObject","inLanguage":"en-US","@id":"https:\/\/kgerad.de\/produkt\/cube-stereo-one22-hpc-ex-29-carbonnblack\/#primaryimage","url":"https:\/\/kgerad.de\/wp-content\/uploads\/2023\/06\/Cube-Stereo-ONE22-HPC-EX-29-carbon\u00b4n\u00b4black.jpg","contentUrl":"https:\/\/kgerad.de\/wp-content\/uploads\/2023\/06\/Cube-Stereo-ONE22-HPC-EX-29-carbon\u00b4n\u00b4black.jpg","width":800,"height":454,"caption":"Cube\u00a0Stereo ONE22 HPC EX 29 carbon\u00b4n\u00b4black"},{"@type":"BreadcrumbList","@id":"https:\/\/kgerad.de\/produkt\/cube-stereo-one22-hpc-ex-29-carbonnblack\/#breadcrumb","itemListElement":[{"@type":"ListItem","position":1,"name":"Startseite","item":"https:\/\/kgerad.de\/"},{"@type":"ListItem","position":2,"name":"LADEN","item":"https:\/\/kgerad.de\/laden\/"},{"@type":"ListItem","position":3,"name":"Cube Stereo ONE22 HPC EX 29 carbon\u00b4n\u00b4black"}]},{"@type":"WebSite","@id":"https:\/\/kgerad.de\/#website","url":"https:\/\/kgerad.de\/","name":"kgerad.de","description":"Treten Sie mit uns ins Abenteuer!","publisher":{"@id":"https:\/\/kgerad.de\/#organization"},"alternateName":"MEIN RADLADEN","potentialAction":[{"@type":"SearchAction","target":{"@type":"EntryPoint","urlTemplate":"https:\/\/kgerad.de\/?s={search_term_string}"},"query-input":{"@type":"PropertyValueSpecification","valueRequired":true,"valueName":"search_term_string"}}],"inLanguage":"en-US"},{"@type":"Organization","@id":"https:\/\/kgerad.de\/#organization","name":"MEINRADLADEN","alternateName":"MEIN RADLADEN","url":"https:\/\/kgerad.de\/","logo":{"@type":"ImageObject","inLanguage":"en-US","@id":"https:\/\/kgerad.de\/#\/schema\/logo\/image\/","url":"https:\/\/kgerad.de\/wp-content\/uploads\/2025\/07\/logo-Whit.svg","contentUrl":"https:\/\/kgerad.de\/wp-content\/uploads\/2025\/07\/logo-Whit.svg","width":1640,"height":371,"caption":"MEINRADLADEN"},"image":{"@id":"https:\/\/kgerad.de\/#\/schema\/logo\/image\/"}}]}},"_links":{"self":[{"href":"https:\/\/kgerad.de\/en\/wp-json\/wp\/v2\/product\/44940","targetHints":{"allow":["GET"]}}],"collection":[{"href":"https:\/\/kgerad.de\/en\/wp-json\/wp\/v2\/product"}],"about":[{"href":"https:\/\/kgerad.de\/en\/wp-json\/wp\/v2\/types\/product"}],"replies":[{"embeddable":true,"href":"https:\/\/kgerad.de\/en\/wp-json\/wp\/v2\/comments?post=44940"}],"version-history":[{"count":1,"href":"https:\/\/kgerad.de\/en\/wp-json\/wp\/v2\/product\/44940\/revisions"}],"predecessor-version":[{"id":79048,"href":"https:\/\/kgerad.de\/en\/wp-json\/wp\/v2\/product\/44940\/revisions\/79048"}],"wp:featuredmedia":[{"embeddable":true,"href":"https:\/\/kgerad.de\/en\/wp-json\/wp\/v2\/media\/63525"}],"wp:attachment":[{"href":"https:\/\/kgerad.de\/en\/wp-json\/wp\/v2\/media?parent=44940"}],"wp:term":[{"taxonomy":"product_brand","embeddable":true,"href":"https:\/\/kgerad.de\/en\/wp-json\/wp\/v2\/product_brand?post=44940"},{"taxonomy":"product_cat","embeddable":true,"href":"https:\/\/kgerad.de\/en\/wp-json\/wp\/v2\/product_cat?post=44940"},{"taxonomy":"product_tag","embeddable":true,"href":"https:\/\/kgerad.de\/en\/wp-json\/wp\/v2\/product_tag?post=44940"}],"curies":[{"name":"wp","href":"https:\/\/api.w.org\/{rel}","templated":true}]}}