{"id":44924,"date":"2022-11-28T13:10:23","date_gmt":"2022-11-28T12:10:23","guid":{"rendered":"https:\/\/kgerad.de\/?post_type=product&#038;p=44924"},"modified":"2023-08-10T22:16:45","modified_gmt":"2023-08-10T20:16:45","slug":"cube-stereo-one77-race-29-bondibluengrey","status":"publish","type":"product","link":"https:\/\/kgerad.de\/en\/product\/cube-stereo-one77-race-29-bondibluengrey\/","title":{"rendered":"Cube Stereo ONE77 Race 29 bondiblue\u00b4n\u00b4grey"},"content":{"rendered":"<h2 class=\"content--title\"><strong>Cube<\/strong>\u00a0Stereo ONE77 Race 29 bondiblue\u00b4n\u00b4grey<\/h2>\n<div class=\"product--description\">\n<p>\u201eMan kann nicht alles haben&#8220;, hei\u00dft es, \u201eSagt wer?,&#8220; fragen wir. Zurecht, denn Cube Stereo ONE77 Race entwickelt! Verantwortlich f\u00fcr sein pr\u00e4zises Handling und die effiziente Federungsleistung: die geschmeidig und exakt arbeitende Zeb Ultimate Gabel und der Super Deluxe Ultimate D\u00e4mpfer, beides von RockShox. Bergauf bringt die zuverl\u00e4ssige Shimano XT 12-Gang Schaltung die Power aus den Beinen \u00fcber die RaceFace Turbine Kurbel top \u00fcbersetzt auf den Untergrund.<\/p>\n<hr \/>\n<p><a href=\"https:\/\/www.cube.eu\/360\/656200\" target=\"_blank\" rel=\"noopener\"><img decoding=\"async\" title=\"360\u00b0\" src=\"https:\/\/cd.bike-discount.de\/media\/image\/3a\/ee\/83\/360.png\" alt=\"\" width=\"40\" height=\"39\" data-mid=\"729769\" data-src=\"media\/image\/360.png\" \/>360\u00b0-Ansicht \u00f6ffnen<\/a><\/p>\n<hr \/>\n<p>Und wenn&#8217;s ums sichere Bremsen geht, spielt die hydraulische XT Scheibenbremsanlage von Shimano ihre Qualit\u00e4ten aus. Bei den Newmen Evolution Laufr\u00e4dern hat Cube sich f\u00fcr Maxxis Assegai und Minion DHR II Reifen entschieden \u2013 f\u00fcr top Grip und Spurtreue, jederzeit. Und nat\u00fcrlich darf bei einem waschechten Enduro-Experten eine versenkbare Sattelst\u00fctze nicht fehlen. Man kann eben doch alles haben \u2013 dieses Bike ist der Beweis!<\/p>\n<hr \/>\n<h3>RAHMEN Cube Stereo ONE77 Race 29<\/h3>\n<p>Gro\u00dfe Laufr\u00e4der, viel Federweg, mega Fahrspa\u00df \u2013 kurz: der Stereo ONE77. Die Basis dieses Rahmens bilden das bew\u00e4hrte Viergelenker-Design und die Agile Trail Geometry, beides Garanten f\u00fcr exzellente Federungsleistung und zuverl\u00e4ssiges Handling bei allen m\u00f6glichen und unm\u00f6glichen Trail-Bedingungen. Mit einem Flip-Chip und zwei Befestigungspunkten f\u00fcr wahlweise Stahl- oder Luftd\u00e4mpfer gibt sich die Federung am Heck supereffizient \u2013 welchen D\u00e4mpfer man montiert, ist f\u00fcr dieses Chassis also unerheblich. Per Lagerschalen zur Winkelverstellung l\u00e4sst sich die Geometrie auf individuelle Vorlieben und Anforderungen anpassen. F\u00fcr den letzten Schliff sorgen elegant integrierte Lager, ein geschraubtes Tretlager und ins Innere verlegte Z\u00fcge. Das bedeutet weniger Wartung und damit keine verpassten Meter mehr auf dem Trail. Kurz: Mit diesem Rahmen bekommen Federweg und Laufradgr\u00f6\u00dfe ihre ganz gro\u00dfe B\u00fchne!<\/p>\n<hr \/>\n<h3>Technologien<\/h3>\n<p><strong>HPA<\/strong><br \/>\nMit High Performance Aluminium (HPA) holt CUBE die beste Performance aus diesem stabilen und \u00fcberaus haltbaren Material namens Aluminium heraus. CUBE hat sich hier f\u00fcr eine Legierung mit der pr\u00e4zise auf unsere Anspr\u00fcche abgestimmten Qualit\u00e4t entschieden, die Rohrs\u00e4tze gem\u00e4\u00df dem jeweiligen Einsatzbereich geformt und dann jeden Rahmen passgenau verschwei\u00dft. Das Ergebnis: ein garantiert leichtes, stabiles, haltbares und sicheres Bike.<\/p>\n<h4><strong>Advanced Hydroforming<\/strong><\/h4>\n<p>CUBE&#8217;s hochwertige Aluminiumrahmen werden per Advanced Hydroforming hergestellt. Bei diesem Verfahren werden die Aluminiumrohre mithilfe von Fl\u00fcssigkeit, die unter hohem Druck steht, in die gew\u00fcnschte Form gebracht. Die Vorteile: die optimale Nutzung der herausragenden Materialeigenschaften von Aluminium sowie hohe Stabilit\u00e4t bei zugleich weniger Gewicht. Au\u00dferdem gibt es so weniger Schwei\u00dfn\u00e4hte. Das Ergebnis ist ein leistungsstarker Rahmen, der noch dazu wundersch\u00f6n aussieht.<\/p>\n<h4><strong>Agile Trail Geometry<\/strong><\/h4>\n<p>Die Agile Trail Geometry basiert auf CUBE&#8217;s beliebten Agile Ride Geometry, richtet sich aber an Mountainbiker, die auf dem Trail gern mal an ihre Grenzen gehen. Ein niedrigerer Standover l\u00e4sst dir hierbei mehr Bewegungsspielraum \u00fcber dem Bike. Mit diesem cleveren Set-up meisterst du selbst die haarigste Line souver\u00e4n \u2013 maximaler Fahrspa\u00df inklusive!<\/p>\n<p><strong>Lagerschalen zur Winkelverstellung im Steuerrohr<\/strong><br \/>\nBeim Spiel mit der Schwerkraft, auf haarigen Trails und wenn beim Rennen jede Sekunde z\u00e4hlt, ist die Geometrie deines CUBE Bikes oftmals das Z\u00fcnglein an der Waage. Gut, dass du dank unserer Lagerschalen zur Winkelverstellung im Steuerrohr dein Bike auf deine pers\u00f6nlichen Bed\u00fcrfnisse und Vorlieben abstimmen kannst \u2013 etwas flacher f\u00fcr mehr Stabilit\u00e4t, etwas steiler f\u00fcr mehr Agilit\u00e4t. Du hast die Wahl!<\/p>\n<p><strong>Flip Chip<\/strong><br \/>\nEin Federungssystem, das sich feinabstimmen l\u00e4sst, kitzelt selbst das letzte Qu\u00e4ntchen Performance aus deinem Bike heraus. Die Me\u00dflatte in Sachen Feinabstimmung noch ein St\u00fcckchen h\u00f6her legt der Flip Clip von CUBE. Damit kannst du die Leistung deines Luft- oder Stahlfederd\u00e4mpfers ganz unkompliziert so anpassen, dass sie deinen Vorlieben, deinem Fahrstil und den Bedingungen auf dem Trail entspricht. Einstellen, losfahren \u2013 so einfach geht&#8217;s!<\/p>\n<h2>Ausstattung<\/h2>\n<div class=\"product--properties panel has--border\">\n<table class=\"product--properties-table\">\n<tbody>\n<tr class=\"product--properties-row row1\">\n<td class=\"product--properties-label is--bold\">Rahmen:<\/td>\n<td class=\"product--properties-value\">HPA Advanced Hydroform, ATG, ETC 4-Link, Air\/Coil Shock Mount Flip-Chip, ISCG Mount, AXH<\/td>\n<\/tr>\n<tr class=\"product--properties-row row2\">\n<td class=\"product--properties-label is--bold\">Rahmenmaterial:<\/td>\n<td class=\"product--properties-value\">Aluminium<\/td>\n<\/tr>\n<tr class=\"product--properties-row row3\">\n<td class=\"product--properties-label is--bold\">Laufradgr\u00f6\u00dfe:<\/td>\n<td class=\"product--properties-value\">29: M, L, XL, XXL<\/td>\n<\/tr>\n<tr class=\"product--properties-row row4\">\n<td class=\"product--properties-label is--bold\">Farbe:<\/td>\n<td class=\"product--properties-value\">bondiblue\u00b4n\u00b4grey<\/td>\n<\/tr>\n<tr class=\"product--properties-row row5\">\n<td class=\"product--properties-label is--bold\">Gabel:<\/td>\n<td class=\"product--properties-value\">RockShox ZEB Ultimate RC2, Tapered, 15x110mm, 170mm<\/td>\n<\/tr>\n<tr class=\"product--properties-row row6\">\n<td class=\"product--properties-label is--bold\">D\u00e4mpfer:<\/td>\n<td class=\"product--properties-value\">RockShox Super Deluxe Ultimate, 230x65mm, Rebound &amp; Low Speed Compression Adjust w\/ 2- Pos. Lever<\/td>\n<\/tr>\n<tr class=\"product--properties-row row7\">\n<td class=\"product--properties-label is--bold\">Federweg:<\/td>\n<td class=\"product--properties-value\">170mm \/ 170mm<\/td>\n<\/tr>\n<tr class=\"product--properties-row row8\">\n<td class=\"product--properties-label is--bold\">Bremsen:<\/td>\n<td class=\"product--properties-value\">Shimano XT BR-M8120, Hydr. Disc Brake (203\/180)<\/td>\n<\/tr>\n<tr class=\"product--properties-row row9\">\n<td class=\"product--properties-label is--bold\">Bremsscheiben:<\/td>\n<td class=\"product--properties-value\">203 mm \/ 180 mm<\/td>\n<\/tr>\n<tr class=\"product--properties-row row10\">\n<td class=\"product--properties-label is--bold\">Steuersatz:<\/td>\n<td class=\"product--properties-value\">ACROS Integrated, Top 1 1\/8&#8243;, Bottom 1 1\/2&#8243;, Fiber Inserts for 0.6\u00b0 Angle Adjustment<\/td>\n<\/tr>\n<tr class=\"product--properties-row row11\">\n<td class=\"product--properties-label is--bold\">Vorbau:<\/td>\n<td class=\"product--properties-value\">Race Face Turbine R 35<\/td>\n<\/tr>\n<tr class=\"product--properties-row row12\">\n<td class=\"product--properties-label is--bold\">Lenker:<\/td>\n<td class=\"product--properties-value\">Race Face Turbine R 35, 800mm<\/td>\n<\/tr>\n<tr class=\"product--properties-row row13\">\n<td class=\"product--properties-label is--bold\">Griffe:<\/td>\n<td class=\"product--properties-value\">SDG Thrice<\/td>\n<\/tr>\n<tr class=\"product--properties-row row14\">\n<td class=\"product--properties-label is--bold\">Sattel:<\/td>\n<td class=\"product--properties-value\">SDG Bel Air V3 Lux Alloy<\/td>\n<\/tr>\n<tr class=\"product--properties-row row15\">\n<td class=\"product--properties-label is--bold\">Sattelst\u00fctze:<\/td>\n<td class=\"product--properties-value\">CUBE Dropper Post, Handlebar Lever, Internal Cable Routing, 31.6mm<\/td>\n<\/tr>\n<\/tbody>\n<\/table>\n<table class=\"product--properties-table\">\n<tbody>\n<tr class=\"product--properties-row row16\">\n<td class=\"product--properties-label is--bold\">Kurbel:<\/td>\n<td class=\"product--properties-value\">Race Face Turbine, 30T, 170mm<\/td>\n<\/tr>\n<tr class=\"product--properties-row row17\">\n<td class=\"product--properties-label is--bold\">Tretlager\/Innenlager:<\/td>\n<td class=\"product--properties-value\">Race Face BB30, 92mm Pressfit<\/td>\n<\/tr>\n<tr class=\"product--properties-row row18\">\n<td class=\"product--properties-label is--bold\">Schaltwerk:<\/td>\n<td class=\"product--properties-value\">Shimano XT RD-M8100-SGS, ShadowPlus, 12-Speed<\/td>\n<\/tr>\n<tr class=\"product--properties-row row19\">\n<td class=\"product--properties-label is--bold\">Schalthebel:<\/td>\n<td class=\"product--properties-value\">Shimano XT SL-M8100-IR, Direct Attach<\/td>\n<\/tr>\n<tr class=\"product--properties-row row20\">\n<td class=\"product--properties-label is--bold\">Kettenf\u00fchrung:<\/td>\n<td class=\"product--properties-value\">MRP SXG Chain Guide<\/td>\n<\/tr>\n<tr class=\"product--properties-row row21\">\n<td class=\"product--properties-label is--bold\">Kassette:<\/td>\n<td class=\"product--properties-value\">Shimano XT CS-M8100, 10-51T<\/td>\n<\/tr>\n<tr class=\"product--properties-row row22\">\n<td class=\"product--properties-label is--bold\">Kette:<\/td>\n<td class=\"product--properties-value\">Shimano CN-M6100<\/td>\n<\/tr>\n<tr class=\"product--properties-row row23\">\n<td class=\"product--properties-label is--bold\">Reifen vorne:<\/td>\n<td class=\"product--properties-value\">Maxxis Assegai, MaxxGrip\/EXO+, Tubeless Ready, 2.5 WT<\/td>\n<\/tr>\n<tr class=\"product--properties-row row24\">\n<td class=\"product--properties-label is--bold\">Reifen hinten:<\/td>\n<td class=\"product--properties-value\">Maxxis Minion DHR II, MaxxTerra\/EXO+, Tubeless Ready, 2.4 WT<\/td>\n<\/tr>\n<tr class=\"product--properties-row row25\">\n<td class=\"product--properties-label is--bold\">Laufradsatz:<\/td>\n<td class=\"product--properties-value\">Newmen Evolution SL A.30, 28\/28 Spokes, 15x110mm\/12x148mm, Tubeless Ready<\/td>\n<\/tr>\n<tr class=\"product--properties-row row26\">\n<td class=\"product--properties-label is--bold\">Lagerdimension:<\/td>\n<td class=\"product--properties-value\">Top: 40x8mm, Bottom: 20x8mm<\/td>\n<\/tr>\n<tr class=\"product--properties-row row27\">\n<td class=\"product--properties-label is--bold\">Pedale:<\/td>\n<td class=\"product--properties-value\">nicht im Lieferumfang enthalten<\/td>\n<\/tr>\n<tr class=\"product--properties-row row28\">\n<td class=\"product--properties-label is--bold\">Zul\u00e4ssiges Gesamtgewicht:<\/td>\n<td class=\"product--properties-value\">115 kg (K\u00f6rpergewicht + Fahrrad + Ausr\u00fcstung)<\/td>\n<\/tr>\n<tr class=\"product--properties-row row29\">\n<td class=\"product--properties-label is--bold\">Gewicht Komplettrad:<\/td>\n<td class=\"product--properties-value\">ab 15,6 kg<\/td>\n<\/tr>\n<\/tbody>\n<\/table>\n<\/div>\n<\/div>","protected":false},"excerpt":{"rendered":"<div class=\"tab-menu--product js--tab-menu\">\n<div class=\"tab--container-list\">\n<div class=\"tab--container description has--content is--active\">\n<div class=\"tab--content box-description\">\n<div class=\"content--description\">\n<div class=\"ean-box\"><strong><label>Modelljahr: <span style=\"font-size: 16px;\">2023<\/span><\/label><\/strong><\/div>\n<\/div>\n<\/div>\n<\/div>\n<\/div>\n<\/div>\n<p><a class=\"rating-link-info--box\" name=\"product--publish-comment\"><\/a><\/p>\n<div id=\"detail--product-reviews\" class=\"content--product-reviews 123\"><\/div>","protected":false},"featured_media":63516,"comment_status":"open","ping_status":"closed","template":"","meta":[],"product_brand":[],"product_cat":[36,426,220],"product_tag":[],"class_list":{"0":"post-44924","1":"product","2":"type-product","3":"status-publish","4":"has-post-thumbnail","6":"product_cat-fahrrad","7":"product_cat-fullsuspension","8":"product_cat-mountainbike","9":"pa_marke-cube","11":"first","12":"instock","13":"sale","14":"taxable","15":"shipping-taxable","16":"purchasable","17":"product-type-variable"},"yoast_head":"<!-- This site is optimized with the Yoast SEO Premium plugin v20.12 (Yoast SEO v27.1.1) - https:\/\/yoast.com\/product\/yoast-seo-premium-wordpress\/ -->\n<title>Cube Stereo ONE77 Race 29 bondiblue\u00b4n\u00b4grey<\/title>\n<meta name=\"description\" content=\"Entdecken Sie unseren Online-Fahrradladen: Gro\u00dfe Auswahl an Modellen f\u00fcr alle Radsportbegeisterten. Von Rennr\u00e4dern bis zu Mountainbikes - finden Sie heute Ihren perfekten Wegbegleiter!\" \/>\n<meta name=\"robots\" content=\"index, follow, max-snippet:-1, max-image-preview:large, max-video-preview:-1\" \/>\n<link rel=\"canonical\" href=\"https:\/\/kgerad.de\/en\/product\/cube-stereo-one77-race-29-bondibluengrey\/\" \/>\n<meta property=\"og:locale\" content=\"en_US\" \/>\n<meta property=\"og:type\" content=\"article\" \/>\n<meta property=\"og:title\" content=\"Cube Stereo ONE77 Race 29 bondiblue\u00b4n\u00b4grey\" \/>\n<meta property=\"og:description\" content=\"Entdecken Sie unseren Online-Fahrradladen: Gro\u00dfe Auswahl an Modellen f\u00fcr alle Radsportbegeisterten. Von Rennr\u00e4dern bis zu Mountainbikes - finden Sie heute Ihren perfekten Wegbegleiter!\" \/>\n<meta property=\"og:url\" content=\"https:\/\/kgerad.de\/en\/product\/cube-stereo-one77-race-29-bondibluengrey\/\" \/>\n<meta property=\"og:site_name\" content=\"kgerad.de\" \/>\n<meta property=\"article:modified_time\" content=\"2023-08-10T20:16:45+00:00\" \/>\n<meta property=\"og:image\" content=\"https:\/\/kgerad.de\/wp-content\/uploads\/2023\/06\/Cube-Stereo-ONE77-Race-29-bondiblue\u00b4n\u00b4grey.jpg\" \/>\n\t<meta property=\"og:image:width\" content=\"800\" \/>\n\t<meta property=\"og:image:height\" content=\"444\" \/>\n\t<meta property=\"og:image:type\" content=\"image\/jpeg\" \/>\n<meta name=\"twitter:card\" content=\"summary_large_image\" \/>\n<meta name=\"twitter:label1\" content=\"Est. reading time\" \/>\n\t<meta name=\"twitter:data1\" content=\"5 minutes\" \/>\n<script type=\"application\/ld+json\" class=\"yoast-schema-graph\">{\"@context\":\"https:\/\/schema.org\",\"@graph\":[{\"@type\":\"WebPage\",\"@id\":\"https:\/\/kgerad.de\/produkt\/cube-stereo-one77-race-29-bondibluengrey\/\",\"url\":\"https:\/\/kgerad.de\/produkt\/cube-stereo-one77-race-29-bondibluengrey\/\",\"name\":\"Cube Stereo ONE77 Race 29 bondiblue\u00b4n\u00b4grey\",\"isPartOf\":{\"@id\":\"https:\/\/kgerad.de\/#website\"},\"primaryImageOfPage\":{\"@id\":\"https:\/\/kgerad.de\/produkt\/cube-stereo-one77-race-29-bondibluengrey\/#primaryimage\"},\"image\":{\"@id\":\"https:\/\/kgerad.de\/produkt\/cube-stereo-one77-race-29-bondibluengrey\/#primaryimage\"},\"thumbnailUrl\":\"https:\/\/kgerad.de\/wp-content\/uploads\/2023\/06\/Cube-Stereo-ONE77-Race-29-bondiblue\u00b4n\u00b4grey.jpg\",\"datePublished\":\"2022-11-28T12:10:23+00:00\",\"dateModified\":\"2023-08-10T20:16:45+00:00\",\"description\":\"Entdecken Sie unseren Online-Fahrradladen: Gro\u00dfe Auswahl an Modellen f\u00fcr alle Radsportbegeisterten. Von Rennr\u00e4dern bis zu Mountainbikes - finden Sie heute Ihren perfekten Wegbegleiter!\",\"breadcrumb\":{\"@id\":\"https:\/\/kgerad.de\/produkt\/cube-stereo-one77-race-29-bondibluengrey\/#breadcrumb\"},\"inLanguage\":\"en-US\",\"potentialAction\":[{\"@type\":\"ReadAction\",\"target\":[\"https:\/\/kgerad.de\/produkt\/cube-stereo-one77-race-29-bondibluengrey\/\"]}]},{\"@type\":\"ImageObject\",\"inLanguage\":\"en-US\",\"@id\":\"https:\/\/kgerad.de\/produkt\/cube-stereo-one77-race-29-bondibluengrey\/#primaryimage\",\"url\":\"https:\/\/kgerad.de\/wp-content\/uploads\/2023\/06\/Cube-Stereo-ONE77-Race-29-bondiblue\u00b4n\u00b4grey.jpg\",\"contentUrl\":\"https:\/\/kgerad.de\/wp-content\/uploads\/2023\/06\/Cube-Stereo-ONE77-Race-29-bondiblue\u00b4n\u00b4grey.jpg\",\"width\":800,\"height\":444,\"caption\":\"Cube Stereo ONE77 Race 29 bondiblue\u00b4n\u00b4grey\"},{\"@type\":\"BreadcrumbList\",\"@id\":\"https:\/\/kgerad.de\/produkt\/cube-stereo-one77-race-29-bondibluengrey\/#breadcrumb\",\"itemListElement\":[{\"@type\":\"ListItem\",\"position\":1,\"name\":\"Startseite\",\"item\":\"https:\/\/kgerad.de\/\"},{\"@type\":\"ListItem\",\"position\":2,\"name\":\"LADEN\",\"item\":\"https:\/\/kgerad.de\/laden\/\"},{\"@type\":\"ListItem\",\"position\":3,\"name\":\"Cube Stereo ONE77 Race 29 bondiblue\u00b4n\u00b4grey\"}]},{\"@type\":\"WebSite\",\"@id\":\"https:\/\/kgerad.de\/#website\",\"url\":\"https:\/\/kgerad.de\/\",\"name\":\"kgerad.de\",\"description\":\"Treten Sie mit uns ins Abenteuer!\",\"publisher\":{\"@id\":\"https:\/\/kgerad.de\/#organization\"},\"alternateName\":\"MEIN RADLADEN\",\"potentialAction\":[{\"@type\":\"SearchAction\",\"target\":{\"@type\":\"EntryPoint\",\"urlTemplate\":\"https:\/\/kgerad.de\/?s={search_term_string}\"},\"query-input\":{\"@type\":\"PropertyValueSpecification\",\"valueRequired\":true,\"valueName\":\"search_term_string\"}}],\"inLanguage\":\"en-US\"},{\"@type\":\"Organization\",\"@id\":\"https:\/\/kgerad.de\/#organization\",\"name\":\"MEINRADLADEN\",\"alternateName\":\"MEIN RADLADEN\",\"url\":\"https:\/\/kgerad.de\/\",\"logo\":{\"@type\":\"ImageObject\",\"inLanguage\":\"en-US\",\"@id\":\"https:\/\/kgerad.de\/#\/schema\/logo\/image\/\",\"url\":\"https:\/\/kgerad.de\/wp-content\/uploads\/2025\/07\/logo-Whit.svg\",\"contentUrl\":\"https:\/\/kgerad.de\/wp-content\/uploads\/2025\/07\/logo-Whit.svg\",\"width\":1640,\"height\":371,\"caption\":\"MEINRADLADEN\"},\"image\":{\"@id\":\"https:\/\/kgerad.de\/#\/schema\/logo\/image\/\"}}]}<\/script>\n<!-- \/ Yoast SEO Premium plugin. -->","yoast_head_json":{"title":"Cube Stereo ONE77 Race 29 bondiblue\u00b4n\u00b4grey","description":"Entdecken Sie unseren Online-Fahrradladen: Gro\u00dfe Auswahl an Modellen f\u00fcr alle Radsportbegeisterten. Von Rennr\u00e4dern bis zu Mountainbikes - finden Sie heute Ihren perfekten Wegbegleiter!","robots":{"index":"index","follow":"follow","max-snippet":"max-snippet:-1","max-image-preview":"max-image-preview:large","max-video-preview":"max-video-preview:-1"},"canonical":"https:\/\/kgerad.de\/en\/product\/cube-stereo-one77-race-29-bondibluengrey\/","og_locale":"en_US","og_type":"article","og_title":"Cube Stereo ONE77 Race 29 bondiblue\u00b4n\u00b4grey","og_description":"Entdecken Sie unseren Online-Fahrradladen: Gro\u00dfe Auswahl an Modellen f\u00fcr alle Radsportbegeisterten. Von Rennr\u00e4dern bis zu Mountainbikes - finden Sie heute Ihren perfekten Wegbegleiter!","og_url":"https:\/\/kgerad.de\/en\/product\/cube-stereo-one77-race-29-bondibluengrey\/","og_site_name":"kgerad.de","article_modified_time":"2023-08-10T20:16:45+00:00","og_image":[{"width":800,"height":444,"url":"https:\/\/kgerad.de\/wp-content\/uploads\/2023\/06\/Cube-Stereo-ONE77-Race-29-bondiblue\u00b4n\u00b4grey.jpg","type":"image\/jpeg"}],"twitter_card":"summary_large_image","twitter_misc":{"Est. reading time":"5 minutes"},"schema":{"@context":"https:\/\/schema.org","@graph":[{"@type":"WebPage","@id":"https:\/\/kgerad.de\/produkt\/cube-stereo-one77-race-29-bondibluengrey\/","url":"https:\/\/kgerad.de\/produkt\/cube-stereo-one77-race-29-bondibluengrey\/","name":"Cube Stereo ONE77 Race 29 bondiblue\u00b4n\u00b4grey","isPartOf":{"@id":"https:\/\/kgerad.de\/#website"},"primaryImageOfPage":{"@id":"https:\/\/kgerad.de\/produkt\/cube-stereo-one77-race-29-bondibluengrey\/#primaryimage"},"image":{"@id":"https:\/\/kgerad.de\/produkt\/cube-stereo-one77-race-29-bondibluengrey\/#primaryimage"},"thumbnailUrl":"https:\/\/kgerad.de\/wp-content\/uploads\/2023\/06\/Cube-Stereo-ONE77-Race-29-bondiblue\u00b4n\u00b4grey.jpg","datePublished":"2022-11-28T12:10:23+00:00","dateModified":"2023-08-10T20:16:45+00:00","description":"Entdecken Sie unseren Online-Fahrradladen: Gro\u00dfe Auswahl an Modellen f\u00fcr alle Radsportbegeisterten. Von Rennr\u00e4dern bis zu Mountainbikes - finden Sie heute Ihren perfekten Wegbegleiter!","breadcrumb":{"@id":"https:\/\/kgerad.de\/produkt\/cube-stereo-one77-race-29-bondibluengrey\/#breadcrumb"},"inLanguage":"en-US","potentialAction":[{"@type":"ReadAction","target":["https:\/\/kgerad.de\/produkt\/cube-stereo-one77-race-29-bondibluengrey\/"]}]},{"@type":"ImageObject","inLanguage":"en-US","@id":"https:\/\/kgerad.de\/produkt\/cube-stereo-one77-race-29-bondibluengrey\/#primaryimage","url":"https:\/\/kgerad.de\/wp-content\/uploads\/2023\/06\/Cube-Stereo-ONE77-Race-29-bondiblue\u00b4n\u00b4grey.jpg","contentUrl":"https:\/\/kgerad.de\/wp-content\/uploads\/2023\/06\/Cube-Stereo-ONE77-Race-29-bondiblue\u00b4n\u00b4grey.jpg","width":800,"height":444,"caption":"Cube Stereo ONE77 Race 29 bondiblue\u00b4n\u00b4grey"},{"@type":"BreadcrumbList","@id":"https:\/\/kgerad.de\/produkt\/cube-stereo-one77-race-29-bondibluengrey\/#breadcrumb","itemListElement":[{"@type":"ListItem","position":1,"name":"Startseite","item":"https:\/\/kgerad.de\/"},{"@type":"ListItem","position":2,"name":"LADEN","item":"https:\/\/kgerad.de\/laden\/"},{"@type":"ListItem","position":3,"name":"Cube Stereo ONE77 Race 29 bondiblue\u00b4n\u00b4grey"}]},{"@type":"WebSite","@id":"https:\/\/kgerad.de\/#website","url":"https:\/\/kgerad.de\/","name":"kgerad.de","description":"Treten Sie mit uns ins Abenteuer!","publisher":{"@id":"https:\/\/kgerad.de\/#organization"},"alternateName":"MEIN RADLADEN","potentialAction":[{"@type":"SearchAction","target":{"@type":"EntryPoint","urlTemplate":"https:\/\/kgerad.de\/?s={search_term_string}"},"query-input":{"@type":"PropertyValueSpecification","valueRequired":true,"valueName":"search_term_string"}}],"inLanguage":"en-US"},{"@type":"Organization","@id":"https:\/\/kgerad.de\/#organization","name":"MEINRADLADEN","alternateName":"MEIN RADLADEN","url":"https:\/\/kgerad.de\/","logo":{"@type":"ImageObject","inLanguage":"en-US","@id":"https:\/\/kgerad.de\/#\/schema\/logo\/image\/","url":"https:\/\/kgerad.de\/wp-content\/uploads\/2025\/07\/logo-Whit.svg","contentUrl":"https:\/\/kgerad.de\/wp-content\/uploads\/2025\/07\/logo-Whit.svg","width":1640,"height":371,"caption":"MEINRADLADEN"},"image":{"@id":"https:\/\/kgerad.de\/#\/schema\/logo\/image\/"}}]}},"_links":{"self":[{"href":"https:\/\/kgerad.de\/en\/wp-json\/wp\/v2\/product\/44924","targetHints":{"allow":["GET"]}}],"collection":[{"href":"https:\/\/kgerad.de\/en\/wp-json\/wp\/v2\/product"}],"about":[{"href":"https:\/\/kgerad.de\/en\/wp-json\/wp\/v2\/types\/product"}],"replies":[{"embeddable":true,"href":"https:\/\/kgerad.de\/en\/wp-json\/wp\/v2\/comments?post=44924"}],"version-history":[{"count":1,"href":"https:\/\/kgerad.de\/en\/wp-json\/wp\/v2\/product\/44924\/revisions"}],"predecessor-version":[{"id":79049,"href":"https:\/\/kgerad.de\/en\/wp-json\/wp\/v2\/product\/44924\/revisions\/79049"}],"wp:featuredmedia":[{"embeddable":true,"href":"https:\/\/kgerad.de\/en\/wp-json\/wp\/v2\/media\/63516"}],"wp:attachment":[{"href":"https:\/\/kgerad.de\/en\/wp-json\/wp\/v2\/media?parent=44924"}],"wp:term":[{"taxonomy":"product_brand","embeddable":true,"href":"https:\/\/kgerad.de\/en\/wp-json\/wp\/v2\/product_brand?post=44924"},{"taxonomy":"product_cat","embeddable":true,"href":"https:\/\/kgerad.de\/en\/wp-json\/wp\/v2\/product_cat?post=44924"},{"taxonomy":"product_tag","embeddable":true,"href":"https:\/\/kgerad.de\/en\/wp-json\/wp\/v2\/product_tag?post=44924"}],"curies":[{"name":"wp","href":"https:\/\/api.w.org\/{rel}","templated":true}]}}