{"id":44909,"date":"2022-11-28T12:25:13","date_gmt":"2022-11-28T11:25:13","guid":{"rendered":"https:\/\/kgerad.de\/?post_type=product&#038;p=44909"},"modified":"2023-08-10T22:17:06","modified_gmt":"2023-08-10T20:17:06","slug":"cube-stereo-one22-race-mayabluenblack-2","status":"publish","type":"product","link":"https:\/\/kgerad.de\/en\/product\/cube-stereo-one22-race-mayabluenblack-2\/","title":{"rendered":"Cube Stereo ONE22 Race mayablue\u00b4n\u00b4black"},"content":{"rendered":"<h2 class=\"content--title\"><strong>Cube<\/strong>\u00a0Stereo ONE22 Race mayablue\u00b4n\u00b4black<\/h2>\n<div class=\"product--description\">\n<p>Da sind sich selbst eingefleischte Racer einig: Mehr Komfort ist gleich auch bessere Performance. Deshalb hat CUBE mit dem CUBE Stereo ONE22 Race ein kompententes Trail-Fully entwickelt, das Fahrkomfort und Konrolle vereint. Klar, dass auch die bew\u00e4hrte CUBE Kinematik und sorgf\u00e4ltig ausgew\u00e4hlte Komponenten nicht fehlen d\u00fcrfen. Weiter, schneller, besser \u2013 auf geht&#8217;s!<\/p>\n<hr \/>\n<p><a href=\"https:\/\/www.cube.eu\/360\/653201\" target=\"_blank\" rel=\"noopener\"><img decoding=\"async\" title=\"360\u00b0\" src=\"https:\/\/cd.bike-discount.de\/media\/image\/3a\/ee\/83\/360.png\" alt=\"\" width=\"40\" height=\"39\" data-mid=\"729769\" data-src=\"media\/image\/360.png\" \/>360\u00b0-Ansicht \u00f6ffnen<\/a><\/p>\n<hr \/>\n<p>Wer von maximaler Trail-Performance und top Komfort spricht, meint vermutlich das Stereo ONE22 Race. Denn CUBE hat wegen ihrer Zuverl\u00e4ssigkeit und ihres weiten \u00dcbersetzungsbereichs die legend\u00e4re Shimano XT 12-Gang Schaltung verbaut. Au\u00dferdem kraftvoll und gleichm\u00e4\u00dfig verz\u00f6gernde hydraulische Scheibenbremsen, ebenfalls von Shimano. Das Ergebnis: absolute Pr\u00e4zision und Kontrolle, bergauf wie bergab. Die RockShox Recon Gold Luftfedergabel und der Deluxe Select+ D\u00e4mpfer schlucken gemeinsam s\u00e4mtliche Schl\u00e4ge weg wie nichts \u2013 f\u00fcr 1a-Fahrkomfort. On top hat CUBE dem Set-up einen Fulcrum Laufradsatz hinzugef\u00fcgt und Maxxis Reifen aufgezogen. Und es gibt eine versenkbare Sattelst\u00fctze von CUBE mit dazu, die noch besseres Handling auf steilen Trails verspricht. Bleibt die Frage, wo der n\u00e4chste Trail-Trip hingeht?<\/p>\n<hr \/>\n<p><strong>In der Rahmengr\u00f6\u00dfe XS als 27,5er. In den Rahmengr\u00f6\u00dfen S, M, L, XL als 29er.<\/strong><\/p>\n<hr \/>\n<h3>RAHMEN Cube Stereo ONE22 Race<\/h3>\n<p>Wie bei allen CUBE Rahmen geht es auch beim Stereo ONE22 um 1a-Performance bei zugleich so wenig Gewicht wie m\u00f6glich. Klingt unmachbar? Keineswegs. Durch den Einsatz dreifach konifizierter Rohre wurde effizient Gewicht gespart, und zwar ohne Einbu\u00dfen in Sachen Stabilit\u00e4t und Steifigkeit. Eine ausgekl\u00fcgelte Kombination aus konifiziertem Steuerrohr und Boost 148 Hinterbau sorgt f\u00fcr optimierte Lenkpr\u00e4zision und h\u00f6chste Pedaliereffizienz. Dazu kommen unsere Efficient Trail Control Kinematik, eine 130 mm Federgabel und die Agile Trail Geometry f\u00fcr ein stabiles, kontrolliertes Handling, immer und \u00fcberall. CUBE&#8217;s SizeSplit System umfasst sogar eine XS-Variante mit 27.5 Zoll Laufr\u00e4dern f\u00fcr kleinere Fahrer, die auf maximale Performance nicht verzichten wollen.<\/p>\n<hr \/>\n<h3>Technologie<\/h3>\n<p><strong>HPA<\/strong><br \/>\nIm hochwertigen Bereich kommt High Performance Aluminium zum Einsatz. Durch spezielle Legierungstechnik und die thermische Behandlung wird eine h\u00f6here Festigkeit erreicht. Dreifaches oder sogar vierfaches Konifizieren der Aluminiumrohe macht es m\u00f6glich, nur so viel Material wie notwendig zu verwenden. Die Wandst\u00e4rke kann dadurch exakt auf die H\u00f6he der Belastung angepasst werden. Zugleich nehmen spezielle Rohrformen, gefertigt im Hydroformingverfahren, auftretende Belastungen besser auf. Die geringe Dichte bei gleichzeitiger Festigkeit, das Konifizieren und das Hydroforming-Verfahren erm\u00f6glichen hochwertigste Rahmen mit komplexen Formen und besten Steifigkeitswerten.<\/p>\n<p><strong>Boost 148<\/strong><\/p>\n<p>Das Konzept hinter der Boost 148 Steckachse: Eine breitere Nabe f\u00fcr steifere, stabilere Laufr\u00e4der und damit besseres Handling und zudem gen\u00fcgend Platz f\u00fcr den Einbau breiterer Reifen f\u00fcr mehr Performance. Dabei bleiben die Schaltpr\u00e4zision beziehungsweise Effizienz des Antriebs voll erhalten. So kannst du noch kompromissloser Gas geben und profitierst zugleich von besserem Handling und stabileren Laufr\u00e4dern.<\/p>\n<h4><strong>Advanced Hydroforming<\/strong><\/h4>\n<p>CUBE&#8217;s hochwertigen Aluminiumrahmen werden per Advanced Hydroforming hergestellt. Bei diesem Verfahren werden die Aluminiumrohre mithilfe von Fl\u00fcssigkeit, die unter hohem Druck steht, in die gew\u00fcnschte Form gebracht. Die Vorteile: die optimale Nutzung der herausragenden Materialeigenschaften von Aluminium sowie hohe Stabilit\u00e4t bei zugleich weniger Gewicht. Au\u00dferdem gibt es so weniger Schwei\u00dfn\u00e4hte. Das Ergebnis ist ein leistungsstarker Rahmen, der noch dazu wundersch\u00f6n aussieht.<\/p>\n<h4><strong>Efficient Trail Control<\/strong><\/h4>\n<p>CUBE&#8217;s Efficient Trail Control ist ein System, das im Hintergrund \u201edie F\u00e4den zieht&#8220;, damit du dein Trailriding-Erlebnis in vollen Z\u00fcgen genie\u00dfen kannst. Dabei sind die Fahrwerke trotz viel nutzbarem Federweg sehr gut bergauf zu pedalieren, sacken nicht ein und bleiben in jeder Situation sensibel und agil. Bei starken Schl\u00e4gen verhalten sie sich jedoch extrem ruhig, stellen den gesamten Federweg sofort wieder zur Verf\u00fcgung und bieten so ungeheure Reserven bei der Abfahrt.<\/p>\n<p><strong>SizeSplit<\/strong><br \/>\nNur wenn ein Bike wirklich perfekt passt, ist es das richtige Bike. Deshalb hat CUBE das SizeSplit System entwickelt: Um Rahmen mit der optimalen Passform und zugleich einem agilen und zuverl\u00e4ssigen Handling anbieten zu k\u00f6nnen, verwendet CUBE f\u00fcr kleinere Fahrer 27.5 Zoll Laufr\u00e4der. F\u00fcr gr\u00f6\u00dfere Fahrer bietet CUBE die unterschiedlich gro\u00dfen Rahmen mit schnell dahinrollenden 29 Zoll Laufr\u00e4dern an. Doch egal welche Laufradgr\u00f6\u00dfe \u2013 dank SizeSplit bist du definitiv immer mit dem f\u00fcr dich individuell abgestimmten Rahmen unterwegs.<\/p>\n<p><strong>Agile Trail Geometry<\/strong><br \/>\nDie Agile Trail Geometry basiert auf CUBE&#8217;s beliebten Agile Ride Geometry, richtet sich aber an Mountainbiker, die auf dem Trail gern mal an ihre Grenzen gehen. Ein niedrigerer Standover l\u00e4sst dir hierbei mehr Bewegungsspielraum \u00fcber dem Bike. Mit diesem cleveren Set-up meisterst du selbst die haarigste Line souver\u00e4n \u2013 maximaler Fahrspa\u00df inklusive!<\/p>\n<h2>Ausstattung<\/h2>\n<div class=\"product--properties panel has--border\">\n<table class=\"product--properties-table\">\n<tbody>\n<tr class=\"product--properties-row row1\">\n<td class=\"product--properties-label is--bold\">Rahmen:<\/td>\n<td class=\"product--properties-value\">HPA Advanced Hydroform, ATG, ETC 4-Link, AXH<\/td>\n<\/tr>\n<tr class=\"product--properties-row row2\">\n<td class=\"product--properties-label is--bold\">Rahmenmaterial:<\/td>\n<td class=\"product--properties-value\">Aluminium<\/td>\n<\/tr>\n<tr class=\"product--properties-row row3\">\n<td class=\"product--properties-label is--bold\">Laufradgr\u00f6\u00dfe:<\/td>\n<td class=\"product--properties-value\">Size Split: 27.5: XS \/\/ 29: S, M, L, XL<\/td>\n<\/tr>\n<tr class=\"product--properties-row row4\">\n<td class=\"product--properties-label is--bold\">Farbe:<\/td>\n<td class=\"product--properties-value\">mayablue\u00b4n\u00b4black<\/td>\n<\/tr>\n<tr class=\"product--properties-row row5\">\n<td class=\"product--properties-label is--bold\">Gabel:<\/td>\n<td class=\"product--properties-value\">RockShox Recon Gold RL Air, Tapered, 15x110mm, 130mm<\/td>\n<\/tr>\n<tr class=\"product--properties-row row6\">\n<td class=\"product--properties-label is--bold\">D\u00e4mpfer:<\/td>\n<td class=\"product--properties-value\">RockShox Deluxe Select+, 190x45mm, Rebound Adjust, Lockout<\/td>\n<\/tr>\n<tr class=\"product--properties-row row7\">\n<td class=\"product--properties-label is--bold\">Federweg:<\/td>\n<td class=\"product--properties-value\">130mm \/ 130mm<\/td>\n<\/tr>\n<tr class=\"product--properties-row row8\">\n<td class=\"product--properties-label is--bold\">Bremsen:<\/td>\n<td class=\"product--properties-value\">Shimano BR-MT500, Hydr. Disc Brake<\/td>\n<\/tr>\n<tr class=\"product--properties-row row9\">\n<td class=\"product--properties-label is--bold\">Bremsscheiben:<\/td>\n<td class=\"product--properties-value\">180\/180 mm<\/td>\n<\/tr>\n<tr class=\"product--properties-row row10\">\n<td class=\"product--properties-label is--bold\">Steuersatz:<\/td>\n<td class=\"product--properties-value\">VP Tapered, Top Zero-Stack 1 1\/8&#8243; (OD 44mm), Bottom Zero-Stack 1 1\/2&#8243; (OD 56mm)<\/td>\n<\/tr>\n<tr class=\"product--properties-row row11\">\n<td class=\"product--properties-label is--bold\">Vorbau:<\/td>\n<td class=\"product--properties-value\">Newmen Evolution 318.4, 31.8mm<\/td>\n<\/tr>\n<tr class=\"product--properties-row row12\">\n<td class=\"product--properties-label is--bold\">Lenker:<\/td>\n<td class=\"product--properties-value\">Newmen Evolution SL 318.25, 760mm<\/td>\n<\/tr>\n<tr class=\"product--properties-row row13\">\n<td class=\"product--properties-label is--bold\">Griffe:<\/td>\n<td class=\"product--properties-value\">ACID React Pro<\/td>\n<\/tr>\n<tr class=\"product--properties-row row14\">\n<td class=\"product--properties-label is--bold\">Sattel:<\/td>\n<td class=\"product--properties-value\">Natural Fit Venec Lite<\/td>\n<\/tr>\n<tr class=\"product--properties-row row15\">\n<td class=\"product--properties-label is--bold\">Sattelst\u00fctze:<\/td>\n<td class=\"product--properties-value\">CUBE Dropper Post, Handlebar Lever, Internal Cable Routing, 31.6mm<\/td>\n<\/tr>\n<\/tbody>\n<\/table>\n<table class=\"product--properties-table\">\n<tbody>\n<tr class=\"product--properties-row row16\">\n<td class=\"product--properties-label is--bold\">Sattelklemme:<\/td>\n<td class=\"product--properties-value\">CUBE Screwlock, 34.9mm<\/td>\n<\/tr>\n<tr class=\"product--properties-row row17\">\n<td class=\"product--properties-label is--bold\">Kurbel:<\/td>\n<td class=\"product--properties-value\">Shimano FC-MT511, Boost, 30T<\/td>\n<\/tr>\n<tr class=\"product--properties-row row18\">\n<td class=\"product--properties-label is--bold\">Tretlager\/Innenlager:<\/td>\n<td class=\"product--properties-value\">Shimano BB-MT500PA, 92mm Pressfit<\/td>\n<\/tr>\n<tr class=\"product--properties-row row19\">\n<td class=\"product--properties-label is--bold\">Schaltwerk:<\/td>\n<td class=\"product--properties-value\">Shimano XT RD-M8100-SGS, ShadowPlus, 12-Speed<\/td>\n<\/tr>\n<tr class=\"product--properties-row row20\">\n<td class=\"product--properties-label is--bold\">Schalthebel:<\/td>\n<td class=\"product--properties-value\">Shimano Deore SL-M6100, Rapidfire-Plus<\/td>\n<\/tr>\n<tr class=\"product--properties-row row21\">\n<td class=\"product--properties-label is--bold\">Kassette:<\/td>\n<td class=\"product--properties-value\">Shimano Deore CS-M6100, 10-51T<\/td>\n<\/tr>\n<tr class=\"product--properties-row row22\">\n<td class=\"product--properties-label is--bold\">Kette:<\/td>\n<td class=\"product--properties-value\">Shimano CN-M6100<\/td>\n<\/tr>\n<tr class=\"product--properties-row row23\">\n<td class=\"product--properties-label is--bold\">Reifen:<\/td>\n<td class=\"product--properties-value\">Maxxis Forekaster, EXO, Tubeless Ready, 2.35<\/td>\n<\/tr>\n<tr class=\"product--properties-row row24\">\n<td class=\"product--properties-label is--bold\">Laufradsatz:<\/td>\n<td class=\"product--properties-value\">Fulcrum Red 77, 28\/28 Spokes, 15x110mm \/ 12x148mm, Tubeless Ready<\/td>\n<\/tr>\n<tr class=\"product--properties-row row25\">\n<td class=\"product--properties-label is--bold\">Lagerdimension:<\/td>\n<td class=\"product--properties-value\">Top: 40x8mm, Bottom: 22x8mm<\/td>\n<\/tr>\n<tr class=\"product--properties-row row26\">\n<td class=\"product--properties-label is--bold\">Pedale:<\/td>\n<td class=\"product--properties-value\">nicht im Lieferumfang enthalten<\/td>\n<\/tr>\n<tr class=\"product--properties-row row27\">\n<td class=\"product--properties-label is--bold\">Zul\u00e4ssiges Gesamtgewicht:<\/td>\n<td class=\"product--properties-value\">115 kg (K\u00f6rpergewicht + Fahrrad + Ausr\u00fcstung)<\/td>\n<\/tr>\n<tr class=\"product--properties-row row28\">\n<td class=\"product--properties-label is--bold\">Gewicht Komplettrad:<\/td>\n<td class=\"product--properties-value\">ab 14,5 kg<\/td>\n<\/tr>\n<\/tbody>\n<\/table>\n<\/div>\n<\/div>","protected":false},"excerpt":{"rendered":"<div class=\"tab-menu--product js--tab-menu\">\n<div class=\"tab--container-list\">\n<div class=\"tab--container description has--content is--active\">\n<div class=\"tab--content box-description\">\n<div class=\"content--description\">\n<div class=\"ean-box\"><strong><label>Modelljahr: <span style=\"font-size: 16px;\">2023<\/span><\/label><\/strong><\/div>\n<\/div>\n<\/div>\n<\/div>\n<\/div>\n<\/div>\n<p><a class=\"rating-link-info--box\" name=\"product--publish-comment\"><\/a><\/p>\n<div id=\"detail--product-reviews\" class=\"content--product-reviews 123\"><\/div>","protected":false},"featured_media":63509,"comment_status":"open","ping_status":"closed","template":"","meta":[],"product_brand":[],"product_cat":[36,426,220],"product_tag":[],"class_list":{"0":"post-44909","1":"product","2":"type-product","3":"status-publish","4":"has-post-thumbnail","6":"product_cat-fahrrad","7":"product_cat-fullsuspension","8":"product_cat-mountainbike","9":"pa_marke-cube","11":"first","12":"instock","13":"sale","14":"taxable","15":"shipping-taxable","16":"purchasable","17":"product-type-variable"},"yoast_head":"<!-- This site is optimized with the Yoast SEO Premium plugin v20.12 (Yoast SEO v27.1.1) - https:\/\/yoast.com\/product\/yoast-seo-premium-wordpress\/ -->\n<title>Cube Stereo ONE22 Race mayablue\u00b4n\u00b4black<\/title>\n<meta name=\"description\" content=\"Entdecken Sie unseren Online-Fahrradladen: Gro\u00dfe Auswahl an Modellen f\u00fcr alle Radsportbegeisterten. Von Rennr\u00e4dern bis zu Mountainbikes - finden Sie heute Ihren perfekten Wegbegleiter!\" \/>\n<meta name=\"robots\" content=\"index, follow, max-snippet:-1, max-image-preview:large, max-video-preview:-1\" \/>\n<link rel=\"canonical\" href=\"https:\/\/kgerad.de\/en\/product\/cube-stereo-one22-race-mayabluenblack-2\/\" \/>\n<meta property=\"og:locale\" content=\"en_US\" \/>\n<meta property=\"og:type\" content=\"article\" \/>\n<meta property=\"og:title\" content=\"Cube Stereo ONE22 Race mayablue\u00b4n\u00b4black\" \/>\n<meta property=\"og:description\" content=\"Entdecken Sie unseren Online-Fahrradladen: Gro\u00dfe Auswahl an Modellen f\u00fcr alle Radsportbegeisterten. Von Rennr\u00e4dern bis zu Mountainbikes - finden Sie heute Ihren perfekten Wegbegleiter!\" \/>\n<meta property=\"og:url\" content=\"https:\/\/kgerad.de\/en\/product\/cube-stereo-one22-race-mayabluenblack-2\/\" \/>\n<meta property=\"og:site_name\" content=\"kgerad.de\" \/>\n<meta property=\"article:modified_time\" content=\"2023-08-10T20:17:06+00:00\" \/>\n<meta property=\"og:image\" content=\"https:\/\/kgerad.de\/wp-content\/uploads\/2023\/06\/Cube-Stereo-ONE22-Race-mayablue\u00b4n\u00b4black-1.jpg\" \/>\n\t<meta property=\"og:image:width\" content=\"800\" \/>\n\t<meta property=\"og:image:height\" content=\"458\" \/>\n\t<meta property=\"og:image:type\" content=\"image\/jpeg\" \/>\n<meta name=\"twitter:card\" content=\"summary_large_image\" \/>\n<meta name=\"twitter:label1\" content=\"Est. reading time\" \/>\n\t<meta name=\"twitter:data1\" content=\"6 minutes\" \/>\n<script type=\"application\/ld+json\" class=\"yoast-schema-graph\">{\"@context\":\"https:\/\/schema.org\",\"@graph\":[{\"@type\":\"WebPage\",\"@id\":\"https:\/\/kgerad.de\/produkt\/cube-stereo-one22-race-mayabluenblack-2\/\",\"url\":\"https:\/\/kgerad.de\/produkt\/cube-stereo-one22-race-mayabluenblack-2\/\",\"name\":\"Cube Stereo ONE22 Race mayablue\u00b4n\u00b4black\",\"isPartOf\":{\"@id\":\"https:\/\/kgerad.de\/#website\"},\"primaryImageOfPage\":{\"@id\":\"https:\/\/kgerad.de\/produkt\/cube-stereo-one22-race-mayabluenblack-2\/#primaryimage\"},\"image\":{\"@id\":\"https:\/\/kgerad.de\/produkt\/cube-stereo-one22-race-mayabluenblack-2\/#primaryimage\"},\"thumbnailUrl\":\"https:\/\/kgerad.de\/wp-content\/uploads\/2023\/06\/Cube-Stereo-ONE22-Race-mayablue\u00b4n\u00b4black-1.jpg\",\"datePublished\":\"2022-11-28T11:25:13+00:00\",\"dateModified\":\"2023-08-10T20:17:06+00:00\",\"description\":\"Entdecken Sie unseren Online-Fahrradladen: Gro\u00dfe Auswahl an Modellen f\u00fcr alle Radsportbegeisterten. Von Rennr\u00e4dern bis zu Mountainbikes - finden Sie heute Ihren perfekten Wegbegleiter!\",\"breadcrumb\":{\"@id\":\"https:\/\/kgerad.de\/produkt\/cube-stereo-one22-race-mayabluenblack-2\/#breadcrumb\"},\"inLanguage\":\"en-US\",\"potentialAction\":[{\"@type\":\"ReadAction\",\"target\":[\"https:\/\/kgerad.de\/produkt\/cube-stereo-one22-race-mayabluenblack-2\/\"]}]},{\"@type\":\"ImageObject\",\"inLanguage\":\"en-US\",\"@id\":\"https:\/\/kgerad.de\/produkt\/cube-stereo-one22-race-mayabluenblack-2\/#primaryimage\",\"url\":\"https:\/\/kgerad.de\/wp-content\/uploads\/2023\/06\/Cube-Stereo-ONE22-Race-mayablue\u00b4n\u00b4black-1.jpg\",\"contentUrl\":\"https:\/\/kgerad.de\/wp-content\/uploads\/2023\/06\/Cube-Stereo-ONE22-Race-mayablue\u00b4n\u00b4black-1.jpg\",\"width\":800,\"height\":458,\"caption\":\"Cube\u00a0Stereo ONE22 Race mayablue\u00b4n\u00b4black\"},{\"@type\":\"BreadcrumbList\",\"@id\":\"https:\/\/kgerad.de\/produkt\/cube-stereo-one22-race-mayabluenblack-2\/#breadcrumb\",\"itemListElement\":[{\"@type\":\"ListItem\",\"position\":1,\"name\":\"Startseite\",\"item\":\"https:\/\/kgerad.de\/\"},{\"@type\":\"ListItem\",\"position\":2,\"name\":\"LADEN\",\"item\":\"https:\/\/kgerad.de\/laden\/\"},{\"@type\":\"ListItem\",\"position\":3,\"name\":\"Cube Stereo ONE22 Race mayablue\u00b4n\u00b4black\"}]},{\"@type\":\"WebSite\",\"@id\":\"https:\/\/kgerad.de\/#website\",\"url\":\"https:\/\/kgerad.de\/\",\"name\":\"kgerad.de\",\"description\":\"Treten Sie mit uns ins Abenteuer!\",\"publisher\":{\"@id\":\"https:\/\/kgerad.de\/#organization\"},\"alternateName\":\"MEIN RADLADEN\",\"potentialAction\":[{\"@type\":\"SearchAction\",\"target\":{\"@type\":\"EntryPoint\",\"urlTemplate\":\"https:\/\/kgerad.de\/?s={search_term_string}\"},\"query-input\":{\"@type\":\"PropertyValueSpecification\",\"valueRequired\":true,\"valueName\":\"search_term_string\"}}],\"inLanguage\":\"en-US\"},{\"@type\":\"Organization\",\"@id\":\"https:\/\/kgerad.de\/#organization\",\"name\":\"MEINRADLADEN\",\"alternateName\":\"MEIN RADLADEN\",\"url\":\"https:\/\/kgerad.de\/\",\"logo\":{\"@type\":\"ImageObject\",\"inLanguage\":\"en-US\",\"@id\":\"https:\/\/kgerad.de\/#\/schema\/logo\/image\/\",\"url\":\"https:\/\/kgerad.de\/wp-content\/uploads\/2025\/07\/logo-Whit.svg\",\"contentUrl\":\"https:\/\/kgerad.de\/wp-content\/uploads\/2025\/07\/logo-Whit.svg\",\"width\":1640,\"height\":371,\"caption\":\"MEINRADLADEN\"},\"image\":{\"@id\":\"https:\/\/kgerad.de\/#\/schema\/logo\/image\/\"}}]}<\/script>\n<!-- \/ Yoast SEO Premium plugin. -->","yoast_head_json":{"title":"Cube Stereo ONE22 Race mayablue\u00b4n\u00b4black","description":"Entdecken Sie unseren Online-Fahrradladen: Gro\u00dfe Auswahl an Modellen f\u00fcr alle Radsportbegeisterten. Von Rennr\u00e4dern bis zu Mountainbikes - finden Sie heute Ihren perfekten Wegbegleiter!","robots":{"index":"index","follow":"follow","max-snippet":"max-snippet:-1","max-image-preview":"max-image-preview:large","max-video-preview":"max-video-preview:-1"},"canonical":"https:\/\/kgerad.de\/en\/product\/cube-stereo-one22-race-mayabluenblack-2\/","og_locale":"en_US","og_type":"article","og_title":"Cube Stereo ONE22 Race mayablue\u00b4n\u00b4black","og_description":"Entdecken Sie unseren Online-Fahrradladen: Gro\u00dfe Auswahl an Modellen f\u00fcr alle Radsportbegeisterten. Von Rennr\u00e4dern bis zu Mountainbikes - finden Sie heute Ihren perfekten Wegbegleiter!","og_url":"https:\/\/kgerad.de\/en\/product\/cube-stereo-one22-race-mayabluenblack-2\/","og_site_name":"kgerad.de","article_modified_time":"2023-08-10T20:17:06+00:00","og_image":[{"width":800,"height":458,"url":"https:\/\/kgerad.de\/wp-content\/uploads\/2023\/06\/Cube-Stereo-ONE22-Race-mayablue\u00b4n\u00b4black-1.jpg","type":"image\/jpeg"}],"twitter_card":"summary_large_image","twitter_misc":{"Est. reading time":"6 minutes"},"schema":{"@context":"https:\/\/schema.org","@graph":[{"@type":"WebPage","@id":"https:\/\/kgerad.de\/produkt\/cube-stereo-one22-race-mayabluenblack-2\/","url":"https:\/\/kgerad.de\/produkt\/cube-stereo-one22-race-mayabluenblack-2\/","name":"Cube Stereo ONE22 Race mayablue\u00b4n\u00b4black","isPartOf":{"@id":"https:\/\/kgerad.de\/#website"},"primaryImageOfPage":{"@id":"https:\/\/kgerad.de\/produkt\/cube-stereo-one22-race-mayabluenblack-2\/#primaryimage"},"image":{"@id":"https:\/\/kgerad.de\/produkt\/cube-stereo-one22-race-mayabluenblack-2\/#primaryimage"},"thumbnailUrl":"https:\/\/kgerad.de\/wp-content\/uploads\/2023\/06\/Cube-Stereo-ONE22-Race-mayablue\u00b4n\u00b4black-1.jpg","datePublished":"2022-11-28T11:25:13+00:00","dateModified":"2023-08-10T20:17:06+00:00","description":"Entdecken Sie unseren Online-Fahrradladen: Gro\u00dfe Auswahl an Modellen f\u00fcr alle Radsportbegeisterten. Von Rennr\u00e4dern bis zu Mountainbikes - finden Sie heute Ihren perfekten Wegbegleiter!","breadcrumb":{"@id":"https:\/\/kgerad.de\/produkt\/cube-stereo-one22-race-mayabluenblack-2\/#breadcrumb"},"inLanguage":"en-US","potentialAction":[{"@type":"ReadAction","target":["https:\/\/kgerad.de\/produkt\/cube-stereo-one22-race-mayabluenblack-2\/"]}]},{"@type":"ImageObject","inLanguage":"en-US","@id":"https:\/\/kgerad.de\/produkt\/cube-stereo-one22-race-mayabluenblack-2\/#primaryimage","url":"https:\/\/kgerad.de\/wp-content\/uploads\/2023\/06\/Cube-Stereo-ONE22-Race-mayablue\u00b4n\u00b4black-1.jpg","contentUrl":"https:\/\/kgerad.de\/wp-content\/uploads\/2023\/06\/Cube-Stereo-ONE22-Race-mayablue\u00b4n\u00b4black-1.jpg","width":800,"height":458,"caption":"Cube\u00a0Stereo ONE22 Race mayablue\u00b4n\u00b4black"},{"@type":"BreadcrumbList","@id":"https:\/\/kgerad.de\/produkt\/cube-stereo-one22-race-mayabluenblack-2\/#breadcrumb","itemListElement":[{"@type":"ListItem","position":1,"name":"Startseite","item":"https:\/\/kgerad.de\/"},{"@type":"ListItem","position":2,"name":"LADEN","item":"https:\/\/kgerad.de\/laden\/"},{"@type":"ListItem","position":3,"name":"Cube Stereo ONE22 Race mayablue\u00b4n\u00b4black"}]},{"@type":"WebSite","@id":"https:\/\/kgerad.de\/#website","url":"https:\/\/kgerad.de\/","name":"kgerad.de","description":"Treten Sie mit uns ins Abenteuer!","publisher":{"@id":"https:\/\/kgerad.de\/#organization"},"alternateName":"MEIN RADLADEN","potentialAction":[{"@type":"SearchAction","target":{"@type":"EntryPoint","urlTemplate":"https:\/\/kgerad.de\/?s={search_term_string}"},"query-input":{"@type":"PropertyValueSpecification","valueRequired":true,"valueName":"search_term_string"}}],"inLanguage":"en-US"},{"@type":"Organization","@id":"https:\/\/kgerad.de\/#organization","name":"MEINRADLADEN","alternateName":"MEIN RADLADEN","url":"https:\/\/kgerad.de\/","logo":{"@type":"ImageObject","inLanguage":"en-US","@id":"https:\/\/kgerad.de\/#\/schema\/logo\/image\/","url":"https:\/\/kgerad.de\/wp-content\/uploads\/2025\/07\/logo-Whit.svg","contentUrl":"https:\/\/kgerad.de\/wp-content\/uploads\/2025\/07\/logo-Whit.svg","width":1640,"height":371,"caption":"MEINRADLADEN"},"image":{"@id":"https:\/\/kgerad.de\/#\/schema\/logo\/image\/"}}]}},"_links":{"self":[{"href":"https:\/\/kgerad.de\/en\/wp-json\/wp\/v2\/product\/44909","targetHints":{"allow":["GET"]}}],"collection":[{"href":"https:\/\/kgerad.de\/en\/wp-json\/wp\/v2\/product"}],"about":[{"href":"https:\/\/kgerad.de\/en\/wp-json\/wp\/v2\/types\/product"}],"replies":[{"embeddable":true,"href":"https:\/\/kgerad.de\/en\/wp-json\/wp\/v2\/comments?post=44909"}],"version-history":[{"count":1,"href":"https:\/\/kgerad.de\/en\/wp-json\/wp\/v2\/product\/44909\/revisions"}],"predecessor-version":[{"id":79050,"href":"https:\/\/kgerad.de\/en\/wp-json\/wp\/v2\/product\/44909\/revisions\/79050"}],"wp:featuredmedia":[{"embeddable":true,"href":"https:\/\/kgerad.de\/en\/wp-json\/wp\/v2\/media\/63509"}],"wp:attachment":[{"href":"https:\/\/kgerad.de\/en\/wp-json\/wp\/v2\/media?parent=44909"}],"wp:term":[{"taxonomy":"product_brand","embeddable":true,"href":"https:\/\/kgerad.de\/en\/wp-json\/wp\/v2\/product_brand?post=44909"},{"taxonomy":"product_cat","embeddable":true,"href":"https:\/\/kgerad.de\/en\/wp-json\/wp\/v2\/product_cat?post=44909"},{"taxonomy":"product_tag","embeddable":true,"href":"https:\/\/kgerad.de\/en\/wp-json\/wp\/v2\/product_tag?post=44909"}],"curies":[{"name":"wp","href":"https:\/\/api.w.org\/{rel}","templated":true}]}}