{"id":44796,"date":"2022-11-25T21:27:38","date_gmt":"2022-11-25T20:27:38","guid":{"rendered":"https:\/\/kgerad.de\/?post_type=product&#038;p=44796"},"modified":"2023-08-11T01:40:33","modified_gmt":"2023-08-10T23:40:33","slug":"radon-render-8-0-625","status":"publish","type":"product","link":"https:\/\/kgerad.de\/en\/product\/radon-render-8-0-625\/","title":{"rendered":"Radon Render 8.0 625"},"content":{"rendered":"<h2 class=\"product--title\"><strong>Radon<\/strong>\u00a0Render 8.0 625<\/h2>\n<p class=\"product--rating-container\">Schon das RENDER 8.0 hat eine Ausstattung, die jeden Trailbiker zufrieden stellt. Carbonrahmen, Bosch Performance CX Motor, gro\u00dfer Akku, Shimano XT Schaltung und starke Magura Bremse &#8211; was willst Du mehr?<\/p>\n<hr \/>\n<h3>Die Highlights des Render 8.0<\/h3>\n<p>Aber <a href=\"http:\/\/1.1\">der<\/a> Reihe nach: unser RENDER 8.0 kommt mit dem wundersch\u00f6nen und leichten Carbonhauptrahmen, mit dem das Bike schon einige Testsiege und Pr\u00e4dikate eingefahren hat. Er steht f\u00fcr bullige Eleganz, sein Hinterbaudesign sorgt f\u00fcr viel Steifigkeit und nimmt den gro\u00dfen 625Wh Akku formsch\u00f6n im Unterrohr auf. Dessen Energie befeuert das Herzst\u00fcck des ganzen Bikes, den Bosch Performance CX Antrieb mit seinen m\u00e4chtigen 85Nm Drehmoment und bis zu 340% Tretunterst\u00fctzung. Damit hast Du in jeder Trail- und Lebenslage mehr als gen\u00fcgend Power zur Verf\u00fcgung, auch dem steilsten Anstieg wird der Schrecken genommen und der innere Schweinehund hat Sendepause. Weitere Grundzutat f\u00fcr das pure Gel\u00e4ndevergn\u00fcgen ist das komplette Fox Fahrwerk, was vorne 160mm und am Heck 140mm feinst ansprechenden Federwegs bereitstellt.<\/p>\n<hr \/>\n<h3>Die Render Familie<\/h3>\n<p>Das RENDER ist mittlerweile ein moderner Klassiker, der mit PS und Dauerleistung protzt. Angetrieben wird unser Trail-Allrounder mit Bosch&#8217;s st\u00e4rkstem Motor, dem Performance Line CX mit seinen 85 Nm Drehmoment und einer maximalen Unterst\u00fctzung von 340%. Und das auch noch richtig lange, denn im RENDER Unterrohr sitzt der gro\u00dfe Powertube Akku mit 625 Wh Kapazit\u00e4t. Dieser ist formsch\u00f6n in das Unterrohr integriert, welches auch alle Z\u00fcge f\u00fcr die Schaltung oder die Variost\u00fctze in einem Schienensystem aufnimmt.<\/p>\n<p>Der Frontrahmen ist aus Carbon und in seiner Form einzigartig mit der fl\u00fcgelartigen Verbindung von Ober- und Unterrohr, die auch den D\u00e4mpfer aufnimmt. 160 mm Federweg an der Front und 140mm am Heck sorgen zusammen mit den 29&#8243; Laufr\u00e4dern f\u00fcr enorme Laufruhe und Sicherheit, kurze Kettenstreben und eine ausgekl\u00fcgelte Geometrie halten das RENDER sehr agil und wendig. Die zentrale Sitzposition vermittelt viel Kontrolle \u00fcber das Bike und l\u00e4dt zu epischen Touren ein. RENDER your ride.<\/p>\n<hr \/>\n<h3>Der Render Rahmen<\/h3>\n<p>Der RENDER Rahmen ist ebenso ein optischer Leckerbissen wie Herberge f\u00fcr allerlei technische Finessen. So hat der Frontrahmen aus Carbon einen Verbindungssteg zwischen Ober- und Unterrohr, der sowohl als Designelement an einen Fl\u00fcgel erinnert als auch in technischer Hinsicht die Steifigkeit erh\u00f6ht und gleichzeitig als Aufnahme f\u00fcr den D\u00e4mpfer fungiert. Die D\u00e4mpferverl\u00e4ngerung auf der anderen Seite fungiert gleichzeitig auch als Teil der Wippe und erm\u00f6glicht so einerseits die einzigartige Kinematik und tr\u00e4gt zudem zur sehr hohen Stabilit\u00e4t des Hinterbaus bei. Die 625 Wh gro\u00dfe Batterie sitzt integriert im Unterrohr in einer Patrone, die den wackelfreien Sitz gew\u00e4hrleistet und au\u00dferdem die intern verlegten Z\u00fcge seitlich f\u00fchrt und somit f\u00fcr Klapperfreiheit und Ordnung sorgt.<\/p>\n<p>Eine abnehmbare Kunststoffklappe schlie\u00dft das Unterrohr ab und erm\u00f6glicht bei Bedarf die Entnahme des Akkus. F\u00fcr den Ladevorgang ist das jedoch nicht n\u00f6tig, denn der Rahmen verf\u00fcgt im Sitzrohr \u00fcber eine externe Ladebuchse. Integriert in den Steuersatz ist der Block Lock, eine Vorrichtung, die das Einschlagen der Gabel in den Rahmen im Falle eines Sturzes, verhindert. Das RENDER verf\u00fcgt \u00fcber 160mm Federweg an der Front und 140mm am Heck und nimmt Reifen bis zu 2.6&#8243; Breite auf.<\/p>\n<hr \/>\n<h2>The all new RADON RENDER E-MTB<\/h2>\n<p><center><iframe src=\"https:\/\/www.youtube-nocookie.com\/embed\/f90RJ1Lypd8\" width=\"640\" height=\"360\" frameborder=\"0\" allowfullscreen=\"allowfullscreen\" data-mce-fragment=\"1\"><\/iframe><\/center><\/p>\n<h2>Ausstattung<\/h2>\n<div class=\"product--properties panel has--border\">\n<table class=\"product--properties-table\">\n<tbody>\n<tr class=\"product--properties-row row1\">\n<td class=\"product--properties-label is--bold\">Rahmen:<\/td>\n<td class=\"product--properties-value\">RENDER HYBRID, Maximale Reifenbreite: 2.6&#8243;, Powertube Akku 625 Wh<\/td>\n<\/tr>\n<tr class=\"product--properties-row row2\">\n<td class=\"product--properties-label is--bold\">Rahmenmaterial:<\/td>\n<td class=\"product--properties-value\">Carbonfrontrahmen, Aluminium Hinterbau<\/td>\n<\/tr>\n<tr class=\"product--properties-row row3\">\n<td class=\"product--properties-label is--bold\">Laufradgr\u00f6\u00dfe:<\/td>\n<td class=\"product--properties-value\">29&#8243;<\/td>\n<\/tr>\n<tr class=\"product--properties-row row4\">\n<td class=\"product--properties-label is--bold\">Farbe:<\/td>\n<td class=\"product--properties-value\">UD carbon \/ stealthgrey \/ brightred<\/td>\n<\/tr>\n<tr class=\"product--properties-row row5\">\n<td class=\"product--properties-label is--bold\">Gabel:<\/td>\n<td class=\"product--properties-value\">Fox 36 Rhythm, FIT GRIP, Sweep-Adjust, E-Tuned, Boost<\/td>\n<\/tr>\n<tr class=\"product--properties-row row6\">\n<td class=\"product--properties-label is--bold\">D\u00e4mpfer:<\/td>\n<td class=\"product--properties-value\">Fox Float X Performance, 2-Pos., EVOL LV, Einbauma\u00df: 210 x 55mm, Buchsenma\u00df: Body 8 x 30mm, Shaft: DU-Bushing 12.7mm<\/td>\n<\/tr>\n<tr class=\"product--properties-row row7\">\n<td class=\"product--properties-label is--bold\">Federweg:<\/td>\n<td class=\"product--properties-value\">160mm \/ 140mm<\/td>\n<\/tr>\n<tr class=\"product--properties-row row8\">\n<td class=\"product--properties-label is--bold\">Bremsen:<\/td>\n<td class=\"product--properties-value\">Magura MT Trail Custom<\/td>\n<\/tr>\n<tr class=\"product--properties-row row9\">\n<td class=\"product--properties-label is--bold\">Bremsscheiben:<\/td>\n<td class=\"product--properties-value\">Magura MDR-C, 203\/203mm, center-lock<\/td>\n<\/tr>\n<tr class=\"product--properties-row row10\">\n<td class=\"product--properties-label is--bold\">Steuersatz:<\/td>\n<td class=\"product--properties-value\">Acros Block-Lock, ZS56\/ZS56<\/td>\n<\/tr>\n<tr class=\"product--properties-row row11\">\n<td class=\"product--properties-label is--bold\">Vorbau:<\/td>\n<td class=\"product--properties-value\">Race Face Chester, \u00d835mm (M: 40mm, L: 40mm, XL: 60mm)<\/td>\n<\/tr>\n<tr class=\"product--properties-row row12\">\n<td class=\"product--properties-label is--bold\">Lenker:<\/td>\n<td class=\"product--properties-value\">Race Face Chester, 35 x 780mm, 20mm rise<\/td>\n<\/tr>\n<tr class=\"product--properties-row row13\">\n<td class=\"product--properties-label is--bold\">Griffe:<\/td>\n<td class=\"product--properties-value\">Acid Disrupt<\/td>\n<\/tr>\n<tr class=\"product--properties-row row14\">\n<td class=\"product--properties-label is--bold\">Sattel:<\/td>\n<td class=\"product--properties-value\">Natural Venec Lite<\/td>\n<\/tr>\n<tr class=\"product--properties-row row15\">\n<td class=\"product--properties-label is--bold\">Sattelst\u00fctze:<\/td>\n<td class=\"product--properties-value\">Radon Competition Dropper, 31.6mm (M\/125mm Hub, L\/150mm Hub, XL\/150mm Hub)<\/td>\n<\/tr>\n<\/tbody>\n<\/table>\n<table class=\"product--properties-table\">\n<tbody>\n<tr class=\"product--properties-row row16\">\n<td class=\"product--properties-label is--bold\">Kurbel:<\/td>\n<td class=\"product--properties-value\">e*thirteen e*spec Plus, 165mm, e*thirteen Chainring, 34T<\/td>\n<\/tr>\n<tr class=\"product--properties-row row17\">\n<td class=\"product--properties-label is--bold\">Schaltwerk:<\/td>\n<td class=\"product--properties-value\">Shimano XT RD-M8100-SGS, 12-speed<\/td>\n<\/tr>\n<tr class=\"product--properties-row row18\">\n<td class=\"product--properties-label is--bold\">Schalthebel:<\/td>\n<td class=\"product--properties-value\">Shimano DEORE SL-M6100-IR, Shiftmix<\/td>\n<\/tr>\n<tr class=\"product--properties-row row19\">\n<td class=\"product--properties-label is--bold\">Kettenf\u00fchrung:<\/td>\n<td class=\"product--properties-value\">E*thirteen E*Spec Plus<\/td>\n<\/tr>\n<tr class=\"product--properties-row row20\">\n<td class=\"product--properties-label is--bold\">Kassette:<\/td>\n<td class=\"product--properties-value\">Shimano Deore CS-M6100, 10-51<\/td>\n<\/tr>\n<tr class=\"product--properties-row row21\">\n<td class=\"product--properties-label is--bold\">Kette:<\/td>\n<td class=\"product--properties-value\">Shimano Deore CN-M6100<\/td>\n<\/tr>\n<tr class=\"product--properties-row row22\">\n<td class=\"product--properties-label is--bold\">Reifen vorne:<\/td>\n<td class=\"product--properties-value\">Maxxis Minion DHF, 3C, Maxterra, EXO+, TR, 29&#8243; x 2.5&#8243; WT<\/td>\n<\/tr>\n<tr class=\"product--properties-row row23\">\n<td class=\"product--properties-label is--bold\">Reifen hinten:<\/td>\n<td class=\"product--properties-value\">Maxxis Minion DHR II, 3C, Maxterra, EXO+, TR, 29&#8243; x 2.4&#8243; WT<\/td>\n<\/tr>\n<tr class=\"product--properties-row row24\">\n<td class=\"product--properties-label is--bold\">Laufradsatz:<\/td>\n<td class=\"product--properties-value\">SUNringl\u00e9 D\u00fcroc SD37, 32mm, 110\/148mm<\/td>\n<\/tr>\n<tr class=\"product--properties-row row25\">\n<td class=\"product--properties-label is--bold\">Display:<\/td>\n<td class=\"product--properties-value\">Bosch Purion<\/td>\n<\/tr>\n<tr class=\"product--properties-row row26\">\n<td class=\"product--properties-label is--bold\">Akku:<\/td>\n<td class=\"product--properties-value\">Bosch PowerTube 625Wh<\/td>\n<\/tr>\n<tr class=\"product--properties-row row27\">\n<td class=\"product--properties-label is--bold\">Ladeger\u00e4t:<\/td>\n<td class=\"product--properties-value\">Bosch Compact Charger 2A<\/td>\n<\/tr>\n<tr class=\"product--properties-row row28\">\n<td class=\"product--properties-label is--bold\">Motor:<\/td>\n<td class=\"product--properties-value\">Bosch Performance Line CX Gen4<\/td>\n<\/tr>\n<tr class=\"product--properties-row row29\">\n<td class=\"product--properties-label is--bold\">Pedale:<\/td>\n<td class=\"product--properties-value\">nicht im Lieferumfang enthalten<\/td>\n<\/tr>\n<tr class=\"product--properties-row row30\">\n<td class=\"product--properties-label is--bold\">Zul\u00e4ssiges Gesamtgewicht:<\/td>\n<td class=\"product--properties-value\">135 kg (K\u00f6rpergewicht + Fahrrad + Ausr\u00fcstung)<\/td>\n<\/tr>\n<tr class=\"product--properties-row row31\">\n<td class=\"product--properties-label is--bold\">Gewicht Komplettrad:<\/td>\n<td class=\"product--properties-value\">ab 23,90 kg<\/td>\n<\/tr>\n<\/tbody>\n<\/table>\n<\/div>\n<p>&nbsp;<\/p>","protected":false},"excerpt":{"rendered":"<p>Radon\u00a0Render 8.0 625 Schon das RENDER 8.0 hat eine Ausstattung, die jeden Trailbiker zufrieden stellt. Carbonrahmen, Bosch Performance CX Motor,<\/p>","protected":false},"featured_media":63464,"comment_status":"open","ping_status":"closed","template":"","meta":[],"product_brand":[],"product_cat":[33,247,35,475],"product_tag":[],"class_list":{"0":"post-44796","1":"product","2":"type-product","3":"status-publish","4":"has-post-thumbnail","6":"product_cat-e-bike","7":"product_cat-e-bike-trekking","8":"product_cat-e-bikes-2022","9":"product_cat-e-mountainbike","10":"pa_marke-radon","12":"first","13":"instock","14":"sale","15":"taxable","16":"shipping-taxable","17":"purchasable","18":"product-type-variable"},"yoast_head":"<!-- This site is optimized with the Yoast SEO Premium plugin v20.12 (Yoast SEO v27.1.1) - https:\/\/yoast.com\/product\/yoast-seo-premium-wordpress\/ -->\n<title>Radon Render 8.0 625<\/title>\n<meta name=\"description\" content=\"kgerad.de bietet Ihnen das Radon Render 8.0 625 zum besten Preis mit kostenlosem Versand in ganz EuropaRENDER 8.0RENDER 8.0\" \/>\n<meta name=\"robots\" content=\"index, follow, max-snippet:-1, max-image-preview:large, max-video-preview:-1\" \/>\n<link rel=\"canonical\" href=\"https:\/\/kgerad.de\/en\/product\/radon-render-8-0-625\/\" \/>\n<meta property=\"og:locale\" content=\"en_US\" \/>\n<meta property=\"og:type\" content=\"article\" \/>\n<meta property=\"og:title\" content=\"Radon Render 8.0 625\" \/>\n<meta property=\"og:description\" content=\"Entdecken Sie unseren Online-Fahrradladen: Gro\u00dfe Auswahl an Modellen f\u00fcr alle Radsportbegeisterten. Von Rennr\u00e4dern bis zu Mountainbikes - finden Sie heute Ihren perfekten Wegbegleiter!\" \/>\n<meta property=\"og:url\" content=\"https:\/\/kgerad.de\/en\/product\/radon-render-8-0-625\/\" \/>\n<meta property=\"og:site_name\" content=\"kgerad.de\" \/>\n<meta property=\"article:modified_time\" content=\"2023-08-10T23:40:33+00:00\" \/>\n<meta property=\"og:image\" content=\"https:\/\/kgerad.de\/wp-content\/uploads\/2023\/06\/h-s_website_vorlage_STAGE_2022_RENDER_8-0_800x800.jpg\" \/>\n\t<meta property=\"og:image:width\" content=\"800\" \/>\n\t<meta property=\"og:image:height\" content=\"440\" \/>\n\t<meta property=\"og:image:type\" content=\"image\/jpeg\" \/>\n<meta name=\"twitter:card\" content=\"summary_large_image\" \/>\n<meta name=\"twitter:label1\" content=\"Est. reading time\" \/>\n\t<meta name=\"twitter:data1\" content=\"5 minutes\" \/>\n<script type=\"application\/ld+json\" class=\"yoast-schema-graph\">{\"@context\":\"https:\/\/schema.org\",\"@graph\":[{\"@type\":\"WebPage\",\"@id\":\"https:\/\/kgerad.de\/produkt\/radon-render-8-0-625\/\",\"url\":\"https:\/\/kgerad.de\/produkt\/radon-render-8-0-625\/\",\"name\":\"Radon Render 8.0 625\",\"isPartOf\":{\"@id\":\"https:\/\/kgerad.de\/#website\"},\"primaryImageOfPage\":{\"@id\":\"https:\/\/kgerad.de\/produkt\/radon-render-8-0-625\/#primaryimage\"},\"image\":{\"@id\":\"https:\/\/kgerad.de\/produkt\/radon-render-8-0-625\/#primaryimage\"},\"thumbnailUrl\":\"https:\/\/kgerad.de\/wp-content\/uploads\/2023\/06\/h-s_website_vorlage_STAGE_2022_RENDER_8-0_800x800.jpg\",\"datePublished\":\"2022-11-25T20:27:38+00:00\",\"dateModified\":\"2023-08-10T23:40:33+00:00\",\"description\":\"kgerad.de bietet Ihnen das Radon Render 8.0 625 zum besten Preis mit kostenlosem Versand in ganz EuropaRENDER 8.0RENDER 8.0\",\"breadcrumb\":{\"@id\":\"https:\/\/kgerad.de\/produkt\/radon-render-8-0-625\/#breadcrumb\"},\"inLanguage\":\"en-US\",\"potentialAction\":[{\"@type\":\"ReadAction\",\"target\":[\"https:\/\/kgerad.de\/produkt\/radon-render-8-0-625\/\"]}]},{\"@type\":\"ImageObject\",\"inLanguage\":\"en-US\",\"@id\":\"https:\/\/kgerad.de\/produkt\/radon-render-8-0-625\/#primaryimage\",\"url\":\"https:\/\/kgerad.de\/wp-content\/uploads\/2023\/06\/h-s_website_vorlage_STAGE_2022_RENDER_8-0_800x800.jpg\",\"contentUrl\":\"https:\/\/kgerad.de\/wp-content\/uploads\/2023\/06\/h-s_website_vorlage_STAGE_2022_RENDER_8-0_800x800.jpg\",\"width\":800,\"height\":440,\"caption\":\"Radon Render 8.0 625\"},{\"@type\":\"BreadcrumbList\",\"@id\":\"https:\/\/kgerad.de\/produkt\/radon-render-8-0-625\/#breadcrumb\",\"itemListElement\":[{\"@type\":\"ListItem\",\"position\":1,\"name\":\"Startseite\",\"item\":\"https:\/\/kgerad.de\/\"},{\"@type\":\"ListItem\",\"position\":2,\"name\":\"LADEN\",\"item\":\"https:\/\/kgerad.de\/laden\/\"},{\"@type\":\"ListItem\",\"position\":3,\"name\":\"Radon Render 8.0 625\"}]},{\"@type\":\"WebSite\",\"@id\":\"https:\/\/kgerad.de\/#website\",\"url\":\"https:\/\/kgerad.de\/\",\"name\":\"kgerad.de\",\"description\":\"Treten Sie mit uns ins Abenteuer!\",\"publisher\":{\"@id\":\"https:\/\/kgerad.de\/#organization\"},\"alternateName\":\"MEIN RADLADEN\",\"potentialAction\":[{\"@type\":\"SearchAction\",\"target\":{\"@type\":\"EntryPoint\",\"urlTemplate\":\"https:\/\/kgerad.de\/?s={search_term_string}\"},\"query-input\":{\"@type\":\"PropertyValueSpecification\",\"valueRequired\":true,\"valueName\":\"search_term_string\"}}],\"inLanguage\":\"en-US\"},{\"@type\":\"Organization\",\"@id\":\"https:\/\/kgerad.de\/#organization\",\"name\":\"MEINRADLADEN\",\"alternateName\":\"MEIN RADLADEN\",\"url\":\"https:\/\/kgerad.de\/\",\"logo\":{\"@type\":\"ImageObject\",\"inLanguage\":\"en-US\",\"@id\":\"https:\/\/kgerad.de\/#\/schema\/logo\/image\/\",\"url\":\"https:\/\/kgerad.de\/wp-content\/uploads\/2025\/07\/logo-Whit.svg\",\"contentUrl\":\"https:\/\/kgerad.de\/wp-content\/uploads\/2025\/07\/logo-Whit.svg\",\"width\":1640,\"height\":371,\"caption\":\"MEINRADLADEN\"},\"image\":{\"@id\":\"https:\/\/kgerad.de\/#\/schema\/logo\/image\/\"}}]}<\/script>\n<!-- \/ Yoast SEO Premium plugin. -->","yoast_head_json":{"title":"Radon Render 8.0 625","description":"kgerad.de bietet Ihnen das Radon Render 8.0 625 zum besten Preis mit kostenlosem Versand in ganz EuropaRENDER 8.0RENDER 8.0","robots":{"index":"index","follow":"follow","max-snippet":"max-snippet:-1","max-image-preview":"max-image-preview:large","max-video-preview":"max-video-preview:-1"},"canonical":"https:\/\/kgerad.de\/en\/product\/radon-render-8-0-625\/","og_locale":"en_US","og_type":"article","og_title":"Radon Render 8.0 625","og_description":"Entdecken Sie unseren Online-Fahrradladen: Gro\u00dfe Auswahl an Modellen f\u00fcr alle Radsportbegeisterten. Von Rennr\u00e4dern bis zu Mountainbikes - finden Sie heute Ihren perfekten Wegbegleiter!","og_url":"https:\/\/kgerad.de\/en\/product\/radon-render-8-0-625\/","og_site_name":"kgerad.de","article_modified_time":"2023-08-10T23:40:33+00:00","og_image":[{"width":800,"height":440,"url":"https:\/\/kgerad.de\/wp-content\/uploads\/2023\/06\/h-s_website_vorlage_STAGE_2022_RENDER_8-0_800x800.jpg","type":"image\/jpeg"}],"twitter_card":"summary_large_image","twitter_misc":{"Est. reading time":"5 minutes"},"schema":{"@context":"https:\/\/schema.org","@graph":[{"@type":"WebPage","@id":"https:\/\/kgerad.de\/produkt\/radon-render-8-0-625\/","url":"https:\/\/kgerad.de\/produkt\/radon-render-8-0-625\/","name":"Radon Render 8.0 625","isPartOf":{"@id":"https:\/\/kgerad.de\/#website"},"primaryImageOfPage":{"@id":"https:\/\/kgerad.de\/produkt\/radon-render-8-0-625\/#primaryimage"},"image":{"@id":"https:\/\/kgerad.de\/produkt\/radon-render-8-0-625\/#primaryimage"},"thumbnailUrl":"https:\/\/kgerad.de\/wp-content\/uploads\/2023\/06\/h-s_website_vorlage_STAGE_2022_RENDER_8-0_800x800.jpg","datePublished":"2022-11-25T20:27:38+00:00","dateModified":"2023-08-10T23:40:33+00:00","description":"kgerad.de bietet Ihnen das Radon Render 8.0 625 zum besten Preis mit kostenlosem Versand in ganz EuropaRENDER 8.0RENDER 8.0","breadcrumb":{"@id":"https:\/\/kgerad.de\/produkt\/radon-render-8-0-625\/#breadcrumb"},"inLanguage":"en-US","potentialAction":[{"@type":"ReadAction","target":["https:\/\/kgerad.de\/produkt\/radon-render-8-0-625\/"]}]},{"@type":"ImageObject","inLanguage":"en-US","@id":"https:\/\/kgerad.de\/produkt\/radon-render-8-0-625\/#primaryimage","url":"https:\/\/kgerad.de\/wp-content\/uploads\/2023\/06\/h-s_website_vorlage_STAGE_2022_RENDER_8-0_800x800.jpg","contentUrl":"https:\/\/kgerad.de\/wp-content\/uploads\/2023\/06\/h-s_website_vorlage_STAGE_2022_RENDER_8-0_800x800.jpg","width":800,"height":440,"caption":"Radon Render 8.0 625"},{"@type":"BreadcrumbList","@id":"https:\/\/kgerad.de\/produkt\/radon-render-8-0-625\/#breadcrumb","itemListElement":[{"@type":"ListItem","position":1,"name":"Startseite","item":"https:\/\/kgerad.de\/"},{"@type":"ListItem","position":2,"name":"LADEN","item":"https:\/\/kgerad.de\/laden\/"},{"@type":"ListItem","position":3,"name":"Radon Render 8.0 625"}]},{"@type":"WebSite","@id":"https:\/\/kgerad.de\/#website","url":"https:\/\/kgerad.de\/","name":"kgerad.de","description":"Treten Sie mit uns ins Abenteuer!","publisher":{"@id":"https:\/\/kgerad.de\/#organization"},"alternateName":"MEIN RADLADEN","potentialAction":[{"@type":"SearchAction","target":{"@type":"EntryPoint","urlTemplate":"https:\/\/kgerad.de\/?s={search_term_string}"},"query-input":{"@type":"PropertyValueSpecification","valueRequired":true,"valueName":"search_term_string"}}],"inLanguage":"en-US"},{"@type":"Organization","@id":"https:\/\/kgerad.de\/#organization","name":"MEINRADLADEN","alternateName":"MEIN RADLADEN","url":"https:\/\/kgerad.de\/","logo":{"@type":"ImageObject","inLanguage":"en-US","@id":"https:\/\/kgerad.de\/#\/schema\/logo\/image\/","url":"https:\/\/kgerad.de\/wp-content\/uploads\/2025\/07\/logo-Whit.svg","contentUrl":"https:\/\/kgerad.de\/wp-content\/uploads\/2025\/07\/logo-Whit.svg","width":1640,"height":371,"caption":"MEINRADLADEN"},"image":{"@id":"https:\/\/kgerad.de\/#\/schema\/logo\/image\/"}}]}},"_links":{"self":[{"href":"https:\/\/kgerad.de\/en\/wp-json\/wp\/v2\/product\/44796","targetHints":{"allow":["GET"]}}],"collection":[{"href":"https:\/\/kgerad.de\/en\/wp-json\/wp\/v2\/product"}],"about":[{"href":"https:\/\/kgerad.de\/en\/wp-json\/wp\/v2\/types\/product"}],"replies":[{"embeddable":true,"href":"https:\/\/kgerad.de\/en\/wp-json\/wp\/v2\/comments?post=44796"}],"version-history":[{"count":1,"href":"https:\/\/kgerad.de\/en\/wp-json\/wp\/v2\/product\/44796\/revisions"}],"predecessor-version":[{"id":79064,"href":"https:\/\/kgerad.de\/en\/wp-json\/wp\/v2\/product\/44796\/revisions\/79064"}],"wp:featuredmedia":[{"embeddable":true,"href":"https:\/\/kgerad.de\/en\/wp-json\/wp\/v2\/media\/63464"}],"wp:attachment":[{"href":"https:\/\/kgerad.de\/en\/wp-json\/wp\/v2\/media?parent=44796"}],"wp:term":[{"taxonomy":"product_brand","embeddable":true,"href":"https:\/\/kgerad.de\/en\/wp-json\/wp\/v2\/product_brand?post=44796"},{"taxonomy":"product_cat","embeddable":true,"href":"https:\/\/kgerad.de\/en\/wp-json\/wp\/v2\/product_cat?post=44796"},{"taxonomy":"product_tag","embeddable":true,"href":"https:\/\/kgerad.de\/en\/wp-json\/wp\/v2\/product_tag?post=44796"}],"curies":[{"name":"wp","href":"https:\/\/api.w.org\/{rel}","templated":true}]}}