{"id":44700,"date":"2022-11-25T21:48:21","date_gmt":"2022-11-25T20:48:21","guid":{"rendered":"https:\/\/kgerad.de\/?post_type=product&#038;p=44700"},"modified":"2023-08-10T23:39:46","modified_gmt":"2023-08-10T21:39:46","slug":"dt-swiss-hx-1700-spline-29-35mm-cl-boost-laufradsatz","status":"publish","type":"product","link":"https:\/\/kgerad.de\/en\/product\/dt-swiss-hx-1700-spline-29-35mm-cl-boost-laufradsatz\/","title":{"rendered":"DT Swiss HX 1700 Spline 29&#8243; 35mm CL Boost Laufradsatz"},"content":{"rendered":"<div class=\"product--headername\">\n<h2 class=\"product--title\"><strong>DT Swiss<\/strong> HX 1700 Spline\u00ae 29&#8243; 35mm CL Boost Laufradsatz<\/h2>\n<\/div>\n<p>Zuverl\u00e4ssiger HX 1700 SPLINE Partner f\u00fcr anspruchsvolle eMTB-Touren dank spezifischer Komponenten mit bew\u00e4hrter Technologie von DT Swiss. eMTBs sind darauf ausgelegt, Berge schnell hinauf- und hinunterzufahren und Spass dabei zu haben. Der neue HX 1700 SPLINE High-End-Aluminium- Laufradsatz ist daf\u00fcr der ideale Partner. Aufbauend auf vielen Jahren Erfahrung in der Entwicklung von eMTB- Komponenten und gezielten Testverfahren hat DT Swiss diesen Radsatz \u00fcberarbeitet, sodass er den gestiegenen Anforderungen an modernes e- Mountain Biking gerecht <a href=\"http:\/\/1.1\">wird<\/a>.<\/p>\n<p>Die neu gestaltete 350-Nabe hat einen gr\u00f6sseren Nabenk\u00f6rper, der ein besseres Brems- und Antriebsdrehmoment erm\u00f6glicht und zu gr\u00f6sserer Robustheit f\u00fchrt. Die neue Nabe ist nun mit einer hochwertigen geschweissten Aluminiumfelge und verst\u00e4rkten Hybrid-Speichen kombiniert. Dieses Laufrad ist in zwei Maulweiten und in zwei Laufradgr\u00f6ssen erh\u00e4ltlich und damit f\u00fcr alle Fahrer geeignet, die das eMTB-Abenteuer ausweiten m\u00f6chten.<\/p>\n<hr \/>\n<h3>Produkteigenschaften &#8211; DT Swiss HX 1700 Spline<sup>\u00ae<\/sup>\u00a035<\/h3>\n<ul>\n<li><b>Einsatzbereich:<\/b>\u00a0E-MTB \/ All Mountain<\/li>\n<li><b>Modell:<\/b>\u00a0HX 1700 Spline<sup>\u00ae<\/sup><\/li>\n<li><b>Laufradgr\u00f6\u00dfe:<\/b>\u00a029&#8243;<\/li>\n<li><b>Laufraddurchmesser:<\/b>\u00a0622 mm<\/li>\n<li><b>Felgentyp:<\/b>\u00a0Clincher (Falt-\/Drahtreifen)<\/li>\n<li><b>Tubeless Ready:<\/b>\u00a0\u2714<\/li>\n<li><b>Maulweite:<\/b>\u00a035 mm<\/li>\n<li><b>\u00c4u\u00dfere Breite:<\/b>\u00a040 mm<\/li>\n<li><strong>Felgenh\u00f6he:<\/strong>\u00a021 mm<\/li>\n<li><b>Achssystem:<\/b>\n<ul>\n<li><strong>Vorderrad:<\/strong>\u00a0Boost 15 x 110 mm (Thru Axle)<\/li>\n<li><strong>Hinterrad:<\/strong>\u00a0Boost 12 x 148 mm (Thru Axle)<\/li>\n<\/ul>\n<\/li>\n<li><b>Nabentyp:<\/b>\u00a0350 Straightpull<\/li>\n<li><strong>Freilaufk\u00f6rper:<\/strong>\u00a0Ratchet System 24<\/li>\n<li><b>Felge:<\/b>\u00a0Aluminium, hooked<\/li>\n<li><b>Speichen:<\/b>\u00a0DT hybrid 1<\/li>\n<li><b>Nippel:<\/b>\u00a0DT ProLock Squorx ProHead<\/li>\n<li><b>Lochzahl\/Speichen:<\/b>\u00a028<\/li>\n<li><b>Einspeichung<\/b>: 3-cross (1:1)<\/li>\n<li><b>Ventilloch:<\/b>\u00a0Presta \/ SV \u00d8 6.5 mm<\/li>\n<li><b>Bremsscheibenaufnahme:<\/b>\u00a0Center Lock<\/li>\n<li><b>Maximalgewicht:<\/b>\u00a0150 kg (K\u00f6rpergewicht + Fahrrad + Ausr\u00fcstung)<\/li>\n<li><b>ASTM Klassifizierung:<\/b>\u00a04<\/li>\n<\/ul>\n<h3>Freilauf (Variante w\u00e4hlen)<\/h3>\n<ul>\n<li>Shimano Micro Spline<\/li>\n<li>Shimano<\/li>\n<li>Sram XD<\/li>\n<\/ul>\n<h3>Material<\/h3>\n<ul>\n<li><b>Felge:<\/b>\u00a0Aluminium<\/li>\n<li><b>Nabenk\u00f6rper:<\/b>\u00a0Aluminium<\/li>\n<li><b>Speichen:<\/b>\u00a0Edelstahl<\/li>\n<li><b>Nippel:<\/b>\u00a0Aluminium<\/li>\n<li><b>Freilauf:<\/b>\u00a0Aluminium<\/li>\n<\/ul>\n<h3>Farbe<\/h3>\n<ul>\n<li>schwarz<\/li>\n<\/ul>\n<h3>Gewicht (Herstellerangabe)<\/h3>\n<ul>\n<li><strong>Shimano Micro Spline<\/strong>\u00a0&#8211; 2262 g<\/li>\n<li><strong>Shimano<\/strong>\u00a0&#8211; 2279 g<\/li>\n<li><strong>Sram XD<\/strong>\u00a0&#8211; 2249 g<\/li>\n<\/ul>\n<hr \/>\n<h3>Lieferumfang<\/h3>\n<ul>\n<li>DT Swiss HX 1700 Spline 29&#8243; 35 mm CL Boost Laufradsatz<\/li>\n<li>2 x Tubeless Tapes 37 mm<\/li>\n<li>2 x Tubelessventile MTB 32 mm<\/li>\n<\/ul>\n<hr \/>\n<h3>Technologien<\/h3>\n<p><strong>NEU KONZIPIERTER NABENK\u00d6RPER<\/strong><br \/>\nAufgrund der Batterie und des Motors wiegen eMTBs gew\u00f6hnlich mehr als herk\u00f6mmliche MTBs derselben Kategorie. eMTBs werden nicht weniger hart gefahren \u2013 tats\u00e4chlich ist h\u00e4ufig das Gegenteil der Fall, da Touren l\u00e4nger sind und die Belastung der Komponenten zunimmt. Ausserdem ist das \u00fcbertragene Drehmoment des Motors h\u00f6her als bei herk\u00f6mmlichen MTBs. Der Nabenk\u00f6rper wurde f\u00fcr die neue Hybrid-Generation unter Ber\u00fccksichtigung dieser Punkte vollst\u00e4ndig neu konzipiert.<\/p>\n<p><strong>VERST\u00c4RKTE LAGER<\/strong><br \/>\nHochwertige Fahrradnaben enthalten gew\u00f6hnlich Rillenkugellager. Diese Lager wurden optimiert, sodass sie sich schnell drehen und Radialkr\u00e4fte absorbieren und gleichzeitig Axialkr\u00e4fte bis zu einem gewissen Umfang aufnehmen k\u00f6nnen. Wenn die auf die Kugellager oder die Lauffl\u00e4che einwirkenden Kr\u00e4fte zu gross werden, kommt es zu einem Verschleiss der Lager. Die grosse lokale Belastung kann Einkerbungen in der Lauffl\u00e4che hervorrufen, die dazu f\u00fchren, dass die Kugeln nicht mehr ruhig laufen. \u00dcberm\u00e4ssige Punktbelastungen k\u00f6nnen auch zu einem Abrieb der Lauffl\u00e4che f\u00fchren, der Spiel hervorrufen kann. Aufgrund der gr\u00f6sseren Belastungen eines eMTBs, sind auch Anpassungen der Kugellager erforderlich. Demzufolge haben Hybrid-Laufr\u00e4der der neuen Generation gr\u00f6ssere Kugellager als die Nabe des 240 EXP MTB. Die gr\u00f6sseren Kugellager verteilen die Belastung auf einen gr\u00f6sseren Bereich der Lauffl\u00e4che, sodass es zu weniger Verschleiss kommt.<\/p>\n<p><strong>Straightpull-Technologie<\/strong><br \/>\nStraightpull steht f\u00fcr gerade, ungekr\u00f6pfte Speichen. Dank dieser Technologie ist es m\u00f6glich, ein ideales Verh\u00e4ltnis zwischen Gewicht und Stabilit\u00e4t zu erreichen. Die Straightpull-Speichen erlauben eine sehr pr\u00e4zise Ausrichtung und optimierte Positionierung im Laufrad und sorgen damit f\u00fcr ein steiferes und reaktionsfreudigeres Laufrad.<\/p>","protected":false},"excerpt":{"rendered":"<p>DT Swiss HX 1700 Spline\u00ae 29&#8243; 35mm CL Boost Laufradsatz Zuverl\u00e4ssiger HX 1700 SPLINE Partner f\u00fcr anspruchsvolle eMTB-Touren dank spezifischer<\/p>","protected":false},"featured_media":63417,"comment_status":"open","ping_status":"closed","template":"","meta":[],"product_brand":[],"product_cat":[460,423],"product_tag":[],"class_list":{"0":"post-44700","1":"product","2":"type-product","3":"status-publish","4":"has-post-thumbnail","6":"product_cat-rennrad-teile","7":"product_cat-teile","9":"first","10":"instock","11":"sale","12":"taxable","13":"shipping-taxable","14":"purchasable","15":"product-type-simple"},"yoast_head":"<!-- This site is optimized with the Yoast SEO Premium plugin v20.12 (Yoast SEO v27.1.1) - https:\/\/yoast.com\/product\/yoast-seo-premium-wordpress\/ -->\n<title>DT Swiss HX 1700 Spline 29&quot; 35mm CL Boost Laufradsatz<\/title>\n<meta name=\"description\" content=\"Entdecken Sie unseren Online-Fahrradladen: Gro\u00dfe Auswahl an Modellen f\u00fcr alle Radsportbegeisterten. Von Rennr\u00e4dern bis zu Mountainbikes - finden Sie heute Ihren perfekten Wegbegleiter!\" \/>\n<meta name=\"robots\" content=\"index, follow, max-snippet:-1, max-image-preview:large, max-video-preview:-1\" \/>\n<link rel=\"canonical\" href=\"https:\/\/kgerad.de\/en\/product\/dt-swiss-hx-1700-spline-29-35mm-cl-boost-laufradsatz\/\" \/>\n<meta property=\"og:locale\" content=\"en_US\" \/>\n<meta property=\"og:type\" content=\"article\" \/>\n<meta property=\"og:title\" content=\"DT Swiss HX 1700 Spline 29&quot; 35mm CL Boost Laufradsatz\" \/>\n<meta property=\"og:description\" content=\"Entdecken Sie unseren Online-Fahrradladen: Gro\u00dfe Auswahl an Modellen f\u00fcr alle Radsportbegeisterten. Von Rennr\u00e4dern bis zu Mountainbikes - finden Sie heute Ihren perfekten Wegbegleiter!\" \/>\n<meta property=\"og:url\" content=\"https:\/\/kgerad.de\/en\/product\/dt-swiss-hx-1700-spline-29-35mm-cl-boost-laufradsatz\/\" \/>\n<meta property=\"og:site_name\" content=\"kgerad.de\" \/>\n<meta property=\"article:modified_time\" content=\"2023-08-10T21:39:46+00:00\" \/>\n<meta property=\"og:image\" content=\"https:\/\/kgerad.de\/wp-content\/uploads\/2023\/06\/DT-Swiss-HXC-1501-Spline-R-30qqegk14idaCFb_800x800.jpg\" \/>\n\t<meta property=\"og:image:width\" content=\"800\" \/>\n\t<meta property=\"og:image:height\" content=\"771\" \/>\n\t<meta property=\"og:image:type\" content=\"image\/jpeg\" \/>\n<meta name=\"twitter:card\" content=\"summary_large_image\" \/>\n<meta name=\"twitter:label1\" content=\"Est. reading time\" \/>\n\t<meta name=\"twitter:data1\" content=\"4 minutes\" \/>\n<script type=\"application\/ld+json\" class=\"yoast-schema-graph\">{\"@context\":\"https:\/\/schema.org\",\"@graph\":[{\"@type\":\"WebPage\",\"@id\":\"https:\/\/kgerad.de\/produkt\/dt-swiss-hx-1700-spline-29-35mm-cl-boost-laufradsatz\/\",\"url\":\"https:\/\/kgerad.de\/produkt\/dt-swiss-hx-1700-spline-29-35mm-cl-boost-laufradsatz\/\",\"name\":\"DT Swiss HX 1700 Spline 29\\\" 35mm CL Boost Laufradsatz\",\"isPartOf\":{\"@id\":\"https:\/\/kgerad.de\/#website\"},\"primaryImageOfPage\":{\"@id\":\"https:\/\/kgerad.de\/produkt\/dt-swiss-hx-1700-spline-29-35mm-cl-boost-laufradsatz\/#primaryimage\"},\"image\":{\"@id\":\"https:\/\/kgerad.de\/produkt\/dt-swiss-hx-1700-spline-29-35mm-cl-boost-laufradsatz\/#primaryimage\"},\"thumbnailUrl\":\"https:\/\/kgerad.de\/wp-content\/uploads\/2023\/06\/DT-Swiss-HXC-1501-Spline-R-30qqegk14idaCFb_800x800.jpg\",\"datePublished\":\"2022-11-25T20:48:21+00:00\",\"dateModified\":\"2023-08-10T21:39:46+00:00\",\"description\":\"Entdecken Sie unseren Online-Fahrradladen: Gro\u00dfe Auswahl an Modellen f\u00fcr alle Radsportbegeisterten. Von Rennr\u00e4dern bis zu Mountainbikes - finden Sie heute Ihren perfekten Wegbegleiter!\",\"breadcrumb\":{\"@id\":\"https:\/\/kgerad.de\/produkt\/dt-swiss-hx-1700-spline-29-35mm-cl-boost-laufradsatz\/#breadcrumb\"},\"inLanguage\":\"en-US\",\"potentialAction\":[{\"@type\":\"ReadAction\",\"target\":[\"https:\/\/kgerad.de\/produkt\/dt-swiss-hx-1700-spline-29-35mm-cl-boost-laufradsatz\/\"]}]},{\"@type\":\"ImageObject\",\"inLanguage\":\"en-US\",\"@id\":\"https:\/\/kgerad.de\/produkt\/dt-swiss-hx-1700-spline-29-35mm-cl-boost-laufradsatz\/#primaryimage\",\"url\":\"https:\/\/kgerad.de\/wp-content\/uploads\/2023\/06\/DT-Swiss-HXC-1501-Spline-R-30qqegk14idaCFb_800x800.jpg\",\"contentUrl\":\"https:\/\/kgerad.de\/wp-content\/uploads\/2023\/06\/DT-Swiss-HXC-1501-Spline-R-30qqegk14idaCFb_800x800.jpg\",\"width\":800,\"height\":771,\"caption\":\"DT Swiss HX 1700 Spline\u00ae 29 35mm CL Boost Laufradsatz\"},{\"@type\":\"BreadcrumbList\",\"@id\":\"https:\/\/kgerad.de\/produkt\/dt-swiss-hx-1700-spline-29-35mm-cl-boost-laufradsatz\/#breadcrumb\",\"itemListElement\":[{\"@type\":\"ListItem\",\"position\":1,\"name\":\"Startseite\",\"item\":\"https:\/\/kgerad.de\/\"},{\"@type\":\"ListItem\",\"position\":2,\"name\":\"LADEN\",\"item\":\"https:\/\/kgerad.de\/laden\/\"},{\"@type\":\"ListItem\",\"position\":3,\"name\":\"DT Swiss HX 1700 Spline 29&#8243; 35mm CL Boost Laufradsatz\"}]},{\"@type\":\"WebSite\",\"@id\":\"https:\/\/kgerad.de\/#website\",\"url\":\"https:\/\/kgerad.de\/\",\"name\":\"kgerad.de\",\"description\":\"Treten Sie mit uns ins Abenteuer!\",\"publisher\":{\"@id\":\"https:\/\/kgerad.de\/#organization\"},\"alternateName\":\"MEIN RADLADEN\",\"potentialAction\":[{\"@type\":\"SearchAction\",\"target\":{\"@type\":\"EntryPoint\",\"urlTemplate\":\"https:\/\/kgerad.de\/?s={search_term_string}\"},\"query-input\":{\"@type\":\"PropertyValueSpecification\",\"valueRequired\":true,\"valueName\":\"search_term_string\"}}],\"inLanguage\":\"en-US\"},{\"@type\":\"Organization\",\"@id\":\"https:\/\/kgerad.de\/#organization\",\"name\":\"MEINRADLADEN\",\"alternateName\":\"MEIN RADLADEN\",\"url\":\"https:\/\/kgerad.de\/\",\"logo\":{\"@type\":\"ImageObject\",\"inLanguage\":\"en-US\",\"@id\":\"https:\/\/kgerad.de\/#\/schema\/logo\/image\/\",\"url\":\"https:\/\/kgerad.de\/wp-content\/uploads\/2025\/07\/logo-Whit.svg\",\"contentUrl\":\"https:\/\/kgerad.de\/wp-content\/uploads\/2025\/07\/logo-Whit.svg\",\"width\":1640,\"height\":371,\"caption\":\"MEINRADLADEN\"},\"image\":{\"@id\":\"https:\/\/kgerad.de\/#\/schema\/logo\/image\/\"}}]}<\/script>\n<!-- \/ Yoast SEO Premium plugin. -->","yoast_head_json":{"title":"DT Swiss HX 1700 Spline 29\" 35mm CL Boost Laufradsatz","description":"Entdecken Sie unseren Online-Fahrradladen: Gro\u00dfe Auswahl an Modellen f\u00fcr alle Radsportbegeisterten. Von Rennr\u00e4dern bis zu Mountainbikes - finden Sie heute Ihren perfekten Wegbegleiter!","robots":{"index":"index","follow":"follow","max-snippet":"max-snippet:-1","max-image-preview":"max-image-preview:large","max-video-preview":"max-video-preview:-1"},"canonical":"https:\/\/kgerad.de\/en\/product\/dt-swiss-hx-1700-spline-29-35mm-cl-boost-laufradsatz\/","og_locale":"en_US","og_type":"article","og_title":"DT Swiss HX 1700 Spline 29\" 35mm CL Boost Laufradsatz","og_description":"Entdecken Sie unseren Online-Fahrradladen: Gro\u00dfe Auswahl an Modellen f\u00fcr alle Radsportbegeisterten. Von Rennr\u00e4dern bis zu Mountainbikes - finden Sie heute Ihren perfekten Wegbegleiter!","og_url":"https:\/\/kgerad.de\/en\/product\/dt-swiss-hx-1700-spline-29-35mm-cl-boost-laufradsatz\/","og_site_name":"kgerad.de","article_modified_time":"2023-08-10T21:39:46+00:00","og_image":[{"width":800,"height":771,"url":"https:\/\/kgerad.de\/wp-content\/uploads\/2023\/06\/DT-Swiss-HXC-1501-Spline-R-30qqegk14idaCFb_800x800.jpg","type":"image\/jpeg"}],"twitter_card":"summary_large_image","twitter_misc":{"Est. reading time":"4 minutes"},"schema":{"@context":"https:\/\/schema.org","@graph":[{"@type":"WebPage","@id":"https:\/\/kgerad.de\/produkt\/dt-swiss-hx-1700-spline-29-35mm-cl-boost-laufradsatz\/","url":"https:\/\/kgerad.de\/produkt\/dt-swiss-hx-1700-spline-29-35mm-cl-boost-laufradsatz\/","name":"DT Swiss HX 1700 Spline 29\" 35mm CL Boost Laufradsatz","isPartOf":{"@id":"https:\/\/kgerad.de\/#website"},"primaryImageOfPage":{"@id":"https:\/\/kgerad.de\/produkt\/dt-swiss-hx-1700-spline-29-35mm-cl-boost-laufradsatz\/#primaryimage"},"image":{"@id":"https:\/\/kgerad.de\/produkt\/dt-swiss-hx-1700-spline-29-35mm-cl-boost-laufradsatz\/#primaryimage"},"thumbnailUrl":"https:\/\/kgerad.de\/wp-content\/uploads\/2023\/06\/DT-Swiss-HXC-1501-Spline-R-30qqegk14idaCFb_800x800.jpg","datePublished":"2022-11-25T20:48:21+00:00","dateModified":"2023-08-10T21:39:46+00:00","description":"Entdecken Sie unseren Online-Fahrradladen: Gro\u00dfe Auswahl an Modellen f\u00fcr alle Radsportbegeisterten. Von Rennr\u00e4dern bis zu Mountainbikes - finden Sie heute Ihren perfekten Wegbegleiter!","breadcrumb":{"@id":"https:\/\/kgerad.de\/produkt\/dt-swiss-hx-1700-spline-29-35mm-cl-boost-laufradsatz\/#breadcrumb"},"inLanguage":"en-US","potentialAction":[{"@type":"ReadAction","target":["https:\/\/kgerad.de\/produkt\/dt-swiss-hx-1700-spline-29-35mm-cl-boost-laufradsatz\/"]}]},{"@type":"ImageObject","inLanguage":"en-US","@id":"https:\/\/kgerad.de\/produkt\/dt-swiss-hx-1700-spline-29-35mm-cl-boost-laufradsatz\/#primaryimage","url":"https:\/\/kgerad.de\/wp-content\/uploads\/2023\/06\/DT-Swiss-HXC-1501-Spline-R-30qqegk14idaCFb_800x800.jpg","contentUrl":"https:\/\/kgerad.de\/wp-content\/uploads\/2023\/06\/DT-Swiss-HXC-1501-Spline-R-30qqegk14idaCFb_800x800.jpg","width":800,"height":771,"caption":"DT Swiss HX 1700 Spline\u00ae 29 35mm CL Boost Laufradsatz"},{"@type":"BreadcrumbList","@id":"https:\/\/kgerad.de\/produkt\/dt-swiss-hx-1700-spline-29-35mm-cl-boost-laufradsatz\/#breadcrumb","itemListElement":[{"@type":"ListItem","position":1,"name":"Startseite","item":"https:\/\/kgerad.de\/"},{"@type":"ListItem","position":2,"name":"LADEN","item":"https:\/\/kgerad.de\/laden\/"},{"@type":"ListItem","position":3,"name":"DT Swiss HX 1700 Spline 29&#8243; 35mm CL Boost Laufradsatz"}]},{"@type":"WebSite","@id":"https:\/\/kgerad.de\/#website","url":"https:\/\/kgerad.de\/","name":"kgerad.de","description":"Treten Sie mit uns ins Abenteuer!","publisher":{"@id":"https:\/\/kgerad.de\/#organization"},"alternateName":"MEIN RADLADEN","potentialAction":[{"@type":"SearchAction","target":{"@type":"EntryPoint","urlTemplate":"https:\/\/kgerad.de\/?s={search_term_string}"},"query-input":{"@type":"PropertyValueSpecification","valueRequired":true,"valueName":"search_term_string"}}],"inLanguage":"en-US"},{"@type":"Organization","@id":"https:\/\/kgerad.de\/#organization","name":"MEINRADLADEN","alternateName":"MEIN RADLADEN","url":"https:\/\/kgerad.de\/","logo":{"@type":"ImageObject","inLanguage":"en-US","@id":"https:\/\/kgerad.de\/#\/schema\/logo\/image\/","url":"https:\/\/kgerad.de\/wp-content\/uploads\/2025\/07\/logo-Whit.svg","contentUrl":"https:\/\/kgerad.de\/wp-content\/uploads\/2025\/07\/logo-Whit.svg","width":1640,"height":371,"caption":"MEINRADLADEN"},"image":{"@id":"https:\/\/kgerad.de\/#\/schema\/logo\/image\/"}}]}},"_links":{"self":[{"href":"https:\/\/kgerad.de\/en\/wp-json\/wp\/v2\/product\/44700","targetHints":{"allow":["GET"]}}],"collection":[{"href":"https:\/\/kgerad.de\/en\/wp-json\/wp\/v2\/product"}],"about":[{"href":"https:\/\/kgerad.de\/en\/wp-json\/wp\/v2\/types\/product"}],"replies":[{"embeddable":true,"href":"https:\/\/kgerad.de\/en\/wp-json\/wp\/v2\/comments?post=44700"}],"version-history":[{"count":1,"href":"https:\/\/kgerad.de\/en\/wp-json\/wp\/v2\/product\/44700\/revisions"}],"predecessor-version":[{"id":79057,"href":"https:\/\/kgerad.de\/en\/wp-json\/wp\/v2\/product\/44700\/revisions\/79057"}],"wp:featuredmedia":[{"embeddable":true,"href":"https:\/\/kgerad.de\/en\/wp-json\/wp\/v2\/media\/63417"}],"wp:attachment":[{"href":"https:\/\/kgerad.de\/en\/wp-json\/wp\/v2\/media?parent=44700"}],"wp:term":[{"taxonomy":"product_brand","embeddable":true,"href":"https:\/\/kgerad.de\/en\/wp-json\/wp\/v2\/product_brand?post=44700"},{"taxonomy":"product_cat","embeddable":true,"href":"https:\/\/kgerad.de\/en\/wp-json\/wp\/v2\/product_cat?post=44700"},{"taxonomy":"product_tag","embeddable":true,"href":"https:\/\/kgerad.de\/en\/wp-json\/wp\/v2\/product_tag?post=44700"}],"curies":[{"name":"wp","href":"https:\/\/api.w.org\/{rel}","templated":true}]}}