{"id":44626,"date":"2022-11-25T20:12:21","date_gmt":"2022-11-25T19:12:21","guid":{"rendered":"https:\/\/kgerad.de\/?post_type=product&#038;p=44626"},"modified":"2023-08-11T07:51:59","modified_gmt":"2023-08-11T05:51:59","slug":"radon-jealous-hybrid-9-0-625","status":"publish","type":"product","link":"https:\/\/kgerad.de\/en\/product\/radon-jealous-hybrid-9-0-625\/","title":{"rendered":"Radon Jealous Hybrid 9.0 625"},"content":{"rendered":"<h2 class=\"product--title\"><strong>Radon<\/strong>\u00a0Jealous Hybrid 9.0 625<\/h2>\n<p>Der Topseller JEALOUS HYBRID 9.0 kommt in seiner zweiten Saison ausstattungstark daher wie bisher und wurde nur in Nuancen \u00fcberarbeitet.<\/p>\n<hr \/>\n<h3>Die Highlights des Jealous Hybrid 9.0 625<\/h3>\n<p>Der formsch\u00f6ne, aufwendig hydrogeformte Rahmen beherbergt das Herzst\u00fcck des Bikes, den Bosch Performance CX Antrieb mit seinen b\u00e4renstarken 85 Nm Drehmoment, der Dir in jeder Trail- und Lebenslage gen\u00fcgend Kraft liefert. Angetrieben wird er vom 625 Wh umfassenden Powertube Akku, der mit seiner gro\u00dfen Kapazit\u00e4t epische Touren erm\u00f6glicht und sich auch noch formsch\u00f6n im Unterrohr versteckt. An der Front federt und d\u00e4mpft eine Rock Shox 35 Silver TK Air Gabel grobe und feine St\u00f6\u00dfe gleicherma\u00dfen vom Untergrund weg, erlaubt Dir mit ihren 35mm starken Standrohren sowie 120mm Federweg pr\u00e4zise Kontrolle \u00fcber Dein JEALOUS und spendet viel Fahrkomfort.<\/p>\n<p>Eine SRAM NX Eagle Schaltung mit 12 G\u00e4ngen stellt Dir jederzeit die richtige \u00dcbersetzung zur Verf\u00fcgung, mit der gro\u00dfen 11-50 Z\u00e4hne umfassenden Kassette bist Du auch f\u00fcr die steilsten Anstiege vorbereitet. Im schnellen Downhill kommt Dir dann die starke Magura MT Trail Custom Bremsanlage mit ihren vier Kolben vorne zugute, sie l\u00e4sst Dich jederzeit kraftvoll und dosiert verz\u00f6gern. Dabei helfen auch die griffigen Schwalbe Nobby Nic Pneus, die gleichzeitig gute Rollwerte haben und bei Bedarf im Trail Biss zeigen. In technisch schwierigen und steilen Passgen kannst Du easy vom Lenker aus die Radon Dropper Post absenken, um mehr Bewegungsfreiheit zu haben. Rock den Trail mit Deinem JEALOUS HYBRID 9.0.<\/p>\n<hr \/>\n<h3>Die Jealous Hybrid Familie<\/h3>\n<p>Unser JEALOUS HYBRID geht frisch aktualisiert in seine zweite Saison. Nichts ge\u00e4ndert hat sich an den hard facts, die auch letztes Jahr schon galten: der in modernster Hydroforming-Technik entstandene Aluminiumrahmen nimmt formsch\u00f6n den 625Wh gro\u00dfen Powertube-Akku in seinem Unterrohr auf. Dieser h\u00e4lt die Energie bereit f\u00fcr den st\u00e4rksten Bosch Motor aller Zeiten, den Performance CX mit seinen 85 Nm Drehmoment und maximalen 340% Unterst\u00fctzung. Die sportliche Geometrie macht das JEALOUS HYBRID zu einem echten Trailbike, aber auch gem\u00fctliche Touren beherrscht es easy. Unterst\u00fctzt wird das feine Chassis von hochwertigsten Komponenten von der Federgabel bis hin zu den Reifen und das \u00fcber alle Modelle.<\/p>\n<hr \/>\n<p>&nbsp;<\/p>\n<p><iframe src=\"https:\/\/www.youtube-nocookie.com\/embed\/oBPFhqhzsGM\" width=\"640\" height=\"360\" frameborder=\"0\" allowfullscreen=\"allowfullscreen\" data-mce-fragment=\"1\"><\/iframe><\/p>\n<h2>Ausstattung<\/h2>\n<div class=\"product--properties panel has--border\">\n<table class=\"product--properties-table\">\n<tbody>\n<tr class=\"product--properties-row row1\">\n<td class=\"product--properties-label is--bold\">Rahmen:<\/td>\n<td class=\"product--properties-value\">JEALOUS AL HYBRID, Maximale Reifenbreite: 2.6&#8243;, Powertube Akku 625 Wh horizontal<\/td>\n<\/tr>\n<tr class=\"product--properties-row row2\">\n<td class=\"product--properties-label is--bold\">Rahmenmaterial:<\/td>\n<td class=\"product--properties-value\">Aluminium<\/td>\n<\/tr>\n<tr class=\"product--properties-row row3\">\n<td class=\"product--properties-label is--bold\">Laufradgr\u00f6\u00dfe:<\/td>\n<td class=\"product--properties-value\">29&#8243;<\/td>\n<\/tr>\n<tr class=\"product--properties-row row4\">\n<td class=\"product--properties-label is--bold\">Farbe:<\/td>\n<td class=\"product--properties-value\">black \/ warmsilver<\/td>\n<\/tr>\n<tr class=\"product--properties-row row5\">\n<td class=\"product--properties-label is--bold\">Gabel:<\/td>\n<td class=\"product--properties-value\">RockShox 35 Silver TK, Air, Boost<\/td>\n<\/tr>\n<tr class=\"product--properties-row row6\">\n<td class=\"product--properties-label is--bold\">Federweg:<\/td>\n<td class=\"product--properties-value\">120mm<\/td>\n<\/tr>\n<tr class=\"product--properties-row row7\">\n<td class=\"product--properties-label is--bold\">Bremsen:<\/td>\n<td class=\"product--properties-value\">Magura MT Trail Custom<\/td>\n<\/tr>\n<tr class=\"product--properties-row row8\">\n<td class=\"product--properties-label is--bold\">Bremsscheiben:<\/td>\n<td class=\"product--properties-value\">Magura Storm, 203\/180mm, center-lock<\/td>\n<\/tr>\n<tr class=\"product--properties-row row9\">\n<td class=\"product--properties-label is--bold\">Steuersatz:<\/td>\n<td class=\"product--properties-value\">Acros Block-Lock, ZS56\/ZS56<\/td>\n<\/tr>\n<tr class=\"product--properties-row row10\">\n<td class=\"product--properties-label is--bold\">Vorbau:<\/td>\n<td class=\"product--properties-value\">LEVELNINE Race, \u00d831.8mm (16&#8243;: 60mm, 18&#8243;: 75mm, 20&#8243;: 75mm, 22&#8243;: 90mm)<\/td>\n<\/tr>\n<tr class=\"product--properties-row row11\">\n<td class=\"product--properties-label is--bold\">Lenker:<\/td>\n<td class=\"product--properties-value\">LEVELNINE Race, 31.8 x 740mm, 15mm rise<\/td>\n<\/tr>\n<tr class=\"product--properties-row row12\">\n<td class=\"product--properties-label is--bold\">Griffe:<\/td>\n<td class=\"product--properties-value\">ACID React Pro<\/td>\n<\/tr>\n<tr class=\"product--properties-row row13\">\n<td class=\"product--properties-label is--bold\">Sattel:<\/td>\n<td class=\"product--properties-value\">Natural Fit Venec<\/td>\n<\/tr>\n<tr class=\"product--properties-row row14\">\n<td class=\"product--properties-label is--bold\">Sattelst\u00fctze:<\/td>\n<td class=\"product--properties-value\">Radon Dropper, \u00d830.9mm (16&#8243;: 130mm Hub, 18&#8243;: 130mm Hub, 20&#8243;: 130mm Hub, 22&#8243;: 130mm Hub)<\/td>\n<\/tr>\n<tr class=\"product--properties-row row15\">\n<td class=\"product--properties-label is--bold\">Kurbel:<\/td>\n<td class=\"product--properties-value\">Acid E-crank, 175mm, SRAM X-SYNC 2 chainring, 38T<\/td>\n<\/tr>\n<\/tbody>\n<\/table>\n<table class=\"product--properties-table\">\n<tbody>\n<tr class=\"product--properties-row row16\">\n<td class=\"product--properties-label is--bold\">Schaltwerk:<\/td>\n<td class=\"product--properties-value\">SRAM NX Eagle, 12-speed<\/td>\n<\/tr>\n<tr class=\"product--properties-row row17\">\n<td class=\"product--properties-label is--bold\">Schalthebel:<\/td>\n<td class=\"product--properties-value\">SRAM NX Eagle, Shiftmix, Single-Click<\/td>\n<\/tr>\n<tr class=\"product--properties-row row18\">\n<td class=\"product--properties-label is--bold\">Kettenf\u00fchrung:<\/td>\n<td class=\"product--properties-value\">E*thirteen E*Spec Plus<\/td>\n<\/tr>\n<tr class=\"product--properties-row row19\">\n<td class=\"product--properties-label is--bold\">Kassette:<\/td>\n<td class=\"product--properties-value\">SRAM PG-1210 Eagle, 11-50<\/td>\n<\/tr>\n<tr class=\"product--properties-row row20\">\n<td class=\"product--properties-label is--bold\">Kette:<\/td>\n<td class=\"product--properties-value\">Sram SX Eagle<\/td>\n<\/tr>\n<tr class=\"product--properties-row row21\">\n<td class=\"product--properties-label is--bold\">Reifen:<\/td>\n<td class=\"product--properties-value\">Schwalbe Nobby Nic, Addix Performance Line, wired, 29&#8243; x 2.6&#8243;<\/td>\n<\/tr>\n<tr class=\"product--properties-row row22\">\n<td class=\"product--properties-label is--bold\">Nabe Vorderrad:<\/td>\n<td class=\"product--properties-value\">Shimano Altus HB-MT400-B, 110mm<\/td>\n<\/tr>\n<tr class=\"product--properties-row row23\">\n<td class=\"product--properties-label is--bold\">Nabe Hinterrad:<\/td>\n<td class=\"product--properties-value\">Shimano Altus FH-MT400-B, 148mm<\/td>\n<\/tr>\n<tr class=\"product--properties-row row24\">\n<td class=\"product--properties-label is--bold\">Speichen:<\/td>\n<td class=\"product--properties-value\">DT Swiss Factory<\/td>\n<\/tr>\n<tr class=\"product--properties-row row25\">\n<td class=\"product--properties-label is--bold\">Felgen:<\/td>\n<td class=\"product--properties-value\">Alexrims MD30<\/td>\n<\/tr>\n<tr class=\"product--properties-row row26\">\n<td class=\"product--properties-label is--bold\">Display:<\/td>\n<td class=\"product--properties-value\">Bosch Kiox<\/td>\n<\/tr>\n<tr class=\"product--properties-row row27\">\n<td class=\"product--properties-label is--bold\">Akku:<\/td>\n<td class=\"product--properties-value\">Bosch PowerTube 625Wh<\/td>\n<\/tr>\n<tr class=\"product--properties-row row28\">\n<td class=\"product--properties-label is--bold\">Ladeger\u00e4t:<\/td>\n<td class=\"product--properties-value\">Bosch Compact Charger 2A<\/td>\n<\/tr>\n<tr class=\"product--properties-row row29\">\n<td class=\"product--properties-label is--bold\">Motor:<\/td>\n<td class=\"product--properties-value\">Bosch Performance Line CX<\/td>\n<\/tr>\n<tr class=\"product--properties-row row30\">\n<td class=\"product--properties-label is--bold\">Pedale:<\/td>\n<td class=\"product--properties-value\">nicht im Lieferumfang enthalten<\/td>\n<\/tr>\n<tr class=\"product--properties-row row31\">\n<td class=\"product--properties-label is--bold\">Zul\u00e4ssiges Gesamtgewicht:<\/td>\n<td class=\"product--properties-value\">135 kg (K\u00f6rpergewicht + Fahrrad + Ausr\u00fcstung)<\/td>\n<\/tr>\n<tr class=\"product--properties-row row32\">\n<td class=\"product--properties-label is--bold\">Gewicht Komplettrad:<\/td>\n<td class=\"product--properties-value\">ab 22,90 kg<\/td>\n<\/tr>\n<\/tbody>\n<\/table>\n<\/div>","protected":false},"excerpt":{"rendered":"<p>Radon\u00a0Jealous Hybrid 9.0 625 Der Topseller JEALOUS HYBRID 9.0 kommt in seiner zweiten Saison ausstattungstark daher wie bisher und wurde<\/p>","protected":false},"featured_media":63386,"comment_status":"open","ping_status":"closed","template":"","meta":[],"product_brand":[],"product_cat":[33,35,475],"product_tag":[],"class_list":{"0":"post-44626","1":"product","2":"type-product","3":"status-publish","4":"has-post-thumbnail","6":"product_cat-e-bike","7":"product_cat-e-bikes-2022","8":"product_cat-e-mountainbike","9":"pa_marke-radon","11":"first","12":"instock","13":"sale","14":"taxable","15":"shipping-taxable","16":"purchasable","17":"product-type-variable"},"yoast_head":"<!-- This site is optimized with the Yoast SEO Premium plugin v20.12 (Yoast SEO v27.1.1) - https:\/\/yoast.com\/product\/yoast-seo-premium-wordpress\/ -->\n<title>Radon Jealous Hybrid 9.0 625<\/title>\n<meta name=\"description\" content=\"kgerad.de bietet Ihnen das Radon Jealous Hybrid 9.0 625 zum besten Preis mit kostenlosem Versand in ganz EuropaJEALOUS HYBRID 9.0JEALOUS HYBRID 9.0\" \/>\n<meta name=\"robots\" content=\"index, follow, max-snippet:-1, max-image-preview:large, max-video-preview:-1\" \/>\n<link rel=\"canonical\" href=\"https:\/\/kgerad.de\/en\/product\/radon-jealous-hybrid-9-0-625\/\" \/>\n<meta property=\"og:locale\" content=\"en_US\" \/>\n<meta property=\"og:type\" content=\"article\" \/>\n<meta property=\"og:title\" content=\"Radon Jealous Hybrid 9.0 625\" \/>\n<meta property=\"og:description\" content=\"Entdecken Sie unseren Online-Fahrradladen: Gro\u00dfe Auswahl an Modellen f\u00fcr alle Radsportbegeisterten. Von Rennr\u00e4dern bis zu Mountainbikes - finden Sie heute Ihren perfekten Wegbegleiter!\" \/>\n<meta property=\"og:url\" content=\"https:\/\/kgerad.de\/en\/product\/radon-jealous-hybrid-9-0-625\/\" \/>\n<meta property=\"og:site_name\" content=\"kgerad.de\" \/>\n<meta property=\"article:modified_time\" content=\"2023-08-11T05:51:59+00:00\" \/>\n<meta property=\"og:image\" content=\"https:\/\/kgerad.de\/wp-content\/uploads\/2023\/06\/h-s_website_vorlage_STAGE_2022_JEALOUS__HYBRID_CX625_9-0.jpg\" \/>\n\t<meta property=\"og:image:width\" content=\"1000\" \/>\n\t<meta property=\"og:image:height\" content=\"561\" \/>\n\t<meta property=\"og:image:type\" content=\"image\/jpeg\" \/>\n<meta name=\"twitter:card\" content=\"summary_large_image\" \/>\n<meta name=\"twitter:label1\" content=\"Est. reading time\" \/>\n\t<meta name=\"twitter:data1\" content=\"3 minutes\" \/>\n<script type=\"application\/ld+json\" class=\"yoast-schema-graph\">{\"@context\":\"https:\/\/schema.org\",\"@graph\":[{\"@type\":\"WebPage\",\"@id\":\"https:\/\/kgerad.de\/produkt\/radon-jealous-hybrid-9-0-625\/\",\"url\":\"https:\/\/kgerad.de\/produkt\/radon-jealous-hybrid-9-0-625\/\",\"name\":\"Radon Jealous Hybrid 9.0 625\",\"isPartOf\":{\"@id\":\"https:\/\/kgerad.de\/#website\"},\"primaryImageOfPage\":{\"@id\":\"https:\/\/kgerad.de\/produkt\/radon-jealous-hybrid-9-0-625\/#primaryimage\"},\"image\":{\"@id\":\"https:\/\/kgerad.de\/produkt\/radon-jealous-hybrid-9-0-625\/#primaryimage\"},\"thumbnailUrl\":\"https:\/\/kgerad.de\/wp-content\/uploads\/2023\/06\/h-s_website_vorlage_STAGE_2022_JEALOUS__HYBRID_CX625_9-0.jpg\",\"datePublished\":\"2022-11-25T19:12:21+00:00\",\"dateModified\":\"2023-08-11T05:51:59+00:00\",\"description\":\"kgerad.de bietet Ihnen das Radon Jealous Hybrid 9.0 625 zum besten Preis mit kostenlosem Versand in ganz EuropaJEALOUS HYBRID 9.0JEALOUS HYBRID 9.0\",\"breadcrumb\":{\"@id\":\"https:\/\/kgerad.de\/produkt\/radon-jealous-hybrid-9-0-625\/#breadcrumb\"},\"inLanguage\":\"en-US\",\"potentialAction\":[{\"@type\":\"ReadAction\",\"target\":[\"https:\/\/kgerad.de\/produkt\/radon-jealous-hybrid-9-0-625\/\"]}]},{\"@type\":\"ImageObject\",\"inLanguage\":\"en-US\",\"@id\":\"https:\/\/kgerad.de\/produkt\/radon-jealous-hybrid-9-0-625\/#primaryimage\",\"url\":\"https:\/\/kgerad.de\/wp-content\/uploads\/2023\/06\/h-s_website_vorlage_STAGE_2022_JEALOUS__HYBRID_CX625_9-0.jpg\",\"contentUrl\":\"https:\/\/kgerad.de\/wp-content\/uploads\/2023\/06\/h-s_website_vorlage_STAGE_2022_JEALOUS__HYBRID_CX625_9-0.jpg\",\"width\":1000,\"height\":561,\"caption\":\"Radon Jealous Hybrid 9.0 625\"},{\"@type\":\"BreadcrumbList\",\"@id\":\"https:\/\/kgerad.de\/produkt\/radon-jealous-hybrid-9-0-625\/#breadcrumb\",\"itemListElement\":[{\"@type\":\"ListItem\",\"position\":1,\"name\":\"Startseite\",\"item\":\"https:\/\/kgerad.de\/\"},{\"@type\":\"ListItem\",\"position\":2,\"name\":\"LADEN\",\"item\":\"https:\/\/kgerad.de\/laden\/\"},{\"@type\":\"ListItem\",\"position\":3,\"name\":\"Radon Jealous Hybrid 9.0 625\"}]},{\"@type\":\"WebSite\",\"@id\":\"https:\/\/kgerad.de\/#website\",\"url\":\"https:\/\/kgerad.de\/\",\"name\":\"kgerad.de\",\"description\":\"Treten Sie mit uns ins Abenteuer!\",\"publisher\":{\"@id\":\"https:\/\/kgerad.de\/#organization\"},\"alternateName\":\"MEIN RADLADEN\",\"potentialAction\":[{\"@type\":\"SearchAction\",\"target\":{\"@type\":\"EntryPoint\",\"urlTemplate\":\"https:\/\/kgerad.de\/?s={search_term_string}\"},\"query-input\":{\"@type\":\"PropertyValueSpecification\",\"valueRequired\":true,\"valueName\":\"search_term_string\"}}],\"inLanguage\":\"en-US\"},{\"@type\":\"Organization\",\"@id\":\"https:\/\/kgerad.de\/#organization\",\"name\":\"MEINRADLADEN\",\"alternateName\":\"MEIN RADLADEN\",\"url\":\"https:\/\/kgerad.de\/\",\"logo\":{\"@type\":\"ImageObject\",\"inLanguage\":\"en-US\",\"@id\":\"https:\/\/kgerad.de\/#\/schema\/logo\/image\/\",\"url\":\"https:\/\/kgerad.de\/wp-content\/uploads\/2025\/07\/logo-Whit.svg\",\"contentUrl\":\"https:\/\/kgerad.de\/wp-content\/uploads\/2025\/07\/logo-Whit.svg\",\"width\":1640,\"height\":371,\"caption\":\"MEINRADLADEN\"},\"image\":{\"@id\":\"https:\/\/kgerad.de\/#\/schema\/logo\/image\/\"}}]}<\/script>\n<!-- \/ Yoast SEO Premium plugin. -->","yoast_head_json":{"title":"Radon Jealous Hybrid 9.0 625","description":"kgerad.de bietet Ihnen das Radon Jealous Hybrid 9.0 625 zum besten Preis mit kostenlosem Versand in ganz EuropaJEALOUS HYBRID 9.0JEALOUS HYBRID 9.0","robots":{"index":"index","follow":"follow","max-snippet":"max-snippet:-1","max-image-preview":"max-image-preview:large","max-video-preview":"max-video-preview:-1"},"canonical":"https:\/\/kgerad.de\/en\/product\/radon-jealous-hybrid-9-0-625\/","og_locale":"en_US","og_type":"article","og_title":"Radon Jealous Hybrid 9.0 625","og_description":"Entdecken Sie unseren Online-Fahrradladen: Gro\u00dfe Auswahl an Modellen f\u00fcr alle Radsportbegeisterten. Von Rennr\u00e4dern bis zu Mountainbikes - finden Sie heute Ihren perfekten Wegbegleiter!","og_url":"https:\/\/kgerad.de\/en\/product\/radon-jealous-hybrid-9-0-625\/","og_site_name":"kgerad.de","article_modified_time":"2023-08-11T05:51:59+00:00","og_image":[{"width":1000,"height":561,"url":"https:\/\/kgerad.de\/wp-content\/uploads\/2023\/06\/h-s_website_vorlage_STAGE_2022_JEALOUS__HYBRID_CX625_9-0.jpg","type":"image\/jpeg"}],"twitter_card":"summary_large_image","twitter_misc":{"Est. reading time":"3 minutes"},"schema":{"@context":"https:\/\/schema.org","@graph":[{"@type":"WebPage","@id":"https:\/\/kgerad.de\/produkt\/radon-jealous-hybrid-9-0-625\/","url":"https:\/\/kgerad.de\/produkt\/radon-jealous-hybrid-9-0-625\/","name":"Radon Jealous Hybrid 9.0 625","isPartOf":{"@id":"https:\/\/kgerad.de\/#website"},"primaryImageOfPage":{"@id":"https:\/\/kgerad.de\/produkt\/radon-jealous-hybrid-9-0-625\/#primaryimage"},"image":{"@id":"https:\/\/kgerad.de\/produkt\/radon-jealous-hybrid-9-0-625\/#primaryimage"},"thumbnailUrl":"https:\/\/kgerad.de\/wp-content\/uploads\/2023\/06\/h-s_website_vorlage_STAGE_2022_JEALOUS__HYBRID_CX625_9-0.jpg","datePublished":"2022-11-25T19:12:21+00:00","dateModified":"2023-08-11T05:51:59+00:00","description":"kgerad.de bietet Ihnen das Radon Jealous Hybrid 9.0 625 zum besten Preis mit kostenlosem Versand in ganz EuropaJEALOUS HYBRID 9.0JEALOUS HYBRID 9.0","breadcrumb":{"@id":"https:\/\/kgerad.de\/produkt\/radon-jealous-hybrid-9-0-625\/#breadcrumb"},"inLanguage":"en-US","potentialAction":[{"@type":"ReadAction","target":["https:\/\/kgerad.de\/produkt\/radon-jealous-hybrid-9-0-625\/"]}]},{"@type":"ImageObject","inLanguage":"en-US","@id":"https:\/\/kgerad.de\/produkt\/radon-jealous-hybrid-9-0-625\/#primaryimage","url":"https:\/\/kgerad.de\/wp-content\/uploads\/2023\/06\/h-s_website_vorlage_STAGE_2022_JEALOUS__HYBRID_CX625_9-0.jpg","contentUrl":"https:\/\/kgerad.de\/wp-content\/uploads\/2023\/06\/h-s_website_vorlage_STAGE_2022_JEALOUS__HYBRID_CX625_9-0.jpg","width":1000,"height":561,"caption":"Radon Jealous Hybrid 9.0 625"},{"@type":"BreadcrumbList","@id":"https:\/\/kgerad.de\/produkt\/radon-jealous-hybrid-9-0-625\/#breadcrumb","itemListElement":[{"@type":"ListItem","position":1,"name":"Startseite","item":"https:\/\/kgerad.de\/"},{"@type":"ListItem","position":2,"name":"LADEN","item":"https:\/\/kgerad.de\/laden\/"},{"@type":"ListItem","position":3,"name":"Radon Jealous Hybrid 9.0 625"}]},{"@type":"WebSite","@id":"https:\/\/kgerad.de\/#website","url":"https:\/\/kgerad.de\/","name":"kgerad.de","description":"Treten Sie mit uns ins Abenteuer!","publisher":{"@id":"https:\/\/kgerad.de\/#organization"},"alternateName":"MEIN RADLADEN","potentialAction":[{"@type":"SearchAction","target":{"@type":"EntryPoint","urlTemplate":"https:\/\/kgerad.de\/?s={search_term_string}"},"query-input":{"@type":"PropertyValueSpecification","valueRequired":true,"valueName":"search_term_string"}}],"inLanguage":"en-US"},{"@type":"Organization","@id":"https:\/\/kgerad.de\/#organization","name":"MEINRADLADEN","alternateName":"MEIN RADLADEN","url":"https:\/\/kgerad.de\/","logo":{"@type":"ImageObject","inLanguage":"en-US","@id":"https:\/\/kgerad.de\/#\/schema\/logo\/image\/","url":"https:\/\/kgerad.de\/wp-content\/uploads\/2025\/07\/logo-Whit.svg","contentUrl":"https:\/\/kgerad.de\/wp-content\/uploads\/2025\/07\/logo-Whit.svg","width":1640,"height":371,"caption":"MEINRADLADEN"},"image":{"@id":"https:\/\/kgerad.de\/#\/schema\/logo\/image\/"}}]}},"_links":{"self":[{"href":"https:\/\/kgerad.de\/en\/wp-json\/wp\/v2\/product\/44626","targetHints":{"allow":["GET"]}}],"collection":[{"href":"https:\/\/kgerad.de\/en\/wp-json\/wp\/v2\/product"}],"about":[{"href":"https:\/\/kgerad.de\/en\/wp-json\/wp\/v2\/types\/product"}],"replies":[{"embeddable":true,"href":"https:\/\/kgerad.de\/en\/wp-json\/wp\/v2\/comments?post=44626"}],"version-history":[{"count":1,"href":"https:\/\/kgerad.de\/en\/wp-json\/wp\/v2\/product\/44626\/revisions"}],"predecessor-version":[{"id":79068,"href":"https:\/\/kgerad.de\/en\/wp-json\/wp\/v2\/product\/44626\/revisions\/79068"}],"wp:featuredmedia":[{"embeddable":true,"href":"https:\/\/kgerad.de\/en\/wp-json\/wp\/v2\/media\/63386"}],"wp:attachment":[{"href":"https:\/\/kgerad.de\/en\/wp-json\/wp\/v2\/media?parent=44626"}],"wp:term":[{"taxonomy":"product_brand","embeddable":true,"href":"https:\/\/kgerad.de\/en\/wp-json\/wp\/v2\/product_brand?post=44626"},{"taxonomy":"product_cat","embeddable":true,"href":"https:\/\/kgerad.de\/en\/wp-json\/wp\/v2\/product_cat?post=44626"},{"taxonomy":"product_tag","embeddable":true,"href":"https:\/\/kgerad.de\/en\/wp-json\/wp\/v2\/product_tag?post=44626"}],"curies":[{"name":"wp","href":"https:\/\/api.w.org\/{rel}","templated":true}]}}